{"id":105436,"date":"2019-06-04T13:44:43","date_gmt":"2019-06-04T13:44:43","guid":{"rendered":"https:\/\/kihlberg.com\/?post_type=product&#038;p=105436"},"modified":"2019-11-25T07:39:34","modified_gmt":"2019-11-25T07:39:34","slug":"128211","status":"publish","type":"product","link":"https:\/\/kihlberg.com\/de\/akku-werkzeug\/128211\/","title":{"rendered":"Akku-Deckelhefter a.560B22CL"},"content":{"rendered":"","protected":false},"excerpt":{"rendered":"<p><strong>Kreuzlaser<\/strong><\/p>\n<p>Der a.560B22CL ist ergonomisch, einfach und wirtschaftlich in der Anwendung. Die Geschwindigkeit, die das Ger\u00e4t mit seinem b\u00fcrstenlosen Motor erreicht, bringt das Verschliessen von Kartons auf ein neues Niveau. Das Ger\u00e4t wurde anwendergerecht konzipiert; es ist leicht, hat einen ergonomischen Griff, verursacht einen minimalen R\u00fcckstoss und arbeitet ger\u00e4uscharm. Sicherheitsverriegelung, Kartonerkennung, Ausl\u00f6sefingererkennung und Sicherheitsfunktionen f\u00fcr die Wartung sind der Ausdruck des umfassenden Sicherheitskonzepts des a.560B22CL.<\/p>\n<p>Mit dem Deckelhefter kann sich der Anwender v\u00f6llig frei bewegen und die hochwertige Lithium-Ionen-Akkutechnologie erm\u00f6glicht bis zu 8000 Heftklammersch\u00fcsse mit einer Ladung. Der kabellose Deckelhefter ist mit seinem Digitaldisplay, den LED-Statusanzeigen und dem Kreuzlaser \u00e4usserst intuitiv und einfach in der Anwendung. Der Anwender hat jederzeit die volle Kontrolle \u00fcber den Heftvorgang. Er verf\u00fcgt \u00fcber drei Betriebsarten: manuell, halbautomatisch und automatisch, je nachdem, welche Art von Verpackung verschlossen werden soll. <\/p>\n","protected":false},"featured_media":107129,"template":"","meta":{"_acf_changed":false,"_genesis_hide_title":false,"_genesis_hide_breadcrumbs":false,"_genesis_hide_singular_image":false,"_genesis_hide_footer_widgets":false,"_genesis_custom_body_class":"","_genesis_custom_post_class":"","_genesis_layout":""},"product_brand":[],"product_cat":[2811,3049],"class_list":{"0":"post-105436","1":"product","2":"type-product","3":"status-publish","4":"has-post-thumbnail","6":"product_cat-akku-werkzeug","7":"product_cat-kreuzlaser","8":"pa_staple-leg-length-22-mm-7-8-in-de","9":"entry","11":"first","12":"instock","13":"taxable","14":"shipping-taxable","15":"purchasable","16":"product-type-simple"},"acf":[],"yoast_head":"<!-- This site is optimized with the Yoast SEO plugin v26.1.1 - https:\/\/yoast.com\/wordpress\/plugins\/seo\/ -->\n<title>Akku-Deckelhefter a.560B22CL &#8226; Josef kihlberg<\/title>\n<meta name=\"description\" content=\"Der Karton-Deckelhefter. 6000 Heftklammern pro Akkuladung. Der a.560B22CL ist ergonomisch, wirtschaftlich und einfach zu bedienen. Erfahren Sie mehr!\" \/>\n<meta name=\"robots\" content=\"index, follow, max-snippet:-1, max-image-preview:large, max-video-preview:-1\" \/>\n<link rel=\"canonical\" href=\"https:\/\/kihlberg.com\/de\/akku-werkzeug\/128211\/\" \/>\n<meta property=\"og:locale\" content=\"de_DE\" \/>\n<meta property=\"og:type\" content=\"article\" \/>\n<meta property=\"og:title\" content=\"Akku-Deckelhefter a.560B22CL &#8226; Josef kihlberg\" \/>\n<meta property=\"og:description\" content=\"Der Karton-Deckelhefter. 6000 Heftklammern pro Akkuladung. Der a.560B22CL ist ergonomisch, wirtschaftlich und einfach zu bedienen. Erfahren Sie mehr!\" \/>\n<meta property=\"og:url\" content=\"https:\/\/kihlberg.com\/de\/akku-werkzeug\/128211\/\" \/>\n<meta property=\"og:site_name\" content=\"Josef kihlberg\" \/>\n<meta property=\"article:modified_time\" content=\"2019-11-25T07:39:34+00:00\" \/>\n<meta property=\"og:image\" content=\"https:\/\/kihlberg.com\/wp-content\/uploads\/2019\/06\/cordless-carton-closer-top-stapler-cross-laser-c561B-a560B.png\" \/>\n\t<meta property=\"og:image:width\" content=\"750\" \/>\n\t<meta property=\"og:image:height\" content=\"750\" \/>\n\t<meta property=\"og:image:type\" content=\"image\/png\" \/>\n<meta name=\"twitter:card\" content=\"summary_large_image\" \/>\n<meta name=\"twitter:label1\" content=\"Preis\" \/>\n\t<meta name=\"twitter:data1\" content=\"&euro;1 595\" \/>\n\t<meta name=\"twitter:label2\" content=\"Verf\u00fcgbarkeit\" \/>\n\t<meta name=\"twitter:data2\" content=\"Auf Lager\" \/>\n<script type=\"application\/ld+json\" class=\"yoast-schema-graph\">{\"@context\":\"https:\/\/schema.org\",\"@graph\":[{\"@type\":\"WebPage\",\"@id\":\"https:\/\/kihlberg.com\/de\/akku-werkzeug\/128211\/\",\"url\":\"https:\/\/kihlberg.com\/de\/akku-werkzeug\/128211\/\",\"name\":\"Akku-Deckelhefter a.560B22CL &#8226; Josef kihlberg\",\"isPartOf\":{\"@id\":\"https:\/\/kihlberg.com\/de\/#website\"},\"primaryImageOfPage\":{\"@id\":\"https:\/\/kihlberg.com\/de\/akku-werkzeug\/128211\/#primaryimage\"},\"image\":{\"@id\":\"https:\/\/kihlberg.com\/de\/akku-werkzeug\/128211\/#primaryimage\"},\"thumbnailUrl\":\"https:\/\/kihlberg.com\/wp-content\/uploads\/2019\/06\/cordless-carton-closer-top-stapler-cross-laser-c561B-a560B.png\",\"datePublished\":\"2019-06-04T13:44:43+00:00\",\"dateModified\":\"2019-11-25T07:39:34+00:00\",\"description\":\"Der Karton-Deckelhefter. 6000 Heftklammern pro Akkuladung. Der a.560B22CL ist ergonomisch, wirtschaftlich und einfach zu bedienen. Erfahren Sie mehr!\",\"breadcrumb\":{\"@id\":\"https:\/\/kihlberg.com\/de\/akku-werkzeug\/128211\/#breadcrumb\"},\"inLanguage\":\"de-DE\",\"potentialAction\":[{\"@type\":\"ReadAction\",\"target\":[\"https:\/\/kihlberg.com\/de\/akku-werkzeug\/128211\/\"]}]},{\"@type\":\"ImageObject\",\"inLanguage\":\"de-DE\",\"@id\":\"https:\/\/kihlberg.com\/de\/akku-werkzeug\/128211\/#primaryimage\",\"url\":\"https:\/\/kihlberg.com\/wp-content\/uploads\/2019\/06\/cordless-carton-closer-top-stapler-cross-laser-c561B-a560B.png\",\"contentUrl\":\"https:\/\/kihlberg.com\/wp-content\/uploads\/2019\/06\/cordless-carton-closer-top-stapler-cross-laser-c561B-a560B.png\",\"width\":750,\"height\":750,\"caption\":\"cordless carton closer top stapler cross laser\"},{\"@type\":\"BreadcrumbList\",\"@id\":\"https:\/\/kihlberg.com\/de\/akku-werkzeug\/128211\/#breadcrumb\",\"itemListElement\":[{\"@type\":\"ListItem\",\"position\":1,\"name\":\"Home\",\"item\":\"https:\/\/kihlberg.com\/de\/\"},{\"@type\":\"ListItem\",\"position\":2,\"name\":\"Shop\",\"item\":\"https:\/\/kihlberg.com\/shop\/\"},{\"@type\":\"ListItem\",\"position\":3,\"name\":\"Akku-werkzeug\",\"item\":\"https:\/\/kihlberg.com\/de\/akku-werkzeug\/\"},{\"@type\":\"ListItem\",\"position\":4,\"name\":\"Akku-Deckelhefter a.560B22CL\"}]},{\"@type\":\"WebSite\",\"@id\":\"https:\/\/kihlberg.com\/de\/#website\",\"url\":\"https:\/\/kihlberg.com\/de\/\",\"name\":\"Josef kihlberg\",\"description\":\"Made in Sweden. System manufacturer of premium staples &amp; tools that sets the standard. Legendary.\",\"publisher\":{\"@id\":\"https:\/\/kihlberg.com\/de\/#organization\"},\"potentialAction\":[{\"@type\":\"SearchAction\",\"target\":{\"@type\":\"EntryPoint\",\"urlTemplate\":\"https:\/\/kihlberg.com\/de\/?s={search_term_string}\"},\"query-input\":{\"@type\":\"PropertyValueSpecification\",\"valueRequired\":true,\"valueName\":\"search_term_string\"}}],\"inLanguage\":\"de-DE\"},{\"@type\":\"Organization\",\"@id\":\"https:\/\/kihlberg.com\/de\/#organization\",\"name\":\"Josef Kihlberg\",\"url\":\"https:\/\/kihlberg.com\/de\/\",\"logo\":{\"@type\":\"ImageObject\",\"inLanguage\":\"de-DE\",\"@id\":\"https:\/\/kihlberg.com\/de\/#\/schema\/logo\/image\/\",\"url\":\"https:\/\/kihlberg.com\/wp-content\/uploads\/2019\/01\/logo.jpg\",\"contentUrl\":\"https:\/\/kihlberg.com\/wp-content\/uploads\/2019\/01\/logo.jpg\",\"width\":850,\"height\":850,\"caption\":\"Josef Kihlberg\"},\"image\":{\"@id\":\"https:\/\/kihlberg.com\/de\/#\/schema\/logo\/image\/\"}}]}<\/script>\n<meta property=\"product:price:amount\" content=\"1595\" \/>\n<meta property=\"product:price:currency\" content=\"EUR\" \/>\n<meta property=\"og:availability\" content=\"instock\" \/>\n<meta property=\"product:availability\" content=\"instock\" \/>\n<meta property=\"product:retailer_item_id\" content=\"128211\" \/>\n<meta property=\"product:condition\" content=\"new\" \/>\n<!-- \/ Yoast SEO plugin. -->","yoast_head_json":{"title":"Akku-Deckelhefter a.560B22CL &#8226; Josef kihlberg","description":"Der Karton-Deckelhefter. 6000 Heftklammern pro Akkuladung. Der a.560B22CL ist ergonomisch, wirtschaftlich und einfach zu bedienen. Erfahren Sie mehr!","robots":{"index":"index","follow":"follow","max-snippet":"max-snippet:-1","max-image-preview":"max-image-preview:large","max-video-preview":"max-video-preview:-1"},"canonical":"https:\/\/kihlberg.com\/de\/akku-werkzeug\/128211\/","og_locale":"de_DE","og_type":"article","og_title":"Akku-Deckelhefter a.560B22CL &#8226; Josef kihlberg","og_description":"Der Karton-Deckelhefter. 6000 Heftklammern pro Akkuladung. Der a.560B22CL ist ergonomisch, wirtschaftlich und einfach zu bedienen. Erfahren Sie mehr!","og_url":"https:\/\/kihlberg.com\/de\/akku-werkzeug\/128211\/","og_site_name":"Josef kihlberg","article_modified_time":"2019-11-25T07:39:34+00:00","og_image":[{"width":750,"height":750,"url":"https:\/\/kihlberg.com\/wp-content\/uploads\/2019\/06\/cordless-carton-closer-top-stapler-cross-laser-c561B-a560B.png","type":"image\/png"}],"twitter_card":"summary_large_image","twitter_misc":{"Preis":"&euro;1 595","Verf\u00fcgbarkeit":"Auf Lager"},"schema":{"@context":"https:\/\/schema.org","@graph":[{"@type":"WebPage","@id":"https:\/\/kihlberg.com\/de\/akku-werkzeug\/128211\/","url":"https:\/\/kihlberg.com\/de\/akku-werkzeug\/128211\/","name":"Akku-Deckelhefter a.560B22CL &#8226; Josef kihlberg","isPartOf":{"@id":"https:\/\/kihlberg.com\/de\/#website"},"primaryImageOfPage":{"@id":"https:\/\/kihlberg.com\/de\/akku-werkzeug\/128211\/#primaryimage"},"image":{"@id":"https:\/\/kihlberg.com\/de\/akku-werkzeug\/128211\/#primaryimage"},"thumbnailUrl":"https:\/\/kihlberg.com\/wp-content\/uploads\/2019\/06\/cordless-carton-closer-top-stapler-cross-laser-c561B-a560B.png","datePublished":"2019-06-04T13:44:43+00:00","dateModified":"2019-11-25T07:39:34+00:00","description":"Der Karton-Deckelhefter. 6000 Heftklammern pro Akkuladung. Der a.560B22CL ist ergonomisch, wirtschaftlich und einfach zu bedienen. Erfahren Sie mehr!","breadcrumb":{"@id":"https:\/\/kihlberg.com\/de\/akku-werkzeug\/128211\/#breadcrumb"},"inLanguage":"de-DE","potentialAction":[{"@type":"ReadAction","target":["https:\/\/kihlberg.com\/de\/akku-werkzeug\/128211\/"]}]},{"@type":"ImageObject","inLanguage":"de-DE","@id":"https:\/\/kihlberg.com\/de\/akku-werkzeug\/128211\/#primaryimage","url":"https:\/\/kihlberg.com\/wp-content\/uploads\/2019\/06\/cordless-carton-closer-top-stapler-cross-laser-c561B-a560B.png","contentUrl":"https:\/\/kihlberg.com\/wp-content\/uploads\/2019\/06\/cordless-carton-closer-top-stapler-cross-laser-c561B-a560B.png","width":750,"height":750,"caption":"cordless carton closer top stapler cross laser"},{"@type":"BreadcrumbList","@id":"https:\/\/kihlberg.com\/de\/akku-werkzeug\/128211\/#breadcrumb","itemListElement":[{"@type":"ListItem","position":1,"name":"Home","item":"https:\/\/kihlberg.com\/de\/"},{"@type":"ListItem","position":2,"name":"Shop","item":"https:\/\/kihlberg.com\/shop\/"},{"@type":"ListItem","position":3,"name":"Akku-werkzeug","item":"https:\/\/kihlberg.com\/de\/akku-werkzeug\/"},{"@type":"ListItem","position":4,"name":"Akku-Deckelhefter a.560B22CL"}]},{"@type":"WebSite","@id":"https:\/\/kihlberg.com\/de\/#website","url":"https:\/\/kihlberg.com\/de\/","name":"Josef kihlberg","description":"Made in Sweden. System manufacturer of premium staples &amp; tools that sets the standard. Legendary.","publisher":{"@id":"https:\/\/kihlberg.com\/de\/#organization"},"potentialAction":[{"@type":"SearchAction","target":{"@type":"EntryPoint","urlTemplate":"https:\/\/kihlberg.com\/de\/?s={search_term_string}"},"query-input":{"@type":"PropertyValueSpecification","valueRequired":true,"valueName":"search_term_string"}}],"inLanguage":"de-DE"},{"@type":"Organization","@id":"https:\/\/kihlberg.com\/de\/#organization","name":"Josef Kihlberg","url":"https:\/\/kihlberg.com\/de\/","logo":{"@type":"ImageObject","inLanguage":"de-DE","@id":"https:\/\/kihlberg.com\/de\/#\/schema\/logo\/image\/","url":"https:\/\/kihlberg.com\/wp-content\/uploads\/2019\/01\/logo.jpg","contentUrl":"https:\/\/kihlberg.com\/wp-content\/uploads\/2019\/01\/logo.jpg","width":850,"height":850,"caption":"Josef Kihlberg"},"image":{"@id":"https:\/\/kihlberg.com\/de\/#\/schema\/logo\/image\/"}}]},"product_price_amount":"1595","product_price_currency":"EUR","og_availability":"instock","product_availability":"instock","product_retailer_item_id":"128211","product_condition":"new"},"_links":{"self":[{"href":"https:\/\/kihlberg.com\/de\/wp-json\/wp\/v2\/product\/105436","targetHints":{"allow":["GET"]}}],"collection":[{"href":"https:\/\/kihlberg.com\/de\/wp-json\/wp\/v2\/product"}],"about":[{"href":"https:\/\/kihlberg.com\/de\/wp-json\/wp\/v2\/types\/product"}],"wp:featuredmedia":[{"embeddable":true,"href":"https:\/\/kihlberg.com\/de\/wp-json\/wp\/v2\/media\/107129"}],"wp:attachment":[{"href":"https:\/\/kihlberg.com\/de\/wp-json\/wp\/v2\/media?parent=105436"}],"wp:term":[{"taxonomy":"product_brand","embeddable":true,"href":"https:\/\/kihlberg.com\/de\/wp-json\/wp\/v2\/product_brand?post=105436"},{"taxonomy":"product_cat","embeddable":true,"href":"https:\/\/kihlberg.com\/de\/wp-json\/wp\/v2\/product_cat?post=105436"}],"curies":[{"name":"wp","href":"https:\/\/api.w.org\/{rel}","templated":true}]}}