{"id":97930,"date":"2018-09-21T10:34:43","date_gmt":"2018-09-21T10:34:43","guid":{"rendered":"https:\/\/kihlberg.com\/product\/126311\/"},"modified":"2022-05-31T22:21:12","modified_gmt":"2022-05-31T20:21:12","slug":"126311","status":"publish","type":"product","link":"https:\/\/kihlberg.com\/de\/gerate\/verpackungen\/126311\/","title":{"rendered":"Hefter JK35-590"},"content":{"rendered":"","protected":false},"excerpt":{"rendered":"<p>Unser professioneller, in Schweden hergestellter, pneumatischer Hefter JK35-590 ist der ideale Hefter zum Sichern von Wellpappverpackungen oder f\u00fcr den Kantenschutz an Holz, z. B. an Paletten, Rahmen und anderen Verpackungen. Der JK35-590 ist ein schnelles, langlebiges und stabiles Werkzeug mit gutem Ausgleich und geringem Gewicht. Die Breitschaft-Klammer JK590 bietet ein hohes Ma\u00df an Festigkeit. Der JK35-590 zusammen mit dem Hefter JK35T590 mit JK590-Klammern bietet Ihnen eine kosteng\u00fcnstige Komplettl\u00f6sung.<\/p>\n","protected":false},"featured_media":97931,"template":"","meta":{"_acf_changed":false,"_genesis_hide_title":false,"_genesis_hide_breadcrumbs":false,"_genesis_hide_singular_image":false,"_genesis_hide_footer_widgets":false,"_genesis_custom_body_class":"","_genesis_custom_post_class":"","_genesis_layout":""},"product_brand":[],"product_cat":[1941,1949,1954],"class_list":{"0":"post-97930","1":"product","2":"type-product","3":"status-publish","4":"has-post-thumbnail","6":"product_cat-gerate","7":"product_cat-transportverpackungen","8":"product_cat-verpackungen","9":"pa_leg-length-335-de","10":"pa_lubrication-ja-de","11":"pa_magazine-capacity-100-de","12":"pa_max-pressure-7-de","13":"pa_nose-length-2-de","14":"pa_staple-leg-length-16-32-mm-5-8-1-1-4-in-de-2","15":"entry","17":"first","18":"instock","19":"taxable","20":"shipping-taxable","21":"purchasable","22":"product-type-simple"},"acf":[],"yoast_head":"<!-- This site is optimized with the Yoast SEO plugin v26.1.1 - https:\/\/yoast.com\/wordpress\/plugins\/seo\/ -->\n<title>Stapler JK35-590<\/title>\n<meta name=\"robots\" content=\"index, follow, max-snippet:-1, max-image-preview:large, max-video-preview:-1\" \/>\n<link rel=\"canonical\" href=\"https:\/\/kihlberg.com\/de\/gerate\/verpackungen\/126311\/\" \/>\n<meta property=\"og:locale\" content=\"de_DE\" \/>\n<meta property=\"og:type\" content=\"article\" \/>\n<meta property=\"og:title\" content=\"Stapler JK35-590\" \/>\n<meta property=\"og:description\" content=\"Unser professioneller, in Schweden hergestellter, pneumatischer Hefter JK35-590 ist der ideale Hefter zum Sichern von Wellpappverpackungen oder f\u00fcr den Kantenschutz an Holz, z. B. an Paletten, Rahmen und anderen Verpackungen. Der JK35-590 ist ein schnelles, langlebiges und stabiles Werkzeug mit gutem Ausgleich und geringem Gewicht. Die Breitschaft-Klammer JK590 bietet ein hohes Ma\u00df an Festigkeit. Der JK35-590 zusammen mit dem Hefter JK35T590 mit JK590-Klammern bietet Ihnen eine kosteng\u00fcnstige Komplettl\u00f6sung.\" \/>\n<meta property=\"og:url\" content=\"https:\/\/kihlberg.com\/de\/gerate\/verpackungen\/126311\/\" \/>\n<meta property=\"og:site_name\" content=\"Josef kihlberg\" \/>\n<meta property=\"article:modified_time\" content=\"2022-05-31T20:21:12+00:00\" \/>\n<meta property=\"og:image\" content=\"https:\/\/kihlberg.com\/wp-content\/uploads\/2018\/08\/126311.png\" \/>\n\t<meta property=\"og:image:width\" content=\"720\" \/>\n\t<meta property=\"og:image:height\" content=\"720\" \/>\n\t<meta property=\"og:image:type\" content=\"image\/png\" \/>\n<meta name=\"twitter:card\" content=\"summary_large_image\" \/>\n<meta name=\"twitter:label1\" content=\"Preis\" \/>\n\t<meta name=\"twitter:data1\" content=\"&euro;969\" \/>\n\t<meta name=\"twitter:label2\" content=\"Verf\u00fcgbarkeit\" \/>\n\t<meta name=\"twitter:data2\" content=\"Auf Lager\" \/>\n<script type=\"application\/ld+json\" class=\"yoast-schema-graph\">{\"@context\":\"https:\/\/schema.org\",\"@graph\":[{\"@type\":\"WebPage\",\"@id\":\"https:\/\/kihlberg.com\/de\/gerate\/verpackungen\/126311\/\",\"url\":\"https:\/\/kihlberg.com\/de\/gerate\/verpackungen\/126311\/\",\"name\":\"Stapler JK35-590\",\"isPartOf\":{\"@id\":\"https:\/\/kihlberg.com\/de\/#website\"},\"primaryImageOfPage\":{\"@id\":\"https:\/\/kihlberg.com\/de\/gerate\/verpackungen\/126311\/#primaryimage\"},\"image\":{\"@id\":\"https:\/\/kihlberg.com\/de\/gerate\/verpackungen\/126311\/#primaryimage\"},\"thumbnailUrl\":\"https:\/\/kihlberg.com\/wp-content\/uploads\/2018\/08\/126311.png\",\"datePublished\":\"2018-09-21T10:34:43+00:00\",\"dateModified\":\"2022-05-31T20:21:12+00:00\",\"breadcrumb\":{\"@id\":\"https:\/\/kihlberg.com\/de\/gerate\/verpackungen\/126311\/#breadcrumb\"},\"inLanguage\":\"de-DE\",\"potentialAction\":[{\"@type\":\"ReadAction\",\"target\":[\"https:\/\/kihlberg.com\/de\/gerate\/verpackungen\/126311\/\"]}]},{\"@type\":\"ImageObject\",\"inLanguage\":\"de-DE\",\"@id\":\"https:\/\/kihlberg.com\/de\/gerate\/verpackungen\/126311\/#primaryimage\",\"url\":\"https:\/\/kihlberg.com\/wp-content\/uploads\/2018\/08\/126311.png\",\"contentUrl\":\"https:\/\/kihlberg.com\/wp-content\/uploads\/2018\/08\/126311.png\",\"width\":720,\"height\":720},{\"@type\":\"BreadcrumbList\",\"@id\":\"https:\/\/kihlberg.com\/de\/gerate\/verpackungen\/126311\/#breadcrumb\",\"itemListElement\":[{\"@type\":\"ListItem\",\"position\":1,\"name\":\"Home\",\"item\":\"https:\/\/kihlberg.com\/de\/\"},{\"@type\":\"ListItem\",\"position\":2,\"name\":\"Shop\",\"item\":\"https:\/\/kihlberg.com\/shop\/\"},{\"@type\":\"ListItem\",\"position\":3,\"name\":\"Ger\u00e4te\",\"item\":\"https:\/\/kihlberg.com\/de\/gerate\/\"},{\"@type\":\"ListItem\",\"position\":4,\"name\":\"Anwendung\",\"item\":\"https:\/\/kihlberg.com\/de\/gerate\/anwendung\/\"},{\"@type\":\"ListItem\",\"position\":5,\"name\":\"Transportverpackungen\",\"item\":\"https:\/\/kihlberg.com\/de\/gerate\/anwendung\/transportverpackungen\/\"},{\"@type\":\"ListItem\",\"position\":6,\"name\":\"Hefter JK35-590\"}]},{\"@type\":\"WebSite\",\"@id\":\"https:\/\/kihlberg.com\/de\/#website\",\"url\":\"https:\/\/kihlberg.com\/de\/\",\"name\":\"Josef kihlberg\",\"description\":\"Made in Sweden. System manufacturer of premium staples &amp; tools that sets the standard. Legendary.\",\"publisher\":{\"@id\":\"https:\/\/kihlberg.com\/de\/#organization\"},\"potentialAction\":[{\"@type\":\"SearchAction\",\"target\":{\"@type\":\"EntryPoint\",\"urlTemplate\":\"https:\/\/kihlberg.com\/de\/?s={search_term_string}\"},\"query-input\":{\"@type\":\"PropertyValueSpecification\",\"valueRequired\":true,\"valueName\":\"search_term_string\"}}],\"inLanguage\":\"de-DE\"},{\"@type\":\"Organization\",\"@id\":\"https:\/\/kihlberg.com\/de\/#organization\",\"name\":\"Josef Kihlberg\",\"url\":\"https:\/\/kihlberg.com\/de\/\",\"logo\":{\"@type\":\"ImageObject\",\"inLanguage\":\"de-DE\",\"@id\":\"https:\/\/kihlberg.com\/de\/#\/schema\/logo\/image\/\",\"url\":\"https:\/\/kihlberg.com\/wp-content\/uploads\/2019\/01\/logo.jpg\",\"contentUrl\":\"https:\/\/kihlberg.com\/wp-content\/uploads\/2019\/01\/logo.jpg\",\"width\":850,\"height\":850,\"caption\":\"Josef Kihlberg\"},\"image\":{\"@id\":\"https:\/\/kihlberg.com\/de\/#\/schema\/logo\/image\/\"}}]}<\/script>\n<meta property=\"product:price:amount\" content=\"969\" \/>\n<meta property=\"product:price:currency\" content=\"EUR\" \/>\n<meta property=\"og:availability\" content=\"instock\" \/>\n<meta property=\"product:availability\" content=\"instock\" \/>\n<meta property=\"product:retailer_item_id\" content=\"126311\" \/>\n<meta property=\"product:condition\" content=\"new\" \/>\n<!-- \/ Yoast SEO plugin. -->","yoast_head_json":{"title":"Stapler JK35-590","robots":{"index":"index","follow":"follow","max-snippet":"max-snippet:-1","max-image-preview":"max-image-preview:large","max-video-preview":"max-video-preview:-1"},"canonical":"https:\/\/kihlberg.com\/de\/gerate\/verpackungen\/126311\/","og_locale":"de_DE","og_type":"article","og_title":"Stapler JK35-590","og_description":"Unser professioneller, in Schweden hergestellter, pneumatischer Hefter JK35-590 ist der ideale Hefter zum Sichern von Wellpappverpackungen oder f\u00fcr den Kantenschutz an Holz, z. B. an Paletten, Rahmen und anderen Verpackungen. Der JK35-590 ist ein schnelles, langlebiges und stabiles Werkzeug mit gutem Ausgleich und geringem Gewicht. Die Breitschaft-Klammer JK590 bietet ein hohes Ma\u00df an Festigkeit. Der JK35-590 zusammen mit dem Hefter JK35T590 mit JK590-Klammern bietet Ihnen eine kosteng\u00fcnstige Komplettl\u00f6sung.","og_url":"https:\/\/kihlberg.com\/de\/gerate\/verpackungen\/126311\/","og_site_name":"Josef kihlberg","article_modified_time":"2022-05-31T20:21:12+00:00","og_image":[{"width":720,"height":720,"url":"https:\/\/kihlberg.com\/wp-content\/uploads\/2018\/08\/126311.png","type":"image\/png"}],"twitter_card":"summary_large_image","twitter_misc":{"Preis":"&euro;969","Verf\u00fcgbarkeit":"Auf Lager"},"schema":{"@context":"https:\/\/schema.org","@graph":[{"@type":"WebPage","@id":"https:\/\/kihlberg.com\/de\/gerate\/verpackungen\/126311\/","url":"https:\/\/kihlberg.com\/de\/gerate\/verpackungen\/126311\/","name":"Stapler JK35-590","isPartOf":{"@id":"https:\/\/kihlberg.com\/de\/#website"},"primaryImageOfPage":{"@id":"https:\/\/kihlberg.com\/de\/gerate\/verpackungen\/126311\/#primaryimage"},"image":{"@id":"https:\/\/kihlberg.com\/de\/gerate\/verpackungen\/126311\/#primaryimage"},"thumbnailUrl":"https:\/\/kihlberg.com\/wp-content\/uploads\/2018\/08\/126311.png","datePublished":"2018-09-21T10:34:43+00:00","dateModified":"2022-05-31T20:21:12+00:00","breadcrumb":{"@id":"https:\/\/kihlberg.com\/de\/gerate\/verpackungen\/126311\/#breadcrumb"},"inLanguage":"de-DE","potentialAction":[{"@type":"ReadAction","target":["https:\/\/kihlberg.com\/de\/gerate\/verpackungen\/126311\/"]}]},{"@type":"ImageObject","inLanguage":"de-DE","@id":"https:\/\/kihlberg.com\/de\/gerate\/verpackungen\/126311\/#primaryimage","url":"https:\/\/kihlberg.com\/wp-content\/uploads\/2018\/08\/126311.png","contentUrl":"https:\/\/kihlberg.com\/wp-content\/uploads\/2018\/08\/126311.png","width":720,"height":720},{"@type":"BreadcrumbList","@id":"https:\/\/kihlberg.com\/de\/gerate\/verpackungen\/126311\/#breadcrumb","itemListElement":[{"@type":"ListItem","position":1,"name":"Home","item":"https:\/\/kihlberg.com\/de\/"},{"@type":"ListItem","position":2,"name":"Shop","item":"https:\/\/kihlberg.com\/shop\/"},{"@type":"ListItem","position":3,"name":"Ger\u00e4te","item":"https:\/\/kihlberg.com\/de\/gerate\/"},{"@type":"ListItem","position":4,"name":"Anwendung","item":"https:\/\/kihlberg.com\/de\/gerate\/anwendung\/"},{"@type":"ListItem","position":5,"name":"Transportverpackungen","item":"https:\/\/kihlberg.com\/de\/gerate\/anwendung\/transportverpackungen\/"},{"@type":"ListItem","position":6,"name":"Hefter JK35-590"}]},{"@type":"WebSite","@id":"https:\/\/kihlberg.com\/de\/#website","url":"https:\/\/kihlberg.com\/de\/","name":"Josef kihlberg","description":"Made in Sweden. System manufacturer of premium staples &amp; tools that sets the standard. Legendary.","publisher":{"@id":"https:\/\/kihlberg.com\/de\/#organization"},"potentialAction":[{"@type":"SearchAction","target":{"@type":"EntryPoint","urlTemplate":"https:\/\/kihlberg.com\/de\/?s={search_term_string}"},"query-input":{"@type":"PropertyValueSpecification","valueRequired":true,"valueName":"search_term_string"}}],"inLanguage":"de-DE"},{"@type":"Organization","@id":"https:\/\/kihlberg.com\/de\/#organization","name":"Josef Kihlberg","url":"https:\/\/kihlberg.com\/de\/","logo":{"@type":"ImageObject","inLanguage":"de-DE","@id":"https:\/\/kihlberg.com\/de\/#\/schema\/logo\/image\/","url":"https:\/\/kihlberg.com\/wp-content\/uploads\/2019\/01\/logo.jpg","contentUrl":"https:\/\/kihlberg.com\/wp-content\/uploads\/2019\/01\/logo.jpg","width":850,"height":850,"caption":"Josef Kihlberg"},"image":{"@id":"https:\/\/kihlberg.com\/de\/#\/schema\/logo\/image\/"}}]},"product_price_amount":"969","product_price_currency":"EUR","og_availability":"instock","product_availability":"instock","product_retailer_item_id":"126311","product_condition":"new"},"_links":{"self":[{"href":"https:\/\/kihlberg.com\/de\/wp-json\/wp\/v2\/product\/97930","targetHints":{"allow":["GET"]}}],"collection":[{"href":"https:\/\/kihlberg.com\/de\/wp-json\/wp\/v2\/product"}],"about":[{"href":"https:\/\/kihlberg.com\/de\/wp-json\/wp\/v2\/types\/product"}],"wp:featuredmedia":[{"embeddable":true,"href":"https:\/\/kihlberg.com\/de\/wp-json\/wp\/v2\/media\/97931"}],"wp:attachment":[{"href":"https:\/\/kihlberg.com\/de\/wp-json\/wp\/v2\/media?parent=97930"}],"wp:term":[{"taxonomy":"product_brand","embeddable":true,"href":"https:\/\/kihlberg.com\/de\/wp-json\/wp\/v2\/product_brand?post=97930"},{"taxonomy":"product_cat","embeddable":true,"href":"https:\/\/kihlberg.com\/de\/wp-json\/wp\/v2\/product_cat?post=97930"}],"curies":[{"name":"wp","href":"https:\/\/api.w.org\/{rel}","templated":true}]}}