{"id":97936,"date":"2018-09-21T10:34:31","date_gmt":"2018-09-21T10:34:31","guid":{"rendered":"https:\/\/kihlberg.com\/product\/129009\/"},"modified":"2022-05-31T22:20:51","modified_gmt":"2022-05-31T20:20:51","slug":"129009","status":"publish","type":"product","link":"https:\/\/kihlberg.com\/de\/gerate\/stahlbandverschlusse\/129009\/","title":{"rendered":"Umreifungsger\u00e4t stahlband JK1219HT"},"content":{"rendered":"","protected":false},"excerpt":{"rendered":"<p>Mit unserem in Schweden hergestellten JK1219HT k\u00f6nnen Sie hochfeste Dichtstreifen schnell und sicher verschlie\u00dfen, bis zu 0,64 mm = 1.040 N\/mm\u00b2. Das JK1219HT ist sehr einfach zu benutzen. Es ist so konstruiert, dass ein dichtungsloser Verschluss mit vier einfachen Bedienschritten innerhalb von wenigen Sekunden erreicht werden kann. Der fertige Verschluss ist so entworfen, um das Verletzungsrisiko zu minimieren. Ein einziges Werkzeug kann f\u00fcr drei verschiedene Bandbreiten verwendet werden \u2013 13, 16 und 19 mm. Mit den zus\u00e4tzlichen Bandf\u00fchrungen, die dem Werkzeug beiliegen, k\u00f6nnen Sie ganz einfach von einer Bandbreite zur anderen wechseln. F\u00fcr H\u00e4ndler bedeutet dies, dass Sie nur ein Werkzeug auf Lager haben m\u00fcssen, statt drei.Die Stanz- und Schnitttiefe kann f\u00fcr verschiedene Streifenst\u00e4rken im Bereich von 0,40 mm &#8211; 0,64 mm angepasst werden.Das Werkzeug hat einen robusten Aufbau mit wenigen beweglichen Teilen von hoher Qualit\u00e4t. Dies macht das Werkzeug sehr langlebig. Das Werkzeug hat eine 3-Jahres-Garantie. Das JK1219 ist sowohl f\u00fcr die horizontale als auch vertikale Umreifung von Paletten, Kisten, Kartons, Ballen und f\u00fcr andere Transportschutzbefestigungen geeignet.<\/p>\n","protected":false},"featured_media":97937,"template":"","meta":{"_acf_changed":false,"_genesis_hide_title":false,"_genesis_hide_breadcrumbs":false,"_genesis_hide_singular_image":false,"_genesis_hide_footer_widgets":false,"_genesis_custom_body_class":"","_genesis_custom_post_class":"","_genesis_layout":""},"product_brand":[],"product_cat":[1941,1955,1954],"class_list":{"0":"post-97936","1":"product","2":"type-product","3":"status-publish","4":"has-post-thumbnail","6":"product_cat-gerate","7":"product_cat-stahlbandverschlusse","8":"product_cat-verpackungen","9":"pa_leg-length-375-de","10":"pa_lubrication-nee","11":"pa_maximum-strap-thickness-064-de","12":"pa_strap-width-13-16-19-de","13":"entry","15":"first","16":"instock","17":"taxable","18":"shipping-taxable","19":"purchasable","20":"product-type-simple"},"acf":[],"yoast_head":"<!-- This site is optimized with the Yoast SEO plugin v26.1.1 - https:\/\/yoast.com\/wordpress\/plugins\/seo\/ -->\n<title>Strapping tool JK1219HT<\/title>\n<meta name=\"robots\" content=\"index, follow, max-snippet:-1, max-image-preview:large, max-video-preview:-1\" \/>\n<link rel=\"canonical\" href=\"https:\/\/kihlberg.com\/de\/gerate\/stahlbandverschlusse\/129009\/\" \/>\n<meta property=\"og:locale\" content=\"de_DE\" \/>\n<meta property=\"og:type\" content=\"article\" \/>\n<meta property=\"og:title\" content=\"Strapping tool JK1219HT\" \/>\n<meta property=\"og:description\" content=\"Mit unserem in Schweden hergestellten JK1219HT k\u00f6nnen Sie hochfeste Dichtstreifen schnell und sicher verschlie\u00dfen, bis zu 0,64 mm = 1.040 N\/mm\u00b2. Das JK1219HT ist sehr einfach zu benutzen. Es ist so konstruiert, dass ein dichtungsloser Verschluss mit vier einfachen Bedienschritten innerhalb von wenigen Sekunden erreicht werden kann. Der fertige Verschluss ist so entworfen, um das Verletzungsrisiko zu minimieren. Ein einziges Werkzeug kann f\u00fcr drei verschiedene Bandbreiten verwendet werden \u2013 13, 16 und 19 mm. Mit den zus\u00e4tzlichen Bandf\u00fchrungen, die dem Werkzeug beiliegen, k\u00f6nnen Sie ganz einfach von einer Bandbreite zur anderen wechseln. F\u00fcr H\u00e4ndler bedeutet dies, dass Sie nur ein Werkzeug auf Lager haben m\u00fcssen, statt drei.Die Stanz- und Schnitttiefe kann f\u00fcr verschiedene Streifenst\u00e4rken im Bereich von 0,40 mm - 0,64 mm angepasst werden.Das Werkzeug hat einen robusten Aufbau mit wenigen beweglichen Teilen von hoher Qualit\u00e4t. Dies macht das Werkzeug sehr langlebig. Das Werkzeug hat eine 3-Jahres-Garantie. Das JK1219 ist sowohl f\u00fcr die horizontale als auch vertikale Umreifung von Paletten, Kisten, Kartons, Ballen und f\u00fcr andere Transportschutzbefestigungen geeignet.\" \/>\n<meta property=\"og:url\" content=\"https:\/\/kihlberg.com\/de\/gerate\/stahlbandverschlusse\/129009\/\" \/>\n<meta property=\"og:site_name\" content=\"Josef kihlberg\" \/>\n<meta property=\"article:modified_time\" content=\"2022-05-31T20:20:51+00:00\" \/>\n<meta property=\"og:image\" content=\"https:\/\/kihlberg.com\/wp-content\/uploads\/2018\/08\/129009.jpg\" \/>\n\t<meta property=\"og:image:width\" content=\"720\" \/>\n\t<meta property=\"og:image:height\" content=\"720\" \/>\n\t<meta property=\"og:image:type\" content=\"image\/jpeg\" \/>\n<meta name=\"twitter:card\" content=\"summary_large_image\" \/>\n<meta name=\"twitter:label1\" content=\"Preis\" \/>\n\t<meta name=\"twitter:data1\" content=\"&euro;1 181\" \/>\n\t<meta name=\"twitter:label2\" content=\"Verf\u00fcgbarkeit\" \/>\n\t<meta name=\"twitter:data2\" content=\"Auf Lager\" \/>\n<script type=\"application\/ld+json\" class=\"yoast-schema-graph\">{\"@context\":\"https:\/\/schema.org\",\"@graph\":[{\"@type\":\"WebPage\",\"@id\":\"https:\/\/kihlberg.com\/de\/gerate\/stahlbandverschlusse\/129009\/\",\"url\":\"https:\/\/kihlberg.com\/de\/gerate\/stahlbandverschlusse\/129009\/\",\"name\":\"Strapping tool JK1219HT\",\"isPartOf\":{\"@id\":\"https:\/\/kihlberg.com\/de\/#website\"},\"primaryImageOfPage\":{\"@id\":\"https:\/\/kihlberg.com\/de\/gerate\/stahlbandverschlusse\/129009\/#primaryimage\"},\"image\":{\"@id\":\"https:\/\/kihlberg.com\/de\/gerate\/stahlbandverschlusse\/129009\/#primaryimage\"},\"thumbnailUrl\":\"https:\/\/kihlberg.com\/wp-content\/uploads\/2018\/08\/129009.jpg\",\"datePublished\":\"2018-09-21T10:34:31+00:00\",\"dateModified\":\"2022-05-31T20:20:51+00:00\",\"breadcrumb\":{\"@id\":\"https:\/\/kihlberg.com\/de\/gerate\/stahlbandverschlusse\/129009\/#breadcrumb\"},\"inLanguage\":\"de-DE\",\"potentialAction\":[{\"@type\":\"ReadAction\",\"target\":[\"https:\/\/kihlberg.com\/de\/gerate\/stahlbandverschlusse\/129009\/\"]}]},{\"@type\":\"ImageObject\",\"inLanguage\":\"de-DE\",\"@id\":\"https:\/\/kihlberg.com\/de\/gerate\/stahlbandverschlusse\/129009\/#primaryimage\",\"url\":\"https:\/\/kihlberg.com\/wp-content\/uploads\/2018\/08\/129009.jpg\",\"contentUrl\":\"https:\/\/kihlberg.com\/wp-content\/uploads\/2018\/08\/129009.jpg\",\"width\":720,\"height\":720,\"caption\":\"Strapping tool JK1219HT - \u20ac 1125\"},{\"@type\":\"BreadcrumbList\",\"@id\":\"https:\/\/kihlberg.com\/de\/gerate\/stahlbandverschlusse\/129009\/#breadcrumb\",\"itemListElement\":[{\"@type\":\"ListItem\",\"position\":1,\"name\":\"Home\",\"item\":\"https:\/\/kihlberg.com\/de\/\"},{\"@type\":\"ListItem\",\"position\":2,\"name\":\"Shop\",\"item\":\"https:\/\/kihlberg.com\/shop\/\"},{\"@type\":\"ListItem\",\"position\":3,\"name\":\"Ger\u00e4te\",\"item\":\"https:\/\/kihlberg.com\/de\/gerate\/\"},{\"@type\":\"ListItem\",\"position\":4,\"name\":\"Stahlbandverschl\u00fcsse\",\"item\":\"https:\/\/kihlberg.com\/de\/gerate\/stahlbandverschlusse\/\"},{\"@type\":\"ListItem\",\"position\":5,\"name\":\"Umreifungsger\u00e4t stahlband JK1219HT\"}]},{\"@type\":\"WebSite\",\"@id\":\"https:\/\/kihlberg.com\/de\/#website\",\"url\":\"https:\/\/kihlberg.com\/de\/\",\"name\":\"Josef kihlberg\",\"description\":\"Made in Sweden. System manufacturer of premium staples &amp; tools that sets the standard. Legendary.\",\"publisher\":{\"@id\":\"https:\/\/kihlberg.com\/de\/#organization\"},\"potentialAction\":[{\"@type\":\"SearchAction\",\"target\":{\"@type\":\"EntryPoint\",\"urlTemplate\":\"https:\/\/kihlberg.com\/de\/?s={search_term_string}\"},\"query-input\":{\"@type\":\"PropertyValueSpecification\",\"valueRequired\":true,\"valueName\":\"search_term_string\"}}],\"inLanguage\":\"de-DE\"},{\"@type\":\"Organization\",\"@id\":\"https:\/\/kihlberg.com\/de\/#organization\",\"name\":\"Josef Kihlberg\",\"url\":\"https:\/\/kihlberg.com\/de\/\",\"logo\":{\"@type\":\"ImageObject\",\"inLanguage\":\"de-DE\",\"@id\":\"https:\/\/kihlberg.com\/de\/#\/schema\/logo\/image\/\",\"url\":\"https:\/\/kihlberg.com\/wp-content\/uploads\/2019\/01\/logo.jpg\",\"contentUrl\":\"https:\/\/kihlberg.com\/wp-content\/uploads\/2019\/01\/logo.jpg\",\"width\":850,\"height\":850,\"caption\":\"Josef Kihlberg\"},\"image\":{\"@id\":\"https:\/\/kihlberg.com\/de\/#\/schema\/logo\/image\/\"}}]}<\/script>\n<meta property=\"product:price:amount\" content=\"1181\" \/>\n<meta property=\"product:price:currency\" content=\"EUR\" \/>\n<meta property=\"og:availability\" content=\"instock\" \/>\n<meta property=\"product:availability\" content=\"instock\" \/>\n<meta property=\"product:retailer_item_id\" content=\"129009\" \/>\n<meta property=\"product:condition\" content=\"new\" \/>\n<!-- \/ Yoast SEO plugin. -->","yoast_head_json":{"title":"Strapping tool JK1219HT","robots":{"index":"index","follow":"follow","max-snippet":"max-snippet:-1","max-image-preview":"max-image-preview:large","max-video-preview":"max-video-preview:-1"},"canonical":"https:\/\/kihlberg.com\/de\/gerate\/stahlbandverschlusse\/129009\/","og_locale":"de_DE","og_type":"article","og_title":"Strapping tool JK1219HT","og_description":"Mit unserem in Schweden hergestellten JK1219HT k\u00f6nnen Sie hochfeste Dichtstreifen schnell und sicher verschlie\u00dfen, bis zu 0,64 mm = 1.040 N\/mm\u00b2. Das JK1219HT ist sehr einfach zu benutzen. Es ist so konstruiert, dass ein dichtungsloser Verschluss mit vier einfachen Bedienschritten innerhalb von wenigen Sekunden erreicht werden kann. Der fertige Verschluss ist so entworfen, um das Verletzungsrisiko zu minimieren. Ein einziges Werkzeug kann f\u00fcr drei verschiedene Bandbreiten verwendet werden \u2013 13, 16 und 19 mm. Mit den zus\u00e4tzlichen Bandf\u00fchrungen, die dem Werkzeug beiliegen, k\u00f6nnen Sie ganz einfach von einer Bandbreite zur anderen wechseln. F\u00fcr H\u00e4ndler bedeutet dies, dass Sie nur ein Werkzeug auf Lager haben m\u00fcssen, statt drei.Die Stanz- und Schnitttiefe kann f\u00fcr verschiedene Streifenst\u00e4rken im Bereich von 0,40 mm - 0,64 mm angepasst werden.Das Werkzeug hat einen robusten Aufbau mit wenigen beweglichen Teilen von hoher Qualit\u00e4t. Dies macht das Werkzeug sehr langlebig. Das Werkzeug hat eine 3-Jahres-Garantie. Das JK1219 ist sowohl f\u00fcr die horizontale als auch vertikale Umreifung von Paletten, Kisten, Kartons, Ballen und f\u00fcr andere Transportschutzbefestigungen geeignet.","og_url":"https:\/\/kihlberg.com\/de\/gerate\/stahlbandverschlusse\/129009\/","og_site_name":"Josef kihlberg","article_modified_time":"2022-05-31T20:20:51+00:00","og_image":[{"width":720,"height":720,"url":"https:\/\/kihlberg.com\/wp-content\/uploads\/2018\/08\/129009.jpg","type":"image\/jpeg"}],"twitter_card":"summary_large_image","twitter_misc":{"Preis":"&euro;1 181","Verf\u00fcgbarkeit":"Auf Lager"},"schema":{"@context":"https:\/\/schema.org","@graph":[{"@type":"WebPage","@id":"https:\/\/kihlberg.com\/de\/gerate\/stahlbandverschlusse\/129009\/","url":"https:\/\/kihlberg.com\/de\/gerate\/stahlbandverschlusse\/129009\/","name":"Strapping tool JK1219HT","isPartOf":{"@id":"https:\/\/kihlberg.com\/de\/#website"},"primaryImageOfPage":{"@id":"https:\/\/kihlberg.com\/de\/gerate\/stahlbandverschlusse\/129009\/#primaryimage"},"image":{"@id":"https:\/\/kihlberg.com\/de\/gerate\/stahlbandverschlusse\/129009\/#primaryimage"},"thumbnailUrl":"https:\/\/kihlberg.com\/wp-content\/uploads\/2018\/08\/129009.jpg","datePublished":"2018-09-21T10:34:31+00:00","dateModified":"2022-05-31T20:20:51+00:00","breadcrumb":{"@id":"https:\/\/kihlberg.com\/de\/gerate\/stahlbandverschlusse\/129009\/#breadcrumb"},"inLanguage":"de-DE","potentialAction":[{"@type":"ReadAction","target":["https:\/\/kihlberg.com\/de\/gerate\/stahlbandverschlusse\/129009\/"]}]},{"@type":"ImageObject","inLanguage":"de-DE","@id":"https:\/\/kihlberg.com\/de\/gerate\/stahlbandverschlusse\/129009\/#primaryimage","url":"https:\/\/kihlberg.com\/wp-content\/uploads\/2018\/08\/129009.jpg","contentUrl":"https:\/\/kihlberg.com\/wp-content\/uploads\/2018\/08\/129009.jpg","width":720,"height":720,"caption":"Strapping tool JK1219HT - \u20ac 1125"},{"@type":"BreadcrumbList","@id":"https:\/\/kihlberg.com\/de\/gerate\/stahlbandverschlusse\/129009\/#breadcrumb","itemListElement":[{"@type":"ListItem","position":1,"name":"Home","item":"https:\/\/kihlberg.com\/de\/"},{"@type":"ListItem","position":2,"name":"Shop","item":"https:\/\/kihlberg.com\/shop\/"},{"@type":"ListItem","position":3,"name":"Ger\u00e4te","item":"https:\/\/kihlberg.com\/de\/gerate\/"},{"@type":"ListItem","position":4,"name":"Stahlbandverschl\u00fcsse","item":"https:\/\/kihlberg.com\/de\/gerate\/stahlbandverschlusse\/"},{"@type":"ListItem","position":5,"name":"Umreifungsger\u00e4t stahlband JK1219HT"}]},{"@type":"WebSite","@id":"https:\/\/kihlberg.com\/de\/#website","url":"https:\/\/kihlberg.com\/de\/","name":"Josef kihlberg","description":"Made in Sweden. System manufacturer of premium staples &amp; tools that sets the standard. Legendary.","publisher":{"@id":"https:\/\/kihlberg.com\/de\/#organization"},"potentialAction":[{"@type":"SearchAction","target":{"@type":"EntryPoint","urlTemplate":"https:\/\/kihlberg.com\/de\/?s={search_term_string}"},"query-input":{"@type":"PropertyValueSpecification","valueRequired":true,"valueName":"search_term_string"}}],"inLanguage":"de-DE"},{"@type":"Organization","@id":"https:\/\/kihlberg.com\/de\/#organization","name":"Josef Kihlberg","url":"https:\/\/kihlberg.com\/de\/","logo":{"@type":"ImageObject","inLanguage":"de-DE","@id":"https:\/\/kihlberg.com\/de\/#\/schema\/logo\/image\/","url":"https:\/\/kihlberg.com\/wp-content\/uploads\/2019\/01\/logo.jpg","contentUrl":"https:\/\/kihlberg.com\/wp-content\/uploads\/2019\/01\/logo.jpg","width":850,"height":850,"caption":"Josef Kihlberg"},"image":{"@id":"https:\/\/kihlberg.com\/de\/#\/schema\/logo\/image\/"}}]},"product_price_amount":"1181","product_price_currency":"EUR","og_availability":"instock","product_availability":"instock","product_retailer_item_id":"129009","product_condition":"new"},"_links":{"self":[{"href":"https:\/\/kihlberg.com\/de\/wp-json\/wp\/v2\/product\/97936","targetHints":{"allow":["GET"]}}],"collection":[{"href":"https:\/\/kihlberg.com\/de\/wp-json\/wp\/v2\/product"}],"about":[{"href":"https:\/\/kihlberg.com\/de\/wp-json\/wp\/v2\/types\/product"}],"wp:featuredmedia":[{"embeddable":true,"href":"https:\/\/kihlberg.com\/de\/wp-json\/wp\/v2\/media\/97937"}],"wp:attachment":[{"href":"https:\/\/kihlberg.com\/de\/wp-json\/wp\/v2\/media?parent=97936"}],"wp:term":[{"taxonomy":"product_brand","embeddable":true,"href":"https:\/\/kihlberg.com\/de\/wp-json\/wp\/v2\/product_brand?post=97936"},{"taxonomy":"product_cat","embeddable":true,"href":"https:\/\/kihlberg.com\/de\/wp-json\/wp\/v2\/product_cat?post=97936"}],"curies":[{"name":"wp","href":"https:\/\/api.w.org\/{rel}","templated":true}]}}