{"id":97940,"date":"2018-09-21T10:34:22","date_gmt":"2018-09-21T10:34:22","guid":{"rendered":"https:\/\/kihlberg.com\/product\/126315\/"},"modified":"2022-05-31T21:35:13","modified_gmt":"2022-05-31T19:35:13","slug":"126315","status":"publish","type":"product","link":"https:\/\/kihlberg.com\/de\/gerate\/industrie\/126315\/","title":{"rendered":"Der Hefter JK45-783S"},"content":{"rendered":"","protected":false},"excerpt":{"rendered":"<p>Der JK45-783S ist ein in Schweden hergestelltes, professionelles Druckluftwerkzeug mit einer extrem hohen Schlagkraft. Der Hefter ist f\u00fcr die Montage von Holzrahmen oder Holzrahmen nicht nur in Hartholz (Buche, Eiche), sondern auch in weiche H\u00f6lzer geeignet. Das Werkzeug hat bei niedrigem Betriebsdruck volle Schlagkraft. Das JK45-Werkzeug ist schnell und hat einen geringen R\u00fccksto\u00df. Der JK45-783S hat einen kurzen Steckgriff und ist f\u00fcr das Einzelschuss-Nageln geeignet.<br \/>\nKlammerstreifen sind vollst\u00e4ndig sichtbar und daher einfach zu sehen, wenn das Werkzeug neu geladen werden muss. Das JK45 ist \u00fcber die \u00d6ffnungst\u00fcr leicht zu reinigen. Besteht die Gefahr der Rissbildung in Ihrer Anwendung, kontaktieren Sie uns bitte f\u00fcr eine L\u00f6sung.<\/p>\n","protected":false},"featured_media":97941,"template":"","meta":{"_acf_changed":false,"_genesis_hide_title":false,"_genesis_hide_breadcrumbs":false,"_genesis_hide_singular_image":false,"_genesis_hide_footer_widgets":false,"_genesis_custom_body_class":"","_genesis_custom_post_class":"","_genesis_layout":""},"product_brand":[],"product_cat":[1943,1951,1941,1953,1947,1950],"class_list":{"0":"post-97940","1":"product","2":"type-product","3":"status-publish","4":"has-post-thumbnail","6":"product_cat-bettherstellung","7":"product_cat-fenster-und-turen","8":"product_cat-gerate","9":"product_cat-industrie","10":"product_cat-mobelgestelle","11":"product_cat-polstermobel","12":"pa_leg-length-345-de","13":"pa_lubrication-ja-de","14":"pa_magazine-capacity-138-de-2","15":"pa_max-pressure-8-de","16":"pa_nose-length-21-de-2","17":"pa_staple-leg-length-25-51-mm-1-2-in-de","18":"entry","20":"first","21":"instock","22":"taxable","23":"shipping-taxable","24":"purchasable","25":"product-type-simple"},"acf":[],"yoast_head":"<!-- This site is optimized with the Yoast SEO plugin v26.1.1 - https:\/\/yoast.com\/wordpress\/plugins\/seo\/ -->\n<title>Stapler JK45-783S<\/title>\n<meta name=\"robots\" content=\"index, follow, max-snippet:-1, max-image-preview:large, max-video-preview:-1\" \/>\n<link rel=\"canonical\" href=\"https:\/\/kihlberg.com\/de\/gerate\/industrie\/126315\/\" \/>\n<meta property=\"og:locale\" content=\"de_DE\" \/>\n<meta property=\"og:type\" content=\"article\" \/>\n<meta property=\"og:title\" content=\"Stapler JK45-783S\" \/>\n<meta property=\"og:description\" content=\"Der JK45-783S ist ein in Schweden hergestelltes, professionelles Druckluftwerkzeug mit einer extrem hohen Schlagkraft. Der Hefter ist f\u00fcr die Montage von Holzrahmen oder Holzrahmen nicht nur in Hartholz (Buche, Eiche), sondern auch in weiche H\u00f6lzer geeignet. Das Werkzeug hat bei niedrigem Betriebsdruck volle Schlagkraft. Das JK45-Werkzeug ist schnell und hat einen geringen R\u00fccksto\u00df. Der JK45-783S hat einen kurzen Steckgriff und ist f\u00fcr das Einzelschuss-Nageln geeignet. Klammerstreifen sind vollst\u00e4ndig sichtbar und daher einfach zu sehen, wenn das Werkzeug neu geladen werden muss. Das JK45 ist \u00fcber die \u00d6ffnungst\u00fcr leicht zu reinigen. Besteht die Gefahr der Rissbildung in Ihrer Anwendung, kontaktieren Sie uns bitte f\u00fcr eine L\u00f6sung.\" \/>\n<meta property=\"og:url\" content=\"https:\/\/kihlberg.com\/de\/gerate\/industrie\/126315\/\" \/>\n<meta property=\"og:site_name\" content=\"Josef kihlberg\" \/>\n<meta property=\"article:modified_time\" content=\"2022-05-31T19:35:13+00:00\" \/>\n<meta property=\"og:image\" content=\"https:\/\/kihlberg.com\/wp-content\/uploads\/2018\/08\/126315.png\" \/>\n\t<meta property=\"og:image:width\" content=\"720\" \/>\n\t<meta property=\"og:image:height\" content=\"720\" \/>\n\t<meta property=\"og:image:type\" content=\"image\/png\" \/>\n<meta name=\"twitter:card\" content=\"summary_large_image\" \/>\n<meta name=\"twitter:label1\" content=\"Preis\" \/>\n\t<meta name=\"twitter:data1\" content=\"&euro;833\" \/>\n\t<meta name=\"twitter:label2\" content=\"Verf\u00fcgbarkeit\" \/>\n\t<meta name=\"twitter:data2\" content=\"Auf Lager\" \/>\n<script type=\"application\/ld+json\" class=\"yoast-schema-graph\">{\"@context\":\"https:\/\/schema.org\",\"@graph\":[{\"@type\":\"WebPage\",\"@id\":\"https:\/\/kihlberg.com\/de\/gerate\/industrie\/126315\/\",\"url\":\"https:\/\/kihlberg.com\/de\/gerate\/industrie\/126315\/\",\"name\":\"Stapler JK45-783S\",\"isPartOf\":{\"@id\":\"https:\/\/kihlberg.com\/de\/#website\"},\"primaryImageOfPage\":{\"@id\":\"https:\/\/kihlberg.com\/de\/gerate\/industrie\/126315\/#primaryimage\"},\"image\":{\"@id\":\"https:\/\/kihlberg.com\/de\/gerate\/industrie\/126315\/#primaryimage\"},\"thumbnailUrl\":\"https:\/\/kihlberg.com\/wp-content\/uploads\/2018\/08\/126315.png\",\"datePublished\":\"2018-09-21T10:34:22+00:00\",\"dateModified\":\"2022-05-31T19:35:13+00:00\",\"breadcrumb\":{\"@id\":\"https:\/\/kihlberg.com\/de\/gerate\/industrie\/126315\/#breadcrumb\"},\"inLanguage\":\"de-DE\",\"potentialAction\":[{\"@type\":\"ReadAction\",\"target\":[\"https:\/\/kihlberg.com\/de\/gerate\/industrie\/126315\/\"]}]},{\"@type\":\"ImageObject\",\"inLanguage\":\"de-DE\",\"@id\":\"https:\/\/kihlberg.com\/de\/gerate\/industrie\/126315\/#primaryimage\",\"url\":\"https:\/\/kihlberg.com\/wp-content\/uploads\/2018\/08\/126315.png\",\"contentUrl\":\"https:\/\/kihlberg.com\/wp-content\/uploads\/2018\/08\/126315.png\",\"width\":720,\"height\":720},{\"@type\":\"BreadcrumbList\",\"@id\":\"https:\/\/kihlberg.com\/de\/gerate\/industrie\/126315\/#breadcrumb\",\"itemListElement\":[{\"@type\":\"ListItem\",\"position\":1,\"name\":\"Home\",\"item\":\"https:\/\/kihlberg.com\/de\/\"},{\"@type\":\"ListItem\",\"position\":2,\"name\":\"Shop\",\"item\":\"https:\/\/kihlberg.com\/shop\/\"},{\"@type\":\"ListItem\",\"position\":3,\"name\":\"Ger\u00e4te\",\"item\":\"https:\/\/kihlberg.com\/de\/gerate\/\"},{\"@type\":\"ListItem\",\"position\":4,\"name\":\"Anwendung\",\"item\":\"https:\/\/kihlberg.com\/de\/gerate\/anwendung\/\"},{\"@type\":\"ListItem\",\"position\":5,\"name\":\"Bettherstellung\",\"item\":\"https:\/\/kihlberg.com\/de\/gerate\/anwendung\/bettherstellung\/\"},{\"@type\":\"ListItem\",\"position\":6,\"name\":\"Der Hefter JK45-783S\"}]},{\"@type\":\"WebSite\",\"@id\":\"https:\/\/kihlberg.com\/de\/#website\",\"url\":\"https:\/\/kihlberg.com\/de\/\",\"name\":\"Josef kihlberg\",\"description\":\"Made in Sweden. System manufacturer of premium staples &amp; tools that sets the standard. Legendary.\",\"publisher\":{\"@id\":\"https:\/\/kihlberg.com\/de\/#organization\"},\"potentialAction\":[{\"@type\":\"SearchAction\",\"target\":{\"@type\":\"EntryPoint\",\"urlTemplate\":\"https:\/\/kihlberg.com\/de\/?s={search_term_string}\"},\"query-input\":{\"@type\":\"PropertyValueSpecification\",\"valueRequired\":true,\"valueName\":\"search_term_string\"}}],\"inLanguage\":\"de-DE\"},{\"@type\":\"Organization\",\"@id\":\"https:\/\/kihlberg.com\/de\/#organization\",\"name\":\"Josef Kihlberg\",\"url\":\"https:\/\/kihlberg.com\/de\/\",\"logo\":{\"@type\":\"ImageObject\",\"inLanguage\":\"de-DE\",\"@id\":\"https:\/\/kihlberg.com\/de\/#\/schema\/logo\/image\/\",\"url\":\"https:\/\/kihlberg.com\/wp-content\/uploads\/2019\/01\/logo.jpg\",\"contentUrl\":\"https:\/\/kihlberg.com\/wp-content\/uploads\/2019\/01\/logo.jpg\",\"width\":850,\"height\":850,\"caption\":\"Josef Kihlberg\"},\"image\":{\"@id\":\"https:\/\/kihlberg.com\/de\/#\/schema\/logo\/image\/\"}}]}<\/script>\n<meta property=\"product:price:amount\" content=\"833\" \/>\n<meta property=\"product:price:currency\" content=\"EUR\" \/>\n<meta property=\"og:availability\" content=\"instock\" \/>\n<meta property=\"product:availability\" content=\"instock\" \/>\n<meta property=\"product:retailer_item_id\" content=\"126315\" \/>\n<meta property=\"product:condition\" content=\"new\" \/>\n<!-- \/ Yoast SEO plugin. -->","yoast_head_json":{"title":"Stapler JK45-783S","robots":{"index":"index","follow":"follow","max-snippet":"max-snippet:-1","max-image-preview":"max-image-preview:large","max-video-preview":"max-video-preview:-1"},"canonical":"https:\/\/kihlberg.com\/de\/gerate\/industrie\/126315\/","og_locale":"de_DE","og_type":"article","og_title":"Stapler JK45-783S","og_description":"Der JK45-783S ist ein in Schweden hergestelltes, professionelles Druckluftwerkzeug mit einer extrem hohen Schlagkraft. Der Hefter ist f\u00fcr die Montage von Holzrahmen oder Holzrahmen nicht nur in Hartholz (Buche, Eiche), sondern auch in weiche H\u00f6lzer geeignet. Das Werkzeug hat bei niedrigem Betriebsdruck volle Schlagkraft. Das JK45-Werkzeug ist schnell und hat einen geringen R\u00fccksto\u00df. Der JK45-783S hat einen kurzen Steckgriff und ist f\u00fcr das Einzelschuss-Nageln geeignet. Klammerstreifen sind vollst\u00e4ndig sichtbar und daher einfach zu sehen, wenn das Werkzeug neu geladen werden muss. Das JK45 ist \u00fcber die \u00d6ffnungst\u00fcr leicht zu reinigen. Besteht die Gefahr der Rissbildung in Ihrer Anwendung, kontaktieren Sie uns bitte f\u00fcr eine L\u00f6sung.","og_url":"https:\/\/kihlberg.com\/de\/gerate\/industrie\/126315\/","og_site_name":"Josef kihlberg","article_modified_time":"2022-05-31T19:35:13+00:00","og_image":[{"width":720,"height":720,"url":"https:\/\/kihlberg.com\/wp-content\/uploads\/2018\/08\/126315.png","type":"image\/png"}],"twitter_card":"summary_large_image","twitter_misc":{"Preis":"&euro;833","Verf\u00fcgbarkeit":"Auf Lager"},"schema":{"@context":"https:\/\/schema.org","@graph":[{"@type":"WebPage","@id":"https:\/\/kihlberg.com\/de\/gerate\/industrie\/126315\/","url":"https:\/\/kihlberg.com\/de\/gerate\/industrie\/126315\/","name":"Stapler JK45-783S","isPartOf":{"@id":"https:\/\/kihlberg.com\/de\/#website"},"primaryImageOfPage":{"@id":"https:\/\/kihlberg.com\/de\/gerate\/industrie\/126315\/#primaryimage"},"image":{"@id":"https:\/\/kihlberg.com\/de\/gerate\/industrie\/126315\/#primaryimage"},"thumbnailUrl":"https:\/\/kihlberg.com\/wp-content\/uploads\/2018\/08\/126315.png","datePublished":"2018-09-21T10:34:22+00:00","dateModified":"2022-05-31T19:35:13+00:00","breadcrumb":{"@id":"https:\/\/kihlberg.com\/de\/gerate\/industrie\/126315\/#breadcrumb"},"inLanguage":"de-DE","potentialAction":[{"@type":"ReadAction","target":["https:\/\/kihlberg.com\/de\/gerate\/industrie\/126315\/"]}]},{"@type":"ImageObject","inLanguage":"de-DE","@id":"https:\/\/kihlberg.com\/de\/gerate\/industrie\/126315\/#primaryimage","url":"https:\/\/kihlberg.com\/wp-content\/uploads\/2018\/08\/126315.png","contentUrl":"https:\/\/kihlberg.com\/wp-content\/uploads\/2018\/08\/126315.png","width":720,"height":720},{"@type":"BreadcrumbList","@id":"https:\/\/kihlberg.com\/de\/gerate\/industrie\/126315\/#breadcrumb","itemListElement":[{"@type":"ListItem","position":1,"name":"Home","item":"https:\/\/kihlberg.com\/de\/"},{"@type":"ListItem","position":2,"name":"Shop","item":"https:\/\/kihlberg.com\/shop\/"},{"@type":"ListItem","position":3,"name":"Ger\u00e4te","item":"https:\/\/kihlberg.com\/de\/gerate\/"},{"@type":"ListItem","position":4,"name":"Anwendung","item":"https:\/\/kihlberg.com\/de\/gerate\/anwendung\/"},{"@type":"ListItem","position":5,"name":"Bettherstellung","item":"https:\/\/kihlberg.com\/de\/gerate\/anwendung\/bettherstellung\/"},{"@type":"ListItem","position":6,"name":"Der Hefter JK45-783S"}]},{"@type":"WebSite","@id":"https:\/\/kihlberg.com\/de\/#website","url":"https:\/\/kihlberg.com\/de\/","name":"Josef kihlberg","description":"Made in Sweden. System manufacturer of premium staples &amp; tools that sets the standard. Legendary.","publisher":{"@id":"https:\/\/kihlberg.com\/de\/#organization"},"potentialAction":[{"@type":"SearchAction","target":{"@type":"EntryPoint","urlTemplate":"https:\/\/kihlberg.com\/de\/?s={search_term_string}"},"query-input":{"@type":"PropertyValueSpecification","valueRequired":true,"valueName":"search_term_string"}}],"inLanguage":"de-DE"},{"@type":"Organization","@id":"https:\/\/kihlberg.com\/de\/#organization","name":"Josef Kihlberg","url":"https:\/\/kihlberg.com\/de\/","logo":{"@type":"ImageObject","inLanguage":"de-DE","@id":"https:\/\/kihlberg.com\/de\/#\/schema\/logo\/image\/","url":"https:\/\/kihlberg.com\/wp-content\/uploads\/2019\/01\/logo.jpg","contentUrl":"https:\/\/kihlberg.com\/wp-content\/uploads\/2019\/01\/logo.jpg","width":850,"height":850,"caption":"Josef Kihlberg"},"image":{"@id":"https:\/\/kihlberg.com\/de\/#\/schema\/logo\/image\/"}}]},"product_price_amount":"833","product_price_currency":"EUR","og_availability":"instock","product_availability":"instock","product_retailer_item_id":"126315","product_condition":"new"},"_links":{"self":[{"href":"https:\/\/kihlberg.com\/de\/wp-json\/wp\/v2\/product\/97940","targetHints":{"allow":["GET"]}}],"collection":[{"href":"https:\/\/kihlberg.com\/de\/wp-json\/wp\/v2\/product"}],"about":[{"href":"https:\/\/kihlberg.com\/de\/wp-json\/wp\/v2\/types\/product"}],"wp:featuredmedia":[{"embeddable":true,"href":"https:\/\/kihlberg.com\/de\/wp-json\/wp\/v2\/media\/97941"}],"wp:attachment":[{"href":"https:\/\/kihlberg.com\/de\/wp-json\/wp\/v2\/media?parent=97940"}],"wp:term":[{"taxonomy":"product_brand","embeddable":true,"href":"https:\/\/kihlberg.com\/de\/wp-json\/wp\/v2\/product_brand?post=97940"},{"taxonomy":"product_cat","embeddable":true,"href":"https:\/\/kihlberg.com\/de\/wp-json\/wp\/v2\/product_cat?post=97940"}],"curies":[{"name":"wp","href":"https:\/\/api.w.org\/{rel}","templated":true}]}}