{"id":97949,"date":"2018-09-21T10:34:02","date_gmt":"2018-09-21T10:34:02","guid":{"rendered":"https:\/\/kihlberg.com\/product\/126152\/"},"modified":"2022-05-31T22:20:52","modified_gmt":"2022-05-31T20:20:52","slug":"126152","status":"publish","type":"product","link":"https:\/\/kihlberg.com\/de\/gerate\/industrie\/126152\/","title":{"rendered":"Sisal-Zange JK20V779L"},"content":{"rendered":"","protected":false},"excerpt":{"rendered":"<p>Die JK20V779L ist ein in Schweden hergestelltes Profiwerkzeug, das leicht und gut ausgeglichen ist und einen geringen Vibrationswert aufweist. Es verf\u00fcgt \u00fcber ein pneumatisches Antriebssystem f\u00fcr schnelles und effizientes Heften. Das Werkzeug ist f\u00fcr das industrielle Heften bestimmt, z. B. bei der Bettherstellung wie Polyether.<\/p>\n","protected":false},"featured_media":97950,"template":"","meta":{"_acf_changed":false,"_genesis_hide_title":false,"_genesis_hide_breadcrumbs":false,"_genesis_hide_singular_image":false,"_genesis_hide_footer_widgets":false,"_genesis_custom_body_class":"","_genesis_custom_post_class":"","_genesis_layout":""},"product_brand":[],"product_cat":[1943,1941,1953],"class_list":{"0":"post-97949","1":"product","2":"type-product","3":"status-publish","4":"has-post-thumbnail","6":"product_cat-bettherstellung","7":"product_cat-gerate","8":"product_cat-industrie","9":"pa_leg-length-370-de","10":"pa_lubrication-ja-de","11":"pa_magazine-capacity-168-de-2","12":"pa_max-pressure-7-de","13":"pa_nose-length-14-de","14":"pa_staple-leg-length-12-16-mm-1-2-5-8-in-de","15":"pa_throat-depth-35-de-2","16":"entry","18":"first","19":"instock","20":"taxable","21":"shipping-taxable","22":"purchasable","23":"product-type-simple"},"acf":[],"yoast_head":"<!-- This site is optimized with the Yoast SEO plugin v26.1.1 - https:\/\/yoast.com\/wordpress\/plugins\/seo\/ -->\n<title>Sisal plier JK20V779L<\/title>\n<meta name=\"robots\" content=\"index, follow, max-snippet:-1, max-image-preview:large, max-video-preview:-1\" \/>\n<link rel=\"canonical\" href=\"https:\/\/kihlberg.com\/de\/gerate\/industrie\/126152\/\" \/>\n<meta property=\"og:locale\" content=\"de_DE\" \/>\n<meta property=\"og:type\" content=\"article\" \/>\n<meta property=\"og:title\" content=\"Sisal plier JK20V779L\" \/>\n<meta property=\"og:description\" content=\"Die JK20V779L ist ein in Schweden hergestelltes Profiwerkzeug, das leicht und gut ausgeglichen ist und einen geringen Vibrationswert aufweist. Es verf\u00fcgt \u00fcber ein pneumatisches Antriebssystem f\u00fcr schnelles und effizientes Heften. Das Werkzeug ist f\u00fcr das industrielle Heften bestimmt, z. B. bei der Bettherstellung wie Polyether.\" \/>\n<meta property=\"og:url\" content=\"https:\/\/kihlberg.com\/de\/gerate\/industrie\/126152\/\" \/>\n<meta property=\"og:site_name\" content=\"Josef kihlberg\" \/>\n<meta property=\"article:modified_time\" content=\"2022-05-31T20:20:52+00:00\" \/>\n<meta property=\"og:image\" content=\"https:\/\/kihlberg.com\/wp-content\/uploads\/2018\/08\/126152.png\" \/>\n\t<meta property=\"og:image:width\" content=\"720\" \/>\n\t<meta property=\"og:image:height\" content=\"720\" \/>\n\t<meta property=\"og:image:type\" content=\"image\/png\" \/>\n<meta name=\"twitter:card\" content=\"summary_large_image\" \/>\n<meta name=\"twitter:label1\" content=\"Preis\" \/>\n\t<meta name=\"twitter:data1\" content=\"&euro;758\" \/>\n\t<meta name=\"twitter:label2\" content=\"Verf\u00fcgbarkeit\" \/>\n\t<meta name=\"twitter:data2\" content=\"Auf Lager\" \/>\n<script type=\"application\/ld+json\" class=\"yoast-schema-graph\">{\"@context\":\"https:\/\/schema.org\",\"@graph\":[{\"@type\":\"WebPage\",\"@id\":\"https:\/\/kihlberg.com\/de\/gerate\/industrie\/126152\/\",\"url\":\"https:\/\/kihlberg.com\/de\/gerate\/industrie\/126152\/\",\"name\":\"Sisal plier JK20V779L\",\"isPartOf\":{\"@id\":\"https:\/\/kihlberg.com\/de\/#website\"},\"primaryImageOfPage\":{\"@id\":\"https:\/\/kihlberg.com\/de\/gerate\/industrie\/126152\/#primaryimage\"},\"image\":{\"@id\":\"https:\/\/kihlberg.com\/de\/gerate\/industrie\/126152\/#primaryimage\"},\"thumbnailUrl\":\"https:\/\/kihlberg.com\/wp-content\/uploads\/2018\/08\/126152.png\",\"datePublished\":\"2018-09-21T10:34:02+00:00\",\"dateModified\":\"2022-05-31T20:20:52+00:00\",\"breadcrumb\":{\"@id\":\"https:\/\/kihlberg.com\/de\/gerate\/industrie\/126152\/#breadcrumb\"},\"inLanguage\":\"de-DE\",\"potentialAction\":[{\"@type\":\"ReadAction\",\"target\":[\"https:\/\/kihlberg.com\/de\/gerate\/industrie\/126152\/\"]}]},{\"@type\":\"ImageObject\",\"inLanguage\":\"de-DE\",\"@id\":\"https:\/\/kihlberg.com\/de\/gerate\/industrie\/126152\/#primaryimage\",\"url\":\"https:\/\/kihlberg.com\/wp-content\/uploads\/2018\/08\/126152.png\",\"contentUrl\":\"https:\/\/kihlberg.com\/wp-content\/uploads\/2018\/08\/126152.png\",\"width\":720,\"height\":720},{\"@type\":\"BreadcrumbList\",\"@id\":\"https:\/\/kihlberg.com\/de\/gerate\/industrie\/126152\/#breadcrumb\",\"itemListElement\":[{\"@type\":\"ListItem\",\"position\":1,\"name\":\"Home\",\"item\":\"https:\/\/kihlberg.com\/de\/\"},{\"@type\":\"ListItem\",\"position\":2,\"name\":\"Shop\",\"item\":\"https:\/\/kihlberg.com\/shop\/\"},{\"@type\":\"ListItem\",\"position\":3,\"name\":\"Ger\u00e4te\",\"item\":\"https:\/\/kihlberg.com\/de\/gerate\/\"},{\"@type\":\"ListItem\",\"position\":4,\"name\":\"Anwendung\",\"item\":\"https:\/\/kihlberg.com\/de\/gerate\/anwendung\/\"},{\"@type\":\"ListItem\",\"position\":5,\"name\":\"Bettherstellung\",\"item\":\"https:\/\/kihlberg.com\/de\/gerate\/anwendung\/bettherstellung\/\"},{\"@type\":\"ListItem\",\"position\":6,\"name\":\"Sisal-Zange JK20V779L\"}]},{\"@type\":\"WebSite\",\"@id\":\"https:\/\/kihlberg.com\/de\/#website\",\"url\":\"https:\/\/kihlberg.com\/de\/\",\"name\":\"Josef kihlberg\",\"description\":\"Made in Sweden. System manufacturer of premium staples &amp; tools that sets the standard. Legendary.\",\"publisher\":{\"@id\":\"https:\/\/kihlberg.com\/de\/#organization\"},\"potentialAction\":[{\"@type\":\"SearchAction\",\"target\":{\"@type\":\"EntryPoint\",\"urlTemplate\":\"https:\/\/kihlberg.com\/de\/?s={search_term_string}\"},\"query-input\":{\"@type\":\"PropertyValueSpecification\",\"valueRequired\":true,\"valueName\":\"search_term_string\"}}],\"inLanguage\":\"de-DE\"},{\"@type\":\"Organization\",\"@id\":\"https:\/\/kihlberg.com\/de\/#organization\",\"name\":\"Josef Kihlberg\",\"url\":\"https:\/\/kihlberg.com\/de\/\",\"logo\":{\"@type\":\"ImageObject\",\"inLanguage\":\"de-DE\",\"@id\":\"https:\/\/kihlberg.com\/de\/#\/schema\/logo\/image\/\",\"url\":\"https:\/\/kihlberg.com\/wp-content\/uploads\/2019\/01\/logo.jpg\",\"contentUrl\":\"https:\/\/kihlberg.com\/wp-content\/uploads\/2019\/01\/logo.jpg\",\"width\":850,\"height\":850,\"caption\":\"Josef Kihlberg\"},\"image\":{\"@id\":\"https:\/\/kihlberg.com\/de\/#\/schema\/logo\/image\/\"}}]}<\/script>\n<meta property=\"product:price:amount\" content=\"758\" \/>\n<meta property=\"product:price:currency\" content=\"EUR\" \/>\n<meta property=\"og:availability\" content=\"instock\" \/>\n<meta property=\"product:availability\" content=\"instock\" \/>\n<meta property=\"product:retailer_item_id\" content=\"126152\" \/>\n<meta property=\"product:condition\" content=\"new\" \/>\n<!-- \/ Yoast SEO plugin. -->","yoast_head_json":{"title":"Sisal plier JK20V779L","robots":{"index":"index","follow":"follow","max-snippet":"max-snippet:-1","max-image-preview":"max-image-preview:large","max-video-preview":"max-video-preview:-1"},"canonical":"https:\/\/kihlberg.com\/de\/gerate\/industrie\/126152\/","og_locale":"de_DE","og_type":"article","og_title":"Sisal plier JK20V779L","og_description":"Die JK20V779L ist ein in Schweden hergestelltes Profiwerkzeug, das leicht und gut ausgeglichen ist und einen geringen Vibrationswert aufweist. Es verf\u00fcgt \u00fcber ein pneumatisches Antriebssystem f\u00fcr schnelles und effizientes Heften. Das Werkzeug ist f\u00fcr das industrielle Heften bestimmt, z. B. bei der Bettherstellung wie Polyether.","og_url":"https:\/\/kihlberg.com\/de\/gerate\/industrie\/126152\/","og_site_name":"Josef kihlberg","article_modified_time":"2022-05-31T20:20:52+00:00","og_image":[{"width":720,"height":720,"url":"https:\/\/kihlberg.com\/wp-content\/uploads\/2018\/08\/126152.png","type":"image\/png"}],"twitter_card":"summary_large_image","twitter_misc":{"Preis":"&euro;758","Verf\u00fcgbarkeit":"Auf Lager"},"schema":{"@context":"https:\/\/schema.org","@graph":[{"@type":"WebPage","@id":"https:\/\/kihlberg.com\/de\/gerate\/industrie\/126152\/","url":"https:\/\/kihlberg.com\/de\/gerate\/industrie\/126152\/","name":"Sisal plier JK20V779L","isPartOf":{"@id":"https:\/\/kihlberg.com\/de\/#website"},"primaryImageOfPage":{"@id":"https:\/\/kihlberg.com\/de\/gerate\/industrie\/126152\/#primaryimage"},"image":{"@id":"https:\/\/kihlberg.com\/de\/gerate\/industrie\/126152\/#primaryimage"},"thumbnailUrl":"https:\/\/kihlberg.com\/wp-content\/uploads\/2018\/08\/126152.png","datePublished":"2018-09-21T10:34:02+00:00","dateModified":"2022-05-31T20:20:52+00:00","breadcrumb":{"@id":"https:\/\/kihlberg.com\/de\/gerate\/industrie\/126152\/#breadcrumb"},"inLanguage":"de-DE","potentialAction":[{"@type":"ReadAction","target":["https:\/\/kihlberg.com\/de\/gerate\/industrie\/126152\/"]}]},{"@type":"ImageObject","inLanguage":"de-DE","@id":"https:\/\/kihlberg.com\/de\/gerate\/industrie\/126152\/#primaryimage","url":"https:\/\/kihlberg.com\/wp-content\/uploads\/2018\/08\/126152.png","contentUrl":"https:\/\/kihlberg.com\/wp-content\/uploads\/2018\/08\/126152.png","width":720,"height":720},{"@type":"BreadcrumbList","@id":"https:\/\/kihlberg.com\/de\/gerate\/industrie\/126152\/#breadcrumb","itemListElement":[{"@type":"ListItem","position":1,"name":"Home","item":"https:\/\/kihlberg.com\/de\/"},{"@type":"ListItem","position":2,"name":"Shop","item":"https:\/\/kihlberg.com\/shop\/"},{"@type":"ListItem","position":3,"name":"Ger\u00e4te","item":"https:\/\/kihlberg.com\/de\/gerate\/"},{"@type":"ListItem","position":4,"name":"Anwendung","item":"https:\/\/kihlberg.com\/de\/gerate\/anwendung\/"},{"@type":"ListItem","position":5,"name":"Bettherstellung","item":"https:\/\/kihlberg.com\/de\/gerate\/anwendung\/bettherstellung\/"},{"@type":"ListItem","position":6,"name":"Sisal-Zange JK20V779L"}]},{"@type":"WebSite","@id":"https:\/\/kihlberg.com\/de\/#website","url":"https:\/\/kihlberg.com\/de\/","name":"Josef kihlberg","description":"Made in Sweden. System manufacturer of premium staples &amp; tools that sets the standard. Legendary.","publisher":{"@id":"https:\/\/kihlberg.com\/de\/#organization"},"potentialAction":[{"@type":"SearchAction","target":{"@type":"EntryPoint","urlTemplate":"https:\/\/kihlberg.com\/de\/?s={search_term_string}"},"query-input":{"@type":"PropertyValueSpecification","valueRequired":true,"valueName":"search_term_string"}}],"inLanguage":"de-DE"},{"@type":"Organization","@id":"https:\/\/kihlberg.com\/de\/#organization","name":"Josef Kihlberg","url":"https:\/\/kihlberg.com\/de\/","logo":{"@type":"ImageObject","inLanguage":"de-DE","@id":"https:\/\/kihlberg.com\/de\/#\/schema\/logo\/image\/","url":"https:\/\/kihlberg.com\/wp-content\/uploads\/2019\/01\/logo.jpg","contentUrl":"https:\/\/kihlberg.com\/wp-content\/uploads\/2019\/01\/logo.jpg","width":850,"height":850,"caption":"Josef Kihlberg"},"image":{"@id":"https:\/\/kihlberg.com\/de\/#\/schema\/logo\/image\/"}}]},"product_price_amount":"758","product_price_currency":"EUR","og_availability":"instock","product_availability":"instock","product_retailer_item_id":"126152","product_condition":"new"},"_links":{"self":[{"href":"https:\/\/kihlberg.com\/de\/wp-json\/wp\/v2\/product\/97949","targetHints":{"allow":["GET"]}}],"collection":[{"href":"https:\/\/kihlberg.com\/de\/wp-json\/wp\/v2\/product"}],"about":[{"href":"https:\/\/kihlberg.com\/de\/wp-json\/wp\/v2\/types\/product"}],"wp:featuredmedia":[{"embeddable":true,"href":"https:\/\/kihlberg.com\/de\/wp-json\/wp\/v2\/media\/97950"}],"wp:attachment":[{"href":"https:\/\/kihlberg.com\/de\/wp-json\/wp\/v2\/media?parent=97949"}],"wp:term":[{"taxonomy":"product_brand","embeddable":true,"href":"https:\/\/kihlberg.com\/de\/wp-json\/wp\/v2\/product_brand?post=97949"},{"taxonomy":"product_cat","embeddable":true,"href":"https:\/\/kihlberg.com\/de\/wp-json\/wp\/v2\/product_cat?post=97949"}],"curies":[{"name":"wp","href":"https:\/\/api.w.org\/{rel}","templated":true}]}}