{"id":97967,"date":"2018-09-21T10:33:24","date_gmt":"2018-09-21T10:33:24","guid":{"rendered":"https:\/\/kihlberg.com\/product\/126036\/"},"modified":"2022-05-31T22:21:28","modified_gmt":"2022-05-31T20:21:28","slug":"126036","status":"publish","type":"product","link":"https:\/\/kihlberg.com\/de\/gerate\/industrie\/126036\/","title":{"rendered":"Hefter JK20A680"},"content":{"rendered":"","protected":false},"excerpt":{"rendered":"<p>Unser in Schweden hergestelltes Druckluftwerkzeug JK20A680 f\u00fcr Fachleute ist ein ausgezeichnetes Werkzeug f\u00fcr die M\u00f6bel-, Bett- und Tischlereiindustrie, aber nat\u00fcrlich auch f\u00fcr andere Materialien wie Bretter und Platten an Holz. Der JK20A680 hat ein hohes Ma\u00df an Effizienz, was Zeit spart und die Profitabilit\u00e4t im Laufe der Zeit erh\u00f6ht. Der automatische Betrieb des Hefters ist sehr schnell, bis zu 30 Klammern\/Sekunde (1.700 pro Minute), und kann mit einer Stellschraube einfach von Null bis Maximum ge\u00e4ndert werden. Falls erforderlich, kann der automatische Betrieb durch einen Knopfdruck ausgeschaltet werden. Auf diese Weise k\u00f6nnen Sie einfach zwischen Einzelschuss und automatischem Schuss wechseln. Dieses einzigartige Design vereinfacht das Arbeiten mit dem Werkzeug. Der niedrige Ger\u00e4uschpegel und zu vernachl\u00e4ssigende R\u00fccksto\u00df machen den JK20A680 noch attraktiver.<\/p>\n","protected":false},"featured_media":97968,"template":"","meta":{"_acf_changed":false,"_genesis_hide_title":false,"_genesis_hide_breadcrumbs":false,"_genesis_hide_singular_image":false,"_genesis_hide_footer_widgets":false,"_genesis_custom_body_class":"","_genesis_custom_post_class":"","_genesis_layout":""},"product_brand":[],"product_cat":[1943,1951,1941,1953,1950],"class_list":{"0":"post-97967","1":"product","2":"type-product","3":"status-publish","4":"has-post-thumbnail","6":"product_cat-bettherstellung","7":"product_cat-fenster-und-turen","8":"product_cat-gerate","9":"product_cat-industrie","10":"product_cat-polstermobel","11":"pa_leg-length-230-de","12":"pa_lubrication-ja-de","13":"pa_magazine-capacity-143-de","14":"pa_max-pressure-7-de","15":"pa_nose-length-14-de","16":"pa_staple-leg-length-6-14-mm-1-4-9-16-in-de","17":"entry","19":"first","20":"instock","21":"taxable","22":"shipping-taxable","23":"purchasable","24":"product-type-simple"},"acf":[],"yoast_head":"<!-- This site is optimized with the Yoast SEO plugin v26.1.1 - https:\/\/yoast.com\/wordpress\/plugins\/seo\/ -->\n<title>Stapler JK20A680<\/title>\n<meta name=\"robots\" content=\"index, follow, max-snippet:-1, max-image-preview:large, max-video-preview:-1\" \/>\n<link rel=\"canonical\" href=\"https:\/\/kihlberg.com\/de\/gerate\/industrie\/126036\/\" \/>\n<meta property=\"og:locale\" content=\"de_DE\" \/>\n<meta property=\"og:type\" content=\"article\" \/>\n<meta property=\"og:title\" content=\"Stapler JK20A680\" \/>\n<meta property=\"og:description\" content=\"Unser in Schweden hergestelltes Druckluftwerkzeug JK20A680 f\u00fcr Fachleute ist ein ausgezeichnetes Werkzeug f\u00fcr die M\u00f6bel-, Bett- und Tischlereiindustrie, aber nat\u00fcrlich auch f\u00fcr andere Materialien wie Bretter und Platten an Holz. Der JK20A680 hat ein hohes Ma\u00df an Effizienz, was Zeit spart und die Profitabilit\u00e4t im Laufe der Zeit erh\u00f6ht. Der automatische Betrieb des Hefters ist sehr schnell, bis zu 30 Klammern\/Sekunde (1.700 pro Minute), und kann mit einer Stellschraube einfach von Null bis Maximum ge\u00e4ndert werden. Falls erforderlich, kann der automatische Betrieb durch einen Knopfdruck ausgeschaltet werden. Auf diese Weise k\u00f6nnen Sie einfach zwischen Einzelschuss und automatischem Schuss wechseln. Dieses einzigartige Design vereinfacht das Arbeiten mit dem Werkzeug. Der niedrige Ger\u00e4uschpegel und zu vernachl\u00e4ssigende R\u00fccksto\u00df machen den JK20A680 noch attraktiver.\" \/>\n<meta property=\"og:url\" content=\"https:\/\/kihlberg.com\/de\/gerate\/industrie\/126036\/\" \/>\n<meta property=\"og:site_name\" content=\"Josef kihlberg\" \/>\n<meta property=\"article:modified_time\" content=\"2022-05-31T20:21:28+00:00\" \/>\n<meta property=\"og:image\" content=\"https:\/\/kihlberg.com\/wp-content\/uploads\/2018\/08\/126036.png\" \/>\n\t<meta property=\"og:image:width\" content=\"720\" \/>\n\t<meta property=\"og:image:height\" content=\"720\" \/>\n\t<meta property=\"og:image:type\" content=\"image\/png\" \/>\n<meta name=\"twitter:card\" content=\"summary_large_image\" \/>\n<meta name=\"twitter:label1\" content=\"Preis\" \/>\n\t<meta name=\"twitter:data1\" content=\"&euro;534\" \/>\n\t<meta name=\"twitter:label2\" content=\"Verf\u00fcgbarkeit\" \/>\n\t<meta name=\"twitter:data2\" content=\"Auf Lager\" \/>\n<script type=\"application\/ld+json\" class=\"yoast-schema-graph\">{\"@context\":\"https:\/\/schema.org\",\"@graph\":[{\"@type\":\"WebPage\",\"@id\":\"https:\/\/kihlberg.com\/de\/gerate\/industrie\/126036\/\",\"url\":\"https:\/\/kihlberg.com\/de\/gerate\/industrie\/126036\/\",\"name\":\"Stapler JK20A680\",\"isPartOf\":{\"@id\":\"https:\/\/kihlberg.com\/de\/#website\"},\"primaryImageOfPage\":{\"@id\":\"https:\/\/kihlberg.com\/de\/gerate\/industrie\/126036\/#primaryimage\"},\"image\":{\"@id\":\"https:\/\/kihlberg.com\/de\/gerate\/industrie\/126036\/#primaryimage\"},\"thumbnailUrl\":\"https:\/\/kihlberg.com\/wp-content\/uploads\/2018\/08\/126036.png\",\"datePublished\":\"2018-09-21T10:33:24+00:00\",\"dateModified\":\"2022-05-31T20:21:28+00:00\",\"breadcrumb\":{\"@id\":\"https:\/\/kihlberg.com\/de\/gerate\/industrie\/126036\/#breadcrumb\"},\"inLanguage\":\"de-DE\",\"potentialAction\":[{\"@type\":\"ReadAction\",\"target\":[\"https:\/\/kihlberg.com\/de\/gerate\/industrie\/126036\/\"]}]},{\"@type\":\"ImageObject\",\"inLanguage\":\"de-DE\",\"@id\":\"https:\/\/kihlberg.com\/de\/gerate\/industrie\/126036\/#primaryimage\",\"url\":\"https:\/\/kihlberg.com\/wp-content\/uploads\/2018\/08\/126036.png\",\"contentUrl\":\"https:\/\/kihlberg.com\/wp-content\/uploads\/2018\/08\/126036.png\",\"width\":720,\"height\":720},{\"@type\":\"BreadcrumbList\",\"@id\":\"https:\/\/kihlberg.com\/de\/gerate\/industrie\/126036\/#breadcrumb\",\"itemListElement\":[{\"@type\":\"ListItem\",\"position\":1,\"name\":\"Home\",\"item\":\"https:\/\/kihlberg.com\/de\/\"},{\"@type\":\"ListItem\",\"position\":2,\"name\":\"Shop\",\"item\":\"https:\/\/kihlberg.com\/shop\/\"},{\"@type\":\"ListItem\",\"position\":3,\"name\":\"Ger\u00e4te\",\"item\":\"https:\/\/kihlberg.com\/de\/gerate\/\"},{\"@type\":\"ListItem\",\"position\":4,\"name\":\"Anwendung\",\"item\":\"https:\/\/kihlberg.com\/de\/gerate\/anwendung\/\"},{\"@type\":\"ListItem\",\"position\":5,\"name\":\"Bettherstellung\",\"item\":\"https:\/\/kihlberg.com\/de\/gerate\/anwendung\/bettherstellung\/\"},{\"@type\":\"ListItem\",\"position\":6,\"name\":\"Hefter JK20A680\"}]},{\"@type\":\"WebSite\",\"@id\":\"https:\/\/kihlberg.com\/de\/#website\",\"url\":\"https:\/\/kihlberg.com\/de\/\",\"name\":\"Josef kihlberg\",\"description\":\"Made in Sweden. System manufacturer of premium staples &amp; tools that sets the standard. Legendary.\",\"publisher\":{\"@id\":\"https:\/\/kihlberg.com\/de\/#organization\"},\"potentialAction\":[{\"@type\":\"SearchAction\",\"target\":{\"@type\":\"EntryPoint\",\"urlTemplate\":\"https:\/\/kihlberg.com\/de\/?s={search_term_string}\"},\"query-input\":{\"@type\":\"PropertyValueSpecification\",\"valueRequired\":true,\"valueName\":\"search_term_string\"}}],\"inLanguage\":\"de-DE\"},{\"@type\":\"Organization\",\"@id\":\"https:\/\/kihlberg.com\/de\/#organization\",\"name\":\"Josef Kihlberg\",\"url\":\"https:\/\/kihlberg.com\/de\/\",\"logo\":{\"@type\":\"ImageObject\",\"inLanguage\":\"de-DE\",\"@id\":\"https:\/\/kihlberg.com\/de\/#\/schema\/logo\/image\/\",\"url\":\"https:\/\/kihlberg.com\/wp-content\/uploads\/2019\/01\/logo.jpg\",\"contentUrl\":\"https:\/\/kihlberg.com\/wp-content\/uploads\/2019\/01\/logo.jpg\",\"width\":850,\"height\":850,\"caption\":\"Josef Kihlberg\"},\"image\":{\"@id\":\"https:\/\/kihlberg.com\/de\/#\/schema\/logo\/image\/\"}}]}<\/script>\n<meta property=\"product:price:amount\" content=\"534\" \/>\n<meta property=\"product:price:currency\" content=\"EUR\" \/>\n<meta property=\"og:availability\" content=\"instock\" \/>\n<meta property=\"product:availability\" content=\"instock\" \/>\n<meta property=\"product:retailer_item_id\" content=\"126036\" \/>\n<meta property=\"product:condition\" content=\"new\" \/>\n<!-- \/ Yoast SEO plugin. -->","yoast_head_json":{"title":"Stapler JK20A680","robots":{"index":"index","follow":"follow","max-snippet":"max-snippet:-1","max-image-preview":"max-image-preview:large","max-video-preview":"max-video-preview:-1"},"canonical":"https:\/\/kihlberg.com\/de\/gerate\/industrie\/126036\/","og_locale":"de_DE","og_type":"article","og_title":"Stapler JK20A680","og_description":"Unser in Schweden hergestelltes Druckluftwerkzeug JK20A680 f\u00fcr Fachleute ist ein ausgezeichnetes Werkzeug f\u00fcr die M\u00f6bel-, Bett- und Tischlereiindustrie, aber nat\u00fcrlich auch f\u00fcr andere Materialien wie Bretter und Platten an Holz. Der JK20A680 hat ein hohes Ma\u00df an Effizienz, was Zeit spart und die Profitabilit\u00e4t im Laufe der Zeit erh\u00f6ht. Der automatische Betrieb des Hefters ist sehr schnell, bis zu 30 Klammern\/Sekunde (1.700 pro Minute), und kann mit einer Stellschraube einfach von Null bis Maximum ge\u00e4ndert werden. Falls erforderlich, kann der automatische Betrieb durch einen Knopfdruck ausgeschaltet werden. Auf diese Weise k\u00f6nnen Sie einfach zwischen Einzelschuss und automatischem Schuss wechseln. Dieses einzigartige Design vereinfacht das Arbeiten mit dem Werkzeug. Der niedrige Ger\u00e4uschpegel und zu vernachl\u00e4ssigende R\u00fccksto\u00df machen den JK20A680 noch attraktiver.","og_url":"https:\/\/kihlberg.com\/de\/gerate\/industrie\/126036\/","og_site_name":"Josef kihlberg","article_modified_time":"2022-05-31T20:21:28+00:00","og_image":[{"width":720,"height":720,"url":"https:\/\/kihlberg.com\/wp-content\/uploads\/2018\/08\/126036.png","type":"image\/png"}],"twitter_card":"summary_large_image","twitter_misc":{"Preis":"&euro;534","Verf\u00fcgbarkeit":"Auf Lager"},"schema":{"@context":"https:\/\/schema.org","@graph":[{"@type":"WebPage","@id":"https:\/\/kihlberg.com\/de\/gerate\/industrie\/126036\/","url":"https:\/\/kihlberg.com\/de\/gerate\/industrie\/126036\/","name":"Stapler JK20A680","isPartOf":{"@id":"https:\/\/kihlberg.com\/de\/#website"},"primaryImageOfPage":{"@id":"https:\/\/kihlberg.com\/de\/gerate\/industrie\/126036\/#primaryimage"},"image":{"@id":"https:\/\/kihlberg.com\/de\/gerate\/industrie\/126036\/#primaryimage"},"thumbnailUrl":"https:\/\/kihlberg.com\/wp-content\/uploads\/2018\/08\/126036.png","datePublished":"2018-09-21T10:33:24+00:00","dateModified":"2022-05-31T20:21:28+00:00","breadcrumb":{"@id":"https:\/\/kihlberg.com\/de\/gerate\/industrie\/126036\/#breadcrumb"},"inLanguage":"de-DE","potentialAction":[{"@type":"ReadAction","target":["https:\/\/kihlberg.com\/de\/gerate\/industrie\/126036\/"]}]},{"@type":"ImageObject","inLanguage":"de-DE","@id":"https:\/\/kihlberg.com\/de\/gerate\/industrie\/126036\/#primaryimage","url":"https:\/\/kihlberg.com\/wp-content\/uploads\/2018\/08\/126036.png","contentUrl":"https:\/\/kihlberg.com\/wp-content\/uploads\/2018\/08\/126036.png","width":720,"height":720},{"@type":"BreadcrumbList","@id":"https:\/\/kihlberg.com\/de\/gerate\/industrie\/126036\/#breadcrumb","itemListElement":[{"@type":"ListItem","position":1,"name":"Home","item":"https:\/\/kihlberg.com\/de\/"},{"@type":"ListItem","position":2,"name":"Shop","item":"https:\/\/kihlberg.com\/shop\/"},{"@type":"ListItem","position":3,"name":"Ger\u00e4te","item":"https:\/\/kihlberg.com\/de\/gerate\/"},{"@type":"ListItem","position":4,"name":"Anwendung","item":"https:\/\/kihlberg.com\/de\/gerate\/anwendung\/"},{"@type":"ListItem","position":5,"name":"Bettherstellung","item":"https:\/\/kihlberg.com\/de\/gerate\/anwendung\/bettherstellung\/"},{"@type":"ListItem","position":6,"name":"Hefter JK20A680"}]},{"@type":"WebSite","@id":"https:\/\/kihlberg.com\/de\/#website","url":"https:\/\/kihlberg.com\/de\/","name":"Josef kihlberg","description":"Made in Sweden. System manufacturer of premium staples &amp; tools that sets the standard. Legendary.","publisher":{"@id":"https:\/\/kihlberg.com\/de\/#organization"},"potentialAction":[{"@type":"SearchAction","target":{"@type":"EntryPoint","urlTemplate":"https:\/\/kihlberg.com\/de\/?s={search_term_string}"},"query-input":{"@type":"PropertyValueSpecification","valueRequired":true,"valueName":"search_term_string"}}],"inLanguage":"de-DE"},{"@type":"Organization","@id":"https:\/\/kihlberg.com\/de\/#organization","name":"Josef Kihlberg","url":"https:\/\/kihlberg.com\/de\/","logo":{"@type":"ImageObject","inLanguage":"de-DE","@id":"https:\/\/kihlberg.com\/de\/#\/schema\/logo\/image\/","url":"https:\/\/kihlberg.com\/wp-content\/uploads\/2019\/01\/logo.jpg","contentUrl":"https:\/\/kihlberg.com\/wp-content\/uploads\/2019\/01\/logo.jpg","width":850,"height":850,"caption":"Josef Kihlberg"},"image":{"@id":"https:\/\/kihlberg.com\/de\/#\/schema\/logo\/image\/"}}]},"product_price_amount":"534","product_price_currency":"EUR","og_availability":"instock","product_availability":"instock","product_retailer_item_id":"126036","product_condition":"new"},"_links":{"self":[{"href":"https:\/\/kihlberg.com\/de\/wp-json\/wp\/v2\/product\/97967","targetHints":{"allow":["GET"]}}],"collection":[{"href":"https:\/\/kihlberg.com\/de\/wp-json\/wp\/v2\/product"}],"about":[{"href":"https:\/\/kihlberg.com\/de\/wp-json\/wp\/v2\/types\/product"}],"wp:featuredmedia":[{"embeddable":true,"href":"https:\/\/kihlberg.com\/de\/wp-json\/wp\/v2\/media\/97968"}],"wp:attachment":[{"href":"https:\/\/kihlberg.com\/de\/wp-json\/wp\/v2\/media?parent=97967"}],"wp:term":[{"taxonomy":"product_brand","embeddable":true,"href":"https:\/\/kihlberg.com\/de\/wp-json\/wp\/v2\/product_brand?post=97967"},{"taxonomy":"product_cat","embeddable":true,"href":"https:\/\/kihlberg.com\/de\/wp-json\/wp\/v2\/product_cat?post=97967"}],"curies":[{"name":"wp","href":"https:\/\/api.w.org\/{rel}","templated":true}]}}