{"id":97981,"date":"2018-09-21T10:32:55","date_gmt":"2018-09-21T10:32:55","guid":{"rendered":"https:\/\/kihlberg.com\/product\/125104\/"},"modified":"2022-05-31T21:34:05","modified_gmt":"2022-05-31T19:34:05","slug":"125104","status":"publish","type":"product","link":"https:\/\/kihlberg.com\/de\/gerate\/verpackungen\/125104\/","title":{"rendered":"Deckelhefter a.560M22"},"content":{"rendered":"","protected":false},"excerpt":{"rendered":"<p>Ein in Schweden hergestellter, manueller Deckelhefter f\u00fcr den professionellen Einsatz. Das Werkzeug verf\u00fcgt \u00fcber Abdeckkappen aus technischem Kunststoff, was zu einem geringen Gewicht f\u00fchrt; Verschlei\u00dfteile bestehen aus Metall. JK560-22-Klammern werden im a.560M22 verwendet. Das Werkzeug kann einfach f\u00fcr verschiedene Hefttiefen angepasst werden und verf\u00fcgt \u00fcber einen pr\u00e4zisen (wiederholbaren) Heft- und einen vollst\u00e4ndigen Heftzyklus. Er ist gut ausgeglichen, hat einen bequemen Tragegriff und eine einstellbare Hefttiefe und erfordert minimale Wartung. Deckelhefter-Klammern sorgen f\u00fcr einen sicheren und gleichzeitig sauberen Verschluss, was das Diebstahlrisiko minimiert. Sie erhalten die besten Ergebnisse f\u00fcr einen sicheren Verschluss.<\/p>\n","protected":false},"featured_media":97983,"template":"","meta":{"_acf_changed":false,"_genesis_hide_title":false,"_genesis_hide_breadcrumbs":false,"_genesis_hide_singular_image":false,"_genesis_hide_footer_widgets":false,"_genesis_custom_body_class":"","_genesis_custom_post_class":"","_genesis_layout":""},"product_brand":[],"product_cat":[1948,1941,1949,1954],"class_list":{"0":"post-97981","1":"product","2":"type-product","3":"status-publish","4":"has-post-thumbnail","6":"product_cat-deckelheftungen","7":"product_cat-gerate","8":"product_cat-transportverpackungen","9":"product_cat-verpackungen","10":"pa_leg-length-455-de","11":"pa_lubrication-nee","12":"pa_magazine-capacity-100-de","13":"pa_staple-leg-length-22-mm-7-8-in-de","14":"entry","16":"first","17":"instock","18":"taxable","19":"shipping-taxable","20":"purchasable","21":"product-type-simple"},"acf":[],"yoast_head":"<!-- This site is optimized with the Yoast SEO plugin v26.1.1 - https:\/\/yoast.com\/wordpress\/plugins\/seo\/ -->\n<title>Top stapler a.560M22<\/title>\n<meta name=\"description\" content=\"a.560M22 | Made in Sweden | Tool of the highest quality for carton closing. Provides a secure and professional seal. Discover more!\" \/>\n<meta name=\"robots\" content=\"index, follow, max-snippet:-1, max-image-preview:large, max-video-preview:-1\" \/>\n<link rel=\"canonical\" href=\"https:\/\/kihlberg.com\/de\/gerate\/verpackungen\/125104\/\" \/>\n<meta property=\"og:locale\" content=\"de_DE\" \/>\n<meta property=\"og:type\" content=\"article\" \/>\n<meta property=\"og:title\" content=\"Top stapler a.560M22\" \/>\n<meta property=\"og:description\" content=\"a.560M22 | Made in Sweden | Tool of the highest quality for carton closing. Provides a secure and professional seal. Discover more!\" \/>\n<meta property=\"og:url\" content=\"https:\/\/kihlberg.com\/de\/gerate\/verpackungen\/125104\/\" \/>\n<meta property=\"og:site_name\" content=\"Josef kihlberg\" \/>\n<meta property=\"article:modified_time\" content=\"2022-05-31T19:34:05+00:00\" \/>\n<meta property=\"og:image\" content=\"https:\/\/kihlberg.com\/wp-content\/uploads\/2018\/09\/top-stapler-560m-561m-1.jpg\" \/>\n\t<meta property=\"og:image:width\" content=\"720\" \/>\n\t<meta property=\"og:image:height\" content=\"720\" \/>\n\t<meta property=\"og:image:type\" content=\"image\/jpeg\" \/>\n<meta name=\"twitter:card\" content=\"summary_large_image\" \/>\n<meta name=\"twitter:label1\" content=\"Preis\" \/>\n\t<meta name=\"twitter:data1\" content=\"&euro;348\" \/>\n\t<meta name=\"twitter:label2\" content=\"Verf\u00fcgbarkeit\" \/>\n\t<meta name=\"twitter:data2\" content=\"Auf Lager\" \/>\n<script type=\"application\/ld+json\" class=\"yoast-schema-graph\">{\"@context\":\"https:\/\/schema.org\",\"@graph\":[{\"@type\":\"WebPage\",\"@id\":\"https:\/\/kihlberg.com\/de\/gerate\/verpackungen\/125104\/\",\"url\":\"https:\/\/kihlberg.com\/de\/gerate\/verpackungen\/125104\/\",\"name\":\"Top stapler a.560M22\",\"isPartOf\":{\"@id\":\"https:\/\/kihlberg.com\/de\/#website\"},\"primaryImageOfPage\":{\"@id\":\"https:\/\/kihlberg.com\/de\/gerate\/verpackungen\/125104\/#primaryimage\"},\"image\":{\"@id\":\"https:\/\/kihlberg.com\/de\/gerate\/verpackungen\/125104\/#primaryimage\"},\"thumbnailUrl\":\"https:\/\/kihlberg.com\/wp-content\/uploads\/2018\/09\/top-stapler-560m-561m-1.jpg\",\"datePublished\":\"2018-09-21T10:32:55+00:00\",\"dateModified\":\"2022-05-31T19:34:05+00:00\",\"description\":\"a.560M22 | Made in Sweden | Tool of the highest quality for carton closing. Provides a secure and professional seal. Discover more!\",\"breadcrumb\":{\"@id\":\"https:\/\/kihlberg.com\/de\/gerate\/verpackungen\/125104\/#breadcrumb\"},\"inLanguage\":\"de-DE\",\"potentialAction\":[{\"@type\":\"ReadAction\",\"target\":[\"https:\/\/kihlberg.com\/de\/gerate\/verpackungen\/125104\/\"]}]},{\"@type\":\"ImageObject\",\"inLanguage\":\"de-DE\",\"@id\":\"https:\/\/kihlberg.com\/de\/gerate\/verpackungen\/125104\/#primaryimage\",\"url\":\"https:\/\/kihlberg.com\/wp-content\/uploads\/2018\/09\/top-stapler-560m-561m-1.jpg\",\"contentUrl\":\"https:\/\/kihlberg.com\/wp-content\/uploads\/2018\/09\/top-stapler-560m-561m-1.jpg\",\"width\":720,\"height\":720},{\"@type\":\"BreadcrumbList\",\"@id\":\"https:\/\/kihlberg.com\/de\/gerate\/verpackungen\/125104\/#breadcrumb\",\"itemListElement\":[{\"@type\":\"ListItem\",\"position\":1,\"name\":\"Home\",\"item\":\"https:\/\/kihlberg.com\/de\/\"},{\"@type\":\"ListItem\",\"position\":2,\"name\":\"Shop\",\"item\":\"https:\/\/kihlberg.com\/shop\/\"},{\"@type\":\"ListItem\",\"position\":3,\"name\":\"Ger\u00e4te\",\"item\":\"https:\/\/kihlberg.com\/de\/gerate\/\"},{\"@type\":\"ListItem\",\"position\":4,\"name\":\"Anwendung\",\"item\":\"https:\/\/kihlberg.com\/de\/gerate\/anwendung\/\"},{\"@type\":\"ListItem\",\"position\":5,\"name\":\"Deckelheftungen\",\"item\":\"https:\/\/kihlberg.com\/de\/gerate\/anwendung\/deckelheftungen\/\"},{\"@type\":\"ListItem\",\"position\":6,\"name\":\"Deckelhefter a.560M22\"}]},{\"@type\":\"WebSite\",\"@id\":\"https:\/\/kihlberg.com\/de\/#website\",\"url\":\"https:\/\/kihlberg.com\/de\/\",\"name\":\"Josef kihlberg\",\"description\":\"Made in Sweden. System manufacturer of premium staples &amp; tools that sets the standard. Legendary.\",\"publisher\":{\"@id\":\"https:\/\/kihlberg.com\/de\/#organization\"},\"potentialAction\":[{\"@type\":\"SearchAction\",\"target\":{\"@type\":\"EntryPoint\",\"urlTemplate\":\"https:\/\/kihlberg.com\/de\/?s={search_term_string}\"},\"query-input\":{\"@type\":\"PropertyValueSpecification\",\"valueRequired\":true,\"valueName\":\"search_term_string\"}}],\"inLanguage\":\"de-DE\"},{\"@type\":\"Organization\",\"@id\":\"https:\/\/kihlberg.com\/de\/#organization\",\"name\":\"Josef Kihlberg\",\"url\":\"https:\/\/kihlberg.com\/de\/\",\"logo\":{\"@type\":\"ImageObject\",\"inLanguage\":\"de-DE\",\"@id\":\"https:\/\/kihlberg.com\/de\/#\/schema\/logo\/image\/\",\"url\":\"https:\/\/kihlberg.com\/wp-content\/uploads\/2019\/01\/logo.jpg\",\"contentUrl\":\"https:\/\/kihlberg.com\/wp-content\/uploads\/2019\/01\/logo.jpg\",\"width\":850,\"height\":850,\"caption\":\"Josef Kihlberg\"},\"image\":{\"@id\":\"https:\/\/kihlberg.com\/de\/#\/schema\/logo\/image\/\"}}]}<\/script>\n<meta property=\"product:price:amount\" content=\"348\" \/>\n<meta property=\"product:price:currency\" content=\"EUR\" \/>\n<meta property=\"og:availability\" content=\"instock\" \/>\n<meta property=\"product:availability\" content=\"instock\" \/>\n<meta property=\"product:retailer_item_id\" content=\"125104\" \/>\n<meta property=\"product:condition\" content=\"new\" \/>\n<!-- \/ Yoast SEO plugin. -->","yoast_head_json":{"title":"Top stapler a.560M22","description":"a.560M22 | Made in Sweden | Tool of the highest quality for carton closing. Provides a secure and professional seal. Discover more!","robots":{"index":"index","follow":"follow","max-snippet":"max-snippet:-1","max-image-preview":"max-image-preview:large","max-video-preview":"max-video-preview:-1"},"canonical":"https:\/\/kihlberg.com\/de\/gerate\/verpackungen\/125104\/","og_locale":"de_DE","og_type":"article","og_title":"Top stapler a.560M22","og_description":"a.560M22 | Made in Sweden | Tool of the highest quality for carton closing. Provides a secure and professional seal. Discover more!","og_url":"https:\/\/kihlberg.com\/de\/gerate\/verpackungen\/125104\/","og_site_name":"Josef kihlberg","article_modified_time":"2022-05-31T19:34:05+00:00","og_image":[{"width":720,"height":720,"url":"https:\/\/kihlberg.com\/wp-content\/uploads\/2018\/09\/top-stapler-560m-561m-1.jpg","type":"image\/jpeg"}],"twitter_card":"summary_large_image","twitter_misc":{"Preis":"&euro;348","Verf\u00fcgbarkeit":"Auf Lager"},"schema":{"@context":"https:\/\/schema.org","@graph":[{"@type":"WebPage","@id":"https:\/\/kihlberg.com\/de\/gerate\/verpackungen\/125104\/","url":"https:\/\/kihlberg.com\/de\/gerate\/verpackungen\/125104\/","name":"Top stapler a.560M22","isPartOf":{"@id":"https:\/\/kihlberg.com\/de\/#website"},"primaryImageOfPage":{"@id":"https:\/\/kihlberg.com\/de\/gerate\/verpackungen\/125104\/#primaryimage"},"image":{"@id":"https:\/\/kihlberg.com\/de\/gerate\/verpackungen\/125104\/#primaryimage"},"thumbnailUrl":"https:\/\/kihlberg.com\/wp-content\/uploads\/2018\/09\/top-stapler-560m-561m-1.jpg","datePublished":"2018-09-21T10:32:55+00:00","dateModified":"2022-05-31T19:34:05+00:00","description":"a.560M22 | Made in Sweden | Tool of the highest quality for carton closing. Provides a secure and professional seal. Discover more!","breadcrumb":{"@id":"https:\/\/kihlberg.com\/de\/gerate\/verpackungen\/125104\/#breadcrumb"},"inLanguage":"de-DE","potentialAction":[{"@type":"ReadAction","target":["https:\/\/kihlberg.com\/de\/gerate\/verpackungen\/125104\/"]}]},{"@type":"ImageObject","inLanguage":"de-DE","@id":"https:\/\/kihlberg.com\/de\/gerate\/verpackungen\/125104\/#primaryimage","url":"https:\/\/kihlberg.com\/wp-content\/uploads\/2018\/09\/top-stapler-560m-561m-1.jpg","contentUrl":"https:\/\/kihlberg.com\/wp-content\/uploads\/2018\/09\/top-stapler-560m-561m-1.jpg","width":720,"height":720},{"@type":"BreadcrumbList","@id":"https:\/\/kihlberg.com\/de\/gerate\/verpackungen\/125104\/#breadcrumb","itemListElement":[{"@type":"ListItem","position":1,"name":"Home","item":"https:\/\/kihlberg.com\/de\/"},{"@type":"ListItem","position":2,"name":"Shop","item":"https:\/\/kihlberg.com\/shop\/"},{"@type":"ListItem","position":3,"name":"Ger\u00e4te","item":"https:\/\/kihlberg.com\/de\/gerate\/"},{"@type":"ListItem","position":4,"name":"Anwendung","item":"https:\/\/kihlberg.com\/de\/gerate\/anwendung\/"},{"@type":"ListItem","position":5,"name":"Deckelheftungen","item":"https:\/\/kihlberg.com\/de\/gerate\/anwendung\/deckelheftungen\/"},{"@type":"ListItem","position":6,"name":"Deckelhefter a.560M22"}]},{"@type":"WebSite","@id":"https:\/\/kihlberg.com\/de\/#website","url":"https:\/\/kihlberg.com\/de\/","name":"Josef kihlberg","description":"Made in Sweden. System manufacturer of premium staples &amp; tools that sets the standard. Legendary.","publisher":{"@id":"https:\/\/kihlberg.com\/de\/#organization"},"potentialAction":[{"@type":"SearchAction","target":{"@type":"EntryPoint","urlTemplate":"https:\/\/kihlberg.com\/de\/?s={search_term_string}"},"query-input":{"@type":"PropertyValueSpecification","valueRequired":true,"valueName":"search_term_string"}}],"inLanguage":"de-DE"},{"@type":"Organization","@id":"https:\/\/kihlberg.com\/de\/#organization","name":"Josef Kihlberg","url":"https:\/\/kihlberg.com\/de\/","logo":{"@type":"ImageObject","inLanguage":"de-DE","@id":"https:\/\/kihlberg.com\/de\/#\/schema\/logo\/image\/","url":"https:\/\/kihlberg.com\/wp-content\/uploads\/2019\/01\/logo.jpg","contentUrl":"https:\/\/kihlberg.com\/wp-content\/uploads\/2019\/01\/logo.jpg","width":850,"height":850,"caption":"Josef Kihlberg"},"image":{"@id":"https:\/\/kihlberg.com\/de\/#\/schema\/logo\/image\/"}}]},"product_price_amount":"348","product_price_currency":"EUR","og_availability":"instock","product_availability":"instock","product_retailer_item_id":"125104","product_condition":"new"},"_links":{"self":[{"href":"https:\/\/kihlberg.com\/de\/wp-json\/wp\/v2\/product\/97981","targetHints":{"allow":["GET"]}}],"collection":[{"href":"https:\/\/kihlberg.com\/de\/wp-json\/wp\/v2\/product"}],"about":[{"href":"https:\/\/kihlberg.com\/de\/wp-json\/wp\/v2\/types\/product"}],"wp:featuredmedia":[{"embeddable":true,"href":"https:\/\/kihlberg.com\/de\/wp-json\/wp\/v2\/media\/97983"}],"wp:attachment":[{"href":"https:\/\/kihlberg.com\/de\/wp-json\/wp\/v2\/media?parent=97981"}],"wp:term":[{"taxonomy":"product_brand","embeddable":true,"href":"https:\/\/kihlberg.com\/de\/wp-json\/wp\/v2\/product_brand?post=97981"},{"taxonomy":"product_cat","embeddable":true,"href":"https:\/\/kihlberg.com\/de\/wp-json\/wp\/v2\/product_cat?post=97981"}],"curies":[{"name":"wp","href":"https:\/\/api.w.org\/{rel}","templated":true}]}}