{"id":97986,"date":"2018-09-21T10:32:47","date_gmt":"2018-09-21T10:32:47","guid":{"rendered":"https:\/\/kihlberg.com\/product\/126167\/"},"modified":"2022-05-31T22:21:16","modified_gmt":"2022-05-31T20:21:16","slug":"126167","status":"publish","type":"product","link":"https:\/\/kihlberg.com\/de\/gerate\/industrie\/126167\/","title":{"rendered":"Hefter JK24-690"},"content":{"rendered":"","protected":false},"excerpt":{"rendered":"<p>Der JK24-690 ist ein pneumatisches, in Schweden hergestelltes, \u00e4u\u00dferst effektives Profiwerkzeug f\u00fcr die M\u00f6belindustrie. Dieses Einzelschu\u00dfwerkzeug ist zum Nageln von Brettern an die R\u00fcckseiten der Schrankm\u00f6bel, B\u00fccherschr\u00e4nke und Schubladenb\u00f6den geeignet. Das Heften von Gleitschienen ist ein weiteres Anwendungsgebiet. Der JK24-690 hat einen zu vernachl\u00e4ssigenden R\u00fccksto\u00df, ein geringes Gewicht und einen guten Ausgleich. Das Magazin wird von oben beladen und verhindert so w\u00e4hrend des Beladens eine versehentliche Z\u00fcndung in Richtung Bedienergesicht. Das Design der Nase erm\u00f6glicht hochgenaues Heften. Die lange Nase hat eine Schwenkt\u00fcr, die leicht ge\u00f6ffnet werden kann, wenn eine Reinigung erforderlich ist. Das Design der Nase erm\u00f6glicht das Nageln auf engstem Raum und in Schlitzen und Nuten. Der Hefter hat dank eines effektiven Schalld\u00e4mpfers einen niedrigen Ger\u00e4uschpegel. Wenn ein Werkzeug f\u00fcr k\u00fcrzere Beinl\u00e4ngen ben\u00f6tigt wird, empfehlen wir den JK20-690.<\/p>\n","protected":false},"featured_media":97987,"template":"","meta":{"_acf_changed":false,"_genesis_hide_title":false,"_genesis_hide_breadcrumbs":false,"_genesis_hide_singular_image":false,"_genesis_hide_footer_widgets":false,"_genesis_custom_body_class":"","_genesis_custom_post_class":"","_genesis_layout":""},"product_brand":[],"product_cat":[1943,1951,1941,1953],"class_list":{"0":"post-97986","1":"product","2":"type-product","3":"status-publish","4":"has-post-thumbnail","6":"product_cat-bettherstellung","7":"product_cat-fenster-und-turen","8":"product_cat-gerate","9":"product_cat-industrie","10":"pa_leg-length-230-de","11":"pa_lubrication-ja-de","12":"pa_magazine-capacity-125-de","13":"pa_max-pressure-7-de","14":"pa_nose-length-20-de","15":"pa_staple-leg-length-12-19-mm-1-2-3-4-in-de","16":"entry","18":"first","19":"instock","20":"taxable","21":"shipping-taxable","22":"purchasable","23":"product-type-simple"},"acf":[],"yoast_head":"<!-- This site is optimized with the Yoast SEO plugin v26.1.1 - https:\/\/yoast.com\/wordpress\/plugins\/seo\/ -->\n<title>Stapler JK24-690<\/title>\n<meta name=\"robots\" content=\"index, follow, max-snippet:-1, max-image-preview:large, max-video-preview:-1\" \/>\n<link rel=\"canonical\" href=\"https:\/\/kihlberg.com\/de\/gerate\/industrie\/126167\/\" \/>\n<meta property=\"og:locale\" content=\"de_DE\" \/>\n<meta property=\"og:type\" content=\"article\" \/>\n<meta property=\"og:title\" content=\"Stapler JK24-690\" \/>\n<meta property=\"og:description\" content=\"Der JK24-690 ist ein pneumatisches, in Schweden hergestelltes, \u00e4u\u00dferst effektives Profiwerkzeug f\u00fcr die M\u00f6belindustrie. Dieses Einzelschu\u00dfwerkzeug ist zum Nageln von Brettern an die R\u00fcckseiten der Schrankm\u00f6bel, B\u00fccherschr\u00e4nke und Schubladenb\u00f6den geeignet. Das Heften von Gleitschienen ist ein weiteres Anwendungsgebiet. Der JK24-690 hat einen zu vernachl\u00e4ssigenden R\u00fccksto\u00df, ein geringes Gewicht und einen guten Ausgleich. Das Magazin wird von oben beladen und verhindert so w\u00e4hrend des Beladens eine versehentliche Z\u00fcndung in Richtung Bedienergesicht. Das Design der Nase erm\u00f6glicht hochgenaues Heften. Die lange Nase hat eine Schwenkt\u00fcr, die leicht ge\u00f6ffnet werden kann, wenn eine Reinigung erforderlich ist. Das Design der Nase erm\u00f6glicht das Nageln auf engstem Raum und in Schlitzen und Nuten. Der Hefter hat dank eines effektiven Schalld\u00e4mpfers einen niedrigen Ger\u00e4uschpegel. Wenn ein Werkzeug f\u00fcr k\u00fcrzere Beinl\u00e4ngen ben\u00f6tigt wird, empfehlen wir den JK20-690.\" \/>\n<meta property=\"og:url\" content=\"https:\/\/kihlberg.com\/de\/gerate\/industrie\/126167\/\" \/>\n<meta property=\"og:site_name\" content=\"Josef kihlberg\" \/>\n<meta property=\"article:modified_time\" content=\"2022-05-31T20:21:16+00:00\" \/>\n<meta property=\"og:image\" content=\"https:\/\/kihlberg.com\/wp-content\/uploads\/2018\/08\/126167.png\" \/>\n\t<meta property=\"og:image:width\" content=\"720\" \/>\n\t<meta property=\"og:image:height\" content=\"720\" \/>\n\t<meta property=\"og:image:type\" content=\"image\/png\" \/>\n<meta name=\"twitter:card\" content=\"summary_large_image\" \/>\n<meta name=\"twitter:label1\" content=\"Preis\" \/>\n\t<meta name=\"twitter:data1\" content=\"&euro;560\" \/>\n\t<meta name=\"twitter:label2\" content=\"Verf\u00fcgbarkeit\" \/>\n\t<meta name=\"twitter:data2\" content=\"Auf Lager\" \/>\n<script type=\"application\/ld+json\" class=\"yoast-schema-graph\">{\"@context\":\"https:\/\/schema.org\",\"@graph\":[{\"@type\":\"WebPage\",\"@id\":\"https:\/\/kihlberg.com\/de\/gerate\/industrie\/126167\/\",\"url\":\"https:\/\/kihlberg.com\/de\/gerate\/industrie\/126167\/\",\"name\":\"Stapler JK24-690\",\"isPartOf\":{\"@id\":\"https:\/\/kihlberg.com\/de\/#website\"},\"primaryImageOfPage\":{\"@id\":\"https:\/\/kihlberg.com\/de\/gerate\/industrie\/126167\/#primaryimage\"},\"image\":{\"@id\":\"https:\/\/kihlberg.com\/de\/gerate\/industrie\/126167\/#primaryimage\"},\"thumbnailUrl\":\"https:\/\/kihlberg.com\/wp-content\/uploads\/2018\/08\/126167.png\",\"datePublished\":\"2018-09-21T10:32:47+00:00\",\"dateModified\":\"2022-05-31T20:21:16+00:00\",\"breadcrumb\":{\"@id\":\"https:\/\/kihlberg.com\/de\/gerate\/industrie\/126167\/#breadcrumb\"},\"inLanguage\":\"de-DE\",\"potentialAction\":[{\"@type\":\"ReadAction\",\"target\":[\"https:\/\/kihlberg.com\/de\/gerate\/industrie\/126167\/\"]}]},{\"@type\":\"ImageObject\",\"inLanguage\":\"de-DE\",\"@id\":\"https:\/\/kihlberg.com\/de\/gerate\/industrie\/126167\/#primaryimage\",\"url\":\"https:\/\/kihlberg.com\/wp-content\/uploads\/2018\/08\/126167.png\",\"contentUrl\":\"https:\/\/kihlberg.com\/wp-content\/uploads\/2018\/08\/126167.png\",\"width\":720,\"height\":720},{\"@type\":\"BreadcrumbList\",\"@id\":\"https:\/\/kihlberg.com\/de\/gerate\/industrie\/126167\/#breadcrumb\",\"itemListElement\":[{\"@type\":\"ListItem\",\"position\":1,\"name\":\"Home\",\"item\":\"https:\/\/kihlberg.com\/de\/\"},{\"@type\":\"ListItem\",\"position\":2,\"name\":\"Shop\",\"item\":\"https:\/\/kihlberg.com\/shop\/\"},{\"@type\":\"ListItem\",\"position\":3,\"name\":\"Ger\u00e4te\",\"item\":\"https:\/\/kihlberg.com\/de\/gerate\/\"},{\"@type\":\"ListItem\",\"position\":4,\"name\":\"Anwendung\",\"item\":\"https:\/\/kihlberg.com\/de\/gerate\/anwendung\/\"},{\"@type\":\"ListItem\",\"position\":5,\"name\":\"Bettherstellung\",\"item\":\"https:\/\/kihlberg.com\/de\/gerate\/anwendung\/bettherstellung\/\"},{\"@type\":\"ListItem\",\"position\":6,\"name\":\"Hefter JK24-690\"}]},{\"@type\":\"WebSite\",\"@id\":\"https:\/\/kihlberg.com\/de\/#website\",\"url\":\"https:\/\/kihlberg.com\/de\/\",\"name\":\"Josef kihlberg\",\"description\":\"Made in Sweden. System manufacturer of premium staples &amp; tools that sets the standard. Legendary.\",\"publisher\":{\"@id\":\"https:\/\/kihlberg.com\/de\/#organization\"},\"potentialAction\":[{\"@type\":\"SearchAction\",\"target\":{\"@type\":\"EntryPoint\",\"urlTemplate\":\"https:\/\/kihlberg.com\/de\/?s={search_term_string}\"},\"query-input\":{\"@type\":\"PropertyValueSpecification\",\"valueRequired\":true,\"valueName\":\"search_term_string\"}}],\"inLanguage\":\"de-DE\"},{\"@type\":\"Organization\",\"@id\":\"https:\/\/kihlberg.com\/de\/#organization\",\"name\":\"Josef Kihlberg\",\"url\":\"https:\/\/kihlberg.com\/de\/\",\"logo\":{\"@type\":\"ImageObject\",\"inLanguage\":\"de-DE\",\"@id\":\"https:\/\/kihlberg.com\/de\/#\/schema\/logo\/image\/\",\"url\":\"https:\/\/kihlberg.com\/wp-content\/uploads\/2019\/01\/logo.jpg\",\"contentUrl\":\"https:\/\/kihlberg.com\/wp-content\/uploads\/2019\/01\/logo.jpg\",\"width\":850,\"height\":850,\"caption\":\"Josef Kihlberg\"},\"image\":{\"@id\":\"https:\/\/kihlberg.com\/de\/#\/schema\/logo\/image\/\"}}]}<\/script>\n<meta property=\"product:price:amount\" content=\"560\" \/>\n<meta property=\"product:price:currency\" content=\"EUR\" \/>\n<meta property=\"og:availability\" content=\"instock\" \/>\n<meta property=\"product:availability\" content=\"instock\" \/>\n<meta property=\"product:retailer_item_id\" content=\"126167\" \/>\n<meta property=\"product:condition\" content=\"new\" \/>\n<!-- \/ Yoast SEO plugin. -->","yoast_head_json":{"title":"Stapler JK24-690","robots":{"index":"index","follow":"follow","max-snippet":"max-snippet:-1","max-image-preview":"max-image-preview:large","max-video-preview":"max-video-preview:-1"},"canonical":"https:\/\/kihlberg.com\/de\/gerate\/industrie\/126167\/","og_locale":"de_DE","og_type":"article","og_title":"Stapler JK24-690","og_description":"Der JK24-690 ist ein pneumatisches, in Schweden hergestelltes, \u00e4u\u00dferst effektives Profiwerkzeug f\u00fcr die M\u00f6belindustrie. Dieses Einzelschu\u00dfwerkzeug ist zum Nageln von Brettern an die R\u00fcckseiten der Schrankm\u00f6bel, B\u00fccherschr\u00e4nke und Schubladenb\u00f6den geeignet. Das Heften von Gleitschienen ist ein weiteres Anwendungsgebiet. Der JK24-690 hat einen zu vernachl\u00e4ssigenden R\u00fccksto\u00df, ein geringes Gewicht und einen guten Ausgleich. Das Magazin wird von oben beladen und verhindert so w\u00e4hrend des Beladens eine versehentliche Z\u00fcndung in Richtung Bedienergesicht. Das Design der Nase erm\u00f6glicht hochgenaues Heften. Die lange Nase hat eine Schwenkt\u00fcr, die leicht ge\u00f6ffnet werden kann, wenn eine Reinigung erforderlich ist. Das Design der Nase erm\u00f6glicht das Nageln auf engstem Raum und in Schlitzen und Nuten. Der Hefter hat dank eines effektiven Schalld\u00e4mpfers einen niedrigen Ger\u00e4uschpegel. Wenn ein Werkzeug f\u00fcr k\u00fcrzere Beinl\u00e4ngen ben\u00f6tigt wird, empfehlen wir den JK20-690.","og_url":"https:\/\/kihlberg.com\/de\/gerate\/industrie\/126167\/","og_site_name":"Josef kihlberg","article_modified_time":"2022-05-31T20:21:16+00:00","og_image":[{"width":720,"height":720,"url":"https:\/\/kihlberg.com\/wp-content\/uploads\/2018\/08\/126167.png","type":"image\/png"}],"twitter_card":"summary_large_image","twitter_misc":{"Preis":"&euro;560","Verf\u00fcgbarkeit":"Auf Lager"},"schema":{"@context":"https:\/\/schema.org","@graph":[{"@type":"WebPage","@id":"https:\/\/kihlberg.com\/de\/gerate\/industrie\/126167\/","url":"https:\/\/kihlberg.com\/de\/gerate\/industrie\/126167\/","name":"Stapler JK24-690","isPartOf":{"@id":"https:\/\/kihlberg.com\/de\/#website"},"primaryImageOfPage":{"@id":"https:\/\/kihlberg.com\/de\/gerate\/industrie\/126167\/#primaryimage"},"image":{"@id":"https:\/\/kihlberg.com\/de\/gerate\/industrie\/126167\/#primaryimage"},"thumbnailUrl":"https:\/\/kihlberg.com\/wp-content\/uploads\/2018\/08\/126167.png","datePublished":"2018-09-21T10:32:47+00:00","dateModified":"2022-05-31T20:21:16+00:00","breadcrumb":{"@id":"https:\/\/kihlberg.com\/de\/gerate\/industrie\/126167\/#breadcrumb"},"inLanguage":"de-DE","potentialAction":[{"@type":"ReadAction","target":["https:\/\/kihlberg.com\/de\/gerate\/industrie\/126167\/"]}]},{"@type":"ImageObject","inLanguage":"de-DE","@id":"https:\/\/kihlberg.com\/de\/gerate\/industrie\/126167\/#primaryimage","url":"https:\/\/kihlberg.com\/wp-content\/uploads\/2018\/08\/126167.png","contentUrl":"https:\/\/kihlberg.com\/wp-content\/uploads\/2018\/08\/126167.png","width":720,"height":720},{"@type":"BreadcrumbList","@id":"https:\/\/kihlberg.com\/de\/gerate\/industrie\/126167\/#breadcrumb","itemListElement":[{"@type":"ListItem","position":1,"name":"Home","item":"https:\/\/kihlberg.com\/de\/"},{"@type":"ListItem","position":2,"name":"Shop","item":"https:\/\/kihlberg.com\/shop\/"},{"@type":"ListItem","position":3,"name":"Ger\u00e4te","item":"https:\/\/kihlberg.com\/de\/gerate\/"},{"@type":"ListItem","position":4,"name":"Anwendung","item":"https:\/\/kihlberg.com\/de\/gerate\/anwendung\/"},{"@type":"ListItem","position":5,"name":"Bettherstellung","item":"https:\/\/kihlberg.com\/de\/gerate\/anwendung\/bettherstellung\/"},{"@type":"ListItem","position":6,"name":"Hefter JK24-690"}]},{"@type":"WebSite","@id":"https:\/\/kihlberg.com\/de\/#website","url":"https:\/\/kihlberg.com\/de\/","name":"Josef kihlberg","description":"Made in Sweden. System manufacturer of premium staples &amp; tools that sets the standard. Legendary.","publisher":{"@id":"https:\/\/kihlberg.com\/de\/#organization"},"potentialAction":[{"@type":"SearchAction","target":{"@type":"EntryPoint","urlTemplate":"https:\/\/kihlberg.com\/de\/?s={search_term_string}"},"query-input":{"@type":"PropertyValueSpecification","valueRequired":true,"valueName":"search_term_string"}}],"inLanguage":"de-DE"},{"@type":"Organization","@id":"https:\/\/kihlberg.com\/de\/#organization","name":"Josef Kihlberg","url":"https:\/\/kihlberg.com\/de\/","logo":{"@type":"ImageObject","inLanguage":"de-DE","@id":"https:\/\/kihlberg.com\/de\/#\/schema\/logo\/image\/","url":"https:\/\/kihlberg.com\/wp-content\/uploads\/2019\/01\/logo.jpg","contentUrl":"https:\/\/kihlberg.com\/wp-content\/uploads\/2019\/01\/logo.jpg","width":850,"height":850,"caption":"Josef Kihlberg"},"image":{"@id":"https:\/\/kihlberg.com\/de\/#\/schema\/logo\/image\/"}}]},"product_price_amount":"560","product_price_currency":"EUR","og_availability":"instock","product_availability":"instock","product_retailer_item_id":"126167","product_condition":"new"},"_links":{"self":[{"href":"https:\/\/kihlberg.com\/de\/wp-json\/wp\/v2\/product\/97986","targetHints":{"allow":["GET"]}}],"collection":[{"href":"https:\/\/kihlberg.com\/de\/wp-json\/wp\/v2\/product"}],"about":[{"href":"https:\/\/kihlberg.com\/de\/wp-json\/wp\/v2\/types\/product"}],"wp:featuredmedia":[{"embeddable":true,"href":"https:\/\/kihlberg.com\/de\/wp-json\/wp\/v2\/media\/97987"}],"wp:attachment":[{"href":"https:\/\/kihlberg.com\/de\/wp-json\/wp\/v2\/media?parent=97986"}],"wp:term":[{"taxonomy":"product_brand","embeddable":true,"href":"https:\/\/kihlberg.com\/de\/wp-json\/wp\/v2\/product_brand?post=97986"},{"taxonomy":"product_cat","embeddable":true,"href":"https:\/\/kihlberg.com\/de\/wp-json\/wp\/v2\/product_cat?post=97986"}],"curies":[{"name":"wp","href":"https:\/\/api.w.org\/{rel}","templated":true}]}}