{"id":98000,"date":"2018-09-21T10:32:18","date_gmt":"2018-09-21T10:32:18","guid":{"rendered":"https:\/\/kihlberg.com\/product\/120441\/"},"modified":"2022-05-31T22:21:08","modified_gmt":"2022-05-31T20:21:08","slug":"120441","status":"publish","type":"product","link":"https:\/\/kihlberg.com\/de\/gerate\/verpackungen\/120441\/","title":{"rendered":"Industriehefter F53"},"content":{"rendered":"","protected":false},"excerpt":{"rendered":"<p>Dieser in Schweden hergestellte, manuelle Industriehefter vom Typ F, der f\u00fcr JK53-Klammern entwickelt wurde, macht das Heften von beispielsweise Laschen, Ecken und Kanten zu einem \u00e4u\u00dferst effizienten Prozess. Er ist ebenfalls gut f\u00fcr andere Industrieklammern aus verschiedenen Materialien wie Textilien, Leder usw. geeignet. Verglichen mit den Klammern JK560 und JK561 ist das Heften mit JK53-Klammern weniger sichtbar. Der Industriehefter ist ger\u00e4umig, ergonomisch und verf\u00fcgt \u00fcber eine gro\u00dfe Ladekapazit\u00e4t. Dieses Profiwerkzeug ist f\u00fcr den Dauereinsatz in den Verpackungsabteilungen und der -Industrie geeignet.<\/p>\n","protected":false},"featured_media":98001,"template":"","meta":{"_acf_changed":false,"_genesis_hide_title":false,"_genesis_hide_breadcrumbs":false,"_genesis_hide_singular_image":false,"_genesis_hide_footer_widgets":false,"_genesis_custom_body_class":"","_genesis_custom_post_class":"","_genesis_layout":""},"product_brand":[],"product_cat":[1946,1941,1949,1954],"class_list":{"0":"post-98000","1":"product","2":"type-product","3":"status-publish","4":"has-post-thumbnail","6":"product_cat-flachheftung","7":"product_cat-gerate","8":"product_cat-transportverpackungen","9":"product_cat-verpackungen","10":"pa_free-anvil-height-860-de","11":"pa_leg-length-920-de","12":"pa_lubrication-nee","13":"pa_magazine-capacity-312-de","14":"pa_staple-leg-length-9-15-mm-3-8-5-8-in-de","15":"pa_throat-depth-60-de","16":"entry","18":"first","19":"instock","20":"taxable","21":"shipping-taxable","22":"purchasable","23":"product-type-simple"},"acf":[],"yoast_head":"<!-- This site is optimized with the Yoast SEO plugin v26.1.1 - https:\/\/yoast.com\/wordpress\/plugins\/seo\/ -->\n<title>Industrial stapler F53<\/title>\n<meta name=\"robots\" content=\"index, follow, max-snippet:-1, max-image-preview:large, max-video-preview:-1\" \/>\n<link rel=\"canonical\" href=\"https:\/\/kihlberg.com\/de\/gerate\/verpackungen\/120441\/\" \/>\n<meta property=\"og:locale\" content=\"de_DE\" \/>\n<meta property=\"og:type\" content=\"article\" \/>\n<meta property=\"og:title\" content=\"Industrial stapler F53\" \/>\n<meta property=\"og:description\" content=\"Dieser in Schweden hergestellte, manuelle Industriehefter vom Typ F, der f\u00fcr JK53-Klammern entwickelt wurde, macht das Heften von beispielsweise Laschen, Ecken und Kanten zu einem \u00e4u\u00dferst effizienten Prozess. Er ist ebenfalls gut f\u00fcr andere Industrieklammern aus verschiedenen Materialien wie Textilien, Leder usw. geeignet. Verglichen mit den Klammern JK560 und JK561 ist das Heften mit JK53-Klammern weniger sichtbar. Der Industriehefter ist ger\u00e4umig, ergonomisch und verf\u00fcgt \u00fcber eine gro\u00dfe Ladekapazit\u00e4t. Dieses Profiwerkzeug ist f\u00fcr den Dauereinsatz in den Verpackungsabteilungen und der -Industrie geeignet.\" \/>\n<meta property=\"og:url\" content=\"https:\/\/kihlberg.com\/de\/gerate\/verpackungen\/120441\/\" \/>\n<meta property=\"og:site_name\" content=\"Josef kihlberg\" \/>\n<meta property=\"article:modified_time\" content=\"2022-05-31T20:21:08+00:00\" \/>\n<meta property=\"og:image\" content=\"https:\/\/kihlberg.com\/wp-content\/uploads\/2018\/08\/120441.png\" \/>\n\t<meta property=\"og:image:width\" content=\"720\" \/>\n\t<meta property=\"og:image:height\" content=\"720\" \/>\n\t<meta property=\"og:image:type\" content=\"image\/png\" \/>\n<meta name=\"twitter:card\" content=\"summary_large_image\" \/>\n<meta name=\"twitter:label1\" content=\"Preis\" \/>\n\t<meta name=\"twitter:data1\" content=\"&euro;1 181\" \/>\n\t<meta name=\"twitter:label2\" content=\"Verf\u00fcgbarkeit\" \/>\n\t<meta name=\"twitter:data2\" content=\"Auf Lager\" \/>\n<script type=\"application\/ld+json\" class=\"yoast-schema-graph\">{\"@context\":\"https:\/\/schema.org\",\"@graph\":[{\"@type\":\"WebPage\",\"@id\":\"https:\/\/kihlberg.com\/de\/gerate\/verpackungen\/120441\/\",\"url\":\"https:\/\/kihlberg.com\/de\/gerate\/verpackungen\/120441\/\",\"name\":\"Industrial stapler F53\",\"isPartOf\":{\"@id\":\"https:\/\/kihlberg.com\/de\/#website\"},\"primaryImageOfPage\":{\"@id\":\"https:\/\/kihlberg.com\/de\/gerate\/verpackungen\/120441\/#primaryimage\"},\"image\":{\"@id\":\"https:\/\/kihlberg.com\/de\/gerate\/verpackungen\/120441\/#primaryimage\"},\"thumbnailUrl\":\"https:\/\/kihlberg.com\/wp-content\/uploads\/2018\/08\/120441.png\",\"datePublished\":\"2018-09-21T10:32:18+00:00\",\"dateModified\":\"2022-05-31T20:21:08+00:00\",\"breadcrumb\":{\"@id\":\"https:\/\/kihlberg.com\/de\/gerate\/verpackungen\/120441\/#breadcrumb\"},\"inLanguage\":\"de-DE\",\"potentialAction\":[{\"@type\":\"ReadAction\",\"target\":[\"https:\/\/kihlberg.com\/de\/gerate\/verpackungen\/120441\/\"]}]},{\"@type\":\"ImageObject\",\"inLanguage\":\"de-DE\",\"@id\":\"https:\/\/kihlberg.com\/de\/gerate\/verpackungen\/120441\/#primaryimage\",\"url\":\"https:\/\/kihlberg.com\/wp-content\/uploads\/2018\/08\/120441.png\",\"contentUrl\":\"https:\/\/kihlberg.com\/wp-content\/uploads\/2018\/08\/120441.png\",\"width\":720,\"height\":720},{\"@type\":\"BreadcrumbList\",\"@id\":\"https:\/\/kihlberg.com\/de\/gerate\/verpackungen\/120441\/#breadcrumb\",\"itemListElement\":[{\"@type\":\"ListItem\",\"position\":1,\"name\":\"Home\",\"item\":\"https:\/\/kihlberg.com\/de\/\"},{\"@type\":\"ListItem\",\"position\":2,\"name\":\"Shop\",\"item\":\"https:\/\/kihlberg.com\/shop\/\"},{\"@type\":\"ListItem\",\"position\":3,\"name\":\"Ger\u00e4te\",\"item\":\"https:\/\/kihlberg.com\/de\/gerate\/\"},{\"@type\":\"ListItem\",\"position\":4,\"name\":\"Anwendung\",\"item\":\"https:\/\/kihlberg.com\/de\/gerate\/anwendung\/\"},{\"@type\":\"ListItem\",\"position\":5,\"name\":\"Flachheftung\",\"item\":\"https:\/\/kihlberg.com\/de\/gerate\/anwendung\/flachheftung\/\"},{\"@type\":\"ListItem\",\"position\":6,\"name\":\"Industriehefter F53\"}]},{\"@type\":\"WebSite\",\"@id\":\"https:\/\/kihlberg.com\/de\/#website\",\"url\":\"https:\/\/kihlberg.com\/de\/\",\"name\":\"Josef kihlberg\",\"description\":\"Made in Sweden. System manufacturer of premium staples &amp; tools that sets the standard. Legendary.\",\"publisher\":{\"@id\":\"https:\/\/kihlberg.com\/de\/#organization\"},\"potentialAction\":[{\"@type\":\"SearchAction\",\"target\":{\"@type\":\"EntryPoint\",\"urlTemplate\":\"https:\/\/kihlberg.com\/de\/?s={search_term_string}\"},\"query-input\":{\"@type\":\"PropertyValueSpecification\",\"valueRequired\":true,\"valueName\":\"search_term_string\"}}],\"inLanguage\":\"de-DE\"},{\"@type\":\"Organization\",\"@id\":\"https:\/\/kihlberg.com\/de\/#organization\",\"name\":\"Josef Kihlberg\",\"url\":\"https:\/\/kihlberg.com\/de\/\",\"logo\":{\"@type\":\"ImageObject\",\"inLanguage\":\"de-DE\",\"@id\":\"https:\/\/kihlberg.com\/de\/#\/schema\/logo\/image\/\",\"url\":\"https:\/\/kihlberg.com\/wp-content\/uploads\/2019\/01\/logo.jpg\",\"contentUrl\":\"https:\/\/kihlberg.com\/wp-content\/uploads\/2019\/01\/logo.jpg\",\"width\":850,\"height\":850,\"caption\":\"Josef Kihlberg\"},\"image\":{\"@id\":\"https:\/\/kihlberg.com\/de\/#\/schema\/logo\/image\/\"}}]}<\/script>\n<meta property=\"product:price:amount\" content=\"1181\" \/>\n<meta property=\"product:price:currency\" content=\"EUR\" \/>\n<meta property=\"og:availability\" content=\"instock\" \/>\n<meta property=\"product:availability\" content=\"instock\" \/>\n<meta property=\"product:retailer_item_id\" content=\"120441\" \/>\n<meta property=\"product:condition\" content=\"new\" \/>\n<!-- \/ Yoast SEO plugin. -->","yoast_head_json":{"title":"Industrial stapler F53","robots":{"index":"index","follow":"follow","max-snippet":"max-snippet:-1","max-image-preview":"max-image-preview:large","max-video-preview":"max-video-preview:-1"},"canonical":"https:\/\/kihlberg.com\/de\/gerate\/verpackungen\/120441\/","og_locale":"de_DE","og_type":"article","og_title":"Industrial stapler F53","og_description":"Dieser in Schweden hergestellte, manuelle Industriehefter vom Typ F, der f\u00fcr JK53-Klammern entwickelt wurde, macht das Heften von beispielsweise Laschen, Ecken und Kanten zu einem \u00e4u\u00dferst effizienten Prozess. Er ist ebenfalls gut f\u00fcr andere Industrieklammern aus verschiedenen Materialien wie Textilien, Leder usw. geeignet. Verglichen mit den Klammern JK560 und JK561 ist das Heften mit JK53-Klammern weniger sichtbar. Der Industriehefter ist ger\u00e4umig, ergonomisch und verf\u00fcgt \u00fcber eine gro\u00dfe Ladekapazit\u00e4t. Dieses Profiwerkzeug ist f\u00fcr den Dauereinsatz in den Verpackungsabteilungen und der -Industrie geeignet.","og_url":"https:\/\/kihlberg.com\/de\/gerate\/verpackungen\/120441\/","og_site_name":"Josef kihlberg","article_modified_time":"2022-05-31T20:21:08+00:00","og_image":[{"width":720,"height":720,"url":"https:\/\/kihlberg.com\/wp-content\/uploads\/2018\/08\/120441.png","type":"image\/png"}],"twitter_card":"summary_large_image","twitter_misc":{"Preis":"&euro;1 181","Verf\u00fcgbarkeit":"Auf Lager"},"schema":{"@context":"https:\/\/schema.org","@graph":[{"@type":"WebPage","@id":"https:\/\/kihlberg.com\/de\/gerate\/verpackungen\/120441\/","url":"https:\/\/kihlberg.com\/de\/gerate\/verpackungen\/120441\/","name":"Industrial stapler F53","isPartOf":{"@id":"https:\/\/kihlberg.com\/de\/#website"},"primaryImageOfPage":{"@id":"https:\/\/kihlberg.com\/de\/gerate\/verpackungen\/120441\/#primaryimage"},"image":{"@id":"https:\/\/kihlberg.com\/de\/gerate\/verpackungen\/120441\/#primaryimage"},"thumbnailUrl":"https:\/\/kihlberg.com\/wp-content\/uploads\/2018\/08\/120441.png","datePublished":"2018-09-21T10:32:18+00:00","dateModified":"2022-05-31T20:21:08+00:00","breadcrumb":{"@id":"https:\/\/kihlberg.com\/de\/gerate\/verpackungen\/120441\/#breadcrumb"},"inLanguage":"de-DE","potentialAction":[{"@type":"ReadAction","target":["https:\/\/kihlberg.com\/de\/gerate\/verpackungen\/120441\/"]}]},{"@type":"ImageObject","inLanguage":"de-DE","@id":"https:\/\/kihlberg.com\/de\/gerate\/verpackungen\/120441\/#primaryimage","url":"https:\/\/kihlberg.com\/wp-content\/uploads\/2018\/08\/120441.png","contentUrl":"https:\/\/kihlberg.com\/wp-content\/uploads\/2018\/08\/120441.png","width":720,"height":720},{"@type":"BreadcrumbList","@id":"https:\/\/kihlberg.com\/de\/gerate\/verpackungen\/120441\/#breadcrumb","itemListElement":[{"@type":"ListItem","position":1,"name":"Home","item":"https:\/\/kihlberg.com\/de\/"},{"@type":"ListItem","position":2,"name":"Shop","item":"https:\/\/kihlberg.com\/shop\/"},{"@type":"ListItem","position":3,"name":"Ger\u00e4te","item":"https:\/\/kihlberg.com\/de\/gerate\/"},{"@type":"ListItem","position":4,"name":"Anwendung","item":"https:\/\/kihlberg.com\/de\/gerate\/anwendung\/"},{"@type":"ListItem","position":5,"name":"Flachheftung","item":"https:\/\/kihlberg.com\/de\/gerate\/anwendung\/flachheftung\/"},{"@type":"ListItem","position":6,"name":"Industriehefter F53"}]},{"@type":"WebSite","@id":"https:\/\/kihlberg.com\/de\/#website","url":"https:\/\/kihlberg.com\/de\/","name":"Josef kihlberg","description":"Made in Sweden. System manufacturer of premium staples &amp; tools that sets the standard. Legendary.","publisher":{"@id":"https:\/\/kihlberg.com\/de\/#organization"},"potentialAction":[{"@type":"SearchAction","target":{"@type":"EntryPoint","urlTemplate":"https:\/\/kihlberg.com\/de\/?s={search_term_string}"},"query-input":{"@type":"PropertyValueSpecification","valueRequired":true,"valueName":"search_term_string"}}],"inLanguage":"de-DE"},{"@type":"Organization","@id":"https:\/\/kihlberg.com\/de\/#organization","name":"Josef Kihlberg","url":"https:\/\/kihlberg.com\/de\/","logo":{"@type":"ImageObject","inLanguage":"de-DE","@id":"https:\/\/kihlberg.com\/de\/#\/schema\/logo\/image\/","url":"https:\/\/kihlberg.com\/wp-content\/uploads\/2019\/01\/logo.jpg","contentUrl":"https:\/\/kihlberg.com\/wp-content\/uploads\/2019\/01\/logo.jpg","width":850,"height":850,"caption":"Josef Kihlberg"},"image":{"@id":"https:\/\/kihlberg.com\/de\/#\/schema\/logo\/image\/"}}]},"product_price_amount":"1181","product_price_currency":"EUR","og_availability":"instock","product_availability":"instock","product_retailer_item_id":"120441","product_condition":"new"},"_links":{"self":[{"href":"https:\/\/kihlberg.com\/de\/wp-json\/wp\/v2\/product\/98000","targetHints":{"allow":["GET"]}}],"collection":[{"href":"https:\/\/kihlberg.com\/de\/wp-json\/wp\/v2\/product"}],"about":[{"href":"https:\/\/kihlberg.com\/de\/wp-json\/wp\/v2\/types\/product"}],"wp:featuredmedia":[{"embeddable":true,"href":"https:\/\/kihlberg.com\/de\/wp-json\/wp\/v2\/media\/98001"}],"wp:attachment":[{"href":"https:\/\/kihlberg.com\/de\/wp-json\/wp\/v2\/media?parent=98000"}],"wp:term":[{"taxonomy":"product_brand","embeddable":true,"href":"https:\/\/kihlberg.com\/de\/wp-json\/wp\/v2\/product_brand?post=98000"},{"taxonomy":"product_cat","embeddable":true,"href":"https:\/\/kihlberg.com\/de\/wp-json\/wp\/v2\/product_cat?post=98000"}],"curies":[{"name":"wp","href":"https:\/\/api.w.org\/{rel}","templated":true}]}}