{"id":91111,"date":"2018-10-31T07:58:35","date_gmt":"2018-10-31T07:58:35","guid":{"rendered":"https:\/\/kihlberg.com\/service-warranty\/"},"modified":"2019-04-09T06:32:48","modified_gmt":"2019-04-09T06:32:48","slug":"service-warranty","status":"publish","type":"page","link":"https:\/\/kihlberg.com\/fi\/service-warranty\/","title":{"rendered":"Huolto ja takuu"},"content":{"rendered":"\n<p>Josef Kihlberg AB<br>\nHuolto-osasto<br>\nIndustrigatan 37B<br>\nSE-544 50 HJO<br>\nSWEDEN<\/p>\n\n\n\n<p>Asiakaspalvelu<br>\nPuh. +46 503 328 13<\/p>\n\n\n\n<p>Jos ty\u00f6kalusi tarvitsevat huoltotoimenpiteit\u00e4, ota yhteytt\u00e4 asiakaspalveluumme tai johonkin huoltopalveluja tarjoavista j\u00e4lleenmyyjist\u00e4mme. Kun l\u00e4het\u00e4t viallisen ty\u00f6kalun, liit\u00e4 mukaan aina kuvaus viasta sek\u00e4 yhteystietosi. T\u00e4m\u00e4n avulla voimme tehd\u00e4 oikean diagnoosin ja p\u00e4\u00e4t\u00f6ksen sen suhteen, onko meid\u00e4n otettava sinuun yhteytt\u00e4.<\/p>\n\n\n\n<p>Jos korjauskustannukset ylitt\u00e4v\u00e4t puolet alkuper\u00e4isest\u00e4 hinnasta, otamme sinuun yhteytt\u00e4 keskustellaksemme eri vaihtoehdoista.<\/p>\n\n\n\n<p>Huoltotakuu<br>Kaikkiin huoltot\u00f6ihin kuuluu kolmen kuukauden takuu.<br><\/p>\n\n\n\n<p><strong>Varaosat<\/strong><br>Tarvitsetko varaosia? Vieraile varaosakaupassamme, josta voit tilata helposti osia tai tunnistaa osat tuotenumeron perusteella. Jos haluat mieluummin paperiversion, voit ladata sen verkkosivuiltamme siihen tarkoitetulla ty\u00f6kalulla.<\/p>\n\n\n\n<h2 class=\"wp-block-heading\"><strong>Tuotetakuu<\/strong><\/h2>\n\n\n\n<p>Josef Kihlberg takaa, ett\u00e4 ty\u00f6kalut ovat virheett\u00f6mi\u00e4 toimitettaessa ja 12 kuukautta sen j\u00e4lkeen edellytt\u00e4en, ett\u00e4 hankinta on tehty Josef Kihlbergilt\u00e4 tai Josef Kihlbergin valtuuttamalta j\u00e4lleenmyyj\u00e4lt\u00e4.<\/p>\n\n\n\n<p>Takuu kattaa materiaali- ja\/tai valmistusvirheet. Liikkuvat ja kuluvat osat kuten m\u00e4nn\u00e4t, ohjainyksik\u00f6t ja sy\u00f6tt\u00f6laitteen komponentit eiv\u00e4t sis\u00e4lly takuuseen, jos vaihto johtuu kulumisesta jne. Takuu raukeaa, jos ty\u00f6kalua on muutettu tai muokattu jollain tavoin jonkin muun osapuolen kuin Josef Kihlbergin toimesta, ja my\u00f6s silloin, kun kyseess\u00e4 ovat onnettomuuksien aiheuttamat vahingot, virheellinen asennus tai v\u00e4\u00e4r\u00e4 k\u00e4sittely.<\/p>\n\n\n\n<p>Takuun piiriin eiv\u00e4t kuulu my\u00f6sk\u00e4\u00e4n mitk\u00e4\u00e4n poikkeamat ja tapahtumat, jotka johtuvat k\u00e4ytt\u00f6ohjeiden noudattamatta j\u00e4tt\u00e4misest\u00e4.<\/p>\n\n\n\n<p>Josef Kihlberg ei ole taloudellisesti vastuussa asiakkaan menetyksist\u00e4, taloudellisten s\u00e4\u00e4st\u00f6jen menetyksist\u00e4, vahingoista tai muista taloudellisista korvauksista.<\/p>\n\n\n\n<p><strong>3 vuoden takuu \u2013&nbsp;ter\u00e4svannekone&nbsp;JK1219<\/strong><br>Tied\u00e4mme, ett\u00e4 tuhannet JK1219-ty\u00f6kalut toimivat t\u00e4ydellisesti vuodesta toiseen. T\u00e4st\u00e4 huolimatta monet k\u00e4ytt\u00e4j\u00e4t haluavat ylim\u00e4\u00e4r\u00e4isen turvallisuustakuun.<\/p>\n\n\n\n<p>T\u00e4m\u00e4n vuoksi tarjoamme ter\u00e4svannekoneillemme 3 vuoden takuun. Jos haluat lis\u00e4tietoja, ota yhteytt\u00e4 meihin tai johonkin j\u00e4lleenmyyjist\u00e4mme.<\/p>\n","protected":false},"excerpt":{"rendered":"<p>Josef Kihlberg AB Huolto-osasto Industrigatan 37B SE-544 50 HJO SWEDEN Asiakaspalvelu Puh. +46 503 328 13 Jos ty\u00f6kalusi tarvitsevat huoltotoimenpiteit\u00e4, ota yhteytt\u00e4 asiakaspalveluumme tai johonkin huoltopalveluja tarjoavista j\u00e4lleenmyyjist\u00e4mme. Kun l\u00e4het\u00e4t viallisen ty\u00f6kalun, liit\u00e4 mukaan aina kuvaus viasta sek\u00e4 yhteystietosi. T\u00e4m\u00e4n avulla voimme tehd\u00e4 oikean diagnoosin ja p\u00e4\u00e4t\u00f6ksen sen suhteen, onko meid\u00e4n otettava sinuun yhteytt\u00e4. Jos [&hellip;]<\/p>\n","protected":false},"author":1,"featured_media":0,"parent":0,"menu_order":0,"comment_status":"closed","ping_status":"closed","template":"","meta":{"_acf_changed":false,"_genesis_hide_title":false,"_genesis_hide_breadcrumbs":false,"_genesis_hide_singular_image":false,"_genesis_hide_footer_widgets":false,"_genesis_custom_body_class":"","_genesis_custom_post_class":"","_genesis_layout":"","footnotes":""},"class_list":{"0":"post-91111","1":"page","2":"type-page","3":"status-publish","5":"entry"},"acf":[],"yoast_head":"<!-- This site is optimized with the Yoast SEO plugin v26.1.1 - https:\/\/yoast.com\/wordpress\/plugins\/seo\/ -->\n<title>Huolto ja takuu &#8226; Josef kihlberg<\/title>\n<meta name=\"robots\" content=\"index, follow, max-snippet:-1, max-image-preview:large, max-video-preview:-1\" \/>\n<link rel=\"canonical\" href=\"https:\/\/kihlberg.com\/fi\/service-warranty\/\" \/>\n<meta property=\"og:locale\" content=\"fi_FI\" \/>\n<meta property=\"og:type\" content=\"article\" \/>\n<meta property=\"og:title\" content=\"Huolto ja takuu &#8226; Josef kihlberg\" \/>\n<meta property=\"og:description\" content=\"Josef Kihlberg AB Huolto-osasto Industrigatan 37B SE-544 50 HJO SWEDEN Asiakaspalvelu Puh. +46 503 328 13 Jos ty\u00f6kalusi tarvitsevat huoltotoimenpiteit\u00e4, ota yhteytt\u00e4 asiakaspalveluumme tai johonkin huoltopalveluja tarjoavista j\u00e4lleenmyyjist\u00e4mme. Kun l\u00e4het\u00e4t viallisen ty\u00f6kalun, liit\u00e4 mukaan aina kuvaus viasta sek\u00e4 yhteystietosi. T\u00e4m\u00e4n avulla voimme tehd\u00e4 oikean diagnoosin ja p\u00e4\u00e4t\u00f6ksen sen suhteen, onko meid\u00e4n otettava sinuun yhteytt\u00e4. Jos [&hellip;]\" \/>\n<meta property=\"og:url\" content=\"https:\/\/kihlberg.com\/fi\/service-warranty\/\" \/>\n<meta property=\"og:site_name\" content=\"Josef kihlberg\" \/>\n<meta property=\"article:modified_time\" content=\"2019-04-09T06:32:48+00:00\" \/>\n<meta property=\"og:image\" content=\"https:\/\/kihlberg.com\/wp-content\/uploads\/2019\/01\/logo.jpg\" \/>\n\t<meta property=\"og:image:width\" content=\"850\" \/>\n\t<meta property=\"og:image:height\" content=\"850\" \/>\n\t<meta property=\"og:image:type\" content=\"image\/jpeg\" \/>\n<meta name=\"twitter:card\" content=\"summary_large_image\" \/>\n<meta name=\"twitter:label1\" content=\"Arvioitu lukuaika\" \/>\n\t<meta name=\"twitter:data1\" content=\"1 minuutti\" \/>\n<script type=\"application\/ld+json\" class=\"yoast-schema-graph\">{\"@context\":\"https:\/\/schema.org\",\"@graph\":[{\"@type\":\"WebPage\",\"@id\":\"https:\/\/kihlberg.com\/fi\/service-warranty\/\",\"url\":\"https:\/\/kihlberg.com\/fi\/service-warranty\/\",\"name\":\"Huolto ja takuu &#8226; Josef kihlberg\",\"isPartOf\":{\"@id\":\"https:\/\/kihlberg.com\/fi\/#website\"},\"datePublished\":\"2018-10-31T07:58:35+00:00\",\"dateModified\":\"2019-04-09T06:32:48+00:00\",\"breadcrumb\":{\"@id\":\"https:\/\/kihlberg.com\/fi\/service-warranty\/#breadcrumb\"},\"inLanguage\":\"fi\",\"potentialAction\":[{\"@type\":\"ReadAction\",\"target\":[\"https:\/\/kihlberg.com\/fi\/service-warranty\/\"]}]},{\"@type\":\"BreadcrumbList\",\"@id\":\"https:\/\/kihlberg.com\/fi\/service-warranty\/#breadcrumb\",\"itemListElement\":[{\"@type\":\"ListItem\",\"position\":1,\"name\":\"Home\",\"item\":\"https:\/\/kihlberg.com\/fi\/\"},{\"@type\":\"ListItem\",\"position\":2,\"name\":\"Huolto ja takuu\"}]},{\"@type\":\"WebSite\",\"@id\":\"https:\/\/kihlberg.com\/fi\/#website\",\"url\":\"https:\/\/kihlberg.com\/fi\/\",\"name\":\"Josef kihlberg\",\"description\":\"Made in Sweden. System manufacturer of premium staples &amp; tools that sets the standard. Legendary.\",\"publisher\":{\"@id\":\"https:\/\/kihlberg.com\/fi\/#organization\"},\"potentialAction\":[{\"@type\":\"SearchAction\",\"target\":{\"@type\":\"EntryPoint\",\"urlTemplate\":\"https:\/\/kihlberg.com\/fi\/?s={search_term_string}\"},\"query-input\":{\"@type\":\"PropertyValueSpecification\",\"valueRequired\":true,\"valueName\":\"search_term_string\"}}],\"inLanguage\":\"fi\"},{\"@type\":\"Organization\",\"@id\":\"https:\/\/kihlberg.com\/fi\/#organization\",\"name\":\"Josef Kihlberg\",\"url\":\"https:\/\/kihlberg.com\/fi\/\",\"logo\":{\"@type\":\"ImageObject\",\"inLanguage\":\"fi\",\"@id\":\"https:\/\/kihlberg.com\/fi\/#\/schema\/logo\/image\/\",\"url\":\"https:\/\/kihlberg.com\/wp-content\/uploads\/2019\/01\/logo.jpg\",\"contentUrl\":\"https:\/\/kihlberg.com\/wp-content\/uploads\/2019\/01\/logo.jpg\",\"width\":850,\"height\":850,\"caption\":\"Josef Kihlberg\"},\"image\":{\"@id\":\"https:\/\/kihlberg.com\/fi\/#\/schema\/logo\/image\/\"}}]}<\/script>\n<!-- \/ Yoast SEO plugin. -->","yoast_head_json":{"title":"Huolto ja takuu &#8226; Josef kihlberg","robots":{"index":"index","follow":"follow","max-snippet":"max-snippet:-1","max-image-preview":"max-image-preview:large","max-video-preview":"max-video-preview:-1"},"canonical":"https:\/\/kihlberg.com\/fi\/service-warranty\/","og_locale":"fi_FI","og_type":"article","og_title":"Huolto ja takuu &#8226; Josef kihlberg","og_description":"Josef Kihlberg AB Huolto-osasto Industrigatan 37B SE-544 50 HJO SWEDEN Asiakaspalvelu Puh. +46 503 328 13 Jos ty\u00f6kalusi tarvitsevat huoltotoimenpiteit\u00e4, ota yhteytt\u00e4 asiakaspalveluumme tai johonkin huoltopalveluja tarjoavista j\u00e4lleenmyyjist\u00e4mme. Kun l\u00e4het\u00e4t viallisen ty\u00f6kalun, liit\u00e4 mukaan aina kuvaus viasta sek\u00e4 yhteystietosi. T\u00e4m\u00e4n avulla voimme tehd\u00e4 oikean diagnoosin ja p\u00e4\u00e4t\u00f6ksen sen suhteen, onko meid\u00e4n otettava sinuun yhteytt\u00e4. Jos [&hellip;]","og_url":"https:\/\/kihlberg.com\/fi\/service-warranty\/","og_site_name":"Josef kihlberg","article_modified_time":"2019-04-09T06:32:48+00:00","og_image":[{"width":850,"height":850,"url":"https:\/\/kihlberg.com\/wp-content\/uploads\/2019\/01\/logo.jpg","type":"image\/jpeg"}],"twitter_card":"summary_large_image","twitter_misc":{"Arvioitu lukuaika":"1 minuutti"},"schema":{"@context":"https:\/\/schema.org","@graph":[{"@type":"WebPage","@id":"https:\/\/kihlberg.com\/fi\/service-warranty\/","url":"https:\/\/kihlberg.com\/fi\/service-warranty\/","name":"Huolto ja takuu &#8226; Josef kihlberg","isPartOf":{"@id":"https:\/\/kihlberg.com\/fi\/#website"},"datePublished":"2018-10-31T07:58:35+00:00","dateModified":"2019-04-09T06:32:48+00:00","breadcrumb":{"@id":"https:\/\/kihlberg.com\/fi\/service-warranty\/#breadcrumb"},"inLanguage":"fi","potentialAction":[{"@type":"ReadAction","target":["https:\/\/kihlberg.com\/fi\/service-warranty\/"]}]},{"@type":"BreadcrumbList","@id":"https:\/\/kihlberg.com\/fi\/service-warranty\/#breadcrumb","itemListElement":[{"@type":"ListItem","position":1,"name":"Home","item":"https:\/\/kihlberg.com\/fi\/"},{"@type":"ListItem","position":2,"name":"Huolto ja takuu"}]},{"@type":"WebSite","@id":"https:\/\/kihlberg.com\/fi\/#website","url":"https:\/\/kihlberg.com\/fi\/","name":"Josef kihlberg","description":"Made in Sweden. System manufacturer of premium staples &amp; tools that sets the standard. Legendary.","publisher":{"@id":"https:\/\/kihlberg.com\/fi\/#organization"},"potentialAction":[{"@type":"SearchAction","target":{"@type":"EntryPoint","urlTemplate":"https:\/\/kihlberg.com\/fi\/?s={search_term_string}"},"query-input":{"@type":"PropertyValueSpecification","valueRequired":true,"valueName":"search_term_string"}}],"inLanguage":"fi"},{"@type":"Organization","@id":"https:\/\/kihlberg.com\/fi\/#organization","name":"Josef Kihlberg","url":"https:\/\/kihlberg.com\/fi\/","logo":{"@type":"ImageObject","inLanguage":"fi","@id":"https:\/\/kihlberg.com\/fi\/#\/schema\/logo\/image\/","url":"https:\/\/kihlberg.com\/wp-content\/uploads\/2019\/01\/logo.jpg","contentUrl":"https:\/\/kihlberg.com\/wp-content\/uploads\/2019\/01\/logo.jpg","width":850,"height":850,"caption":"Josef Kihlberg"},"image":{"@id":"https:\/\/kihlberg.com\/fi\/#\/schema\/logo\/image\/"}}]}},"_links":{"self":[{"href":"https:\/\/kihlberg.com\/fi\/wp-json\/wp\/v2\/pages\/91111","targetHints":{"allow":["GET"]}}],"collection":[{"href":"https:\/\/kihlberg.com\/fi\/wp-json\/wp\/v2\/pages"}],"about":[{"href":"https:\/\/kihlberg.com\/fi\/wp-json\/wp\/v2\/types\/page"}],"author":[{"embeddable":true,"href":"https:\/\/kihlberg.com\/fi\/wp-json\/wp\/v2\/users\/1"}],"replies":[{"embeddable":true,"href":"https:\/\/kihlberg.com\/fi\/wp-json\/wp\/v2\/comments?post=91111"}],"version-history":[{"count":0,"href":"https:\/\/kihlberg.com\/fi\/wp-json\/wp\/v2\/pages\/91111\/revisions"}],"wp:attachment":[{"href":"https:\/\/kihlberg.com\/fi\/wp-json\/wp\/v2\/media?parent=91111"}],"curies":[{"name":"wp","href":"https:\/\/api.w.org\/{rel}","templated":true}]}}