{"id":91112,"date":"2018-10-09T10:56:38","date_gmt":"2018-10-09T10:56:38","guid":{"rendered":"https:\/\/kihlberg.com\/about-us\/"},"modified":"2019-04-09T06:39:57","modified_gmt":"2019-04-09T06:39:57","slug":"about-us","status":"publish","type":"page","link":"https:\/\/kihlberg.com\/fi\/about-us\/","title":{"rendered":"Tietoja meist\u00e4"},"content":{"rendered":"\n<div class=\"wp-block-cover has-background-dim is-layout-flow wp-block-cover-is-layout-flow\" style=\"background-image:url(https:\/\/kihlberg.com\/wp-content\/uploads\/2018\/10\/Sandtorget-da\u0308r-allt-starade-1841-min.jpg)\"><p class=\"wp-block-cover-text\">Kaikki alkoi vuonna 1841.<\/p><\/div>\n\n\n\n<h2 class=\"wp-block-heading\">Liikeidea<\/h2>\n\n\n\n<p>Josef Kihlberg valmistaa nidontaty\u00f6kaluja ja hakasia ammattik\u00e4ytt\u00e4jille, joita myyd\u00e4\u00e4n j\u00e4lleenmyyjien v\u00e4lityksell\u00e4 maailmanlaajuisesti.<\/p>\n\n\n\n<p>Josef Kihlbergin korkealaatuiset ja kest\u00e4v\u00e4t tuotteet perustuvat pitk\u00e4\u00e4n kokemukseen ja aihealueen vankkaan tiet\u00e4mykseen.<\/p>\n\n\n\n<p><br><\/p>\n\n\n\n<h2 class=\"wp-block-heading\">Yrityksen historia<\/h2>\n\n\n\n<p>Toukokuuta 2014 l\u00e4htien Josef Kihlberg AB on ollut osa Signode Industrial Groupia, jolla on merkitt\u00e4v\u00e4 kansainv\u00e4linen asema. <\/p>\n\n\n\n<p>Yritys, joka juontaa juurensa 1800-luvulle, ty\u00f6llist\u00e4\u00e4 t\u00e4ll\u00e4 hetkell\u00e4 35 henkil\u00f6\u00e4. Kehit\u00e4mme, valmistamme ja markkinoimme maailman johtavia ty\u00f6kaluja ja hakasia teolliseen nidontaan ja kuljetuspakkaamiseen. <\/p>\n\n\n\n<p>T\u00e4rke\u00e4 osa Josef Kihlbergin strategiaa on osallistua koko tuotantoprosessiin, eli tuotteiden kehitykseen, valmistukseen ja markkinointiin.<br><\/p>\n\n\n\n<figure class=\"wp-block-image\"><a href=\"http:\/\/www.sigpse.com\/\"><img decoding=\"async\" src=\"https:\/\/kihlberg.com\/wp-content\/uploads\/2017\/04\/SIGPSE-logo.png\" alt=\"SIGPSE logo\" class=\"wp-image-2435\"\/><\/a><\/figure>\n\n\n\n<p>Yrityksen historia:<br>Liiketoiminta alkoi vuonna 1841, kun Alderman Emil Synnergren avasi rautakauppansa Sandtorgetilla Hjossa; pieness\u00e4 kaupungissa, joka sijaitsee noin 100 km:n p\u00e4\u00e4ss\u00e4 G\u00f6teborgista koilliseen.<br><\/p>\n\n\n\n<p>1907: Rautakaupan nimeksi vaihdettiin Kihlberg &amp; K\u00e4llmark J\u00e4rnhandel.<br>1918: Josef Kihlberg aloitti kaupanteon.<br>1943: Hakasten ja nitojien oma tuotanto aloitettiin.<br>1968: Hjon rautakauppa suljettiin.<br>1970: Josef Kihlberg AB perusti oman myyntiyhti\u00f6n Suomeen.<br>1976: Josef Kihlbergin lapsenlapsesta Ove Larssonista tuli<br>yrityksen omistaja.<br>1981: Sj\u00f6tofta-vaijeritehdas ostettiin.<br>1984: Uudet myyntiyhti\u00f6t perustettiin Yhdysvalloissa ja Norjassa.<br>1985: Haubold-Airfix GmbH ostettiin ja nimeksi muutettiin Haubold-Kihlberg GmbH.<br>1992: Myyntiyhti\u00f6 Haubold-Embrag AG perustettiin Sveitsiss\u00e4.<br>1997: Air-Hammer s.r.o. T\u0161ekiss\u00e4 ostettiin.<br>1998: Josef Kihlberg osti yrityksen British Ind. Fastening, Liverpool. Se toimii vuodesta 2000 l\u00e4htien nimell\u00e4 Josef Kihlberg Ltd.<br>2006: Lokakuusta 2006 l\u00e4htien Josef Kihlberg AB tyt\u00e4ryhti\u00f6ineen on osa Yhdysvaltojen ITW:t\u00e4 (Illinois Tool Works Inc.).<br>2014: Carlyle Group osti ITW Packaging Groupin 1. toukokuuta ja toimii nyt nimell\u00e4 Signode Industrial Group.<\/p>\n","protected":false},"excerpt":{"rendered":"<p>Liikeidea Josef Kihlberg valmistaa nidontaty\u00f6kaluja ja hakasia ammattik\u00e4ytt\u00e4jille, joita myyd\u00e4\u00e4n j\u00e4lleenmyyjien v\u00e4lityksell\u00e4 maailmanlaajuisesti. Josef Kihlbergin korkealaatuiset ja kest\u00e4v\u00e4t tuotteet perustuvat pitk\u00e4\u00e4n kokemukseen ja aihealueen vankkaan tiet\u00e4mykseen. Yrityksen historia Toukokuuta 2014 l\u00e4htien Josef Kihlberg AB on ollut osa Signode Industrial Groupia, jolla on merkitt\u00e4v\u00e4 kansainv\u00e4linen asema. Yritys, joka juontaa juurensa 1800-luvulle, ty\u00f6llist\u00e4\u00e4 t\u00e4ll\u00e4 hetkell\u00e4 35 henkil\u00f6\u00e4. [&hellip;]<\/p>\n","protected":false},"author":1,"featured_media":0,"parent":0,"menu_order":0,"comment_status":"closed","ping_status":"closed","template":"","meta":{"_acf_changed":false,"_genesis_hide_title":false,"_genesis_hide_breadcrumbs":false,"_genesis_hide_singular_image":false,"_genesis_hide_footer_widgets":false,"_genesis_custom_body_class":"","_genesis_custom_post_class":"","_genesis_layout":"","footnotes":""},"class_list":{"0":"post-91112","1":"page","2":"type-page","3":"status-publish","5":"entry"},"acf":[],"yoast_head":"<!-- This site is optimized with the Yoast SEO plugin v26.1.1 - https:\/\/yoast.com\/wordpress\/plugins\/seo\/ -->\n<title>Tietoja meist\u00e4 &#8226; Josef kihlberg<\/title>\n<meta name=\"robots\" content=\"index, follow, max-snippet:-1, max-image-preview:large, max-video-preview:-1\" \/>\n<link rel=\"canonical\" href=\"https:\/\/kihlberg.com\/fi\/about-us\/\" \/>\n<meta property=\"og:locale\" content=\"fi_FI\" \/>\n<meta property=\"og:type\" content=\"article\" \/>\n<meta property=\"og:title\" content=\"Tietoja meist\u00e4 &#8226; Josef kihlberg\" \/>\n<meta property=\"og:description\" content=\"Liikeidea Josef Kihlberg valmistaa nidontaty\u00f6kaluja ja hakasia ammattik\u00e4ytt\u00e4jille, joita myyd\u00e4\u00e4n j\u00e4lleenmyyjien v\u00e4lityksell\u00e4 maailmanlaajuisesti. Josef Kihlbergin korkealaatuiset ja kest\u00e4v\u00e4t tuotteet perustuvat pitk\u00e4\u00e4n kokemukseen ja aihealueen vankkaan tiet\u00e4mykseen. Yrityksen historia Toukokuuta 2014 l\u00e4htien Josef Kihlberg AB on ollut osa Signode Industrial Groupia, jolla on merkitt\u00e4v\u00e4 kansainv\u00e4linen asema. Yritys, joka juontaa juurensa 1800-luvulle, ty\u00f6llist\u00e4\u00e4 t\u00e4ll\u00e4 hetkell\u00e4 35 henkil\u00f6\u00e4. [&hellip;]\" \/>\n<meta property=\"og:url\" content=\"https:\/\/kihlberg.com\/fi\/about-us\/\" \/>\n<meta property=\"og:site_name\" content=\"Josef kihlberg\" \/>\n<meta property=\"article:modified_time\" content=\"2019-04-09T06:39:57+00:00\" \/>\n<meta property=\"og:image\" content=\"https:\/\/kihlberg.com\/wp-content\/uploads\/2017\/04\/SIGPSE-logo.png\" \/>\n<meta name=\"twitter:card\" content=\"summary_large_image\" \/>\n<meta name=\"twitter:label1\" content=\"Arvioitu lukuaika\" \/>\n\t<meta name=\"twitter:data1\" content=\"1 minuutti\" \/>\n<script type=\"application\/ld+json\" class=\"yoast-schema-graph\">{\"@context\":\"https:\/\/schema.org\",\"@graph\":[{\"@type\":\"WebPage\",\"@id\":\"https:\/\/kihlberg.com\/fi\/about-us\/\",\"url\":\"https:\/\/kihlberg.com\/fi\/about-us\/\",\"name\":\"Tietoja meist\u00e4 &#8226; Josef kihlberg\",\"isPartOf\":{\"@id\":\"https:\/\/kihlberg.com\/fi\/#website\"},\"primaryImageOfPage\":{\"@id\":\"https:\/\/kihlberg.com\/fi\/about-us\/#primaryimage\"},\"image\":{\"@id\":\"https:\/\/kihlberg.com\/fi\/about-us\/#primaryimage\"},\"thumbnailUrl\":\"https:\/\/kihlberg.com\/wp-content\/uploads\/2017\/04\/SIGPSE-logo.png\",\"datePublished\":\"2018-10-09T10:56:38+00:00\",\"dateModified\":\"2019-04-09T06:39:57+00:00\",\"breadcrumb\":{\"@id\":\"https:\/\/kihlberg.com\/fi\/about-us\/#breadcrumb\"},\"inLanguage\":\"fi\",\"potentialAction\":[{\"@type\":\"ReadAction\",\"target\":[\"https:\/\/kihlberg.com\/fi\/about-us\/\"]}]},{\"@type\":\"ImageObject\",\"inLanguage\":\"fi\",\"@id\":\"https:\/\/kihlberg.com\/fi\/about-us\/#primaryimage\",\"url\":\"https:\/\/kihlberg.com\/wp-content\/uploads\/2017\/04\/SIGPSE-logo.png\",\"contentUrl\":\"https:\/\/kihlberg.com\/wp-content\/uploads\/2017\/04\/SIGPSE-logo.png\"},{\"@type\":\"BreadcrumbList\",\"@id\":\"https:\/\/kihlberg.com\/fi\/about-us\/#breadcrumb\",\"itemListElement\":[{\"@type\":\"ListItem\",\"position\":1,\"name\":\"Home\",\"item\":\"https:\/\/kihlberg.com\/fi\/\"},{\"@type\":\"ListItem\",\"position\":2,\"name\":\"Tietoja meist\u00e4\"}]},{\"@type\":\"WebSite\",\"@id\":\"https:\/\/kihlberg.com\/fi\/#website\",\"url\":\"https:\/\/kihlberg.com\/fi\/\",\"name\":\"Josef kihlberg\",\"description\":\"Made in Sweden. System manufacturer of premium staples &amp; tools that sets the standard. Legendary.\",\"publisher\":{\"@id\":\"https:\/\/kihlberg.com\/fi\/#organization\"},\"potentialAction\":[{\"@type\":\"SearchAction\",\"target\":{\"@type\":\"EntryPoint\",\"urlTemplate\":\"https:\/\/kihlberg.com\/fi\/?s={search_term_string}\"},\"query-input\":{\"@type\":\"PropertyValueSpecification\",\"valueRequired\":true,\"valueName\":\"search_term_string\"}}],\"inLanguage\":\"fi\"},{\"@type\":\"Organization\",\"@id\":\"https:\/\/kihlberg.com\/fi\/#organization\",\"name\":\"Josef Kihlberg\",\"url\":\"https:\/\/kihlberg.com\/fi\/\",\"logo\":{\"@type\":\"ImageObject\",\"inLanguage\":\"fi\",\"@id\":\"https:\/\/kihlberg.com\/fi\/#\/schema\/logo\/image\/\",\"url\":\"https:\/\/kihlberg.com\/wp-content\/uploads\/2019\/01\/logo.jpg\",\"contentUrl\":\"https:\/\/kihlberg.com\/wp-content\/uploads\/2019\/01\/logo.jpg\",\"width\":850,\"height\":850,\"caption\":\"Josef Kihlberg\"},\"image\":{\"@id\":\"https:\/\/kihlberg.com\/fi\/#\/schema\/logo\/image\/\"}}]}<\/script>\n<!-- \/ Yoast SEO plugin. -->","yoast_head_json":{"title":"Tietoja meist\u00e4 &#8226; Josef kihlberg","robots":{"index":"index","follow":"follow","max-snippet":"max-snippet:-1","max-image-preview":"max-image-preview:large","max-video-preview":"max-video-preview:-1"},"canonical":"https:\/\/kihlberg.com\/fi\/about-us\/","og_locale":"fi_FI","og_type":"article","og_title":"Tietoja meist\u00e4 &#8226; Josef kihlberg","og_description":"Liikeidea Josef Kihlberg valmistaa nidontaty\u00f6kaluja ja hakasia ammattik\u00e4ytt\u00e4jille, joita myyd\u00e4\u00e4n j\u00e4lleenmyyjien v\u00e4lityksell\u00e4 maailmanlaajuisesti. Josef Kihlbergin korkealaatuiset ja kest\u00e4v\u00e4t tuotteet perustuvat pitk\u00e4\u00e4n kokemukseen ja aihealueen vankkaan tiet\u00e4mykseen. Yrityksen historia Toukokuuta 2014 l\u00e4htien Josef Kihlberg AB on ollut osa Signode Industrial Groupia, jolla on merkitt\u00e4v\u00e4 kansainv\u00e4linen asema. Yritys, joka juontaa juurensa 1800-luvulle, ty\u00f6llist\u00e4\u00e4 t\u00e4ll\u00e4 hetkell\u00e4 35 henkil\u00f6\u00e4. [&hellip;]","og_url":"https:\/\/kihlberg.com\/fi\/about-us\/","og_site_name":"Josef kihlberg","article_modified_time":"2019-04-09T06:39:57+00:00","og_image":[{"url":"https:\/\/kihlberg.com\/wp-content\/uploads\/2017\/04\/SIGPSE-logo.png","type":"","width":"","height":""}],"twitter_card":"summary_large_image","twitter_misc":{"Arvioitu lukuaika":"1 minuutti"},"schema":{"@context":"https:\/\/schema.org","@graph":[{"@type":"WebPage","@id":"https:\/\/kihlberg.com\/fi\/about-us\/","url":"https:\/\/kihlberg.com\/fi\/about-us\/","name":"Tietoja meist\u00e4 &#8226; Josef kihlberg","isPartOf":{"@id":"https:\/\/kihlberg.com\/fi\/#website"},"primaryImageOfPage":{"@id":"https:\/\/kihlberg.com\/fi\/about-us\/#primaryimage"},"image":{"@id":"https:\/\/kihlberg.com\/fi\/about-us\/#primaryimage"},"thumbnailUrl":"https:\/\/kihlberg.com\/wp-content\/uploads\/2017\/04\/SIGPSE-logo.png","datePublished":"2018-10-09T10:56:38+00:00","dateModified":"2019-04-09T06:39:57+00:00","breadcrumb":{"@id":"https:\/\/kihlberg.com\/fi\/about-us\/#breadcrumb"},"inLanguage":"fi","potentialAction":[{"@type":"ReadAction","target":["https:\/\/kihlberg.com\/fi\/about-us\/"]}]},{"@type":"ImageObject","inLanguage":"fi","@id":"https:\/\/kihlberg.com\/fi\/about-us\/#primaryimage","url":"https:\/\/kihlberg.com\/wp-content\/uploads\/2017\/04\/SIGPSE-logo.png","contentUrl":"https:\/\/kihlberg.com\/wp-content\/uploads\/2017\/04\/SIGPSE-logo.png"},{"@type":"BreadcrumbList","@id":"https:\/\/kihlberg.com\/fi\/about-us\/#breadcrumb","itemListElement":[{"@type":"ListItem","position":1,"name":"Home","item":"https:\/\/kihlberg.com\/fi\/"},{"@type":"ListItem","position":2,"name":"Tietoja meist\u00e4"}]},{"@type":"WebSite","@id":"https:\/\/kihlberg.com\/fi\/#website","url":"https:\/\/kihlberg.com\/fi\/","name":"Josef kihlberg","description":"Made in Sweden. System manufacturer of premium staples &amp; tools that sets the standard. Legendary.","publisher":{"@id":"https:\/\/kihlberg.com\/fi\/#organization"},"potentialAction":[{"@type":"SearchAction","target":{"@type":"EntryPoint","urlTemplate":"https:\/\/kihlberg.com\/fi\/?s={search_term_string}"},"query-input":{"@type":"PropertyValueSpecification","valueRequired":true,"valueName":"search_term_string"}}],"inLanguage":"fi"},{"@type":"Organization","@id":"https:\/\/kihlberg.com\/fi\/#organization","name":"Josef Kihlberg","url":"https:\/\/kihlberg.com\/fi\/","logo":{"@type":"ImageObject","inLanguage":"fi","@id":"https:\/\/kihlberg.com\/fi\/#\/schema\/logo\/image\/","url":"https:\/\/kihlberg.com\/wp-content\/uploads\/2019\/01\/logo.jpg","contentUrl":"https:\/\/kihlberg.com\/wp-content\/uploads\/2019\/01\/logo.jpg","width":850,"height":850,"caption":"Josef Kihlberg"},"image":{"@id":"https:\/\/kihlberg.com\/fi\/#\/schema\/logo\/image\/"}}]}},"_links":{"self":[{"href":"https:\/\/kihlberg.com\/fi\/wp-json\/wp\/v2\/pages\/91112","targetHints":{"allow":["GET"]}}],"collection":[{"href":"https:\/\/kihlberg.com\/fi\/wp-json\/wp\/v2\/pages"}],"about":[{"href":"https:\/\/kihlberg.com\/fi\/wp-json\/wp\/v2\/types\/page"}],"author":[{"embeddable":true,"href":"https:\/\/kihlberg.com\/fi\/wp-json\/wp\/v2\/users\/1"}],"replies":[{"embeddable":true,"href":"https:\/\/kihlberg.com\/fi\/wp-json\/wp\/v2\/comments?post=91112"}],"version-history":[{"count":0,"href":"https:\/\/kihlberg.com\/fi\/wp-json\/wp\/v2\/pages\/91112\/revisions"}],"wp:attachment":[{"href":"https:\/\/kihlberg.com\/fi\/wp-json\/wp\/v2\/media?parent=91112"}],"curies":[{"name":"wp","href":"https:\/\/api.w.org\/{rel}","templated":true}]}}