{"id":105548,"date":"2019-06-04T13:53:48","date_gmt":"2019-06-04T13:05:17","guid":{"rendered":"https:\/\/kihlberg.com\/?post_type=product&#038;p=105548"},"modified":"2022-05-31T22:06:34","modified_gmt":"2022-05-31T20:06:34","slug":"128101","status":"publish","type":"product","link":"https:\/\/kihlberg.com\/fi\/akkukone\/128101\/","title":{"rendered":"Akkuk\u00e4ytt\u00f6inen kansinitoja c.561B22FL"},"content":{"rendered":"","protected":false},"excerpt":{"rendered":"<p><strong>Etulaser<\/strong><\/p>\n<p>c.561B22FL on ergonominen, helppok\u00e4ytt\u00f6inen ja taloudellinen. Ty\u00f6kalu hiiliharjattomine moottoreineen antaa ty\u00f6lle rytmin, jolla yrityksesi voi vied\u00e4 pakkausten nidonnan uusiin ulottuvuuksiin. Ty\u00f6kalu on suunnitteltu k\u00e4ytt\u00e4j\u00e4\u00e4 varten. Se on kevyt, siin\u00e4 on ergonominen kahva, ja sen rekyyli on mahdollisimman pehme\u00e4 ja melutaso alhainen. c.561B22FL on \u00e4\u00e4rimm\u00e4isen turvallinen k\u00e4ytt\u00e4\u00e4. Sen takaavat turvakytkin, laatikkotunnistimet, liipaisinsormen tunnistus ja huollon turvaominaisuudet.<\/p>\n<p>Kansinitoja antaa k\u00e4ytt\u00e4j\u00e4lle liikkumisen vapauden. Sen huippulaatuisella litiumioniakulla voi nitoa jopa 8 000 hakasta yhdell\u00e4 latauksella. Johdoton kansinitoja on helppo ja intuitiivinen k\u00e4ytt\u00e4\u00e4. Siin\u00e4 on digitaalinen k\u00e4ytt\u00f6liittym\u00e4, tilan led-merkkivalot ja etulaser, joiden avulla nidontaprosessi pysyy jatkuvasti k\u00e4ytt\u00e4j\u00e4n hallussa. K\u00e4ytt\u00f6tapoja on nidottavan pakkauksen mukaan valittavissa kolme : k\u00e4sink\u00e4ytt\u00f6, puoliautomaattinen ja automaattinen.<\/p>\n","protected":false},"featured_media":107142,"template":"","meta":{"_acf_changed":false,"_genesis_hide_title":false,"_genesis_hide_breadcrumbs":false,"_genesis_hide_singular_image":false,"_genesis_hide_footer_widgets":false,"_genesis_custom_body_class":"","_genesis_custom_post_class":"","_genesis_layout":""},"product_brand":[],"product_cat":[2808,3053],"class_list":{"0":"post-105548","1":"product","2":"type-product","3":"status-publish","4":"has-post-thumbnail","6":"product_cat-akkukone","7":"product_cat-etulaser","8":"entry","10":"first","11":"instock","12":"taxable","13":"shipping-taxable","14":"purchasable","15":"product-type-simple"},"acf":[],"yoast_head":"<!-- This site is optimized with the Yoast SEO plugin v26.1.1 - https:\/\/yoast.com\/wordpress\/plugins\/seo\/ -->\n<title>Akkuk\u00e4ytt\u00f6inen kansinitoja c.561B22FL &#8226; Josef kihlberg<\/title>\n<meta name=\"description\" content=\"Uuden sukupolgen johdoton kansinitoja pahvilaatikoille. 6000 hakasta yhdell\u00e4 latauksella. c.561B22FL on ergonominen, taloudellinen ja helppok\u00e4ytt\u00f6inen. L\u00f6yt\u00e4\u00e4!\" \/>\n<meta name=\"robots\" content=\"index, follow, max-snippet:-1, max-image-preview:large, max-video-preview:-1\" \/>\n<link rel=\"canonical\" href=\"https:\/\/kihlberg.com\/fi\/akkukone\/128101\/\" \/>\n<meta property=\"og:locale\" content=\"fi_FI\" \/>\n<meta property=\"og:type\" content=\"article\" \/>\n<meta property=\"og:title\" content=\"Akkuk\u00e4ytt\u00f6inen kansinitoja c.561B22FL &#8226; Josef kihlberg\" \/>\n<meta property=\"og:description\" content=\"Uuden sukupolgen johdoton kansinitoja pahvilaatikoille. 6000 hakasta yhdell\u00e4 latauksella. c.561B22FL on ergonominen, taloudellinen ja helppok\u00e4ytt\u00f6inen. L\u00f6yt\u00e4\u00e4!\" \/>\n<meta property=\"og:url\" content=\"https:\/\/kihlberg.com\/fi\/akkukone\/128101\/\" \/>\n<meta property=\"og:site_name\" content=\"Josef kihlberg\" \/>\n<meta property=\"article:modified_time\" content=\"2022-05-31T20:06:34+00:00\" \/>\n<meta property=\"og:image\" content=\"https:\/\/kihlberg.com\/wp-content\/uploads\/2019\/06\/cordless-carton-closer-top-stapler-front-laser-c561B-a560B.png\" \/>\n\t<meta property=\"og:image:width\" content=\"750\" \/>\n\t<meta property=\"og:image:height\" content=\"750\" \/>\n\t<meta property=\"og:image:type\" content=\"image\/png\" \/>\n<meta name=\"twitter:card\" content=\"summary_large_image\" \/>\n<meta name=\"twitter:label1\" content=\"Hinta\" \/>\n\t<meta name=\"twitter:data1\" content=\"&euro;1 451\" \/>\n\t<meta name=\"twitter:label2\" content=\"Saatavuus\" \/>\n\t<meta name=\"twitter:data2\" content=\"Varastossa\" \/>\n<script type=\"application\/ld+json\" class=\"yoast-schema-graph\">{\"@context\":\"https:\/\/schema.org\",\"@graph\":[{\"@type\":\"WebPage\",\"@id\":\"https:\/\/kihlberg.com\/fi\/akkukone\/128101\/\",\"url\":\"https:\/\/kihlberg.com\/fi\/akkukone\/128101\/\",\"name\":\"Akkuk\u00e4ytt\u00f6inen kansinitoja c.561B22FL &#8226; Josef kihlberg\",\"isPartOf\":{\"@id\":\"https:\/\/kihlberg.com\/fi\/#website\"},\"primaryImageOfPage\":{\"@id\":\"https:\/\/kihlberg.com\/fi\/akkukone\/128101\/#primaryimage\"},\"image\":{\"@id\":\"https:\/\/kihlberg.com\/fi\/akkukone\/128101\/#primaryimage\"},\"thumbnailUrl\":\"https:\/\/kihlberg.com\/wp-content\/uploads\/2019\/06\/cordless-carton-closer-top-stapler-front-laser-c561B-a560B.png\",\"datePublished\":\"2019-06-04T13:05:17+00:00\",\"dateModified\":\"2022-05-31T20:06:34+00:00\",\"description\":\"Uuden sukupolgen johdoton kansinitoja pahvilaatikoille. 6000 hakasta yhdell\u00e4 latauksella. c.561B22FL on ergonominen, taloudellinen ja helppok\u00e4ytt\u00f6inen. L\u00f6yt\u00e4\u00e4!\",\"breadcrumb\":{\"@id\":\"https:\/\/kihlberg.com\/fi\/akkukone\/128101\/#breadcrumb\"},\"inLanguage\":\"fi\",\"potentialAction\":[{\"@type\":\"ReadAction\",\"target\":[\"https:\/\/kihlberg.com\/fi\/akkukone\/128101\/\"]}]},{\"@type\":\"ImageObject\",\"inLanguage\":\"fi\",\"@id\":\"https:\/\/kihlberg.com\/fi\/akkukone\/128101\/#primaryimage\",\"url\":\"https:\/\/kihlberg.com\/wp-content\/uploads\/2019\/06\/cordless-carton-closer-top-stapler-front-laser-c561B-a560B.png\",\"contentUrl\":\"https:\/\/kihlberg.com\/wp-content\/uploads\/2019\/06\/cordless-carton-closer-top-stapler-front-laser-c561B-a560B.png\",\"width\":750,\"height\":750,\"caption\":\"cordless carton closer top stapler front laser\"},{\"@type\":\"BreadcrumbList\",\"@id\":\"https:\/\/kihlberg.com\/fi\/akkukone\/128101\/#breadcrumb\",\"itemListElement\":[{\"@type\":\"ListItem\",\"position\":1,\"name\":\"Home\",\"item\":\"https:\/\/kihlberg.com\/fi\/\"},{\"@type\":\"ListItem\",\"position\":2,\"name\":\"Shop\",\"item\":\"https:\/\/kihlberg.com\/shop\/\"},{\"@type\":\"ListItem\",\"position\":3,\"name\":\"Akkukone\",\"item\":\"https:\/\/kihlberg.com\/fi\/akkukone\/\"},{\"@type\":\"ListItem\",\"position\":4,\"name\":\"Akkuk\u00e4ytt\u00f6inen kansinitoja c.561B22FL\"}]},{\"@type\":\"WebSite\",\"@id\":\"https:\/\/kihlberg.com\/fi\/#website\",\"url\":\"https:\/\/kihlberg.com\/fi\/\",\"name\":\"Josef kihlberg\",\"description\":\"Made in Sweden. System manufacturer of premium staples &amp; tools that sets the standard. Legendary.\",\"publisher\":{\"@id\":\"https:\/\/kihlberg.com\/fi\/#organization\"},\"potentialAction\":[{\"@type\":\"SearchAction\",\"target\":{\"@type\":\"EntryPoint\",\"urlTemplate\":\"https:\/\/kihlberg.com\/fi\/?s={search_term_string}\"},\"query-input\":{\"@type\":\"PropertyValueSpecification\",\"valueRequired\":true,\"valueName\":\"search_term_string\"}}],\"inLanguage\":\"fi\"},{\"@type\":\"Organization\",\"@id\":\"https:\/\/kihlberg.com\/fi\/#organization\",\"name\":\"Josef Kihlberg\",\"url\":\"https:\/\/kihlberg.com\/fi\/\",\"logo\":{\"@type\":\"ImageObject\",\"inLanguage\":\"fi\",\"@id\":\"https:\/\/kihlberg.com\/fi\/#\/schema\/logo\/image\/\",\"url\":\"https:\/\/kihlberg.com\/wp-content\/uploads\/2019\/01\/logo.jpg\",\"contentUrl\":\"https:\/\/kihlberg.com\/wp-content\/uploads\/2019\/01\/logo.jpg\",\"width\":850,\"height\":850,\"caption\":\"Josef Kihlberg\"},\"image\":{\"@id\":\"https:\/\/kihlberg.com\/fi\/#\/schema\/logo\/image\/\"}}]}<\/script>\n<meta property=\"product:price:amount\" content=\"1451\" \/>\n<meta property=\"product:price:currency\" content=\"EUR\" \/>\n<meta property=\"og:availability\" content=\"instock\" \/>\n<meta property=\"product:availability\" content=\"instock\" \/>\n<meta property=\"product:retailer_item_id\" content=\"128101\" \/>\n<meta property=\"product:condition\" content=\"new\" \/>\n<!-- \/ Yoast SEO plugin. -->","yoast_head_json":{"title":"Akkuk\u00e4ytt\u00f6inen kansinitoja c.561B22FL &#8226; Josef kihlberg","description":"Uuden sukupolgen johdoton kansinitoja pahvilaatikoille. 6000 hakasta yhdell\u00e4 latauksella. c.561B22FL on ergonominen, taloudellinen ja helppok\u00e4ytt\u00f6inen. L\u00f6yt\u00e4\u00e4!","robots":{"index":"index","follow":"follow","max-snippet":"max-snippet:-1","max-image-preview":"max-image-preview:large","max-video-preview":"max-video-preview:-1"},"canonical":"https:\/\/kihlberg.com\/fi\/akkukone\/128101\/","og_locale":"fi_FI","og_type":"article","og_title":"Akkuk\u00e4ytt\u00f6inen kansinitoja c.561B22FL &#8226; Josef kihlberg","og_description":"Uuden sukupolgen johdoton kansinitoja pahvilaatikoille. 6000 hakasta yhdell\u00e4 latauksella. c.561B22FL on ergonominen, taloudellinen ja helppok\u00e4ytt\u00f6inen. L\u00f6yt\u00e4\u00e4!","og_url":"https:\/\/kihlberg.com\/fi\/akkukone\/128101\/","og_site_name":"Josef kihlberg","article_modified_time":"2022-05-31T20:06:34+00:00","og_image":[{"width":750,"height":750,"url":"https:\/\/kihlberg.com\/wp-content\/uploads\/2019\/06\/cordless-carton-closer-top-stapler-front-laser-c561B-a560B.png","type":"image\/png"}],"twitter_card":"summary_large_image","twitter_misc":{"Hinta":"&euro;1 451","Saatavuus":"Varastossa"},"schema":{"@context":"https:\/\/schema.org","@graph":[{"@type":"WebPage","@id":"https:\/\/kihlberg.com\/fi\/akkukone\/128101\/","url":"https:\/\/kihlberg.com\/fi\/akkukone\/128101\/","name":"Akkuk\u00e4ytt\u00f6inen kansinitoja c.561B22FL &#8226; Josef kihlberg","isPartOf":{"@id":"https:\/\/kihlberg.com\/fi\/#website"},"primaryImageOfPage":{"@id":"https:\/\/kihlberg.com\/fi\/akkukone\/128101\/#primaryimage"},"image":{"@id":"https:\/\/kihlberg.com\/fi\/akkukone\/128101\/#primaryimage"},"thumbnailUrl":"https:\/\/kihlberg.com\/wp-content\/uploads\/2019\/06\/cordless-carton-closer-top-stapler-front-laser-c561B-a560B.png","datePublished":"2019-06-04T13:05:17+00:00","dateModified":"2022-05-31T20:06:34+00:00","description":"Uuden sukupolgen johdoton kansinitoja pahvilaatikoille. 6000 hakasta yhdell\u00e4 latauksella. c.561B22FL on ergonominen, taloudellinen ja helppok\u00e4ytt\u00f6inen. L\u00f6yt\u00e4\u00e4!","breadcrumb":{"@id":"https:\/\/kihlberg.com\/fi\/akkukone\/128101\/#breadcrumb"},"inLanguage":"fi","potentialAction":[{"@type":"ReadAction","target":["https:\/\/kihlberg.com\/fi\/akkukone\/128101\/"]}]},{"@type":"ImageObject","inLanguage":"fi","@id":"https:\/\/kihlberg.com\/fi\/akkukone\/128101\/#primaryimage","url":"https:\/\/kihlberg.com\/wp-content\/uploads\/2019\/06\/cordless-carton-closer-top-stapler-front-laser-c561B-a560B.png","contentUrl":"https:\/\/kihlberg.com\/wp-content\/uploads\/2019\/06\/cordless-carton-closer-top-stapler-front-laser-c561B-a560B.png","width":750,"height":750,"caption":"cordless carton closer top stapler front laser"},{"@type":"BreadcrumbList","@id":"https:\/\/kihlberg.com\/fi\/akkukone\/128101\/#breadcrumb","itemListElement":[{"@type":"ListItem","position":1,"name":"Home","item":"https:\/\/kihlberg.com\/fi\/"},{"@type":"ListItem","position":2,"name":"Shop","item":"https:\/\/kihlberg.com\/shop\/"},{"@type":"ListItem","position":3,"name":"Akkukone","item":"https:\/\/kihlberg.com\/fi\/akkukone\/"},{"@type":"ListItem","position":4,"name":"Akkuk\u00e4ytt\u00f6inen kansinitoja c.561B22FL"}]},{"@type":"WebSite","@id":"https:\/\/kihlberg.com\/fi\/#website","url":"https:\/\/kihlberg.com\/fi\/","name":"Josef kihlberg","description":"Made in Sweden. System manufacturer of premium staples &amp; tools that sets the standard. Legendary.","publisher":{"@id":"https:\/\/kihlberg.com\/fi\/#organization"},"potentialAction":[{"@type":"SearchAction","target":{"@type":"EntryPoint","urlTemplate":"https:\/\/kihlberg.com\/fi\/?s={search_term_string}"},"query-input":{"@type":"PropertyValueSpecification","valueRequired":true,"valueName":"search_term_string"}}],"inLanguage":"fi"},{"@type":"Organization","@id":"https:\/\/kihlberg.com\/fi\/#organization","name":"Josef Kihlberg","url":"https:\/\/kihlberg.com\/fi\/","logo":{"@type":"ImageObject","inLanguage":"fi","@id":"https:\/\/kihlberg.com\/fi\/#\/schema\/logo\/image\/","url":"https:\/\/kihlberg.com\/wp-content\/uploads\/2019\/01\/logo.jpg","contentUrl":"https:\/\/kihlberg.com\/wp-content\/uploads\/2019\/01\/logo.jpg","width":850,"height":850,"caption":"Josef Kihlberg"},"image":{"@id":"https:\/\/kihlberg.com\/fi\/#\/schema\/logo\/image\/"}}]},"product_price_amount":"1451","product_price_currency":"EUR","og_availability":"instock","product_availability":"instock","product_retailer_item_id":"128101","product_condition":"new"},"_links":{"self":[{"href":"https:\/\/kihlberg.com\/fi\/wp-json\/wp\/v2\/product\/105548","targetHints":{"allow":["GET"]}}],"collection":[{"href":"https:\/\/kihlberg.com\/fi\/wp-json\/wp\/v2\/product"}],"about":[{"href":"https:\/\/kihlberg.com\/fi\/wp-json\/wp\/v2\/types\/product"}],"wp:featuredmedia":[{"embeddable":true,"href":"https:\/\/kihlberg.com\/fi\/wp-json\/wp\/v2\/media\/107142"}],"wp:attachment":[{"href":"https:\/\/kihlberg.com\/fi\/wp-json\/wp\/v2\/media?parent=105548"}],"wp:term":[{"taxonomy":"product_brand","embeddable":true,"href":"https:\/\/kihlberg.com\/fi\/wp-json\/wp\/v2\/product_brand?post=105548"},{"taxonomy":"product_cat","embeddable":true,"href":"https:\/\/kihlberg.com\/fi\/wp-json\/wp\/v2\/product_cat?post=105548"}],"curies":[{"name":"wp","href":"https:\/\/api.w.org\/{rel}","templated":true}]}}