{"id":91520,"date":"2019-03-28T13:49:16","date_gmt":"2019-03-28T13:49:16","guid":{"rendered":"https:\/\/kihlberg.com\/?post_type=product&#038;p=91520"},"modified":"2019-09-07T06:00:27","modified_gmt":"2019-09-07T06:00:27","slug":"126374","status":"publish","type":"product","link":"https:\/\/kihlberg.com\/fi\/koneet\/126374\/","title":{"rendered":"JKPC782"},"content":{"rendered":"","protected":false},"excerpt":{"rendered":"<p>Kyseinen ty\u00f6kalu on suojakiinnityskone. T\u00e4m\u00e4 tarkoittaa ett\u00e4 kone ampuu hakasen kanssa samanaikaisesti muovinapin. Hakanen menee muovinapin l\u00e4pi mik\u00e4 est\u00e4\u00e4 sen menemisen suojamateriaalin l\u00e4pi. N\u00e4in pystyt kiinnitt\u00e4m\u00e4\u00e4n suojan v\u00e4hemm\u00e4ll\u00e4 m\u00e4\u00e4r\u00e4ll\u00e4 hakasia kun muovinappi antaa leve\u00e4mm\u00e4n suojan. Suojaava materiaali pysyy my\u00f6s kiinnitettyn\u00e4 paremmin tuulelta ja sateelta.<br \/>\nToinen huomioitava seikka on ett\u00e4 hakasten ja muovinappien irroitus on nopeaa verrattuna pelk\u00e4st\u00e4\u00e4n hakasten poistamiseen. JKPC782 on suunniteltu tehokkaaseen tuotantoon jotta voit nopeuttaa suojaamista sek\u00e4 parantaa suojaamisen laatua pienemm\u00e4ll\u00e4 kustannuksella. Suojankiinnityskone on pneumaattinen ty\u00f6kalu, mik\u00e4 tarkoittaa ett\u00e4 se vaatii paineilmaa toimiakseen.<br \/>\nJKPC782 on kustannustehokas, joustava ja luotettava ty\u00f6kalu arvokkaiden tuotteidesi suojaamiseen.<\/p>\n","protected":false},"featured_media":91522,"template":"","meta":{"_acf_changed":false,"_genesis_hide_title":false,"_genesis_hide_breadcrumbs":false,"_genesis_hide_singular_image":false,"_genesis_hide_footer_widgets":false,"_genesis_custom_body_class":"","_genesis_custom_post_class":"","_genesis_layout":""},"product_brand":[],"product_cat":[1725,1716],"class_list":{"0":"post-91520","1":"product","2":"type-product","3":"status-publish","4":"has-post-thumbnail","6":"product_cat-koneet","7":"product_cat-teollisuus","8":"pa_ce-declared-joo","9":"pa_magazine-capacity-100-fi-2","10":"pa_max-pressure-7-sv-fi","11":"entry","13":"first","14":"instock","15":"taxable","16":"shipping-taxable","17":"purchasable","18":"product-type-simple"},"acf":[],"yoast_head":"<!-- This site is optimized with the Yoast SEO plugin v26.1.1 - https:\/\/yoast.com\/wordpress\/plugins\/seo\/ -->\n<title>JKPC782 &#8226; Josef kihlberg<\/title>\n<meta name=\"description\" content=\"Plastic Cap Stapler. Fires staple and plastic cap at the same time. Prevent staples going through material, enhances material strength, easy to remove.\" \/>\n<meta name=\"robots\" content=\"index, follow, max-snippet:-1, max-image-preview:large, max-video-preview:-1\" \/>\n<link rel=\"canonical\" href=\"https:\/\/kihlberg.com\/fi\/koneet\/126374\/\" \/>\n<meta property=\"og:locale\" content=\"fi_FI\" \/>\n<meta property=\"og:type\" content=\"article\" \/>\n<meta property=\"og:title\" content=\"JKPC782 &#8226; Josef kihlberg\" \/>\n<meta property=\"og:description\" content=\"Plastic Cap Stapler. Fires staple and plastic cap at the same time. Prevent staples going through material, enhances material strength, easy to remove.\" \/>\n<meta property=\"og:url\" content=\"https:\/\/kihlberg.com\/fi\/koneet\/126374\/\" \/>\n<meta property=\"og:site_name\" content=\"Josef kihlberg\" \/>\n<meta property=\"article:modified_time\" content=\"2019-09-07T06:00:27+00:00\" \/>\n<meta property=\"og:image\" content=\"https:\/\/kihlberg.com\/wp-content\/uploads\/2019\/03\/JK782-plastic-cap-stapler.png\" \/>\n\t<meta property=\"og:image:width\" content=\"720\" \/>\n\t<meta property=\"og:image:height\" content=\"720\" \/>\n\t<meta property=\"og:image:type\" content=\"image\/png\" \/>\n<meta name=\"twitter:card\" content=\"summary_large_image\" \/>\n<meta name=\"twitter:label1\" content=\"Hinta\" \/>\n\t<meta name=\"twitter:data1\" content=\"&euro;386\" \/>\n\t<meta name=\"twitter:label2\" content=\"Saatavuus\" \/>\n\t<meta name=\"twitter:data2\" content=\"Varastossa\" \/>\n<script type=\"application\/ld+json\" class=\"yoast-schema-graph\">{\"@context\":\"https:\/\/schema.org\",\"@graph\":[{\"@type\":\"WebPage\",\"@id\":\"https:\/\/kihlberg.com\/fi\/koneet\/126374\/\",\"url\":\"https:\/\/kihlberg.com\/fi\/koneet\/126374\/\",\"name\":\"JKPC782 &#8226; Josef kihlberg\",\"isPartOf\":{\"@id\":\"https:\/\/kihlberg.com\/fi\/#website\"},\"primaryImageOfPage\":{\"@id\":\"https:\/\/kihlberg.com\/fi\/koneet\/126374\/#primaryimage\"},\"image\":{\"@id\":\"https:\/\/kihlberg.com\/fi\/koneet\/126374\/#primaryimage\"},\"thumbnailUrl\":\"https:\/\/kihlberg.com\/wp-content\/uploads\/2019\/03\/JK782-plastic-cap-stapler.png\",\"datePublished\":\"2019-03-28T13:49:16+00:00\",\"dateModified\":\"2019-09-07T06:00:27+00:00\",\"description\":\"Plastic Cap Stapler. Fires staple and plastic cap at the same time. Prevent staples going through material, enhances material strength, easy to remove.\",\"breadcrumb\":{\"@id\":\"https:\/\/kihlberg.com\/fi\/koneet\/126374\/#breadcrumb\"},\"inLanguage\":\"fi\",\"potentialAction\":[{\"@type\":\"ReadAction\",\"target\":[\"https:\/\/kihlberg.com\/fi\/koneet\/126374\/\"]}]},{\"@type\":\"ImageObject\",\"inLanguage\":\"fi\",\"@id\":\"https:\/\/kihlberg.com\/fi\/koneet\/126374\/#primaryimage\",\"url\":\"https:\/\/kihlberg.com\/wp-content\/uploads\/2019\/03\/JK782-plastic-cap-stapler.png\",\"contentUrl\":\"https:\/\/kihlberg.com\/wp-content\/uploads\/2019\/03\/JK782-plastic-cap-stapler.png\",\"width\":720,\"height\":720},{\"@type\":\"BreadcrumbList\",\"@id\":\"https:\/\/kihlberg.com\/fi\/koneet\/126374\/#breadcrumb\",\"itemListElement\":[{\"@type\":\"ListItem\",\"position\":1,\"name\":\"Home\",\"item\":\"https:\/\/kihlberg.com\/fi\/\"},{\"@type\":\"ListItem\",\"position\":2,\"name\":\"Shop\",\"item\":\"https:\/\/kihlberg.com\/shop\/\"},{\"@type\":\"ListItem\",\"position\":3,\"name\":\"Koneet\",\"item\":\"https:\/\/kihlberg.com\/fi\/koneet\/\"},{\"@type\":\"ListItem\",\"position\":4,\"name\":\"JKPC782\"}]},{\"@type\":\"WebSite\",\"@id\":\"https:\/\/kihlberg.com\/fi\/#website\",\"url\":\"https:\/\/kihlberg.com\/fi\/\",\"name\":\"Josef kihlberg\",\"description\":\"Made in Sweden. System manufacturer of premium staples &amp; tools that sets the standard. Legendary.\",\"publisher\":{\"@id\":\"https:\/\/kihlberg.com\/fi\/#organization\"},\"potentialAction\":[{\"@type\":\"SearchAction\",\"target\":{\"@type\":\"EntryPoint\",\"urlTemplate\":\"https:\/\/kihlberg.com\/fi\/?s={search_term_string}\"},\"query-input\":{\"@type\":\"PropertyValueSpecification\",\"valueRequired\":true,\"valueName\":\"search_term_string\"}}],\"inLanguage\":\"fi\"},{\"@type\":\"Organization\",\"@id\":\"https:\/\/kihlberg.com\/fi\/#organization\",\"name\":\"Josef Kihlberg\",\"url\":\"https:\/\/kihlberg.com\/fi\/\",\"logo\":{\"@type\":\"ImageObject\",\"inLanguage\":\"fi\",\"@id\":\"https:\/\/kihlberg.com\/fi\/#\/schema\/logo\/image\/\",\"url\":\"https:\/\/kihlberg.com\/wp-content\/uploads\/2019\/01\/logo.jpg\",\"contentUrl\":\"https:\/\/kihlberg.com\/wp-content\/uploads\/2019\/01\/logo.jpg\",\"width\":850,\"height\":850,\"caption\":\"Josef Kihlberg\"},\"image\":{\"@id\":\"https:\/\/kihlberg.com\/fi\/#\/schema\/logo\/image\/\"}}]}<\/script>\n<meta property=\"product:price:amount\" content=\"386\" \/>\n<meta property=\"product:price:currency\" content=\"EUR\" \/>\n<meta property=\"og:availability\" content=\"instock\" \/>\n<meta property=\"product:availability\" content=\"instock\" \/>\n<meta property=\"product:retailer_item_id\" content=\"126374\" \/>\n<meta property=\"product:condition\" content=\"new\" \/>\n<!-- \/ Yoast SEO plugin. -->","yoast_head_json":{"title":"JKPC782 &#8226; Josef kihlberg","description":"Plastic Cap Stapler. Fires staple and plastic cap at the same time. Prevent staples going through material, enhances material strength, easy to remove.","robots":{"index":"index","follow":"follow","max-snippet":"max-snippet:-1","max-image-preview":"max-image-preview:large","max-video-preview":"max-video-preview:-1"},"canonical":"https:\/\/kihlberg.com\/fi\/koneet\/126374\/","og_locale":"fi_FI","og_type":"article","og_title":"JKPC782 &#8226; Josef kihlberg","og_description":"Plastic Cap Stapler. Fires staple and plastic cap at the same time. Prevent staples going through material, enhances material strength, easy to remove.","og_url":"https:\/\/kihlberg.com\/fi\/koneet\/126374\/","og_site_name":"Josef kihlberg","article_modified_time":"2019-09-07T06:00:27+00:00","og_image":[{"width":720,"height":720,"url":"https:\/\/kihlberg.com\/wp-content\/uploads\/2019\/03\/JK782-plastic-cap-stapler.png","type":"image\/png"}],"twitter_card":"summary_large_image","twitter_misc":{"Hinta":"&euro;386","Saatavuus":"Varastossa"},"schema":{"@context":"https:\/\/schema.org","@graph":[{"@type":"WebPage","@id":"https:\/\/kihlberg.com\/fi\/koneet\/126374\/","url":"https:\/\/kihlberg.com\/fi\/koneet\/126374\/","name":"JKPC782 &#8226; Josef kihlberg","isPartOf":{"@id":"https:\/\/kihlberg.com\/fi\/#website"},"primaryImageOfPage":{"@id":"https:\/\/kihlberg.com\/fi\/koneet\/126374\/#primaryimage"},"image":{"@id":"https:\/\/kihlberg.com\/fi\/koneet\/126374\/#primaryimage"},"thumbnailUrl":"https:\/\/kihlberg.com\/wp-content\/uploads\/2019\/03\/JK782-plastic-cap-stapler.png","datePublished":"2019-03-28T13:49:16+00:00","dateModified":"2019-09-07T06:00:27+00:00","description":"Plastic Cap Stapler. Fires staple and plastic cap at the same time. Prevent staples going through material, enhances material strength, easy to remove.","breadcrumb":{"@id":"https:\/\/kihlberg.com\/fi\/koneet\/126374\/#breadcrumb"},"inLanguage":"fi","potentialAction":[{"@type":"ReadAction","target":["https:\/\/kihlberg.com\/fi\/koneet\/126374\/"]}]},{"@type":"ImageObject","inLanguage":"fi","@id":"https:\/\/kihlberg.com\/fi\/koneet\/126374\/#primaryimage","url":"https:\/\/kihlberg.com\/wp-content\/uploads\/2019\/03\/JK782-plastic-cap-stapler.png","contentUrl":"https:\/\/kihlberg.com\/wp-content\/uploads\/2019\/03\/JK782-plastic-cap-stapler.png","width":720,"height":720},{"@type":"BreadcrumbList","@id":"https:\/\/kihlberg.com\/fi\/koneet\/126374\/#breadcrumb","itemListElement":[{"@type":"ListItem","position":1,"name":"Home","item":"https:\/\/kihlberg.com\/fi\/"},{"@type":"ListItem","position":2,"name":"Shop","item":"https:\/\/kihlberg.com\/shop\/"},{"@type":"ListItem","position":3,"name":"Koneet","item":"https:\/\/kihlberg.com\/fi\/koneet\/"},{"@type":"ListItem","position":4,"name":"JKPC782"}]},{"@type":"WebSite","@id":"https:\/\/kihlberg.com\/fi\/#website","url":"https:\/\/kihlberg.com\/fi\/","name":"Josef kihlberg","description":"Made in Sweden. System manufacturer of premium staples &amp; tools that sets the standard. Legendary.","publisher":{"@id":"https:\/\/kihlberg.com\/fi\/#organization"},"potentialAction":[{"@type":"SearchAction","target":{"@type":"EntryPoint","urlTemplate":"https:\/\/kihlberg.com\/fi\/?s={search_term_string}"},"query-input":{"@type":"PropertyValueSpecification","valueRequired":true,"valueName":"search_term_string"}}],"inLanguage":"fi"},{"@type":"Organization","@id":"https:\/\/kihlberg.com\/fi\/#organization","name":"Josef Kihlberg","url":"https:\/\/kihlberg.com\/fi\/","logo":{"@type":"ImageObject","inLanguage":"fi","@id":"https:\/\/kihlberg.com\/fi\/#\/schema\/logo\/image\/","url":"https:\/\/kihlberg.com\/wp-content\/uploads\/2019\/01\/logo.jpg","contentUrl":"https:\/\/kihlberg.com\/wp-content\/uploads\/2019\/01\/logo.jpg","width":850,"height":850,"caption":"Josef Kihlberg"},"image":{"@id":"https:\/\/kihlberg.com\/fi\/#\/schema\/logo\/image\/"}}]},"product_price_amount":"386","product_price_currency":"EUR","og_availability":"instock","product_availability":"instock","product_retailer_item_id":"126374","product_condition":"new"},"_links":{"self":[{"href":"https:\/\/kihlberg.com\/fi\/wp-json\/wp\/v2\/product\/91520","targetHints":{"allow":["GET"]}}],"collection":[{"href":"https:\/\/kihlberg.com\/fi\/wp-json\/wp\/v2\/product"}],"about":[{"href":"https:\/\/kihlberg.com\/fi\/wp-json\/wp\/v2\/types\/product"}],"wp:featuredmedia":[{"embeddable":true,"href":"https:\/\/kihlberg.com\/fi\/wp-json\/wp\/v2\/media\/91522"}],"wp:attachment":[{"href":"https:\/\/kihlberg.com\/fi\/wp-json\/wp\/v2\/media?parent=91520"}],"wp:term":[{"taxonomy":"product_brand","embeddable":true,"href":"https:\/\/kihlberg.com\/fi\/wp-json\/wp\/v2\/product_brand?post=91520"},{"taxonomy":"product_cat","embeddable":true,"href":"https:\/\/kihlberg.com\/fi\/wp-json\/wp\/v2\/product_cat?post=91520"}],"curies":[{"name":"wp","href":"https:\/\/api.w.org\/{rel}","templated":true}]}}