{"id":94326,"date":"2018-09-21T10:34:43","date_gmt":"2018-09-21T10:34:43","guid":{"rendered":"https:\/\/kihlberg.com\/product\/126311\/"},"modified":"2019-09-07T05:48:56","modified_gmt":"2019-09-07T05:48:56","slug":"126311","status":"publish","type":"product","link":"https:\/\/kihlberg.com\/fi\/koneet\/126311\/","title":{"rendered":"Hakasnaulain JK35-590"},"content":{"rendered":"","protected":false},"excerpt":{"rendered":"<p>Ruotsissa valmistettu ammattilaisten pneumaattinen JK35-590-hakasnaulain on t\u00e4ydellinen valinta aaltopahvin kiinnitt\u00e4miseen tai puun reunojen suojaamiseen esimerkiksi kuormalavoissa, kehyksiss\u00e4 ja muissa pakkauksissa. JK35-590 on nopea, kest\u00e4v\u00e4 ja tukeva ty\u00f6kalu, joka on tasapainoinen ja painoltaan kevyt. Varreltaan leve\u00e4t JK590-hakaset antavat kunnon lujuuden. JK35-590 yhdess\u00e4 JK35T590-nitojan ja JK590-hakasten kanssa antaa sinulle t\u00e4ydellisen ja kustannustehokkaan ratkaisun.<\/p>\n","protected":false},"featured_media":94327,"template":"","meta":{"_acf_changed":false,"_genesis_hide_title":false,"_genesis_hide_breadcrumbs":false,"_genesis_hide_singular_image":false,"_genesis_hide_footer_widgets":false,"_genesis_custom_body_class":"","_genesis_custom_post_class":"","_genesis_layout":""},"product_brand":[],"product_cat":[1725,1719,1715],"class_list":{"0":"post-94326","1":"product","2":"type-product","3":"status-publish","4":"has-post-thumbnail","6":"product_cat-koneet","7":"product_cat-kuljetuspakkaukset","8":"product_cat-pakkaaminen","9":"pa_leg-length-335-fi","10":"pa_lubrication-joo","11":"pa_magazine-capacity-100-fi-2","12":"pa_max-pressure-7-fi-2","13":"pa_nose-length-2-fi-2","14":"pa_staple-leg-length-16-32-mm-5-8-1-1-4-in-fi-2","15":"entry","17":"first","18":"instock","19":"taxable","20":"shipping-taxable","21":"purchasable","22":"product-type-simple"},"acf":[],"yoast_head":"<!-- This site is optimized with the Yoast SEO plugin v26.1.1 - https:\/\/yoast.com\/wordpress\/plugins\/seo\/ -->\n<title>Stapler JK35-590<\/title>\n<meta name=\"robots\" content=\"index, follow, max-snippet:-1, max-image-preview:large, max-video-preview:-1\" \/>\n<link rel=\"canonical\" href=\"https:\/\/kihlberg.com\/fi\/koneet\/126311\/\" \/>\n<meta property=\"og:locale\" content=\"fi_FI\" \/>\n<meta property=\"og:type\" content=\"article\" \/>\n<meta property=\"og:title\" content=\"Stapler JK35-590\" \/>\n<meta property=\"og:description\" content=\"Ruotsissa valmistettu ammattilaisten pneumaattinen JK35-590-hakasnaulain on t\u00e4ydellinen valinta aaltopahvin kiinnitt\u00e4miseen tai puun reunojen suojaamiseen esimerkiksi kuormalavoissa, kehyksiss\u00e4 ja muissa pakkauksissa. JK35-590 on nopea, kest\u00e4v\u00e4 ja tukeva ty\u00f6kalu, joka on tasapainoinen ja painoltaan kevyt. Varreltaan leve\u00e4t JK590-hakaset antavat kunnon lujuuden. JK35-590 yhdess\u00e4 JK35T590-nitojan ja JK590-hakasten kanssa antaa sinulle t\u00e4ydellisen ja kustannustehokkaan ratkaisun.\" \/>\n<meta property=\"og:url\" content=\"https:\/\/kihlberg.com\/fi\/koneet\/126311\/\" \/>\n<meta property=\"og:site_name\" content=\"Josef kihlberg\" \/>\n<meta property=\"article:modified_time\" content=\"2019-09-07T05:48:56+00:00\" \/>\n<meta property=\"og:image\" content=\"https:\/\/kihlberg.com\/wp-content\/uploads\/2018\/08\/126311.png\" \/>\n\t<meta property=\"og:image:width\" content=\"720\" \/>\n\t<meta property=\"og:image:height\" content=\"720\" \/>\n\t<meta property=\"og:image:type\" content=\"image\/png\" \/>\n<meta name=\"twitter:card\" content=\"summary_large_image\" \/>\n<meta name=\"twitter:label1\" content=\"Hinta\" \/>\n\t<meta name=\"twitter:data1\" content=\"&euro;969\" \/>\n\t<meta name=\"twitter:label2\" content=\"Saatavuus\" \/>\n\t<meta name=\"twitter:data2\" content=\"Varastossa\" \/>\n<script type=\"application\/ld+json\" class=\"yoast-schema-graph\">{\"@context\":\"https:\/\/schema.org\",\"@graph\":[{\"@type\":\"WebPage\",\"@id\":\"https:\/\/kihlberg.com\/fi\/koneet\/126311\/\",\"url\":\"https:\/\/kihlberg.com\/fi\/koneet\/126311\/\",\"name\":\"Stapler JK35-590\",\"isPartOf\":{\"@id\":\"https:\/\/kihlberg.com\/fi\/#website\"},\"primaryImageOfPage\":{\"@id\":\"https:\/\/kihlberg.com\/fi\/koneet\/126311\/#primaryimage\"},\"image\":{\"@id\":\"https:\/\/kihlberg.com\/fi\/koneet\/126311\/#primaryimage\"},\"thumbnailUrl\":\"https:\/\/kihlberg.com\/wp-content\/uploads\/2018\/08\/126311.png\",\"datePublished\":\"2018-09-21T10:34:43+00:00\",\"dateModified\":\"2019-09-07T05:48:56+00:00\",\"breadcrumb\":{\"@id\":\"https:\/\/kihlberg.com\/fi\/koneet\/126311\/#breadcrumb\"},\"inLanguage\":\"fi\",\"potentialAction\":[{\"@type\":\"ReadAction\",\"target\":[\"https:\/\/kihlberg.com\/fi\/koneet\/126311\/\"]}]},{\"@type\":\"ImageObject\",\"inLanguage\":\"fi\",\"@id\":\"https:\/\/kihlberg.com\/fi\/koneet\/126311\/#primaryimage\",\"url\":\"https:\/\/kihlberg.com\/wp-content\/uploads\/2018\/08\/126311.png\",\"contentUrl\":\"https:\/\/kihlberg.com\/wp-content\/uploads\/2018\/08\/126311.png\",\"width\":720,\"height\":720},{\"@type\":\"BreadcrumbList\",\"@id\":\"https:\/\/kihlberg.com\/fi\/koneet\/126311\/#breadcrumb\",\"itemListElement\":[{\"@type\":\"ListItem\",\"position\":1,\"name\":\"Home\",\"item\":\"https:\/\/kihlberg.com\/fi\/\"},{\"@type\":\"ListItem\",\"position\":2,\"name\":\"Shop\",\"item\":\"https:\/\/kihlberg.com\/shop\/\"},{\"@type\":\"ListItem\",\"position\":3,\"name\":\"Koneet\",\"item\":\"https:\/\/kihlberg.com\/fi\/koneet\/\"},{\"@type\":\"ListItem\",\"position\":4,\"name\":\"Application\",\"item\":\"https:\/\/kihlberg.com\/fi\/koneet\/application-fi\/\"},{\"@type\":\"ListItem\",\"position\":5,\"name\":\"Kuljetuspakkaukset\",\"item\":\"https:\/\/kihlberg.com\/fi\/koneet\/application-fi\/kuljetuspakkaukset\/\"},{\"@type\":\"ListItem\",\"position\":6,\"name\":\"Hakasnaulain JK35-590\"}]},{\"@type\":\"WebSite\",\"@id\":\"https:\/\/kihlberg.com\/fi\/#website\",\"url\":\"https:\/\/kihlberg.com\/fi\/\",\"name\":\"Josef kihlberg\",\"description\":\"Made in Sweden. System manufacturer of premium staples &amp; tools that sets the standard. Legendary.\",\"publisher\":{\"@id\":\"https:\/\/kihlberg.com\/fi\/#organization\"},\"potentialAction\":[{\"@type\":\"SearchAction\",\"target\":{\"@type\":\"EntryPoint\",\"urlTemplate\":\"https:\/\/kihlberg.com\/fi\/?s={search_term_string}\"},\"query-input\":{\"@type\":\"PropertyValueSpecification\",\"valueRequired\":true,\"valueName\":\"search_term_string\"}}],\"inLanguage\":\"fi\"},{\"@type\":\"Organization\",\"@id\":\"https:\/\/kihlberg.com\/fi\/#organization\",\"name\":\"Josef Kihlberg\",\"url\":\"https:\/\/kihlberg.com\/fi\/\",\"logo\":{\"@type\":\"ImageObject\",\"inLanguage\":\"fi\",\"@id\":\"https:\/\/kihlberg.com\/fi\/#\/schema\/logo\/image\/\",\"url\":\"https:\/\/kihlberg.com\/wp-content\/uploads\/2019\/01\/logo.jpg\",\"contentUrl\":\"https:\/\/kihlberg.com\/wp-content\/uploads\/2019\/01\/logo.jpg\",\"width\":850,\"height\":850,\"caption\":\"Josef Kihlberg\"},\"image\":{\"@id\":\"https:\/\/kihlberg.com\/fi\/#\/schema\/logo\/image\/\"}}]}<\/script>\n<meta property=\"product:price:amount\" content=\"969\" \/>\n<meta property=\"product:price:currency\" content=\"EUR\" \/>\n<meta property=\"og:availability\" content=\"instock\" \/>\n<meta property=\"product:availability\" content=\"instock\" \/>\n<meta property=\"product:retailer_item_id\" content=\"126311\" \/>\n<meta property=\"product:condition\" content=\"new\" \/>\n<!-- \/ Yoast SEO plugin. -->","yoast_head_json":{"title":"Stapler JK35-590","robots":{"index":"index","follow":"follow","max-snippet":"max-snippet:-1","max-image-preview":"max-image-preview:large","max-video-preview":"max-video-preview:-1"},"canonical":"https:\/\/kihlberg.com\/fi\/koneet\/126311\/","og_locale":"fi_FI","og_type":"article","og_title":"Stapler JK35-590","og_description":"Ruotsissa valmistettu ammattilaisten pneumaattinen JK35-590-hakasnaulain on t\u00e4ydellinen valinta aaltopahvin kiinnitt\u00e4miseen tai puun reunojen suojaamiseen esimerkiksi kuormalavoissa, kehyksiss\u00e4 ja muissa pakkauksissa. JK35-590 on nopea, kest\u00e4v\u00e4 ja tukeva ty\u00f6kalu, joka on tasapainoinen ja painoltaan kevyt. Varreltaan leve\u00e4t JK590-hakaset antavat kunnon lujuuden. JK35-590 yhdess\u00e4 JK35T590-nitojan ja JK590-hakasten kanssa antaa sinulle t\u00e4ydellisen ja kustannustehokkaan ratkaisun.","og_url":"https:\/\/kihlberg.com\/fi\/koneet\/126311\/","og_site_name":"Josef kihlberg","article_modified_time":"2019-09-07T05:48:56+00:00","og_image":[{"width":720,"height":720,"url":"https:\/\/kihlberg.com\/wp-content\/uploads\/2018\/08\/126311.png","type":"image\/png"}],"twitter_card":"summary_large_image","twitter_misc":{"Hinta":"&euro;969","Saatavuus":"Varastossa"},"schema":{"@context":"https:\/\/schema.org","@graph":[{"@type":"WebPage","@id":"https:\/\/kihlberg.com\/fi\/koneet\/126311\/","url":"https:\/\/kihlberg.com\/fi\/koneet\/126311\/","name":"Stapler JK35-590","isPartOf":{"@id":"https:\/\/kihlberg.com\/fi\/#website"},"primaryImageOfPage":{"@id":"https:\/\/kihlberg.com\/fi\/koneet\/126311\/#primaryimage"},"image":{"@id":"https:\/\/kihlberg.com\/fi\/koneet\/126311\/#primaryimage"},"thumbnailUrl":"https:\/\/kihlberg.com\/wp-content\/uploads\/2018\/08\/126311.png","datePublished":"2018-09-21T10:34:43+00:00","dateModified":"2019-09-07T05:48:56+00:00","breadcrumb":{"@id":"https:\/\/kihlberg.com\/fi\/koneet\/126311\/#breadcrumb"},"inLanguage":"fi","potentialAction":[{"@type":"ReadAction","target":["https:\/\/kihlberg.com\/fi\/koneet\/126311\/"]}]},{"@type":"ImageObject","inLanguage":"fi","@id":"https:\/\/kihlberg.com\/fi\/koneet\/126311\/#primaryimage","url":"https:\/\/kihlberg.com\/wp-content\/uploads\/2018\/08\/126311.png","contentUrl":"https:\/\/kihlberg.com\/wp-content\/uploads\/2018\/08\/126311.png","width":720,"height":720},{"@type":"BreadcrumbList","@id":"https:\/\/kihlberg.com\/fi\/koneet\/126311\/#breadcrumb","itemListElement":[{"@type":"ListItem","position":1,"name":"Home","item":"https:\/\/kihlberg.com\/fi\/"},{"@type":"ListItem","position":2,"name":"Shop","item":"https:\/\/kihlberg.com\/shop\/"},{"@type":"ListItem","position":3,"name":"Koneet","item":"https:\/\/kihlberg.com\/fi\/koneet\/"},{"@type":"ListItem","position":4,"name":"Application","item":"https:\/\/kihlberg.com\/fi\/koneet\/application-fi\/"},{"@type":"ListItem","position":5,"name":"Kuljetuspakkaukset","item":"https:\/\/kihlberg.com\/fi\/koneet\/application-fi\/kuljetuspakkaukset\/"},{"@type":"ListItem","position":6,"name":"Hakasnaulain JK35-590"}]},{"@type":"WebSite","@id":"https:\/\/kihlberg.com\/fi\/#website","url":"https:\/\/kihlberg.com\/fi\/","name":"Josef kihlberg","description":"Made in Sweden. System manufacturer of premium staples &amp; tools that sets the standard. Legendary.","publisher":{"@id":"https:\/\/kihlberg.com\/fi\/#organization"},"potentialAction":[{"@type":"SearchAction","target":{"@type":"EntryPoint","urlTemplate":"https:\/\/kihlberg.com\/fi\/?s={search_term_string}"},"query-input":{"@type":"PropertyValueSpecification","valueRequired":true,"valueName":"search_term_string"}}],"inLanguage":"fi"},{"@type":"Organization","@id":"https:\/\/kihlberg.com\/fi\/#organization","name":"Josef Kihlberg","url":"https:\/\/kihlberg.com\/fi\/","logo":{"@type":"ImageObject","inLanguage":"fi","@id":"https:\/\/kihlberg.com\/fi\/#\/schema\/logo\/image\/","url":"https:\/\/kihlberg.com\/wp-content\/uploads\/2019\/01\/logo.jpg","contentUrl":"https:\/\/kihlberg.com\/wp-content\/uploads\/2019\/01\/logo.jpg","width":850,"height":850,"caption":"Josef Kihlberg"},"image":{"@id":"https:\/\/kihlberg.com\/fi\/#\/schema\/logo\/image\/"}}]},"product_price_amount":"969","product_price_currency":"EUR","og_availability":"instock","product_availability":"instock","product_retailer_item_id":"126311","product_condition":"new"},"_links":{"self":[{"href":"https:\/\/kihlberg.com\/fi\/wp-json\/wp\/v2\/product\/94326","targetHints":{"allow":["GET"]}}],"collection":[{"href":"https:\/\/kihlberg.com\/fi\/wp-json\/wp\/v2\/product"}],"about":[{"href":"https:\/\/kihlberg.com\/fi\/wp-json\/wp\/v2\/types\/product"}],"wp:featuredmedia":[{"embeddable":true,"href":"https:\/\/kihlberg.com\/fi\/wp-json\/wp\/v2\/media\/94327"}],"wp:attachment":[{"href":"https:\/\/kihlberg.com\/fi\/wp-json\/wp\/v2\/media?parent=94326"}],"wp:term":[{"taxonomy":"product_brand","embeddable":true,"href":"https:\/\/kihlberg.com\/fi\/wp-json\/wp\/v2\/product_brand?post=94326"},{"taxonomy":"product_cat","embeddable":true,"href":"https:\/\/kihlberg.com\/fi\/wp-json\/wp\/v2\/product_cat?post=94326"}],"curies":[{"name":"wp","href":"https:\/\/api.w.org\/{rel}","templated":true}]}}