{"id":94334,"date":"2018-09-21T10:34:25","date_gmt":"2018-09-21T10:34:25","guid":{"rendered":"https:\/\/kihlberg.com\/product\/129000\/"},"modified":"2019-09-07T05:48:55","modified_gmt":"2019-09-07T05:48:55","slug":"129000","status":"publish","type":"product","link":"https:\/\/kihlberg.com\/fi\/koneet\/129000\/","title":{"rendered":"Ter\u00e4svannekone JK1219"},"content":{"rendered":"","protected":false},"excerpt":{"rendered":"<p>Ter\u00e4svanteet voidaan sulkea nopeasti ja turvallisesti ruotsalaisvalmisteisella JK1219-ter\u00e4svannekoneellamme. JK1219 on eritt\u00e4in helppok\u00e4ytt\u00f6inen. Se on suunniteltu siten, ett\u00e4 sinetit\u00f6n sulkemistapa voidaan saavuttaa muutamassa sekunnissa nelj\u00e4ll\u00e4 yksinkertaisella toimenpiteell\u00e4. Valmis sulkemistapa on suunniteltu loukkaantumisriskin minimoimiseksi. Yht\u00e4 ty\u00f6kalua voidaan k\u00e4ytt\u00e4\u00e4 kolmella eri vanteen leveydell\u00e4 \u2013 13, 16 ja 19 mm. Voit vaihtaa vanteen helposti toiseen k\u00e4ytt\u00e4m\u00e4ll\u00e4 ylim\u00e4\u00e4r\u00e4isi\u00e4, ty\u00f6kalun mukana tulevia vanneohjaimia. T\u00e4m\u00e4 tarkoittaa j\u00e4lleenmyyjien tapauksessa sit\u00e4, ett\u00e4 sinun tarvitsee varastoida vain yksi ty\u00f6kalu kolmen sijasta. L\u00e4vistys- ja leikkuusyvyytt\u00e4 voidaan s\u00e4\u00e4t\u00e4\u00e4 eri vanteille, jotka ovat paksuudeltaan 0,40\u20130,64 mm:n v\u00e4lill\u00e4. Ty\u00f6kalu on muotoilultaan vankka, ja sen v\u00e4h\u00e4iset liikkuvat osat ovat korkealaatuisia. T\u00e4m\u00e4 tekee ty\u00f6kalusta eritt\u00e4in kest\u00e4v\u00e4n. Ty\u00f6kalulla on 3 vuoden takuu.JK1219 soveltuu sek\u00e4 vaaka- ett\u00e4 pystysuuntaisten vanteiden kiinnitt\u00e4miseen kuormalavoihin, laatikoihin, pahvilaatikoihin ja paaleihin, sek\u00e4 muiden kuljetusten varmistamiseen.<\/p>\n","protected":false},"featured_media":94335,"template":"","meta":{"_acf_changed":false,"_genesis_hide_title":false,"_genesis_hide_breadcrumbs":false,"_genesis_hide_singular_image":false,"_genesis_hide_footer_widgets":false,"_genesis_custom_body_class":"","_genesis_custom_post_class":"","_genesis_layout":""},"product_brand":[],"product_cat":[1725,1715,1714],"class_list":{"0":"post-94334","1":"product","2":"type-product","3":"status-publish","4":"has-post-thumbnail","6":"product_cat-koneet","7":"product_cat-pakkaaminen","8":"product_cat-vannekoneet","9":"pa_leg-length-375-fi","10":"pa_lubrication-ei","11":"pa_maximum-strap-thickness-064-fi-2","12":"pa_strap-width-13-16-19-fi-2","13":"entry","15":"first","16":"instock","17":"taxable","18":"shipping-taxable","19":"purchasable","20":"product-type-simple"},"acf":[],"yoast_head":"<!-- This site is optimized with the Yoast SEO plugin v26.1.1 - https:\/\/yoast.com\/wordpress\/plugins\/seo\/ -->\n<title>Strapping tool JK1219<\/title>\n<meta name=\"robots\" content=\"index, follow, max-snippet:-1, max-image-preview:large, max-video-preview:-1\" \/>\n<link rel=\"canonical\" href=\"https:\/\/kihlberg.com\/fi\/koneet\/129000\/\" \/>\n<meta property=\"og:locale\" content=\"fi_FI\" \/>\n<meta property=\"og:type\" content=\"article\" \/>\n<meta property=\"og:title\" content=\"Strapping tool JK1219\" \/>\n<meta property=\"og:description\" content=\"Ter\u00e4svanteet voidaan sulkea nopeasti ja turvallisesti ruotsalaisvalmisteisella JK1219-ter\u00e4svannekoneellamme. JK1219 on eritt\u00e4in helppok\u00e4ytt\u00f6inen. Se on suunniteltu siten, ett\u00e4 sinetit\u00f6n sulkemistapa voidaan saavuttaa muutamassa sekunnissa nelj\u00e4ll\u00e4 yksinkertaisella toimenpiteell\u00e4. Valmis sulkemistapa on suunniteltu loukkaantumisriskin minimoimiseksi. Yht\u00e4 ty\u00f6kalua voidaan k\u00e4ytt\u00e4\u00e4 kolmella eri vanteen leveydell\u00e4 \u2013 13, 16 ja 19 mm. Voit vaihtaa vanteen helposti toiseen k\u00e4ytt\u00e4m\u00e4ll\u00e4 ylim\u00e4\u00e4r\u00e4isi\u00e4, ty\u00f6kalun mukana tulevia vanneohjaimia. T\u00e4m\u00e4 tarkoittaa j\u00e4lleenmyyjien tapauksessa sit\u00e4, ett\u00e4 sinun tarvitsee varastoida vain yksi ty\u00f6kalu kolmen sijasta. L\u00e4vistys- ja leikkuusyvyytt\u00e4 voidaan s\u00e4\u00e4t\u00e4\u00e4 eri vanteille, jotka ovat paksuudeltaan 0,40\u20130,64 mm:n v\u00e4lill\u00e4. Ty\u00f6kalu on muotoilultaan vankka, ja sen v\u00e4h\u00e4iset liikkuvat osat ovat korkealaatuisia. T\u00e4m\u00e4 tekee ty\u00f6kalusta eritt\u00e4in kest\u00e4v\u00e4n. Ty\u00f6kalulla on 3 vuoden takuu.JK1219 soveltuu sek\u00e4 vaaka- ett\u00e4 pystysuuntaisten vanteiden kiinnitt\u00e4miseen kuormalavoihin, laatikoihin, pahvilaatikoihin ja paaleihin, sek\u00e4 muiden kuljetusten varmistamiseen.\" \/>\n<meta property=\"og:url\" content=\"https:\/\/kihlberg.com\/fi\/koneet\/129000\/\" \/>\n<meta property=\"og:site_name\" content=\"Josef kihlberg\" \/>\n<meta property=\"article:modified_time\" content=\"2019-09-07T05:48:55+00:00\" \/>\n<meta property=\"og:image\" content=\"https:\/\/kihlberg.com\/wp-content\/uploads\/2018\/08\/129000.jpg\" \/>\n\t<meta property=\"og:image:width\" content=\"720\" \/>\n\t<meta property=\"og:image:height\" content=\"720\" \/>\n\t<meta property=\"og:image:type\" content=\"image\/jpeg\" \/>\n<meta name=\"twitter:card\" content=\"summary_large_image\" \/>\n<meta name=\"twitter:label1\" content=\"Hinta\" \/>\n\t<meta name=\"twitter:data1\" content=\"&euro;994\" \/>\n\t<meta name=\"twitter:label2\" content=\"Saatavuus\" \/>\n\t<meta name=\"twitter:data2\" content=\"Varastossa\" \/>\n<script type=\"application\/ld+json\" class=\"yoast-schema-graph\">{\"@context\":\"https:\/\/schema.org\",\"@graph\":[{\"@type\":\"WebPage\",\"@id\":\"https:\/\/kihlberg.com\/fi\/koneet\/129000\/\",\"url\":\"https:\/\/kihlberg.com\/fi\/koneet\/129000\/\",\"name\":\"Strapping tool JK1219\",\"isPartOf\":{\"@id\":\"https:\/\/kihlberg.com\/fi\/#website\"},\"primaryImageOfPage\":{\"@id\":\"https:\/\/kihlberg.com\/fi\/koneet\/129000\/#primaryimage\"},\"image\":{\"@id\":\"https:\/\/kihlberg.com\/fi\/koneet\/129000\/#primaryimage\"},\"thumbnailUrl\":\"https:\/\/kihlberg.com\/wp-content\/uploads\/2018\/08\/129000.jpg\",\"datePublished\":\"2018-09-21T10:34:25+00:00\",\"dateModified\":\"2019-09-07T05:48:55+00:00\",\"breadcrumb\":{\"@id\":\"https:\/\/kihlberg.com\/fi\/koneet\/129000\/#breadcrumb\"},\"inLanguage\":\"fi\",\"potentialAction\":[{\"@type\":\"ReadAction\",\"target\":[\"https:\/\/kihlberg.com\/fi\/koneet\/129000\/\"]}]},{\"@type\":\"ImageObject\",\"inLanguage\":\"fi\",\"@id\":\"https:\/\/kihlberg.com\/fi\/koneet\/129000\/#primaryimage\",\"url\":\"https:\/\/kihlberg.com\/wp-content\/uploads\/2018\/08\/129000.jpg\",\"contentUrl\":\"https:\/\/kihlberg.com\/wp-content\/uploads\/2018\/08\/129000.jpg\",\"width\":720,\"height\":720,\"caption\":\"Strapping tool JK1219HT - \u20ac 1125\"},{\"@type\":\"BreadcrumbList\",\"@id\":\"https:\/\/kihlberg.com\/fi\/koneet\/129000\/#breadcrumb\",\"itemListElement\":[{\"@type\":\"ListItem\",\"position\":1,\"name\":\"Home\",\"item\":\"https:\/\/kihlberg.com\/fi\/\"},{\"@type\":\"ListItem\",\"position\":2,\"name\":\"Shop\",\"item\":\"https:\/\/kihlberg.com\/shop\/\"},{\"@type\":\"ListItem\",\"position\":3,\"name\":\"Koneet\",\"item\":\"https:\/\/kihlberg.com\/fi\/koneet\/\"},{\"@type\":\"ListItem\",\"position\":4,\"name\":\"Pakkaaminen\",\"item\":\"https:\/\/kihlberg.com\/fi\/koneet\/pakkaaminen\/\"},{\"@type\":\"ListItem\",\"position\":5,\"name\":\"Ter\u00e4svannekone JK1219\"}]},{\"@type\":\"WebSite\",\"@id\":\"https:\/\/kihlberg.com\/fi\/#website\",\"url\":\"https:\/\/kihlberg.com\/fi\/\",\"name\":\"Josef kihlberg\",\"description\":\"Made in Sweden. System manufacturer of premium staples &amp; tools that sets the standard. Legendary.\",\"publisher\":{\"@id\":\"https:\/\/kihlberg.com\/fi\/#organization\"},\"potentialAction\":[{\"@type\":\"SearchAction\",\"target\":{\"@type\":\"EntryPoint\",\"urlTemplate\":\"https:\/\/kihlberg.com\/fi\/?s={search_term_string}\"},\"query-input\":{\"@type\":\"PropertyValueSpecification\",\"valueRequired\":true,\"valueName\":\"search_term_string\"}}],\"inLanguage\":\"fi\"},{\"@type\":\"Organization\",\"@id\":\"https:\/\/kihlberg.com\/fi\/#organization\",\"name\":\"Josef Kihlberg\",\"url\":\"https:\/\/kihlberg.com\/fi\/\",\"logo\":{\"@type\":\"ImageObject\",\"inLanguage\":\"fi\",\"@id\":\"https:\/\/kihlberg.com\/fi\/#\/schema\/logo\/image\/\",\"url\":\"https:\/\/kihlberg.com\/wp-content\/uploads\/2019\/01\/logo.jpg\",\"contentUrl\":\"https:\/\/kihlberg.com\/wp-content\/uploads\/2019\/01\/logo.jpg\",\"width\":850,\"height\":850,\"caption\":\"Josef Kihlberg\"},\"image\":{\"@id\":\"https:\/\/kihlberg.com\/fi\/#\/schema\/logo\/image\/\"}}]}<\/script>\n<meta property=\"product:price:amount\" content=\"994\" \/>\n<meta property=\"product:price:currency\" content=\"EUR\" \/>\n<meta property=\"og:availability\" content=\"instock\" \/>\n<meta property=\"product:availability\" content=\"instock\" \/>\n<meta property=\"product:retailer_item_id\" content=\"129000\" \/>\n<meta property=\"product:condition\" content=\"new\" \/>\n<!-- \/ Yoast SEO plugin. -->","yoast_head_json":{"title":"Strapping tool JK1219","robots":{"index":"index","follow":"follow","max-snippet":"max-snippet:-1","max-image-preview":"max-image-preview:large","max-video-preview":"max-video-preview:-1"},"canonical":"https:\/\/kihlberg.com\/fi\/koneet\/129000\/","og_locale":"fi_FI","og_type":"article","og_title":"Strapping tool JK1219","og_description":"Ter\u00e4svanteet voidaan sulkea nopeasti ja turvallisesti ruotsalaisvalmisteisella JK1219-ter\u00e4svannekoneellamme. JK1219 on eritt\u00e4in helppok\u00e4ytt\u00f6inen. Se on suunniteltu siten, ett\u00e4 sinetit\u00f6n sulkemistapa voidaan saavuttaa muutamassa sekunnissa nelj\u00e4ll\u00e4 yksinkertaisella toimenpiteell\u00e4. Valmis sulkemistapa on suunniteltu loukkaantumisriskin minimoimiseksi. Yht\u00e4 ty\u00f6kalua voidaan k\u00e4ytt\u00e4\u00e4 kolmella eri vanteen leveydell\u00e4 \u2013 13, 16 ja 19 mm. Voit vaihtaa vanteen helposti toiseen k\u00e4ytt\u00e4m\u00e4ll\u00e4 ylim\u00e4\u00e4r\u00e4isi\u00e4, ty\u00f6kalun mukana tulevia vanneohjaimia. T\u00e4m\u00e4 tarkoittaa j\u00e4lleenmyyjien tapauksessa sit\u00e4, ett\u00e4 sinun tarvitsee varastoida vain yksi ty\u00f6kalu kolmen sijasta. L\u00e4vistys- ja leikkuusyvyytt\u00e4 voidaan s\u00e4\u00e4t\u00e4\u00e4 eri vanteille, jotka ovat paksuudeltaan 0,40\u20130,64 mm:n v\u00e4lill\u00e4. Ty\u00f6kalu on muotoilultaan vankka, ja sen v\u00e4h\u00e4iset liikkuvat osat ovat korkealaatuisia. T\u00e4m\u00e4 tekee ty\u00f6kalusta eritt\u00e4in kest\u00e4v\u00e4n. Ty\u00f6kalulla on 3 vuoden takuu.JK1219 soveltuu sek\u00e4 vaaka- ett\u00e4 pystysuuntaisten vanteiden kiinnitt\u00e4miseen kuormalavoihin, laatikoihin, pahvilaatikoihin ja paaleihin, sek\u00e4 muiden kuljetusten varmistamiseen.","og_url":"https:\/\/kihlberg.com\/fi\/koneet\/129000\/","og_site_name":"Josef kihlberg","article_modified_time":"2019-09-07T05:48:55+00:00","og_image":[{"width":720,"height":720,"url":"https:\/\/kihlberg.com\/wp-content\/uploads\/2018\/08\/129000.jpg","type":"image\/jpeg"}],"twitter_card":"summary_large_image","twitter_misc":{"Hinta":"&euro;994","Saatavuus":"Varastossa"},"schema":{"@context":"https:\/\/schema.org","@graph":[{"@type":"WebPage","@id":"https:\/\/kihlberg.com\/fi\/koneet\/129000\/","url":"https:\/\/kihlberg.com\/fi\/koneet\/129000\/","name":"Strapping tool JK1219","isPartOf":{"@id":"https:\/\/kihlberg.com\/fi\/#website"},"primaryImageOfPage":{"@id":"https:\/\/kihlberg.com\/fi\/koneet\/129000\/#primaryimage"},"image":{"@id":"https:\/\/kihlberg.com\/fi\/koneet\/129000\/#primaryimage"},"thumbnailUrl":"https:\/\/kihlberg.com\/wp-content\/uploads\/2018\/08\/129000.jpg","datePublished":"2018-09-21T10:34:25+00:00","dateModified":"2019-09-07T05:48:55+00:00","breadcrumb":{"@id":"https:\/\/kihlberg.com\/fi\/koneet\/129000\/#breadcrumb"},"inLanguage":"fi","potentialAction":[{"@type":"ReadAction","target":["https:\/\/kihlberg.com\/fi\/koneet\/129000\/"]}]},{"@type":"ImageObject","inLanguage":"fi","@id":"https:\/\/kihlberg.com\/fi\/koneet\/129000\/#primaryimage","url":"https:\/\/kihlberg.com\/wp-content\/uploads\/2018\/08\/129000.jpg","contentUrl":"https:\/\/kihlberg.com\/wp-content\/uploads\/2018\/08\/129000.jpg","width":720,"height":720,"caption":"Strapping tool JK1219HT - \u20ac 1125"},{"@type":"BreadcrumbList","@id":"https:\/\/kihlberg.com\/fi\/koneet\/129000\/#breadcrumb","itemListElement":[{"@type":"ListItem","position":1,"name":"Home","item":"https:\/\/kihlberg.com\/fi\/"},{"@type":"ListItem","position":2,"name":"Shop","item":"https:\/\/kihlberg.com\/shop\/"},{"@type":"ListItem","position":3,"name":"Koneet","item":"https:\/\/kihlberg.com\/fi\/koneet\/"},{"@type":"ListItem","position":4,"name":"Pakkaaminen","item":"https:\/\/kihlberg.com\/fi\/koneet\/pakkaaminen\/"},{"@type":"ListItem","position":5,"name":"Ter\u00e4svannekone JK1219"}]},{"@type":"WebSite","@id":"https:\/\/kihlberg.com\/fi\/#website","url":"https:\/\/kihlberg.com\/fi\/","name":"Josef kihlberg","description":"Made in Sweden. System manufacturer of premium staples &amp; tools that sets the standard. Legendary.","publisher":{"@id":"https:\/\/kihlberg.com\/fi\/#organization"},"potentialAction":[{"@type":"SearchAction","target":{"@type":"EntryPoint","urlTemplate":"https:\/\/kihlberg.com\/fi\/?s={search_term_string}"},"query-input":{"@type":"PropertyValueSpecification","valueRequired":true,"valueName":"search_term_string"}}],"inLanguage":"fi"},{"@type":"Organization","@id":"https:\/\/kihlberg.com\/fi\/#organization","name":"Josef Kihlberg","url":"https:\/\/kihlberg.com\/fi\/","logo":{"@type":"ImageObject","inLanguage":"fi","@id":"https:\/\/kihlberg.com\/fi\/#\/schema\/logo\/image\/","url":"https:\/\/kihlberg.com\/wp-content\/uploads\/2019\/01\/logo.jpg","contentUrl":"https:\/\/kihlberg.com\/wp-content\/uploads\/2019\/01\/logo.jpg","width":850,"height":850,"caption":"Josef Kihlberg"},"image":{"@id":"https:\/\/kihlberg.com\/fi\/#\/schema\/logo\/image\/"}}]},"product_price_amount":"994","product_price_currency":"EUR","og_availability":"instock","product_availability":"instock","product_retailer_item_id":"129000","product_condition":"new"},"_links":{"self":[{"href":"https:\/\/kihlberg.com\/fi\/wp-json\/wp\/v2\/product\/94334","targetHints":{"allow":["GET"]}}],"collection":[{"href":"https:\/\/kihlberg.com\/fi\/wp-json\/wp\/v2\/product"}],"about":[{"href":"https:\/\/kihlberg.com\/fi\/wp-json\/wp\/v2\/types\/product"}],"wp:featuredmedia":[{"embeddable":true,"href":"https:\/\/kihlberg.com\/fi\/wp-json\/wp\/v2\/media\/94335"}],"wp:attachment":[{"href":"https:\/\/kihlberg.com\/fi\/wp-json\/wp\/v2\/media?parent=94334"}],"wp:term":[{"taxonomy":"product_brand","embeddable":true,"href":"https:\/\/kihlberg.com\/fi\/wp-json\/wp\/v2\/product_brand?post=94334"},{"taxonomy":"product_cat","embeddable":true,"href":"https:\/\/kihlberg.com\/fi\/wp-json\/wp\/v2\/product_cat?post=94334"}],"curies":[{"name":"wp","href":"https:\/\/api.w.org\/{rel}","templated":true}]}}