{"id":94353,"date":"2018-09-21T10:33:46","date_gmt":"2018-09-21T10:33:46","guid":{"rendered":"https:\/\/kihlberg.com\/product\/126038\/"},"modified":"2022-05-31T22:03:32","modified_gmt":"2022-05-31T20:03:32","slug":"126038","status":"publish","type":"product","link":"https:\/\/kihlberg.com\/fi\/koneet\/126038\/","title":{"rendered":"Hakasnaulain JK20-690"},"content":{"rendered":"","protected":false},"excerpt":{"rendered":"<p>Ruotsissa valmistettu JK20-690 on pneumaattinen ammattilaisten ty\u00f6kalu huonekaluteollisuuteen. T\u00e4m\u00e4 yhden laukauksen ty\u00f6kalu soveltuu erityisesti huomaamattomaan nidontaan, kun hakasten takaosan tulisi j\u00e4\u00e4d\u00e4 piiloon, sopien esimerkiksi lahjapakkausten ja koriste-esineiden nidontaan.<br \/>\nSiin\u00e4 on mit\u00e4t\u00f6n rekyyli, ja se on kevyt ja tasapainoinen. Lipas ladataan p\u00e4\u00e4lt\u00e4, mik\u00e4 ehk\u00e4isee tahattoman laukaisun k\u00e4ytt\u00e4j\u00e4n kasvoja kohti latauksen aikana. Nokan muotoilu mahdollistaa eritt\u00e4in tarkan nidonnan. Nokassa on k\u00e4\u00e4ntyv\u00e4 luukku, joka voidaan avata helposti puhdistuksen yhteydess\u00e4.<br \/>\nHakasnaulaimen melutaso on alhainen tehokkaan \u00e4\u00e4nenvaimentimen ansiosta.<\/p>\n","protected":false},"featured_media":94354,"template":"","meta":{"_acf_changed":false,"_genesis_hide_title":false,"_genesis_hide_breadcrumbs":false,"_genesis_hide_singular_image":false,"_genesis_hide_footer_widgets":false,"_genesis_custom_body_class":"","_genesis_custom_post_class":"","_genesis_layout":""},"product_brand":[],"product_cat":[1717,1723,1725,1712,1716],"class_list":{"0":"post-94353","1":"product","2":"type-product","3":"status-publish","4":"has-post-thumbnail","6":"product_cat-ikkunat-ja-ovet","7":"product_cat-kaapit","8":"product_cat-koneet","9":"product_cat-runkopatjavalmistus","10":"product_cat-teollisuus","11":"pa_leg-length-230-fi","12":"pa_lubrication-joo","13":"pa_magazine-capacity-125-fi-2","14":"pa_max-pressure-7-fi-2","15":"pa_nose-length-14-fi-2","16":"pa_staple-leg-length-6-16-mm-1-4-5-8-in-fi-2","17":"entry","19":"first","20":"instock","21":"taxable","22":"shipping-taxable","23":"purchasable","24":"product-type-simple"},"acf":[],"yoast_head":"<!-- This site is optimized with the Yoast SEO plugin v26.1.1 - https:\/\/yoast.com\/wordpress\/plugins\/seo\/ -->\n<title>Stapler JK20-690<\/title>\n<meta name=\"robots\" content=\"index, follow, max-snippet:-1, max-image-preview:large, max-video-preview:-1\" \/>\n<link rel=\"canonical\" href=\"https:\/\/kihlberg.com\/fi\/koneet\/126038\/\" \/>\n<meta property=\"og:locale\" content=\"fi_FI\" \/>\n<meta property=\"og:type\" content=\"article\" \/>\n<meta property=\"og:title\" content=\"Stapler JK20-690\" \/>\n<meta property=\"og:description\" content=\"Ruotsissa valmistettu JK20-690 on pneumaattinen ammattilaisten ty\u00f6kalu huonekaluteollisuuteen. T\u00e4m\u00e4 yhden laukauksen ty\u00f6kalu soveltuu erityisesti huomaamattomaan nidontaan, kun hakasten takaosan tulisi j\u00e4\u00e4d\u00e4 piiloon, sopien esimerkiksi lahjapakkausten ja koriste-esineiden nidontaan. Siin\u00e4 on mit\u00e4t\u00f6n rekyyli, ja se on kevyt ja tasapainoinen. Lipas ladataan p\u00e4\u00e4lt\u00e4, mik\u00e4 ehk\u00e4isee tahattoman laukaisun k\u00e4ytt\u00e4j\u00e4n kasvoja kohti latauksen aikana. Nokan muotoilu mahdollistaa eritt\u00e4in tarkan nidonnan. Nokassa on k\u00e4\u00e4ntyv\u00e4 luukku, joka voidaan avata helposti puhdistuksen yhteydess\u00e4. Hakasnaulaimen melutaso on alhainen tehokkaan \u00e4\u00e4nenvaimentimen ansiosta.\" \/>\n<meta property=\"og:url\" content=\"https:\/\/kihlberg.com\/fi\/koneet\/126038\/\" \/>\n<meta property=\"og:site_name\" content=\"Josef kihlberg\" \/>\n<meta property=\"article:modified_time\" content=\"2022-05-31T20:03:32+00:00\" \/>\n<meta property=\"og:image\" content=\"https:\/\/kihlberg.com\/wp-content\/uploads\/2018\/08\/126038.png\" \/>\n\t<meta property=\"og:image:width\" content=\"720\" \/>\n\t<meta property=\"og:image:height\" content=\"720\" \/>\n\t<meta property=\"og:image:type\" content=\"image\/png\" \/>\n<meta name=\"twitter:card\" content=\"summary_large_image\" \/>\n<meta name=\"twitter:label1\" content=\"Hinta\" \/>\n\t<meta name=\"twitter:data1\" content=\"&euro;485\" \/>\n\t<meta name=\"twitter:label2\" content=\"Saatavuus\" \/>\n\t<meta name=\"twitter:data2\" content=\"Varastossa\" \/>\n<script type=\"application\/ld+json\" class=\"yoast-schema-graph\">{\"@context\":\"https:\/\/schema.org\",\"@graph\":[{\"@type\":\"WebPage\",\"@id\":\"https:\/\/kihlberg.com\/fi\/koneet\/126038\/\",\"url\":\"https:\/\/kihlberg.com\/fi\/koneet\/126038\/\",\"name\":\"Stapler JK20-690\",\"isPartOf\":{\"@id\":\"https:\/\/kihlberg.com\/fi\/#website\"},\"primaryImageOfPage\":{\"@id\":\"https:\/\/kihlberg.com\/fi\/koneet\/126038\/#primaryimage\"},\"image\":{\"@id\":\"https:\/\/kihlberg.com\/fi\/koneet\/126038\/#primaryimage\"},\"thumbnailUrl\":\"https:\/\/kihlberg.com\/wp-content\/uploads\/2018\/08\/126038.png\",\"datePublished\":\"2018-09-21T10:33:46+00:00\",\"dateModified\":\"2022-05-31T20:03:32+00:00\",\"breadcrumb\":{\"@id\":\"https:\/\/kihlberg.com\/fi\/koneet\/126038\/#breadcrumb\"},\"inLanguage\":\"fi\",\"potentialAction\":[{\"@type\":\"ReadAction\",\"target\":[\"https:\/\/kihlberg.com\/fi\/koneet\/126038\/\"]}]},{\"@type\":\"ImageObject\",\"inLanguage\":\"fi\",\"@id\":\"https:\/\/kihlberg.com\/fi\/koneet\/126038\/#primaryimage\",\"url\":\"https:\/\/kihlberg.com\/wp-content\/uploads\/2018\/08\/126038.png\",\"contentUrl\":\"https:\/\/kihlberg.com\/wp-content\/uploads\/2018\/08\/126038.png\",\"width\":720,\"height\":720},{\"@type\":\"BreadcrumbList\",\"@id\":\"https:\/\/kihlberg.com\/fi\/koneet\/126038\/#breadcrumb\",\"itemListElement\":[{\"@type\":\"ListItem\",\"position\":1,\"name\":\"Home\",\"item\":\"https:\/\/kihlberg.com\/fi\/\"},{\"@type\":\"ListItem\",\"position\":2,\"name\":\"Shop\",\"item\":\"https:\/\/kihlberg.com\/shop\/\"},{\"@type\":\"ListItem\",\"position\":3,\"name\":\"Koneet\",\"item\":\"https:\/\/kihlberg.com\/fi\/koneet\/\"},{\"@type\":\"ListItem\",\"position\":4,\"name\":\"Application\",\"item\":\"https:\/\/kihlberg.com\/fi\/koneet\/application-fi\/\"},{\"@type\":\"ListItem\",\"position\":5,\"name\":\"Ikkunat ja ovet\",\"item\":\"https:\/\/kihlberg.com\/fi\/koneet\/application-fi\/ikkunat-ja-ovet\/\"},{\"@type\":\"ListItem\",\"position\":6,\"name\":\"Hakasnaulain JK20-690\"}]},{\"@type\":\"WebSite\",\"@id\":\"https:\/\/kihlberg.com\/fi\/#website\",\"url\":\"https:\/\/kihlberg.com\/fi\/\",\"name\":\"Josef kihlberg\",\"description\":\"Made in Sweden. System manufacturer of premium staples &amp; tools that sets the standard. Legendary.\",\"publisher\":{\"@id\":\"https:\/\/kihlberg.com\/fi\/#organization\"},\"potentialAction\":[{\"@type\":\"SearchAction\",\"target\":{\"@type\":\"EntryPoint\",\"urlTemplate\":\"https:\/\/kihlberg.com\/fi\/?s={search_term_string}\"},\"query-input\":{\"@type\":\"PropertyValueSpecification\",\"valueRequired\":true,\"valueName\":\"search_term_string\"}}],\"inLanguage\":\"fi\"},{\"@type\":\"Organization\",\"@id\":\"https:\/\/kihlberg.com\/fi\/#organization\",\"name\":\"Josef Kihlberg\",\"url\":\"https:\/\/kihlberg.com\/fi\/\",\"logo\":{\"@type\":\"ImageObject\",\"inLanguage\":\"fi\",\"@id\":\"https:\/\/kihlberg.com\/fi\/#\/schema\/logo\/image\/\",\"url\":\"https:\/\/kihlberg.com\/wp-content\/uploads\/2019\/01\/logo.jpg\",\"contentUrl\":\"https:\/\/kihlberg.com\/wp-content\/uploads\/2019\/01\/logo.jpg\",\"width\":850,\"height\":850,\"caption\":\"Josef Kihlberg\"},\"image\":{\"@id\":\"https:\/\/kihlberg.com\/fi\/#\/schema\/logo\/image\/\"}}]}<\/script>\n<meta property=\"product:price:amount\" content=\"485\" \/>\n<meta property=\"product:price:currency\" content=\"EUR\" \/>\n<meta property=\"og:availability\" content=\"instock\" \/>\n<meta property=\"product:availability\" content=\"instock\" \/>\n<meta property=\"product:retailer_item_id\" content=\"126038\" \/>\n<meta property=\"product:condition\" content=\"new\" \/>\n<!-- \/ Yoast SEO plugin. -->","yoast_head_json":{"title":"Stapler JK20-690","robots":{"index":"index","follow":"follow","max-snippet":"max-snippet:-1","max-image-preview":"max-image-preview:large","max-video-preview":"max-video-preview:-1"},"canonical":"https:\/\/kihlberg.com\/fi\/koneet\/126038\/","og_locale":"fi_FI","og_type":"article","og_title":"Stapler JK20-690","og_description":"Ruotsissa valmistettu JK20-690 on pneumaattinen ammattilaisten ty\u00f6kalu huonekaluteollisuuteen. T\u00e4m\u00e4 yhden laukauksen ty\u00f6kalu soveltuu erityisesti huomaamattomaan nidontaan, kun hakasten takaosan tulisi j\u00e4\u00e4d\u00e4 piiloon, sopien esimerkiksi lahjapakkausten ja koriste-esineiden nidontaan. Siin\u00e4 on mit\u00e4t\u00f6n rekyyli, ja se on kevyt ja tasapainoinen. Lipas ladataan p\u00e4\u00e4lt\u00e4, mik\u00e4 ehk\u00e4isee tahattoman laukaisun k\u00e4ytt\u00e4j\u00e4n kasvoja kohti latauksen aikana. Nokan muotoilu mahdollistaa eritt\u00e4in tarkan nidonnan. Nokassa on k\u00e4\u00e4ntyv\u00e4 luukku, joka voidaan avata helposti puhdistuksen yhteydess\u00e4. Hakasnaulaimen melutaso on alhainen tehokkaan \u00e4\u00e4nenvaimentimen ansiosta.","og_url":"https:\/\/kihlberg.com\/fi\/koneet\/126038\/","og_site_name":"Josef kihlberg","article_modified_time":"2022-05-31T20:03:32+00:00","og_image":[{"width":720,"height":720,"url":"https:\/\/kihlberg.com\/wp-content\/uploads\/2018\/08\/126038.png","type":"image\/png"}],"twitter_card":"summary_large_image","twitter_misc":{"Hinta":"&euro;485","Saatavuus":"Varastossa"},"schema":{"@context":"https:\/\/schema.org","@graph":[{"@type":"WebPage","@id":"https:\/\/kihlberg.com\/fi\/koneet\/126038\/","url":"https:\/\/kihlberg.com\/fi\/koneet\/126038\/","name":"Stapler JK20-690","isPartOf":{"@id":"https:\/\/kihlberg.com\/fi\/#website"},"primaryImageOfPage":{"@id":"https:\/\/kihlberg.com\/fi\/koneet\/126038\/#primaryimage"},"image":{"@id":"https:\/\/kihlberg.com\/fi\/koneet\/126038\/#primaryimage"},"thumbnailUrl":"https:\/\/kihlberg.com\/wp-content\/uploads\/2018\/08\/126038.png","datePublished":"2018-09-21T10:33:46+00:00","dateModified":"2022-05-31T20:03:32+00:00","breadcrumb":{"@id":"https:\/\/kihlberg.com\/fi\/koneet\/126038\/#breadcrumb"},"inLanguage":"fi","potentialAction":[{"@type":"ReadAction","target":["https:\/\/kihlberg.com\/fi\/koneet\/126038\/"]}]},{"@type":"ImageObject","inLanguage":"fi","@id":"https:\/\/kihlberg.com\/fi\/koneet\/126038\/#primaryimage","url":"https:\/\/kihlberg.com\/wp-content\/uploads\/2018\/08\/126038.png","contentUrl":"https:\/\/kihlberg.com\/wp-content\/uploads\/2018\/08\/126038.png","width":720,"height":720},{"@type":"BreadcrumbList","@id":"https:\/\/kihlberg.com\/fi\/koneet\/126038\/#breadcrumb","itemListElement":[{"@type":"ListItem","position":1,"name":"Home","item":"https:\/\/kihlberg.com\/fi\/"},{"@type":"ListItem","position":2,"name":"Shop","item":"https:\/\/kihlberg.com\/shop\/"},{"@type":"ListItem","position":3,"name":"Koneet","item":"https:\/\/kihlberg.com\/fi\/koneet\/"},{"@type":"ListItem","position":4,"name":"Application","item":"https:\/\/kihlberg.com\/fi\/koneet\/application-fi\/"},{"@type":"ListItem","position":5,"name":"Ikkunat ja ovet","item":"https:\/\/kihlberg.com\/fi\/koneet\/application-fi\/ikkunat-ja-ovet\/"},{"@type":"ListItem","position":6,"name":"Hakasnaulain JK20-690"}]},{"@type":"WebSite","@id":"https:\/\/kihlberg.com\/fi\/#website","url":"https:\/\/kihlberg.com\/fi\/","name":"Josef kihlberg","description":"Made in Sweden. System manufacturer of premium staples &amp; tools that sets the standard. Legendary.","publisher":{"@id":"https:\/\/kihlberg.com\/fi\/#organization"},"potentialAction":[{"@type":"SearchAction","target":{"@type":"EntryPoint","urlTemplate":"https:\/\/kihlberg.com\/fi\/?s={search_term_string}"},"query-input":{"@type":"PropertyValueSpecification","valueRequired":true,"valueName":"search_term_string"}}],"inLanguage":"fi"},{"@type":"Organization","@id":"https:\/\/kihlberg.com\/fi\/#organization","name":"Josef Kihlberg","url":"https:\/\/kihlberg.com\/fi\/","logo":{"@type":"ImageObject","inLanguage":"fi","@id":"https:\/\/kihlberg.com\/fi\/#\/schema\/logo\/image\/","url":"https:\/\/kihlberg.com\/wp-content\/uploads\/2019\/01\/logo.jpg","contentUrl":"https:\/\/kihlberg.com\/wp-content\/uploads\/2019\/01\/logo.jpg","width":850,"height":850,"caption":"Josef Kihlberg"},"image":{"@id":"https:\/\/kihlberg.com\/fi\/#\/schema\/logo\/image\/"}}]},"product_price_amount":"485","product_price_currency":"EUR","og_availability":"instock","product_availability":"instock","product_retailer_item_id":"126038","product_condition":"new"},"_links":{"self":[{"href":"https:\/\/kihlberg.com\/fi\/wp-json\/wp\/v2\/product\/94353","targetHints":{"allow":["GET"]}}],"collection":[{"href":"https:\/\/kihlberg.com\/fi\/wp-json\/wp\/v2\/product"}],"about":[{"href":"https:\/\/kihlberg.com\/fi\/wp-json\/wp\/v2\/types\/product"}],"wp:featuredmedia":[{"embeddable":true,"href":"https:\/\/kihlberg.com\/fi\/wp-json\/wp\/v2\/media\/94354"}],"wp:attachment":[{"href":"https:\/\/kihlberg.com\/fi\/wp-json\/wp\/v2\/media?parent=94353"}],"wp:term":[{"taxonomy":"product_brand","embeddable":true,"href":"https:\/\/kihlberg.com\/fi\/wp-json\/wp\/v2\/product_brand?post=94353"},{"taxonomy":"product_cat","embeddable":true,"href":"https:\/\/kihlberg.com\/fi\/wp-json\/wp\/v2\/product_cat?post=94353"}],"curies":[{"name":"wp","href":"https:\/\/api.w.org\/{rel}","templated":true}]}}