{"id":94355,"date":"2018-09-21T10:33:41","date_gmt":"2018-09-21T10:33:41","guid":{"rendered":"https:\/\/kihlberg.com\/product\/126033\/"},"modified":"2019-09-07T05:48:49","modified_gmt":"2019-09-07T05:48:49","slug":"126033","status":"publish","type":"product","link":"https:\/\/kihlberg.com\/fi\/koneet\/126033\/","title":{"rendered":"Hakasnaulain JK20A670L"},"content":{"rendered":"","protected":false},"excerpt":{"rendered":"<p>Ruotsissa valmistettu JK20A670L on pneumaattinen ammattilaisten ty\u00f6kalu, joka soveltuu erinomaisesti huonekalu-, s\u00e4nky- ja puusep\u00e4nteollisuuteen, mutta se sopii luontevasti my\u00f6s muiden materiaalien, kuten levyjen ja laattojen kiinnitt\u00e4miseen puuhun. JK20A670L on eritt\u00e4in tehokas, mik\u00e4 s\u00e4\u00e4st\u00e4\u00e4 aikaa ja kasvattaa tuottavuutta ajan kuluessa. Hakasnaulaimen automaattinen toiminta on eritt\u00e4in nopea, ylt\u00e4en jopa 30 hakaseen\/sekunti (1 700 hakasta minuutissa), ja sit\u00e4 voidaan muuttaa helposti nollasta maksimiin s\u00e4\u00e4t\u00f6ruuvin avulla. Tarvittaessa automaattinen toiminta voidaan kytke\u00e4 pois p\u00e4\u00e4lt\u00e4 painiketta painamalla. T\u00e4ll\u00e4 tavalla voit vaihtaa helposti yhden laukauksen ja automaattisen laukaisun v\u00e4lill\u00e4. T\u00e4m\u00e4 ainutlaatuinen muotoilu tekee ty\u00f6kalun k\u00e4yt\u00f6st\u00e4 eritt\u00e4in helppoa. Alhainen melutaso ja mit\u00e4t\u00f6n rekyyli tekev\u00e4t JK20A670L:st\u00e4 entist\u00e4kin houkuttelevamman.<\/p>\n","protected":false},"featured_media":94356,"template":"","meta":{"_acf_changed":false,"_genesis_hide_title":false,"_genesis_hide_breadcrumbs":false,"_genesis_hide_singular_image":false,"_genesis_hide_footer_widgets":false,"_genesis_custom_body_class":"","_genesis_custom_post_class":"","_genesis_layout":""},"product_brand":[],"product_cat":[1717,1725,1712,1716],"class_list":{"0":"post-94355","1":"product","2":"type-product","3":"status-publish","4":"has-post-thumbnail","6":"product_cat-ikkunat-ja-ovet","7":"product_cat-koneet","8":"product_cat-runkopatjavalmistus","9":"product_cat-teollisuus","10":"pa_leg-length-365-fi","11":"pa_lubrication-joo","12":"pa_magazine-capacity-358-fi","13":"pa_max-pressure-7-fi-2","14":"pa_nose-length-14-fi-2","15":"pa_staple-leg-length-6-12-mm-1-4-1-2-in-fi-2","16":"entry","18":"first","19":"instock","20":"taxable","21":"shipping-taxable","22":"purchasable","23":"product-type-simple"},"acf":[],"yoast_head":"<!-- This site is optimized with the Yoast SEO plugin v26.1.1 - https:\/\/yoast.com\/wordpress\/plugins\/seo\/ -->\n<title>Stapler JK20A670L<\/title>\n<meta name=\"robots\" content=\"index, follow, max-snippet:-1, max-image-preview:large, max-video-preview:-1\" \/>\n<link rel=\"canonical\" href=\"https:\/\/kihlberg.com\/fi\/koneet\/126033\/\" \/>\n<meta property=\"og:locale\" content=\"fi_FI\" \/>\n<meta property=\"og:type\" content=\"article\" \/>\n<meta property=\"og:title\" content=\"Stapler JK20A670L\" \/>\n<meta property=\"og:description\" content=\"Ruotsissa valmistettu JK20A670L on pneumaattinen ammattilaisten ty\u00f6kalu, joka soveltuu erinomaisesti huonekalu-, s\u00e4nky- ja puusep\u00e4nteollisuuteen, mutta se sopii luontevasti my\u00f6s muiden materiaalien, kuten levyjen ja laattojen kiinnitt\u00e4miseen puuhun. JK20A670L on eritt\u00e4in tehokas, mik\u00e4 s\u00e4\u00e4st\u00e4\u00e4 aikaa ja kasvattaa tuottavuutta ajan kuluessa. Hakasnaulaimen automaattinen toiminta on eritt\u00e4in nopea, ylt\u00e4en jopa 30 hakaseen\/sekunti (1 700 hakasta minuutissa), ja sit\u00e4 voidaan muuttaa helposti nollasta maksimiin s\u00e4\u00e4t\u00f6ruuvin avulla. Tarvittaessa automaattinen toiminta voidaan kytke\u00e4 pois p\u00e4\u00e4lt\u00e4 painiketta painamalla. T\u00e4ll\u00e4 tavalla voit vaihtaa helposti yhden laukauksen ja automaattisen laukaisun v\u00e4lill\u00e4. T\u00e4m\u00e4 ainutlaatuinen muotoilu tekee ty\u00f6kalun k\u00e4yt\u00f6st\u00e4 eritt\u00e4in helppoa. Alhainen melutaso ja mit\u00e4t\u00f6n rekyyli tekev\u00e4t JK20A670L:st\u00e4 entist\u00e4kin houkuttelevamman.\" \/>\n<meta property=\"og:url\" content=\"https:\/\/kihlberg.com\/fi\/koneet\/126033\/\" \/>\n<meta property=\"og:site_name\" content=\"Josef kihlberg\" \/>\n<meta property=\"article:modified_time\" content=\"2019-09-07T05:48:49+00:00\" \/>\n<meta property=\"og:image\" content=\"https:\/\/kihlberg.com\/wp-content\/uploads\/2018\/08\/126033.png\" \/>\n\t<meta property=\"og:image:width\" content=\"720\" \/>\n\t<meta property=\"og:image:height\" content=\"720\" \/>\n\t<meta property=\"og:image:type\" content=\"image\/png\" \/>\n<meta name=\"twitter:card\" content=\"summary_large_image\" \/>\n<meta name=\"twitter:label1\" content=\"Hinta\" \/>\n\t<meta name=\"twitter:data1\" content=\"&euro;572\" \/>\n\t<meta name=\"twitter:label2\" content=\"Saatavuus\" \/>\n\t<meta name=\"twitter:data2\" content=\"Varastossa\" \/>\n<script type=\"application\/ld+json\" class=\"yoast-schema-graph\">{\"@context\":\"https:\/\/schema.org\",\"@graph\":[{\"@type\":\"WebPage\",\"@id\":\"https:\/\/kihlberg.com\/fi\/koneet\/126033\/\",\"url\":\"https:\/\/kihlberg.com\/fi\/koneet\/126033\/\",\"name\":\"Stapler JK20A670L\",\"isPartOf\":{\"@id\":\"https:\/\/kihlberg.com\/fi\/#website\"},\"primaryImageOfPage\":{\"@id\":\"https:\/\/kihlberg.com\/fi\/koneet\/126033\/#primaryimage\"},\"image\":{\"@id\":\"https:\/\/kihlberg.com\/fi\/koneet\/126033\/#primaryimage\"},\"thumbnailUrl\":\"https:\/\/kihlberg.com\/wp-content\/uploads\/2018\/08\/126033.png\",\"datePublished\":\"2018-09-21T10:33:41+00:00\",\"dateModified\":\"2019-09-07T05:48:49+00:00\",\"breadcrumb\":{\"@id\":\"https:\/\/kihlberg.com\/fi\/koneet\/126033\/#breadcrumb\"},\"inLanguage\":\"fi\",\"potentialAction\":[{\"@type\":\"ReadAction\",\"target\":[\"https:\/\/kihlberg.com\/fi\/koneet\/126033\/\"]}]},{\"@type\":\"ImageObject\",\"inLanguage\":\"fi\",\"@id\":\"https:\/\/kihlberg.com\/fi\/koneet\/126033\/#primaryimage\",\"url\":\"https:\/\/kihlberg.com\/wp-content\/uploads\/2018\/08\/126033.png\",\"contentUrl\":\"https:\/\/kihlberg.com\/wp-content\/uploads\/2018\/08\/126033.png\",\"width\":720,\"height\":720},{\"@type\":\"BreadcrumbList\",\"@id\":\"https:\/\/kihlberg.com\/fi\/koneet\/126033\/#breadcrumb\",\"itemListElement\":[{\"@type\":\"ListItem\",\"position\":1,\"name\":\"Home\",\"item\":\"https:\/\/kihlberg.com\/fi\/\"},{\"@type\":\"ListItem\",\"position\":2,\"name\":\"Shop\",\"item\":\"https:\/\/kihlberg.com\/shop\/\"},{\"@type\":\"ListItem\",\"position\":3,\"name\":\"Koneet\",\"item\":\"https:\/\/kihlberg.com\/fi\/koneet\/\"},{\"@type\":\"ListItem\",\"position\":4,\"name\":\"Application\",\"item\":\"https:\/\/kihlberg.com\/fi\/koneet\/application-fi\/\"},{\"@type\":\"ListItem\",\"position\":5,\"name\":\"Ikkunat ja ovet\",\"item\":\"https:\/\/kihlberg.com\/fi\/koneet\/application-fi\/ikkunat-ja-ovet\/\"},{\"@type\":\"ListItem\",\"position\":6,\"name\":\"Hakasnaulain JK20A670L\"}]},{\"@type\":\"WebSite\",\"@id\":\"https:\/\/kihlberg.com\/fi\/#website\",\"url\":\"https:\/\/kihlberg.com\/fi\/\",\"name\":\"Josef kihlberg\",\"description\":\"Made in Sweden. System manufacturer of premium staples &amp; tools that sets the standard. Legendary.\",\"publisher\":{\"@id\":\"https:\/\/kihlberg.com\/fi\/#organization\"},\"potentialAction\":[{\"@type\":\"SearchAction\",\"target\":{\"@type\":\"EntryPoint\",\"urlTemplate\":\"https:\/\/kihlberg.com\/fi\/?s={search_term_string}\"},\"query-input\":{\"@type\":\"PropertyValueSpecification\",\"valueRequired\":true,\"valueName\":\"search_term_string\"}}],\"inLanguage\":\"fi\"},{\"@type\":\"Organization\",\"@id\":\"https:\/\/kihlberg.com\/fi\/#organization\",\"name\":\"Josef Kihlberg\",\"url\":\"https:\/\/kihlberg.com\/fi\/\",\"logo\":{\"@type\":\"ImageObject\",\"inLanguage\":\"fi\",\"@id\":\"https:\/\/kihlberg.com\/fi\/#\/schema\/logo\/image\/\",\"url\":\"https:\/\/kihlberg.com\/wp-content\/uploads\/2019\/01\/logo.jpg\",\"contentUrl\":\"https:\/\/kihlberg.com\/wp-content\/uploads\/2019\/01\/logo.jpg\",\"width\":850,\"height\":850,\"caption\":\"Josef Kihlberg\"},\"image\":{\"@id\":\"https:\/\/kihlberg.com\/fi\/#\/schema\/logo\/image\/\"}}]}<\/script>\n<meta property=\"product:price:amount\" content=\"572\" \/>\n<meta property=\"product:price:currency\" content=\"EUR\" \/>\n<meta property=\"og:availability\" content=\"instock\" \/>\n<meta property=\"product:availability\" content=\"instock\" \/>\n<meta property=\"product:retailer_item_id\" content=\"126033\" \/>\n<meta property=\"product:condition\" content=\"new\" \/>\n<!-- \/ Yoast SEO plugin. -->","yoast_head_json":{"title":"Stapler JK20A670L","robots":{"index":"index","follow":"follow","max-snippet":"max-snippet:-1","max-image-preview":"max-image-preview:large","max-video-preview":"max-video-preview:-1"},"canonical":"https:\/\/kihlberg.com\/fi\/koneet\/126033\/","og_locale":"fi_FI","og_type":"article","og_title":"Stapler JK20A670L","og_description":"Ruotsissa valmistettu JK20A670L on pneumaattinen ammattilaisten ty\u00f6kalu, joka soveltuu erinomaisesti huonekalu-, s\u00e4nky- ja puusep\u00e4nteollisuuteen, mutta se sopii luontevasti my\u00f6s muiden materiaalien, kuten levyjen ja laattojen kiinnitt\u00e4miseen puuhun. JK20A670L on eritt\u00e4in tehokas, mik\u00e4 s\u00e4\u00e4st\u00e4\u00e4 aikaa ja kasvattaa tuottavuutta ajan kuluessa. Hakasnaulaimen automaattinen toiminta on eritt\u00e4in nopea, ylt\u00e4en jopa 30 hakaseen\/sekunti (1 700 hakasta minuutissa), ja sit\u00e4 voidaan muuttaa helposti nollasta maksimiin s\u00e4\u00e4t\u00f6ruuvin avulla. Tarvittaessa automaattinen toiminta voidaan kytke\u00e4 pois p\u00e4\u00e4lt\u00e4 painiketta painamalla. T\u00e4ll\u00e4 tavalla voit vaihtaa helposti yhden laukauksen ja automaattisen laukaisun v\u00e4lill\u00e4. T\u00e4m\u00e4 ainutlaatuinen muotoilu tekee ty\u00f6kalun k\u00e4yt\u00f6st\u00e4 eritt\u00e4in helppoa. Alhainen melutaso ja mit\u00e4t\u00f6n rekyyli tekev\u00e4t JK20A670L:st\u00e4 entist\u00e4kin houkuttelevamman.","og_url":"https:\/\/kihlberg.com\/fi\/koneet\/126033\/","og_site_name":"Josef kihlberg","article_modified_time":"2019-09-07T05:48:49+00:00","og_image":[{"width":720,"height":720,"url":"https:\/\/kihlberg.com\/wp-content\/uploads\/2018\/08\/126033.png","type":"image\/png"}],"twitter_card":"summary_large_image","twitter_misc":{"Hinta":"&euro;572","Saatavuus":"Varastossa"},"schema":{"@context":"https:\/\/schema.org","@graph":[{"@type":"WebPage","@id":"https:\/\/kihlberg.com\/fi\/koneet\/126033\/","url":"https:\/\/kihlberg.com\/fi\/koneet\/126033\/","name":"Stapler JK20A670L","isPartOf":{"@id":"https:\/\/kihlberg.com\/fi\/#website"},"primaryImageOfPage":{"@id":"https:\/\/kihlberg.com\/fi\/koneet\/126033\/#primaryimage"},"image":{"@id":"https:\/\/kihlberg.com\/fi\/koneet\/126033\/#primaryimage"},"thumbnailUrl":"https:\/\/kihlberg.com\/wp-content\/uploads\/2018\/08\/126033.png","datePublished":"2018-09-21T10:33:41+00:00","dateModified":"2019-09-07T05:48:49+00:00","breadcrumb":{"@id":"https:\/\/kihlberg.com\/fi\/koneet\/126033\/#breadcrumb"},"inLanguage":"fi","potentialAction":[{"@type":"ReadAction","target":["https:\/\/kihlberg.com\/fi\/koneet\/126033\/"]}]},{"@type":"ImageObject","inLanguage":"fi","@id":"https:\/\/kihlberg.com\/fi\/koneet\/126033\/#primaryimage","url":"https:\/\/kihlberg.com\/wp-content\/uploads\/2018\/08\/126033.png","contentUrl":"https:\/\/kihlberg.com\/wp-content\/uploads\/2018\/08\/126033.png","width":720,"height":720},{"@type":"BreadcrumbList","@id":"https:\/\/kihlberg.com\/fi\/koneet\/126033\/#breadcrumb","itemListElement":[{"@type":"ListItem","position":1,"name":"Home","item":"https:\/\/kihlberg.com\/fi\/"},{"@type":"ListItem","position":2,"name":"Shop","item":"https:\/\/kihlberg.com\/shop\/"},{"@type":"ListItem","position":3,"name":"Koneet","item":"https:\/\/kihlberg.com\/fi\/koneet\/"},{"@type":"ListItem","position":4,"name":"Application","item":"https:\/\/kihlberg.com\/fi\/koneet\/application-fi\/"},{"@type":"ListItem","position":5,"name":"Ikkunat ja ovet","item":"https:\/\/kihlberg.com\/fi\/koneet\/application-fi\/ikkunat-ja-ovet\/"},{"@type":"ListItem","position":6,"name":"Hakasnaulain JK20A670L"}]},{"@type":"WebSite","@id":"https:\/\/kihlberg.com\/fi\/#website","url":"https:\/\/kihlberg.com\/fi\/","name":"Josef kihlberg","description":"Made in Sweden. System manufacturer of premium staples &amp; tools that sets the standard. Legendary.","publisher":{"@id":"https:\/\/kihlberg.com\/fi\/#organization"},"potentialAction":[{"@type":"SearchAction","target":{"@type":"EntryPoint","urlTemplate":"https:\/\/kihlberg.com\/fi\/?s={search_term_string}"},"query-input":{"@type":"PropertyValueSpecification","valueRequired":true,"valueName":"search_term_string"}}],"inLanguage":"fi"},{"@type":"Organization","@id":"https:\/\/kihlberg.com\/fi\/#organization","name":"Josef Kihlberg","url":"https:\/\/kihlberg.com\/fi\/","logo":{"@type":"ImageObject","inLanguage":"fi","@id":"https:\/\/kihlberg.com\/fi\/#\/schema\/logo\/image\/","url":"https:\/\/kihlberg.com\/wp-content\/uploads\/2019\/01\/logo.jpg","contentUrl":"https:\/\/kihlberg.com\/wp-content\/uploads\/2019\/01\/logo.jpg","width":850,"height":850,"caption":"Josef Kihlberg"},"image":{"@id":"https:\/\/kihlberg.com\/fi\/#\/schema\/logo\/image\/"}}]},"product_price_amount":"572","product_price_currency":"EUR","og_availability":"instock","product_availability":"instock","product_retailer_item_id":"126033","product_condition":"new"},"_links":{"self":[{"href":"https:\/\/kihlberg.com\/fi\/wp-json\/wp\/v2\/product\/94355","targetHints":{"allow":["GET"]}}],"collection":[{"href":"https:\/\/kihlberg.com\/fi\/wp-json\/wp\/v2\/product"}],"about":[{"href":"https:\/\/kihlberg.com\/fi\/wp-json\/wp\/v2\/types\/product"}],"wp:featuredmedia":[{"embeddable":true,"href":"https:\/\/kihlberg.com\/fi\/wp-json\/wp\/v2\/media\/94356"}],"wp:attachment":[{"href":"https:\/\/kihlberg.com\/fi\/wp-json\/wp\/v2\/media?parent=94355"}],"wp:term":[{"taxonomy":"product_brand","embeddable":true,"href":"https:\/\/kihlberg.com\/fi\/wp-json\/wp\/v2\/product_brand?post=94355"},{"taxonomy":"product_cat","embeddable":true,"href":"https:\/\/kihlberg.com\/fi\/wp-json\/wp\/v2\/product_cat?post=94355"}],"curies":[{"name":"wp","href":"https:\/\/api.w.org\/{rel}","templated":true}]}}