{"id":94365,"date":"2018-09-21T10:33:20","date_gmt":"2018-09-21T10:33:20","guid":{"rendered":"https:\/\/kihlberg.com\/product\/126034\/"},"modified":"2019-09-07T05:48:47","modified_gmt":"2019-09-07T05:48:47","slug":"126034","status":"publish","type":"product","link":"https:\/\/kihlberg.com\/fi\/koneet\/126034\/","title":{"rendered":"Hakasnaulain JK20-680"},"content":{"rendered":"","protected":false},"excerpt":{"rendered":"<p>Ruotsissa valmistettu JK20-680 on pneumaattinen ammattilaisten ty\u00f6kalu huonekaluteollisuuteen. T\u00e4m\u00e4 yhden laukauksen ty\u00f6kalu soveltuu erityisesti verhoilut\u00f6ihin tai sellaisiin k\u00e4ytt\u00f6tarkoituksiin, joissa kangas kiinnitet\u00e4\u00e4n puuhun, mutta se sopii luontevasti my\u00f6s muiden materiaalien, kuten levy- ja laattamateriaalien kiinnitt\u00e4miseen puuhun. JK20-680-hakasnaulainta voidaan k\u00e4ytt\u00e4\u00e4 pitki\u00e4 aikoja, sill\u00e4 siin\u00e4 on mit\u00e4t\u00f6n rekyyli ja se on kevyt ja tasapainoinen. Lipas ladataan p\u00e4\u00e4lt\u00e4, mik\u00e4 ehk\u00e4isee tahattoman laukaisun k\u00e4ytt\u00e4j\u00e4n kasvoja kohti latauksen aikana. Nopea p\u00e4\u00e4lt\u00e4 lataus -menetelm\u00e4 tehostaa entisest\u00e4\u00e4n ty\u00f6kalun k\u00e4ytt\u00f6\u00e4. Nokan muodon ansiosta JK20-680 on eritt\u00e4in tarkka, ja suutin on helppo puhdistaa poistamalla hakaset liukuluukun kautta. Hakasnaulaimen melutaso on alhainen tehokkaan \u00e4\u00e4nenvaimentimen ansiosta.<\/p>\n","protected":false},"featured_media":94366,"template":"","meta":{"_acf_changed":false,"_genesis_hide_title":false,"_genesis_hide_breadcrumbs":false,"_genesis_hide_singular_image":false,"_genesis_hide_footer_widgets":false,"_genesis_custom_body_class":"","_genesis_custom_post_class":"","_genesis_layout":""},"product_brand":[],"product_cat":[1717,1723,1725,1712,1718,1716],"class_list":{"0":"post-94365","1":"product","2":"type-product","3":"status-publish","4":"has-post-thumbnail","6":"product_cat-ikkunat-ja-ovet","7":"product_cat-kaapit","8":"product_cat-koneet","9":"product_cat-runkopatjavalmistus","10":"product_cat-sohvakalusteet","11":"product_cat-teollisuus","12":"pa_leg-length-230-fi","13":"pa_lubrication-joo","14":"pa_magazine-capacity-143-fi","15":"pa_max-pressure-7-fi-2","16":"pa_nose-length-14-fi-2","17":"pa_staple-leg-length-6-14-mm-1-4-9-16-in-fi-2","18":"entry","20":"first","21":"instock","22":"taxable","23":"shipping-taxable","24":"purchasable","25":"product-type-simple"},"acf":[],"yoast_head":"<!-- This site is optimized with the Yoast SEO plugin v26.1.1 - https:\/\/yoast.com\/wordpress\/plugins\/seo\/ -->\n<title>Stapler JK20-680<\/title>\n<meta name=\"robots\" content=\"index, follow, max-snippet:-1, max-image-preview:large, max-video-preview:-1\" \/>\n<link rel=\"canonical\" href=\"https:\/\/kihlberg.com\/fi\/koneet\/126034\/\" \/>\n<meta property=\"og:locale\" content=\"fi_FI\" \/>\n<meta property=\"og:type\" content=\"article\" \/>\n<meta property=\"og:title\" content=\"Stapler JK20-680\" \/>\n<meta property=\"og:description\" content=\"Ruotsissa valmistettu JK20-680 on pneumaattinen ammattilaisten ty\u00f6kalu huonekaluteollisuuteen. T\u00e4m\u00e4 yhden laukauksen ty\u00f6kalu soveltuu erityisesti verhoilut\u00f6ihin tai sellaisiin k\u00e4ytt\u00f6tarkoituksiin, joissa kangas kiinnitet\u00e4\u00e4n puuhun, mutta se sopii luontevasti my\u00f6s muiden materiaalien, kuten levy- ja laattamateriaalien kiinnitt\u00e4miseen puuhun. JK20-680-hakasnaulainta voidaan k\u00e4ytt\u00e4\u00e4 pitki\u00e4 aikoja, sill\u00e4 siin\u00e4 on mit\u00e4t\u00f6n rekyyli ja se on kevyt ja tasapainoinen. Lipas ladataan p\u00e4\u00e4lt\u00e4, mik\u00e4 ehk\u00e4isee tahattoman laukaisun k\u00e4ytt\u00e4j\u00e4n kasvoja kohti latauksen aikana. Nopea p\u00e4\u00e4lt\u00e4 lataus -menetelm\u00e4 tehostaa entisest\u00e4\u00e4n ty\u00f6kalun k\u00e4ytt\u00f6\u00e4. Nokan muodon ansiosta JK20-680 on eritt\u00e4in tarkka, ja suutin on helppo puhdistaa poistamalla hakaset liukuluukun kautta. Hakasnaulaimen melutaso on alhainen tehokkaan \u00e4\u00e4nenvaimentimen ansiosta.\" \/>\n<meta property=\"og:url\" content=\"https:\/\/kihlberg.com\/fi\/koneet\/126034\/\" \/>\n<meta property=\"og:site_name\" content=\"Josef kihlberg\" \/>\n<meta property=\"article:modified_time\" content=\"2019-09-07T05:48:47+00:00\" \/>\n<meta property=\"og:image\" content=\"https:\/\/kihlberg.com\/wp-content\/uploads\/2018\/08\/126034.png\" \/>\n\t<meta property=\"og:image:width\" content=\"720\" \/>\n\t<meta property=\"og:image:height\" content=\"720\" \/>\n\t<meta property=\"og:image:type\" content=\"image\/png\" \/>\n<meta name=\"twitter:card\" content=\"summary_large_image\" \/>\n<meta name=\"twitter:label1\" content=\"Hinta\" \/>\n\t<meta name=\"twitter:data1\" content=\"&euro;411\" \/>\n\t<meta name=\"twitter:label2\" content=\"Saatavuus\" \/>\n\t<meta name=\"twitter:data2\" content=\"Varastossa\" \/>\n<script type=\"application\/ld+json\" class=\"yoast-schema-graph\">{\"@context\":\"https:\/\/schema.org\",\"@graph\":[{\"@type\":\"WebPage\",\"@id\":\"https:\/\/kihlberg.com\/fi\/koneet\/126034\/\",\"url\":\"https:\/\/kihlberg.com\/fi\/koneet\/126034\/\",\"name\":\"Stapler JK20-680\",\"isPartOf\":{\"@id\":\"https:\/\/kihlberg.com\/fi\/#website\"},\"primaryImageOfPage\":{\"@id\":\"https:\/\/kihlberg.com\/fi\/koneet\/126034\/#primaryimage\"},\"image\":{\"@id\":\"https:\/\/kihlberg.com\/fi\/koneet\/126034\/#primaryimage\"},\"thumbnailUrl\":\"https:\/\/kihlberg.com\/wp-content\/uploads\/2018\/08\/126034.png\",\"datePublished\":\"2018-09-21T10:33:20+00:00\",\"dateModified\":\"2019-09-07T05:48:47+00:00\",\"breadcrumb\":{\"@id\":\"https:\/\/kihlberg.com\/fi\/koneet\/126034\/#breadcrumb\"},\"inLanguage\":\"fi\",\"potentialAction\":[{\"@type\":\"ReadAction\",\"target\":[\"https:\/\/kihlberg.com\/fi\/koneet\/126034\/\"]}]},{\"@type\":\"ImageObject\",\"inLanguage\":\"fi\",\"@id\":\"https:\/\/kihlberg.com\/fi\/koneet\/126034\/#primaryimage\",\"url\":\"https:\/\/kihlberg.com\/wp-content\/uploads\/2018\/08\/126034.png\",\"contentUrl\":\"https:\/\/kihlberg.com\/wp-content\/uploads\/2018\/08\/126034.png\",\"width\":720,\"height\":720},{\"@type\":\"BreadcrumbList\",\"@id\":\"https:\/\/kihlberg.com\/fi\/koneet\/126034\/#breadcrumb\",\"itemListElement\":[{\"@type\":\"ListItem\",\"position\":1,\"name\":\"Home\",\"item\":\"https:\/\/kihlberg.com\/fi\/\"},{\"@type\":\"ListItem\",\"position\":2,\"name\":\"Shop\",\"item\":\"https:\/\/kihlberg.com\/shop\/\"},{\"@type\":\"ListItem\",\"position\":3,\"name\":\"Koneet\",\"item\":\"https:\/\/kihlberg.com\/fi\/koneet\/\"},{\"@type\":\"ListItem\",\"position\":4,\"name\":\"Application\",\"item\":\"https:\/\/kihlberg.com\/fi\/koneet\/application-fi\/\"},{\"@type\":\"ListItem\",\"position\":5,\"name\":\"Ikkunat ja ovet\",\"item\":\"https:\/\/kihlberg.com\/fi\/koneet\/application-fi\/ikkunat-ja-ovet\/\"},{\"@type\":\"ListItem\",\"position\":6,\"name\":\"Hakasnaulain JK20-680\"}]},{\"@type\":\"WebSite\",\"@id\":\"https:\/\/kihlberg.com\/fi\/#website\",\"url\":\"https:\/\/kihlberg.com\/fi\/\",\"name\":\"Josef kihlberg\",\"description\":\"Made in Sweden. System manufacturer of premium staples &amp; tools that sets the standard. Legendary.\",\"publisher\":{\"@id\":\"https:\/\/kihlberg.com\/fi\/#organization\"},\"potentialAction\":[{\"@type\":\"SearchAction\",\"target\":{\"@type\":\"EntryPoint\",\"urlTemplate\":\"https:\/\/kihlberg.com\/fi\/?s={search_term_string}\"},\"query-input\":{\"@type\":\"PropertyValueSpecification\",\"valueRequired\":true,\"valueName\":\"search_term_string\"}}],\"inLanguage\":\"fi\"},{\"@type\":\"Organization\",\"@id\":\"https:\/\/kihlberg.com\/fi\/#organization\",\"name\":\"Josef Kihlberg\",\"url\":\"https:\/\/kihlberg.com\/fi\/\",\"logo\":{\"@type\":\"ImageObject\",\"inLanguage\":\"fi\",\"@id\":\"https:\/\/kihlberg.com\/fi\/#\/schema\/logo\/image\/\",\"url\":\"https:\/\/kihlberg.com\/wp-content\/uploads\/2019\/01\/logo.jpg\",\"contentUrl\":\"https:\/\/kihlberg.com\/wp-content\/uploads\/2019\/01\/logo.jpg\",\"width\":850,\"height\":850,\"caption\":\"Josef Kihlberg\"},\"image\":{\"@id\":\"https:\/\/kihlberg.com\/fi\/#\/schema\/logo\/image\/\"}}]}<\/script>\n<meta property=\"product:price:amount\" content=\"411\" \/>\n<meta property=\"product:price:currency\" content=\"EUR\" \/>\n<meta property=\"og:availability\" content=\"instock\" \/>\n<meta property=\"product:availability\" content=\"instock\" \/>\n<meta property=\"product:retailer_item_id\" content=\"126034\" \/>\n<meta property=\"product:condition\" content=\"new\" \/>\n<!-- \/ Yoast SEO plugin. -->","yoast_head_json":{"title":"Stapler JK20-680","robots":{"index":"index","follow":"follow","max-snippet":"max-snippet:-1","max-image-preview":"max-image-preview:large","max-video-preview":"max-video-preview:-1"},"canonical":"https:\/\/kihlberg.com\/fi\/koneet\/126034\/","og_locale":"fi_FI","og_type":"article","og_title":"Stapler JK20-680","og_description":"Ruotsissa valmistettu JK20-680 on pneumaattinen ammattilaisten ty\u00f6kalu huonekaluteollisuuteen. T\u00e4m\u00e4 yhden laukauksen ty\u00f6kalu soveltuu erityisesti verhoilut\u00f6ihin tai sellaisiin k\u00e4ytt\u00f6tarkoituksiin, joissa kangas kiinnitet\u00e4\u00e4n puuhun, mutta se sopii luontevasti my\u00f6s muiden materiaalien, kuten levy- ja laattamateriaalien kiinnitt\u00e4miseen puuhun. JK20-680-hakasnaulainta voidaan k\u00e4ytt\u00e4\u00e4 pitki\u00e4 aikoja, sill\u00e4 siin\u00e4 on mit\u00e4t\u00f6n rekyyli ja se on kevyt ja tasapainoinen. Lipas ladataan p\u00e4\u00e4lt\u00e4, mik\u00e4 ehk\u00e4isee tahattoman laukaisun k\u00e4ytt\u00e4j\u00e4n kasvoja kohti latauksen aikana. Nopea p\u00e4\u00e4lt\u00e4 lataus -menetelm\u00e4 tehostaa entisest\u00e4\u00e4n ty\u00f6kalun k\u00e4ytt\u00f6\u00e4. Nokan muodon ansiosta JK20-680 on eritt\u00e4in tarkka, ja suutin on helppo puhdistaa poistamalla hakaset liukuluukun kautta. Hakasnaulaimen melutaso on alhainen tehokkaan \u00e4\u00e4nenvaimentimen ansiosta.","og_url":"https:\/\/kihlberg.com\/fi\/koneet\/126034\/","og_site_name":"Josef kihlberg","article_modified_time":"2019-09-07T05:48:47+00:00","og_image":[{"width":720,"height":720,"url":"https:\/\/kihlberg.com\/wp-content\/uploads\/2018\/08\/126034.png","type":"image\/png"}],"twitter_card":"summary_large_image","twitter_misc":{"Hinta":"&euro;411","Saatavuus":"Varastossa"},"schema":{"@context":"https:\/\/schema.org","@graph":[{"@type":"WebPage","@id":"https:\/\/kihlberg.com\/fi\/koneet\/126034\/","url":"https:\/\/kihlberg.com\/fi\/koneet\/126034\/","name":"Stapler JK20-680","isPartOf":{"@id":"https:\/\/kihlberg.com\/fi\/#website"},"primaryImageOfPage":{"@id":"https:\/\/kihlberg.com\/fi\/koneet\/126034\/#primaryimage"},"image":{"@id":"https:\/\/kihlberg.com\/fi\/koneet\/126034\/#primaryimage"},"thumbnailUrl":"https:\/\/kihlberg.com\/wp-content\/uploads\/2018\/08\/126034.png","datePublished":"2018-09-21T10:33:20+00:00","dateModified":"2019-09-07T05:48:47+00:00","breadcrumb":{"@id":"https:\/\/kihlberg.com\/fi\/koneet\/126034\/#breadcrumb"},"inLanguage":"fi","potentialAction":[{"@type":"ReadAction","target":["https:\/\/kihlberg.com\/fi\/koneet\/126034\/"]}]},{"@type":"ImageObject","inLanguage":"fi","@id":"https:\/\/kihlberg.com\/fi\/koneet\/126034\/#primaryimage","url":"https:\/\/kihlberg.com\/wp-content\/uploads\/2018\/08\/126034.png","contentUrl":"https:\/\/kihlberg.com\/wp-content\/uploads\/2018\/08\/126034.png","width":720,"height":720},{"@type":"BreadcrumbList","@id":"https:\/\/kihlberg.com\/fi\/koneet\/126034\/#breadcrumb","itemListElement":[{"@type":"ListItem","position":1,"name":"Home","item":"https:\/\/kihlberg.com\/fi\/"},{"@type":"ListItem","position":2,"name":"Shop","item":"https:\/\/kihlberg.com\/shop\/"},{"@type":"ListItem","position":3,"name":"Koneet","item":"https:\/\/kihlberg.com\/fi\/koneet\/"},{"@type":"ListItem","position":4,"name":"Application","item":"https:\/\/kihlberg.com\/fi\/koneet\/application-fi\/"},{"@type":"ListItem","position":5,"name":"Ikkunat ja ovet","item":"https:\/\/kihlberg.com\/fi\/koneet\/application-fi\/ikkunat-ja-ovet\/"},{"@type":"ListItem","position":6,"name":"Hakasnaulain JK20-680"}]},{"@type":"WebSite","@id":"https:\/\/kihlberg.com\/fi\/#website","url":"https:\/\/kihlberg.com\/fi\/","name":"Josef kihlberg","description":"Made in Sweden. System manufacturer of premium staples &amp; tools that sets the standard. Legendary.","publisher":{"@id":"https:\/\/kihlberg.com\/fi\/#organization"},"potentialAction":[{"@type":"SearchAction","target":{"@type":"EntryPoint","urlTemplate":"https:\/\/kihlberg.com\/fi\/?s={search_term_string}"},"query-input":{"@type":"PropertyValueSpecification","valueRequired":true,"valueName":"search_term_string"}}],"inLanguage":"fi"},{"@type":"Organization","@id":"https:\/\/kihlberg.com\/fi\/#organization","name":"Josef Kihlberg","url":"https:\/\/kihlberg.com\/fi\/","logo":{"@type":"ImageObject","inLanguage":"fi","@id":"https:\/\/kihlberg.com\/fi\/#\/schema\/logo\/image\/","url":"https:\/\/kihlberg.com\/wp-content\/uploads\/2019\/01\/logo.jpg","contentUrl":"https:\/\/kihlberg.com\/wp-content\/uploads\/2019\/01\/logo.jpg","width":850,"height":850,"caption":"Josef Kihlberg"},"image":{"@id":"https:\/\/kihlberg.com\/fi\/#\/schema\/logo\/image\/"}}]},"product_price_amount":"411","product_price_currency":"EUR","og_availability":"instock","product_availability":"instock","product_retailer_item_id":"126034","product_condition":"new"},"_links":{"self":[{"href":"https:\/\/kihlberg.com\/fi\/wp-json\/wp\/v2\/product\/94365","targetHints":{"allow":["GET"]}}],"collection":[{"href":"https:\/\/kihlberg.com\/fi\/wp-json\/wp\/v2\/product"}],"about":[{"href":"https:\/\/kihlberg.com\/fi\/wp-json\/wp\/v2\/types\/product"}],"wp:featuredmedia":[{"embeddable":true,"href":"https:\/\/kihlberg.com\/fi\/wp-json\/wp\/v2\/media\/94366"}],"wp:attachment":[{"href":"https:\/\/kihlberg.com\/fi\/wp-json\/wp\/v2\/media?parent=94365"}],"wp:term":[{"taxonomy":"product_brand","embeddable":true,"href":"https:\/\/kihlberg.com\/fi\/wp-json\/wp\/v2\/product_brand?post=94365"},{"taxonomy":"product_cat","embeddable":true,"href":"https:\/\/kihlberg.com\/fi\/wp-json\/wp\/v2\/product_cat?post=94365"}],"curies":[{"name":"wp","href":"https:\/\/api.w.org\/{rel}","templated":true}]}}