{"id":94403,"date":"2018-09-21T10:32:05","date_gmt":"2018-09-21T10:32:05","guid":{"rendered":"https:\/\/kihlberg.com\/product\/33399\/"},"modified":"2022-05-31T22:04:22","modified_gmt":"2022-05-31T20:04:22","slug":"33399","status":"publish","type":"product","link":"https:\/\/kihlberg.com\/fi\/koneet\/33399\/","title":{"rendered":"Nitomaphiti JK20T779L22"},"content":{"rendered":"","protected":false},"excerpt":{"rendered":"<p>JK20T779L22 on ruotsalaisvalmisteinen ammattilaisten ty\u00f6kalu, joka on painoltaan kevyt, tasapainoinen ja t\u00e4rin\u00e4lt\u00e4\u00e4n alhainen. Siin\u00e4 on pneumaattinen ohjausj\u00e4rjestelm\u00e4, joka mahdollistaa nopean ja tehokkaan nidonnan. Alasimen rakenteen ansiosta kartonkia on mahdollista k\u00e4sitell\u00e4 varoen. Ty\u00f6kalu on tarkoitettu ensisijaisesti pakkausten, kassien ja erilaisten levyjen nidontaan.<\/p>\n","protected":false},"featured_media":94405,"template":"","meta":{"_acf_changed":false,"_genesis_hide_title":false,"_genesis_hide_breadcrumbs":false,"_genesis_hide_singular_image":false,"_genesis_hide_footer_widgets":false,"_genesis_custom_body_class":"","_genesis_custom_post_class":"","_genesis_layout":""},"product_brand":[],"product_cat":[1725,1719,1715,1722],"class_list":{"0":"post-94403","1":"product","2":"type-product","3":"status-publish","4":"has-post-thumbnail","6":"product_cat-koneet","7":"product_cat-kuljetuspakkaukset","8":"product_cat-pakkaaminen","9":"product_cat-tasonidonta","10":"pa_leg-length-370-fi","11":"pa_lubrication-joo","12":"pa_magazine-capacity-168-fi-2","13":"pa_max-pressure-7-fi-2","14":"pa_nose-length-14-fi-2","15":"pa_staple-leg-length-12-22-mm-1-2-7-8-in-fi-2","16":"entry","18":"first","19":"instock","20":"taxable","21":"shipping-taxable","22":"purchasable","23":"product-type-simple"},"acf":[],"yoast_head":"<!-- This site is optimized with the Yoast SEO plugin v26.1.1 - https:\/\/yoast.com\/wordpress\/plugins\/seo\/ -->\n<title>Plier stapler JK20T779L22<\/title>\n<meta name=\"robots\" content=\"index, follow, max-snippet:-1, max-image-preview:large, max-video-preview:-1\" \/>\n<link rel=\"canonical\" href=\"https:\/\/kihlberg.com\/fi\/koneet\/33399\/\" \/>\n<meta property=\"og:locale\" content=\"fi_FI\" \/>\n<meta property=\"og:type\" content=\"article\" \/>\n<meta property=\"og:title\" content=\"Plier stapler JK20T779L22\" \/>\n<meta property=\"og:description\" content=\"JK20T779L22 on ruotsalaisvalmisteinen ammattilaisten ty\u00f6kalu, joka on painoltaan kevyt, tasapainoinen ja t\u00e4rin\u00e4lt\u00e4\u00e4n alhainen. Siin\u00e4 on pneumaattinen ohjausj\u00e4rjestelm\u00e4, joka mahdollistaa nopean ja tehokkaan nidonnan. Alasimen rakenteen ansiosta kartonkia on mahdollista k\u00e4sitell\u00e4 varoen. Ty\u00f6kalu on tarkoitettu ensisijaisesti pakkausten, kassien ja erilaisten levyjen nidontaan.\" \/>\n<meta property=\"og:url\" content=\"https:\/\/kihlberg.com\/fi\/koneet\/33399\/\" \/>\n<meta property=\"og:site_name\" content=\"Josef kihlberg\" \/>\n<meta property=\"article:modified_time\" content=\"2022-05-31T20:04:22+00:00\" \/>\n<meta property=\"og:image\" content=\"https:\/\/kihlberg.com\/wp-content\/uploads\/2018\/09\/033399_JK20T779L22_produktbild-min.png\" \/>\n\t<meta property=\"og:image:width\" content=\"720\" \/>\n\t<meta property=\"og:image:height\" content=\"720\" \/>\n\t<meta property=\"og:image:type\" content=\"image\/png\" \/>\n<meta name=\"twitter:card\" content=\"summary_large_image\" \/>\n<meta name=\"twitter:label1\" content=\"Hinta\" \/>\n\t<meta name=\"twitter:data1\" content=\"&euro;809\" \/>\n\t<meta name=\"twitter:label2\" content=\"Saatavuus\" \/>\n\t<meta name=\"twitter:data2\" content=\"Varastossa\" \/>\n<script type=\"application\/ld+json\" class=\"yoast-schema-graph\">{\"@context\":\"https:\/\/schema.org\",\"@graph\":[{\"@type\":\"WebPage\",\"@id\":\"https:\/\/kihlberg.com\/fi\/koneet\/33399\/\",\"url\":\"https:\/\/kihlberg.com\/fi\/koneet\/33399\/\",\"name\":\"Plier stapler JK20T779L22\",\"isPartOf\":{\"@id\":\"https:\/\/kihlberg.com\/fi\/#website\"},\"primaryImageOfPage\":{\"@id\":\"https:\/\/kihlberg.com\/fi\/koneet\/33399\/#primaryimage\"},\"image\":{\"@id\":\"https:\/\/kihlberg.com\/fi\/koneet\/33399\/#primaryimage\"},\"thumbnailUrl\":\"https:\/\/kihlberg.com\/wp-content\/uploads\/2018\/09\/033399_JK20T779L22_produktbild-min.png\",\"datePublished\":\"2018-09-21T10:32:05+00:00\",\"dateModified\":\"2022-05-31T20:04:22+00:00\",\"breadcrumb\":{\"@id\":\"https:\/\/kihlberg.com\/fi\/koneet\/33399\/#breadcrumb\"},\"inLanguage\":\"fi\",\"potentialAction\":[{\"@type\":\"ReadAction\",\"target\":[\"https:\/\/kihlberg.com\/fi\/koneet\/33399\/\"]}]},{\"@type\":\"ImageObject\",\"inLanguage\":\"fi\",\"@id\":\"https:\/\/kihlberg.com\/fi\/koneet\/33399\/#primaryimage\",\"url\":\"https:\/\/kihlberg.com\/wp-content\/uploads\/2018\/09\/033399_JK20T779L22_produktbild-min.png\",\"contentUrl\":\"https:\/\/kihlberg.com\/wp-content\/uploads\/2018\/09\/033399_JK20T779L22_produktbild-min.png\",\"width\":720,\"height\":720},{\"@type\":\"BreadcrumbList\",\"@id\":\"https:\/\/kihlberg.com\/fi\/koneet\/33399\/#breadcrumb\",\"itemListElement\":[{\"@type\":\"ListItem\",\"position\":1,\"name\":\"Home\",\"item\":\"https:\/\/kihlberg.com\/fi\/\"},{\"@type\":\"ListItem\",\"position\":2,\"name\":\"Shop\",\"item\":\"https:\/\/kihlberg.com\/shop\/\"},{\"@type\":\"ListItem\",\"position\":3,\"name\":\"Koneet\",\"item\":\"https:\/\/kihlberg.com\/fi\/koneet\/\"},{\"@type\":\"ListItem\",\"position\":4,\"name\":\"Application\",\"item\":\"https:\/\/kihlberg.com\/fi\/koneet\/application-fi\/\"},{\"@type\":\"ListItem\",\"position\":5,\"name\":\"Kuljetuspakkaukset\",\"item\":\"https:\/\/kihlberg.com\/fi\/koneet\/application-fi\/kuljetuspakkaukset\/\"},{\"@type\":\"ListItem\",\"position\":6,\"name\":\"Nitomaphiti JK20T779L22\"}]},{\"@type\":\"WebSite\",\"@id\":\"https:\/\/kihlberg.com\/fi\/#website\",\"url\":\"https:\/\/kihlberg.com\/fi\/\",\"name\":\"Josef kihlberg\",\"description\":\"Made in Sweden. System manufacturer of premium staples &amp; tools that sets the standard. Legendary.\",\"publisher\":{\"@id\":\"https:\/\/kihlberg.com\/fi\/#organization\"},\"potentialAction\":[{\"@type\":\"SearchAction\",\"target\":{\"@type\":\"EntryPoint\",\"urlTemplate\":\"https:\/\/kihlberg.com\/fi\/?s={search_term_string}\"},\"query-input\":{\"@type\":\"PropertyValueSpecification\",\"valueRequired\":true,\"valueName\":\"search_term_string\"}}],\"inLanguage\":\"fi\"},{\"@type\":\"Organization\",\"@id\":\"https:\/\/kihlberg.com\/fi\/#organization\",\"name\":\"Josef Kihlberg\",\"url\":\"https:\/\/kihlberg.com\/fi\/\",\"logo\":{\"@type\":\"ImageObject\",\"inLanguage\":\"fi\",\"@id\":\"https:\/\/kihlberg.com\/fi\/#\/schema\/logo\/image\/\",\"url\":\"https:\/\/kihlberg.com\/wp-content\/uploads\/2019\/01\/logo.jpg\",\"contentUrl\":\"https:\/\/kihlberg.com\/wp-content\/uploads\/2019\/01\/logo.jpg\",\"width\":850,\"height\":850,\"caption\":\"Josef Kihlberg\"},\"image\":{\"@id\":\"https:\/\/kihlberg.com\/fi\/#\/schema\/logo\/image\/\"}}]}<\/script>\n<meta property=\"product:price:amount\" content=\"809\" \/>\n<meta property=\"product:price:currency\" content=\"EUR\" \/>\n<meta property=\"og:availability\" content=\"instock\" \/>\n<meta property=\"product:availability\" content=\"instock\" \/>\n<meta property=\"product:retailer_item_id\" content=\"33399\" \/>\n<meta property=\"product:condition\" content=\"new\" \/>\n<!-- \/ Yoast SEO plugin. -->","yoast_head_json":{"title":"Plier stapler JK20T779L22","robots":{"index":"index","follow":"follow","max-snippet":"max-snippet:-1","max-image-preview":"max-image-preview:large","max-video-preview":"max-video-preview:-1"},"canonical":"https:\/\/kihlberg.com\/fi\/koneet\/33399\/","og_locale":"fi_FI","og_type":"article","og_title":"Plier stapler JK20T779L22","og_description":"JK20T779L22 on ruotsalaisvalmisteinen ammattilaisten ty\u00f6kalu, joka on painoltaan kevyt, tasapainoinen ja t\u00e4rin\u00e4lt\u00e4\u00e4n alhainen. Siin\u00e4 on pneumaattinen ohjausj\u00e4rjestelm\u00e4, joka mahdollistaa nopean ja tehokkaan nidonnan. Alasimen rakenteen ansiosta kartonkia on mahdollista k\u00e4sitell\u00e4 varoen. Ty\u00f6kalu on tarkoitettu ensisijaisesti pakkausten, kassien ja erilaisten levyjen nidontaan.","og_url":"https:\/\/kihlberg.com\/fi\/koneet\/33399\/","og_site_name":"Josef kihlberg","article_modified_time":"2022-05-31T20:04:22+00:00","og_image":[{"width":720,"height":720,"url":"https:\/\/kihlberg.com\/wp-content\/uploads\/2018\/09\/033399_JK20T779L22_produktbild-min.png","type":"image\/png"}],"twitter_card":"summary_large_image","twitter_misc":{"Hinta":"&euro;809","Saatavuus":"Varastossa"},"schema":{"@context":"https:\/\/schema.org","@graph":[{"@type":"WebPage","@id":"https:\/\/kihlberg.com\/fi\/koneet\/33399\/","url":"https:\/\/kihlberg.com\/fi\/koneet\/33399\/","name":"Plier stapler JK20T779L22","isPartOf":{"@id":"https:\/\/kihlberg.com\/fi\/#website"},"primaryImageOfPage":{"@id":"https:\/\/kihlberg.com\/fi\/koneet\/33399\/#primaryimage"},"image":{"@id":"https:\/\/kihlberg.com\/fi\/koneet\/33399\/#primaryimage"},"thumbnailUrl":"https:\/\/kihlberg.com\/wp-content\/uploads\/2018\/09\/033399_JK20T779L22_produktbild-min.png","datePublished":"2018-09-21T10:32:05+00:00","dateModified":"2022-05-31T20:04:22+00:00","breadcrumb":{"@id":"https:\/\/kihlberg.com\/fi\/koneet\/33399\/#breadcrumb"},"inLanguage":"fi","potentialAction":[{"@type":"ReadAction","target":["https:\/\/kihlberg.com\/fi\/koneet\/33399\/"]}]},{"@type":"ImageObject","inLanguage":"fi","@id":"https:\/\/kihlberg.com\/fi\/koneet\/33399\/#primaryimage","url":"https:\/\/kihlberg.com\/wp-content\/uploads\/2018\/09\/033399_JK20T779L22_produktbild-min.png","contentUrl":"https:\/\/kihlberg.com\/wp-content\/uploads\/2018\/09\/033399_JK20T779L22_produktbild-min.png","width":720,"height":720},{"@type":"BreadcrumbList","@id":"https:\/\/kihlberg.com\/fi\/koneet\/33399\/#breadcrumb","itemListElement":[{"@type":"ListItem","position":1,"name":"Home","item":"https:\/\/kihlberg.com\/fi\/"},{"@type":"ListItem","position":2,"name":"Shop","item":"https:\/\/kihlberg.com\/shop\/"},{"@type":"ListItem","position":3,"name":"Koneet","item":"https:\/\/kihlberg.com\/fi\/koneet\/"},{"@type":"ListItem","position":4,"name":"Application","item":"https:\/\/kihlberg.com\/fi\/koneet\/application-fi\/"},{"@type":"ListItem","position":5,"name":"Kuljetuspakkaukset","item":"https:\/\/kihlberg.com\/fi\/koneet\/application-fi\/kuljetuspakkaukset\/"},{"@type":"ListItem","position":6,"name":"Nitomaphiti JK20T779L22"}]},{"@type":"WebSite","@id":"https:\/\/kihlberg.com\/fi\/#website","url":"https:\/\/kihlberg.com\/fi\/","name":"Josef kihlberg","description":"Made in Sweden. System manufacturer of premium staples &amp; tools that sets the standard. Legendary.","publisher":{"@id":"https:\/\/kihlberg.com\/fi\/#organization"},"potentialAction":[{"@type":"SearchAction","target":{"@type":"EntryPoint","urlTemplate":"https:\/\/kihlberg.com\/fi\/?s={search_term_string}"},"query-input":{"@type":"PropertyValueSpecification","valueRequired":true,"valueName":"search_term_string"}}],"inLanguage":"fi"},{"@type":"Organization","@id":"https:\/\/kihlberg.com\/fi\/#organization","name":"Josef Kihlberg","url":"https:\/\/kihlberg.com\/fi\/","logo":{"@type":"ImageObject","inLanguage":"fi","@id":"https:\/\/kihlberg.com\/fi\/#\/schema\/logo\/image\/","url":"https:\/\/kihlberg.com\/wp-content\/uploads\/2019\/01\/logo.jpg","contentUrl":"https:\/\/kihlberg.com\/wp-content\/uploads\/2019\/01\/logo.jpg","width":850,"height":850,"caption":"Josef Kihlberg"},"image":{"@id":"https:\/\/kihlberg.com\/fi\/#\/schema\/logo\/image\/"}}]},"product_price_amount":"809","product_price_currency":"EUR","og_availability":"instock","product_availability":"instock","product_retailer_item_id":"33399","product_condition":"new"},"_links":{"self":[{"href":"https:\/\/kihlberg.com\/fi\/wp-json\/wp\/v2\/product\/94403","targetHints":{"allow":["GET"]}}],"collection":[{"href":"https:\/\/kihlberg.com\/fi\/wp-json\/wp\/v2\/product"}],"about":[{"href":"https:\/\/kihlberg.com\/fi\/wp-json\/wp\/v2\/types\/product"}],"wp:featuredmedia":[{"embeddable":true,"href":"https:\/\/kihlberg.com\/fi\/wp-json\/wp\/v2\/media\/94405"}],"wp:attachment":[{"href":"https:\/\/kihlberg.com\/fi\/wp-json\/wp\/v2\/media?parent=94403"}],"wp:term":[{"taxonomy":"product_brand","embeddable":true,"href":"https:\/\/kihlberg.com\/fi\/wp-json\/wp\/v2\/product_brand?post=94403"},{"taxonomy":"product_cat","embeddable":true,"href":"https:\/\/kihlberg.com\/fi\/wp-json\/wp\/v2\/product_cat?post=94403"}],"curies":[{"name":"wp","href":"https:\/\/api.w.org\/{rel}","templated":true}]}}