{"id":94430,"date":"2018-09-21T10:31:05","date_gmt":"2018-09-21T10:31:05","guid":{"rendered":"https:\/\/kihlberg.com\/product\/125101\/"},"modified":"2019-09-07T05:48:33","modified_gmt":"2019-09-07T05:48:33","slug":"125101","status":"publish","type":"product","link":"https:\/\/kihlberg.com\/fi\/koneet\/125101\/","title":{"rendered":"Kansinitoja a.560PN"},"content":{"rendered":"","protected":false},"excerpt":{"rendered":"<p>Ruotsalaisvalmisteinen manuaalinen kansinitoja ammattik\u00e4ytt\u00f6\u00f6n. Ty\u00f6kalussa on teknisest\u00e4 muovista valmistetut kansisuojukset, joten ty\u00f6kalu on painoltaan kevyt; kulutusosat on valmistettu metallista. a.561M22-nitojassa k\u00e4ytet\u00e4\u00e4n JK560-22-hakasia. Ty\u00f6kalua on helppo s\u00e4\u00e4t\u00e4\u00e4 eri nidontasyvyyksille ja sill\u00e4 on tarkka (toistettava) nidonta ja t\u00e4ysi nidontakierto. Se on tasapainoinen, siin\u00e4 on mukava k\u00e4densija sek\u00e4 s\u00e4\u00e4dett\u00e4v\u00e4 nidontasyvyys minimaalisella huoltotarpeella. Kansinitojan hakaset mahdollistavat turvallisen ja samanaikaisesti siistin sulkemisen v\u00e4hent\u00e4en varkauksien riski\u00e4. Saat varman sulkemismenetelm\u00e4n parhaalla lopputuloksella.<\/p>\n","protected":false},"featured_media":94425,"template":"","meta":{"_acf_changed":false,"_genesis_hide_title":false,"_genesis_hide_breadcrumbs":false,"_genesis_hide_singular_image":false,"_genesis_hide_footer_widgets":false,"_genesis_custom_body_class":"","_genesis_custom_post_class":"","_genesis_layout":""},"product_brand":[],"product_cat":[1720,1725,1719,1715],"class_list":{"0":"post-94430","1":"product","2":"type-product","3":"status-publish","4":"has-post-thumbnail","6":"product_cat-kansinidonta","7":"product_cat-koneet","8":"product_cat-kuljetuspakkaukset","9":"product_cat-pakkaaminen","10":"pa_leg-length-404-fi","11":"pa_lubrication-joo","12":"pa_magazine-capacity-100-fi-2","13":"pa_max-pressure-8-fi-2","14":"pa_staple-leg-length-15-18-mm-5-8-3-4-in-fi-2","15":"entry","17":"first","18":"instock","19":"taxable","20":"shipping-taxable","21":"purchasable","22":"product-type-simple"},"acf":[],"yoast_head":"<!-- This site is optimized with the Yoast SEO plugin v26.1.1 - https:\/\/yoast.com\/wordpress\/plugins\/seo\/ -->\n<title>Top stapler a.560PN<\/title>\n<meta name=\"description\" content=\"a.560PN | Made in Sweden | Tool of the highest quality for carton closing. Provides a secure and professional seal. Discover more!\" \/>\n<meta name=\"robots\" content=\"index, follow, max-snippet:-1, max-image-preview:large, max-video-preview:-1\" \/>\n<link rel=\"canonical\" href=\"https:\/\/kihlberg.com\/fi\/koneet\/125101\/\" \/>\n<meta property=\"og:locale\" content=\"fi_FI\" \/>\n<meta property=\"og:type\" content=\"article\" \/>\n<meta property=\"og:title\" content=\"Top stapler a.560PN\" \/>\n<meta property=\"og:description\" content=\"a.560PN | Made in Sweden | Tool of the highest quality for carton closing. Provides a secure and professional seal. Discover more!\" \/>\n<meta property=\"og:url\" content=\"https:\/\/kihlberg.com\/fi\/koneet\/125101\/\" \/>\n<meta property=\"og:site_name\" content=\"Josef kihlberg\" \/>\n<meta property=\"article:modified_time\" content=\"2019-09-07T05:48:33+00:00\" \/>\n<meta property=\"og:image\" content=\"https:\/\/kihlberg.com\/wp-content\/uploads\/2018\/09\/top-stapler-560-561-1.jpg\" \/>\n\t<meta property=\"og:image:width\" content=\"720\" \/>\n\t<meta property=\"og:image:height\" content=\"720\" \/>\n\t<meta property=\"og:image:type\" content=\"image\/jpeg\" \/>\n<meta name=\"twitter:card\" content=\"summary_large_image\" \/>\n<meta name=\"twitter:label1\" content=\"Hinta\" \/>\n\t<meta name=\"twitter:data1\" content=\"&euro;560\" \/>\n\t<meta name=\"twitter:label2\" content=\"Saatavuus\" \/>\n\t<meta name=\"twitter:data2\" content=\"Varastossa\" \/>\n<script type=\"application\/ld+json\" class=\"yoast-schema-graph\">{\"@context\":\"https:\/\/schema.org\",\"@graph\":[{\"@type\":\"WebPage\",\"@id\":\"https:\/\/kihlberg.com\/fi\/koneet\/125101\/\",\"url\":\"https:\/\/kihlberg.com\/fi\/koneet\/125101\/\",\"name\":\"Top stapler a.560PN\",\"isPartOf\":{\"@id\":\"https:\/\/kihlberg.com\/fi\/#website\"},\"primaryImageOfPage\":{\"@id\":\"https:\/\/kihlberg.com\/fi\/koneet\/125101\/#primaryimage\"},\"image\":{\"@id\":\"https:\/\/kihlberg.com\/fi\/koneet\/125101\/#primaryimage\"},\"thumbnailUrl\":\"https:\/\/kihlberg.com\/wp-content\/uploads\/2018\/09\/top-stapler-560-561-1.jpg\",\"datePublished\":\"2018-09-21T10:31:05+00:00\",\"dateModified\":\"2019-09-07T05:48:33+00:00\",\"description\":\"a.560PN | Made in Sweden | Tool of the highest quality for carton closing. Provides a secure and professional seal. Discover more!\",\"breadcrumb\":{\"@id\":\"https:\/\/kihlberg.com\/fi\/koneet\/125101\/#breadcrumb\"},\"inLanguage\":\"fi\",\"potentialAction\":[{\"@type\":\"ReadAction\",\"target\":[\"https:\/\/kihlberg.com\/fi\/koneet\/125101\/\"]}]},{\"@type\":\"ImageObject\",\"inLanguage\":\"fi\",\"@id\":\"https:\/\/kihlberg.com\/fi\/koneet\/125101\/#primaryimage\",\"url\":\"https:\/\/kihlberg.com\/wp-content\/uploads\/2018\/09\/top-stapler-560-561-1.jpg\",\"contentUrl\":\"https:\/\/kihlberg.com\/wp-content\/uploads\/2018\/09\/top-stapler-560-561-1.jpg\",\"width\":720,\"height\":720},{\"@type\":\"BreadcrumbList\",\"@id\":\"https:\/\/kihlberg.com\/fi\/koneet\/125101\/#breadcrumb\",\"itemListElement\":[{\"@type\":\"ListItem\",\"position\":1,\"name\":\"Home\",\"item\":\"https:\/\/kihlberg.com\/fi\/\"},{\"@type\":\"ListItem\",\"position\":2,\"name\":\"Shop\",\"item\":\"https:\/\/kihlberg.com\/shop\/\"},{\"@type\":\"ListItem\",\"position\":3,\"name\":\"Koneet\",\"item\":\"https:\/\/kihlberg.com\/fi\/koneet\/\"},{\"@type\":\"ListItem\",\"position\":4,\"name\":\"Application\",\"item\":\"https:\/\/kihlberg.com\/fi\/koneet\/application-fi\/\"},{\"@type\":\"ListItem\",\"position\":5,\"name\":\"Kansinidonta\",\"item\":\"https:\/\/kihlberg.com\/fi\/koneet\/application-fi\/kansinidonta\/\"},{\"@type\":\"ListItem\",\"position\":6,\"name\":\"Kansinitoja a.560PN\"}]},{\"@type\":\"WebSite\",\"@id\":\"https:\/\/kihlberg.com\/fi\/#website\",\"url\":\"https:\/\/kihlberg.com\/fi\/\",\"name\":\"Josef kihlberg\",\"description\":\"Made in Sweden. System manufacturer of premium staples &amp; tools that sets the standard. Legendary.\",\"publisher\":{\"@id\":\"https:\/\/kihlberg.com\/fi\/#organization\"},\"potentialAction\":[{\"@type\":\"SearchAction\",\"target\":{\"@type\":\"EntryPoint\",\"urlTemplate\":\"https:\/\/kihlberg.com\/fi\/?s={search_term_string}\"},\"query-input\":{\"@type\":\"PropertyValueSpecification\",\"valueRequired\":true,\"valueName\":\"search_term_string\"}}],\"inLanguage\":\"fi\"},{\"@type\":\"Organization\",\"@id\":\"https:\/\/kihlberg.com\/fi\/#organization\",\"name\":\"Josef Kihlberg\",\"url\":\"https:\/\/kihlberg.com\/fi\/\",\"logo\":{\"@type\":\"ImageObject\",\"inLanguage\":\"fi\",\"@id\":\"https:\/\/kihlberg.com\/fi\/#\/schema\/logo\/image\/\",\"url\":\"https:\/\/kihlberg.com\/wp-content\/uploads\/2019\/01\/logo.jpg\",\"contentUrl\":\"https:\/\/kihlberg.com\/wp-content\/uploads\/2019\/01\/logo.jpg\",\"width\":850,\"height\":850,\"caption\":\"Josef Kihlberg\"},\"image\":{\"@id\":\"https:\/\/kihlberg.com\/fi\/#\/schema\/logo\/image\/\"}}]}<\/script>\n<meta property=\"product:price:amount\" content=\"560\" \/>\n<meta property=\"product:price:currency\" content=\"EUR\" \/>\n<meta property=\"og:availability\" content=\"instock\" \/>\n<meta property=\"product:availability\" content=\"instock\" \/>\n<meta property=\"product:retailer_item_id\" content=\"125101\" \/>\n<meta property=\"product:condition\" content=\"new\" \/>\n<!-- \/ Yoast SEO plugin. -->","yoast_head_json":{"title":"Top stapler a.560PN","description":"a.560PN | Made in Sweden | Tool of the highest quality for carton closing. Provides a secure and professional seal. Discover more!","robots":{"index":"index","follow":"follow","max-snippet":"max-snippet:-1","max-image-preview":"max-image-preview:large","max-video-preview":"max-video-preview:-1"},"canonical":"https:\/\/kihlberg.com\/fi\/koneet\/125101\/","og_locale":"fi_FI","og_type":"article","og_title":"Top stapler a.560PN","og_description":"a.560PN | Made in Sweden | Tool of the highest quality for carton closing. Provides a secure and professional seal. Discover more!","og_url":"https:\/\/kihlberg.com\/fi\/koneet\/125101\/","og_site_name":"Josef kihlberg","article_modified_time":"2019-09-07T05:48:33+00:00","og_image":[{"width":720,"height":720,"url":"https:\/\/kihlberg.com\/wp-content\/uploads\/2018\/09\/top-stapler-560-561-1.jpg","type":"image\/jpeg"}],"twitter_card":"summary_large_image","twitter_misc":{"Hinta":"&euro;560","Saatavuus":"Varastossa"},"schema":{"@context":"https:\/\/schema.org","@graph":[{"@type":"WebPage","@id":"https:\/\/kihlberg.com\/fi\/koneet\/125101\/","url":"https:\/\/kihlberg.com\/fi\/koneet\/125101\/","name":"Top stapler a.560PN","isPartOf":{"@id":"https:\/\/kihlberg.com\/fi\/#website"},"primaryImageOfPage":{"@id":"https:\/\/kihlberg.com\/fi\/koneet\/125101\/#primaryimage"},"image":{"@id":"https:\/\/kihlberg.com\/fi\/koneet\/125101\/#primaryimage"},"thumbnailUrl":"https:\/\/kihlberg.com\/wp-content\/uploads\/2018\/09\/top-stapler-560-561-1.jpg","datePublished":"2018-09-21T10:31:05+00:00","dateModified":"2019-09-07T05:48:33+00:00","description":"a.560PN | Made in Sweden | Tool of the highest quality for carton closing. Provides a secure and professional seal. Discover more!","breadcrumb":{"@id":"https:\/\/kihlberg.com\/fi\/koneet\/125101\/#breadcrumb"},"inLanguage":"fi","potentialAction":[{"@type":"ReadAction","target":["https:\/\/kihlberg.com\/fi\/koneet\/125101\/"]}]},{"@type":"ImageObject","inLanguage":"fi","@id":"https:\/\/kihlberg.com\/fi\/koneet\/125101\/#primaryimage","url":"https:\/\/kihlberg.com\/wp-content\/uploads\/2018\/09\/top-stapler-560-561-1.jpg","contentUrl":"https:\/\/kihlberg.com\/wp-content\/uploads\/2018\/09\/top-stapler-560-561-1.jpg","width":720,"height":720},{"@type":"BreadcrumbList","@id":"https:\/\/kihlberg.com\/fi\/koneet\/125101\/#breadcrumb","itemListElement":[{"@type":"ListItem","position":1,"name":"Home","item":"https:\/\/kihlberg.com\/fi\/"},{"@type":"ListItem","position":2,"name":"Shop","item":"https:\/\/kihlberg.com\/shop\/"},{"@type":"ListItem","position":3,"name":"Koneet","item":"https:\/\/kihlberg.com\/fi\/koneet\/"},{"@type":"ListItem","position":4,"name":"Application","item":"https:\/\/kihlberg.com\/fi\/koneet\/application-fi\/"},{"@type":"ListItem","position":5,"name":"Kansinidonta","item":"https:\/\/kihlberg.com\/fi\/koneet\/application-fi\/kansinidonta\/"},{"@type":"ListItem","position":6,"name":"Kansinitoja a.560PN"}]},{"@type":"WebSite","@id":"https:\/\/kihlberg.com\/fi\/#website","url":"https:\/\/kihlberg.com\/fi\/","name":"Josef kihlberg","description":"Made in Sweden. System manufacturer of premium staples &amp; tools that sets the standard. Legendary.","publisher":{"@id":"https:\/\/kihlberg.com\/fi\/#organization"},"potentialAction":[{"@type":"SearchAction","target":{"@type":"EntryPoint","urlTemplate":"https:\/\/kihlberg.com\/fi\/?s={search_term_string}"},"query-input":{"@type":"PropertyValueSpecification","valueRequired":true,"valueName":"search_term_string"}}],"inLanguage":"fi"},{"@type":"Organization","@id":"https:\/\/kihlberg.com\/fi\/#organization","name":"Josef Kihlberg","url":"https:\/\/kihlberg.com\/fi\/","logo":{"@type":"ImageObject","inLanguage":"fi","@id":"https:\/\/kihlberg.com\/fi\/#\/schema\/logo\/image\/","url":"https:\/\/kihlberg.com\/wp-content\/uploads\/2019\/01\/logo.jpg","contentUrl":"https:\/\/kihlberg.com\/wp-content\/uploads\/2019\/01\/logo.jpg","width":850,"height":850,"caption":"Josef Kihlberg"},"image":{"@id":"https:\/\/kihlberg.com\/fi\/#\/schema\/logo\/image\/"}}]},"product_price_amount":"560","product_price_currency":"EUR","og_availability":"instock","product_availability":"instock","product_retailer_item_id":"125101","product_condition":"new"},"_links":{"self":[{"href":"https:\/\/kihlberg.com\/fi\/wp-json\/wp\/v2\/product\/94430","targetHints":{"allow":["GET"]}}],"collection":[{"href":"https:\/\/kihlberg.com\/fi\/wp-json\/wp\/v2\/product"}],"about":[{"href":"https:\/\/kihlberg.com\/fi\/wp-json\/wp\/v2\/types\/product"}],"wp:featuredmedia":[{"embeddable":true,"href":"https:\/\/kihlberg.com\/fi\/wp-json\/wp\/v2\/media\/94425"}],"wp:attachment":[{"href":"https:\/\/kihlberg.com\/fi\/wp-json\/wp\/v2\/media?parent=94430"}],"wp:term":[{"taxonomy":"product_brand","embeddable":true,"href":"https:\/\/kihlberg.com\/fi\/wp-json\/wp\/v2\/product_brand?post=94430"},{"taxonomy":"product_cat","embeddable":true,"href":"https:\/\/kihlberg.com\/fi\/wp-json\/wp\/v2\/product_cat?post=94430"}],"curies":[{"name":"wp","href":"https:\/\/api.w.org\/{rel}","templated":true}]}}