{"id":98509,"date":"2018-10-31T07:58:35","date_gmt":"2018-10-31T07:58:35","guid":{"rendered":"https:\/\/kihlberg.com\/service-warranty\/"},"modified":"2019-05-09T05:39:28","modified_gmt":"2019-05-09T05:39:28","slug":"service-vente","status":"publish","type":"page","link":"https:\/\/kihlberg.com\/fr\/service-vente\/","title":{"rendered":"Service apr\u00e8s-vente"},"content":{"rendered":"\n<p>Josef Kihlberg AB<br>A l&#8217;attention du service apr\u00e8s-vente<br>Industrigatan 37B<br>SE-544 50 HJO<br>SU\u00c8DE<\/p>\n\n\n\n<p>Service Clients<br>T\u00e9l. +46 503 328 13<\/p>\n\n\n\n<p>Pour le service apr\u00e8s-vente des outils, veuillez contacter notre service clients ou un des distributeurs ayant un atelier de service apr\u00e8s-vente. Joignez toujours une description de la panne et vos coordonn\u00e9es lors de l\u2019envoi de l\u2019outil d\u00e9fectueux. Cela nous aidera \u00e0 faire le bon diagnostic et \u00e0 d\u00e9cider si nous avons besoin de vous contacter. Si le co\u00fbt de r\u00e9paration d\u00e9passe la moiti\u00e9 du prix initial, nous vous contacterons pour discuter des options possibles.<\/p>\n\n\n\n<p><strong>Garantie de service<\/strong><br>Tout service effectu\u00e9 est couvert par une garantie de trois mois.<\/p>\n\n\n\n<p><strong>Pi\u00e8ces de rechange<\/strong><br>Vous avez besoin de pi\u00e8ces de rechange? Rendez-vous dans notre magasin de pi\u00e8ces de rechange dans lequel vous pourrez commander facilement des pi\u00e8ces ou bien identifier le num\u00e9ro d\u2019article des pi\u00e8ces. Si vous pr\u00e9f\u00e9rez une version papier, vous pouvez la t\u00e9l\u00e9charger \u00e0 partir de notre site Web pour l\u2019outil correspondant.<\/p>\n\n\n\n<h2 class=\"wp-block-heading\"><strong>Garantie du produit<\/strong><\/h2>\n\n\n\n<p>Josef Kihlberg garantit que les outils sont exempts de d\u00e9fauts lors de la livraison et dans les 12 mois qui suivent, \u00e0 condition que l\u2019achat ait \u00e9t\u00e9 effectu\u00e9 chez Josef Kihlberg ou aupr\u00e8s d\u2019un distributeur Josef Kihlberg autoris\u00e9.<\/p>\n\n\n\n<p>La garantie couvre le mat\u00e9riel et\/ou la main d\u2019\u0153uvre. Les pi\u00e8ces mobiles et les pi\u00e8ces d\u2019usure telles que des pistons, unit\u00e9s du conducteur ou composants d\u2019alimentation ne sont pas comprises dans la garantie si le remplacement est n\u00e9cessaire du fait de l\u2019usure, etc.<\/p>\n\n\n\n<p>La garantie devient caduque si l\u2019outil a \u00e9t\u00e9 converti ou modifi\u00e9 de quelque fa\u00e7on que ce soit par un tiers autre que Josef Kihlberg, y compris les dommages caus\u00e9s par des accidents, une mauvaise installation ou une mauvaise manipulation.<\/p>\n\n\n\n<p>Tous les \u00e9carts et les \u00e9v\u00e9nements qui peuvent \u00eatre li\u00e9s au fait que les instructions de fonctionnement n\u2019aient pas \u00e9t\u00e9 respect\u00e9es sont \u00e9galement exclus de l\u2019engagement de notre garantie.<\/p>\n\n\n\n<p>Josef Kihlberg ne peut \u00eatre tenu financi\u00e8rement responsable des pertes de ses clients, des pertes en termes d\u2019\u00e9pargne financi\u00e8re, des dommages ou d\u2019autres compensations financi\u00e8res.<\/p>\n\n\n\n<p><strong>Outil de cerclage en acier JK1219\u00a0\u2013 Garantie 3 ans<\/strong><br>Nous savons que des milliers d\u2019outils JK1219 fonctionnent parfaitement ann\u00e9e apr\u00e8s ann\u00e9e. N\u00e9anmoins, de nombreux utilisateurs veulent avoir une garantie suppl\u00e9mentaire de s\u00e9curit\u00e9.<\/p>\n\n\n\n<p>Pour cette raison, nous offrons une garantie de 3 ans sur nos outils de cerclage en acier. Pour plus d\u2019informations, veuillez nous contacter ou bien contacter un de nos distributeurs.<\/p>\n","protected":false},"excerpt":{"rendered":"<p>Josef Kihlberg ABA l&#8217;attention du service apr\u00e8s-venteIndustrigatan 37BSE-544 50 HJOSU\u00c8DE Service ClientsT\u00e9l. +46 503 328 13 Pour le service apr\u00e8s-vente des outils, veuillez contacter notre service clients ou un des distributeurs ayant un atelier de service apr\u00e8s-vente. Joignez toujours une description de la panne et vos coordonn\u00e9es lors de l\u2019envoi de l\u2019outil d\u00e9fectueux. Cela nous [&hellip;]<\/p>\n","protected":false},"author":1,"featured_media":0,"parent":0,"menu_order":0,"comment_status":"closed","ping_status":"closed","template":"","meta":{"_acf_changed":false,"_genesis_hide_title":false,"_genesis_hide_breadcrumbs":false,"_genesis_hide_singular_image":false,"_genesis_hide_footer_widgets":false,"_genesis_custom_body_class":"","_genesis_custom_post_class":"","_genesis_layout":"","footnotes":""},"class_list":{"0":"post-98509","1":"page","2":"type-page","3":"status-publish","5":"entry"},"acf":[],"yoast_head":"<!-- This site is optimized with the Yoast SEO plugin v26.1.1 - https:\/\/yoast.com\/wordpress\/plugins\/seo\/ -->\n<title>Service apr\u00e8s-vente &#8226; Josef kihlberg<\/title>\n<meta name=\"robots\" content=\"index, follow, max-snippet:-1, max-image-preview:large, max-video-preview:-1\" \/>\n<link rel=\"canonical\" href=\"https:\/\/kihlberg.com\/fr\/service-vente\/\" \/>\n<meta property=\"og:locale\" content=\"fr_FR\" \/>\n<meta property=\"og:type\" content=\"article\" \/>\n<meta property=\"og:title\" content=\"Service apr\u00e8s-vente &#8226; Josef kihlberg\" \/>\n<meta property=\"og:description\" content=\"Josef Kihlberg ABA l&#8217;attention du service apr\u00e8s-venteIndustrigatan 37BSE-544 50 HJOSU\u00c8DE Service ClientsT\u00e9l. +46 503 328 13 Pour le service apr\u00e8s-vente des outils, veuillez contacter notre service clients ou un des distributeurs ayant un atelier de service apr\u00e8s-vente. Joignez toujours une description de la panne et vos coordonn\u00e9es lors de l\u2019envoi de l\u2019outil d\u00e9fectueux. Cela nous [&hellip;]\" \/>\n<meta property=\"og:url\" content=\"https:\/\/kihlberg.com\/fr\/service-vente\/\" \/>\n<meta property=\"og:site_name\" content=\"Josef kihlberg\" \/>\n<meta property=\"article:modified_time\" content=\"2019-05-09T05:39:28+00:00\" \/>\n<meta property=\"og:image\" content=\"https:\/\/kihlberg.com\/wp-content\/uploads\/2019\/01\/logo.jpg\" \/>\n\t<meta property=\"og:image:width\" content=\"850\" \/>\n\t<meta property=\"og:image:height\" content=\"850\" \/>\n\t<meta property=\"og:image:type\" content=\"image\/jpeg\" \/>\n<meta name=\"twitter:card\" content=\"summary_large_image\" \/>\n<meta name=\"twitter:label1\" content=\"Est. reading time\" \/>\n\t<meta name=\"twitter:data1\" content=\"2 minutes\" \/>\n<script type=\"application\/ld+json\" class=\"yoast-schema-graph\">{\"@context\":\"https:\/\/schema.org\",\"@graph\":[{\"@type\":\"WebPage\",\"@id\":\"https:\/\/kihlberg.com\/fr\/service-vente\/\",\"url\":\"https:\/\/kihlberg.com\/fr\/service-vente\/\",\"name\":\"Service apr\u00e8s-vente &#8226; Josef kihlberg\",\"isPartOf\":{\"@id\":\"https:\/\/kihlberg.com\/fr\/#website\"},\"datePublished\":\"2018-10-31T07:58:35+00:00\",\"dateModified\":\"2019-05-09T05:39:28+00:00\",\"breadcrumb\":{\"@id\":\"https:\/\/kihlberg.com\/fr\/service-vente\/#breadcrumb\"},\"inLanguage\":\"fr\",\"potentialAction\":[{\"@type\":\"ReadAction\",\"target\":[\"https:\/\/kihlberg.com\/fr\/service-vente\/\"]}]},{\"@type\":\"BreadcrumbList\",\"@id\":\"https:\/\/kihlberg.com\/fr\/service-vente\/#breadcrumb\",\"itemListElement\":[{\"@type\":\"ListItem\",\"position\":1,\"name\":\"Home\",\"item\":\"https:\/\/kihlberg.com\/fr\/\"},{\"@type\":\"ListItem\",\"position\":2,\"name\":\"Service apr\u00e8s-vente\"}]},{\"@type\":\"WebSite\",\"@id\":\"https:\/\/kihlberg.com\/fr\/#website\",\"url\":\"https:\/\/kihlberg.com\/fr\/\",\"name\":\"Josef kihlberg\",\"description\":\"Made in Sweden. System manufacturer of premium staples &amp; tools that sets the standard. Legendary.\",\"publisher\":{\"@id\":\"https:\/\/kihlberg.com\/fr\/#organization\"},\"potentialAction\":[{\"@type\":\"SearchAction\",\"target\":{\"@type\":\"EntryPoint\",\"urlTemplate\":\"https:\/\/kihlberg.com\/fr\/?s={search_term_string}\"},\"query-input\":{\"@type\":\"PropertyValueSpecification\",\"valueRequired\":true,\"valueName\":\"search_term_string\"}}],\"inLanguage\":\"fr\"},{\"@type\":\"Organization\",\"@id\":\"https:\/\/kihlberg.com\/fr\/#organization\",\"name\":\"Josef Kihlberg\",\"url\":\"https:\/\/kihlberg.com\/fr\/\",\"logo\":{\"@type\":\"ImageObject\",\"inLanguage\":\"fr\",\"@id\":\"https:\/\/kihlberg.com\/fr\/#\/schema\/logo\/image\/\",\"url\":\"https:\/\/kihlberg.com\/wp-content\/uploads\/2019\/01\/logo.jpg\",\"contentUrl\":\"https:\/\/kihlberg.com\/wp-content\/uploads\/2019\/01\/logo.jpg\",\"width\":850,\"height\":850,\"caption\":\"Josef Kihlberg\"},\"image\":{\"@id\":\"https:\/\/kihlberg.com\/fr\/#\/schema\/logo\/image\/\"}}]}<\/script>\n<!-- \/ Yoast SEO plugin. -->","yoast_head_json":{"title":"Service apr\u00e8s-vente &#8226; Josef kihlberg","robots":{"index":"index","follow":"follow","max-snippet":"max-snippet:-1","max-image-preview":"max-image-preview:large","max-video-preview":"max-video-preview:-1"},"canonical":"https:\/\/kihlberg.com\/fr\/service-vente\/","og_locale":"fr_FR","og_type":"article","og_title":"Service apr\u00e8s-vente &#8226; Josef kihlberg","og_description":"Josef Kihlberg ABA l&#8217;attention du service apr\u00e8s-venteIndustrigatan 37BSE-544 50 HJOSU\u00c8DE Service ClientsT\u00e9l. +46 503 328 13 Pour le service apr\u00e8s-vente des outils, veuillez contacter notre service clients ou un des distributeurs ayant un atelier de service apr\u00e8s-vente. Joignez toujours une description de la panne et vos coordonn\u00e9es lors de l\u2019envoi de l\u2019outil d\u00e9fectueux. Cela nous [&hellip;]","og_url":"https:\/\/kihlberg.com\/fr\/service-vente\/","og_site_name":"Josef kihlberg","article_modified_time":"2019-05-09T05:39:28+00:00","og_image":[{"width":850,"height":850,"url":"https:\/\/kihlberg.com\/wp-content\/uploads\/2019\/01\/logo.jpg","type":"image\/jpeg"}],"twitter_card":"summary_large_image","twitter_misc":{"Est. reading time":"2 minutes"},"schema":{"@context":"https:\/\/schema.org","@graph":[{"@type":"WebPage","@id":"https:\/\/kihlberg.com\/fr\/service-vente\/","url":"https:\/\/kihlberg.com\/fr\/service-vente\/","name":"Service apr\u00e8s-vente &#8226; Josef kihlberg","isPartOf":{"@id":"https:\/\/kihlberg.com\/fr\/#website"},"datePublished":"2018-10-31T07:58:35+00:00","dateModified":"2019-05-09T05:39:28+00:00","breadcrumb":{"@id":"https:\/\/kihlberg.com\/fr\/service-vente\/#breadcrumb"},"inLanguage":"fr","potentialAction":[{"@type":"ReadAction","target":["https:\/\/kihlberg.com\/fr\/service-vente\/"]}]},{"@type":"BreadcrumbList","@id":"https:\/\/kihlberg.com\/fr\/service-vente\/#breadcrumb","itemListElement":[{"@type":"ListItem","position":1,"name":"Home","item":"https:\/\/kihlberg.com\/fr\/"},{"@type":"ListItem","position":2,"name":"Service apr\u00e8s-vente"}]},{"@type":"WebSite","@id":"https:\/\/kihlberg.com\/fr\/#website","url":"https:\/\/kihlberg.com\/fr\/","name":"Josef kihlberg","description":"Made in Sweden. System manufacturer of premium staples &amp; tools that sets the standard. Legendary.","publisher":{"@id":"https:\/\/kihlberg.com\/fr\/#organization"},"potentialAction":[{"@type":"SearchAction","target":{"@type":"EntryPoint","urlTemplate":"https:\/\/kihlberg.com\/fr\/?s={search_term_string}"},"query-input":{"@type":"PropertyValueSpecification","valueRequired":true,"valueName":"search_term_string"}}],"inLanguage":"fr"},{"@type":"Organization","@id":"https:\/\/kihlberg.com\/fr\/#organization","name":"Josef Kihlberg","url":"https:\/\/kihlberg.com\/fr\/","logo":{"@type":"ImageObject","inLanguage":"fr","@id":"https:\/\/kihlberg.com\/fr\/#\/schema\/logo\/image\/","url":"https:\/\/kihlberg.com\/wp-content\/uploads\/2019\/01\/logo.jpg","contentUrl":"https:\/\/kihlberg.com\/wp-content\/uploads\/2019\/01\/logo.jpg","width":850,"height":850,"caption":"Josef Kihlberg"},"image":{"@id":"https:\/\/kihlberg.com\/fr\/#\/schema\/logo\/image\/"}}]}},"_links":{"self":[{"href":"https:\/\/kihlberg.com\/fr\/wp-json\/wp\/v2\/pages\/98509","targetHints":{"allow":["GET"]}}],"collection":[{"href":"https:\/\/kihlberg.com\/fr\/wp-json\/wp\/v2\/pages"}],"about":[{"href":"https:\/\/kihlberg.com\/fr\/wp-json\/wp\/v2\/types\/page"}],"author":[{"embeddable":true,"href":"https:\/\/kihlberg.com\/fr\/wp-json\/wp\/v2\/users\/1"}],"replies":[{"embeddable":true,"href":"https:\/\/kihlberg.com\/fr\/wp-json\/wp\/v2\/comments?post=98509"}],"version-history":[{"count":0,"href":"https:\/\/kihlberg.com\/fr\/wp-json\/wp\/v2\/pages\/98509\/revisions"}],"wp:attachment":[{"href":"https:\/\/kihlberg.com\/fr\/wp-json\/wp\/v2\/media?parent=98509"}],"curies":[{"name":"wp","href":"https:\/\/api.w.org\/{rel}","templated":true}]}}