{"id":98510,"date":"2018-10-09T10:56:38","date_gmt":"2018-10-09T10:56:38","guid":{"rendered":"https:\/\/kihlberg.com\/about-us\/"},"modified":"2019-05-02T13:29:09","modified_gmt":"2019-05-02T13:29:09","slug":"a-propos-de-nous","status":"publish","type":"page","link":"https:\/\/kihlberg.com\/fr\/a-propos-de-nous\/","title":{"rendered":"A propos de nous"},"content":{"rendered":"\n<div class=\"wp-block-cover has-background-dim is-layout-flow wp-block-cover-is-layout-flow\" style=\"background-image:url(https:\/\/kihlberg.com\/wp-content\/uploads\/2018\/10\/Sandtorget-da\u0308r-allt-starade-1841-min.jpg)\"><p class=\"wp-block-cover-text\">Tout a commenc\u00e9 en 1841<\/p><\/div>\n\n\n\n<h2 class=\"wp-block-heading\">Concept commercial<\/h2>\n\n\n\n<p>Josef Kihlberg fabrique des outils d\u2019agrafage et des agrafes destin\u00e9s \u00e0 des utilisateurs professionnels et commercialis\u00e9s par des distributeurs dans le monde entier.<br><br>Les produits Josef Kihlberg, durables et de grande qualit\u00e9, sont bas\u00e9s sur une longue exp\u00e9rience et de solides connaissances.<br><\/p>\n\n\n\n<h2 class=\"wp-block-heading\">Historique de l&#8217;entreprise<\/h2>\n\n\n\n<p>Depuis le 1er mai 2014, Josef Kihlberg AB fait partie du groupe industriel Signode, un groupe avec un caract\u00e8re international fort.<\/p>\n\n\n\n<p>La soci\u00e9t\u00e9, qui remonte aux ann\u00e9es 1800, emploie actuellement 35 personnes. Nous d\u00e9veloppons, fabriquons et commercialisons des outils et des agrafes de calibre mondial pour l\u2019agrafage industriel et l\u2019emballage de transport.<\/p>\n\n\n\n<p>Une partie importante de la strat\u00e9gie de Josef Kihlberg est d\u2019\u00eatre impliqu\u00e9e dans l\u2019ensemble du processus produit, \u00e0 savoir dans le d\u00e9veloppement, la fabrication et la commercialisation de nos produits.<br><\/p>\n\n\n\n<figure class=\"wp-block-image\"><a href=\"http:\/\/www.sigpse.com\/\"><img decoding=\"async\" src=\"https:\/\/kihlberg.com\/wp-content\/uploads\/2017\/04\/SIGPSE-logo.png\" alt=\"SIGPSE logo\" class=\"wp-image-2435\"\/><\/a><\/figure>\n\n\n\n<p>L\u2019entreprise a d\u00e9but\u00e9 en 1841 lorsque Alderman Emil Synnergren a ouvert son magasin de mat\u00e9riel \u00e0 Sandtorget \u00e0 Hjo, une petite ville \u00e0 environ 100 km au nord-est de G\u00f6teborg.<br>1907 : le nom du magasin de mat\u00e9riel a \u00e9t\u00e9 chang\u00e9 et a \u00e9t\u00e9 nomm\u00e9 Kihlberg &amp; K\u00e4llmark J\u00e4rnhandel.<br>1918 : Josef Kihlberg a repris l\u2019entreprise.<br>1943 : la production interne des agrafes et agrafeuses a commenc\u00e9.<br>1968 : le magasin de mat\u00e9riel \u00e0 Hjo a \u00e9t\u00e9 ferm\u00e9.<br>1970 : Josef Kihlberg AB a commenc\u00e9 sa propre soci\u00e9t\u00e9 de vente en Finlande.<br>1976 : le petit-fils de Josef Kihlberg, Ove Larsson, est devenu le propri\u00e9taire de l\u2019entreprise.<br>1981 : l\u2019usine de c\u00e2bles m\u00e9talliques Sj\u00f6tofta a \u00e9t\u00e9 achet\u00e9e.<br>1984 : de nouvelles soci\u00e9t\u00e9s de vente aux \u00c9tats-Unis et en Norv\u00e8ge ont \u00e9t\u00e9 mises en place.<br>1985 : Haubold-Airfix GmbH a \u00e9t\u00e9 acquise et a \u00e9t\u00e9 renomm\u00e9e Haubold-Kihlberg GmbH.<br>1992 : une soci\u00e9t\u00e9 de vente, Haubold-Embrag AG, a \u00e9t\u00e9 lanc\u00e9e en Suisse.<br>1997 : Air-Hammer s.r.o. en R\u00e9publique tch\u00e8que a \u00e9t\u00e9 rachet\u00e9e.<br>1998 : Josef Kihlberg a rachet\u00e9 British Ind. Fastening, Liverpool. Depuis 2000, elle op\u00e8re sous le nom de Josef Kihlberg Ltd.<br>2006 : en octobre 2006, la soci\u00e9t\u00e9 Josef Kihlberg AB et ses filiales ont rejoint ITW (Illinois Tool Works Inc.) des \u00c9tats-Unis.<br>2014 : le groupe Carlyle a rachet\u00e9 ITW Packaging Group le 1er mai et op\u00e8re d\u00e9sormais sous le nom de Signode Industrial Group<\/p>\n","protected":false},"excerpt":{"rendered":"<p>Concept commercial Josef Kihlberg fabrique des outils d\u2019agrafage et des agrafes destin\u00e9s \u00e0 des utilisateurs professionnels et commercialis\u00e9s par des distributeurs dans le monde entier. Les produits Josef Kihlberg, durables et de grande qualit\u00e9, sont bas\u00e9s sur une longue exp\u00e9rience et de solides connaissances. Historique de l&#8217;entreprise Depuis le 1er mai 2014, Josef Kihlberg AB [&hellip;]<\/p>\n","protected":false},"author":1,"featured_media":0,"parent":0,"menu_order":0,"comment_status":"closed","ping_status":"closed","template":"","meta":{"_acf_changed":false,"_genesis_hide_title":false,"_genesis_hide_breadcrumbs":false,"_genesis_hide_singular_image":false,"_genesis_hide_footer_widgets":false,"_genesis_custom_body_class":"","_genesis_custom_post_class":"","_genesis_layout":"","footnotes":""},"class_list":{"0":"post-98510","1":"page","2":"type-page","3":"status-publish","5":"entry"},"acf":[],"yoast_head":"<!-- This site is optimized with the Yoast SEO plugin v26.1.1 - https:\/\/yoast.com\/wordpress\/plugins\/seo\/ -->\n<title>A propos de nous &#8226; Josef kihlberg<\/title>\n<meta name=\"robots\" content=\"index, follow, max-snippet:-1, max-image-preview:large, max-video-preview:-1\" \/>\n<link rel=\"canonical\" href=\"https:\/\/kihlberg.com\/fr\/a-propos-de-nous\/\" \/>\n<meta property=\"og:locale\" content=\"fr_FR\" \/>\n<meta property=\"og:type\" content=\"article\" \/>\n<meta property=\"og:title\" content=\"A propos de nous &#8226; Josef kihlberg\" \/>\n<meta property=\"og:description\" content=\"Concept commercial Josef Kihlberg fabrique des outils d\u2019agrafage et des agrafes destin\u00e9s \u00e0 des utilisateurs professionnels et commercialis\u00e9s par des distributeurs dans le monde entier. Les produits Josef Kihlberg, durables et de grande qualit\u00e9, sont bas\u00e9s sur une longue exp\u00e9rience et de solides connaissances. Historique de l&#8217;entreprise Depuis le 1er mai 2014, Josef Kihlberg AB [&hellip;]\" \/>\n<meta property=\"og:url\" content=\"https:\/\/kihlberg.com\/fr\/a-propos-de-nous\/\" \/>\n<meta property=\"og:site_name\" content=\"Josef kihlberg\" \/>\n<meta property=\"article:modified_time\" content=\"2019-05-02T13:29:09+00:00\" \/>\n<meta property=\"og:image\" content=\"https:\/\/kihlberg.com\/wp-content\/uploads\/2017\/04\/SIGPSE-logo.png\" \/>\n<meta name=\"twitter:card\" content=\"summary_large_image\" \/>\n<meta name=\"twitter:label1\" content=\"Est. reading time\" \/>\n\t<meta name=\"twitter:data1\" content=\"2 minutes\" \/>\n<script type=\"application\/ld+json\" class=\"yoast-schema-graph\">{\"@context\":\"https:\/\/schema.org\",\"@graph\":[{\"@type\":\"WebPage\",\"@id\":\"https:\/\/kihlberg.com\/fr\/a-propos-de-nous\/\",\"url\":\"https:\/\/kihlberg.com\/fr\/a-propos-de-nous\/\",\"name\":\"A propos de nous &#8226; Josef kihlberg\",\"isPartOf\":{\"@id\":\"https:\/\/kihlberg.com\/fr\/#website\"},\"primaryImageOfPage\":{\"@id\":\"https:\/\/kihlberg.com\/fr\/a-propos-de-nous\/#primaryimage\"},\"image\":{\"@id\":\"https:\/\/kihlberg.com\/fr\/a-propos-de-nous\/#primaryimage\"},\"thumbnailUrl\":\"https:\/\/kihlberg.com\/wp-content\/uploads\/2017\/04\/SIGPSE-logo.png\",\"datePublished\":\"2018-10-09T10:56:38+00:00\",\"dateModified\":\"2019-05-02T13:29:09+00:00\",\"breadcrumb\":{\"@id\":\"https:\/\/kihlberg.com\/fr\/a-propos-de-nous\/#breadcrumb\"},\"inLanguage\":\"fr\",\"potentialAction\":[{\"@type\":\"ReadAction\",\"target\":[\"https:\/\/kihlberg.com\/fr\/a-propos-de-nous\/\"]}]},{\"@type\":\"ImageObject\",\"inLanguage\":\"fr\",\"@id\":\"https:\/\/kihlberg.com\/fr\/a-propos-de-nous\/#primaryimage\",\"url\":\"https:\/\/kihlberg.com\/wp-content\/uploads\/2017\/04\/SIGPSE-logo.png\",\"contentUrl\":\"https:\/\/kihlberg.com\/wp-content\/uploads\/2017\/04\/SIGPSE-logo.png\"},{\"@type\":\"BreadcrumbList\",\"@id\":\"https:\/\/kihlberg.com\/fr\/a-propos-de-nous\/#breadcrumb\",\"itemListElement\":[{\"@type\":\"ListItem\",\"position\":1,\"name\":\"Home\",\"item\":\"https:\/\/kihlberg.com\/fr\/\"},{\"@type\":\"ListItem\",\"position\":2,\"name\":\"A propos de nous\"}]},{\"@type\":\"WebSite\",\"@id\":\"https:\/\/kihlberg.com\/fr\/#website\",\"url\":\"https:\/\/kihlberg.com\/fr\/\",\"name\":\"Josef kihlberg\",\"description\":\"Made in Sweden. System manufacturer of premium staples &amp; tools that sets the standard. Legendary.\",\"publisher\":{\"@id\":\"https:\/\/kihlberg.com\/fr\/#organization\"},\"potentialAction\":[{\"@type\":\"SearchAction\",\"target\":{\"@type\":\"EntryPoint\",\"urlTemplate\":\"https:\/\/kihlberg.com\/fr\/?s={search_term_string}\"},\"query-input\":{\"@type\":\"PropertyValueSpecification\",\"valueRequired\":true,\"valueName\":\"search_term_string\"}}],\"inLanguage\":\"fr\"},{\"@type\":\"Organization\",\"@id\":\"https:\/\/kihlberg.com\/fr\/#organization\",\"name\":\"Josef Kihlberg\",\"url\":\"https:\/\/kihlberg.com\/fr\/\",\"logo\":{\"@type\":\"ImageObject\",\"inLanguage\":\"fr\",\"@id\":\"https:\/\/kihlberg.com\/fr\/#\/schema\/logo\/image\/\",\"url\":\"https:\/\/kihlberg.com\/wp-content\/uploads\/2019\/01\/logo.jpg\",\"contentUrl\":\"https:\/\/kihlberg.com\/wp-content\/uploads\/2019\/01\/logo.jpg\",\"width\":850,\"height\":850,\"caption\":\"Josef Kihlberg\"},\"image\":{\"@id\":\"https:\/\/kihlberg.com\/fr\/#\/schema\/logo\/image\/\"}}]}<\/script>\n<!-- \/ Yoast SEO plugin. -->","yoast_head_json":{"title":"A propos de nous &#8226; Josef kihlberg","robots":{"index":"index","follow":"follow","max-snippet":"max-snippet:-1","max-image-preview":"max-image-preview:large","max-video-preview":"max-video-preview:-1"},"canonical":"https:\/\/kihlberg.com\/fr\/a-propos-de-nous\/","og_locale":"fr_FR","og_type":"article","og_title":"A propos de nous &#8226; Josef kihlberg","og_description":"Concept commercial Josef Kihlberg fabrique des outils d\u2019agrafage et des agrafes destin\u00e9s \u00e0 des utilisateurs professionnels et commercialis\u00e9s par des distributeurs dans le monde entier. Les produits Josef Kihlberg, durables et de grande qualit\u00e9, sont bas\u00e9s sur une longue exp\u00e9rience et de solides connaissances. Historique de l&#8217;entreprise Depuis le 1er mai 2014, Josef Kihlberg AB [&hellip;]","og_url":"https:\/\/kihlberg.com\/fr\/a-propos-de-nous\/","og_site_name":"Josef kihlberg","article_modified_time":"2019-05-02T13:29:09+00:00","og_image":[{"url":"https:\/\/kihlberg.com\/wp-content\/uploads\/2017\/04\/SIGPSE-logo.png","type":"","width":"","height":""}],"twitter_card":"summary_large_image","twitter_misc":{"Est. reading time":"2 minutes"},"schema":{"@context":"https:\/\/schema.org","@graph":[{"@type":"WebPage","@id":"https:\/\/kihlberg.com\/fr\/a-propos-de-nous\/","url":"https:\/\/kihlberg.com\/fr\/a-propos-de-nous\/","name":"A propos de nous &#8226; Josef kihlberg","isPartOf":{"@id":"https:\/\/kihlberg.com\/fr\/#website"},"primaryImageOfPage":{"@id":"https:\/\/kihlberg.com\/fr\/a-propos-de-nous\/#primaryimage"},"image":{"@id":"https:\/\/kihlberg.com\/fr\/a-propos-de-nous\/#primaryimage"},"thumbnailUrl":"https:\/\/kihlberg.com\/wp-content\/uploads\/2017\/04\/SIGPSE-logo.png","datePublished":"2018-10-09T10:56:38+00:00","dateModified":"2019-05-02T13:29:09+00:00","breadcrumb":{"@id":"https:\/\/kihlberg.com\/fr\/a-propos-de-nous\/#breadcrumb"},"inLanguage":"fr","potentialAction":[{"@type":"ReadAction","target":["https:\/\/kihlberg.com\/fr\/a-propos-de-nous\/"]}]},{"@type":"ImageObject","inLanguage":"fr","@id":"https:\/\/kihlberg.com\/fr\/a-propos-de-nous\/#primaryimage","url":"https:\/\/kihlberg.com\/wp-content\/uploads\/2017\/04\/SIGPSE-logo.png","contentUrl":"https:\/\/kihlberg.com\/wp-content\/uploads\/2017\/04\/SIGPSE-logo.png"},{"@type":"BreadcrumbList","@id":"https:\/\/kihlberg.com\/fr\/a-propos-de-nous\/#breadcrumb","itemListElement":[{"@type":"ListItem","position":1,"name":"Home","item":"https:\/\/kihlberg.com\/fr\/"},{"@type":"ListItem","position":2,"name":"A propos de nous"}]},{"@type":"WebSite","@id":"https:\/\/kihlberg.com\/fr\/#website","url":"https:\/\/kihlberg.com\/fr\/","name":"Josef kihlberg","description":"Made in Sweden. System manufacturer of premium staples &amp; tools that sets the standard. Legendary.","publisher":{"@id":"https:\/\/kihlberg.com\/fr\/#organization"},"potentialAction":[{"@type":"SearchAction","target":{"@type":"EntryPoint","urlTemplate":"https:\/\/kihlberg.com\/fr\/?s={search_term_string}"},"query-input":{"@type":"PropertyValueSpecification","valueRequired":true,"valueName":"search_term_string"}}],"inLanguage":"fr"},{"@type":"Organization","@id":"https:\/\/kihlberg.com\/fr\/#organization","name":"Josef Kihlberg","url":"https:\/\/kihlberg.com\/fr\/","logo":{"@type":"ImageObject","inLanguage":"fr","@id":"https:\/\/kihlberg.com\/fr\/#\/schema\/logo\/image\/","url":"https:\/\/kihlberg.com\/wp-content\/uploads\/2019\/01\/logo.jpg","contentUrl":"https:\/\/kihlberg.com\/wp-content\/uploads\/2019\/01\/logo.jpg","width":850,"height":850,"caption":"Josef Kihlberg"},"image":{"@id":"https:\/\/kihlberg.com\/fr\/#\/schema\/logo\/image\/"}}]}},"_links":{"self":[{"href":"https:\/\/kihlberg.com\/fr\/wp-json\/wp\/v2\/pages\/98510","targetHints":{"allow":["GET"]}}],"collection":[{"href":"https:\/\/kihlberg.com\/fr\/wp-json\/wp\/v2\/pages"}],"about":[{"href":"https:\/\/kihlberg.com\/fr\/wp-json\/wp\/v2\/types\/page"}],"author":[{"embeddable":true,"href":"https:\/\/kihlberg.com\/fr\/wp-json\/wp\/v2\/users\/1"}],"replies":[{"embeddable":true,"href":"https:\/\/kihlberg.com\/fr\/wp-json\/wp\/v2\/comments?post=98510"}],"version-history":[{"count":0,"href":"https:\/\/kihlberg.com\/fr\/wp-json\/wp\/v2\/pages\/98510\/revisions"}],"wp:attachment":[{"href":"https:\/\/kihlberg.com\/fr\/wp-json\/wp\/v2\/media?parent=98510"}],"curies":[{"name":"wp","href":"https:\/\/api.w.org\/{rel}","templated":true}]}}