{"id":102237,"date":"2018-09-21T10:34:25","date_gmt":"2018-09-21T10:34:25","guid":{"rendered":"https:\/\/kihlberg.com\/product\/129000\/"},"modified":"2019-09-07T05:27:05","modified_gmt":"2019-09-07T05:27:05","slug":"129000","status":"publish","type":"product","link":"https:\/\/kihlberg.com\/fr\/outils\/cerclage-metallique\/129000\/","title":{"rendered":"Outil de cerclage JK1219"},"content":{"rendered":"","protected":false},"excerpt":{"rendered":"<p>En utilisant notre JK1219HT fabriqu\u00e9e en Su\u00e8de, vous pouvez rapidement et en toute s\u00e9curit\u00e9 sceller des mani\u00e8re tr\u00e8s r\u00e9sistante des bandes d&#8217;\u00e9tanch\u00e9it\u00e9, jusqu&#8217;\u00e0 0,64 mm = 1 040 N\/mm\u00b2. Le JK1219HT est tr\u00e8s facile \u00e0 utiliser. Il est con\u00e7u de sorte que la fermeture d&#8217;\u00e9tanch\u00e9it\u00e9 d&#8217;arbre peut \u00eatre obtenue en quelques secondes en quatre op\u00e9rations simples. Le joint compl\u00e9t\u00e9 est con\u00e7u pour minimiser les risques de blessures. Un seul outil peut \u00eatre utilis\u00e9 pour trois largeurs diff\u00e9rentes de sangle &#8211; 13, 16 et 19 mm. En utilisant les guides de frette suppl\u00e9mentaires qui viennent avec l&#8217;outil, vous pouvez facilement passer d&#8217;une largeur de bande \u00e0 l&#8217;autre. Pour les d\u00e9taillants, cela signifie que vous avez seulement besoin de stocker un outil au lieu de trois.<br \/>\nLa profondeur de puissance et de coupe peut \u00eatre ajust\u00e9e pour diff\u00e9rentes \u00e9paisseurs de bande dans la gamme de 0,40 mm &#8211; 0,64 mm.<br \/>\nL&#8217;outil a une conception robuste avec peu de pi\u00e8ces mobiles de haute qualit\u00e9. Cela rend l&#8217;outil tr\u00e8s durable. L\u2019outil vient avec une garantie de 3 ans. Le JK1219 est adapt\u00e9 \u00e0 la fois pour le cerclage horizontal et vertical de palettes, caisses, des bo\u00eetes en carton, des balles et d&#8217;autres s\u00e9curit\u00e9s de transport.<\/p>\n","protected":false},"featured_media":102238,"template":"","meta":{"_acf_changed":false,"_genesis_hide_title":false,"_genesis_hide_breadcrumbs":false,"_genesis_hide_singular_image":false,"_genesis_hide_footer_widgets":false,"_genesis_custom_body_class":"","_genesis_custom_post_class":"","_genesis_layout":""},"product_brand":[],"product_cat":[2364,2363,2350],"class_list":{"0":"post-102237","1":"product","2":"type-product","3":"status-publish","4":"has-post-thumbnail","6":"product_cat-cerclage-metallique","7":"product_cat-emballage","8":"product_cat-outils","9":"pa_leg-length-375-fr","10":"pa_lubrication-non","11":"pa_maximum-strap-thickness-064-fr","12":"pa_strap-width-13-16-19-fr","13":"entry","15":"first","16":"instock","17":"taxable","18":"shipping-taxable","19":"purchasable","20":"product-type-simple"},"acf":[],"yoast_head":"<!-- This site is optimized with the Yoast SEO plugin v26.1.1 - https:\/\/yoast.com\/wordpress\/plugins\/seo\/ -->\n<title>Strapping tool JK1219<\/title>\n<meta name=\"robots\" content=\"index, follow, max-snippet:-1, max-image-preview:large, max-video-preview:-1\" \/>\n<link rel=\"canonical\" href=\"https:\/\/kihlberg.com\/fr\/outils\/cerclage-metallique\/129000\/\" \/>\n<meta property=\"og:locale\" content=\"fr_FR\" \/>\n<meta property=\"og:type\" content=\"article\" \/>\n<meta property=\"og:title\" content=\"Strapping tool JK1219\" \/>\n<meta property=\"og:description\" content=\"En utilisant notre JK1219HT fabriqu\u00e9e en Su\u00e8de, vous pouvez rapidement et en toute s\u00e9curit\u00e9 sceller des mani\u00e8re tr\u00e8s r\u00e9sistante des bandes d&#039;\u00e9tanch\u00e9it\u00e9, jusqu&#039;\u00e0 0,64 mm = 1 040 N\/mm\u00b2. Le JK1219HT est tr\u00e8s facile \u00e0 utiliser. Il est con\u00e7u de sorte que la fermeture d&#039;\u00e9tanch\u00e9it\u00e9 d&#039;arbre peut \u00eatre obtenue en quelques secondes en quatre op\u00e9rations simples. Le joint compl\u00e9t\u00e9 est con\u00e7u pour minimiser les risques de blessures. Un seul outil peut \u00eatre utilis\u00e9 pour trois largeurs diff\u00e9rentes de sangle - 13, 16 et 19 mm. En utilisant les guides de frette suppl\u00e9mentaires qui viennent avec l&#039;outil, vous pouvez facilement passer d&#039;une largeur de bande \u00e0 l&#039;autre. Pour les d\u00e9taillants, cela signifie que vous avez seulement besoin de stocker un outil au lieu de trois. La profondeur de puissance et de coupe peut \u00eatre ajust\u00e9e pour diff\u00e9rentes \u00e9paisseurs de bande dans la gamme de 0,40 mm - 0,64 mm. L&#039;outil a une conception robuste avec peu de pi\u00e8ces mobiles de haute qualit\u00e9. Cela rend l&#039;outil tr\u00e8s durable. L\u2019outil vient avec une garantie de 3 ans. Le JK1219 est adapt\u00e9 \u00e0 la fois pour le cerclage horizontal et vertical de palettes, caisses, des bo\u00eetes en carton, des balles et d&#039;autres s\u00e9curit\u00e9s de transport.\" \/>\n<meta property=\"og:url\" content=\"https:\/\/kihlberg.com\/fr\/outils\/cerclage-metallique\/129000\/\" \/>\n<meta property=\"og:site_name\" content=\"Josef kihlberg\" \/>\n<meta property=\"article:modified_time\" content=\"2019-09-07T05:27:05+00:00\" \/>\n<meta property=\"og:image\" content=\"https:\/\/kihlberg.com\/wp-content\/uploads\/2018\/08\/129000.jpg\" \/>\n\t<meta property=\"og:image:width\" content=\"720\" \/>\n\t<meta property=\"og:image:height\" content=\"720\" \/>\n\t<meta property=\"og:image:type\" content=\"image\/jpeg\" \/>\n<meta name=\"twitter:card\" content=\"summary_large_image\" \/>\n<meta name=\"twitter:label1\" content=\"Price\" \/>\n\t<meta name=\"twitter:data1\" content=\"&euro;994\" \/>\n\t<meta name=\"twitter:label2\" content=\"Availability\" \/>\n\t<meta name=\"twitter:data2\" content=\"In stock\" \/>\n<script type=\"application\/ld+json\" class=\"yoast-schema-graph\">{\"@context\":\"https:\/\/schema.org\",\"@graph\":[{\"@type\":\"WebPage\",\"@id\":\"https:\/\/kihlberg.com\/fr\/outils\/cerclage-metallique\/129000\/\",\"url\":\"https:\/\/kihlberg.com\/fr\/outils\/cerclage-metallique\/129000\/\",\"name\":\"Strapping tool JK1219\",\"isPartOf\":{\"@id\":\"https:\/\/kihlberg.com\/fr\/#website\"},\"primaryImageOfPage\":{\"@id\":\"https:\/\/kihlberg.com\/fr\/outils\/cerclage-metallique\/129000\/#primaryimage\"},\"image\":{\"@id\":\"https:\/\/kihlberg.com\/fr\/outils\/cerclage-metallique\/129000\/#primaryimage\"},\"thumbnailUrl\":\"https:\/\/kihlberg.com\/wp-content\/uploads\/2018\/08\/129000.jpg\",\"datePublished\":\"2018-09-21T10:34:25+00:00\",\"dateModified\":\"2019-09-07T05:27:05+00:00\",\"breadcrumb\":{\"@id\":\"https:\/\/kihlberg.com\/fr\/outils\/cerclage-metallique\/129000\/#breadcrumb\"},\"inLanguage\":\"fr\",\"potentialAction\":[{\"@type\":\"ReadAction\",\"target\":[\"https:\/\/kihlberg.com\/fr\/outils\/cerclage-metallique\/129000\/\"]}]},{\"@type\":\"ImageObject\",\"inLanguage\":\"fr\",\"@id\":\"https:\/\/kihlberg.com\/fr\/outils\/cerclage-metallique\/129000\/#primaryimage\",\"url\":\"https:\/\/kihlberg.com\/wp-content\/uploads\/2018\/08\/129000.jpg\",\"contentUrl\":\"https:\/\/kihlberg.com\/wp-content\/uploads\/2018\/08\/129000.jpg\",\"width\":720,\"height\":720,\"caption\":\"Strapping tool JK1219HT - \u20ac 1125\"},{\"@type\":\"BreadcrumbList\",\"@id\":\"https:\/\/kihlberg.com\/fr\/outils\/cerclage-metallique\/129000\/#breadcrumb\",\"itemListElement\":[{\"@type\":\"ListItem\",\"position\":1,\"name\":\"Home\",\"item\":\"https:\/\/kihlberg.com\/fr\/\"},{\"@type\":\"ListItem\",\"position\":2,\"name\":\"Shop\",\"item\":\"https:\/\/kihlberg.com\/shop\/\"},{\"@type\":\"ListItem\",\"position\":3,\"name\":\"Outils\",\"item\":\"https:\/\/kihlberg.com\/fr\/outils\/\"},{\"@type\":\"ListItem\",\"position\":4,\"name\":\"Cerclage m\u00e9tallique\",\"item\":\"https:\/\/kihlberg.com\/fr\/outils\/cerclage-metallique\/\"},{\"@type\":\"ListItem\",\"position\":5,\"name\":\"Outil de cerclage JK1219\"}]},{\"@type\":\"WebSite\",\"@id\":\"https:\/\/kihlberg.com\/fr\/#website\",\"url\":\"https:\/\/kihlberg.com\/fr\/\",\"name\":\"Josef kihlberg\",\"description\":\"Made in Sweden. System manufacturer of premium staples &amp; tools that sets the standard. Legendary.\",\"publisher\":{\"@id\":\"https:\/\/kihlberg.com\/fr\/#organization\"},\"potentialAction\":[{\"@type\":\"SearchAction\",\"target\":{\"@type\":\"EntryPoint\",\"urlTemplate\":\"https:\/\/kihlberg.com\/fr\/?s={search_term_string}\"},\"query-input\":{\"@type\":\"PropertyValueSpecification\",\"valueRequired\":true,\"valueName\":\"search_term_string\"}}],\"inLanguage\":\"fr\"},{\"@type\":\"Organization\",\"@id\":\"https:\/\/kihlberg.com\/fr\/#organization\",\"name\":\"Josef Kihlberg\",\"url\":\"https:\/\/kihlberg.com\/fr\/\",\"logo\":{\"@type\":\"ImageObject\",\"inLanguage\":\"fr\",\"@id\":\"https:\/\/kihlberg.com\/fr\/#\/schema\/logo\/image\/\",\"url\":\"https:\/\/kihlberg.com\/wp-content\/uploads\/2019\/01\/logo.jpg\",\"contentUrl\":\"https:\/\/kihlberg.com\/wp-content\/uploads\/2019\/01\/logo.jpg\",\"width\":850,\"height\":850,\"caption\":\"Josef Kihlberg\"},\"image\":{\"@id\":\"https:\/\/kihlberg.com\/fr\/#\/schema\/logo\/image\/\"}}]}<\/script>\n<meta property=\"product:price:amount\" content=\"994\" \/>\n<meta property=\"product:price:currency\" content=\"EUR\" \/>\n<meta property=\"og:availability\" content=\"instock\" \/>\n<meta property=\"product:availability\" content=\"instock\" \/>\n<meta property=\"product:retailer_item_id\" content=\"129000\" \/>\n<meta property=\"product:condition\" content=\"new\" \/>\n<!-- \/ Yoast SEO plugin. -->","yoast_head_json":{"title":"Strapping tool JK1219","robots":{"index":"index","follow":"follow","max-snippet":"max-snippet:-1","max-image-preview":"max-image-preview:large","max-video-preview":"max-video-preview:-1"},"canonical":"https:\/\/kihlberg.com\/fr\/outils\/cerclage-metallique\/129000\/","og_locale":"fr_FR","og_type":"article","og_title":"Strapping tool JK1219","og_description":"En utilisant notre JK1219HT fabriqu\u00e9e en Su\u00e8de, vous pouvez rapidement et en toute s\u00e9curit\u00e9 sceller des mani\u00e8re tr\u00e8s r\u00e9sistante des bandes d'\u00e9tanch\u00e9it\u00e9, jusqu'\u00e0 0,64 mm = 1 040 N\/mm\u00b2. Le JK1219HT est tr\u00e8s facile \u00e0 utiliser. Il est con\u00e7u de sorte que la fermeture d'\u00e9tanch\u00e9it\u00e9 d'arbre peut \u00eatre obtenue en quelques secondes en quatre op\u00e9rations simples. Le joint compl\u00e9t\u00e9 est con\u00e7u pour minimiser les risques de blessures. Un seul outil peut \u00eatre utilis\u00e9 pour trois largeurs diff\u00e9rentes de sangle - 13, 16 et 19 mm. En utilisant les guides de frette suppl\u00e9mentaires qui viennent avec l'outil, vous pouvez facilement passer d'une largeur de bande \u00e0 l'autre. Pour les d\u00e9taillants, cela signifie que vous avez seulement besoin de stocker un outil au lieu de trois. La profondeur de puissance et de coupe peut \u00eatre ajust\u00e9e pour diff\u00e9rentes \u00e9paisseurs de bande dans la gamme de 0,40 mm - 0,64 mm. L'outil a une conception robuste avec peu de pi\u00e8ces mobiles de haute qualit\u00e9. Cela rend l'outil tr\u00e8s durable. L\u2019outil vient avec une garantie de 3 ans. Le JK1219 est adapt\u00e9 \u00e0 la fois pour le cerclage horizontal et vertical de palettes, caisses, des bo\u00eetes en carton, des balles et d'autres s\u00e9curit\u00e9s de transport.","og_url":"https:\/\/kihlberg.com\/fr\/outils\/cerclage-metallique\/129000\/","og_site_name":"Josef kihlberg","article_modified_time":"2019-09-07T05:27:05+00:00","og_image":[{"width":720,"height":720,"url":"https:\/\/kihlberg.com\/wp-content\/uploads\/2018\/08\/129000.jpg","type":"image\/jpeg"}],"twitter_card":"summary_large_image","twitter_misc":{"Price":"&euro;994","Availability":"In stock"},"schema":{"@context":"https:\/\/schema.org","@graph":[{"@type":"WebPage","@id":"https:\/\/kihlberg.com\/fr\/outils\/cerclage-metallique\/129000\/","url":"https:\/\/kihlberg.com\/fr\/outils\/cerclage-metallique\/129000\/","name":"Strapping tool JK1219","isPartOf":{"@id":"https:\/\/kihlberg.com\/fr\/#website"},"primaryImageOfPage":{"@id":"https:\/\/kihlberg.com\/fr\/outils\/cerclage-metallique\/129000\/#primaryimage"},"image":{"@id":"https:\/\/kihlberg.com\/fr\/outils\/cerclage-metallique\/129000\/#primaryimage"},"thumbnailUrl":"https:\/\/kihlberg.com\/wp-content\/uploads\/2018\/08\/129000.jpg","datePublished":"2018-09-21T10:34:25+00:00","dateModified":"2019-09-07T05:27:05+00:00","breadcrumb":{"@id":"https:\/\/kihlberg.com\/fr\/outils\/cerclage-metallique\/129000\/#breadcrumb"},"inLanguage":"fr","potentialAction":[{"@type":"ReadAction","target":["https:\/\/kihlberg.com\/fr\/outils\/cerclage-metallique\/129000\/"]}]},{"@type":"ImageObject","inLanguage":"fr","@id":"https:\/\/kihlberg.com\/fr\/outils\/cerclage-metallique\/129000\/#primaryimage","url":"https:\/\/kihlberg.com\/wp-content\/uploads\/2018\/08\/129000.jpg","contentUrl":"https:\/\/kihlberg.com\/wp-content\/uploads\/2018\/08\/129000.jpg","width":720,"height":720,"caption":"Strapping tool JK1219HT - \u20ac 1125"},{"@type":"BreadcrumbList","@id":"https:\/\/kihlberg.com\/fr\/outils\/cerclage-metallique\/129000\/#breadcrumb","itemListElement":[{"@type":"ListItem","position":1,"name":"Home","item":"https:\/\/kihlberg.com\/fr\/"},{"@type":"ListItem","position":2,"name":"Shop","item":"https:\/\/kihlberg.com\/shop\/"},{"@type":"ListItem","position":3,"name":"Outils","item":"https:\/\/kihlberg.com\/fr\/outils\/"},{"@type":"ListItem","position":4,"name":"Cerclage m\u00e9tallique","item":"https:\/\/kihlberg.com\/fr\/outils\/cerclage-metallique\/"},{"@type":"ListItem","position":5,"name":"Outil de cerclage JK1219"}]},{"@type":"WebSite","@id":"https:\/\/kihlberg.com\/fr\/#website","url":"https:\/\/kihlberg.com\/fr\/","name":"Josef kihlberg","description":"Made in Sweden. System manufacturer of premium staples &amp; tools that sets the standard. Legendary.","publisher":{"@id":"https:\/\/kihlberg.com\/fr\/#organization"},"potentialAction":[{"@type":"SearchAction","target":{"@type":"EntryPoint","urlTemplate":"https:\/\/kihlberg.com\/fr\/?s={search_term_string}"},"query-input":{"@type":"PropertyValueSpecification","valueRequired":true,"valueName":"search_term_string"}}],"inLanguage":"fr"},{"@type":"Organization","@id":"https:\/\/kihlberg.com\/fr\/#organization","name":"Josef Kihlberg","url":"https:\/\/kihlberg.com\/fr\/","logo":{"@type":"ImageObject","inLanguage":"fr","@id":"https:\/\/kihlberg.com\/fr\/#\/schema\/logo\/image\/","url":"https:\/\/kihlberg.com\/wp-content\/uploads\/2019\/01\/logo.jpg","contentUrl":"https:\/\/kihlberg.com\/wp-content\/uploads\/2019\/01\/logo.jpg","width":850,"height":850,"caption":"Josef Kihlberg"},"image":{"@id":"https:\/\/kihlberg.com\/fr\/#\/schema\/logo\/image\/"}}]},"product_price_amount":"994","product_price_currency":"EUR","og_availability":"instock","product_availability":"instock","product_retailer_item_id":"129000","product_condition":"new"},"_links":{"self":[{"href":"https:\/\/kihlberg.com\/fr\/wp-json\/wp\/v2\/product\/102237","targetHints":{"allow":["GET"]}}],"collection":[{"href":"https:\/\/kihlberg.com\/fr\/wp-json\/wp\/v2\/product"}],"about":[{"href":"https:\/\/kihlberg.com\/fr\/wp-json\/wp\/v2\/types\/product"}],"wp:featuredmedia":[{"embeddable":true,"href":"https:\/\/kihlberg.com\/fr\/wp-json\/wp\/v2\/media\/102238"}],"wp:attachment":[{"href":"https:\/\/kihlberg.com\/fr\/wp-json\/wp\/v2\/media?parent=102237"}],"wp:term":[{"taxonomy":"product_brand","embeddable":true,"href":"https:\/\/kihlberg.com\/fr\/wp-json\/wp\/v2\/product_brand?post=102237"},{"taxonomy":"product_cat","embeddable":true,"href":"https:\/\/kihlberg.com\/fr\/wp-json\/wp\/v2\/product_cat?post=102237"}],"curies":[{"name":"wp","href":"https:\/\/api.w.org\/{rel}","templated":true}]}}