{"id":102239,"date":"2018-09-21T10:34:22","date_gmt":"2018-09-21T10:34:22","guid":{"rendered":"https:\/\/kihlberg.com\/product\/126315\/"},"modified":"2019-09-07T05:27:05","modified_gmt":"2019-09-07T05:27:05","slug":"126315","status":"publish","type":"product","link":"https:\/\/kihlberg.com\/fr\/outils\/industrie-fr\/126315\/","title":{"rendered":"Agrafeuse JK45-783S"},"content":{"rendered":"","protected":false},"excerpt":{"rendered":"<p>JK45-783S est un outil pneumatique professionnel fabriqu\u00e9 en Su\u00e8de avec une force d&#8217;impact extr\u00eamement \u00e9lev\u00e9e. L&#8217;agrafeuse est adapt\u00e9e \u00e0 l&#8217;ensemble des cadres de bois ou des cadres en bois, non seulement dans les bois durs (h\u00eatre, ch\u00eane), mais aussi les bois tendres. L&#8217;outil a une pleine force de frappe \u00e0 faible pression de fonctionnement. L&#8217;outil JK45 est rapide et \u00e0 faible recul. Le JK45-783S a un court conducteur et est adapt\u00e9 pour un clouage simple de tir.<br \/>\nLes bandes de base sont enti\u00e8rement visibles et il est donc facile de voir si l&#8217;outil doit \u00eatre recharg\u00e9. Le JK45 est facile \u00e0 nettoyer par la porte d&#8217;ouverture. S&#8217;il y a un risque de fissuration dans votre application, veuillez nous contacter pour une solution.<\/p>\n","protected":false},"featured_media":102247,"template":"","meta":{"_acf_changed":false,"_genesis_hide_title":false,"_genesis_hide_breadcrumbs":false,"_genesis_hide_singular_image":false,"_genesis_hide_footer_widgets":false,"_genesis_custom_body_class":"","_genesis_custom_post_class":"","_genesis_layout":""},"product_brand":[],"product_cat":[2356,2360,2362,2352,2350,2359],"class_list":{"0":"post-102239","1":"product","2":"type-product","3":"status-publish","4":"has-post-thumbnail","6":"product_cat-chassis-de-meubles","7":"product_cat-fenetres-et-portes","8":"product_cat-industrie-fr","9":"product_cat-la-fabrication-de-lit","10":"product_cat-outils","11":"product_cat-upholstered-furniture-fr","12":"pa_leg-length-345-fr","13":"pa_lubrication-oui","14":"pa_magazine-capacity-138-fr","15":"pa_max-pressure-8-fr","16":"pa_nose-length-21-fr","17":"pa_staple-leg-length-25-51-mm-1-2-in-fr","18":"entry","20":"first","21":"instock","22":"taxable","23":"shipping-taxable","24":"purchasable","25":"product-type-simple"},"acf":[],"yoast_head":"<!-- This site is optimized with the Yoast SEO plugin v26.1.1 - https:\/\/yoast.com\/wordpress\/plugins\/seo\/ -->\n<title>Stapler JK45-783S<\/title>\n<meta name=\"robots\" content=\"noindex,follow\" \/>\n<link rel=\"canonical\" href=\"https:\/\/kihlberg.com\/fr\/outils\/industrie-fr\/126315\/\" \/>\n<meta property=\"og:locale\" content=\"fr_FR\" \/>\n<meta property=\"og:type\" content=\"article\" \/>\n<meta property=\"og:title\" content=\"Stapler JK45-783S\" \/>\n<meta property=\"og:description\" content=\"JK45-783S est un outil pneumatique professionnel fabriqu\u00e9 en Su\u00e8de avec une force d&#039;impact extr\u00eamement \u00e9lev\u00e9e. L&#039;agrafeuse est adapt\u00e9e \u00e0 l&#039;ensemble des cadres de bois ou des cadres en bois, non seulement dans les bois durs (h\u00eatre, ch\u00eane), mais aussi les bois tendres. L&#039;outil a une pleine force de frappe \u00e0 faible pression de fonctionnement. L&#039;outil JK45 est rapide et \u00e0 faible recul. Le JK45-783S a un court conducteur et est adapt\u00e9 pour un clouage simple de tir. Les bandes de base sont enti\u00e8rement visibles et il est donc facile de voir si l&#039;outil doit \u00eatre recharg\u00e9. Le JK45 est facile \u00e0 nettoyer par la porte d&#039;ouverture. S&#039;il y a un risque de fissuration dans votre application, veuillez nous contacter pour une solution.\" \/>\n<meta property=\"og:url\" content=\"https:\/\/kihlberg.com\/fr\/outils\/industrie-fr\/126315\/\" \/>\n<meta property=\"og:site_name\" content=\"Josef kihlberg\" \/>\n<meta property=\"article:modified_time\" content=\"2019-09-07T05:27:05+00:00\" \/>\n<meta property=\"og:image\" content=\"https:\/\/kihlberg.com\/wp-content\/uploads\/2018\/08\/126315.png\" \/>\n\t<meta property=\"og:image:width\" content=\"720\" \/>\n\t<meta property=\"og:image:height\" content=\"720\" \/>\n\t<meta property=\"og:image:type\" content=\"image\/png\" \/>\n<meta name=\"twitter:card\" content=\"summary_large_image\" \/>\n<meta name=\"twitter:label1\" content=\"Price\" \/>\n\t<meta name=\"twitter:data1\" content=\"&euro;833\" \/>\n\t<meta name=\"twitter:label2\" content=\"Availability\" \/>\n\t<meta name=\"twitter:data2\" content=\"In stock\" \/>\n<script type=\"application\/ld+json\" class=\"yoast-schema-graph\">{\"@context\":\"https:\/\/schema.org\",\"@graph\":[{\"@type\":\"WebPage\",\"@id\":\"https:\/\/kihlberg.com\/fr\/outils\/industrie-fr\/126315\/\",\"url\":\"https:\/\/kihlberg.com\/fr\/outils\/industrie-fr\/126315\/\",\"name\":\"Stapler JK45-783S\",\"isPartOf\":{\"@id\":\"https:\/\/kihlberg.com\/fr\/#website\"},\"primaryImageOfPage\":{\"@id\":\"https:\/\/kihlberg.com\/fr\/outils\/industrie-fr\/126315\/#primaryimage\"},\"image\":{\"@id\":\"https:\/\/kihlberg.com\/fr\/outils\/industrie-fr\/126315\/#primaryimage\"},\"thumbnailUrl\":\"https:\/\/kihlberg.com\/wp-content\/uploads\/2018\/08\/126315.png\",\"datePublished\":\"2018-09-21T10:34:22+00:00\",\"dateModified\":\"2019-09-07T05:27:05+00:00\",\"breadcrumb\":{\"@id\":\"https:\/\/kihlberg.com\/fr\/outils\/industrie-fr\/126315\/#breadcrumb\"},\"inLanguage\":\"fr\",\"potentialAction\":[{\"@type\":\"ReadAction\",\"target\":[\"https:\/\/kihlberg.com\/fr\/outils\/industrie-fr\/126315\/\"]}]},{\"@type\":\"ImageObject\",\"inLanguage\":\"fr\",\"@id\":\"https:\/\/kihlberg.com\/fr\/outils\/industrie-fr\/126315\/#primaryimage\",\"url\":\"https:\/\/kihlberg.com\/wp-content\/uploads\/2018\/08\/126315.png\",\"contentUrl\":\"https:\/\/kihlberg.com\/wp-content\/uploads\/2018\/08\/126315.png\",\"width\":720,\"height\":720},{\"@type\":\"BreadcrumbList\",\"@id\":\"https:\/\/kihlberg.com\/fr\/outils\/industrie-fr\/126315\/#breadcrumb\",\"itemListElement\":[{\"@type\":\"ListItem\",\"position\":1,\"name\":\"Home\",\"item\":\"https:\/\/kihlberg.com\/fr\/\"},{\"@type\":\"ListItem\",\"position\":2,\"name\":\"Shop\",\"item\":\"https:\/\/kihlberg.com\/shop\/\"},{\"@type\":\"ListItem\",\"position\":3,\"name\":\"Outils\",\"item\":\"https:\/\/kihlberg.com\/fr\/outils\/\"},{\"@type\":\"ListItem\",\"position\":4,\"name\":\"Application\",\"item\":\"https:\/\/kihlberg.com\/fr\/outils\/application-fr\/\"},{\"@type\":\"ListItem\",\"position\":5,\"name\":\"Chassis de meubles\",\"item\":\"https:\/\/kihlberg.com\/fr\/outils\/application-fr\/chassis-de-meubles\/\"},{\"@type\":\"ListItem\",\"position\":6,\"name\":\"Agrafeuse JK45-783S\"}]},{\"@type\":\"WebSite\",\"@id\":\"https:\/\/kihlberg.com\/fr\/#website\",\"url\":\"https:\/\/kihlberg.com\/fr\/\",\"name\":\"Josef kihlberg\",\"description\":\"Made in Sweden. System manufacturer of premium staples &amp; tools that sets the standard. Legendary.\",\"publisher\":{\"@id\":\"https:\/\/kihlberg.com\/fr\/#organization\"},\"potentialAction\":[{\"@type\":\"SearchAction\",\"target\":{\"@type\":\"EntryPoint\",\"urlTemplate\":\"https:\/\/kihlberg.com\/fr\/?s={search_term_string}\"},\"query-input\":{\"@type\":\"PropertyValueSpecification\",\"valueRequired\":true,\"valueName\":\"search_term_string\"}}],\"inLanguage\":\"fr\"},{\"@type\":\"Organization\",\"@id\":\"https:\/\/kihlberg.com\/fr\/#organization\",\"name\":\"Josef Kihlberg\",\"url\":\"https:\/\/kihlberg.com\/fr\/\",\"logo\":{\"@type\":\"ImageObject\",\"inLanguage\":\"fr\",\"@id\":\"https:\/\/kihlberg.com\/fr\/#\/schema\/logo\/image\/\",\"url\":\"https:\/\/kihlberg.com\/wp-content\/uploads\/2019\/01\/logo.jpg\",\"contentUrl\":\"https:\/\/kihlberg.com\/wp-content\/uploads\/2019\/01\/logo.jpg\",\"width\":850,\"height\":850,\"caption\":\"Josef Kihlberg\"},\"image\":{\"@id\":\"https:\/\/kihlberg.com\/fr\/#\/schema\/logo\/image\/\"}}]}<\/script>\n<meta property=\"product:price:amount\" content=\"833\" \/>\n<meta property=\"product:price:currency\" content=\"EUR\" \/>\n<meta property=\"og:availability\" content=\"instock\" \/>\n<meta property=\"product:availability\" content=\"instock\" \/>\n<meta property=\"product:retailer_item_id\" content=\"126315\" \/>\n<meta property=\"product:condition\" content=\"new\" \/>\n<!-- \/ Yoast SEO plugin. -->","yoast_head_json":{"title":"Stapler JK45-783S","robots":{"index,follow":"noindex,follow"},"canonical":"https:\/\/kihlberg.com\/fr\/outils\/industrie-fr\/126315\/","og_locale":"fr_FR","og_type":"article","og_title":"Stapler JK45-783S","og_description":"JK45-783S est un outil pneumatique professionnel fabriqu\u00e9 en Su\u00e8de avec une force d'impact extr\u00eamement \u00e9lev\u00e9e. L'agrafeuse est adapt\u00e9e \u00e0 l'ensemble des cadres de bois ou des cadres en bois, non seulement dans les bois durs (h\u00eatre, ch\u00eane), mais aussi les bois tendres. L'outil a une pleine force de frappe \u00e0 faible pression de fonctionnement. L'outil JK45 est rapide et \u00e0 faible recul. Le JK45-783S a un court conducteur et est adapt\u00e9 pour un clouage simple de tir. Les bandes de base sont enti\u00e8rement visibles et il est donc facile de voir si l'outil doit \u00eatre recharg\u00e9. Le JK45 est facile \u00e0 nettoyer par la porte d'ouverture. S'il y a un risque de fissuration dans votre application, veuillez nous contacter pour une solution.","og_url":"https:\/\/kihlberg.com\/fr\/outils\/industrie-fr\/126315\/","og_site_name":"Josef kihlberg","article_modified_time":"2019-09-07T05:27:05+00:00","og_image":[{"width":720,"height":720,"url":"https:\/\/kihlberg.com\/wp-content\/uploads\/2018\/08\/126315.png","type":"image\/png"}],"twitter_card":"summary_large_image","twitter_misc":{"Price":"&euro;833","Availability":"In stock"},"schema":{"@context":"https:\/\/schema.org","@graph":[{"@type":"WebPage","@id":"https:\/\/kihlberg.com\/fr\/outils\/industrie-fr\/126315\/","url":"https:\/\/kihlberg.com\/fr\/outils\/industrie-fr\/126315\/","name":"Stapler JK45-783S","isPartOf":{"@id":"https:\/\/kihlberg.com\/fr\/#website"},"primaryImageOfPage":{"@id":"https:\/\/kihlberg.com\/fr\/outils\/industrie-fr\/126315\/#primaryimage"},"image":{"@id":"https:\/\/kihlberg.com\/fr\/outils\/industrie-fr\/126315\/#primaryimage"},"thumbnailUrl":"https:\/\/kihlberg.com\/wp-content\/uploads\/2018\/08\/126315.png","datePublished":"2018-09-21T10:34:22+00:00","dateModified":"2019-09-07T05:27:05+00:00","breadcrumb":{"@id":"https:\/\/kihlberg.com\/fr\/outils\/industrie-fr\/126315\/#breadcrumb"},"inLanguage":"fr","potentialAction":[{"@type":"ReadAction","target":["https:\/\/kihlberg.com\/fr\/outils\/industrie-fr\/126315\/"]}]},{"@type":"ImageObject","inLanguage":"fr","@id":"https:\/\/kihlberg.com\/fr\/outils\/industrie-fr\/126315\/#primaryimage","url":"https:\/\/kihlberg.com\/wp-content\/uploads\/2018\/08\/126315.png","contentUrl":"https:\/\/kihlberg.com\/wp-content\/uploads\/2018\/08\/126315.png","width":720,"height":720},{"@type":"BreadcrumbList","@id":"https:\/\/kihlberg.com\/fr\/outils\/industrie-fr\/126315\/#breadcrumb","itemListElement":[{"@type":"ListItem","position":1,"name":"Home","item":"https:\/\/kihlberg.com\/fr\/"},{"@type":"ListItem","position":2,"name":"Shop","item":"https:\/\/kihlberg.com\/shop\/"},{"@type":"ListItem","position":3,"name":"Outils","item":"https:\/\/kihlberg.com\/fr\/outils\/"},{"@type":"ListItem","position":4,"name":"Application","item":"https:\/\/kihlberg.com\/fr\/outils\/application-fr\/"},{"@type":"ListItem","position":5,"name":"Chassis de meubles","item":"https:\/\/kihlberg.com\/fr\/outils\/application-fr\/chassis-de-meubles\/"},{"@type":"ListItem","position":6,"name":"Agrafeuse JK45-783S"}]},{"@type":"WebSite","@id":"https:\/\/kihlberg.com\/fr\/#website","url":"https:\/\/kihlberg.com\/fr\/","name":"Josef kihlberg","description":"Made in Sweden. System manufacturer of premium staples &amp; tools that sets the standard. Legendary.","publisher":{"@id":"https:\/\/kihlberg.com\/fr\/#organization"},"potentialAction":[{"@type":"SearchAction","target":{"@type":"EntryPoint","urlTemplate":"https:\/\/kihlberg.com\/fr\/?s={search_term_string}"},"query-input":{"@type":"PropertyValueSpecification","valueRequired":true,"valueName":"search_term_string"}}],"inLanguage":"fr"},{"@type":"Organization","@id":"https:\/\/kihlberg.com\/fr\/#organization","name":"Josef Kihlberg","url":"https:\/\/kihlberg.com\/fr\/","logo":{"@type":"ImageObject","inLanguage":"fr","@id":"https:\/\/kihlberg.com\/fr\/#\/schema\/logo\/image\/","url":"https:\/\/kihlberg.com\/wp-content\/uploads\/2019\/01\/logo.jpg","contentUrl":"https:\/\/kihlberg.com\/wp-content\/uploads\/2019\/01\/logo.jpg","width":850,"height":850,"caption":"Josef Kihlberg"},"image":{"@id":"https:\/\/kihlberg.com\/fr\/#\/schema\/logo\/image\/"}}]},"product_price_amount":"833","product_price_currency":"EUR","og_availability":"instock","product_availability":"instock","product_retailer_item_id":"126315","product_condition":"new"},"_links":{"self":[{"href":"https:\/\/kihlberg.com\/fr\/wp-json\/wp\/v2\/product\/102239","targetHints":{"allow":["GET"]}}],"collection":[{"href":"https:\/\/kihlberg.com\/fr\/wp-json\/wp\/v2\/product"}],"about":[{"href":"https:\/\/kihlberg.com\/fr\/wp-json\/wp\/v2\/types\/product"}],"wp:featuredmedia":[{"embeddable":true,"href":"https:\/\/kihlberg.com\/fr\/wp-json\/wp\/v2\/media\/102247"}],"wp:attachment":[{"href":"https:\/\/kihlberg.com\/fr\/wp-json\/wp\/v2\/media?parent=102239"}],"wp:term":[{"taxonomy":"product_brand","embeddable":true,"href":"https:\/\/kihlberg.com\/fr\/wp-json\/wp\/v2\/product_brand?post=102239"},{"taxonomy":"product_cat","embeddable":true,"href":"https:\/\/kihlberg.com\/fr\/wp-json\/wp\/v2\/product_cat?post=102239"}],"curies":[{"name":"wp","href":"https:\/\/api.w.org\/{rel}","templated":true}]}}