{"id":102253,"date":"2018-09-21T10:34:08","date_gmt":"2018-09-21T10:34:08","guid":{"rendered":"https:\/\/kihlberg.com\/product\/126141\/"},"modified":"2019-09-07T05:27:04","modified_gmt":"2019-09-07T05:27:04","slug":"126141","status":"publish","type":"product","link":"https:\/\/kihlberg.com\/fr\/outils\/industrie-fr\/126141\/","title":{"rendered":"Agrafeuse JK20-680FN"},"content":{"rendered":"","protected":false},"excerpt":{"rendered":"<p>Le JK20-680FN est un outil pneumatique, professionnel fabriqu\u00e9 en Su\u00e8de pour l&#8217;industrie du meuble. Cet outil de prise de photos avec le nez tr\u00e8s long (40 mm) est particuli\u00e8rement adapt\u00e9 pour l&#8217;agrafage dans des espaces confin\u00e9s, par exemple l&#8217;agrafage des accoudoirs, coussins et de divers types d&#8217;agrafages profonds.<br \/>\nIl dispose d&#8217;un recul n\u00e9gligeable, un faible poids et un bon \u00e9quilibre. Le magasin est charg\u00e9 par le haut, ce qui emp\u00eache un d\u00e9clenchement accidentel en direction du visage de l&#8217;op\u00e9rateur pendant le chargement. La forme de nez \u00e9troit donne la haute pr\u00e9cision JK20-680FN.<br \/>\nL&#8217;agrafeuse a un niveau de bruit faible gr\u00e2ce \u00e0 un silencieux efficace.<\/p>\n","protected":false},"featured_media":102254,"template":"","meta":{"_acf_changed":false,"_genesis_hide_title":false,"_genesis_hide_breadcrumbs":false,"_genesis_hide_singular_image":false,"_genesis_hide_footer_widgets":false,"_genesis_custom_body_class":"","_genesis_custom_post_class":"","_genesis_layout":""},"product_brand":[],"product_cat":[2360,2362,2352,2350,2359],"class_list":{"0":"post-102253","1":"product","2":"type-product","3":"status-publish","4":"has-post-thumbnail","6":"product_cat-fenetres-et-portes","7":"product_cat-industrie-fr","8":"product_cat-la-fabrication-de-lit","9":"product_cat-outils","10":"product_cat-upholstered-furniture-fr","11":"pa_leg-length-230-fr","12":"pa_lubrication-oui","13":"pa_magazine-capacity-143-fr","14":"pa_max-pressure-7-fr","15":"pa_nose-length-40-fr","16":"pa_staple-leg-length-6-14-mm-1-4-9-16-in-fr","17":"entry","19":"first","20":"instock","21":"taxable","22":"shipping-taxable","23":"purchasable","24":"product-type-simple"},"acf":[],"yoast_head":"<!-- This site is optimized with the Yoast SEO plugin v26.1.1 - https:\/\/yoast.com\/wordpress\/plugins\/seo\/ -->\n<title>Stapler JK20-680FN<\/title>\n<meta name=\"robots\" content=\"noindex,follow\" \/>\n<link rel=\"canonical\" href=\"https:\/\/kihlberg.com\/fr\/outils\/industrie-fr\/126141\/\" \/>\n<meta property=\"og:locale\" content=\"fr_FR\" \/>\n<meta property=\"og:type\" content=\"article\" \/>\n<meta property=\"og:title\" content=\"Stapler JK20-680FN\" \/>\n<meta property=\"og:description\" content=\"Le JK20-680FN est un outil pneumatique, professionnel fabriqu\u00e9 en Su\u00e8de pour l&#039;industrie du meuble. Cet outil de prise de photos avec le nez tr\u00e8s long (40 mm) est particuli\u00e8rement adapt\u00e9 pour l&#039;agrafage dans des espaces confin\u00e9s, par exemple l&#039;agrafage des accoudoirs, coussins et de divers types d&#039;agrafages profonds. Il dispose d&#039;un recul n\u00e9gligeable, un faible poids et un bon \u00e9quilibre. Le magasin est charg\u00e9 par le haut, ce qui emp\u00eache un d\u00e9clenchement accidentel en direction du visage de l&#039;op\u00e9rateur pendant le chargement. La forme de nez \u00e9troit donne la haute pr\u00e9cision JK20-680FN. L&#039;agrafeuse a un niveau de bruit faible gr\u00e2ce \u00e0 un silencieux efficace.\" \/>\n<meta property=\"og:url\" content=\"https:\/\/kihlberg.com\/fr\/outils\/industrie-fr\/126141\/\" \/>\n<meta property=\"og:site_name\" content=\"Josef kihlberg\" \/>\n<meta property=\"article:modified_time\" content=\"2019-09-07T05:27:04+00:00\" \/>\n<meta property=\"og:image\" content=\"https:\/\/kihlberg.com\/wp-content\/uploads\/2018\/08\/126141.png\" \/>\n\t<meta property=\"og:image:width\" content=\"720\" \/>\n\t<meta property=\"og:image:height\" content=\"720\" \/>\n\t<meta property=\"og:image:type\" content=\"image\/png\" \/>\n<meta name=\"twitter:card\" content=\"summary_large_image\" \/>\n<meta name=\"twitter:label1\" content=\"Price\" \/>\n\t<meta name=\"twitter:data1\" content=\"&euro;485\" \/>\n\t<meta name=\"twitter:label2\" content=\"Availability\" \/>\n\t<meta name=\"twitter:data2\" content=\"In stock\" \/>\n<script type=\"application\/ld+json\" class=\"yoast-schema-graph\">{\"@context\":\"https:\/\/schema.org\",\"@graph\":[{\"@type\":\"WebPage\",\"@id\":\"https:\/\/kihlberg.com\/fr\/outils\/industrie-fr\/126141\/\",\"url\":\"https:\/\/kihlberg.com\/fr\/outils\/industrie-fr\/126141\/\",\"name\":\"Stapler JK20-680FN\",\"isPartOf\":{\"@id\":\"https:\/\/kihlberg.com\/fr\/#website\"},\"primaryImageOfPage\":{\"@id\":\"https:\/\/kihlberg.com\/fr\/outils\/industrie-fr\/126141\/#primaryimage\"},\"image\":{\"@id\":\"https:\/\/kihlberg.com\/fr\/outils\/industrie-fr\/126141\/#primaryimage\"},\"thumbnailUrl\":\"https:\/\/kihlberg.com\/wp-content\/uploads\/2018\/08\/126141.png\",\"datePublished\":\"2018-09-21T10:34:08+00:00\",\"dateModified\":\"2019-09-07T05:27:04+00:00\",\"breadcrumb\":{\"@id\":\"https:\/\/kihlberg.com\/fr\/outils\/industrie-fr\/126141\/#breadcrumb\"},\"inLanguage\":\"fr\",\"potentialAction\":[{\"@type\":\"ReadAction\",\"target\":[\"https:\/\/kihlberg.com\/fr\/outils\/industrie-fr\/126141\/\"]}]},{\"@type\":\"ImageObject\",\"inLanguage\":\"fr\",\"@id\":\"https:\/\/kihlberg.com\/fr\/outils\/industrie-fr\/126141\/#primaryimage\",\"url\":\"https:\/\/kihlberg.com\/wp-content\/uploads\/2018\/08\/126141.png\",\"contentUrl\":\"https:\/\/kihlberg.com\/wp-content\/uploads\/2018\/08\/126141.png\",\"width\":720,\"height\":720},{\"@type\":\"BreadcrumbList\",\"@id\":\"https:\/\/kihlberg.com\/fr\/outils\/industrie-fr\/126141\/#breadcrumb\",\"itemListElement\":[{\"@type\":\"ListItem\",\"position\":1,\"name\":\"Home\",\"item\":\"https:\/\/kihlberg.com\/fr\/\"},{\"@type\":\"ListItem\",\"position\":2,\"name\":\"Shop\",\"item\":\"https:\/\/kihlberg.com\/shop\/\"},{\"@type\":\"ListItem\",\"position\":3,\"name\":\"Outils\",\"item\":\"https:\/\/kihlberg.com\/fr\/outils\/\"},{\"@type\":\"ListItem\",\"position\":4,\"name\":\"Application\",\"item\":\"https:\/\/kihlberg.com\/fr\/outils\/application-fr\/\"},{\"@type\":\"ListItem\",\"position\":5,\"name\":\"Fen\u00eatres et portes\",\"item\":\"https:\/\/kihlberg.com\/fr\/outils\/application-fr\/fenetres-et-portes\/\"},{\"@type\":\"ListItem\",\"position\":6,\"name\":\"Agrafeuse JK20-680FN\"}]},{\"@type\":\"WebSite\",\"@id\":\"https:\/\/kihlberg.com\/fr\/#website\",\"url\":\"https:\/\/kihlberg.com\/fr\/\",\"name\":\"Josef kihlberg\",\"description\":\"Made in Sweden. System manufacturer of premium staples &amp; tools that sets the standard. Legendary.\",\"publisher\":{\"@id\":\"https:\/\/kihlberg.com\/fr\/#organization\"},\"potentialAction\":[{\"@type\":\"SearchAction\",\"target\":{\"@type\":\"EntryPoint\",\"urlTemplate\":\"https:\/\/kihlberg.com\/fr\/?s={search_term_string}\"},\"query-input\":{\"@type\":\"PropertyValueSpecification\",\"valueRequired\":true,\"valueName\":\"search_term_string\"}}],\"inLanguage\":\"fr\"},{\"@type\":\"Organization\",\"@id\":\"https:\/\/kihlberg.com\/fr\/#organization\",\"name\":\"Josef Kihlberg\",\"url\":\"https:\/\/kihlberg.com\/fr\/\",\"logo\":{\"@type\":\"ImageObject\",\"inLanguage\":\"fr\",\"@id\":\"https:\/\/kihlberg.com\/fr\/#\/schema\/logo\/image\/\",\"url\":\"https:\/\/kihlberg.com\/wp-content\/uploads\/2019\/01\/logo.jpg\",\"contentUrl\":\"https:\/\/kihlberg.com\/wp-content\/uploads\/2019\/01\/logo.jpg\",\"width\":850,\"height\":850,\"caption\":\"Josef Kihlberg\"},\"image\":{\"@id\":\"https:\/\/kihlberg.com\/fr\/#\/schema\/logo\/image\/\"}}]}<\/script>\n<meta property=\"product:price:amount\" content=\"485\" \/>\n<meta property=\"product:price:currency\" content=\"EUR\" \/>\n<meta property=\"og:availability\" content=\"instock\" \/>\n<meta property=\"product:availability\" content=\"instock\" \/>\n<meta property=\"product:retailer_item_id\" content=\"126141\" \/>\n<meta property=\"product:condition\" content=\"new\" \/>\n<!-- \/ Yoast SEO plugin. -->","yoast_head_json":{"title":"Stapler JK20-680FN","robots":{"index,follow":"noindex,follow"},"canonical":"https:\/\/kihlberg.com\/fr\/outils\/industrie-fr\/126141\/","og_locale":"fr_FR","og_type":"article","og_title":"Stapler JK20-680FN","og_description":"Le JK20-680FN est un outil pneumatique, professionnel fabriqu\u00e9 en Su\u00e8de pour l'industrie du meuble. Cet outil de prise de photos avec le nez tr\u00e8s long (40 mm) est particuli\u00e8rement adapt\u00e9 pour l'agrafage dans des espaces confin\u00e9s, par exemple l'agrafage des accoudoirs, coussins et de divers types d'agrafages profonds. Il dispose d'un recul n\u00e9gligeable, un faible poids et un bon \u00e9quilibre. Le magasin est charg\u00e9 par le haut, ce qui emp\u00eache un d\u00e9clenchement accidentel en direction du visage de l'op\u00e9rateur pendant le chargement. La forme de nez \u00e9troit donne la haute pr\u00e9cision JK20-680FN. L'agrafeuse a un niveau de bruit faible gr\u00e2ce \u00e0 un silencieux efficace.","og_url":"https:\/\/kihlberg.com\/fr\/outils\/industrie-fr\/126141\/","og_site_name":"Josef kihlberg","article_modified_time":"2019-09-07T05:27:04+00:00","og_image":[{"width":720,"height":720,"url":"https:\/\/kihlberg.com\/wp-content\/uploads\/2018\/08\/126141.png","type":"image\/png"}],"twitter_card":"summary_large_image","twitter_misc":{"Price":"&euro;485","Availability":"In stock"},"schema":{"@context":"https:\/\/schema.org","@graph":[{"@type":"WebPage","@id":"https:\/\/kihlberg.com\/fr\/outils\/industrie-fr\/126141\/","url":"https:\/\/kihlberg.com\/fr\/outils\/industrie-fr\/126141\/","name":"Stapler JK20-680FN","isPartOf":{"@id":"https:\/\/kihlberg.com\/fr\/#website"},"primaryImageOfPage":{"@id":"https:\/\/kihlberg.com\/fr\/outils\/industrie-fr\/126141\/#primaryimage"},"image":{"@id":"https:\/\/kihlberg.com\/fr\/outils\/industrie-fr\/126141\/#primaryimage"},"thumbnailUrl":"https:\/\/kihlberg.com\/wp-content\/uploads\/2018\/08\/126141.png","datePublished":"2018-09-21T10:34:08+00:00","dateModified":"2019-09-07T05:27:04+00:00","breadcrumb":{"@id":"https:\/\/kihlberg.com\/fr\/outils\/industrie-fr\/126141\/#breadcrumb"},"inLanguage":"fr","potentialAction":[{"@type":"ReadAction","target":["https:\/\/kihlberg.com\/fr\/outils\/industrie-fr\/126141\/"]}]},{"@type":"ImageObject","inLanguage":"fr","@id":"https:\/\/kihlberg.com\/fr\/outils\/industrie-fr\/126141\/#primaryimage","url":"https:\/\/kihlberg.com\/wp-content\/uploads\/2018\/08\/126141.png","contentUrl":"https:\/\/kihlberg.com\/wp-content\/uploads\/2018\/08\/126141.png","width":720,"height":720},{"@type":"BreadcrumbList","@id":"https:\/\/kihlberg.com\/fr\/outils\/industrie-fr\/126141\/#breadcrumb","itemListElement":[{"@type":"ListItem","position":1,"name":"Home","item":"https:\/\/kihlberg.com\/fr\/"},{"@type":"ListItem","position":2,"name":"Shop","item":"https:\/\/kihlberg.com\/shop\/"},{"@type":"ListItem","position":3,"name":"Outils","item":"https:\/\/kihlberg.com\/fr\/outils\/"},{"@type":"ListItem","position":4,"name":"Application","item":"https:\/\/kihlberg.com\/fr\/outils\/application-fr\/"},{"@type":"ListItem","position":5,"name":"Fen\u00eatres et portes","item":"https:\/\/kihlberg.com\/fr\/outils\/application-fr\/fenetres-et-portes\/"},{"@type":"ListItem","position":6,"name":"Agrafeuse JK20-680FN"}]},{"@type":"WebSite","@id":"https:\/\/kihlberg.com\/fr\/#website","url":"https:\/\/kihlberg.com\/fr\/","name":"Josef kihlberg","description":"Made in Sweden. System manufacturer of premium staples &amp; tools that sets the standard. Legendary.","publisher":{"@id":"https:\/\/kihlberg.com\/fr\/#organization"},"potentialAction":[{"@type":"SearchAction","target":{"@type":"EntryPoint","urlTemplate":"https:\/\/kihlberg.com\/fr\/?s={search_term_string}"},"query-input":{"@type":"PropertyValueSpecification","valueRequired":true,"valueName":"search_term_string"}}],"inLanguage":"fr"},{"@type":"Organization","@id":"https:\/\/kihlberg.com\/fr\/#organization","name":"Josef Kihlberg","url":"https:\/\/kihlberg.com\/fr\/","logo":{"@type":"ImageObject","inLanguage":"fr","@id":"https:\/\/kihlberg.com\/fr\/#\/schema\/logo\/image\/","url":"https:\/\/kihlberg.com\/wp-content\/uploads\/2019\/01\/logo.jpg","contentUrl":"https:\/\/kihlberg.com\/wp-content\/uploads\/2019\/01\/logo.jpg","width":850,"height":850,"caption":"Josef Kihlberg"},"image":{"@id":"https:\/\/kihlberg.com\/fr\/#\/schema\/logo\/image\/"}}]},"product_price_amount":"485","product_price_currency":"EUR","og_availability":"instock","product_availability":"instock","product_retailer_item_id":"126141","product_condition":"new"},"_links":{"self":[{"href":"https:\/\/kihlberg.com\/fr\/wp-json\/wp\/v2\/product\/102253","targetHints":{"allow":["GET"]}}],"collection":[{"href":"https:\/\/kihlberg.com\/fr\/wp-json\/wp\/v2\/product"}],"about":[{"href":"https:\/\/kihlberg.com\/fr\/wp-json\/wp\/v2\/types\/product"}],"wp:featuredmedia":[{"embeddable":true,"href":"https:\/\/kihlberg.com\/fr\/wp-json\/wp\/v2\/media\/102254"}],"wp:attachment":[{"href":"https:\/\/kihlberg.com\/fr\/wp-json\/wp\/v2\/media?parent=102253"}],"wp:term":[{"taxonomy":"product_brand","embeddable":true,"href":"https:\/\/kihlberg.com\/fr\/wp-json\/wp\/v2\/product_brand?post=102253"},{"taxonomy":"product_cat","embeddable":true,"href":"https:\/\/kihlberg.com\/fr\/wp-json\/wp\/v2\/product_cat?post=102253"}],"curies":[{"name":"wp","href":"https:\/\/api.w.org\/{rel}","templated":true}]}}