{"id":102259,"date":"2018-09-21T10:33:53","date_gmt":"2018-09-21T10:33:53","guid":{"rendered":"https:\/\/kihlberg.com\/product\/126138\/"},"modified":"2019-09-07T05:27:01","modified_gmt":"2019-09-07T05:27:01","slug":"126138","status":"publish","type":"product","link":"https:\/\/kihlberg.com\/fr\/outils\/emballage\/126138\/","title":{"rendered":"Pince agrafeuse JK20T779L"},"content":{"rendered":"","protected":false},"excerpt":{"rendered":"<p>Le JK20T779L est une agrafeuse \u00e0 pince robuste fabriqu\u00e9e en Su\u00e8de pour les utilisateurs professionnels. La caract\u00e9ristique de cet outil est son silence, son agrafage rapide, un faible poids et un bon \u00e9quilibre. La conception de l&#8217;enclume permet au mat\u00e9riau d&#8217;\u00eatre manipul\u00e9 avec pr\u00e9caution. L&#8217;outil est principalement destin\u00e9 \u00e0 l&#8217;agrafage d&#8217;emballages tels que emballages, sacs, feuilles, sacs et diff\u00e9rents types de tissu, mais est \u00e9galement id\u00e9al pour des applications telles que l&#8217;agrafage industriel et l&#8217;assemblage de mat\u00e9riaux diff\u00e9rents.<\/p>\n","protected":false},"featured_media":102260,"template":"","meta":{"_acf_changed":false,"_genesis_hide_title":false,"_genesis_hide_breadcrumbs":false,"_genesis_hide_singular_image":false,"_genesis_hide_footer_widgets":false,"_genesis_custom_body_class":"","_genesis_custom_post_class":"","_genesis_layout":""},"product_brand":[],"product_cat":[2355,2363,2350,2358],"class_list":{"0":"post-102259","1":"product","2":"type-product","3":"status-publish","4":"has-post-thumbnail","6":"product_cat-agrafage-de-plaques","7":"product_cat-emballage","8":"product_cat-outils","9":"product_cat-transport-packages-fr","10":"pa_leg-length-375-fr","11":"pa_magazine-capacity-168-fr","12":"pa_staple-leg-length-8-16-mm-5-16-5-8-in-fr","13":"entry","15":"first","16":"instock","17":"taxable","18":"shipping-taxable","19":"purchasable","20":"product-type-simple"},"acf":[],"yoast_head":"<!-- This site is optimized with the Yoast SEO plugin v26.1.1 - https:\/\/yoast.com\/wordpress\/plugins\/seo\/ -->\n<title>Plier stapler JK20T779L<\/title>\n<meta name=\"robots\" content=\"noindex,follow\" \/>\n<link rel=\"canonical\" href=\"https:\/\/kihlberg.com\/fr\/outils\/emballage\/126138\/\" \/>\n<meta property=\"og:locale\" content=\"fr_FR\" \/>\n<meta property=\"og:type\" content=\"article\" \/>\n<meta property=\"og:title\" content=\"Plier stapler JK20T779L\" \/>\n<meta property=\"og:description\" content=\"Le JK20T779L est une agrafeuse \u00e0 pince robuste fabriqu\u00e9e en Su\u00e8de pour les utilisateurs professionnels. La caract\u00e9ristique de cet outil est son silence, son agrafage rapide, un faible poids et un bon \u00e9quilibre. La conception de l&#039;enclume permet au mat\u00e9riau d&#039;\u00eatre manipul\u00e9 avec pr\u00e9caution. L&#039;outil est principalement destin\u00e9 \u00e0 l&#039;agrafage d&#039;emballages tels que emballages, sacs, feuilles, sacs et diff\u00e9rents types de tissu, mais est \u00e9galement id\u00e9al pour des applications telles que l&#039;agrafage industriel et l&#039;assemblage de mat\u00e9riaux diff\u00e9rents.\" \/>\n<meta property=\"og:url\" content=\"https:\/\/kihlberg.com\/fr\/outils\/emballage\/126138\/\" \/>\n<meta property=\"og:site_name\" content=\"Josef kihlberg\" \/>\n<meta property=\"article:modified_time\" content=\"2019-09-07T05:27:01+00:00\" \/>\n<meta property=\"og:image\" content=\"https:\/\/kihlberg.com\/wp-content\/uploads\/2018\/08\/126138.png\" \/>\n\t<meta property=\"og:image:width\" content=\"720\" \/>\n\t<meta property=\"og:image:height\" content=\"720\" \/>\n\t<meta property=\"og:image:type\" content=\"image\/png\" \/>\n<meta name=\"twitter:card\" content=\"summary_large_image\" \/>\n<meta name=\"twitter:label1\" content=\"Price\" \/>\n\t<meta name=\"twitter:data1\" content=\"&euro;758\" \/>\n\t<meta name=\"twitter:label2\" content=\"Availability\" \/>\n\t<meta name=\"twitter:data2\" content=\"In stock\" \/>\n<script type=\"application\/ld+json\" class=\"yoast-schema-graph\">{\"@context\":\"https:\/\/schema.org\",\"@graph\":[{\"@type\":\"WebPage\",\"@id\":\"https:\/\/kihlberg.com\/fr\/outils\/emballage\/126138\/\",\"url\":\"https:\/\/kihlberg.com\/fr\/outils\/emballage\/126138\/\",\"name\":\"Plier stapler JK20T779L\",\"isPartOf\":{\"@id\":\"https:\/\/kihlberg.com\/fr\/#website\"},\"primaryImageOfPage\":{\"@id\":\"https:\/\/kihlberg.com\/fr\/outils\/emballage\/126138\/#primaryimage\"},\"image\":{\"@id\":\"https:\/\/kihlberg.com\/fr\/outils\/emballage\/126138\/#primaryimage\"},\"thumbnailUrl\":\"https:\/\/kihlberg.com\/wp-content\/uploads\/2018\/08\/126138.png\",\"datePublished\":\"2018-09-21T10:33:53+00:00\",\"dateModified\":\"2019-09-07T05:27:01+00:00\",\"breadcrumb\":{\"@id\":\"https:\/\/kihlberg.com\/fr\/outils\/emballage\/126138\/#breadcrumb\"},\"inLanguage\":\"fr\",\"potentialAction\":[{\"@type\":\"ReadAction\",\"target\":[\"https:\/\/kihlberg.com\/fr\/outils\/emballage\/126138\/\"]}]},{\"@type\":\"ImageObject\",\"inLanguage\":\"fr\",\"@id\":\"https:\/\/kihlberg.com\/fr\/outils\/emballage\/126138\/#primaryimage\",\"url\":\"https:\/\/kihlberg.com\/wp-content\/uploads\/2018\/08\/126138.png\",\"contentUrl\":\"https:\/\/kihlberg.com\/wp-content\/uploads\/2018\/08\/126138.png\",\"width\":720,\"height\":720},{\"@type\":\"BreadcrumbList\",\"@id\":\"https:\/\/kihlberg.com\/fr\/outils\/emballage\/126138\/#breadcrumb\",\"itemListElement\":[{\"@type\":\"ListItem\",\"position\":1,\"name\":\"Home\",\"item\":\"https:\/\/kihlberg.com\/fr\/\"},{\"@type\":\"ListItem\",\"position\":2,\"name\":\"Shop\",\"item\":\"https:\/\/kihlberg.com\/shop\/\"},{\"@type\":\"ListItem\",\"position\":3,\"name\":\"Outils\",\"item\":\"https:\/\/kihlberg.com\/fr\/outils\/\"},{\"@type\":\"ListItem\",\"position\":4,\"name\":\"Application\",\"item\":\"https:\/\/kihlberg.com\/fr\/outils\/application-fr\/\"},{\"@type\":\"ListItem\",\"position\":5,\"name\":\"Agrafage de plaques\",\"item\":\"https:\/\/kihlberg.com\/fr\/outils\/application-fr\/agrafage-de-plaques\/\"},{\"@type\":\"ListItem\",\"position\":6,\"name\":\"Pince agrafeuse JK20T779L\"}]},{\"@type\":\"WebSite\",\"@id\":\"https:\/\/kihlberg.com\/fr\/#website\",\"url\":\"https:\/\/kihlberg.com\/fr\/\",\"name\":\"Josef kihlberg\",\"description\":\"Made in Sweden. System manufacturer of premium staples &amp; tools that sets the standard. Legendary.\",\"publisher\":{\"@id\":\"https:\/\/kihlberg.com\/fr\/#organization\"},\"potentialAction\":[{\"@type\":\"SearchAction\",\"target\":{\"@type\":\"EntryPoint\",\"urlTemplate\":\"https:\/\/kihlberg.com\/fr\/?s={search_term_string}\"},\"query-input\":{\"@type\":\"PropertyValueSpecification\",\"valueRequired\":true,\"valueName\":\"search_term_string\"}}],\"inLanguage\":\"fr\"},{\"@type\":\"Organization\",\"@id\":\"https:\/\/kihlberg.com\/fr\/#organization\",\"name\":\"Josef Kihlberg\",\"url\":\"https:\/\/kihlberg.com\/fr\/\",\"logo\":{\"@type\":\"ImageObject\",\"inLanguage\":\"fr\",\"@id\":\"https:\/\/kihlberg.com\/fr\/#\/schema\/logo\/image\/\",\"url\":\"https:\/\/kihlberg.com\/wp-content\/uploads\/2019\/01\/logo.jpg\",\"contentUrl\":\"https:\/\/kihlberg.com\/wp-content\/uploads\/2019\/01\/logo.jpg\",\"width\":850,\"height\":850,\"caption\":\"Josef Kihlberg\"},\"image\":{\"@id\":\"https:\/\/kihlberg.com\/fr\/#\/schema\/logo\/image\/\"}}]}<\/script>\n<meta property=\"product:price:amount\" content=\"758\" \/>\n<meta property=\"product:price:currency\" content=\"EUR\" \/>\n<meta property=\"og:availability\" content=\"instock\" \/>\n<meta property=\"product:availability\" content=\"instock\" \/>\n<meta property=\"product:retailer_item_id\" content=\"126138\" \/>\n<meta property=\"product:condition\" content=\"new\" \/>\n<!-- \/ Yoast SEO plugin. -->","yoast_head_json":{"title":"Plier stapler JK20T779L","robots":{"index,follow":"noindex,follow"},"canonical":"https:\/\/kihlberg.com\/fr\/outils\/emballage\/126138\/","og_locale":"fr_FR","og_type":"article","og_title":"Plier stapler JK20T779L","og_description":"Le JK20T779L est une agrafeuse \u00e0 pince robuste fabriqu\u00e9e en Su\u00e8de pour les utilisateurs professionnels. La caract\u00e9ristique de cet outil est son silence, son agrafage rapide, un faible poids et un bon \u00e9quilibre. La conception de l'enclume permet au mat\u00e9riau d'\u00eatre manipul\u00e9 avec pr\u00e9caution. L'outil est principalement destin\u00e9 \u00e0 l'agrafage d'emballages tels que emballages, sacs, feuilles, sacs et diff\u00e9rents types de tissu, mais est \u00e9galement id\u00e9al pour des applications telles que l'agrafage industriel et l'assemblage de mat\u00e9riaux diff\u00e9rents.","og_url":"https:\/\/kihlberg.com\/fr\/outils\/emballage\/126138\/","og_site_name":"Josef kihlberg","article_modified_time":"2019-09-07T05:27:01+00:00","og_image":[{"width":720,"height":720,"url":"https:\/\/kihlberg.com\/wp-content\/uploads\/2018\/08\/126138.png","type":"image\/png"}],"twitter_card":"summary_large_image","twitter_misc":{"Price":"&euro;758","Availability":"In stock"},"schema":{"@context":"https:\/\/schema.org","@graph":[{"@type":"WebPage","@id":"https:\/\/kihlberg.com\/fr\/outils\/emballage\/126138\/","url":"https:\/\/kihlberg.com\/fr\/outils\/emballage\/126138\/","name":"Plier stapler JK20T779L","isPartOf":{"@id":"https:\/\/kihlberg.com\/fr\/#website"},"primaryImageOfPage":{"@id":"https:\/\/kihlberg.com\/fr\/outils\/emballage\/126138\/#primaryimage"},"image":{"@id":"https:\/\/kihlberg.com\/fr\/outils\/emballage\/126138\/#primaryimage"},"thumbnailUrl":"https:\/\/kihlberg.com\/wp-content\/uploads\/2018\/08\/126138.png","datePublished":"2018-09-21T10:33:53+00:00","dateModified":"2019-09-07T05:27:01+00:00","breadcrumb":{"@id":"https:\/\/kihlberg.com\/fr\/outils\/emballage\/126138\/#breadcrumb"},"inLanguage":"fr","potentialAction":[{"@type":"ReadAction","target":["https:\/\/kihlberg.com\/fr\/outils\/emballage\/126138\/"]}]},{"@type":"ImageObject","inLanguage":"fr","@id":"https:\/\/kihlberg.com\/fr\/outils\/emballage\/126138\/#primaryimage","url":"https:\/\/kihlberg.com\/wp-content\/uploads\/2018\/08\/126138.png","contentUrl":"https:\/\/kihlberg.com\/wp-content\/uploads\/2018\/08\/126138.png","width":720,"height":720},{"@type":"BreadcrumbList","@id":"https:\/\/kihlberg.com\/fr\/outils\/emballage\/126138\/#breadcrumb","itemListElement":[{"@type":"ListItem","position":1,"name":"Home","item":"https:\/\/kihlberg.com\/fr\/"},{"@type":"ListItem","position":2,"name":"Shop","item":"https:\/\/kihlberg.com\/shop\/"},{"@type":"ListItem","position":3,"name":"Outils","item":"https:\/\/kihlberg.com\/fr\/outils\/"},{"@type":"ListItem","position":4,"name":"Application","item":"https:\/\/kihlberg.com\/fr\/outils\/application-fr\/"},{"@type":"ListItem","position":5,"name":"Agrafage de plaques","item":"https:\/\/kihlberg.com\/fr\/outils\/application-fr\/agrafage-de-plaques\/"},{"@type":"ListItem","position":6,"name":"Pince agrafeuse JK20T779L"}]},{"@type":"WebSite","@id":"https:\/\/kihlberg.com\/fr\/#website","url":"https:\/\/kihlberg.com\/fr\/","name":"Josef kihlberg","description":"Made in Sweden. System manufacturer of premium staples &amp; tools that sets the standard. Legendary.","publisher":{"@id":"https:\/\/kihlberg.com\/fr\/#organization"},"potentialAction":[{"@type":"SearchAction","target":{"@type":"EntryPoint","urlTemplate":"https:\/\/kihlberg.com\/fr\/?s={search_term_string}"},"query-input":{"@type":"PropertyValueSpecification","valueRequired":true,"valueName":"search_term_string"}}],"inLanguage":"fr"},{"@type":"Organization","@id":"https:\/\/kihlberg.com\/fr\/#organization","name":"Josef Kihlberg","url":"https:\/\/kihlberg.com\/fr\/","logo":{"@type":"ImageObject","inLanguage":"fr","@id":"https:\/\/kihlberg.com\/fr\/#\/schema\/logo\/image\/","url":"https:\/\/kihlberg.com\/wp-content\/uploads\/2019\/01\/logo.jpg","contentUrl":"https:\/\/kihlberg.com\/wp-content\/uploads\/2019\/01\/logo.jpg","width":850,"height":850,"caption":"Josef Kihlberg"},"image":{"@id":"https:\/\/kihlberg.com\/fr\/#\/schema\/logo\/image\/"}}]},"product_price_amount":"758","product_price_currency":"EUR","og_availability":"instock","product_availability":"instock","product_retailer_item_id":"126138","product_condition":"new"},"_links":{"self":[{"href":"https:\/\/kihlberg.com\/fr\/wp-json\/wp\/v2\/product\/102259","targetHints":{"allow":["GET"]}}],"collection":[{"href":"https:\/\/kihlberg.com\/fr\/wp-json\/wp\/v2\/product"}],"about":[{"href":"https:\/\/kihlberg.com\/fr\/wp-json\/wp\/v2\/types\/product"}],"wp:featuredmedia":[{"embeddable":true,"href":"https:\/\/kihlberg.com\/fr\/wp-json\/wp\/v2\/media\/102260"}],"wp:attachment":[{"href":"https:\/\/kihlberg.com\/fr\/wp-json\/wp\/v2\/media?parent=102259"}],"wp:term":[{"taxonomy":"product_brand","embeddable":true,"href":"https:\/\/kihlberg.com\/fr\/wp-json\/wp\/v2\/product_brand?post=102259"},{"taxonomy":"product_cat","embeddable":true,"href":"https:\/\/kihlberg.com\/fr\/wp-json\/wp\/v2\/product_cat?post=102259"}],"curies":[{"name":"wp","href":"https:\/\/api.w.org\/{rel}","templated":true}]}}