{"id":102265,"date":"2018-09-21T10:33:41","date_gmt":"2018-09-21T10:33:41","guid":{"rendered":"https:\/\/kihlberg.com\/product\/126033\/"},"modified":"2019-09-07T05:27:00","modified_gmt":"2019-09-07T05:27:00","slug":"126033","status":"publish","type":"product","link":"https:\/\/kihlberg.com\/fr\/outils\/industrie-fr\/126033\/","title":{"rendered":"Agrafeuse JK20A670L"},"content":{"rendered":"","protected":false},"excerpt":{"rendered":"<p>Notre outil pneumatique JK20A670L fabriqu\u00e9 en Su\u00e8de pour les professionnels est un excellent outil pour l&#8217;industrie des meubles, des lits et de la menuiserie, mais naturellement aussi pour d&#8217;autres mat\u00e9riaux tels que des cartes et des dalles \u00e0 bois. Le JK20A670L a un haut niveau d&#8217;efficacit\u00e9 qui permet d&#8217;\u00e9conomiser du temps et augmente la rentabilit\u00e9 au cours du temps. Le fonctionnement automatique de l&#8217;agrafeuse est tr\u00e8s rapide, jusqu&#8217;\u00e0 30 agrafes \/ seconde (1 700 par minute), et peut \u00eatre facilement chang\u00e9 de z\u00e9ro au maximum \u00e0 l&#8217;aide d&#8217;une vis de r\u00e9glage. Si n\u00e9cessaire, le fonctionnement automatique peut \u00eatre d\u00e9sactiv\u00e9 en appuyant sur un bouton. De cette fa\u00e7on, vous pouvez facilement basculer entre un seul coup de feu et le tir automatique. Cette conception unique permet de travailler avec l&#8217;outil tr\u00e8s facilement. Le faible niveau de bruit et de recul n\u00e9gligeable rend JK20A670L encore plus attrayant.<\/p>\n","protected":false},"featured_media":102266,"template":"","meta":{"_acf_changed":false,"_genesis_hide_title":false,"_genesis_hide_breadcrumbs":false,"_genesis_hide_singular_image":false,"_genesis_hide_footer_widgets":false,"_genesis_custom_body_class":"","_genesis_custom_post_class":"","_genesis_layout":""},"product_brand":[],"product_cat":[2360,2362,2352,2350],"class_list":{"0":"post-102265","1":"product","2":"type-product","3":"status-publish","4":"has-post-thumbnail","6":"product_cat-fenetres-et-portes","7":"product_cat-industrie-fr","8":"product_cat-la-fabrication-de-lit","9":"product_cat-outils","10":"pa_leg-length-365-fr","11":"pa_lubrication-oui","12":"pa_magazine-capacity-358-fr","13":"pa_max-pressure-7-fr","14":"pa_nose-length-14-fr","15":"pa_staple-leg-length-6-12-mm-1-4-1-2-in-fr","16":"entry","18":"first","19":"instock","20":"taxable","21":"shipping-taxable","22":"purchasable","23":"product-type-simple"},"acf":[],"yoast_head":"<!-- This site is optimized with the Yoast SEO plugin v26.1.1 - https:\/\/yoast.com\/wordpress\/plugins\/seo\/ -->\n<title>Stapler JK20A670L<\/title>\n<meta name=\"robots\" content=\"noindex,follow\" \/>\n<link rel=\"canonical\" href=\"https:\/\/kihlberg.com\/fr\/outils\/industrie-fr\/126033\/\" \/>\n<meta property=\"og:locale\" content=\"fr_FR\" \/>\n<meta property=\"og:type\" content=\"article\" \/>\n<meta property=\"og:title\" content=\"Stapler JK20A670L\" \/>\n<meta property=\"og:description\" content=\"Notre outil pneumatique JK20A670L fabriqu\u00e9 en Su\u00e8de pour les professionnels est un excellent outil pour l&#039;industrie des meubles, des lits et de la menuiserie, mais naturellement aussi pour d&#039;autres mat\u00e9riaux tels que des cartes et des dalles \u00e0 bois. Le JK20A670L a un haut niveau d&#039;efficacit\u00e9 qui permet d&#039;\u00e9conomiser du temps et augmente la rentabilit\u00e9 au cours du temps. Le fonctionnement automatique de l&#039;agrafeuse est tr\u00e8s rapide, jusqu&#039;\u00e0 30 agrafes \/ seconde (1 700 par minute), et peut \u00eatre facilement chang\u00e9 de z\u00e9ro au maximum \u00e0 l&#039;aide d&#039;une vis de r\u00e9glage. Si n\u00e9cessaire, le fonctionnement automatique peut \u00eatre d\u00e9sactiv\u00e9 en appuyant sur un bouton. De cette fa\u00e7on, vous pouvez facilement basculer entre un seul coup de feu et le tir automatique. Cette conception unique permet de travailler avec l&#039;outil tr\u00e8s facilement. Le faible niveau de bruit et de recul n\u00e9gligeable rend JK20A670L encore plus attrayant.\" \/>\n<meta property=\"og:url\" content=\"https:\/\/kihlberg.com\/fr\/outils\/industrie-fr\/126033\/\" \/>\n<meta property=\"og:site_name\" content=\"Josef kihlberg\" \/>\n<meta property=\"article:modified_time\" content=\"2019-09-07T05:27:00+00:00\" \/>\n<meta property=\"og:image\" content=\"https:\/\/kihlberg.com\/wp-content\/uploads\/2018\/08\/126033.png\" \/>\n\t<meta property=\"og:image:width\" content=\"720\" \/>\n\t<meta property=\"og:image:height\" content=\"720\" \/>\n\t<meta property=\"og:image:type\" content=\"image\/png\" \/>\n<meta name=\"twitter:card\" content=\"summary_large_image\" \/>\n<meta name=\"twitter:label1\" content=\"Price\" \/>\n\t<meta name=\"twitter:data1\" content=\"&euro;572\" \/>\n\t<meta name=\"twitter:label2\" content=\"Availability\" \/>\n\t<meta name=\"twitter:data2\" content=\"In stock\" \/>\n<script type=\"application\/ld+json\" class=\"yoast-schema-graph\">{\"@context\":\"https:\/\/schema.org\",\"@graph\":[{\"@type\":\"WebPage\",\"@id\":\"https:\/\/kihlberg.com\/fr\/outils\/industrie-fr\/126033\/\",\"url\":\"https:\/\/kihlberg.com\/fr\/outils\/industrie-fr\/126033\/\",\"name\":\"Stapler JK20A670L\",\"isPartOf\":{\"@id\":\"https:\/\/kihlberg.com\/fr\/#website\"},\"primaryImageOfPage\":{\"@id\":\"https:\/\/kihlberg.com\/fr\/outils\/industrie-fr\/126033\/#primaryimage\"},\"image\":{\"@id\":\"https:\/\/kihlberg.com\/fr\/outils\/industrie-fr\/126033\/#primaryimage\"},\"thumbnailUrl\":\"https:\/\/kihlberg.com\/wp-content\/uploads\/2018\/08\/126033.png\",\"datePublished\":\"2018-09-21T10:33:41+00:00\",\"dateModified\":\"2019-09-07T05:27:00+00:00\",\"breadcrumb\":{\"@id\":\"https:\/\/kihlberg.com\/fr\/outils\/industrie-fr\/126033\/#breadcrumb\"},\"inLanguage\":\"fr\",\"potentialAction\":[{\"@type\":\"ReadAction\",\"target\":[\"https:\/\/kihlberg.com\/fr\/outils\/industrie-fr\/126033\/\"]}]},{\"@type\":\"ImageObject\",\"inLanguage\":\"fr\",\"@id\":\"https:\/\/kihlberg.com\/fr\/outils\/industrie-fr\/126033\/#primaryimage\",\"url\":\"https:\/\/kihlberg.com\/wp-content\/uploads\/2018\/08\/126033.png\",\"contentUrl\":\"https:\/\/kihlberg.com\/wp-content\/uploads\/2018\/08\/126033.png\",\"width\":720,\"height\":720},{\"@type\":\"BreadcrumbList\",\"@id\":\"https:\/\/kihlberg.com\/fr\/outils\/industrie-fr\/126033\/#breadcrumb\",\"itemListElement\":[{\"@type\":\"ListItem\",\"position\":1,\"name\":\"Home\",\"item\":\"https:\/\/kihlberg.com\/fr\/\"},{\"@type\":\"ListItem\",\"position\":2,\"name\":\"Shop\",\"item\":\"https:\/\/kihlberg.com\/shop\/\"},{\"@type\":\"ListItem\",\"position\":3,\"name\":\"Outils\",\"item\":\"https:\/\/kihlberg.com\/fr\/outils\/\"},{\"@type\":\"ListItem\",\"position\":4,\"name\":\"Application\",\"item\":\"https:\/\/kihlberg.com\/fr\/outils\/application-fr\/\"},{\"@type\":\"ListItem\",\"position\":5,\"name\":\"Fen\u00eatres et portes\",\"item\":\"https:\/\/kihlberg.com\/fr\/outils\/application-fr\/fenetres-et-portes\/\"},{\"@type\":\"ListItem\",\"position\":6,\"name\":\"Agrafeuse JK20A670L\"}]},{\"@type\":\"WebSite\",\"@id\":\"https:\/\/kihlberg.com\/fr\/#website\",\"url\":\"https:\/\/kihlberg.com\/fr\/\",\"name\":\"Josef kihlberg\",\"description\":\"Made in Sweden. System manufacturer of premium staples &amp; tools that sets the standard. Legendary.\",\"publisher\":{\"@id\":\"https:\/\/kihlberg.com\/fr\/#organization\"},\"potentialAction\":[{\"@type\":\"SearchAction\",\"target\":{\"@type\":\"EntryPoint\",\"urlTemplate\":\"https:\/\/kihlberg.com\/fr\/?s={search_term_string}\"},\"query-input\":{\"@type\":\"PropertyValueSpecification\",\"valueRequired\":true,\"valueName\":\"search_term_string\"}}],\"inLanguage\":\"fr\"},{\"@type\":\"Organization\",\"@id\":\"https:\/\/kihlberg.com\/fr\/#organization\",\"name\":\"Josef Kihlberg\",\"url\":\"https:\/\/kihlberg.com\/fr\/\",\"logo\":{\"@type\":\"ImageObject\",\"inLanguage\":\"fr\",\"@id\":\"https:\/\/kihlberg.com\/fr\/#\/schema\/logo\/image\/\",\"url\":\"https:\/\/kihlberg.com\/wp-content\/uploads\/2019\/01\/logo.jpg\",\"contentUrl\":\"https:\/\/kihlberg.com\/wp-content\/uploads\/2019\/01\/logo.jpg\",\"width\":850,\"height\":850,\"caption\":\"Josef Kihlberg\"},\"image\":{\"@id\":\"https:\/\/kihlberg.com\/fr\/#\/schema\/logo\/image\/\"}}]}<\/script>\n<meta property=\"product:price:amount\" content=\"572\" \/>\n<meta property=\"product:price:currency\" content=\"EUR\" \/>\n<meta property=\"og:availability\" content=\"instock\" \/>\n<meta property=\"product:availability\" content=\"instock\" \/>\n<meta property=\"product:retailer_item_id\" content=\"126033\" \/>\n<meta property=\"product:condition\" content=\"new\" \/>\n<!-- \/ Yoast SEO plugin. -->","yoast_head_json":{"title":"Stapler JK20A670L","robots":{"index,follow":"noindex,follow"},"canonical":"https:\/\/kihlberg.com\/fr\/outils\/industrie-fr\/126033\/","og_locale":"fr_FR","og_type":"article","og_title":"Stapler JK20A670L","og_description":"Notre outil pneumatique JK20A670L fabriqu\u00e9 en Su\u00e8de pour les professionnels est un excellent outil pour l'industrie des meubles, des lits et de la menuiserie, mais naturellement aussi pour d'autres mat\u00e9riaux tels que des cartes et des dalles \u00e0 bois. Le JK20A670L a un haut niveau d'efficacit\u00e9 qui permet d'\u00e9conomiser du temps et augmente la rentabilit\u00e9 au cours du temps. Le fonctionnement automatique de l'agrafeuse est tr\u00e8s rapide, jusqu'\u00e0 30 agrafes \/ seconde (1 700 par minute), et peut \u00eatre facilement chang\u00e9 de z\u00e9ro au maximum \u00e0 l'aide d'une vis de r\u00e9glage. Si n\u00e9cessaire, le fonctionnement automatique peut \u00eatre d\u00e9sactiv\u00e9 en appuyant sur un bouton. De cette fa\u00e7on, vous pouvez facilement basculer entre un seul coup de feu et le tir automatique. Cette conception unique permet de travailler avec l'outil tr\u00e8s facilement. Le faible niveau de bruit et de recul n\u00e9gligeable rend JK20A670L encore plus attrayant.","og_url":"https:\/\/kihlberg.com\/fr\/outils\/industrie-fr\/126033\/","og_site_name":"Josef kihlberg","article_modified_time":"2019-09-07T05:27:00+00:00","og_image":[{"width":720,"height":720,"url":"https:\/\/kihlberg.com\/wp-content\/uploads\/2018\/08\/126033.png","type":"image\/png"}],"twitter_card":"summary_large_image","twitter_misc":{"Price":"&euro;572","Availability":"In stock"},"schema":{"@context":"https:\/\/schema.org","@graph":[{"@type":"WebPage","@id":"https:\/\/kihlberg.com\/fr\/outils\/industrie-fr\/126033\/","url":"https:\/\/kihlberg.com\/fr\/outils\/industrie-fr\/126033\/","name":"Stapler JK20A670L","isPartOf":{"@id":"https:\/\/kihlberg.com\/fr\/#website"},"primaryImageOfPage":{"@id":"https:\/\/kihlberg.com\/fr\/outils\/industrie-fr\/126033\/#primaryimage"},"image":{"@id":"https:\/\/kihlberg.com\/fr\/outils\/industrie-fr\/126033\/#primaryimage"},"thumbnailUrl":"https:\/\/kihlberg.com\/wp-content\/uploads\/2018\/08\/126033.png","datePublished":"2018-09-21T10:33:41+00:00","dateModified":"2019-09-07T05:27:00+00:00","breadcrumb":{"@id":"https:\/\/kihlberg.com\/fr\/outils\/industrie-fr\/126033\/#breadcrumb"},"inLanguage":"fr","potentialAction":[{"@type":"ReadAction","target":["https:\/\/kihlberg.com\/fr\/outils\/industrie-fr\/126033\/"]}]},{"@type":"ImageObject","inLanguage":"fr","@id":"https:\/\/kihlberg.com\/fr\/outils\/industrie-fr\/126033\/#primaryimage","url":"https:\/\/kihlberg.com\/wp-content\/uploads\/2018\/08\/126033.png","contentUrl":"https:\/\/kihlberg.com\/wp-content\/uploads\/2018\/08\/126033.png","width":720,"height":720},{"@type":"BreadcrumbList","@id":"https:\/\/kihlberg.com\/fr\/outils\/industrie-fr\/126033\/#breadcrumb","itemListElement":[{"@type":"ListItem","position":1,"name":"Home","item":"https:\/\/kihlberg.com\/fr\/"},{"@type":"ListItem","position":2,"name":"Shop","item":"https:\/\/kihlberg.com\/shop\/"},{"@type":"ListItem","position":3,"name":"Outils","item":"https:\/\/kihlberg.com\/fr\/outils\/"},{"@type":"ListItem","position":4,"name":"Application","item":"https:\/\/kihlberg.com\/fr\/outils\/application-fr\/"},{"@type":"ListItem","position":5,"name":"Fen\u00eatres et portes","item":"https:\/\/kihlberg.com\/fr\/outils\/application-fr\/fenetres-et-portes\/"},{"@type":"ListItem","position":6,"name":"Agrafeuse JK20A670L"}]},{"@type":"WebSite","@id":"https:\/\/kihlberg.com\/fr\/#website","url":"https:\/\/kihlberg.com\/fr\/","name":"Josef kihlberg","description":"Made in Sweden. System manufacturer of premium staples &amp; tools that sets the standard. Legendary.","publisher":{"@id":"https:\/\/kihlberg.com\/fr\/#organization"},"potentialAction":[{"@type":"SearchAction","target":{"@type":"EntryPoint","urlTemplate":"https:\/\/kihlberg.com\/fr\/?s={search_term_string}"},"query-input":{"@type":"PropertyValueSpecification","valueRequired":true,"valueName":"search_term_string"}}],"inLanguage":"fr"},{"@type":"Organization","@id":"https:\/\/kihlberg.com\/fr\/#organization","name":"Josef Kihlberg","url":"https:\/\/kihlberg.com\/fr\/","logo":{"@type":"ImageObject","inLanguage":"fr","@id":"https:\/\/kihlberg.com\/fr\/#\/schema\/logo\/image\/","url":"https:\/\/kihlberg.com\/wp-content\/uploads\/2019\/01\/logo.jpg","contentUrl":"https:\/\/kihlberg.com\/wp-content\/uploads\/2019\/01\/logo.jpg","width":850,"height":850,"caption":"Josef Kihlberg"},"image":{"@id":"https:\/\/kihlberg.com\/fr\/#\/schema\/logo\/image\/"}}]},"product_price_amount":"572","product_price_currency":"EUR","og_availability":"instock","product_availability":"instock","product_retailer_item_id":"126033","product_condition":"new"},"_links":{"self":[{"href":"https:\/\/kihlberg.com\/fr\/wp-json\/wp\/v2\/product\/102265","targetHints":{"allow":["GET"]}}],"collection":[{"href":"https:\/\/kihlberg.com\/fr\/wp-json\/wp\/v2\/product"}],"about":[{"href":"https:\/\/kihlberg.com\/fr\/wp-json\/wp\/v2\/types\/product"}],"wp:featuredmedia":[{"embeddable":true,"href":"https:\/\/kihlberg.com\/fr\/wp-json\/wp\/v2\/media\/102266"}],"wp:attachment":[{"href":"https:\/\/kihlberg.com\/fr\/wp-json\/wp\/v2\/media?parent=102265"}],"wp:term":[{"taxonomy":"product_brand","embeddable":true,"href":"https:\/\/kihlberg.com\/fr\/wp-json\/wp\/v2\/product_brand?post=102265"},{"taxonomy":"product_cat","embeddable":true,"href":"https:\/\/kihlberg.com\/fr\/wp-json\/wp\/v2\/product_cat?post=102265"}],"curies":[{"name":"wp","href":"https:\/\/api.w.org\/{rel}","templated":true}]}}