{"id":102269,"date":"2018-09-21T10:33:32","date_gmt":"2018-09-21T10:33:32","guid":{"rendered":"https:\/\/kihlberg.com\/product\/126030\/"},"modified":"2019-09-07T05:26:59","modified_gmt":"2019-09-07T05:26:59","slug":"126030","status":"publish","type":"product","link":"https:\/\/kihlberg.com\/fr\/outils\/industrie-fr\/126030\/","title":{"rendered":"Agrafeuse JK20-670"},"content":{"rendered":"","protected":false},"excerpt":{"rendered":"<p>Le JK20-670 est un outil pneumatique, professionnel fabriqu\u00e9 en Su\u00e8de pour l&#8217;industrie du meuble. Cet outil de prise de photos est particuli\u00e8rement adapt\u00e9 pour les travaux de tapisserie d&#8217;ameublement ou d&#8217;autres applications o\u00f9 le tissu est fix\u00e9 \u00e0 bois, mais naturellement aussi pour d&#8217;autres mat\u00e9riaux tels que des cartes et des dalles \u00e0 bois. Avec son recul n\u00e9gligeable, poids l\u00e9ger et un bon \u00e9quilibre, la JK20-670 peut \u00eatre utilis\u00e9e pendant de longues p\u00e9riodes. Le magasin est charg\u00e9 par le haut, ce qui emp\u00eache un d\u00e9clenchement accidentel en direction du visage de l&#8217;op\u00e9rateur pendant le chargement. Le proc\u00e9d\u00e9 de chargement rapide de cr\u00eate contribue en outre \u00e0 l&#8217;efficacit\u00e9 de l&#8217;outil. La forme du nez offre une grande pr\u00e9cision de la JK20-670, et il est facile \u00e0 nettoyer la buse par le retrait des agrafes par la porte coulissante. L&#8217;agrafeuse a un niveau de bruit faible gr\u00e2ce \u00e0 un silencieux efficace.<\/p>\n","protected":false},"featured_media":102270,"template":"","meta":{"_acf_changed":false,"_genesis_hide_title":false,"_genesis_hide_breadcrumbs":false,"_genesis_hide_singular_image":false,"_genesis_hide_footer_widgets":false,"_genesis_custom_body_class":"","_genesis_custom_post_class":"","_genesis_layout":""},"product_brand":[],"product_cat":[2360,2362,2352,2350,2359],"class_list":{"0":"post-102269","1":"product","2":"type-product","3":"status-publish","4":"has-post-thumbnail","6":"product_cat-fenetres-et-portes","7":"product_cat-industrie-fr","8":"product_cat-la-fabrication-de-lit","9":"product_cat-outils","10":"product_cat-upholstered-furniture-fr","11":"pa_leg-length-230-fr","12":"pa_lubrication-oui","13":"pa_magazine-capacity-179-fr-2","14":"pa_max-pressure-7-fr","15":"pa_nose-length-14-fr","16":"pa_staple-leg-length-6-12-mm-1-4-1-2-in-fr","17":"entry","19":"first","20":"instock","21":"taxable","22":"shipping-taxable","23":"purchasable","24":"product-type-simple"},"acf":[],"yoast_head":"<!-- This site is optimized with the Yoast SEO plugin v26.1.1 - https:\/\/yoast.com\/wordpress\/plugins\/seo\/ -->\n<title>Stapler JK20-670<\/title>\n<meta name=\"robots\" content=\"noindex,follow\" \/>\n<link rel=\"canonical\" href=\"https:\/\/kihlberg.com\/fr\/outils\/industrie-fr\/126030\/\" \/>\n<meta property=\"og:locale\" content=\"fr_FR\" \/>\n<meta property=\"og:type\" content=\"article\" \/>\n<meta property=\"og:title\" content=\"Stapler JK20-670\" \/>\n<meta property=\"og:description\" content=\"Le JK20-670 est un outil pneumatique, professionnel fabriqu\u00e9 en Su\u00e8de pour l&#039;industrie du meuble. Cet outil de prise de photos est particuli\u00e8rement adapt\u00e9 pour les travaux de tapisserie d&#039;ameublement ou d&#039;autres applications o\u00f9 le tissu est fix\u00e9 \u00e0 bois, mais naturellement aussi pour d&#039;autres mat\u00e9riaux tels que des cartes et des dalles \u00e0 bois. Avec son recul n\u00e9gligeable, poids l\u00e9ger et un bon \u00e9quilibre, la JK20-670 peut \u00eatre utilis\u00e9e pendant de longues p\u00e9riodes. Le magasin est charg\u00e9 par le haut, ce qui emp\u00eache un d\u00e9clenchement accidentel en direction du visage de l&#039;op\u00e9rateur pendant le chargement. Le proc\u00e9d\u00e9 de chargement rapide de cr\u00eate contribue en outre \u00e0 l&#039;efficacit\u00e9 de l&#039;outil. La forme du nez offre une grande pr\u00e9cision de la JK20-670, et il est facile \u00e0 nettoyer la buse par le retrait des agrafes par la porte coulissante. L&#039;agrafeuse a un niveau de bruit faible gr\u00e2ce \u00e0 un silencieux efficace.\" \/>\n<meta property=\"og:url\" content=\"https:\/\/kihlberg.com\/fr\/outils\/industrie-fr\/126030\/\" \/>\n<meta property=\"og:site_name\" content=\"Josef kihlberg\" \/>\n<meta property=\"article:modified_time\" content=\"2019-09-07T05:26:59+00:00\" \/>\n<meta property=\"og:image\" content=\"https:\/\/kihlberg.com\/wp-content\/uploads\/2018\/08\/126030.png\" \/>\n\t<meta property=\"og:image:width\" content=\"720\" \/>\n\t<meta property=\"og:image:height\" content=\"720\" \/>\n\t<meta property=\"og:image:type\" content=\"image\/png\" \/>\n<meta name=\"twitter:card\" content=\"summary_large_image\" \/>\n<meta name=\"twitter:label1\" content=\"Price\" \/>\n\t<meta name=\"twitter:data1\" content=\"&euro;411\" \/>\n\t<meta name=\"twitter:label2\" content=\"Availability\" \/>\n\t<meta name=\"twitter:data2\" content=\"In stock\" \/>\n<script type=\"application\/ld+json\" class=\"yoast-schema-graph\">{\"@context\":\"https:\/\/schema.org\",\"@graph\":[{\"@type\":\"WebPage\",\"@id\":\"https:\/\/kihlberg.com\/fr\/outils\/industrie-fr\/126030\/\",\"url\":\"https:\/\/kihlberg.com\/fr\/outils\/industrie-fr\/126030\/\",\"name\":\"Stapler JK20-670\",\"isPartOf\":{\"@id\":\"https:\/\/kihlberg.com\/fr\/#website\"},\"primaryImageOfPage\":{\"@id\":\"https:\/\/kihlberg.com\/fr\/outils\/industrie-fr\/126030\/#primaryimage\"},\"image\":{\"@id\":\"https:\/\/kihlberg.com\/fr\/outils\/industrie-fr\/126030\/#primaryimage\"},\"thumbnailUrl\":\"https:\/\/kihlberg.com\/wp-content\/uploads\/2018\/08\/126030.png\",\"datePublished\":\"2018-09-21T10:33:32+00:00\",\"dateModified\":\"2019-09-07T05:26:59+00:00\",\"breadcrumb\":{\"@id\":\"https:\/\/kihlberg.com\/fr\/outils\/industrie-fr\/126030\/#breadcrumb\"},\"inLanguage\":\"fr\",\"potentialAction\":[{\"@type\":\"ReadAction\",\"target\":[\"https:\/\/kihlberg.com\/fr\/outils\/industrie-fr\/126030\/\"]}]},{\"@type\":\"ImageObject\",\"inLanguage\":\"fr\",\"@id\":\"https:\/\/kihlberg.com\/fr\/outils\/industrie-fr\/126030\/#primaryimage\",\"url\":\"https:\/\/kihlberg.com\/wp-content\/uploads\/2018\/08\/126030.png\",\"contentUrl\":\"https:\/\/kihlberg.com\/wp-content\/uploads\/2018\/08\/126030.png\",\"width\":720,\"height\":720},{\"@type\":\"BreadcrumbList\",\"@id\":\"https:\/\/kihlberg.com\/fr\/outils\/industrie-fr\/126030\/#breadcrumb\",\"itemListElement\":[{\"@type\":\"ListItem\",\"position\":1,\"name\":\"Home\",\"item\":\"https:\/\/kihlberg.com\/fr\/\"},{\"@type\":\"ListItem\",\"position\":2,\"name\":\"Shop\",\"item\":\"https:\/\/kihlberg.com\/shop\/\"},{\"@type\":\"ListItem\",\"position\":3,\"name\":\"Outils\",\"item\":\"https:\/\/kihlberg.com\/fr\/outils\/\"},{\"@type\":\"ListItem\",\"position\":4,\"name\":\"Application\",\"item\":\"https:\/\/kihlberg.com\/fr\/outils\/application-fr\/\"},{\"@type\":\"ListItem\",\"position\":5,\"name\":\"Fen\u00eatres et portes\",\"item\":\"https:\/\/kihlberg.com\/fr\/outils\/application-fr\/fenetres-et-portes\/\"},{\"@type\":\"ListItem\",\"position\":6,\"name\":\"Agrafeuse JK20-670\"}]},{\"@type\":\"WebSite\",\"@id\":\"https:\/\/kihlberg.com\/fr\/#website\",\"url\":\"https:\/\/kihlberg.com\/fr\/\",\"name\":\"Josef kihlberg\",\"description\":\"Made in Sweden. System manufacturer of premium staples &amp; tools that sets the standard. Legendary.\",\"publisher\":{\"@id\":\"https:\/\/kihlberg.com\/fr\/#organization\"},\"potentialAction\":[{\"@type\":\"SearchAction\",\"target\":{\"@type\":\"EntryPoint\",\"urlTemplate\":\"https:\/\/kihlberg.com\/fr\/?s={search_term_string}\"},\"query-input\":{\"@type\":\"PropertyValueSpecification\",\"valueRequired\":true,\"valueName\":\"search_term_string\"}}],\"inLanguage\":\"fr\"},{\"@type\":\"Organization\",\"@id\":\"https:\/\/kihlberg.com\/fr\/#organization\",\"name\":\"Josef Kihlberg\",\"url\":\"https:\/\/kihlberg.com\/fr\/\",\"logo\":{\"@type\":\"ImageObject\",\"inLanguage\":\"fr\",\"@id\":\"https:\/\/kihlberg.com\/fr\/#\/schema\/logo\/image\/\",\"url\":\"https:\/\/kihlberg.com\/wp-content\/uploads\/2019\/01\/logo.jpg\",\"contentUrl\":\"https:\/\/kihlberg.com\/wp-content\/uploads\/2019\/01\/logo.jpg\",\"width\":850,\"height\":850,\"caption\":\"Josef Kihlberg\"},\"image\":{\"@id\":\"https:\/\/kihlberg.com\/fr\/#\/schema\/logo\/image\/\"}}]}<\/script>\n<meta property=\"product:price:amount\" content=\"411\" \/>\n<meta property=\"product:price:currency\" content=\"EUR\" \/>\n<meta property=\"og:availability\" content=\"instock\" \/>\n<meta property=\"product:availability\" content=\"instock\" \/>\n<meta property=\"product:retailer_item_id\" content=\"126030\" \/>\n<meta property=\"product:condition\" content=\"new\" \/>\n<!-- \/ Yoast SEO plugin. -->","yoast_head_json":{"title":"Stapler JK20-670","robots":{"index,follow":"noindex,follow"},"canonical":"https:\/\/kihlberg.com\/fr\/outils\/industrie-fr\/126030\/","og_locale":"fr_FR","og_type":"article","og_title":"Stapler JK20-670","og_description":"Le JK20-670 est un outil pneumatique, professionnel fabriqu\u00e9 en Su\u00e8de pour l'industrie du meuble. Cet outil de prise de photos est particuli\u00e8rement adapt\u00e9 pour les travaux de tapisserie d'ameublement ou d'autres applications o\u00f9 le tissu est fix\u00e9 \u00e0 bois, mais naturellement aussi pour d'autres mat\u00e9riaux tels que des cartes et des dalles \u00e0 bois. Avec son recul n\u00e9gligeable, poids l\u00e9ger et un bon \u00e9quilibre, la JK20-670 peut \u00eatre utilis\u00e9e pendant de longues p\u00e9riodes. Le magasin est charg\u00e9 par le haut, ce qui emp\u00eache un d\u00e9clenchement accidentel en direction du visage de l'op\u00e9rateur pendant le chargement. Le proc\u00e9d\u00e9 de chargement rapide de cr\u00eate contribue en outre \u00e0 l'efficacit\u00e9 de l'outil. La forme du nez offre une grande pr\u00e9cision de la JK20-670, et il est facile \u00e0 nettoyer la buse par le retrait des agrafes par la porte coulissante. L'agrafeuse a un niveau de bruit faible gr\u00e2ce \u00e0 un silencieux efficace.","og_url":"https:\/\/kihlberg.com\/fr\/outils\/industrie-fr\/126030\/","og_site_name":"Josef kihlberg","article_modified_time":"2019-09-07T05:26:59+00:00","og_image":[{"width":720,"height":720,"url":"https:\/\/kihlberg.com\/wp-content\/uploads\/2018\/08\/126030.png","type":"image\/png"}],"twitter_card":"summary_large_image","twitter_misc":{"Price":"&euro;411","Availability":"In stock"},"schema":{"@context":"https:\/\/schema.org","@graph":[{"@type":"WebPage","@id":"https:\/\/kihlberg.com\/fr\/outils\/industrie-fr\/126030\/","url":"https:\/\/kihlberg.com\/fr\/outils\/industrie-fr\/126030\/","name":"Stapler JK20-670","isPartOf":{"@id":"https:\/\/kihlberg.com\/fr\/#website"},"primaryImageOfPage":{"@id":"https:\/\/kihlberg.com\/fr\/outils\/industrie-fr\/126030\/#primaryimage"},"image":{"@id":"https:\/\/kihlberg.com\/fr\/outils\/industrie-fr\/126030\/#primaryimage"},"thumbnailUrl":"https:\/\/kihlberg.com\/wp-content\/uploads\/2018\/08\/126030.png","datePublished":"2018-09-21T10:33:32+00:00","dateModified":"2019-09-07T05:26:59+00:00","breadcrumb":{"@id":"https:\/\/kihlberg.com\/fr\/outils\/industrie-fr\/126030\/#breadcrumb"},"inLanguage":"fr","potentialAction":[{"@type":"ReadAction","target":["https:\/\/kihlberg.com\/fr\/outils\/industrie-fr\/126030\/"]}]},{"@type":"ImageObject","inLanguage":"fr","@id":"https:\/\/kihlberg.com\/fr\/outils\/industrie-fr\/126030\/#primaryimage","url":"https:\/\/kihlberg.com\/wp-content\/uploads\/2018\/08\/126030.png","contentUrl":"https:\/\/kihlberg.com\/wp-content\/uploads\/2018\/08\/126030.png","width":720,"height":720},{"@type":"BreadcrumbList","@id":"https:\/\/kihlberg.com\/fr\/outils\/industrie-fr\/126030\/#breadcrumb","itemListElement":[{"@type":"ListItem","position":1,"name":"Home","item":"https:\/\/kihlberg.com\/fr\/"},{"@type":"ListItem","position":2,"name":"Shop","item":"https:\/\/kihlberg.com\/shop\/"},{"@type":"ListItem","position":3,"name":"Outils","item":"https:\/\/kihlberg.com\/fr\/outils\/"},{"@type":"ListItem","position":4,"name":"Application","item":"https:\/\/kihlberg.com\/fr\/outils\/application-fr\/"},{"@type":"ListItem","position":5,"name":"Fen\u00eatres et portes","item":"https:\/\/kihlberg.com\/fr\/outils\/application-fr\/fenetres-et-portes\/"},{"@type":"ListItem","position":6,"name":"Agrafeuse JK20-670"}]},{"@type":"WebSite","@id":"https:\/\/kihlberg.com\/fr\/#website","url":"https:\/\/kihlberg.com\/fr\/","name":"Josef kihlberg","description":"Made in Sweden. System manufacturer of premium staples &amp; tools that sets the standard. Legendary.","publisher":{"@id":"https:\/\/kihlberg.com\/fr\/#organization"},"potentialAction":[{"@type":"SearchAction","target":{"@type":"EntryPoint","urlTemplate":"https:\/\/kihlberg.com\/fr\/?s={search_term_string}"},"query-input":{"@type":"PropertyValueSpecification","valueRequired":true,"valueName":"search_term_string"}}],"inLanguage":"fr"},{"@type":"Organization","@id":"https:\/\/kihlberg.com\/fr\/#organization","name":"Josef Kihlberg","url":"https:\/\/kihlberg.com\/fr\/","logo":{"@type":"ImageObject","inLanguage":"fr","@id":"https:\/\/kihlberg.com\/fr\/#\/schema\/logo\/image\/","url":"https:\/\/kihlberg.com\/wp-content\/uploads\/2019\/01\/logo.jpg","contentUrl":"https:\/\/kihlberg.com\/wp-content\/uploads\/2019\/01\/logo.jpg","width":850,"height":850,"caption":"Josef Kihlberg"},"image":{"@id":"https:\/\/kihlberg.com\/fr\/#\/schema\/logo\/image\/"}}]},"product_price_amount":"411","product_price_currency":"EUR","og_availability":"instock","product_availability":"instock","product_retailer_item_id":"126030","product_condition":"new"},"_links":{"self":[{"href":"https:\/\/kihlberg.com\/fr\/wp-json\/wp\/v2\/product\/102269","targetHints":{"allow":["GET"]}}],"collection":[{"href":"https:\/\/kihlberg.com\/fr\/wp-json\/wp\/v2\/product"}],"about":[{"href":"https:\/\/kihlberg.com\/fr\/wp-json\/wp\/v2\/types\/product"}],"wp:featuredmedia":[{"embeddable":true,"href":"https:\/\/kihlberg.com\/fr\/wp-json\/wp\/v2\/media\/102270"}],"wp:attachment":[{"href":"https:\/\/kihlberg.com\/fr\/wp-json\/wp\/v2\/media?parent=102269"}],"wp:term":[{"taxonomy":"product_brand","embeddable":true,"href":"https:\/\/kihlberg.com\/fr\/wp-json\/wp\/v2\/product_brand?post=102269"},{"taxonomy":"product_cat","embeddable":true,"href":"https:\/\/kihlberg.com\/fr\/wp-json\/wp\/v2\/product_cat?post=102269"}],"curies":[{"name":"wp","href":"https:\/\/api.w.org\/{rel}","templated":true}]}}