{"id":102279,"date":"2018-09-21T10:33:12","date_gmt":"2018-09-21T10:33:12","guid":{"rendered":"https:\/\/kihlberg.com\/product\/120590\/"},"modified":"2019-09-07T05:26:55","modified_gmt":"2019-09-07T05:26:55","slug":"120590","status":"publish","type":"product","link":"https:\/\/kihlberg.com\/fr\/outils\/emballage\/120590\/","title":{"rendered":"Agrafeuse B560"},"content":{"rendered":"","protected":false},"excerpt":{"rendered":"<p>Si vous voulez atteindre une des fermetures les plus solides et les plus s\u00fbres de cartons, notre agrafeuse de fond B560 fabriqu\u00e9e en Su\u00e8de est un choix \u00e9vident. Elle est spacieuse, ergonomique et dispose d&#8217;une grande capacit\u00e9 de chargement. Cet outil professionnel est adapt\u00e9 pour une utilisation continue dans les services d&#8217;emballage et dans l&#8217;industrie. La capacit\u00e9 est augment\u00e9e de fa\u00e7on significative si la machine est \u00e9quip\u00e9e d&#8217;un actionneur pneumatique. Pour agrafer des bo\u00eetes de carton en grandes s\u00e9ries, nous vous recommandons notre mod\u00e8le pneumatique B PN.<\/p>\n","protected":false},"featured_media":102280,"template":"","meta":{"_acf_changed":false,"_genesis_hide_title":false,"_genesis_hide_breadcrumbs":false,"_genesis_hide_singular_image":false,"_genesis_hide_footer_widgets":false,"_genesis_custom_body_class":"","_genesis_custom_post_class":"","_genesis_layout":""},"product_brand":[],"product_cat":[2353,2363,2350,2358],"class_list":{"0":"post-102279","1":"product","2":"type-product","3":"status-publish","4":"has-post-thumbnail","6":"product_cat-agrafage-des-fonds","7":"product_cat-emballage","8":"product_cat-outils","9":"product_cat-transport-packages-fr","10":"pa_free-anvil-height-860-fr","11":"pa_lubrication-non","12":"pa_staple-leg-length-15-22-mm-5-8-7-8-in-fr","13":"pa_throat-depth-95-fr","14":"entry","16":"first","17":"instock","18":"taxable","19":"shipping-taxable","20":"purchasable","21":"product-type-simple"},"acf":[],"yoast_head":"<!-- This site is optimized with the Yoast SEO plugin v26.1.1 - https:\/\/yoast.com\/wordpress\/plugins\/seo\/ -->\n<title>Bottom stapler B560<\/title>\n<meta name=\"description\" content=\"B560 is a Swedish manufactured manual bottom stapler of the highest quality. It is spacious, ergonomic with excellent loading capacity. Discover more!\" \/>\n<meta name=\"robots\" content=\"noindex,follow\" \/>\n<link rel=\"canonical\" href=\"https:\/\/kihlberg.com\/fr\/outils\/emballage\/120590\/\" \/>\n<meta property=\"og:locale\" content=\"fr_FR\" \/>\n<meta property=\"og:type\" content=\"article\" \/>\n<meta property=\"og:title\" content=\"Bottom stapler B560\" \/>\n<meta property=\"og:description\" content=\"B560 is a Swedish manufactured manual bottom stapler of the highest quality. It is spacious, ergonomic with excellent loading capacity. Discover more!\" \/>\n<meta property=\"og:url\" content=\"https:\/\/kihlberg.com\/fr\/outils\/emballage\/120590\/\" \/>\n<meta property=\"og:site_name\" content=\"Josef kihlberg\" \/>\n<meta property=\"article:modified_time\" content=\"2019-09-07T05:26:55+00:00\" \/>\n<meta property=\"og:image\" content=\"https:\/\/kihlberg.com\/wp-content\/uploads\/2018\/08\/120590.png\" \/>\n\t<meta property=\"og:image:width\" content=\"720\" \/>\n\t<meta property=\"og:image:height\" content=\"720\" \/>\n\t<meta property=\"og:image:type\" content=\"image\/png\" \/>\n<meta name=\"twitter:card\" content=\"summary_large_image\" \/>\n<meta name=\"twitter:label1\" content=\"Price\" \/>\n\t<meta name=\"twitter:data1\" content=\"&euro;907\" \/>\n\t<meta name=\"twitter:label2\" content=\"Availability\" \/>\n\t<meta name=\"twitter:data2\" content=\"In stock\" \/>\n<script type=\"application\/ld+json\" class=\"yoast-schema-graph\">{\"@context\":\"https:\/\/schema.org\",\"@graph\":[{\"@type\":\"WebPage\",\"@id\":\"https:\/\/kihlberg.com\/fr\/outils\/emballage\/120590\/\",\"url\":\"https:\/\/kihlberg.com\/fr\/outils\/emballage\/120590\/\",\"name\":\"Bottom stapler B560\",\"isPartOf\":{\"@id\":\"https:\/\/kihlberg.com\/fr\/#website\"},\"primaryImageOfPage\":{\"@id\":\"https:\/\/kihlberg.com\/fr\/outils\/emballage\/120590\/#primaryimage\"},\"image\":{\"@id\":\"https:\/\/kihlberg.com\/fr\/outils\/emballage\/120590\/#primaryimage\"},\"thumbnailUrl\":\"https:\/\/kihlberg.com\/wp-content\/uploads\/2018\/08\/120590.png\",\"datePublished\":\"2018-09-21T10:33:12+00:00\",\"dateModified\":\"2019-09-07T05:26:55+00:00\",\"description\":\"B560 is a Swedish manufactured manual bottom stapler of the highest quality. It is spacious, ergonomic with excellent loading capacity. Discover more!\",\"breadcrumb\":{\"@id\":\"https:\/\/kihlberg.com\/fr\/outils\/emballage\/120590\/#breadcrumb\"},\"inLanguage\":\"fr\",\"potentialAction\":[{\"@type\":\"ReadAction\",\"target\":[\"https:\/\/kihlberg.com\/fr\/outils\/emballage\/120590\/\"]}]},{\"@type\":\"ImageObject\",\"inLanguage\":\"fr\",\"@id\":\"https:\/\/kihlberg.com\/fr\/outils\/emballage\/120590\/#primaryimage\",\"url\":\"https:\/\/kihlberg.com\/wp-content\/uploads\/2018\/08\/120590.png\",\"contentUrl\":\"https:\/\/kihlberg.com\/wp-content\/uploads\/2018\/08\/120590.png\",\"width\":720,\"height\":720},{\"@type\":\"BreadcrumbList\",\"@id\":\"https:\/\/kihlberg.com\/fr\/outils\/emballage\/120590\/#breadcrumb\",\"itemListElement\":[{\"@type\":\"ListItem\",\"position\":1,\"name\":\"Home\",\"item\":\"https:\/\/kihlberg.com\/fr\/\"},{\"@type\":\"ListItem\",\"position\":2,\"name\":\"Shop\",\"item\":\"https:\/\/kihlberg.com\/shop\/\"},{\"@type\":\"ListItem\",\"position\":3,\"name\":\"Outils\",\"item\":\"https:\/\/kihlberg.com\/fr\/outils\/\"},{\"@type\":\"ListItem\",\"position\":4,\"name\":\"Application\",\"item\":\"https:\/\/kihlberg.com\/fr\/outils\/application-fr\/\"},{\"@type\":\"ListItem\",\"position\":5,\"name\":\"Agrafage des fonds\",\"item\":\"https:\/\/kihlberg.com\/fr\/outils\/application-fr\/agrafage-des-fonds\/\"},{\"@type\":\"ListItem\",\"position\":6,\"name\":\"Agrafeuse B560\"}]},{\"@type\":\"WebSite\",\"@id\":\"https:\/\/kihlberg.com\/fr\/#website\",\"url\":\"https:\/\/kihlberg.com\/fr\/\",\"name\":\"Josef kihlberg\",\"description\":\"Made in Sweden. System manufacturer of premium staples &amp; tools that sets the standard. Legendary.\",\"publisher\":{\"@id\":\"https:\/\/kihlberg.com\/fr\/#organization\"},\"potentialAction\":[{\"@type\":\"SearchAction\",\"target\":{\"@type\":\"EntryPoint\",\"urlTemplate\":\"https:\/\/kihlberg.com\/fr\/?s={search_term_string}\"},\"query-input\":{\"@type\":\"PropertyValueSpecification\",\"valueRequired\":true,\"valueName\":\"search_term_string\"}}],\"inLanguage\":\"fr\"},{\"@type\":\"Organization\",\"@id\":\"https:\/\/kihlberg.com\/fr\/#organization\",\"name\":\"Josef Kihlberg\",\"url\":\"https:\/\/kihlberg.com\/fr\/\",\"logo\":{\"@type\":\"ImageObject\",\"inLanguage\":\"fr\",\"@id\":\"https:\/\/kihlberg.com\/fr\/#\/schema\/logo\/image\/\",\"url\":\"https:\/\/kihlberg.com\/wp-content\/uploads\/2019\/01\/logo.jpg\",\"contentUrl\":\"https:\/\/kihlberg.com\/wp-content\/uploads\/2019\/01\/logo.jpg\",\"width\":850,\"height\":850,\"caption\":\"Josef Kihlberg\"},\"image\":{\"@id\":\"https:\/\/kihlberg.com\/fr\/#\/schema\/logo\/image\/\"}}]}<\/script>\n<meta property=\"product:price:amount\" content=\"907\" \/>\n<meta property=\"product:price:currency\" content=\"EUR\" \/>\n<meta property=\"og:availability\" content=\"instock\" \/>\n<meta property=\"product:availability\" content=\"instock\" \/>\n<meta property=\"product:retailer_item_id\" content=\"120590\" \/>\n<meta property=\"product:condition\" content=\"new\" \/>\n<!-- \/ Yoast SEO plugin. -->","yoast_head_json":{"title":"Bottom stapler B560","description":"B560 is a Swedish manufactured manual bottom stapler of the highest quality. It is spacious, ergonomic with excellent loading capacity. Discover more!","robots":{"index,follow":"noindex,follow"},"canonical":"https:\/\/kihlberg.com\/fr\/outils\/emballage\/120590\/","og_locale":"fr_FR","og_type":"article","og_title":"Bottom stapler B560","og_description":"B560 is a Swedish manufactured manual bottom stapler of the highest quality. It is spacious, ergonomic with excellent loading capacity. Discover more!","og_url":"https:\/\/kihlberg.com\/fr\/outils\/emballage\/120590\/","og_site_name":"Josef kihlberg","article_modified_time":"2019-09-07T05:26:55+00:00","og_image":[{"width":720,"height":720,"url":"https:\/\/kihlberg.com\/wp-content\/uploads\/2018\/08\/120590.png","type":"image\/png"}],"twitter_card":"summary_large_image","twitter_misc":{"Price":"&euro;907","Availability":"In stock"},"schema":{"@context":"https:\/\/schema.org","@graph":[{"@type":"WebPage","@id":"https:\/\/kihlberg.com\/fr\/outils\/emballage\/120590\/","url":"https:\/\/kihlberg.com\/fr\/outils\/emballage\/120590\/","name":"Bottom stapler B560","isPartOf":{"@id":"https:\/\/kihlberg.com\/fr\/#website"},"primaryImageOfPage":{"@id":"https:\/\/kihlberg.com\/fr\/outils\/emballage\/120590\/#primaryimage"},"image":{"@id":"https:\/\/kihlberg.com\/fr\/outils\/emballage\/120590\/#primaryimage"},"thumbnailUrl":"https:\/\/kihlberg.com\/wp-content\/uploads\/2018\/08\/120590.png","datePublished":"2018-09-21T10:33:12+00:00","dateModified":"2019-09-07T05:26:55+00:00","description":"B560 is a Swedish manufactured manual bottom stapler of the highest quality. It is spacious, ergonomic with excellent loading capacity. Discover more!","breadcrumb":{"@id":"https:\/\/kihlberg.com\/fr\/outils\/emballage\/120590\/#breadcrumb"},"inLanguage":"fr","potentialAction":[{"@type":"ReadAction","target":["https:\/\/kihlberg.com\/fr\/outils\/emballage\/120590\/"]}]},{"@type":"ImageObject","inLanguage":"fr","@id":"https:\/\/kihlberg.com\/fr\/outils\/emballage\/120590\/#primaryimage","url":"https:\/\/kihlberg.com\/wp-content\/uploads\/2018\/08\/120590.png","contentUrl":"https:\/\/kihlberg.com\/wp-content\/uploads\/2018\/08\/120590.png","width":720,"height":720},{"@type":"BreadcrumbList","@id":"https:\/\/kihlberg.com\/fr\/outils\/emballage\/120590\/#breadcrumb","itemListElement":[{"@type":"ListItem","position":1,"name":"Home","item":"https:\/\/kihlberg.com\/fr\/"},{"@type":"ListItem","position":2,"name":"Shop","item":"https:\/\/kihlberg.com\/shop\/"},{"@type":"ListItem","position":3,"name":"Outils","item":"https:\/\/kihlberg.com\/fr\/outils\/"},{"@type":"ListItem","position":4,"name":"Application","item":"https:\/\/kihlberg.com\/fr\/outils\/application-fr\/"},{"@type":"ListItem","position":5,"name":"Agrafage des fonds","item":"https:\/\/kihlberg.com\/fr\/outils\/application-fr\/agrafage-des-fonds\/"},{"@type":"ListItem","position":6,"name":"Agrafeuse B560"}]},{"@type":"WebSite","@id":"https:\/\/kihlberg.com\/fr\/#website","url":"https:\/\/kihlberg.com\/fr\/","name":"Josef kihlberg","description":"Made in Sweden. System manufacturer of premium staples &amp; tools that sets the standard. Legendary.","publisher":{"@id":"https:\/\/kihlberg.com\/fr\/#organization"},"potentialAction":[{"@type":"SearchAction","target":{"@type":"EntryPoint","urlTemplate":"https:\/\/kihlberg.com\/fr\/?s={search_term_string}"},"query-input":{"@type":"PropertyValueSpecification","valueRequired":true,"valueName":"search_term_string"}}],"inLanguage":"fr"},{"@type":"Organization","@id":"https:\/\/kihlberg.com\/fr\/#organization","name":"Josef Kihlberg","url":"https:\/\/kihlberg.com\/fr\/","logo":{"@type":"ImageObject","inLanguage":"fr","@id":"https:\/\/kihlberg.com\/fr\/#\/schema\/logo\/image\/","url":"https:\/\/kihlberg.com\/wp-content\/uploads\/2019\/01\/logo.jpg","contentUrl":"https:\/\/kihlberg.com\/wp-content\/uploads\/2019\/01\/logo.jpg","width":850,"height":850,"caption":"Josef Kihlberg"},"image":{"@id":"https:\/\/kihlberg.com\/fr\/#\/schema\/logo\/image\/"}}]},"product_price_amount":"907","product_price_currency":"EUR","og_availability":"instock","product_availability":"instock","product_retailer_item_id":"120590","product_condition":"new"},"_links":{"self":[{"href":"https:\/\/kihlberg.com\/fr\/wp-json\/wp\/v2\/product\/102279","targetHints":{"allow":["GET"]}}],"collection":[{"href":"https:\/\/kihlberg.com\/fr\/wp-json\/wp\/v2\/product"}],"about":[{"href":"https:\/\/kihlberg.com\/fr\/wp-json\/wp\/v2\/types\/product"}],"wp:featuredmedia":[{"embeddable":true,"href":"https:\/\/kihlberg.com\/fr\/wp-json\/wp\/v2\/media\/102280"}],"wp:attachment":[{"href":"https:\/\/kihlberg.com\/fr\/wp-json\/wp\/v2\/media?parent=102279"}],"wp:term":[{"taxonomy":"product_brand","embeddable":true,"href":"https:\/\/kihlberg.com\/fr\/wp-json\/wp\/v2\/product_brand?post=102279"},{"taxonomy":"product_cat","embeddable":true,"href":"https:\/\/kihlberg.com\/fr\/wp-json\/wp\/v2\/product_cat?post=102279"}],"curies":[{"name":"wp","href":"https:\/\/api.w.org\/{rel}","templated":true}]}}