{"id":102292,"date":"2018-09-21T10:32:47","date_gmt":"2018-09-21T10:32:47","guid":{"rendered":"https:\/\/kihlberg.com\/product\/126167\/"},"modified":"2019-09-07T05:26:52","modified_gmt":"2019-09-07T05:26:52","slug":"126167","status":"publish","type":"product","link":"https:\/\/kihlberg.com\/fr\/outils\/industrie-fr\/126167\/","title":{"rendered":"Agrafeuse JK24-690"},"content":{"rendered":"","protected":false},"excerpt":{"rendered":"<p>Le JK24-690 est un outil pneumatique, professionnel fabriqu\u00e9 en Su\u00e8de tr\u00e8s efficace pour l&#8217;industrie du meuble. Cet outil simple coup est adapt\u00e9 pour clouer conseils sur le dos des meubles d&#8217;armoires, \u00e9tag\u00e8res et fonds de tiroirs. L&#8217;agrafage de glissi\u00e8res est un autre domaine d&#8217;application. Le JK24-690 a un recul n\u00e9gligeable, faible poids et un bon \u00e9quilibre. Le magasin est charg\u00e9 par le haut, ce qui emp\u00eache un d\u00e9clenchement accidentel en direction du visage de l&#8217;op\u00e9rateur pendant le chargement. La conception du nez permet un agrafage de haute pr\u00e9cision. Le long nez a une porte pivotante qui peut \u00eatre facilement ouverte lorsque le nettoyage est n\u00e9cessaire. La conception du nez permet de clouer dans les espaces confin\u00e9s et dans des fentes et des rainures. L&#8217;agrafeuse a un niveau de bruit faible gr\u00e2ce \u00e0 un silencieux efficace. Si un outil pour des longueurs de jambe plus courte est n\u00e9cessaire, nous recommandons le JK20-690. tyg f\u00f6r kortare benl\u00e4ngder rekommenderar vi JK20-690.<\/p>\n","protected":false},"featured_media":102293,"template":"","meta":{"_acf_changed":false,"_genesis_hide_title":false,"_genesis_hide_breadcrumbs":false,"_genesis_hide_singular_image":false,"_genesis_hide_footer_widgets":false,"_genesis_custom_body_class":"","_genesis_custom_post_class":"","_genesis_layout":""},"product_brand":[],"product_cat":[2360,2362,2352,2350],"class_list":{"0":"post-102292","1":"product","2":"type-product","3":"status-publish","4":"has-post-thumbnail","6":"product_cat-fenetres-et-portes","7":"product_cat-industrie-fr","8":"product_cat-la-fabrication-de-lit","9":"product_cat-outils","10":"pa_leg-length-230-fr","11":"pa_lubrication-oui","12":"pa_magazine-capacity-125-fr","13":"pa_max-pressure-7-fr","14":"pa_nose-length-20-fr","15":"pa_staple-leg-length-12-19-mm-1-2-3-4-in-fr","16":"entry","18":"first","19":"instock","20":"taxable","21":"shipping-taxable","22":"purchasable","23":"product-type-simple"},"acf":[],"yoast_head":"<!-- This site is optimized with the Yoast SEO plugin v26.1.1 - https:\/\/yoast.com\/wordpress\/plugins\/seo\/ -->\n<title>Stapler JK24-690<\/title>\n<meta name=\"robots\" content=\"noindex,follow\" \/>\n<link rel=\"canonical\" href=\"https:\/\/kihlberg.com\/fr\/outils\/industrie-fr\/126167\/\" \/>\n<meta property=\"og:locale\" content=\"fr_FR\" \/>\n<meta property=\"og:type\" content=\"article\" \/>\n<meta property=\"og:title\" content=\"Stapler JK24-690\" \/>\n<meta property=\"og:description\" content=\"Le JK24-690 est un outil pneumatique, professionnel fabriqu\u00e9 en Su\u00e8de tr\u00e8s efficace pour l&#039;industrie du meuble. Cet outil simple coup est adapt\u00e9 pour clouer conseils sur le dos des meubles d&#039;armoires, \u00e9tag\u00e8res et fonds de tiroirs. L&#039;agrafage de glissi\u00e8res est un autre domaine d&#039;application. Le JK24-690 a un recul n\u00e9gligeable, faible poids et un bon \u00e9quilibre. Le magasin est charg\u00e9 par le haut, ce qui emp\u00eache un d\u00e9clenchement accidentel en direction du visage de l&#039;op\u00e9rateur pendant le chargement. La conception du nez permet un agrafage de haute pr\u00e9cision. Le long nez a une porte pivotante qui peut \u00eatre facilement ouverte lorsque le nettoyage est n\u00e9cessaire. La conception du nez permet de clouer dans les espaces confin\u00e9s et dans des fentes et des rainures. L&#039;agrafeuse a un niveau de bruit faible gr\u00e2ce \u00e0 un silencieux efficace. Si un outil pour des longueurs de jambe plus courte est n\u00e9cessaire, nous recommandons le JK20-690. tyg f\u00f6r kortare benl\u00e4ngder rekommenderar vi JK20-690.\" \/>\n<meta property=\"og:url\" content=\"https:\/\/kihlberg.com\/fr\/outils\/industrie-fr\/126167\/\" \/>\n<meta property=\"og:site_name\" content=\"Josef kihlberg\" \/>\n<meta property=\"article:modified_time\" content=\"2019-09-07T05:26:52+00:00\" \/>\n<meta property=\"og:image\" content=\"https:\/\/kihlberg.com\/wp-content\/uploads\/2018\/08\/126167.png\" \/>\n\t<meta property=\"og:image:width\" content=\"720\" \/>\n\t<meta property=\"og:image:height\" content=\"720\" \/>\n\t<meta property=\"og:image:type\" content=\"image\/png\" \/>\n<meta name=\"twitter:card\" content=\"summary_large_image\" \/>\n<meta name=\"twitter:label1\" content=\"Price\" \/>\n\t<meta name=\"twitter:data1\" content=\"&euro;560\" \/>\n\t<meta name=\"twitter:label2\" content=\"Availability\" \/>\n\t<meta name=\"twitter:data2\" content=\"In stock\" \/>\n<script type=\"application\/ld+json\" class=\"yoast-schema-graph\">{\"@context\":\"https:\/\/schema.org\",\"@graph\":[{\"@type\":\"WebPage\",\"@id\":\"https:\/\/kihlberg.com\/fr\/outils\/industrie-fr\/126167\/\",\"url\":\"https:\/\/kihlberg.com\/fr\/outils\/industrie-fr\/126167\/\",\"name\":\"Stapler JK24-690\",\"isPartOf\":{\"@id\":\"https:\/\/kihlberg.com\/fr\/#website\"},\"primaryImageOfPage\":{\"@id\":\"https:\/\/kihlberg.com\/fr\/outils\/industrie-fr\/126167\/#primaryimage\"},\"image\":{\"@id\":\"https:\/\/kihlberg.com\/fr\/outils\/industrie-fr\/126167\/#primaryimage\"},\"thumbnailUrl\":\"https:\/\/kihlberg.com\/wp-content\/uploads\/2018\/08\/126167.png\",\"datePublished\":\"2018-09-21T10:32:47+00:00\",\"dateModified\":\"2019-09-07T05:26:52+00:00\",\"breadcrumb\":{\"@id\":\"https:\/\/kihlberg.com\/fr\/outils\/industrie-fr\/126167\/#breadcrumb\"},\"inLanguage\":\"fr\",\"potentialAction\":[{\"@type\":\"ReadAction\",\"target\":[\"https:\/\/kihlberg.com\/fr\/outils\/industrie-fr\/126167\/\"]}]},{\"@type\":\"ImageObject\",\"inLanguage\":\"fr\",\"@id\":\"https:\/\/kihlberg.com\/fr\/outils\/industrie-fr\/126167\/#primaryimage\",\"url\":\"https:\/\/kihlberg.com\/wp-content\/uploads\/2018\/08\/126167.png\",\"contentUrl\":\"https:\/\/kihlberg.com\/wp-content\/uploads\/2018\/08\/126167.png\",\"width\":720,\"height\":720},{\"@type\":\"BreadcrumbList\",\"@id\":\"https:\/\/kihlberg.com\/fr\/outils\/industrie-fr\/126167\/#breadcrumb\",\"itemListElement\":[{\"@type\":\"ListItem\",\"position\":1,\"name\":\"Home\",\"item\":\"https:\/\/kihlberg.com\/fr\/\"},{\"@type\":\"ListItem\",\"position\":2,\"name\":\"Shop\",\"item\":\"https:\/\/kihlberg.com\/shop\/\"},{\"@type\":\"ListItem\",\"position\":3,\"name\":\"Outils\",\"item\":\"https:\/\/kihlberg.com\/fr\/outils\/\"},{\"@type\":\"ListItem\",\"position\":4,\"name\":\"Application\",\"item\":\"https:\/\/kihlberg.com\/fr\/outils\/application-fr\/\"},{\"@type\":\"ListItem\",\"position\":5,\"name\":\"Fen\u00eatres et portes\",\"item\":\"https:\/\/kihlberg.com\/fr\/outils\/application-fr\/fenetres-et-portes\/\"},{\"@type\":\"ListItem\",\"position\":6,\"name\":\"Agrafeuse JK24-690\"}]},{\"@type\":\"WebSite\",\"@id\":\"https:\/\/kihlberg.com\/fr\/#website\",\"url\":\"https:\/\/kihlberg.com\/fr\/\",\"name\":\"Josef kihlberg\",\"description\":\"Made in Sweden. System manufacturer of premium staples &amp; tools that sets the standard. Legendary.\",\"publisher\":{\"@id\":\"https:\/\/kihlberg.com\/fr\/#organization\"},\"potentialAction\":[{\"@type\":\"SearchAction\",\"target\":{\"@type\":\"EntryPoint\",\"urlTemplate\":\"https:\/\/kihlberg.com\/fr\/?s={search_term_string}\"},\"query-input\":{\"@type\":\"PropertyValueSpecification\",\"valueRequired\":true,\"valueName\":\"search_term_string\"}}],\"inLanguage\":\"fr\"},{\"@type\":\"Organization\",\"@id\":\"https:\/\/kihlberg.com\/fr\/#organization\",\"name\":\"Josef Kihlberg\",\"url\":\"https:\/\/kihlberg.com\/fr\/\",\"logo\":{\"@type\":\"ImageObject\",\"inLanguage\":\"fr\",\"@id\":\"https:\/\/kihlberg.com\/fr\/#\/schema\/logo\/image\/\",\"url\":\"https:\/\/kihlberg.com\/wp-content\/uploads\/2019\/01\/logo.jpg\",\"contentUrl\":\"https:\/\/kihlberg.com\/wp-content\/uploads\/2019\/01\/logo.jpg\",\"width\":850,\"height\":850,\"caption\":\"Josef Kihlberg\"},\"image\":{\"@id\":\"https:\/\/kihlberg.com\/fr\/#\/schema\/logo\/image\/\"}}]}<\/script>\n<meta property=\"product:price:amount\" content=\"560\" \/>\n<meta property=\"product:price:currency\" content=\"EUR\" \/>\n<meta property=\"og:availability\" content=\"instock\" \/>\n<meta property=\"product:availability\" content=\"instock\" \/>\n<meta property=\"product:retailer_item_id\" content=\"126167\" \/>\n<meta property=\"product:condition\" content=\"new\" \/>\n<!-- \/ Yoast SEO plugin. -->","yoast_head_json":{"title":"Stapler JK24-690","robots":{"index,follow":"noindex,follow"},"canonical":"https:\/\/kihlberg.com\/fr\/outils\/industrie-fr\/126167\/","og_locale":"fr_FR","og_type":"article","og_title":"Stapler JK24-690","og_description":"Le JK24-690 est un outil pneumatique, professionnel fabriqu\u00e9 en Su\u00e8de tr\u00e8s efficace pour l'industrie du meuble. Cet outil simple coup est adapt\u00e9 pour clouer conseils sur le dos des meubles d'armoires, \u00e9tag\u00e8res et fonds de tiroirs. L'agrafage de glissi\u00e8res est un autre domaine d'application. Le JK24-690 a un recul n\u00e9gligeable, faible poids et un bon \u00e9quilibre. Le magasin est charg\u00e9 par le haut, ce qui emp\u00eache un d\u00e9clenchement accidentel en direction du visage de l'op\u00e9rateur pendant le chargement. La conception du nez permet un agrafage de haute pr\u00e9cision. Le long nez a une porte pivotante qui peut \u00eatre facilement ouverte lorsque le nettoyage est n\u00e9cessaire. La conception du nez permet de clouer dans les espaces confin\u00e9s et dans des fentes et des rainures. L'agrafeuse a un niveau de bruit faible gr\u00e2ce \u00e0 un silencieux efficace. Si un outil pour des longueurs de jambe plus courte est n\u00e9cessaire, nous recommandons le JK20-690. tyg f\u00f6r kortare benl\u00e4ngder rekommenderar vi JK20-690.","og_url":"https:\/\/kihlberg.com\/fr\/outils\/industrie-fr\/126167\/","og_site_name":"Josef kihlberg","article_modified_time":"2019-09-07T05:26:52+00:00","og_image":[{"width":720,"height":720,"url":"https:\/\/kihlberg.com\/wp-content\/uploads\/2018\/08\/126167.png","type":"image\/png"}],"twitter_card":"summary_large_image","twitter_misc":{"Price":"&euro;560","Availability":"In stock"},"schema":{"@context":"https:\/\/schema.org","@graph":[{"@type":"WebPage","@id":"https:\/\/kihlberg.com\/fr\/outils\/industrie-fr\/126167\/","url":"https:\/\/kihlberg.com\/fr\/outils\/industrie-fr\/126167\/","name":"Stapler JK24-690","isPartOf":{"@id":"https:\/\/kihlberg.com\/fr\/#website"},"primaryImageOfPage":{"@id":"https:\/\/kihlberg.com\/fr\/outils\/industrie-fr\/126167\/#primaryimage"},"image":{"@id":"https:\/\/kihlberg.com\/fr\/outils\/industrie-fr\/126167\/#primaryimage"},"thumbnailUrl":"https:\/\/kihlberg.com\/wp-content\/uploads\/2018\/08\/126167.png","datePublished":"2018-09-21T10:32:47+00:00","dateModified":"2019-09-07T05:26:52+00:00","breadcrumb":{"@id":"https:\/\/kihlberg.com\/fr\/outils\/industrie-fr\/126167\/#breadcrumb"},"inLanguage":"fr","potentialAction":[{"@type":"ReadAction","target":["https:\/\/kihlberg.com\/fr\/outils\/industrie-fr\/126167\/"]}]},{"@type":"ImageObject","inLanguage":"fr","@id":"https:\/\/kihlberg.com\/fr\/outils\/industrie-fr\/126167\/#primaryimage","url":"https:\/\/kihlberg.com\/wp-content\/uploads\/2018\/08\/126167.png","contentUrl":"https:\/\/kihlberg.com\/wp-content\/uploads\/2018\/08\/126167.png","width":720,"height":720},{"@type":"BreadcrumbList","@id":"https:\/\/kihlberg.com\/fr\/outils\/industrie-fr\/126167\/#breadcrumb","itemListElement":[{"@type":"ListItem","position":1,"name":"Home","item":"https:\/\/kihlberg.com\/fr\/"},{"@type":"ListItem","position":2,"name":"Shop","item":"https:\/\/kihlberg.com\/shop\/"},{"@type":"ListItem","position":3,"name":"Outils","item":"https:\/\/kihlberg.com\/fr\/outils\/"},{"@type":"ListItem","position":4,"name":"Application","item":"https:\/\/kihlberg.com\/fr\/outils\/application-fr\/"},{"@type":"ListItem","position":5,"name":"Fen\u00eatres et portes","item":"https:\/\/kihlberg.com\/fr\/outils\/application-fr\/fenetres-et-portes\/"},{"@type":"ListItem","position":6,"name":"Agrafeuse JK24-690"}]},{"@type":"WebSite","@id":"https:\/\/kihlberg.com\/fr\/#website","url":"https:\/\/kihlberg.com\/fr\/","name":"Josef kihlberg","description":"Made in Sweden. System manufacturer of premium staples &amp; tools that sets the standard. Legendary.","publisher":{"@id":"https:\/\/kihlberg.com\/fr\/#organization"},"potentialAction":[{"@type":"SearchAction","target":{"@type":"EntryPoint","urlTemplate":"https:\/\/kihlberg.com\/fr\/?s={search_term_string}"},"query-input":{"@type":"PropertyValueSpecification","valueRequired":true,"valueName":"search_term_string"}}],"inLanguage":"fr"},{"@type":"Organization","@id":"https:\/\/kihlberg.com\/fr\/#organization","name":"Josef Kihlberg","url":"https:\/\/kihlberg.com\/fr\/","logo":{"@type":"ImageObject","inLanguage":"fr","@id":"https:\/\/kihlberg.com\/fr\/#\/schema\/logo\/image\/","url":"https:\/\/kihlberg.com\/wp-content\/uploads\/2019\/01\/logo.jpg","contentUrl":"https:\/\/kihlberg.com\/wp-content\/uploads\/2019\/01\/logo.jpg","width":850,"height":850,"caption":"Josef Kihlberg"},"image":{"@id":"https:\/\/kihlberg.com\/fr\/#\/schema\/logo\/image\/"}}]},"product_price_amount":"560","product_price_currency":"EUR","og_availability":"instock","product_availability":"instock","product_retailer_item_id":"126167","product_condition":"new"},"_links":{"self":[{"href":"https:\/\/kihlberg.com\/fr\/wp-json\/wp\/v2\/product\/102292","targetHints":{"allow":["GET"]}}],"collection":[{"href":"https:\/\/kihlberg.com\/fr\/wp-json\/wp\/v2\/product"}],"about":[{"href":"https:\/\/kihlberg.com\/fr\/wp-json\/wp\/v2\/types\/product"}],"wp:featuredmedia":[{"embeddable":true,"href":"https:\/\/kihlberg.com\/fr\/wp-json\/wp\/v2\/media\/102293"}],"wp:attachment":[{"href":"https:\/\/kihlberg.com\/fr\/wp-json\/wp\/v2\/media?parent=102292"}],"wp:term":[{"taxonomy":"product_brand","embeddable":true,"href":"https:\/\/kihlberg.com\/fr\/wp-json\/wp\/v2\/product_brand?post=102292"},{"taxonomy":"product_cat","embeddable":true,"href":"https:\/\/kihlberg.com\/fr\/wp-json\/wp\/v2\/product_cat?post=102292"}],"curies":[{"name":"wp","href":"https:\/\/api.w.org\/{rel}","templated":true}]}}