{"id":102313,"date":"2018-09-21T10:32:18","date_gmt":"2018-09-21T10:32:18","guid":{"rendered":"https:\/\/kihlberg.com\/product\/120441\/"},"modified":"2019-09-07T05:26:48","modified_gmt":"2019-09-07T05:26:48","slug":"120441","status":"publish","type":"product","link":"https:\/\/kihlberg.com\/fr\/outils\/emballage\/120441\/","title":{"rendered":"Agrafeuse F53"},"content":{"rendered":"","protected":false},"excerpt":{"rendered":"<p>Fabriqu\u00e9 en Su\u00e8de, cette agrafeuse industrielle manuelle de type F con\u00e7ue pour agrafes JK53 change l&#8217;agrafage de, par exemple, les volets, les coins et les bords en un processus tr\u00e8s efficace. Il est \u00e9galement bien adapt\u00e9 pour les autres produits de base industriels de diff\u00e9rents mat\u00e9riaux tels que le textile, le cuir, etc. Par rapport aux agrafes JK560 et JK561, l&#8217;agrafage sera moins visible avec des agrafes JK53. L&#8217;agrafeuse industrielle est spacieuse, ergonomique et dispose d&#8217;une grande capacit\u00e9 de chargement. Cet outil professionnel est adapt\u00e9 pour une utilisation continue dans les services d&#8217;emballage et dans l&#8217;industrie.<\/p>\n","protected":false},"featured_media":102314,"template":"","meta":{"_acf_changed":false,"_genesis_hide_title":false,"_genesis_hide_breadcrumbs":false,"_genesis_hide_singular_image":false,"_genesis_hide_footer_widgets":false,"_genesis_custom_body_class":"","_genesis_custom_post_class":"","_genesis_layout":""},"product_brand":[],"product_cat":[2355,2363,2350,2358],"class_list":{"0":"post-102313","1":"product","2":"type-product","3":"status-publish","4":"has-post-thumbnail","6":"product_cat-agrafage-de-plaques","7":"product_cat-emballage","8":"product_cat-outils","9":"product_cat-transport-packages-fr","10":"pa_free-anvil-height-860-fr","11":"pa_leg-length-920-fr","12":"pa_lubrication-non","13":"pa_magazine-capacity-312-fr","14":"pa_staple-leg-length-9-15-mm-3-8-5-8-in-fr","15":"pa_throat-depth-60-fr","16":"entry","18":"first","19":"instock","20":"taxable","21":"shipping-taxable","22":"purchasable","23":"product-type-simple"},"acf":[],"yoast_head":"<!-- This site is optimized with the Yoast SEO plugin v26.1.1 - https:\/\/yoast.com\/wordpress\/plugins\/seo\/ -->\n<title>Industrial stapler F53<\/title>\n<meta name=\"robots\" content=\"noindex,follow\" \/>\n<link rel=\"canonical\" href=\"https:\/\/kihlberg.com\/fr\/outils\/emballage\/120441\/\" \/>\n<meta property=\"og:locale\" content=\"fr_FR\" \/>\n<meta property=\"og:type\" content=\"article\" \/>\n<meta property=\"og:title\" content=\"Industrial stapler F53\" \/>\n<meta property=\"og:description\" content=\"Fabriqu\u00e9 en Su\u00e8de, cette agrafeuse industrielle manuelle de type F con\u00e7ue pour agrafes JK53 change l&#039;agrafage de, par exemple, les volets, les coins et les bords en un processus tr\u00e8s efficace. Il est \u00e9galement bien adapt\u00e9 pour les autres produits de base industriels de diff\u00e9rents mat\u00e9riaux tels que le textile, le cuir, etc. Par rapport aux agrafes JK560 et JK561, l&#039;agrafage sera moins visible avec des agrafes JK53. L&#039;agrafeuse industrielle est spacieuse, ergonomique et dispose d&#039;une grande capacit\u00e9 de chargement. Cet outil professionnel est adapt\u00e9 pour une utilisation continue dans les services d&#039;emballage et dans l&#039;industrie.\" \/>\n<meta property=\"og:url\" content=\"https:\/\/kihlberg.com\/fr\/outils\/emballage\/120441\/\" \/>\n<meta property=\"og:site_name\" content=\"Josef kihlberg\" \/>\n<meta property=\"article:modified_time\" content=\"2019-09-07T05:26:48+00:00\" \/>\n<meta property=\"og:image\" content=\"https:\/\/kihlberg.com\/wp-content\/uploads\/2018\/08\/120441.png\" \/>\n\t<meta property=\"og:image:width\" content=\"720\" \/>\n\t<meta property=\"og:image:height\" content=\"720\" \/>\n\t<meta property=\"og:image:type\" content=\"image\/png\" \/>\n<meta name=\"twitter:card\" content=\"summary_large_image\" \/>\n<meta name=\"twitter:label1\" content=\"Price\" \/>\n\t<meta name=\"twitter:data1\" content=\"&euro;1 181\" \/>\n\t<meta name=\"twitter:label2\" content=\"Availability\" \/>\n\t<meta name=\"twitter:data2\" content=\"In stock\" \/>\n<script type=\"application\/ld+json\" class=\"yoast-schema-graph\">{\"@context\":\"https:\/\/schema.org\",\"@graph\":[{\"@type\":\"WebPage\",\"@id\":\"https:\/\/kihlberg.com\/fr\/outils\/emballage\/120441\/\",\"url\":\"https:\/\/kihlberg.com\/fr\/outils\/emballage\/120441\/\",\"name\":\"Industrial stapler F53\",\"isPartOf\":{\"@id\":\"https:\/\/kihlberg.com\/fr\/#website\"},\"primaryImageOfPage\":{\"@id\":\"https:\/\/kihlberg.com\/fr\/outils\/emballage\/120441\/#primaryimage\"},\"image\":{\"@id\":\"https:\/\/kihlberg.com\/fr\/outils\/emballage\/120441\/#primaryimage\"},\"thumbnailUrl\":\"https:\/\/kihlberg.com\/wp-content\/uploads\/2018\/08\/120441.png\",\"datePublished\":\"2018-09-21T10:32:18+00:00\",\"dateModified\":\"2019-09-07T05:26:48+00:00\",\"breadcrumb\":{\"@id\":\"https:\/\/kihlberg.com\/fr\/outils\/emballage\/120441\/#breadcrumb\"},\"inLanguage\":\"fr\",\"potentialAction\":[{\"@type\":\"ReadAction\",\"target\":[\"https:\/\/kihlberg.com\/fr\/outils\/emballage\/120441\/\"]}]},{\"@type\":\"ImageObject\",\"inLanguage\":\"fr\",\"@id\":\"https:\/\/kihlberg.com\/fr\/outils\/emballage\/120441\/#primaryimage\",\"url\":\"https:\/\/kihlberg.com\/wp-content\/uploads\/2018\/08\/120441.png\",\"contentUrl\":\"https:\/\/kihlberg.com\/wp-content\/uploads\/2018\/08\/120441.png\",\"width\":720,\"height\":720},{\"@type\":\"BreadcrumbList\",\"@id\":\"https:\/\/kihlberg.com\/fr\/outils\/emballage\/120441\/#breadcrumb\",\"itemListElement\":[{\"@type\":\"ListItem\",\"position\":1,\"name\":\"Home\",\"item\":\"https:\/\/kihlberg.com\/fr\/\"},{\"@type\":\"ListItem\",\"position\":2,\"name\":\"Shop\",\"item\":\"https:\/\/kihlberg.com\/shop\/\"},{\"@type\":\"ListItem\",\"position\":3,\"name\":\"Outils\",\"item\":\"https:\/\/kihlberg.com\/fr\/outils\/\"},{\"@type\":\"ListItem\",\"position\":4,\"name\":\"Application\",\"item\":\"https:\/\/kihlberg.com\/fr\/outils\/application-fr\/\"},{\"@type\":\"ListItem\",\"position\":5,\"name\":\"Agrafage de plaques\",\"item\":\"https:\/\/kihlberg.com\/fr\/outils\/application-fr\/agrafage-de-plaques\/\"},{\"@type\":\"ListItem\",\"position\":6,\"name\":\"Agrafeuse F53\"}]},{\"@type\":\"WebSite\",\"@id\":\"https:\/\/kihlberg.com\/fr\/#website\",\"url\":\"https:\/\/kihlberg.com\/fr\/\",\"name\":\"Josef kihlberg\",\"description\":\"Made in Sweden. System manufacturer of premium staples &amp; tools that sets the standard. Legendary.\",\"publisher\":{\"@id\":\"https:\/\/kihlberg.com\/fr\/#organization\"},\"potentialAction\":[{\"@type\":\"SearchAction\",\"target\":{\"@type\":\"EntryPoint\",\"urlTemplate\":\"https:\/\/kihlberg.com\/fr\/?s={search_term_string}\"},\"query-input\":{\"@type\":\"PropertyValueSpecification\",\"valueRequired\":true,\"valueName\":\"search_term_string\"}}],\"inLanguage\":\"fr\"},{\"@type\":\"Organization\",\"@id\":\"https:\/\/kihlberg.com\/fr\/#organization\",\"name\":\"Josef Kihlberg\",\"url\":\"https:\/\/kihlberg.com\/fr\/\",\"logo\":{\"@type\":\"ImageObject\",\"inLanguage\":\"fr\",\"@id\":\"https:\/\/kihlberg.com\/fr\/#\/schema\/logo\/image\/\",\"url\":\"https:\/\/kihlberg.com\/wp-content\/uploads\/2019\/01\/logo.jpg\",\"contentUrl\":\"https:\/\/kihlberg.com\/wp-content\/uploads\/2019\/01\/logo.jpg\",\"width\":850,\"height\":850,\"caption\":\"Josef Kihlberg\"},\"image\":{\"@id\":\"https:\/\/kihlberg.com\/fr\/#\/schema\/logo\/image\/\"}}]}<\/script>\n<meta property=\"product:price:amount\" content=\"1181\" \/>\n<meta property=\"product:price:currency\" content=\"EUR\" \/>\n<meta property=\"og:availability\" content=\"instock\" \/>\n<meta property=\"product:availability\" content=\"instock\" \/>\n<meta property=\"product:retailer_item_id\" content=\"120441\" \/>\n<meta property=\"product:condition\" content=\"new\" \/>\n<!-- \/ Yoast SEO plugin. -->","yoast_head_json":{"title":"Industrial stapler F53","robots":{"index,follow":"noindex,follow"},"canonical":"https:\/\/kihlberg.com\/fr\/outils\/emballage\/120441\/","og_locale":"fr_FR","og_type":"article","og_title":"Industrial stapler F53","og_description":"Fabriqu\u00e9 en Su\u00e8de, cette agrafeuse industrielle manuelle de type F con\u00e7ue pour agrafes JK53 change l'agrafage de, par exemple, les volets, les coins et les bords en un processus tr\u00e8s efficace. Il est \u00e9galement bien adapt\u00e9 pour les autres produits de base industriels de diff\u00e9rents mat\u00e9riaux tels que le textile, le cuir, etc. Par rapport aux agrafes JK560 et JK561, l'agrafage sera moins visible avec des agrafes JK53. L'agrafeuse industrielle est spacieuse, ergonomique et dispose d'une grande capacit\u00e9 de chargement. Cet outil professionnel est adapt\u00e9 pour une utilisation continue dans les services d'emballage et dans l'industrie.","og_url":"https:\/\/kihlberg.com\/fr\/outils\/emballage\/120441\/","og_site_name":"Josef kihlberg","article_modified_time":"2019-09-07T05:26:48+00:00","og_image":[{"width":720,"height":720,"url":"https:\/\/kihlberg.com\/wp-content\/uploads\/2018\/08\/120441.png","type":"image\/png"}],"twitter_card":"summary_large_image","twitter_misc":{"Price":"&euro;1 181","Availability":"In stock"},"schema":{"@context":"https:\/\/schema.org","@graph":[{"@type":"WebPage","@id":"https:\/\/kihlberg.com\/fr\/outils\/emballage\/120441\/","url":"https:\/\/kihlberg.com\/fr\/outils\/emballage\/120441\/","name":"Industrial stapler F53","isPartOf":{"@id":"https:\/\/kihlberg.com\/fr\/#website"},"primaryImageOfPage":{"@id":"https:\/\/kihlberg.com\/fr\/outils\/emballage\/120441\/#primaryimage"},"image":{"@id":"https:\/\/kihlberg.com\/fr\/outils\/emballage\/120441\/#primaryimage"},"thumbnailUrl":"https:\/\/kihlberg.com\/wp-content\/uploads\/2018\/08\/120441.png","datePublished":"2018-09-21T10:32:18+00:00","dateModified":"2019-09-07T05:26:48+00:00","breadcrumb":{"@id":"https:\/\/kihlberg.com\/fr\/outils\/emballage\/120441\/#breadcrumb"},"inLanguage":"fr","potentialAction":[{"@type":"ReadAction","target":["https:\/\/kihlberg.com\/fr\/outils\/emballage\/120441\/"]}]},{"@type":"ImageObject","inLanguage":"fr","@id":"https:\/\/kihlberg.com\/fr\/outils\/emballage\/120441\/#primaryimage","url":"https:\/\/kihlberg.com\/wp-content\/uploads\/2018\/08\/120441.png","contentUrl":"https:\/\/kihlberg.com\/wp-content\/uploads\/2018\/08\/120441.png","width":720,"height":720},{"@type":"BreadcrumbList","@id":"https:\/\/kihlberg.com\/fr\/outils\/emballage\/120441\/#breadcrumb","itemListElement":[{"@type":"ListItem","position":1,"name":"Home","item":"https:\/\/kihlberg.com\/fr\/"},{"@type":"ListItem","position":2,"name":"Shop","item":"https:\/\/kihlberg.com\/shop\/"},{"@type":"ListItem","position":3,"name":"Outils","item":"https:\/\/kihlberg.com\/fr\/outils\/"},{"@type":"ListItem","position":4,"name":"Application","item":"https:\/\/kihlberg.com\/fr\/outils\/application-fr\/"},{"@type":"ListItem","position":5,"name":"Agrafage de plaques","item":"https:\/\/kihlberg.com\/fr\/outils\/application-fr\/agrafage-de-plaques\/"},{"@type":"ListItem","position":6,"name":"Agrafeuse F53"}]},{"@type":"WebSite","@id":"https:\/\/kihlberg.com\/fr\/#website","url":"https:\/\/kihlberg.com\/fr\/","name":"Josef kihlberg","description":"Made in Sweden. System manufacturer of premium staples &amp; tools that sets the standard. Legendary.","publisher":{"@id":"https:\/\/kihlberg.com\/fr\/#organization"},"potentialAction":[{"@type":"SearchAction","target":{"@type":"EntryPoint","urlTemplate":"https:\/\/kihlberg.com\/fr\/?s={search_term_string}"},"query-input":{"@type":"PropertyValueSpecification","valueRequired":true,"valueName":"search_term_string"}}],"inLanguage":"fr"},{"@type":"Organization","@id":"https:\/\/kihlberg.com\/fr\/#organization","name":"Josef Kihlberg","url":"https:\/\/kihlberg.com\/fr\/","logo":{"@type":"ImageObject","inLanguage":"fr","@id":"https:\/\/kihlberg.com\/fr\/#\/schema\/logo\/image\/","url":"https:\/\/kihlberg.com\/wp-content\/uploads\/2019\/01\/logo.jpg","contentUrl":"https:\/\/kihlberg.com\/wp-content\/uploads\/2019\/01\/logo.jpg","width":850,"height":850,"caption":"Josef Kihlberg"},"image":{"@id":"https:\/\/kihlberg.com\/fr\/#\/schema\/logo\/image\/"}}]},"product_price_amount":"1181","product_price_currency":"EUR","og_availability":"instock","product_availability":"instock","product_retailer_item_id":"120441","product_condition":"new"},"_links":{"self":[{"href":"https:\/\/kihlberg.com\/fr\/wp-json\/wp\/v2\/product\/102313","targetHints":{"allow":["GET"]}}],"collection":[{"href":"https:\/\/kihlberg.com\/fr\/wp-json\/wp\/v2\/product"}],"about":[{"href":"https:\/\/kihlberg.com\/fr\/wp-json\/wp\/v2\/types\/product"}],"wp:featuredmedia":[{"embeddable":true,"href":"https:\/\/kihlberg.com\/fr\/wp-json\/wp\/v2\/media\/102314"}],"wp:attachment":[{"href":"https:\/\/kihlberg.com\/fr\/wp-json\/wp\/v2\/media?parent=102313"}],"wp:term":[{"taxonomy":"product_brand","embeddable":true,"href":"https:\/\/kihlberg.com\/fr\/wp-json\/wp\/v2\/product_brand?post=102313"},{"taxonomy":"product_cat","embeddable":true,"href":"https:\/\/kihlberg.com\/fr\/wp-json\/wp\/v2\/product_cat?post=102313"}],"curies":[{"name":"wp","href":"https:\/\/api.w.org\/{rel}","templated":true}]}}