{"id":102347,"date":"2018-09-21T10:31:17","date_gmt":"2018-09-21T10:31:17","guid":{"rendered":"https:\/\/kihlberg.com\/product\/125107\/"},"modified":"2019-09-07T05:26:41","modified_gmt":"2019-09-07T05:26:41","slug":"125107","status":"publish","type":"product","link":"https:\/\/kihlberg.com\/fr\/outils\/emballage\/125107\/","title":{"rendered":"Top agrafeuse c.561PN22"},"content":{"rendered":"","protected":false},"excerpt":{"rendered":"<p>Une agrafeuse pneumatique top fabriqu\u00e9e en Su\u00e8de pour un usage professionnel. L&#8217;outil est \u00e9quip\u00e9 de capuchons de plastique d&#8217;ing\u00e9nierie fournissant un poids extr\u00eamement faible ; les pi\u00e8ces d&#8217;usure sont r\u00e9alis\u00e9es en m\u00e9tal. Agrafes JK561-22 sont utilis\u00e9es dans c.561PN22. L&#8217;outil est facile \u00e0 r\u00e9gler pour diff\u00e9rentes profondeurs d&#8217;agrafage et \u00e0 agrafage pr\u00e9cis (reproductible) et un cycle d&#8217;agrafage complet. Il a un bon \u00e9quilibre, une poign\u00e9e confortable, et la profondeur d&#8217;agrafage r\u00e9glable n\u00e9cessitant un entretien minimal. Les agrafes de top agrafeuse fournissent une fermeture s\u00fbre, ainsi qu&#8217;une nette r\u00e9duction du risque de vol. Vous obtiendrez les meilleurs r\u00e9sultats pour une \u00e9tanch\u00e9it\u00e9 s\u00fbre.<\/p>\n","protected":false},"featured_media":102349,"template":"","meta":{"_acf_changed":false,"_genesis_hide_title":false,"_genesis_hide_breadcrumbs":false,"_genesis_hide_singular_image":false,"_genesis_hide_footer_widgets":false,"_genesis_custom_body_class":"","_genesis_custom_post_class":"","_genesis_layout":""},"product_brand":[],"product_cat":[2357,2363,2350,2358],"class_list":{"0":"post-102347","1":"product","2":"type-product","3":"status-publish","4":"has-post-thumbnail","6":"product_cat-agrafage-de-couvercles","7":"product_cat-emballage","8":"product_cat-outils","9":"product_cat-transport-packages-fr","10":"pa_leg-length-404-fr","11":"pa_lubrication-oui","12":"pa_magazine-capacity-150-fr","13":"pa_max-pressure-8-fr","14":"pa_staple-leg-length-22-mm-7-8-in-fr","15":"entry","17":"first","18":"instock","19":"taxable","20":"shipping-taxable","21":"purchasable","22":"product-type-simple"},"acf":[],"yoast_head":"<!-- This site is optimized with the Yoast SEO plugin v26.1.1 - https:\/\/yoast.com\/wordpress\/plugins\/seo\/ -->\n<title>Top stapler c.561PN22<\/title>\n<meta name=\"description\" content=\"c.561PN22 | Made in Sweden | Tool of the highest quality for carton closing. Provides a secure and professional seal. Discover more!\" \/>\n<meta name=\"robots\" content=\"noindex,follow\" \/>\n<link rel=\"canonical\" href=\"https:\/\/kihlberg.com\/fr\/outils\/emballage\/125107\/\" \/>\n<meta property=\"og:locale\" content=\"fr_FR\" \/>\n<meta property=\"og:type\" content=\"article\" \/>\n<meta property=\"og:title\" content=\"Top stapler c.561PN22\" \/>\n<meta property=\"og:description\" content=\"c.561PN22 | Made in Sweden | Tool of the highest quality for carton closing. Provides a secure and professional seal. Discover more!\" \/>\n<meta property=\"og:url\" content=\"https:\/\/kihlberg.com\/fr\/outils\/emballage\/125107\/\" \/>\n<meta property=\"og:site_name\" content=\"Josef kihlberg\" \/>\n<meta property=\"article:modified_time\" content=\"2019-09-07T05:26:41+00:00\" \/>\n<meta property=\"og:image\" content=\"https:\/\/kihlberg.com\/wp-content\/uploads\/2018\/09\/top-stapler-560-561-1.jpg\" \/>\n\t<meta property=\"og:image:width\" content=\"720\" \/>\n\t<meta property=\"og:image:height\" content=\"720\" \/>\n\t<meta property=\"og:image:type\" content=\"image\/jpeg\" \/>\n<meta name=\"twitter:card\" content=\"summary_large_image\" \/>\n<meta name=\"twitter:label1\" content=\"Price\" \/>\n\t<meta name=\"twitter:data1\" content=\"&euro;584\" \/>\n\t<meta name=\"twitter:label2\" content=\"Availability\" \/>\n\t<meta name=\"twitter:data2\" content=\"In stock\" \/>\n<script type=\"application\/ld+json\" class=\"yoast-schema-graph\">{\"@context\":\"https:\/\/schema.org\",\"@graph\":[{\"@type\":\"WebPage\",\"@id\":\"https:\/\/kihlberg.com\/fr\/outils\/emballage\/125107\/\",\"url\":\"https:\/\/kihlberg.com\/fr\/outils\/emballage\/125107\/\",\"name\":\"Top stapler c.561PN22\",\"isPartOf\":{\"@id\":\"https:\/\/kihlberg.com\/fr\/#website\"},\"primaryImageOfPage\":{\"@id\":\"https:\/\/kihlberg.com\/fr\/outils\/emballage\/125107\/#primaryimage\"},\"image\":{\"@id\":\"https:\/\/kihlberg.com\/fr\/outils\/emballage\/125107\/#primaryimage\"},\"thumbnailUrl\":\"https:\/\/kihlberg.com\/wp-content\/uploads\/2018\/09\/top-stapler-560-561-1.jpg\",\"datePublished\":\"2018-09-21T10:31:17+00:00\",\"dateModified\":\"2019-09-07T05:26:41+00:00\",\"description\":\"c.561PN22 | Made in Sweden | Tool of the highest quality for carton closing. Provides a secure and professional seal. Discover more!\",\"breadcrumb\":{\"@id\":\"https:\/\/kihlberg.com\/fr\/outils\/emballage\/125107\/#breadcrumb\"},\"inLanguage\":\"fr\",\"potentialAction\":[{\"@type\":\"ReadAction\",\"target\":[\"https:\/\/kihlberg.com\/fr\/outils\/emballage\/125107\/\"]}]},{\"@type\":\"ImageObject\",\"inLanguage\":\"fr\",\"@id\":\"https:\/\/kihlberg.com\/fr\/outils\/emballage\/125107\/#primaryimage\",\"url\":\"https:\/\/kihlberg.com\/wp-content\/uploads\/2018\/09\/top-stapler-560-561-1.jpg\",\"contentUrl\":\"https:\/\/kihlberg.com\/wp-content\/uploads\/2018\/09\/top-stapler-560-561-1.jpg\",\"width\":720,\"height\":720},{\"@type\":\"BreadcrumbList\",\"@id\":\"https:\/\/kihlberg.com\/fr\/outils\/emballage\/125107\/#breadcrumb\",\"itemListElement\":[{\"@type\":\"ListItem\",\"position\":1,\"name\":\"Home\",\"item\":\"https:\/\/kihlberg.com\/fr\/\"},{\"@type\":\"ListItem\",\"position\":2,\"name\":\"Shop\",\"item\":\"https:\/\/kihlberg.com\/shop\/\"},{\"@type\":\"ListItem\",\"position\":3,\"name\":\"Outils\",\"item\":\"https:\/\/kihlberg.com\/fr\/outils\/\"},{\"@type\":\"ListItem\",\"position\":4,\"name\":\"Application\",\"item\":\"https:\/\/kihlberg.com\/fr\/outils\/application-fr\/\"},{\"@type\":\"ListItem\",\"position\":5,\"name\":\"Agrafage de couvercles\",\"item\":\"https:\/\/kihlberg.com\/fr\/outils\/application-fr\/agrafage-de-couvercles\/\"},{\"@type\":\"ListItem\",\"position\":6,\"name\":\"Top agrafeuse c.561PN22\"}]},{\"@type\":\"WebSite\",\"@id\":\"https:\/\/kihlberg.com\/fr\/#website\",\"url\":\"https:\/\/kihlberg.com\/fr\/\",\"name\":\"Josef kihlberg\",\"description\":\"Made in Sweden. System manufacturer of premium staples &amp; tools that sets the standard. Legendary.\",\"publisher\":{\"@id\":\"https:\/\/kihlberg.com\/fr\/#organization\"},\"potentialAction\":[{\"@type\":\"SearchAction\",\"target\":{\"@type\":\"EntryPoint\",\"urlTemplate\":\"https:\/\/kihlberg.com\/fr\/?s={search_term_string}\"},\"query-input\":{\"@type\":\"PropertyValueSpecification\",\"valueRequired\":true,\"valueName\":\"search_term_string\"}}],\"inLanguage\":\"fr\"},{\"@type\":\"Organization\",\"@id\":\"https:\/\/kihlberg.com\/fr\/#organization\",\"name\":\"Josef Kihlberg\",\"url\":\"https:\/\/kihlberg.com\/fr\/\",\"logo\":{\"@type\":\"ImageObject\",\"inLanguage\":\"fr\",\"@id\":\"https:\/\/kihlberg.com\/fr\/#\/schema\/logo\/image\/\",\"url\":\"https:\/\/kihlberg.com\/wp-content\/uploads\/2019\/01\/logo.jpg\",\"contentUrl\":\"https:\/\/kihlberg.com\/wp-content\/uploads\/2019\/01\/logo.jpg\",\"width\":850,\"height\":850,\"caption\":\"Josef Kihlberg\"},\"image\":{\"@id\":\"https:\/\/kihlberg.com\/fr\/#\/schema\/logo\/image\/\"}}]}<\/script>\n<meta property=\"product:price:amount\" content=\"584\" \/>\n<meta property=\"product:price:currency\" content=\"EUR\" \/>\n<meta property=\"og:availability\" content=\"instock\" \/>\n<meta property=\"product:availability\" content=\"instock\" \/>\n<meta property=\"product:retailer_item_id\" content=\"125107\" \/>\n<meta property=\"product:condition\" content=\"new\" \/>\n<!-- \/ Yoast SEO plugin. -->","yoast_head_json":{"title":"Top stapler c.561PN22","description":"c.561PN22 | Made in Sweden | Tool of the highest quality for carton closing. Provides a secure and professional seal. Discover more!","robots":{"index,follow":"noindex,follow"},"canonical":"https:\/\/kihlberg.com\/fr\/outils\/emballage\/125107\/","og_locale":"fr_FR","og_type":"article","og_title":"Top stapler c.561PN22","og_description":"c.561PN22 | Made in Sweden | Tool of the highest quality for carton closing. Provides a secure and professional seal. Discover more!","og_url":"https:\/\/kihlberg.com\/fr\/outils\/emballage\/125107\/","og_site_name":"Josef kihlberg","article_modified_time":"2019-09-07T05:26:41+00:00","og_image":[{"width":720,"height":720,"url":"https:\/\/kihlberg.com\/wp-content\/uploads\/2018\/09\/top-stapler-560-561-1.jpg","type":"image\/jpeg"}],"twitter_card":"summary_large_image","twitter_misc":{"Price":"&euro;584","Availability":"In stock"},"schema":{"@context":"https:\/\/schema.org","@graph":[{"@type":"WebPage","@id":"https:\/\/kihlberg.com\/fr\/outils\/emballage\/125107\/","url":"https:\/\/kihlberg.com\/fr\/outils\/emballage\/125107\/","name":"Top stapler c.561PN22","isPartOf":{"@id":"https:\/\/kihlberg.com\/fr\/#website"},"primaryImageOfPage":{"@id":"https:\/\/kihlberg.com\/fr\/outils\/emballage\/125107\/#primaryimage"},"image":{"@id":"https:\/\/kihlberg.com\/fr\/outils\/emballage\/125107\/#primaryimage"},"thumbnailUrl":"https:\/\/kihlberg.com\/wp-content\/uploads\/2018\/09\/top-stapler-560-561-1.jpg","datePublished":"2018-09-21T10:31:17+00:00","dateModified":"2019-09-07T05:26:41+00:00","description":"c.561PN22 | Made in Sweden | Tool of the highest quality for carton closing. Provides a secure and professional seal. Discover more!","breadcrumb":{"@id":"https:\/\/kihlberg.com\/fr\/outils\/emballage\/125107\/#breadcrumb"},"inLanguage":"fr","potentialAction":[{"@type":"ReadAction","target":["https:\/\/kihlberg.com\/fr\/outils\/emballage\/125107\/"]}]},{"@type":"ImageObject","inLanguage":"fr","@id":"https:\/\/kihlberg.com\/fr\/outils\/emballage\/125107\/#primaryimage","url":"https:\/\/kihlberg.com\/wp-content\/uploads\/2018\/09\/top-stapler-560-561-1.jpg","contentUrl":"https:\/\/kihlberg.com\/wp-content\/uploads\/2018\/09\/top-stapler-560-561-1.jpg","width":720,"height":720},{"@type":"BreadcrumbList","@id":"https:\/\/kihlberg.com\/fr\/outils\/emballage\/125107\/#breadcrumb","itemListElement":[{"@type":"ListItem","position":1,"name":"Home","item":"https:\/\/kihlberg.com\/fr\/"},{"@type":"ListItem","position":2,"name":"Shop","item":"https:\/\/kihlberg.com\/shop\/"},{"@type":"ListItem","position":3,"name":"Outils","item":"https:\/\/kihlberg.com\/fr\/outils\/"},{"@type":"ListItem","position":4,"name":"Application","item":"https:\/\/kihlberg.com\/fr\/outils\/application-fr\/"},{"@type":"ListItem","position":5,"name":"Agrafage de couvercles","item":"https:\/\/kihlberg.com\/fr\/outils\/application-fr\/agrafage-de-couvercles\/"},{"@type":"ListItem","position":6,"name":"Top agrafeuse c.561PN22"}]},{"@type":"WebSite","@id":"https:\/\/kihlberg.com\/fr\/#website","url":"https:\/\/kihlberg.com\/fr\/","name":"Josef kihlberg","description":"Made in Sweden. System manufacturer of premium staples &amp; tools that sets the standard. Legendary.","publisher":{"@id":"https:\/\/kihlberg.com\/fr\/#organization"},"potentialAction":[{"@type":"SearchAction","target":{"@type":"EntryPoint","urlTemplate":"https:\/\/kihlberg.com\/fr\/?s={search_term_string}"},"query-input":{"@type":"PropertyValueSpecification","valueRequired":true,"valueName":"search_term_string"}}],"inLanguage":"fr"},{"@type":"Organization","@id":"https:\/\/kihlberg.com\/fr\/#organization","name":"Josef Kihlberg","url":"https:\/\/kihlberg.com\/fr\/","logo":{"@type":"ImageObject","inLanguage":"fr","@id":"https:\/\/kihlberg.com\/fr\/#\/schema\/logo\/image\/","url":"https:\/\/kihlberg.com\/wp-content\/uploads\/2019\/01\/logo.jpg","contentUrl":"https:\/\/kihlberg.com\/wp-content\/uploads\/2019\/01\/logo.jpg","width":850,"height":850,"caption":"Josef Kihlberg"},"image":{"@id":"https:\/\/kihlberg.com\/fr\/#\/schema\/logo\/image\/"}}]},"product_price_amount":"584","product_price_currency":"EUR","og_availability":"instock","product_availability":"instock","product_retailer_item_id":"125107","product_condition":"new"},"_links":{"self":[{"href":"https:\/\/kihlberg.com\/fr\/wp-json\/wp\/v2\/product\/102347","targetHints":{"allow":["GET"]}}],"collection":[{"href":"https:\/\/kihlberg.com\/fr\/wp-json\/wp\/v2\/product"}],"about":[{"href":"https:\/\/kihlberg.com\/fr\/wp-json\/wp\/v2\/types\/product"}],"wp:featuredmedia":[{"embeddable":true,"href":"https:\/\/kihlberg.com\/fr\/wp-json\/wp\/v2\/media\/102349"}],"wp:attachment":[{"href":"https:\/\/kihlberg.com\/fr\/wp-json\/wp\/v2\/media?parent=102347"}],"wp:term":[{"taxonomy":"product_brand","embeddable":true,"href":"https:\/\/kihlberg.com\/fr\/wp-json\/wp\/v2\/product_brand?post=102347"},{"taxonomy":"product_cat","embeddable":true,"href":"https:\/\/kihlberg.com\/fr\/wp-json\/wp\/v2\/product_cat?post=102347"}],"curies":[{"name":"wp","href":"https:\/\/api.w.org\/{rel}","templated":true}]}}