{"id":84698,"date":"2018-10-31T07:58:35","date_gmt":"2018-10-31T07:58:35","guid":{"rendered":"https:\/\/kihlberg.com\/service-warranty\/"},"modified":"2019-05-16T13:33:22","modified_gmt":"2019-05-16T13:33:22","slug":"service-garanti","status":"publish","type":"page","link":"https:\/\/kihlberg.com\/no\/service-garanti\/","title":{"rendered":"Service og garanti"},"content":{"rendered":"\n<p>Josef Kihlberg AB<br>Att: Service Department<br>Industrigatan 37B<br>SE-544 50 HJO<br>SWEDEN<\/p>\n\n\n\n<p>Kundeservice<br>Tel. +46 503 328 13<\/p>\n\n\n\n<p>For service p\u00e5 verkt\u00f8y, vennligst ta kontakt med v\u00e5r kundeservice eller en av v\u00e5re forhandlere med et serviceverksted. Legg alltid ved en feilbeskrivelse og din kontaktinformasjon n\u00e5r du sender inn det defekte verkt\u00f8yet.<\/p>\n\n\n\n<p>Dette vil hjelpe oss \u00e5 gj\u00f8re riktig diagnose og beslutte om vi trenger \u00e5 kontakte deg.<\/p>\n\n\n\n<p>Hvis reparasjonskostnadene vil overstige halvparten av den opprinnelige prisen, vil vi kontakte deg for \u00e5 snakke om alternativer.<\/p>\n\n\n\n<p><strong>Service warranty<\/strong><br>Enhver service som utf\u00f8res dekkes av en tre m\u00e5neders garanti.<br><\/p>\n\n\n\n<p><strong>Spare parts<\/strong><br><\/p>\n\n\n\n<p>Har du behov for reservedeler? Bes\u00f8k v\u00e5r reservedelsbutikk, hvor du enkelt kan bestille deler eller identifisere delenes varenummer.<\/p>\n\n\n\n<p>Hvis du foretrekker en papirversjon, kan du laste ned denne fra v\u00e5r nettside under de respektive verkt\u00f8y.<\/p>\n\n\n\n<p><br><\/p>\n\n\n\n<h2 class=\"wp-block-heading\">Garanti<\/h2>\n\n\n\n<p>Josef Kihlberg garanterer at verkt\u00f8yene er fri for feil ved levering og 12 m\u00e5neder etterp\u00e5, forutsatt at kj\u00f8pet ble gjort fra Josef Kihlberg eller en autorisert Josef Kihlberg distribut\u00f8r.<\/p>\n\n\n\n<p>Garantien dekker material- og\/eller produksjonsfeil. Bevegelige deler og slitasjedeler som stempler, driverenheter og materkomponenter er ikke inkludert i garantien hvis utskifting er n\u00f8dvendig p\u00e5 grunn av slitasje eller lignende.<\/p>\n\n\n\n<p>Garantien gj\u00f8res ugyldig dersom verkt\u00f8yet er konvertert eller er modifisert p\u00e5 noen m\u00e5te av en annen enn Josef Kihlberg, inkludert skader for\u00e5rsaket av ulykker, feil installasjon eller feilaktig h\u00e5ndtering.<\/p>\n\n\n\n<p>Alle avvik og hendelser som kan relateres til det faktum at bruksanvisningen ikke er fulgt er ogs\u00e5 ekskludert fra v\u00e5r garantiforpliktelse.<\/p>\n\n\n\n<p>Josef Kihlberg kan ikke holdes \u00f8konomisk ansvarlig for kundens tap, tap av \u00f8konomisk oppsparte midler, skader eller andre \u00f8konomiske kompensasjoner.<\/p>\n\n\n\n<p><strong>3-\u00e5rs garanti &#8211; St\u00e5lstroppingsverkt\u00f8y JK1219<br><\/strong>Vi vet at tusenvis av JK1219 verkt\u00f8y fungerer perfekt \u00e5r etter \u00e5r. Likevel \u00f8nsker mange brukere \u00e5 ha en ekstra sikkerhetsgaranti.<\/p>\n\n\n\n<p>F\u00f8lgelig tilbyr vi en 3 \u00e5rs garanti p\u00e5 v\u00e5re st\u00e5lstroppeverkt\u00f8y. For mer informasjon, ta kontakt med oss eller en av v\u00e5re distribut\u00f8rer.<\/p>\n","protected":false},"excerpt":{"rendered":"<p>Josef Kihlberg ABAtt: Service DepartmentIndustrigatan 37BSE-544 50 HJOSWEDEN KundeserviceTel. +46 503 328 13 For service p\u00e5 verkt\u00f8y, vennligst ta kontakt med v\u00e5r kundeservice eller en av v\u00e5re forhandlere med et serviceverksted. Legg alltid ved en feilbeskrivelse og din kontaktinformasjon n\u00e5r du sender inn det defekte verkt\u00f8yet. Dette vil hjelpe oss \u00e5 gj\u00f8re riktig diagnose og [&hellip;]<\/p>\n","protected":false},"author":1,"featured_media":0,"parent":0,"menu_order":0,"comment_status":"closed","ping_status":"closed","template":"","meta":{"_acf_changed":false,"_genesis_hide_title":false,"_genesis_hide_breadcrumbs":false,"_genesis_hide_singular_image":false,"_genesis_hide_footer_widgets":false,"_genesis_custom_body_class":"","_genesis_custom_post_class":"","_genesis_layout":"","footnotes":""},"class_list":{"0":"post-84698","1":"page","2":"type-page","3":"status-publish","5":"entry"},"acf":[],"yoast_head":"<!-- This site is optimized with the Yoast SEO plugin v26.1.1 - https:\/\/yoast.com\/wordpress\/plugins\/seo\/ -->\n<title>Service og garanti &#8226; Josef kihlberg<\/title>\n<meta name=\"robots\" content=\"index, follow, max-snippet:-1, max-image-preview:large, max-video-preview:-1\" \/>\n<link rel=\"canonical\" href=\"https:\/\/kihlberg.com\/no\/service-garanti\/\" \/>\n<meta property=\"og:locale\" content=\"nb_NO\" \/>\n<meta property=\"og:type\" content=\"article\" \/>\n<meta property=\"og:title\" content=\"Service og garanti &#8226; Josef kihlberg\" \/>\n<meta property=\"og:description\" content=\"Josef Kihlberg ABAtt: Service DepartmentIndustrigatan 37BSE-544 50 HJOSWEDEN KundeserviceTel. +46 503 328 13 For service p\u00e5 verkt\u00f8y, vennligst ta kontakt med v\u00e5r kundeservice eller en av v\u00e5re forhandlere med et serviceverksted. Legg alltid ved en feilbeskrivelse og din kontaktinformasjon n\u00e5r du sender inn det defekte verkt\u00f8yet. Dette vil hjelpe oss \u00e5 gj\u00f8re riktig diagnose og [&hellip;]\" \/>\n<meta property=\"og:url\" content=\"https:\/\/kihlberg.com\/no\/service-garanti\/\" \/>\n<meta property=\"og:site_name\" content=\"Josef kihlberg\" \/>\n<meta property=\"article:modified_time\" content=\"2019-05-16T13:33:22+00:00\" \/>\n<meta property=\"og:image\" content=\"https:\/\/kihlberg.com\/wp-content\/uploads\/2019\/01\/logo.jpg\" \/>\n\t<meta property=\"og:image:width\" content=\"850\" \/>\n\t<meta property=\"og:image:height\" content=\"850\" \/>\n\t<meta property=\"og:image:type\" content=\"image\/jpeg\" \/>\n<meta name=\"twitter:card\" content=\"summary_large_image\" \/>\n<meta name=\"twitter:label1\" content=\"Ansl. lesetid\" \/>\n\t<meta name=\"twitter:data1\" content=\"2 minutter\" \/>\n<script type=\"application\/ld+json\" class=\"yoast-schema-graph\">{\"@context\":\"https:\/\/schema.org\",\"@graph\":[{\"@type\":\"WebPage\",\"@id\":\"https:\/\/kihlberg.com\/no\/service-garanti\/\",\"url\":\"https:\/\/kihlberg.com\/no\/service-garanti\/\",\"name\":\"Service og garanti &#8226; Josef kihlberg\",\"isPartOf\":{\"@id\":\"https:\/\/kihlberg.com\/no\/#website\"},\"datePublished\":\"2018-10-31T07:58:35+00:00\",\"dateModified\":\"2019-05-16T13:33:22+00:00\",\"breadcrumb\":{\"@id\":\"https:\/\/kihlberg.com\/no\/service-garanti\/#breadcrumb\"},\"inLanguage\":\"nb-NO\",\"potentialAction\":[{\"@type\":\"ReadAction\",\"target\":[\"https:\/\/kihlberg.com\/no\/service-garanti\/\"]}]},{\"@type\":\"BreadcrumbList\",\"@id\":\"https:\/\/kihlberg.com\/no\/service-garanti\/#breadcrumb\",\"itemListElement\":[{\"@type\":\"ListItem\",\"position\":1,\"name\":\"Home\",\"item\":\"https:\/\/kihlberg.com\/no\/\"},{\"@type\":\"ListItem\",\"position\":2,\"name\":\"Service og garanti\"}]},{\"@type\":\"WebSite\",\"@id\":\"https:\/\/kihlberg.com\/no\/#website\",\"url\":\"https:\/\/kihlberg.com\/no\/\",\"name\":\"Josef kihlberg\",\"description\":\"Made in Sweden. System manufacturer of premium staples &amp; tools that sets the standard. Legendary.\",\"publisher\":{\"@id\":\"https:\/\/kihlberg.com\/no\/#organization\"},\"potentialAction\":[{\"@type\":\"SearchAction\",\"target\":{\"@type\":\"EntryPoint\",\"urlTemplate\":\"https:\/\/kihlberg.com\/no\/?s={search_term_string}\"},\"query-input\":{\"@type\":\"PropertyValueSpecification\",\"valueRequired\":true,\"valueName\":\"search_term_string\"}}],\"inLanguage\":\"nb-NO\"},{\"@type\":\"Organization\",\"@id\":\"https:\/\/kihlberg.com\/no\/#organization\",\"name\":\"Josef Kihlberg\",\"url\":\"https:\/\/kihlberg.com\/no\/\",\"logo\":{\"@type\":\"ImageObject\",\"inLanguage\":\"nb-NO\",\"@id\":\"https:\/\/kihlberg.com\/no\/#\/schema\/logo\/image\/\",\"url\":\"https:\/\/kihlberg.com\/wp-content\/uploads\/2019\/01\/logo.jpg\",\"contentUrl\":\"https:\/\/kihlberg.com\/wp-content\/uploads\/2019\/01\/logo.jpg\",\"width\":850,\"height\":850,\"caption\":\"Josef Kihlberg\"},\"image\":{\"@id\":\"https:\/\/kihlberg.com\/no\/#\/schema\/logo\/image\/\"}}]}<\/script>\n<!-- \/ Yoast SEO plugin. -->","yoast_head_json":{"title":"Service og garanti &#8226; Josef kihlberg","robots":{"index":"index","follow":"follow","max-snippet":"max-snippet:-1","max-image-preview":"max-image-preview:large","max-video-preview":"max-video-preview:-1"},"canonical":"https:\/\/kihlberg.com\/no\/service-garanti\/","og_locale":"nb_NO","og_type":"article","og_title":"Service og garanti &#8226; Josef kihlberg","og_description":"Josef Kihlberg ABAtt: Service DepartmentIndustrigatan 37BSE-544 50 HJOSWEDEN KundeserviceTel. +46 503 328 13 For service p\u00e5 verkt\u00f8y, vennligst ta kontakt med v\u00e5r kundeservice eller en av v\u00e5re forhandlere med et serviceverksted. Legg alltid ved en feilbeskrivelse og din kontaktinformasjon n\u00e5r du sender inn det defekte verkt\u00f8yet. Dette vil hjelpe oss \u00e5 gj\u00f8re riktig diagnose og [&hellip;]","og_url":"https:\/\/kihlberg.com\/no\/service-garanti\/","og_site_name":"Josef kihlberg","article_modified_time":"2019-05-16T13:33:22+00:00","og_image":[{"width":850,"height":850,"url":"https:\/\/kihlberg.com\/wp-content\/uploads\/2019\/01\/logo.jpg","type":"image\/jpeg"}],"twitter_card":"summary_large_image","twitter_misc":{"Ansl. lesetid":"2 minutter"},"schema":{"@context":"https:\/\/schema.org","@graph":[{"@type":"WebPage","@id":"https:\/\/kihlberg.com\/no\/service-garanti\/","url":"https:\/\/kihlberg.com\/no\/service-garanti\/","name":"Service og garanti &#8226; Josef kihlberg","isPartOf":{"@id":"https:\/\/kihlberg.com\/no\/#website"},"datePublished":"2018-10-31T07:58:35+00:00","dateModified":"2019-05-16T13:33:22+00:00","breadcrumb":{"@id":"https:\/\/kihlberg.com\/no\/service-garanti\/#breadcrumb"},"inLanguage":"nb-NO","potentialAction":[{"@type":"ReadAction","target":["https:\/\/kihlberg.com\/no\/service-garanti\/"]}]},{"@type":"BreadcrumbList","@id":"https:\/\/kihlberg.com\/no\/service-garanti\/#breadcrumb","itemListElement":[{"@type":"ListItem","position":1,"name":"Home","item":"https:\/\/kihlberg.com\/no\/"},{"@type":"ListItem","position":2,"name":"Service og garanti"}]},{"@type":"WebSite","@id":"https:\/\/kihlberg.com\/no\/#website","url":"https:\/\/kihlberg.com\/no\/","name":"Josef kihlberg","description":"Made in Sweden. System manufacturer of premium staples &amp; tools that sets the standard. Legendary.","publisher":{"@id":"https:\/\/kihlberg.com\/no\/#organization"},"potentialAction":[{"@type":"SearchAction","target":{"@type":"EntryPoint","urlTemplate":"https:\/\/kihlberg.com\/no\/?s={search_term_string}"},"query-input":{"@type":"PropertyValueSpecification","valueRequired":true,"valueName":"search_term_string"}}],"inLanguage":"nb-NO"},{"@type":"Organization","@id":"https:\/\/kihlberg.com\/no\/#organization","name":"Josef Kihlberg","url":"https:\/\/kihlberg.com\/no\/","logo":{"@type":"ImageObject","inLanguage":"nb-NO","@id":"https:\/\/kihlberg.com\/no\/#\/schema\/logo\/image\/","url":"https:\/\/kihlberg.com\/wp-content\/uploads\/2019\/01\/logo.jpg","contentUrl":"https:\/\/kihlberg.com\/wp-content\/uploads\/2019\/01\/logo.jpg","width":850,"height":850,"caption":"Josef Kihlberg"},"image":{"@id":"https:\/\/kihlberg.com\/no\/#\/schema\/logo\/image\/"}}]}},"_links":{"self":[{"href":"https:\/\/kihlberg.com\/no\/wp-json\/wp\/v2\/pages\/84698","targetHints":{"allow":["GET"]}}],"collection":[{"href":"https:\/\/kihlberg.com\/no\/wp-json\/wp\/v2\/pages"}],"about":[{"href":"https:\/\/kihlberg.com\/no\/wp-json\/wp\/v2\/types\/page"}],"author":[{"embeddable":true,"href":"https:\/\/kihlberg.com\/no\/wp-json\/wp\/v2\/users\/1"}],"replies":[{"embeddable":true,"href":"https:\/\/kihlberg.com\/no\/wp-json\/wp\/v2\/comments?post=84698"}],"version-history":[{"count":0,"href":"https:\/\/kihlberg.com\/no\/wp-json\/wp\/v2\/pages\/84698\/revisions"}],"wp:attachment":[{"href":"https:\/\/kihlberg.com\/no\/wp-json\/wp\/v2\/media?parent=84698"}],"curies":[{"name":"wp","href":"https:\/\/api.w.org\/{rel}","templated":true}]}}