{"id":105499,"date":"2019-06-04T13:47:02","date_gmt":"2019-06-04T13:23:38","guid":{"rendered":"https:\/\/kihlberg.com\/?post_type=product&#038;p=105499"},"modified":"2019-11-25T07:48:42","modified_gmt":"2019-11-25T07:48:42","slug":"128010","status":"publish","type":"product","link":"https:\/\/kihlberg.com\/no\/batteriverktoy\/128010\/","title":{"rendered":"Batteridrevet lokkstifter a.560B"},"content":{"rendered":"","protected":false},"excerpt":{"rendered":"<p>a.560B er ergonomisk, enkel og \u00f8konomisk \u00e5 bruke. Verkt\u00f8yet gir deg hastigheten du trenger med b\u00f8rstel\u00f8s motor som tar lukkingen av kartonger til neste niv\u00e5. Verkt\u00f8yet er designet for brukeren; det er lett med et ergonomisk h\u00e5ndtak og gir jevne, myke rekyl med lav st\u00f8yutslipp. a.560B gir den ultimate sikkerheten for brukeren med sikkerhetsl\u00e5s, kassedeteksjon, utl\u00f8sers fingeravkjenning og vedlikeholdssikkerhetsfunksjoner.<\/p>\n<p>Lokkstiftemaskinen gir brukeren friheten til mobilitet med sitt beste innen Li-Ion batteriteknologi som kan skyte opptil 8000 stifterskudd. Den tr\u00e5dl\u00f8se lokkstiftemaskinen er intuitiv og enkel \u00e5 bruke med sitt digitale grensesnitt, LED-statusindikator som gir brukeren full kontroll over stifteprosessen. Den leveres med tre driftsmoduser &#8211; manuell, halvautomatisk og automatisk, avhengig av emballasjetypen som skal lukkes. <\/p>\n","protected":false},"featured_media":107138,"template":"","meta":{"_acf_changed":false,"_genesis_hide_title":false,"_genesis_hide_breadcrumbs":false,"_genesis_hide_singular_image":false,"_genesis_hide_footer_widgets":false,"_genesis_custom_body_class":"","_genesis_custom_post_class":"","_genesis_layout":""},"product_brand":[],"product_cat":[2812,3044],"class_list":{"0":"post-105499","1":"product","2":"type-product","3":"status-publish","4":"has-post-thumbnail","6":"product_cat-batteriverktoy","7":"product_cat-standard","8":"pa_ce-declared-ja-no","9":"entry","11":"first","12":"instock","13":"taxable","14":"shipping-taxable","15":"purchasable","16":"product-type-simple"},"acf":[],"yoast_head":"<!-- This site is optimized with the Yoast SEO plugin v26.1.1 - https:\/\/yoast.com\/wordpress\/plugins\/seo\/ -->\n<title>Batteridrevet lokkstifter a.560B &#8226; Josef kihlberg<\/title>\n<meta name=\"description\" content=\"Neste generasjons tr\u00e5dl\u00f8s kartonglukking lokkstiftemaskin. 6000 stifteskudd per batterilading. a.560B er ergonomisk, \u00f8konomisk og enkel \u00e5 bruke. Oppdag mer!\" \/>\n<meta name=\"robots\" content=\"index, follow, max-snippet:-1, max-image-preview:large, max-video-preview:-1\" \/>\n<link rel=\"canonical\" href=\"https:\/\/kihlberg.com\/no\/batteriverktoy\/128010\/\" \/>\n<meta property=\"og:locale\" content=\"nb_NO\" \/>\n<meta property=\"og:type\" content=\"article\" \/>\n<meta property=\"og:title\" content=\"Batteridrevet lokkstifter a.560B &#8226; Josef kihlberg\" \/>\n<meta property=\"og:description\" content=\"Neste generasjons tr\u00e5dl\u00f8s kartonglukking lokkstiftemaskin. 6000 stifteskudd per batterilading. a.560B er ergonomisk, \u00f8konomisk og enkel \u00e5 bruke. Oppdag mer!\" \/>\n<meta property=\"og:url\" content=\"https:\/\/kihlberg.com\/no\/batteriverktoy\/128010\/\" \/>\n<meta property=\"og:site_name\" content=\"Josef kihlberg\" \/>\n<meta property=\"article:modified_time\" content=\"2019-11-25T07:48:42+00:00\" \/>\n<meta property=\"og:image\" content=\"https:\/\/kihlberg.com\/wp-content\/uploads\/2019\/06\/cordless-carton-closer-top-stapler-standard-c561B-a560B.png\" \/>\n\t<meta property=\"og:image:width\" content=\"750\" \/>\n\t<meta property=\"og:image:height\" content=\"750\" \/>\n\t<meta property=\"og:image:type\" content=\"image\/png\" \/>\n<meta name=\"twitter:card\" content=\"summary_large_image\" \/>\n<meta name=\"twitter:label1\" content=\"Pris\" \/>\n\t<meta name=\"twitter:data1\" content=\"&euro;1 339\" \/>\n\t<meta name=\"twitter:label2\" content=\"Tilgjengelighet\" \/>\n\t<meta name=\"twitter:data2\" content=\"P\u00e5 lager\" \/>\n<script type=\"application\/ld+json\" class=\"yoast-schema-graph\">{\"@context\":\"https:\/\/schema.org\",\"@graph\":[{\"@type\":\"WebPage\",\"@id\":\"https:\/\/kihlberg.com\/no\/batteriverktoy\/128010\/\",\"url\":\"https:\/\/kihlberg.com\/no\/batteriverktoy\/128010\/\",\"name\":\"Batteridrevet lokkstifter a.560B &#8226; Josef kihlberg\",\"isPartOf\":{\"@id\":\"https:\/\/kihlberg.com\/no\/#website\"},\"primaryImageOfPage\":{\"@id\":\"https:\/\/kihlberg.com\/no\/batteriverktoy\/128010\/#primaryimage\"},\"image\":{\"@id\":\"https:\/\/kihlberg.com\/no\/batteriverktoy\/128010\/#primaryimage\"},\"thumbnailUrl\":\"https:\/\/kihlberg.com\/wp-content\/uploads\/2019\/06\/cordless-carton-closer-top-stapler-standard-c561B-a560B.png\",\"datePublished\":\"2019-06-04T13:23:38+00:00\",\"dateModified\":\"2019-11-25T07:48:42+00:00\",\"description\":\"Neste generasjons tr\u00e5dl\u00f8s kartonglukking lokkstiftemaskin. 6000 stifteskudd per batterilading. a.560B er ergonomisk, \u00f8konomisk og enkel \u00e5 bruke. Oppdag mer!\",\"breadcrumb\":{\"@id\":\"https:\/\/kihlberg.com\/no\/batteriverktoy\/128010\/#breadcrumb\"},\"inLanguage\":\"nb-NO\",\"potentialAction\":[{\"@type\":\"ReadAction\",\"target\":[\"https:\/\/kihlberg.com\/no\/batteriverktoy\/128010\/\"]}]},{\"@type\":\"ImageObject\",\"inLanguage\":\"nb-NO\",\"@id\":\"https:\/\/kihlberg.com\/no\/batteriverktoy\/128010\/#primaryimage\",\"url\":\"https:\/\/kihlberg.com\/wp-content\/uploads\/2019\/06\/cordless-carton-closer-top-stapler-standard-c561B-a560B.png\",\"contentUrl\":\"https:\/\/kihlberg.com\/wp-content\/uploads\/2019\/06\/cordless-carton-closer-top-stapler-standard-c561B-a560B.png\",\"width\":750,\"height\":750,\"caption\":\"cordless carton closer\"},{\"@type\":\"BreadcrumbList\",\"@id\":\"https:\/\/kihlberg.com\/no\/batteriverktoy\/128010\/#breadcrumb\",\"itemListElement\":[{\"@type\":\"ListItem\",\"position\":1,\"name\":\"Home\",\"item\":\"https:\/\/kihlberg.com\/no\/\"},{\"@type\":\"ListItem\",\"position\":2,\"name\":\"Shop\",\"item\":\"https:\/\/kihlberg.com\/shop\/\"},{\"@type\":\"ListItem\",\"position\":3,\"name\":\"Batteriverkt\u00f8y\",\"item\":\"https:\/\/kihlberg.com\/no\/batteriverktoy\/\"},{\"@type\":\"ListItem\",\"position\":4,\"name\":\"Batteridrevet lokkstifter a.560B\"}]},{\"@type\":\"WebSite\",\"@id\":\"https:\/\/kihlberg.com\/no\/#website\",\"url\":\"https:\/\/kihlberg.com\/no\/\",\"name\":\"Josef kihlberg\",\"description\":\"Made in Sweden. System manufacturer of premium staples &amp; tools that sets the standard. Legendary.\",\"publisher\":{\"@id\":\"https:\/\/kihlberg.com\/no\/#organization\"},\"potentialAction\":[{\"@type\":\"SearchAction\",\"target\":{\"@type\":\"EntryPoint\",\"urlTemplate\":\"https:\/\/kihlberg.com\/no\/?s={search_term_string}\"},\"query-input\":{\"@type\":\"PropertyValueSpecification\",\"valueRequired\":true,\"valueName\":\"search_term_string\"}}],\"inLanguage\":\"nb-NO\"},{\"@type\":\"Organization\",\"@id\":\"https:\/\/kihlberg.com\/no\/#organization\",\"name\":\"Josef Kihlberg\",\"url\":\"https:\/\/kihlberg.com\/no\/\",\"logo\":{\"@type\":\"ImageObject\",\"inLanguage\":\"nb-NO\",\"@id\":\"https:\/\/kihlberg.com\/no\/#\/schema\/logo\/image\/\",\"url\":\"https:\/\/kihlberg.com\/wp-content\/uploads\/2019\/01\/logo.jpg\",\"contentUrl\":\"https:\/\/kihlberg.com\/wp-content\/uploads\/2019\/01\/logo.jpg\",\"width\":850,\"height\":850,\"caption\":\"Josef Kihlberg\"},\"image\":{\"@id\":\"https:\/\/kihlberg.com\/no\/#\/schema\/logo\/image\/\"}}]}<\/script>\n<meta property=\"product:price:amount\" content=\"1339\" \/>\n<meta property=\"product:price:currency\" content=\"EUR\" \/>\n<meta property=\"og:availability\" content=\"instock\" \/>\n<meta property=\"product:availability\" content=\"instock\" \/>\n<meta property=\"product:retailer_item_id\" content=\"128010\" \/>\n<meta property=\"product:condition\" content=\"new\" \/>\n<!-- \/ Yoast SEO plugin. -->","yoast_head_json":{"title":"Batteridrevet lokkstifter a.560B &#8226; Josef kihlberg","description":"Neste generasjons tr\u00e5dl\u00f8s kartonglukking lokkstiftemaskin. 6000 stifteskudd per batterilading. a.560B er ergonomisk, \u00f8konomisk og enkel \u00e5 bruke. Oppdag mer!","robots":{"index":"index","follow":"follow","max-snippet":"max-snippet:-1","max-image-preview":"max-image-preview:large","max-video-preview":"max-video-preview:-1"},"canonical":"https:\/\/kihlberg.com\/no\/batteriverktoy\/128010\/","og_locale":"nb_NO","og_type":"article","og_title":"Batteridrevet lokkstifter a.560B &#8226; Josef kihlberg","og_description":"Neste generasjons tr\u00e5dl\u00f8s kartonglukking lokkstiftemaskin. 6000 stifteskudd per batterilading. a.560B er ergonomisk, \u00f8konomisk og enkel \u00e5 bruke. Oppdag mer!","og_url":"https:\/\/kihlberg.com\/no\/batteriverktoy\/128010\/","og_site_name":"Josef kihlberg","article_modified_time":"2019-11-25T07:48:42+00:00","og_image":[{"width":750,"height":750,"url":"https:\/\/kihlberg.com\/wp-content\/uploads\/2019\/06\/cordless-carton-closer-top-stapler-standard-c561B-a560B.png","type":"image\/png"}],"twitter_card":"summary_large_image","twitter_misc":{"Pris":"&euro;1 339","Tilgjengelighet":"P\u00e5 lager"},"schema":{"@context":"https:\/\/schema.org","@graph":[{"@type":"WebPage","@id":"https:\/\/kihlberg.com\/no\/batteriverktoy\/128010\/","url":"https:\/\/kihlberg.com\/no\/batteriverktoy\/128010\/","name":"Batteridrevet lokkstifter a.560B &#8226; Josef kihlberg","isPartOf":{"@id":"https:\/\/kihlberg.com\/no\/#website"},"primaryImageOfPage":{"@id":"https:\/\/kihlberg.com\/no\/batteriverktoy\/128010\/#primaryimage"},"image":{"@id":"https:\/\/kihlberg.com\/no\/batteriverktoy\/128010\/#primaryimage"},"thumbnailUrl":"https:\/\/kihlberg.com\/wp-content\/uploads\/2019\/06\/cordless-carton-closer-top-stapler-standard-c561B-a560B.png","datePublished":"2019-06-04T13:23:38+00:00","dateModified":"2019-11-25T07:48:42+00:00","description":"Neste generasjons tr\u00e5dl\u00f8s kartonglukking lokkstiftemaskin. 6000 stifteskudd per batterilading. a.560B er ergonomisk, \u00f8konomisk og enkel \u00e5 bruke. Oppdag mer!","breadcrumb":{"@id":"https:\/\/kihlberg.com\/no\/batteriverktoy\/128010\/#breadcrumb"},"inLanguage":"nb-NO","potentialAction":[{"@type":"ReadAction","target":["https:\/\/kihlberg.com\/no\/batteriverktoy\/128010\/"]}]},{"@type":"ImageObject","inLanguage":"nb-NO","@id":"https:\/\/kihlberg.com\/no\/batteriverktoy\/128010\/#primaryimage","url":"https:\/\/kihlberg.com\/wp-content\/uploads\/2019\/06\/cordless-carton-closer-top-stapler-standard-c561B-a560B.png","contentUrl":"https:\/\/kihlberg.com\/wp-content\/uploads\/2019\/06\/cordless-carton-closer-top-stapler-standard-c561B-a560B.png","width":750,"height":750,"caption":"cordless carton closer"},{"@type":"BreadcrumbList","@id":"https:\/\/kihlberg.com\/no\/batteriverktoy\/128010\/#breadcrumb","itemListElement":[{"@type":"ListItem","position":1,"name":"Home","item":"https:\/\/kihlberg.com\/no\/"},{"@type":"ListItem","position":2,"name":"Shop","item":"https:\/\/kihlberg.com\/shop\/"},{"@type":"ListItem","position":3,"name":"Batteriverkt\u00f8y","item":"https:\/\/kihlberg.com\/no\/batteriverktoy\/"},{"@type":"ListItem","position":4,"name":"Batteridrevet lokkstifter a.560B"}]},{"@type":"WebSite","@id":"https:\/\/kihlberg.com\/no\/#website","url":"https:\/\/kihlberg.com\/no\/","name":"Josef kihlberg","description":"Made in Sweden. System manufacturer of premium staples &amp; tools that sets the standard. Legendary.","publisher":{"@id":"https:\/\/kihlberg.com\/no\/#organization"},"potentialAction":[{"@type":"SearchAction","target":{"@type":"EntryPoint","urlTemplate":"https:\/\/kihlberg.com\/no\/?s={search_term_string}"},"query-input":{"@type":"PropertyValueSpecification","valueRequired":true,"valueName":"search_term_string"}}],"inLanguage":"nb-NO"},{"@type":"Organization","@id":"https:\/\/kihlberg.com\/no\/#organization","name":"Josef Kihlberg","url":"https:\/\/kihlberg.com\/no\/","logo":{"@type":"ImageObject","inLanguage":"nb-NO","@id":"https:\/\/kihlberg.com\/no\/#\/schema\/logo\/image\/","url":"https:\/\/kihlberg.com\/wp-content\/uploads\/2019\/01\/logo.jpg","contentUrl":"https:\/\/kihlberg.com\/wp-content\/uploads\/2019\/01\/logo.jpg","width":850,"height":850,"caption":"Josef Kihlberg"},"image":{"@id":"https:\/\/kihlberg.com\/no\/#\/schema\/logo\/image\/"}}]},"product_price_amount":"1339","product_price_currency":"EUR","og_availability":"instock","product_availability":"instock","product_retailer_item_id":"128010","product_condition":"new"},"_links":{"self":[{"href":"https:\/\/kihlberg.com\/no\/wp-json\/wp\/v2\/product\/105499","targetHints":{"allow":["GET"]}}],"collection":[{"href":"https:\/\/kihlberg.com\/no\/wp-json\/wp\/v2\/product"}],"about":[{"href":"https:\/\/kihlberg.com\/no\/wp-json\/wp\/v2\/types\/product"}],"wp:featuredmedia":[{"embeddable":true,"href":"https:\/\/kihlberg.com\/no\/wp-json\/wp\/v2\/media\/107138"}],"wp:attachment":[{"href":"https:\/\/kihlberg.com\/no\/wp-json\/wp\/v2\/media?parent=105499"}],"wp:term":[{"taxonomy":"product_brand","embeddable":true,"href":"https:\/\/kihlberg.com\/no\/wp-json\/wp\/v2\/product_brand?post=105499"},{"taxonomy":"product_cat","embeddable":true,"href":"https:\/\/kihlberg.com\/no\/wp-json\/wp\/v2\/product_cat?post=105499"}],"curies":[{"name":"wp","href":"https:\/\/api.w.org\/{rel}","templated":true}]}}