{"id":87941,"date":"2018-09-21T10:34:25","date_gmt":"2018-09-21T10:34:25","guid":{"rendered":"https:\/\/kihlberg.com\/product\/129000\/"},"modified":"2019-09-07T06:10:15","modified_gmt":"2019-09-07T06:10:15","slug":"129000","status":"publish","type":"product","link":"https:\/\/kihlberg.com\/no\/verktoy\/stropping-med-stalband\/129000\/","title":{"rendered":"St\u00e5lb\u00e5ndverkt\u00f6y JK1219"},"content":{"rendered":"","protected":false},"excerpt":{"rendered":"<p>Med v\u00e5r svenskprodusert st\u00e5lb\u00e5ndverkt\u00f6y JK1219 kan pakkeb\u00e5nd av st\u00e5l forsegles raskt og sikkert. JK1219 er sv\u00e6rt enkel \u00e5 bruke. Den er utformet slik at en forsegling uten pakninger kan lages i l\u00f8pet av f\u00e5 sekunder med fire enkle operasjoner. Den ferdige forseglingen er utformet for \u00e5 minimere risikoen for skader. En enkelt verkt\u00f8y kan brukes til tre forskjellige stroppbredder &#8211; 13, 16 og 19 mm. Ved hjelp av de ekstra b\u00e5ndfestene som f\u00f8lger med verkt\u00f8yet, kan du enkelt bytte fra en stroppebredde til en annen. For forhandlere betyr dette at du bare trenger \u00e5 lagerf\u00f8re ett verkt\u00f8y i stedet for tre. Hull- og skj\u00e6redybde kan justeres for ulike stropptykkelser i omr\u00e5det 0,40 mm &#8211; 0,64 mm. Verkt\u00f8yet har en solid konstruksjon med f\u00e5 bevegelige deler av h\u00f8y kvalitet. Dette gj\u00f8r verkt\u00f8yet meget holdbart. St\u00e5lb\u00e5ndverkt\u00f6y JK1219 leveres med 3 \u00e5rs garanti .JK1219 er egnet for b\u00e5de horisontale og vertikale stropper rundt paller, kasser, pappesker, baller og annen transportsikring.<\/p>\n","protected":false},"featured_media":87942,"template":"","meta":{"_acf_changed":false,"_genesis_hide_title":false,"_genesis_hide_breadcrumbs":false,"_genesis_hide_singular_image":false,"_genesis_hide_footer_widgets":false,"_genesis_custom_body_class":"","_genesis_custom_post_class":"","_genesis_layout":""},"product_brand":[],"product_cat":[1566,1581,1567],"class_list":{"0":"post-87941","1":"product","2":"type-product","3":"status-publish","4":"has-post-thumbnail","6":"product_cat-emballering","7":"product_cat-stropping-med-stalband","8":"product_cat-verktoy","9":"pa_leg-length-375-no","10":"pa_lubrication-nei","11":"pa_maximum-strap-thickness-064-no-2","12":"pa_strap-width-13-16-19-no-2","13":"entry","15":"first","16":"instock","17":"taxable","18":"shipping-taxable","19":"purchasable","20":"product-type-simple"},"acf":[],"yoast_head":"<!-- This site is optimized with the Yoast SEO plugin v26.1.1 - https:\/\/yoast.com\/wordpress\/plugins\/seo\/ -->\n<title>Strapping tool JK1219<\/title>\n<meta name=\"robots\" content=\"index, follow, max-snippet:-1, max-image-preview:large, max-video-preview:-1\" \/>\n<link rel=\"canonical\" href=\"https:\/\/kihlberg.com\/no\/verktoy\/stropping-med-stalband\/129000\/\" \/>\n<meta property=\"og:locale\" content=\"nb_NO\" \/>\n<meta property=\"og:type\" content=\"article\" \/>\n<meta property=\"og:title\" content=\"Strapping tool JK1219\" \/>\n<meta property=\"og:description\" content=\"Med v\u00e5r svenskprodusert st\u00e5lb\u00e5ndverkt\u00f6y JK1219 kan pakkeb\u00e5nd av st\u00e5l forsegles raskt og sikkert. JK1219 er sv\u00e6rt enkel \u00e5 bruke. Den er utformet slik at en forsegling uten pakninger kan lages i l\u00f8pet av f\u00e5 sekunder med fire enkle operasjoner. Den ferdige forseglingen er utformet for \u00e5 minimere risikoen for skader. En enkelt verkt\u00f8y kan brukes til tre forskjellige stroppbredder - 13, 16 og 19 mm. Ved hjelp av de ekstra b\u00e5ndfestene som f\u00f8lger med verkt\u00f8yet, kan du enkelt bytte fra en stroppebredde til en annen. For forhandlere betyr dette at du bare trenger \u00e5 lagerf\u00f8re ett verkt\u00f8y i stedet for tre. Hull- og skj\u00e6redybde kan justeres for ulike stropptykkelser i omr\u00e5det 0,40 mm - 0,64 mm. Verkt\u00f8yet har en solid konstruksjon med f\u00e5 bevegelige deler av h\u00f8y kvalitet. Dette gj\u00f8r verkt\u00f8yet meget holdbart. St\u00e5lb\u00e5ndverkt\u00f6y JK1219 leveres med 3 \u00e5rs garanti .JK1219 er egnet for b\u00e5de horisontale og vertikale stropper rundt paller, kasser, pappesker, baller og annen transportsikring.\" \/>\n<meta property=\"og:url\" content=\"https:\/\/kihlberg.com\/no\/verktoy\/stropping-med-stalband\/129000\/\" \/>\n<meta property=\"og:site_name\" content=\"Josef kihlberg\" \/>\n<meta property=\"article:modified_time\" content=\"2019-09-07T06:10:15+00:00\" \/>\n<meta property=\"og:image\" content=\"https:\/\/kihlberg.com\/wp-content\/uploads\/2018\/08\/129000.jpg\" \/>\n\t<meta property=\"og:image:width\" content=\"720\" \/>\n\t<meta property=\"og:image:height\" content=\"720\" \/>\n\t<meta property=\"og:image:type\" content=\"image\/jpeg\" \/>\n<meta name=\"twitter:card\" content=\"summary_large_image\" \/>\n<meta name=\"twitter:label1\" content=\"Pris\" \/>\n\t<meta name=\"twitter:data1\" content=\"&euro;994\" \/>\n\t<meta name=\"twitter:label2\" content=\"Tilgjengelighet\" \/>\n\t<meta name=\"twitter:data2\" content=\"P\u00e5 lager\" \/>\n<script type=\"application\/ld+json\" class=\"yoast-schema-graph\">{\"@context\":\"https:\/\/schema.org\",\"@graph\":[{\"@type\":\"WebPage\",\"@id\":\"https:\/\/kihlberg.com\/no\/verktoy\/stropping-med-stalband\/129000\/\",\"url\":\"https:\/\/kihlberg.com\/no\/verktoy\/stropping-med-stalband\/129000\/\",\"name\":\"Strapping tool JK1219\",\"isPartOf\":{\"@id\":\"https:\/\/kihlberg.com\/no\/#website\"},\"primaryImageOfPage\":{\"@id\":\"https:\/\/kihlberg.com\/no\/verktoy\/stropping-med-stalband\/129000\/#primaryimage\"},\"image\":{\"@id\":\"https:\/\/kihlberg.com\/no\/verktoy\/stropping-med-stalband\/129000\/#primaryimage\"},\"thumbnailUrl\":\"https:\/\/kihlberg.com\/wp-content\/uploads\/2018\/08\/129000.jpg\",\"datePublished\":\"2018-09-21T10:34:25+00:00\",\"dateModified\":\"2019-09-07T06:10:15+00:00\",\"breadcrumb\":{\"@id\":\"https:\/\/kihlberg.com\/no\/verktoy\/stropping-med-stalband\/129000\/#breadcrumb\"},\"inLanguage\":\"nb-NO\",\"potentialAction\":[{\"@type\":\"ReadAction\",\"target\":[\"https:\/\/kihlberg.com\/no\/verktoy\/stropping-med-stalband\/129000\/\"]}]},{\"@type\":\"ImageObject\",\"inLanguage\":\"nb-NO\",\"@id\":\"https:\/\/kihlberg.com\/no\/verktoy\/stropping-med-stalband\/129000\/#primaryimage\",\"url\":\"https:\/\/kihlberg.com\/wp-content\/uploads\/2018\/08\/129000.jpg\",\"contentUrl\":\"https:\/\/kihlberg.com\/wp-content\/uploads\/2018\/08\/129000.jpg\",\"width\":720,\"height\":720,\"caption\":\"Strapping tool JK1219HT - \u20ac 1125\"},{\"@type\":\"BreadcrumbList\",\"@id\":\"https:\/\/kihlberg.com\/no\/verktoy\/stropping-med-stalband\/129000\/#breadcrumb\",\"itemListElement\":[{\"@type\":\"ListItem\",\"position\":1,\"name\":\"Home\",\"item\":\"https:\/\/kihlberg.com\/no\/\"},{\"@type\":\"ListItem\",\"position\":2,\"name\":\"Shop\",\"item\":\"https:\/\/kihlberg.com\/shop\/\"},{\"@type\":\"ListItem\",\"position\":3,\"name\":\"Verkt\u00f8y\",\"item\":\"https:\/\/kihlberg.com\/no\/verktoy\/\"},{\"@type\":\"ListItem\",\"position\":4,\"name\":\"Emballering\",\"item\":\"https:\/\/kihlberg.com\/no\/verktoy\/emballering\/\"},{\"@type\":\"ListItem\",\"position\":5,\"name\":\"St\u00e5lb\u00e5ndverkt\u00f6y JK1219\"}]},{\"@type\":\"WebSite\",\"@id\":\"https:\/\/kihlberg.com\/no\/#website\",\"url\":\"https:\/\/kihlberg.com\/no\/\",\"name\":\"Josef kihlberg\",\"description\":\"Made in Sweden. System manufacturer of premium staples &amp; tools that sets the standard. Legendary.\",\"publisher\":{\"@id\":\"https:\/\/kihlberg.com\/no\/#organization\"},\"potentialAction\":[{\"@type\":\"SearchAction\",\"target\":{\"@type\":\"EntryPoint\",\"urlTemplate\":\"https:\/\/kihlberg.com\/no\/?s={search_term_string}\"},\"query-input\":{\"@type\":\"PropertyValueSpecification\",\"valueRequired\":true,\"valueName\":\"search_term_string\"}}],\"inLanguage\":\"nb-NO\"},{\"@type\":\"Organization\",\"@id\":\"https:\/\/kihlberg.com\/no\/#organization\",\"name\":\"Josef Kihlberg\",\"url\":\"https:\/\/kihlberg.com\/no\/\",\"logo\":{\"@type\":\"ImageObject\",\"inLanguage\":\"nb-NO\",\"@id\":\"https:\/\/kihlberg.com\/no\/#\/schema\/logo\/image\/\",\"url\":\"https:\/\/kihlberg.com\/wp-content\/uploads\/2019\/01\/logo.jpg\",\"contentUrl\":\"https:\/\/kihlberg.com\/wp-content\/uploads\/2019\/01\/logo.jpg\",\"width\":850,\"height\":850,\"caption\":\"Josef Kihlberg\"},\"image\":{\"@id\":\"https:\/\/kihlberg.com\/no\/#\/schema\/logo\/image\/\"}}]}<\/script>\n<meta property=\"product:price:amount\" content=\"994\" \/>\n<meta property=\"product:price:currency\" content=\"EUR\" \/>\n<meta property=\"og:availability\" content=\"instock\" \/>\n<meta property=\"product:availability\" content=\"instock\" \/>\n<meta property=\"product:retailer_item_id\" content=\"129000\" \/>\n<meta property=\"product:condition\" content=\"new\" \/>\n<!-- \/ Yoast SEO plugin. -->","yoast_head_json":{"title":"Strapping tool JK1219","robots":{"index":"index","follow":"follow","max-snippet":"max-snippet:-1","max-image-preview":"max-image-preview:large","max-video-preview":"max-video-preview:-1"},"canonical":"https:\/\/kihlberg.com\/no\/verktoy\/stropping-med-stalband\/129000\/","og_locale":"nb_NO","og_type":"article","og_title":"Strapping tool JK1219","og_description":"Med v\u00e5r svenskprodusert st\u00e5lb\u00e5ndverkt\u00f6y JK1219 kan pakkeb\u00e5nd av st\u00e5l forsegles raskt og sikkert. JK1219 er sv\u00e6rt enkel \u00e5 bruke. Den er utformet slik at en forsegling uten pakninger kan lages i l\u00f8pet av f\u00e5 sekunder med fire enkle operasjoner. Den ferdige forseglingen er utformet for \u00e5 minimere risikoen for skader. En enkelt verkt\u00f8y kan brukes til tre forskjellige stroppbredder - 13, 16 og 19 mm. Ved hjelp av de ekstra b\u00e5ndfestene som f\u00f8lger med verkt\u00f8yet, kan du enkelt bytte fra en stroppebredde til en annen. For forhandlere betyr dette at du bare trenger \u00e5 lagerf\u00f8re ett verkt\u00f8y i stedet for tre. Hull- og skj\u00e6redybde kan justeres for ulike stropptykkelser i omr\u00e5det 0,40 mm - 0,64 mm. Verkt\u00f8yet har en solid konstruksjon med f\u00e5 bevegelige deler av h\u00f8y kvalitet. Dette gj\u00f8r verkt\u00f8yet meget holdbart. St\u00e5lb\u00e5ndverkt\u00f6y JK1219 leveres med 3 \u00e5rs garanti .JK1219 er egnet for b\u00e5de horisontale og vertikale stropper rundt paller, kasser, pappesker, baller og annen transportsikring.","og_url":"https:\/\/kihlberg.com\/no\/verktoy\/stropping-med-stalband\/129000\/","og_site_name":"Josef kihlberg","article_modified_time":"2019-09-07T06:10:15+00:00","og_image":[{"width":720,"height":720,"url":"https:\/\/kihlberg.com\/wp-content\/uploads\/2018\/08\/129000.jpg","type":"image\/jpeg"}],"twitter_card":"summary_large_image","twitter_misc":{"Pris":"&euro;994","Tilgjengelighet":"P\u00e5 lager"},"schema":{"@context":"https:\/\/schema.org","@graph":[{"@type":"WebPage","@id":"https:\/\/kihlberg.com\/no\/verktoy\/stropping-med-stalband\/129000\/","url":"https:\/\/kihlberg.com\/no\/verktoy\/stropping-med-stalband\/129000\/","name":"Strapping tool JK1219","isPartOf":{"@id":"https:\/\/kihlberg.com\/no\/#website"},"primaryImageOfPage":{"@id":"https:\/\/kihlberg.com\/no\/verktoy\/stropping-med-stalband\/129000\/#primaryimage"},"image":{"@id":"https:\/\/kihlberg.com\/no\/verktoy\/stropping-med-stalband\/129000\/#primaryimage"},"thumbnailUrl":"https:\/\/kihlberg.com\/wp-content\/uploads\/2018\/08\/129000.jpg","datePublished":"2018-09-21T10:34:25+00:00","dateModified":"2019-09-07T06:10:15+00:00","breadcrumb":{"@id":"https:\/\/kihlberg.com\/no\/verktoy\/stropping-med-stalband\/129000\/#breadcrumb"},"inLanguage":"nb-NO","potentialAction":[{"@type":"ReadAction","target":["https:\/\/kihlberg.com\/no\/verktoy\/stropping-med-stalband\/129000\/"]}]},{"@type":"ImageObject","inLanguage":"nb-NO","@id":"https:\/\/kihlberg.com\/no\/verktoy\/stropping-med-stalband\/129000\/#primaryimage","url":"https:\/\/kihlberg.com\/wp-content\/uploads\/2018\/08\/129000.jpg","contentUrl":"https:\/\/kihlberg.com\/wp-content\/uploads\/2018\/08\/129000.jpg","width":720,"height":720,"caption":"Strapping tool JK1219HT - \u20ac 1125"},{"@type":"BreadcrumbList","@id":"https:\/\/kihlberg.com\/no\/verktoy\/stropping-med-stalband\/129000\/#breadcrumb","itemListElement":[{"@type":"ListItem","position":1,"name":"Home","item":"https:\/\/kihlberg.com\/no\/"},{"@type":"ListItem","position":2,"name":"Shop","item":"https:\/\/kihlberg.com\/shop\/"},{"@type":"ListItem","position":3,"name":"Verkt\u00f8y","item":"https:\/\/kihlberg.com\/no\/verktoy\/"},{"@type":"ListItem","position":4,"name":"Emballering","item":"https:\/\/kihlberg.com\/no\/verktoy\/emballering\/"},{"@type":"ListItem","position":5,"name":"St\u00e5lb\u00e5ndverkt\u00f6y JK1219"}]},{"@type":"WebSite","@id":"https:\/\/kihlberg.com\/no\/#website","url":"https:\/\/kihlberg.com\/no\/","name":"Josef kihlberg","description":"Made in Sweden. System manufacturer of premium staples &amp; tools that sets the standard. Legendary.","publisher":{"@id":"https:\/\/kihlberg.com\/no\/#organization"},"potentialAction":[{"@type":"SearchAction","target":{"@type":"EntryPoint","urlTemplate":"https:\/\/kihlberg.com\/no\/?s={search_term_string}"},"query-input":{"@type":"PropertyValueSpecification","valueRequired":true,"valueName":"search_term_string"}}],"inLanguage":"nb-NO"},{"@type":"Organization","@id":"https:\/\/kihlberg.com\/no\/#organization","name":"Josef Kihlberg","url":"https:\/\/kihlberg.com\/no\/","logo":{"@type":"ImageObject","inLanguage":"nb-NO","@id":"https:\/\/kihlberg.com\/no\/#\/schema\/logo\/image\/","url":"https:\/\/kihlberg.com\/wp-content\/uploads\/2019\/01\/logo.jpg","contentUrl":"https:\/\/kihlberg.com\/wp-content\/uploads\/2019\/01\/logo.jpg","width":850,"height":850,"caption":"Josef Kihlberg"},"image":{"@id":"https:\/\/kihlberg.com\/no\/#\/schema\/logo\/image\/"}}]},"product_price_amount":"994","product_price_currency":"EUR","og_availability":"instock","product_availability":"instock","product_retailer_item_id":"129000","product_condition":"new"},"_links":{"self":[{"href":"https:\/\/kihlberg.com\/no\/wp-json\/wp\/v2\/product\/87941","targetHints":{"allow":["GET"]}}],"collection":[{"href":"https:\/\/kihlberg.com\/no\/wp-json\/wp\/v2\/product"}],"about":[{"href":"https:\/\/kihlberg.com\/no\/wp-json\/wp\/v2\/types\/product"}],"wp:featuredmedia":[{"embeddable":true,"href":"https:\/\/kihlberg.com\/no\/wp-json\/wp\/v2\/media\/87942"}],"wp:attachment":[{"href":"https:\/\/kihlberg.com\/no\/wp-json\/wp\/v2\/media?parent=87941"}],"wp:term":[{"taxonomy":"product_brand","embeddable":true,"href":"https:\/\/kihlberg.com\/no\/wp-json\/wp\/v2\/product_brand?post=87941"},{"taxonomy":"product_cat","embeddable":true,"href":"https:\/\/kihlberg.com\/no\/wp-json\/wp\/v2\/product_cat?post=87941"}],"curies":[{"name":"wp","href":"https:\/\/api.w.org\/{rel}","templated":true}]}}