{"id":87943,"date":"2018-09-21T10:34:22","date_gmt":"2018-09-21T10:34:22","guid":{"rendered":"https:\/\/kihlberg.com\/product\/126315\/"},"modified":"2019-09-07T06:10:15","modified_gmt":"2019-09-07T06:10:15","slug":"126315","status":"publish","type":"product","link":"https:\/\/kihlberg.com\/no\/verktoy\/applikation-no\/vinduer-og-dorer\/126315\/","title":{"rendered":"Krampepistol JK45-783S"},"content":{"rendered":"","protected":false},"excerpt":{"rendered":"<p>Krampepistol JK45-783S er et svenskprodusert, profesjonelt pneumatisk verkt\u00f8y med en ekstremt h\u00f8y slagkraft. Stiftemaskinen er egnet for montering av trerammer eller trerammer i ikke bare harde tresorter (b\u00f8k, eik), men ogs\u00e5 myke tresorter. Verkt\u00f8yet har full slagkraft ved lave driftstrykk. Verkt\u00f8yet JK45 er raskt og har lav rekyl. JK45-783S har en kort driver og er egnet for spikring med enkeltskudd.<br \/>\nStiftestrimler er fullt synlige, det er dermed lett \u00e5 se n\u00e5r verkt\u00f8yet m\u00e5 lastes p\u00e5 nytt. JK45 er lett \u00e5 rengj\u00f8re via \u00e5pningsd\u00f8ren. Hvis det er en risiko for sprekkdannelser i anvendelsen din, kan du kontakte oss for en l\u00f8sning.<\/p>\n","protected":false},"featured_media":87944,"template":"","meta":{"_acf_changed":false,"_genesis_hide_title":false,"_genesis_hide_breadcrumbs":false,"_genesis_hide_singular_image":false,"_genesis_hide_footer_widgets":false,"_genesis_custom_body_class":"","_genesis_custom_post_class":"","_genesis_layout":""},"product_brand":[],"product_cat":[1587,1586,1585,1588,1567,1589],"class_list":{"0":"post-87943","1":"product","2":"type-product","3":"status-publish","4":"has-post-thumbnail","6":"product_cat-industri-no","7":"product_cat-innertreverk-i-mobler","8":"product_cat-sengeproduksjon","9":"product_cat-stoppmobler-no","10":"product_cat-verktoy","11":"product_cat-vinduer-og-dorer","12":"pa_leg-length-345-no","13":"pa_lubrication-ja-no","14":"pa_magazine-capacity-138-no-2","15":"pa_max-pressure-8-no-2","16":"pa_nose-length-21-no","17":"pa_staple-leg-length-25-51-mm-1-2-in-no","18":"entry","20":"first","21":"instock","22":"taxable","23":"shipping-taxable","24":"purchasable","25":"product-type-simple"},"acf":[],"yoast_head":"<!-- This site is optimized with the Yoast SEO plugin v26.1.1 - https:\/\/yoast.com\/wordpress\/plugins\/seo\/ -->\n<title>Stapler JK45-783S<\/title>\n<meta name=\"robots\" content=\"index, follow, max-snippet:-1, max-image-preview:large, max-video-preview:-1\" \/>\n<link rel=\"canonical\" href=\"https:\/\/kihlberg.com\/no\/verktoy\/applikation-no\/vinduer-og-dorer\/126315\/\" \/>\n<meta property=\"og:locale\" content=\"nb_NO\" \/>\n<meta property=\"og:type\" content=\"article\" \/>\n<meta property=\"og:title\" content=\"Stapler JK45-783S\" \/>\n<meta property=\"og:description\" content=\"Krampepistol JK45-783S er et svenskprodusert, profesjonelt pneumatisk verkt\u00f8y med en ekstremt h\u00f8y slagkraft. Stiftemaskinen er egnet for montering av trerammer eller trerammer i ikke bare harde tresorter (b\u00f8k, eik), men ogs\u00e5 myke tresorter. Verkt\u00f8yet har full slagkraft ved lave driftstrykk. Verkt\u00f8yet JK45 er raskt og har lav rekyl. JK45-783S har en kort driver og er egnet for spikring med enkeltskudd. Stiftestrimler er fullt synlige, det er dermed lett \u00e5 se n\u00e5r verkt\u00f8yet m\u00e5 lastes p\u00e5 nytt. JK45 er lett \u00e5 rengj\u00f8re via \u00e5pningsd\u00f8ren. Hvis det er en risiko for sprekkdannelser i anvendelsen din, kan du kontakte oss for en l\u00f8sning.\" \/>\n<meta property=\"og:url\" content=\"https:\/\/kihlberg.com\/no\/verktoy\/applikation-no\/vinduer-og-dorer\/126315\/\" \/>\n<meta property=\"og:site_name\" content=\"Josef kihlberg\" \/>\n<meta property=\"article:modified_time\" content=\"2019-09-07T06:10:15+00:00\" \/>\n<meta property=\"og:image\" content=\"https:\/\/kihlberg.com\/wp-content\/uploads\/2018\/08\/126315.png\" \/>\n\t<meta property=\"og:image:width\" content=\"720\" \/>\n\t<meta property=\"og:image:height\" content=\"720\" \/>\n\t<meta property=\"og:image:type\" content=\"image\/png\" \/>\n<meta name=\"twitter:card\" content=\"summary_large_image\" \/>\n<meta name=\"twitter:label1\" content=\"Pris\" \/>\n\t<meta name=\"twitter:data1\" content=\"&euro;833\" \/>\n\t<meta name=\"twitter:label2\" content=\"Tilgjengelighet\" \/>\n\t<meta name=\"twitter:data2\" content=\"P\u00e5 lager\" \/>\n<script type=\"application\/ld+json\" class=\"yoast-schema-graph\">{\"@context\":\"https:\/\/schema.org\",\"@graph\":[{\"@type\":\"WebPage\",\"@id\":\"https:\/\/kihlberg.com\/no\/verktoy\/applikation-no\/vinduer-og-dorer\/126315\/\",\"url\":\"https:\/\/kihlberg.com\/no\/verktoy\/applikation-no\/vinduer-og-dorer\/126315\/\",\"name\":\"Stapler JK45-783S\",\"isPartOf\":{\"@id\":\"https:\/\/kihlberg.com\/no\/#website\"},\"primaryImageOfPage\":{\"@id\":\"https:\/\/kihlberg.com\/no\/verktoy\/applikation-no\/vinduer-og-dorer\/126315\/#primaryimage\"},\"image\":{\"@id\":\"https:\/\/kihlberg.com\/no\/verktoy\/applikation-no\/vinduer-og-dorer\/126315\/#primaryimage\"},\"thumbnailUrl\":\"https:\/\/kihlberg.com\/wp-content\/uploads\/2018\/08\/126315.png\",\"datePublished\":\"2018-09-21T10:34:22+00:00\",\"dateModified\":\"2019-09-07T06:10:15+00:00\",\"breadcrumb\":{\"@id\":\"https:\/\/kihlberg.com\/no\/verktoy\/applikation-no\/vinduer-og-dorer\/126315\/#breadcrumb\"},\"inLanguage\":\"nb-NO\",\"potentialAction\":[{\"@type\":\"ReadAction\",\"target\":[\"https:\/\/kihlberg.com\/no\/verktoy\/applikation-no\/vinduer-og-dorer\/126315\/\"]}]},{\"@type\":\"ImageObject\",\"inLanguage\":\"nb-NO\",\"@id\":\"https:\/\/kihlberg.com\/no\/verktoy\/applikation-no\/vinduer-og-dorer\/126315\/#primaryimage\",\"url\":\"https:\/\/kihlberg.com\/wp-content\/uploads\/2018\/08\/126315.png\",\"contentUrl\":\"https:\/\/kihlberg.com\/wp-content\/uploads\/2018\/08\/126315.png\",\"width\":720,\"height\":720},{\"@type\":\"BreadcrumbList\",\"@id\":\"https:\/\/kihlberg.com\/no\/verktoy\/applikation-no\/vinduer-og-dorer\/126315\/#breadcrumb\",\"itemListElement\":[{\"@type\":\"ListItem\",\"position\":1,\"name\":\"Home\",\"item\":\"https:\/\/kihlberg.com\/no\/\"},{\"@type\":\"ListItem\",\"position\":2,\"name\":\"Shop\",\"item\":\"https:\/\/kihlberg.com\/shop\/\"},{\"@type\":\"ListItem\",\"position\":3,\"name\":\"Verkt\u00f8y\",\"item\":\"https:\/\/kihlberg.com\/no\/verktoy\/\"},{\"@type\":\"ListItem\",\"position\":4,\"name\":\"Applikation\",\"item\":\"https:\/\/kihlberg.com\/no\/verktoy\/applikation-no\/\"},{\"@type\":\"ListItem\",\"position\":5,\"name\":\"Innertreverk i m\u00f6bler\",\"item\":\"https:\/\/kihlberg.com\/no\/verktoy\/applikation-no\/innertreverk-i-mobler\/\"},{\"@type\":\"ListItem\",\"position\":6,\"name\":\"Krampepistol JK45-783S\"}]},{\"@type\":\"WebSite\",\"@id\":\"https:\/\/kihlberg.com\/no\/#website\",\"url\":\"https:\/\/kihlberg.com\/no\/\",\"name\":\"Josef kihlberg\",\"description\":\"Made in Sweden. System manufacturer of premium staples &amp; tools that sets the standard. Legendary.\",\"publisher\":{\"@id\":\"https:\/\/kihlberg.com\/no\/#organization\"},\"potentialAction\":[{\"@type\":\"SearchAction\",\"target\":{\"@type\":\"EntryPoint\",\"urlTemplate\":\"https:\/\/kihlberg.com\/no\/?s={search_term_string}\"},\"query-input\":{\"@type\":\"PropertyValueSpecification\",\"valueRequired\":true,\"valueName\":\"search_term_string\"}}],\"inLanguage\":\"nb-NO\"},{\"@type\":\"Organization\",\"@id\":\"https:\/\/kihlberg.com\/no\/#organization\",\"name\":\"Josef Kihlberg\",\"url\":\"https:\/\/kihlberg.com\/no\/\",\"logo\":{\"@type\":\"ImageObject\",\"inLanguage\":\"nb-NO\",\"@id\":\"https:\/\/kihlberg.com\/no\/#\/schema\/logo\/image\/\",\"url\":\"https:\/\/kihlberg.com\/wp-content\/uploads\/2019\/01\/logo.jpg\",\"contentUrl\":\"https:\/\/kihlberg.com\/wp-content\/uploads\/2019\/01\/logo.jpg\",\"width\":850,\"height\":850,\"caption\":\"Josef Kihlberg\"},\"image\":{\"@id\":\"https:\/\/kihlberg.com\/no\/#\/schema\/logo\/image\/\"}}]}<\/script>\n<meta property=\"product:price:amount\" content=\"833\" \/>\n<meta property=\"product:price:currency\" content=\"EUR\" \/>\n<meta property=\"og:availability\" content=\"instock\" \/>\n<meta property=\"product:availability\" content=\"instock\" \/>\n<meta property=\"product:retailer_item_id\" content=\"126315\" \/>\n<meta property=\"product:condition\" content=\"new\" \/>\n<!-- \/ Yoast SEO plugin. -->","yoast_head_json":{"title":"Stapler JK45-783S","robots":{"index":"index","follow":"follow","max-snippet":"max-snippet:-1","max-image-preview":"max-image-preview:large","max-video-preview":"max-video-preview:-1"},"canonical":"https:\/\/kihlberg.com\/no\/verktoy\/applikation-no\/vinduer-og-dorer\/126315\/","og_locale":"nb_NO","og_type":"article","og_title":"Stapler JK45-783S","og_description":"Krampepistol JK45-783S er et svenskprodusert, profesjonelt pneumatisk verkt\u00f8y med en ekstremt h\u00f8y slagkraft. Stiftemaskinen er egnet for montering av trerammer eller trerammer i ikke bare harde tresorter (b\u00f8k, eik), men ogs\u00e5 myke tresorter. Verkt\u00f8yet har full slagkraft ved lave driftstrykk. Verkt\u00f8yet JK45 er raskt og har lav rekyl. JK45-783S har en kort driver og er egnet for spikring med enkeltskudd. Stiftestrimler er fullt synlige, det er dermed lett \u00e5 se n\u00e5r verkt\u00f8yet m\u00e5 lastes p\u00e5 nytt. JK45 er lett \u00e5 rengj\u00f8re via \u00e5pningsd\u00f8ren. Hvis det er en risiko for sprekkdannelser i anvendelsen din, kan du kontakte oss for en l\u00f8sning.","og_url":"https:\/\/kihlberg.com\/no\/verktoy\/applikation-no\/vinduer-og-dorer\/126315\/","og_site_name":"Josef kihlberg","article_modified_time":"2019-09-07T06:10:15+00:00","og_image":[{"width":720,"height":720,"url":"https:\/\/kihlberg.com\/wp-content\/uploads\/2018\/08\/126315.png","type":"image\/png"}],"twitter_card":"summary_large_image","twitter_misc":{"Pris":"&euro;833","Tilgjengelighet":"P\u00e5 lager"},"schema":{"@context":"https:\/\/schema.org","@graph":[{"@type":"WebPage","@id":"https:\/\/kihlberg.com\/no\/verktoy\/applikation-no\/vinduer-og-dorer\/126315\/","url":"https:\/\/kihlberg.com\/no\/verktoy\/applikation-no\/vinduer-og-dorer\/126315\/","name":"Stapler JK45-783S","isPartOf":{"@id":"https:\/\/kihlberg.com\/no\/#website"},"primaryImageOfPage":{"@id":"https:\/\/kihlberg.com\/no\/verktoy\/applikation-no\/vinduer-og-dorer\/126315\/#primaryimage"},"image":{"@id":"https:\/\/kihlberg.com\/no\/verktoy\/applikation-no\/vinduer-og-dorer\/126315\/#primaryimage"},"thumbnailUrl":"https:\/\/kihlberg.com\/wp-content\/uploads\/2018\/08\/126315.png","datePublished":"2018-09-21T10:34:22+00:00","dateModified":"2019-09-07T06:10:15+00:00","breadcrumb":{"@id":"https:\/\/kihlberg.com\/no\/verktoy\/applikation-no\/vinduer-og-dorer\/126315\/#breadcrumb"},"inLanguage":"nb-NO","potentialAction":[{"@type":"ReadAction","target":["https:\/\/kihlberg.com\/no\/verktoy\/applikation-no\/vinduer-og-dorer\/126315\/"]}]},{"@type":"ImageObject","inLanguage":"nb-NO","@id":"https:\/\/kihlberg.com\/no\/verktoy\/applikation-no\/vinduer-og-dorer\/126315\/#primaryimage","url":"https:\/\/kihlberg.com\/wp-content\/uploads\/2018\/08\/126315.png","contentUrl":"https:\/\/kihlberg.com\/wp-content\/uploads\/2018\/08\/126315.png","width":720,"height":720},{"@type":"BreadcrumbList","@id":"https:\/\/kihlberg.com\/no\/verktoy\/applikation-no\/vinduer-og-dorer\/126315\/#breadcrumb","itemListElement":[{"@type":"ListItem","position":1,"name":"Home","item":"https:\/\/kihlberg.com\/no\/"},{"@type":"ListItem","position":2,"name":"Shop","item":"https:\/\/kihlberg.com\/shop\/"},{"@type":"ListItem","position":3,"name":"Verkt\u00f8y","item":"https:\/\/kihlberg.com\/no\/verktoy\/"},{"@type":"ListItem","position":4,"name":"Applikation","item":"https:\/\/kihlberg.com\/no\/verktoy\/applikation-no\/"},{"@type":"ListItem","position":5,"name":"Innertreverk i m\u00f6bler","item":"https:\/\/kihlberg.com\/no\/verktoy\/applikation-no\/innertreverk-i-mobler\/"},{"@type":"ListItem","position":6,"name":"Krampepistol JK45-783S"}]},{"@type":"WebSite","@id":"https:\/\/kihlberg.com\/no\/#website","url":"https:\/\/kihlberg.com\/no\/","name":"Josef kihlberg","description":"Made in Sweden. System manufacturer of premium staples &amp; tools that sets the standard. Legendary.","publisher":{"@id":"https:\/\/kihlberg.com\/no\/#organization"},"potentialAction":[{"@type":"SearchAction","target":{"@type":"EntryPoint","urlTemplate":"https:\/\/kihlberg.com\/no\/?s={search_term_string}"},"query-input":{"@type":"PropertyValueSpecification","valueRequired":true,"valueName":"search_term_string"}}],"inLanguage":"nb-NO"},{"@type":"Organization","@id":"https:\/\/kihlberg.com\/no\/#organization","name":"Josef Kihlberg","url":"https:\/\/kihlberg.com\/no\/","logo":{"@type":"ImageObject","inLanguage":"nb-NO","@id":"https:\/\/kihlberg.com\/no\/#\/schema\/logo\/image\/","url":"https:\/\/kihlberg.com\/wp-content\/uploads\/2019\/01\/logo.jpg","contentUrl":"https:\/\/kihlberg.com\/wp-content\/uploads\/2019\/01\/logo.jpg","width":850,"height":850,"caption":"Josef Kihlberg"},"image":{"@id":"https:\/\/kihlberg.com\/no\/#\/schema\/logo\/image\/"}}]},"product_price_amount":"833","product_price_currency":"EUR","og_availability":"instock","product_availability":"instock","product_retailer_item_id":"126315","product_condition":"new"},"_links":{"self":[{"href":"https:\/\/kihlberg.com\/no\/wp-json\/wp\/v2\/product\/87943","targetHints":{"allow":["GET"]}}],"collection":[{"href":"https:\/\/kihlberg.com\/no\/wp-json\/wp\/v2\/product"}],"about":[{"href":"https:\/\/kihlberg.com\/no\/wp-json\/wp\/v2\/types\/product"}],"wp:featuredmedia":[{"embeddable":true,"href":"https:\/\/kihlberg.com\/no\/wp-json\/wp\/v2\/media\/87944"}],"wp:attachment":[{"href":"https:\/\/kihlberg.com\/no\/wp-json\/wp\/v2\/media?parent=87943"}],"wp:term":[{"taxonomy":"product_brand","embeddable":true,"href":"https:\/\/kihlberg.com\/no\/wp-json\/wp\/v2\/product_brand?post=87943"},{"taxonomy":"product_cat","embeddable":true,"href":"https:\/\/kihlberg.com\/no\/wp-json\/wp\/v2\/product_cat?post=87943"}],"curies":[{"name":"wp","href":"https:\/\/api.w.org\/{rel}","templated":true}]}}