{"id":87958,"date":"2018-09-21T10:33:49","date_gmt":"2018-09-21T10:33:49","guid":{"rendered":"https:\/\/kihlberg.com\/product\/126094\/"},"modified":"2019-09-07T06:10:10","modified_gmt":"2019-09-07T06:10:10","slug":"126094","status":"publish","type":"product","link":"https:\/\/kihlberg.com\/no\/verktoy\/applikation-no\/hjornestifting\/126094\/","title":{"rendered":"Stiftetang JK20T779"},"content":{"rendered":"","protected":false},"excerpt":{"rendered":"<p>Stiftetang JK20T779 er en svenskprodusert, kraftig tangstiftemaskin for profesjonelle brukere.<br \/>\nKarakteristisk for dette verkt\u00f8yet er dets rolige, raske stifting, lave vekt og gode balanse. Utformingen av ambolten tillater at materialet kan h\u00e5ndteres med forsiktighet.<br \/>\nVerkt\u00f8yet er prim\u00e6rt beregnet for stifting av emballasje som pakker, vesker, senget\u00f8y, sekker og ulike typer stoff, men er ogs\u00e5 ideelt for slike anvendelser som industriell stifting og sammenf\u00f8yning av ulike materialer.<\/p>\n","protected":false},"featured_media":87959,"template":"","meta":{"_acf_changed":false,"_genesis_hide_title":false,"_genesis_hide_breadcrumbs":false,"_genesis_hide_singular_image":false,"_genesis_hide_footer_widgets":false,"_genesis_custom_body_class":"","_genesis_custom_post_class":"","_genesis_layout":""},"product_brand":[],"product_cat":[1566,1611,1568,1567],"class_list":{"0":"post-87958","1":"product","2":"type-product","3":"status-publish","4":"has-post-thumbnail","6":"product_cat-emballering","7":"product_cat-hjornestifting","8":"product_cat-transportemballasje","9":"product_cat-verktoy","10":"pa_lubrication-ja-no","11":"pa_magazine-capacity-84-no-2","12":"pa_max-pressure-7-no-3","13":"pa_nose-length-14-no-2","14":"pa_staple-leg-length-8-16-mm-5-16-5-8-in-no-2","15":"entry","17":"first","18":"instock","19":"taxable","20":"shipping-taxable","21":"purchasable","22":"product-type-simple"},"acf":[],"yoast_head":"<!-- This site is optimized with the Yoast SEO plugin v26.1.1 - https:\/\/yoast.com\/wordpress\/plugins\/seo\/ -->\n<title>Plier stapler JK20T779<\/title>\n<meta name=\"robots\" content=\"index, follow, max-snippet:-1, max-image-preview:large, max-video-preview:-1\" \/>\n<link rel=\"canonical\" href=\"https:\/\/kihlberg.com\/no\/verktoy\/applikation-no\/hjornestifting\/126094\/\" \/>\n<meta property=\"og:locale\" content=\"nb_NO\" \/>\n<meta property=\"og:type\" content=\"article\" \/>\n<meta property=\"og:title\" content=\"Plier stapler JK20T779\" \/>\n<meta property=\"og:description\" content=\"Stiftetang JK20T779 er en svenskprodusert, kraftig tangstiftemaskin for profesjonelle brukere. Karakteristisk for dette verkt\u00f8yet er dets rolige, raske stifting, lave vekt og gode balanse. Utformingen av ambolten tillater at materialet kan h\u00e5ndteres med forsiktighet. Verkt\u00f8yet er prim\u00e6rt beregnet for stifting av emballasje som pakker, vesker, senget\u00f8y, sekker og ulike typer stoff, men er ogs\u00e5 ideelt for slike anvendelser som industriell stifting og sammenf\u00f8yning av ulike materialer.\" \/>\n<meta property=\"og:url\" content=\"https:\/\/kihlberg.com\/no\/verktoy\/applikation-no\/hjornestifting\/126094\/\" \/>\n<meta property=\"og:site_name\" content=\"Josef kihlberg\" \/>\n<meta property=\"article:modified_time\" content=\"2019-09-07T06:10:10+00:00\" \/>\n<meta property=\"og:image\" content=\"https:\/\/kihlberg.com\/wp-content\/uploads\/2018\/08\/126094.png\" \/>\n\t<meta property=\"og:image:width\" content=\"720\" \/>\n\t<meta property=\"og:image:height\" content=\"720\" \/>\n\t<meta property=\"og:image:type\" content=\"image\/png\" \/>\n<meta name=\"twitter:card\" content=\"summary_large_image\" \/>\n<meta name=\"twitter:label1\" content=\"Pris\" \/>\n\t<meta name=\"twitter:data1\" content=\"&euro;734\" \/>\n\t<meta name=\"twitter:label2\" content=\"Tilgjengelighet\" \/>\n\t<meta name=\"twitter:data2\" content=\"P\u00e5 lager\" \/>\n<script type=\"application\/ld+json\" class=\"yoast-schema-graph\">{\"@context\":\"https:\/\/schema.org\",\"@graph\":[{\"@type\":\"WebPage\",\"@id\":\"https:\/\/kihlberg.com\/no\/verktoy\/applikation-no\/hjornestifting\/126094\/\",\"url\":\"https:\/\/kihlberg.com\/no\/verktoy\/applikation-no\/hjornestifting\/126094\/\",\"name\":\"Plier stapler JK20T779\",\"isPartOf\":{\"@id\":\"https:\/\/kihlberg.com\/no\/#website\"},\"primaryImageOfPage\":{\"@id\":\"https:\/\/kihlberg.com\/no\/verktoy\/applikation-no\/hjornestifting\/126094\/#primaryimage\"},\"image\":{\"@id\":\"https:\/\/kihlberg.com\/no\/verktoy\/applikation-no\/hjornestifting\/126094\/#primaryimage\"},\"thumbnailUrl\":\"https:\/\/kihlberg.com\/wp-content\/uploads\/2018\/08\/126094.png\",\"datePublished\":\"2018-09-21T10:33:49+00:00\",\"dateModified\":\"2019-09-07T06:10:10+00:00\",\"breadcrumb\":{\"@id\":\"https:\/\/kihlberg.com\/no\/verktoy\/applikation-no\/hjornestifting\/126094\/#breadcrumb\"},\"inLanguage\":\"nb-NO\",\"potentialAction\":[{\"@type\":\"ReadAction\",\"target\":[\"https:\/\/kihlberg.com\/no\/verktoy\/applikation-no\/hjornestifting\/126094\/\"]}]},{\"@type\":\"ImageObject\",\"inLanguage\":\"nb-NO\",\"@id\":\"https:\/\/kihlberg.com\/no\/verktoy\/applikation-no\/hjornestifting\/126094\/#primaryimage\",\"url\":\"https:\/\/kihlberg.com\/wp-content\/uploads\/2018\/08\/126094.png\",\"contentUrl\":\"https:\/\/kihlberg.com\/wp-content\/uploads\/2018\/08\/126094.png\",\"width\":720,\"height\":720},{\"@type\":\"BreadcrumbList\",\"@id\":\"https:\/\/kihlberg.com\/no\/verktoy\/applikation-no\/hjornestifting\/126094\/#breadcrumb\",\"itemListElement\":[{\"@type\":\"ListItem\",\"position\":1,\"name\":\"Home\",\"item\":\"https:\/\/kihlberg.com\/no\/\"},{\"@type\":\"ListItem\",\"position\":2,\"name\":\"Shop\",\"item\":\"https:\/\/kihlberg.com\/shop\/\"},{\"@type\":\"ListItem\",\"position\":3,\"name\":\"Verkt\u00f8y\",\"item\":\"https:\/\/kihlberg.com\/no\/verktoy\/\"},{\"@type\":\"ListItem\",\"position\":4,\"name\":\"Applikation\",\"item\":\"https:\/\/kihlberg.com\/no\/verktoy\/applikation-no\/\"},{\"@type\":\"ListItem\",\"position\":5,\"name\":\"Hj\u00f6rnestifting\",\"item\":\"https:\/\/kihlberg.com\/no\/verktoy\/applikation-no\/hjornestifting\/\"},{\"@type\":\"ListItem\",\"position\":6,\"name\":\"Stiftetang JK20T779\"}]},{\"@type\":\"WebSite\",\"@id\":\"https:\/\/kihlberg.com\/no\/#website\",\"url\":\"https:\/\/kihlberg.com\/no\/\",\"name\":\"Josef kihlberg\",\"description\":\"Made in Sweden. System manufacturer of premium staples &amp; tools that sets the standard. Legendary.\",\"publisher\":{\"@id\":\"https:\/\/kihlberg.com\/no\/#organization\"},\"potentialAction\":[{\"@type\":\"SearchAction\",\"target\":{\"@type\":\"EntryPoint\",\"urlTemplate\":\"https:\/\/kihlberg.com\/no\/?s={search_term_string}\"},\"query-input\":{\"@type\":\"PropertyValueSpecification\",\"valueRequired\":true,\"valueName\":\"search_term_string\"}}],\"inLanguage\":\"nb-NO\"},{\"@type\":\"Organization\",\"@id\":\"https:\/\/kihlberg.com\/no\/#organization\",\"name\":\"Josef Kihlberg\",\"url\":\"https:\/\/kihlberg.com\/no\/\",\"logo\":{\"@type\":\"ImageObject\",\"inLanguage\":\"nb-NO\",\"@id\":\"https:\/\/kihlberg.com\/no\/#\/schema\/logo\/image\/\",\"url\":\"https:\/\/kihlberg.com\/wp-content\/uploads\/2019\/01\/logo.jpg\",\"contentUrl\":\"https:\/\/kihlberg.com\/wp-content\/uploads\/2019\/01\/logo.jpg\",\"width\":850,\"height\":850,\"caption\":\"Josef Kihlberg\"},\"image\":{\"@id\":\"https:\/\/kihlberg.com\/no\/#\/schema\/logo\/image\/\"}}]}<\/script>\n<meta property=\"product:price:amount\" content=\"734\" \/>\n<meta property=\"product:price:currency\" content=\"EUR\" \/>\n<meta property=\"og:availability\" content=\"instock\" \/>\n<meta property=\"product:availability\" content=\"instock\" \/>\n<meta property=\"product:retailer_item_id\" content=\"126094\" \/>\n<meta property=\"product:condition\" content=\"new\" \/>\n<!-- \/ Yoast SEO plugin. -->","yoast_head_json":{"title":"Plier stapler JK20T779","robots":{"index":"index","follow":"follow","max-snippet":"max-snippet:-1","max-image-preview":"max-image-preview:large","max-video-preview":"max-video-preview:-1"},"canonical":"https:\/\/kihlberg.com\/no\/verktoy\/applikation-no\/hjornestifting\/126094\/","og_locale":"nb_NO","og_type":"article","og_title":"Plier stapler JK20T779","og_description":"Stiftetang JK20T779 er en svenskprodusert, kraftig tangstiftemaskin for profesjonelle brukere. Karakteristisk for dette verkt\u00f8yet er dets rolige, raske stifting, lave vekt og gode balanse. Utformingen av ambolten tillater at materialet kan h\u00e5ndteres med forsiktighet. Verkt\u00f8yet er prim\u00e6rt beregnet for stifting av emballasje som pakker, vesker, senget\u00f8y, sekker og ulike typer stoff, men er ogs\u00e5 ideelt for slike anvendelser som industriell stifting og sammenf\u00f8yning av ulike materialer.","og_url":"https:\/\/kihlberg.com\/no\/verktoy\/applikation-no\/hjornestifting\/126094\/","og_site_name":"Josef kihlberg","article_modified_time":"2019-09-07T06:10:10+00:00","og_image":[{"width":720,"height":720,"url":"https:\/\/kihlberg.com\/wp-content\/uploads\/2018\/08\/126094.png","type":"image\/png"}],"twitter_card":"summary_large_image","twitter_misc":{"Pris":"&euro;734","Tilgjengelighet":"P\u00e5 lager"},"schema":{"@context":"https:\/\/schema.org","@graph":[{"@type":"WebPage","@id":"https:\/\/kihlberg.com\/no\/verktoy\/applikation-no\/hjornestifting\/126094\/","url":"https:\/\/kihlberg.com\/no\/verktoy\/applikation-no\/hjornestifting\/126094\/","name":"Plier stapler JK20T779","isPartOf":{"@id":"https:\/\/kihlberg.com\/no\/#website"},"primaryImageOfPage":{"@id":"https:\/\/kihlberg.com\/no\/verktoy\/applikation-no\/hjornestifting\/126094\/#primaryimage"},"image":{"@id":"https:\/\/kihlberg.com\/no\/verktoy\/applikation-no\/hjornestifting\/126094\/#primaryimage"},"thumbnailUrl":"https:\/\/kihlberg.com\/wp-content\/uploads\/2018\/08\/126094.png","datePublished":"2018-09-21T10:33:49+00:00","dateModified":"2019-09-07T06:10:10+00:00","breadcrumb":{"@id":"https:\/\/kihlberg.com\/no\/verktoy\/applikation-no\/hjornestifting\/126094\/#breadcrumb"},"inLanguage":"nb-NO","potentialAction":[{"@type":"ReadAction","target":["https:\/\/kihlberg.com\/no\/verktoy\/applikation-no\/hjornestifting\/126094\/"]}]},{"@type":"ImageObject","inLanguage":"nb-NO","@id":"https:\/\/kihlberg.com\/no\/verktoy\/applikation-no\/hjornestifting\/126094\/#primaryimage","url":"https:\/\/kihlberg.com\/wp-content\/uploads\/2018\/08\/126094.png","contentUrl":"https:\/\/kihlberg.com\/wp-content\/uploads\/2018\/08\/126094.png","width":720,"height":720},{"@type":"BreadcrumbList","@id":"https:\/\/kihlberg.com\/no\/verktoy\/applikation-no\/hjornestifting\/126094\/#breadcrumb","itemListElement":[{"@type":"ListItem","position":1,"name":"Home","item":"https:\/\/kihlberg.com\/no\/"},{"@type":"ListItem","position":2,"name":"Shop","item":"https:\/\/kihlberg.com\/shop\/"},{"@type":"ListItem","position":3,"name":"Verkt\u00f8y","item":"https:\/\/kihlberg.com\/no\/verktoy\/"},{"@type":"ListItem","position":4,"name":"Applikation","item":"https:\/\/kihlberg.com\/no\/verktoy\/applikation-no\/"},{"@type":"ListItem","position":5,"name":"Hj\u00f6rnestifting","item":"https:\/\/kihlberg.com\/no\/verktoy\/applikation-no\/hjornestifting\/"},{"@type":"ListItem","position":6,"name":"Stiftetang JK20T779"}]},{"@type":"WebSite","@id":"https:\/\/kihlberg.com\/no\/#website","url":"https:\/\/kihlberg.com\/no\/","name":"Josef kihlberg","description":"Made in Sweden. System manufacturer of premium staples &amp; tools that sets the standard. Legendary.","publisher":{"@id":"https:\/\/kihlberg.com\/no\/#organization"},"potentialAction":[{"@type":"SearchAction","target":{"@type":"EntryPoint","urlTemplate":"https:\/\/kihlberg.com\/no\/?s={search_term_string}"},"query-input":{"@type":"PropertyValueSpecification","valueRequired":true,"valueName":"search_term_string"}}],"inLanguage":"nb-NO"},{"@type":"Organization","@id":"https:\/\/kihlberg.com\/no\/#organization","name":"Josef Kihlberg","url":"https:\/\/kihlberg.com\/no\/","logo":{"@type":"ImageObject","inLanguage":"nb-NO","@id":"https:\/\/kihlberg.com\/no\/#\/schema\/logo\/image\/","url":"https:\/\/kihlberg.com\/wp-content\/uploads\/2019\/01\/logo.jpg","contentUrl":"https:\/\/kihlberg.com\/wp-content\/uploads\/2019\/01\/logo.jpg","width":850,"height":850,"caption":"Josef Kihlberg"},"image":{"@id":"https:\/\/kihlberg.com\/no\/#\/schema\/logo\/image\/"}}]},"product_price_amount":"734","product_price_currency":"EUR","og_availability":"instock","product_availability":"instock","product_retailer_item_id":"126094","product_condition":"new"},"_links":{"self":[{"href":"https:\/\/kihlberg.com\/no\/wp-json\/wp\/v2\/product\/87958","targetHints":{"allow":["GET"]}}],"collection":[{"href":"https:\/\/kihlberg.com\/no\/wp-json\/wp\/v2\/product"}],"about":[{"href":"https:\/\/kihlberg.com\/no\/wp-json\/wp\/v2\/types\/product"}],"wp:featuredmedia":[{"embeddable":true,"href":"https:\/\/kihlberg.com\/no\/wp-json\/wp\/v2\/media\/87959"}],"wp:attachment":[{"href":"https:\/\/kihlberg.com\/no\/wp-json\/wp\/v2\/media?parent=87958"}],"wp:term":[{"taxonomy":"product_brand","embeddable":true,"href":"https:\/\/kihlberg.com\/no\/wp-json\/wp\/v2\/product_brand?post=87958"},{"taxonomy":"product_cat","embeddable":true,"href":"https:\/\/kihlberg.com\/no\/wp-json\/wp\/v2\/product_cat?post=87958"}],"curies":[{"name":"wp","href":"https:\/\/api.w.org\/{rel}","templated":true}]}}