{"id":87964,"date":"2018-09-21T10:33:38","date_gmt":"2018-09-21T10:33:38","guid":{"rendered":"https:\/\/kihlberg.com\/product\/126032\/"},"modified":"2019-09-07T06:10:08","modified_gmt":"2019-09-07T06:10:08","slug":"126032","status":"publish","type":"product","link":"https:\/\/kihlberg.com\/no\/verktoy\/applikation-no\/vinduer-og-dorer\/126032\/","title":{"rendered":"Krampepistol JK20A670"},"content":{"rendered":"","protected":false},"excerpt":{"rendered":"<p>V\u00e5rt svenskproduserte JK20A670 pneumatiske verkt\u00f8y for profesjonelle er et utmerket verkt\u00f8y for m\u00f8bler, seng- og snekkerbransjen, men selvsagt ogs\u00e5 for andre materialer som bord og trestykker. Krampepistol JK20A670 har en h\u00f8y grad av effektivitet som sparer tid og \u00f8ker l\u00f8nnsomheten over tid. Den automatiske driften av stiftemaskinen er sv\u00e6rt rask, opptil 30 stifter\/sekund (1 700 per minutt), og kan enkelt endres fra null til den maksimale hastigheten ved hjelp av en settskrue. Om n\u00f8dvendig kan automatisk drift sl\u00e5s av ved \u00e5 trykke p\u00e5 en knapp. P\u00e5 denne m\u00e5ten kan du enkelt bytte mellom enkeltskudd og automatisk avfyring. Dette unike designet gj\u00f8r arbeidet med verkt\u00f8yet veldig enkelt. Det lave st\u00f8yniv\u00e5et og den ubetydelige rekylen gj\u00f8r JK20A670 enda mer attraktiv.<\/p>\n","protected":false},"featured_media":87965,"template":"","meta":{"_acf_changed":false,"_genesis_hide_title":false,"_genesis_hide_breadcrumbs":false,"_genesis_hide_singular_image":false,"_genesis_hide_footer_widgets":false,"_genesis_custom_body_class":"","_genesis_custom_post_class":"","_genesis_layout":""},"product_brand":[],"product_cat":[1587,1585,1567,1589],"class_list":{"0":"post-87964","1":"product","2":"type-product","3":"status-publish","4":"has-post-thumbnail","6":"product_cat-industri-no","7":"product_cat-sengeproduksjon","8":"product_cat-verktoy","9":"product_cat-vinduer-og-dorer","10":"pa_leg-length-230-no","11":"pa_magazine-capacity-179-no","12":"pa_max-pressure-7-no-3","13":"pa_nose-length-14-no-2","14":"pa_staple-leg-length-6-12-mm-1-4-1-2-in-no-2","15":"entry","17":"first","18":"instock","19":"taxable","20":"shipping-taxable","21":"purchasable","22":"product-type-simple"},"acf":[],"yoast_head":"<!-- This site is optimized with the Yoast SEO plugin v26.1.1 - https:\/\/yoast.com\/wordpress\/plugins\/seo\/ -->\n<title>Stapler JK20A670<\/title>\n<meta name=\"robots\" content=\"index, follow, max-snippet:-1, max-image-preview:large, max-video-preview:-1\" \/>\n<link rel=\"canonical\" href=\"https:\/\/kihlberg.com\/no\/verktoy\/applikation-no\/vinduer-og-dorer\/126032\/\" \/>\n<meta property=\"og:locale\" content=\"nb_NO\" \/>\n<meta property=\"og:type\" content=\"article\" \/>\n<meta property=\"og:title\" content=\"Stapler JK20A670\" \/>\n<meta property=\"og:description\" content=\"V\u00e5rt svenskproduserte JK20A670 pneumatiske verkt\u00f8y for profesjonelle er et utmerket verkt\u00f8y for m\u00f8bler, seng- og snekkerbransjen, men selvsagt ogs\u00e5 for andre materialer som bord og trestykker. Krampepistol JK20A670 har en h\u00f8y grad av effektivitet som sparer tid og \u00f8ker l\u00f8nnsomheten over tid. Den automatiske driften av stiftemaskinen er sv\u00e6rt rask, opptil 30 stifter\/sekund (1 700 per minutt), og kan enkelt endres fra null til den maksimale hastigheten ved hjelp av en settskrue. Om n\u00f8dvendig kan automatisk drift sl\u00e5s av ved \u00e5 trykke p\u00e5 en knapp. P\u00e5 denne m\u00e5ten kan du enkelt bytte mellom enkeltskudd og automatisk avfyring. Dette unike designet gj\u00f8r arbeidet med verkt\u00f8yet veldig enkelt. Det lave st\u00f8yniv\u00e5et og den ubetydelige rekylen gj\u00f8r JK20A670 enda mer attraktiv.\" \/>\n<meta property=\"og:url\" content=\"https:\/\/kihlberg.com\/no\/verktoy\/applikation-no\/vinduer-og-dorer\/126032\/\" \/>\n<meta property=\"og:site_name\" content=\"Josef kihlberg\" \/>\n<meta property=\"article:modified_time\" content=\"2019-09-07T06:10:08+00:00\" \/>\n<meta property=\"og:image\" content=\"https:\/\/kihlberg.com\/wp-content\/uploads\/2018\/08\/126032.png\" \/>\n\t<meta property=\"og:image:width\" content=\"720\" \/>\n\t<meta property=\"og:image:height\" content=\"720\" \/>\n\t<meta property=\"og:image:type\" content=\"image\/png\" \/>\n<meta name=\"twitter:card\" content=\"summary_large_image\" \/>\n<meta name=\"twitter:label1\" content=\"Pris\" \/>\n\t<meta name=\"twitter:data1\" content=\"&euro;534\" \/>\n\t<meta name=\"twitter:label2\" content=\"Tilgjengelighet\" \/>\n\t<meta name=\"twitter:data2\" content=\"P\u00e5 lager\" \/>\n<script type=\"application\/ld+json\" class=\"yoast-schema-graph\">{\"@context\":\"https:\/\/schema.org\",\"@graph\":[{\"@type\":\"WebPage\",\"@id\":\"https:\/\/kihlberg.com\/no\/verktoy\/applikation-no\/vinduer-og-dorer\/126032\/\",\"url\":\"https:\/\/kihlberg.com\/no\/verktoy\/applikation-no\/vinduer-og-dorer\/126032\/\",\"name\":\"Stapler JK20A670\",\"isPartOf\":{\"@id\":\"https:\/\/kihlberg.com\/no\/#website\"},\"primaryImageOfPage\":{\"@id\":\"https:\/\/kihlberg.com\/no\/verktoy\/applikation-no\/vinduer-og-dorer\/126032\/#primaryimage\"},\"image\":{\"@id\":\"https:\/\/kihlberg.com\/no\/verktoy\/applikation-no\/vinduer-og-dorer\/126032\/#primaryimage\"},\"thumbnailUrl\":\"https:\/\/kihlberg.com\/wp-content\/uploads\/2018\/08\/126032.png\",\"datePublished\":\"2018-09-21T10:33:38+00:00\",\"dateModified\":\"2019-09-07T06:10:08+00:00\",\"breadcrumb\":{\"@id\":\"https:\/\/kihlberg.com\/no\/verktoy\/applikation-no\/vinduer-og-dorer\/126032\/#breadcrumb\"},\"inLanguage\":\"nb-NO\",\"potentialAction\":[{\"@type\":\"ReadAction\",\"target\":[\"https:\/\/kihlberg.com\/no\/verktoy\/applikation-no\/vinduer-og-dorer\/126032\/\"]}]},{\"@type\":\"ImageObject\",\"inLanguage\":\"nb-NO\",\"@id\":\"https:\/\/kihlberg.com\/no\/verktoy\/applikation-no\/vinduer-og-dorer\/126032\/#primaryimage\",\"url\":\"https:\/\/kihlberg.com\/wp-content\/uploads\/2018\/08\/126032.png\",\"contentUrl\":\"https:\/\/kihlberg.com\/wp-content\/uploads\/2018\/08\/126032.png\",\"width\":720,\"height\":720},{\"@type\":\"BreadcrumbList\",\"@id\":\"https:\/\/kihlberg.com\/no\/verktoy\/applikation-no\/vinduer-og-dorer\/126032\/#breadcrumb\",\"itemListElement\":[{\"@type\":\"ListItem\",\"position\":1,\"name\":\"Home\",\"item\":\"https:\/\/kihlberg.com\/no\/\"},{\"@type\":\"ListItem\",\"position\":2,\"name\":\"Shop\",\"item\":\"https:\/\/kihlberg.com\/shop\/\"},{\"@type\":\"ListItem\",\"position\":3,\"name\":\"Verkt\u00f8y\",\"item\":\"https:\/\/kihlberg.com\/no\/verktoy\/\"},{\"@type\":\"ListItem\",\"position\":4,\"name\":\"Applikation\",\"item\":\"https:\/\/kihlberg.com\/no\/verktoy\/applikation-no\/\"},{\"@type\":\"ListItem\",\"position\":5,\"name\":\"Sengeproduksjon\",\"item\":\"https:\/\/kihlberg.com\/no\/verktoy\/applikation-no\/sengeproduksjon\/\"},{\"@type\":\"ListItem\",\"position\":6,\"name\":\"Krampepistol JK20A670\"}]},{\"@type\":\"WebSite\",\"@id\":\"https:\/\/kihlberg.com\/no\/#website\",\"url\":\"https:\/\/kihlberg.com\/no\/\",\"name\":\"Josef kihlberg\",\"description\":\"Made in Sweden. System manufacturer of premium staples &amp; tools that sets the standard. Legendary.\",\"publisher\":{\"@id\":\"https:\/\/kihlberg.com\/no\/#organization\"},\"potentialAction\":[{\"@type\":\"SearchAction\",\"target\":{\"@type\":\"EntryPoint\",\"urlTemplate\":\"https:\/\/kihlberg.com\/no\/?s={search_term_string}\"},\"query-input\":{\"@type\":\"PropertyValueSpecification\",\"valueRequired\":true,\"valueName\":\"search_term_string\"}}],\"inLanguage\":\"nb-NO\"},{\"@type\":\"Organization\",\"@id\":\"https:\/\/kihlberg.com\/no\/#organization\",\"name\":\"Josef Kihlberg\",\"url\":\"https:\/\/kihlberg.com\/no\/\",\"logo\":{\"@type\":\"ImageObject\",\"inLanguage\":\"nb-NO\",\"@id\":\"https:\/\/kihlberg.com\/no\/#\/schema\/logo\/image\/\",\"url\":\"https:\/\/kihlberg.com\/wp-content\/uploads\/2019\/01\/logo.jpg\",\"contentUrl\":\"https:\/\/kihlberg.com\/wp-content\/uploads\/2019\/01\/logo.jpg\",\"width\":850,\"height\":850,\"caption\":\"Josef Kihlberg\"},\"image\":{\"@id\":\"https:\/\/kihlberg.com\/no\/#\/schema\/logo\/image\/\"}}]}<\/script>\n<meta property=\"product:price:amount\" content=\"534\" \/>\n<meta property=\"product:price:currency\" content=\"EUR\" \/>\n<meta property=\"og:availability\" content=\"instock\" \/>\n<meta property=\"product:availability\" content=\"instock\" \/>\n<meta property=\"product:retailer_item_id\" content=\"126032\" \/>\n<meta property=\"product:condition\" content=\"new\" \/>\n<!-- \/ Yoast SEO plugin. -->","yoast_head_json":{"title":"Stapler JK20A670","robots":{"index":"index","follow":"follow","max-snippet":"max-snippet:-1","max-image-preview":"max-image-preview:large","max-video-preview":"max-video-preview:-1"},"canonical":"https:\/\/kihlberg.com\/no\/verktoy\/applikation-no\/vinduer-og-dorer\/126032\/","og_locale":"nb_NO","og_type":"article","og_title":"Stapler JK20A670","og_description":"V\u00e5rt svenskproduserte JK20A670 pneumatiske verkt\u00f8y for profesjonelle er et utmerket verkt\u00f8y for m\u00f8bler, seng- og snekkerbransjen, men selvsagt ogs\u00e5 for andre materialer som bord og trestykker. Krampepistol JK20A670 har en h\u00f8y grad av effektivitet som sparer tid og \u00f8ker l\u00f8nnsomheten over tid. Den automatiske driften av stiftemaskinen er sv\u00e6rt rask, opptil 30 stifter\/sekund (1 700 per minutt), og kan enkelt endres fra null til den maksimale hastigheten ved hjelp av en settskrue. Om n\u00f8dvendig kan automatisk drift sl\u00e5s av ved \u00e5 trykke p\u00e5 en knapp. P\u00e5 denne m\u00e5ten kan du enkelt bytte mellom enkeltskudd og automatisk avfyring. Dette unike designet gj\u00f8r arbeidet med verkt\u00f8yet veldig enkelt. Det lave st\u00f8yniv\u00e5et og den ubetydelige rekylen gj\u00f8r JK20A670 enda mer attraktiv.","og_url":"https:\/\/kihlberg.com\/no\/verktoy\/applikation-no\/vinduer-og-dorer\/126032\/","og_site_name":"Josef kihlberg","article_modified_time":"2019-09-07T06:10:08+00:00","og_image":[{"width":720,"height":720,"url":"https:\/\/kihlberg.com\/wp-content\/uploads\/2018\/08\/126032.png","type":"image\/png"}],"twitter_card":"summary_large_image","twitter_misc":{"Pris":"&euro;534","Tilgjengelighet":"P\u00e5 lager"},"schema":{"@context":"https:\/\/schema.org","@graph":[{"@type":"WebPage","@id":"https:\/\/kihlberg.com\/no\/verktoy\/applikation-no\/vinduer-og-dorer\/126032\/","url":"https:\/\/kihlberg.com\/no\/verktoy\/applikation-no\/vinduer-og-dorer\/126032\/","name":"Stapler JK20A670","isPartOf":{"@id":"https:\/\/kihlberg.com\/no\/#website"},"primaryImageOfPage":{"@id":"https:\/\/kihlberg.com\/no\/verktoy\/applikation-no\/vinduer-og-dorer\/126032\/#primaryimage"},"image":{"@id":"https:\/\/kihlberg.com\/no\/verktoy\/applikation-no\/vinduer-og-dorer\/126032\/#primaryimage"},"thumbnailUrl":"https:\/\/kihlberg.com\/wp-content\/uploads\/2018\/08\/126032.png","datePublished":"2018-09-21T10:33:38+00:00","dateModified":"2019-09-07T06:10:08+00:00","breadcrumb":{"@id":"https:\/\/kihlberg.com\/no\/verktoy\/applikation-no\/vinduer-og-dorer\/126032\/#breadcrumb"},"inLanguage":"nb-NO","potentialAction":[{"@type":"ReadAction","target":["https:\/\/kihlberg.com\/no\/verktoy\/applikation-no\/vinduer-og-dorer\/126032\/"]}]},{"@type":"ImageObject","inLanguage":"nb-NO","@id":"https:\/\/kihlberg.com\/no\/verktoy\/applikation-no\/vinduer-og-dorer\/126032\/#primaryimage","url":"https:\/\/kihlberg.com\/wp-content\/uploads\/2018\/08\/126032.png","contentUrl":"https:\/\/kihlberg.com\/wp-content\/uploads\/2018\/08\/126032.png","width":720,"height":720},{"@type":"BreadcrumbList","@id":"https:\/\/kihlberg.com\/no\/verktoy\/applikation-no\/vinduer-og-dorer\/126032\/#breadcrumb","itemListElement":[{"@type":"ListItem","position":1,"name":"Home","item":"https:\/\/kihlberg.com\/no\/"},{"@type":"ListItem","position":2,"name":"Shop","item":"https:\/\/kihlberg.com\/shop\/"},{"@type":"ListItem","position":3,"name":"Verkt\u00f8y","item":"https:\/\/kihlberg.com\/no\/verktoy\/"},{"@type":"ListItem","position":4,"name":"Applikation","item":"https:\/\/kihlberg.com\/no\/verktoy\/applikation-no\/"},{"@type":"ListItem","position":5,"name":"Sengeproduksjon","item":"https:\/\/kihlberg.com\/no\/verktoy\/applikation-no\/sengeproduksjon\/"},{"@type":"ListItem","position":6,"name":"Krampepistol JK20A670"}]},{"@type":"WebSite","@id":"https:\/\/kihlberg.com\/no\/#website","url":"https:\/\/kihlberg.com\/no\/","name":"Josef kihlberg","description":"Made in Sweden. System manufacturer of premium staples &amp; tools that sets the standard. Legendary.","publisher":{"@id":"https:\/\/kihlberg.com\/no\/#organization"},"potentialAction":[{"@type":"SearchAction","target":{"@type":"EntryPoint","urlTemplate":"https:\/\/kihlberg.com\/no\/?s={search_term_string}"},"query-input":{"@type":"PropertyValueSpecification","valueRequired":true,"valueName":"search_term_string"}}],"inLanguage":"nb-NO"},{"@type":"Organization","@id":"https:\/\/kihlberg.com\/no\/#organization","name":"Josef Kihlberg","url":"https:\/\/kihlberg.com\/no\/","logo":{"@type":"ImageObject","inLanguage":"nb-NO","@id":"https:\/\/kihlberg.com\/no\/#\/schema\/logo\/image\/","url":"https:\/\/kihlberg.com\/wp-content\/uploads\/2019\/01\/logo.jpg","contentUrl":"https:\/\/kihlberg.com\/wp-content\/uploads\/2019\/01\/logo.jpg","width":850,"height":850,"caption":"Josef Kihlberg"},"image":{"@id":"https:\/\/kihlberg.com\/no\/#\/schema\/logo\/image\/"}}]},"product_price_amount":"534","product_price_currency":"EUR","og_availability":"instock","product_availability":"instock","product_retailer_item_id":"126032","product_condition":"new"},"_links":{"self":[{"href":"https:\/\/kihlberg.com\/no\/wp-json\/wp\/v2\/product\/87964","targetHints":{"allow":["GET"]}}],"collection":[{"href":"https:\/\/kihlberg.com\/no\/wp-json\/wp\/v2\/product"}],"about":[{"href":"https:\/\/kihlberg.com\/no\/wp-json\/wp\/v2\/types\/product"}],"wp:featuredmedia":[{"embeddable":true,"href":"https:\/\/kihlberg.com\/no\/wp-json\/wp\/v2\/media\/87965"}],"wp:attachment":[{"href":"https:\/\/kihlberg.com\/no\/wp-json\/wp\/v2\/media?parent=87964"}],"wp:term":[{"taxonomy":"product_brand","embeddable":true,"href":"https:\/\/kihlberg.com\/no\/wp-json\/wp\/v2\/product_brand?post=87964"},{"taxonomy":"product_cat","embeddable":true,"href":"https:\/\/kihlberg.com\/no\/wp-json\/wp\/v2\/product_cat?post=87964"}],"curies":[{"name":"wp","href":"https:\/\/api.w.org\/{rel}","templated":true}]}}