{"id":87974,"date":"2018-09-21T10:33:15","date_gmt":"2018-09-21T10:33:15","guid":{"rendered":"https:\/\/kihlberg.com\/product\/126239\/"},"modified":"2019-09-07T06:10:05","modified_gmt":"2019-09-07T06:10:05","slug":"126239","status":"publish","type":"product","link":"https:\/\/kihlberg.com\/no\/verktoy\/applikation-no\/skap\/126239\/","title":{"rendered":"Krampepistol JK20A689L"},"content":{"rendered":"","protected":false},"excerpt":{"rendered":"<p>V\u00e5rt svenskproduserte JK20A689L pneumatiske verkt\u00f8y for profesjonelle er et utmerket verkt\u00f8y for stifting av skap og h\u00f8ye kj\u00f8kkenm\u00f8bler fra baksiden. Krampepistol JK20A689L har en h\u00f8y grad av effektivitet som sparer tid og \u00f8ker l\u00f8nnsomheten over tid. Den automatiske driften av stiftemaskinen er sv\u00e6rt rask, opptil 30 stifter\/minutt (1 700 per minutt), og kan enkelt endres fra null til maksimal hastighet ved hjelp av en settskrue. Om n\u00f8dvendig kan automatisk drift sl\u00e5s av ved \u00e5 trykke p\u00e5 en knapp. P\u00e5 denne m\u00e5ten kan du enkelt bytte mellom enkeltskudd og automatisk avfyring. Dette unike designet gj\u00f8r arbeidet med verkt\u00f8yet veldig enkelt. Nesen har en bevegelig d\u00f8r som enkelt kan \u00e5pnes n\u00e5r rengj\u00f8ring er n\u00f8dvendig. Det lave st\u00f8yniv\u00e5et og den ubetydelige rekylen gj\u00f8r JK20A689L enda mer attraktiv.<\/p>\n","protected":false},"featured_media":87975,"template":"","meta":{"_acf_changed":false,"_genesis_hide_title":false,"_genesis_hide_breadcrumbs":false,"_genesis_hide_singular_image":false,"_genesis_hide_footer_widgets":false,"_genesis_custom_body_class":"","_genesis_custom_post_class":"","_genesis_layout":""},"product_brand":[],"product_cat":[1587,1585,1617,1567],"class_list":{"0":"post-87974","1":"product","2":"type-product","3":"status-publish","4":"has-post-thumbnail","6":"product_cat-industri-no","7":"product_cat-sengeproduksjon","8":"product_cat-skap","9":"product_cat-verktoy","10":"pa_leg-length-365-no","11":"pa_lubrication-ja-no","12":"pa_magazine-capacity-286-no-2","13":"pa_max-pressure-7-no-3","14":"pa_nose-length-14-no-2","15":"pa_staple-leg-length-12-16-mm-1-2-5-8-in-no-2","16":"entry","18":"first","19":"instock","20":"taxable","21":"shipping-taxable","22":"purchasable","23":"product-type-simple"},"acf":[],"yoast_head":"<!-- This site is optimized with the Yoast SEO plugin v26.1.1 - https:\/\/yoast.com\/wordpress\/plugins\/seo\/ -->\n<title>Stapler JK20A689L<\/title>\n<meta name=\"robots\" content=\"noindex,follow\" \/>\n<link rel=\"canonical\" href=\"https:\/\/kihlberg.com\/no\/verktoy\/applikation-no\/skap\/126239\/\" \/>\n<meta property=\"og:locale\" content=\"nb_NO\" \/>\n<meta property=\"og:type\" content=\"article\" \/>\n<meta property=\"og:title\" content=\"Stapler JK20A689L\" \/>\n<meta property=\"og:description\" content=\"V\u00e5rt svenskproduserte JK20A689L pneumatiske verkt\u00f8y for profesjonelle er et utmerket verkt\u00f8y for stifting av skap og h\u00f8ye kj\u00f8kkenm\u00f8bler fra baksiden. Krampepistol JK20A689L har en h\u00f8y grad av effektivitet som sparer tid og \u00f8ker l\u00f8nnsomheten over tid. Den automatiske driften av stiftemaskinen er sv\u00e6rt rask, opptil 30 stifter\/minutt (1 700 per minutt), og kan enkelt endres fra null til maksimal hastighet ved hjelp av en settskrue. Om n\u00f8dvendig kan automatisk drift sl\u00e5s av ved \u00e5 trykke p\u00e5 en knapp. P\u00e5 denne m\u00e5ten kan du enkelt bytte mellom enkeltskudd og automatisk avfyring. Dette unike designet gj\u00f8r arbeidet med verkt\u00f8yet veldig enkelt. Nesen har en bevegelig d\u00f8r som enkelt kan \u00e5pnes n\u00e5r rengj\u00f8ring er n\u00f8dvendig. Det lave st\u00f8yniv\u00e5et og den ubetydelige rekylen gj\u00f8r JK20A689L enda mer attraktiv.\" \/>\n<meta property=\"og:url\" content=\"https:\/\/kihlberg.com\/no\/verktoy\/applikation-no\/skap\/126239\/\" \/>\n<meta property=\"og:site_name\" content=\"Josef kihlberg\" \/>\n<meta property=\"article:modified_time\" content=\"2019-09-07T06:10:05+00:00\" \/>\n<meta property=\"og:image\" content=\"https:\/\/kihlberg.com\/wp-content\/uploads\/2018\/08\/126239.jpg\" \/>\n\t<meta property=\"og:image:width\" content=\"720\" \/>\n\t<meta property=\"og:image:height\" content=\"720\" \/>\n\t<meta property=\"og:image:type\" content=\"image\/jpeg\" \/>\n<meta name=\"twitter:card\" content=\"summary_large_image\" \/>\n<meta name=\"twitter:label1\" content=\"Pris\" \/>\n\t<meta name=\"twitter:data1\" content=\"&euro;609\" \/>\n\t<meta name=\"twitter:label2\" content=\"Tilgjengelighet\" \/>\n\t<meta name=\"twitter:data2\" content=\"P\u00e5 lager\" \/>\n<script type=\"application\/ld+json\" class=\"yoast-schema-graph\">{\"@context\":\"https:\/\/schema.org\",\"@graph\":[{\"@type\":\"WebPage\",\"@id\":\"https:\/\/kihlberg.com\/no\/verktoy\/applikation-no\/skap\/126239\/\",\"url\":\"https:\/\/kihlberg.com\/no\/verktoy\/applikation-no\/skap\/126239\/\",\"name\":\"Stapler JK20A689L\",\"isPartOf\":{\"@id\":\"https:\/\/kihlberg.com\/no\/#website\"},\"primaryImageOfPage\":{\"@id\":\"https:\/\/kihlberg.com\/no\/verktoy\/applikation-no\/skap\/126239\/#primaryimage\"},\"image\":{\"@id\":\"https:\/\/kihlberg.com\/no\/verktoy\/applikation-no\/skap\/126239\/#primaryimage\"},\"thumbnailUrl\":\"https:\/\/kihlberg.com\/wp-content\/uploads\/2018\/08\/126239.jpg\",\"datePublished\":\"2018-09-21T10:33:15+00:00\",\"dateModified\":\"2019-09-07T06:10:05+00:00\",\"breadcrumb\":{\"@id\":\"https:\/\/kihlberg.com\/no\/verktoy\/applikation-no\/skap\/126239\/#breadcrumb\"},\"inLanguage\":\"nb-NO\",\"potentialAction\":[{\"@type\":\"ReadAction\",\"target\":[\"https:\/\/kihlberg.com\/no\/verktoy\/applikation-no\/skap\/126239\/\"]}]},{\"@type\":\"ImageObject\",\"inLanguage\":\"nb-NO\",\"@id\":\"https:\/\/kihlberg.com\/no\/verktoy\/applikation-no\/skap\/126239\/#primaryimage\",\"url\":\"https:\/\/kihlberg.com\/wp-content\/uploads\/2018\/08\/126239.jpg\",\"contentUrl\":\"https:\/\/kihlberg.com\/wp-content\/uploads\/2018\/08\/126239.jpg\",\"width\":720,\"height\":720},{\"@type\":\"BreadcrumbList\",\"@id\":\"https:\/\/kihlberg.com\/no\/verktoy\/applikation-no\/skap\/126239\/#breadcrumb\",\"itemListElement\":[{\"@type\":\"ListItem\",\"position\":1,\"name\":\"Home\",\"item\":\"https:\/\/kihlberg.com\/no\/\"},{\"@type\":\"ListItem\",\"position\":2,\"name\":\"Shop\",\"item\":\"https:\/\/kihlberg.com\/shop\/\"},{\"@type\":\"ListItem\",\"position\":3,\"name\":\"Verkt\u00f8y\",\"item\":\"https:\/\/kihlberg.com\/no\/verktoy\/\"},{\"@type\":\"ListItem\",\"position\":4,\"name\":\"Applikation\",\"item\":\"https:\/\/kihlberg.com\/no\/verktoy\/applikation-no\/\"},{\"@type\":\"ListItem\",\"position\":5,\"name\":\"Sengeproduksjon\",\"item\":\"https:\/\/kihlberg.com\/no\/verktoy\/applikation-no\/sengeproduksjon\/\"},{\"@type\":\"ListItem\",\"position\":6,\"name\":\"Krampepistol JK20A689L\"}]},{\"@type\":\"WebSite\",\"@id\":\"https:\/\/kihlberg.com\/no\/#website\",\"url\":\"https:\/\/kihlberg.com\/no\/\",\"name\":\"Josef kihlberg\",\"description\":\"Made in Sweden. System manufacturer of premium staples &amp; tools that sets the standard. Legendary.\",\"publisher\":{\"@id\":\"https:\/\/kihlberg.com\/no\/#organization\"},\"potentialAction\":[{\"@type\":\"SearchAction\",\"target\":{\"@type\":\"EntryPoint\",\"urlTemplate\":\"https:\/\/kihlberg.com\/no\/?s={search_term_string}\"},\"query-input\":{\"@type\":\"PropertyValueSpecification\",\"valueRequired\":true,\"valueName\":\"search_term_string\"}}],\"inLanguage\":\"nb-NO\"},{\"@type\":\"Organization\",\"@id\":\"https:\/\/kihlberg.com\/no\/#organization\",\"name\":\"Josef Kihlberg\",\"url\":\"https:\/\/kihlberg.com\/no\/\",\"logo\":{\"@type\":\"ImageObject\",\"inLanguage\":\"nb-NO\",\"@id\":\"https:\/\/kihlberg.com\/no\/#\/schema\/logo\/image\/\",\"url\":\"https:\/\/kihlberg.com\/wp-content\/uploads\/2019\/01\/logo.jpg\",\"contentUrl\":\"https:\/\/kihlberg.com\/wp-content\/uploads\/2019\/01\/logo.jpg\",\"width\":850,\"height\":850,\"caption\":\"Josef Kihlberg\"},\"image\":{\"@id\":\"https:\/\/kihlberg.com\/no\/#\/schema\/logo\/image\/\"}}]}<\/script>\n<meta property=\"product:price:amount\" content=\"609\" \/>\n<meta property=\"product:price:currency\" content=\"EUR\" \/>\n<meta property=\"og:availability\" content=\"instock\" \/>\n<meta property=\"product:availability\" content=\"instock\" \/>\n<meta property=\"product:retailer_item_id\" content=\"126239\" \/>\n<meta property=\"product:condition\" content=\"new\" \/>\n<!-- \/ Yoast SEO plugin. -->","yoast_head_json":{"title":"Stapler JK20A689L","robots":{"index,follow":"noindex,follow"},"canonical":"https:\/\/kihlberg.com\/no\/verktoy\/applikation-no\/skap\/126239\/","og_locale":"nb_NO","og_type":"article","og_title":"Stapler JK20A689L","og_description":"V\u00e5rt svenskproduserte JK20A689L pneumatiske verkt\u00f8y for profesjonelle er et utmerket verkt\u00f8y for stifting av skap og h\u00f8ye kj\u00f8kkenm\u00f8bler fra baksiden. Krampepistol JK20A689L har en h\u00f8y grad av effektivitet som sparer tid og \u00f8ker l\u00f8nnsomheten over tid. Den automatiske driften av stiftemaskinen er sv\u00e6rt rask, opptil 30 stifter\/minutt (1 700 per minutt), og kan enkelt endres fra null til maksimal hastighet ved hjelp av en settskrue. Om n\u00f8dvendig kan automatisk drift sl\u00e5s av ved \u00e5 trykke p\u00e5 en knapp. P\u00e5 denne m\u00e5ten kan du enkelt bytte mellom enkeltskudd og automatisk avfyring. Dette unike designet gj\u00f8r arbeidet med verkt\u00f8yet veldig enkelt. Nesen har en bevegelig d\u00f8r som enkelt kan \u00e5pnes n\u00e5r rengj\u00f8ring er n\u00f8dvendig. Det lave st\u00f8yniv\u00e5et og den ubetydelige rekylen gj\u00f8r JK20A689L enda mer attraktiv.","og_url":"https:\/\/kihlberg.com\/no\/verktoy\/applikation-no\/skap\/126239\/","og_site_name":"Josef kihlberg","article_modified_time":"2019-09-07T06:10:05+00:00","og_image":[{"width":720,"height":720,"url":"https:\/\/kihlberg.com\/wp-content\/uploads\/2018\/08\/126239.jpg","type":"image\/jpeg"}],"twitter_card":"summary_large_image","twitter_misc":{"Pris":"&euro;609","Tilgjengelighet":"P\u00e5 lager"},"schema":{"@context":"https:\/\/schema.org","@graph":[{"@type":"WebPage","@id":"https:\/\/kihlberg.com\/no\/verktoy\/applikation-no\/skap\/126239\/","url":"https:\/\/kihlberg.com\/no\/verktoy\/applikation-no\/skap\/126239\/","name":"Stapler JK20A689L","isPartOf":{"@id":"https:\/\/kihlberg.com\/no\/#website"},"primaryImageOfPage":{"@id":"https:\/\/kihlberg.com\/no\/verktoy\/applikation-no\/skap\/126239\/#primaryimage"},"image":{"@id":"https:\/\/kihlberg.com\/no\/verktoy\/applikation-no\/skap\/126239\/#primaryimage"},"thumbnailUrl":"https:\/\/kihlberg.com\/wp-content\/uploads\/2018\/08\/126239.jpg","datePublished":"2018-09-21T10:33:15+00:00","dateModified":"2019-09-07T06:10:05+00:00","breadcrumb":{"@id":"https:\/\/kihlberg.com\/no\/verktoy\/applikation-no\/skap\/126239\/#breadcrumb"},"inLanguage":"nb-NO","potentialAction":[{"@type":"ReadAction","target":["https:\/\/kihlberg.com\/no\/verktoy\/applikation-no\/skap\/126239\/"]}]},{"@type":"ImageObject","inLanguage":"nb-NO","@id":"https:\/\/kihlberg.com\/no\/verktoy\/applikation-no\/skap\/126239\/#primaryimage","url":"https:\/\/kihlberg.com\/wp-content\/uploads\/2018\/08\/126239.jpg","contentUrl":"https:\/\/kihlberg.com\/wp-content\/uploads\/2018\/08\/126239.jpg","width":720,"height":720},{"@type":"BreadcrumbList","@id":"https:\/\/kihlberg.com\/no\/verktoy\/applikation-no\/skap\/126239\/#breadcrumb","itemListElement":[{"@type":"ListItem","position":1,"name":"Home","item":"https:\/\/kihlberg.com\/no\/"},{"@type":"ListItem","position":2,"name":"Shop","item":"https:\/\/kihlberg.com\/shop\/"},{"@type":"ListItem","position":3,"name":"Verkt\u00f8y","item":"https:\/\/kihlberg.com\/no\/verktoy\/"},{"@type":"ListItem","position":4,"name":"Applikation","item":"https:\/\/kihlberg.com\/no\/verktoy\/applikation-no\/"},{"@type":"ListItem","position":5,"name":"Sengeproduksjon","item":"https:\/\/kihlberg.com\/no\/verktoy\/applikation-no\/sengeproduksjon\/"},{"@type":"ListItem","position":6,"name":"Krampepistol JK20A689L"}]},{"@type":"WebSite","@id":"https:\/\/kihlberg.com\/no\/#website","url":"https:\/\/kihlberg.com\/no\/","name":"Josef kihlberg","description":"Made in Sweden. System manufacturer of premium staples &amp; tools that sets the standard. Legendary.","publisher":{"@id":"https:\/\/kihlberg.com\/no\/#organization"},"potentialAction":[{"@type":"SearchAction","target":{"@type":"EntryPoint","urlTemplate":"https:\/\/kihlberg.com\/no\/?s={search_term_string}"},"query-input":{"@type":"PropertyValueSpecification","valueRequired":true,"valueName":"search_term_string"}}],"inLanguage":"nb-NO"},{"@type":"Organization","@id":"https:\/\/kihlberg.com\/no\/#organization","name":"Josef Kihlberg","url":"https:\/\/kihlberg.com\/no\/","logo":{"@type":"ImageObject","inLanguage":"nb-NO","@id":"https:\/\/kihlberg.com\/no\/#\/schema\/logo\/image\/","url":"https:\/\/kihlberg.com\/wp-content\/uploads\/2019\/01\/logo.jpg","contentUrl":"https:\/\/kihlberg.com\/wp-content\/uploads\/2019\/01\/logo.jpg","width":850,"height":850,"caption":"Josef Kihlberg"},"image":{"@id":"https:\/\/kihlberg.com\/no\/#\/schema\/logo\/image\/"}}]},"product_price_amount":"609","product_price_currency":"EUR","og_availability":"instock","product_availability":"instock","product_retailer_item_id":"126239","product_condition":"new"},"_links":{"self":[{"href":"https:\/\/kihlberg.com\/no\/wp-json\/wp\/v2\/product\/87974","targetHints":{"allow":["GET"]}}],"collection":[{"href":"https:\/\/kihlberg.com\/no\/wp-json\/wp\/v2\/product"}],"about":[{"href":"https:\/\/kihlberg.com\/no\/wp-json\/wp\/v2\/types\/product"}],"wp:featuredmedia":[{"embeddable":true,"href":"https:\/\/kihlberg.com\/no\/wp-json\/wp\/v2\/media\/87975"}],"wp:attachment":[{"href":"https:\/\/kihlberg.com\/no\/wp-json\/wp\/v2\/media?parent=87974"}],"wp:term":[{"taxonomy":"product_brand","embeddable":true,"href":"https:\/\/kihlberg.com\/no\/wp-json\/wp\/v2\/product_brand?post=87974"},{"taxonomy":"product_cat","embeddable":true,"href":"https:\/\/kihlberg.com\/no\/wp-json\/wp\/v2\/product_cat?post=87974"}],"curies":[{"name":"wp","href":"https:\/\/api.w.org\/{rel}","templated":true}]}}