{"id":87980,"date":"2018-09-21T10:33:04","date_gmt":"2018-09-21T10:33:04","guid":{"rendered":"https:\/\/kihlberg.com\/product\/120370\/"},"modified":"2019-09-07T06:10:03","modified_gmt":"2019-09-07T06:10:03","slug":"120370","status":"publish","type":"product","link":"https:\/\/kihlberg.com\/no\/verktoy\/applikation-no\/hjornestifting\/120370\/","title":{"rendered":"Hj\u00f6rnestifter F561"},"content":{"rendered":"","protected":false},"excerpt":{"rendered":"<p>Denne typen F manuell industriell stiftemaskin er produsert i Sverige, er utformet for bruk av JK561 stifter, og s\u00f8rger for at stifting av for eksempel klaffer, hj\u00f8rner og kanter kan skje i en effektiv prosess. Hj\u00f6rnestifter F561 er ogs\u00e5 godt egnet for annen industriell stifting av ulike materialer som tekstiler, l\u00e6r, og lignende. Industristiftemaskinen er romslig, ergonomisk og har stor lastekapasitet. Dette profesjonelle verkt\u00f8yet er egnet for kontinuerlig bruk i pakkeavdelinger og i industrien.<\/p>\n","protected":false},"featured_media":87981,"template":"","meta":{"_acf_changed":false,"_genesis_hide_title":false,"_genesis_hide_breadcrumbs":false,"_genesis_hide_singular_image":false,"_genesis_hide_footer_widgets":false,"_genesis_custom_body_class":"","_genesis_custom_post_class":"","_genesis_layout":""},"product_brand":[],"product_cat":[1566,1611,1568,1567],"class_list":{"0":"post-87980","1":"product","2":"type-product","3":"status-publish","4":"has-post-thumbnail","6":"product_cat-emballering","7":"product_cat-hjornestifting","8":"product_cat-transportemballasje","9":"product_cat-verktoy","10":"pa_leg-length-920-no","11":"pa_lubrication-nei","12":"pa_magazine-capacity-300-no","13":"pa_staple-leg-length-15-22-mm-5-8-7-8-in-no-2","14":"pa_throat-depth-60-no-2","15":"entry","17":"first","18":"instock","19":"taxable","20":"shipping-taxable","21":"purchasable","22":"product-type-simple"},"acf":[],"yoast_head":"<!-- This site is optimized with the Yoast SEO plugin v26.1.1 - https:\/\/yoast.com\/wordpress\/plugins\/seo\/ -->\n<title>Industrial stapler F561<\/title>\n<meta name=\"robots\" content=\"index, follow, max-snippet:-1, max-image-preview:large, max-video-preview:-1\" \/>\n<link rel=\"canonical\" href=\"https:\/\/kihlberg.com\/no\/verktoy\/applikation-no\/hjornestifting\/120370\/\" \/>\n<meta property=\"og:locale\" content=\"nb_NO\" \/>\n<meta property=\"og:type\" content=\"article\" \/>\n<meta property=\"og:title\" content=\"Industrial stapler F561\" \/>\n<meta property=\"og:description\" content=\"Denne typen F manuell industriell stiftemaskin er produsert i Sverige, er utformet for bruk av JK561 stifter, og s\u00f8rger for at stifting av for eksempel klaffer, hj\u00f8rner og kanter kan skje i en effektiv prosess. Hj\u00f6rnestifter F561 er ogs\u00e5 godt egnet for annen industriell stifting av ulike materialer som tekstiler, l\u00e6r, og lignende. Industristiftemaskinen er romslig, ergonomisk og har stor lastekapasitet. Dette profesjonelle verkt\u00f8yet er egnet for kontinuerlig bruk i pakkeavdelinger og i industrien.\" \/>\n<meta property=\"og:url\" content=\"https:\/\/kihlberg.com\/no\/verktoy\/applikation-no\/hjornestifting\/120370\/\" \/>\n<meta property=\"og:site_name\" content=\"Josef kihlberg\" \/>\n<meta property=\"article:modified_time\" content=\"2019-09-07T06:10:03+00:00\" \/>\n<meta property=\"og:image\" content=\"https:\/\/kihlberg.com\/wp-content\/uploads\/2018\/08\/120370.png\" \/>\n\t<meta property=\"og:image:width\" content=\"720\" \/>\n\t<meta property=\"og:image:height\" content=\"720\" \/>\n\t<meta property=\"og:image:type\" content=\"image\/png\" \/>\n<meta name=\"twitter:card\" content=\"summary_large_image\" \/>\n<meta name=\"twitter:label1\" content=\"Pris\" \/>\n\t<meta name=\"twitter:data1\" content=\"&euro;932\" \/>\n\t<meta name=\"twitter:label2\" content=\"Tilgjengelighet\" \/>\n\t<meta name=\"twitter:data2\" content=\"P\u00e5 lager\" \/>\n<script type=\"application\/ld+json\" class=\"yoast-schema-graph\">{\"@context\":\"https:\/\/schema.org\",\"@graph\":[{\"@type\":\"WebPage\",\"@id\":\"https:\/\/kihlberg.com\/no\/verktoy\/applikation-no\/hjornestifting\/120370\/\",\"url\":\"https:\/\/kihlberg.com\/no\/verktoy\/applikation-no\/hjornestifting\/120370\/\",\"name\":\"Industrial stapler F561\",\"isPartOf\":{\"@id\":\"https:\/\/kihlberg.com\/no\/#website\"},\"primaryImageOfPage\":{\"@id\":\"https:\/\/kihlberg.com\/no\/verktoy\/applikation-no\/hjornestifting\/120370\/#primaryimage\"},\"image\":{\"@id\":\"https:\/\/kihlberg.com\/no\/verktoy\/applikation-no\/hjornestifting\/120370\/#primaryimage\"},\"thumbnailUrl\":\"https:\/\/kihlberg.com\/wp-content\/uploads\/2018\/08\/120370.png\",\"datePublished\":\"2018-09-21T10:33:04+00:00\",\"dateModified\":\"2019-09-07T06:10:03+00:00\",\"breadcrumb\":{\"@id\":\"https:\/\/kihlberg.com\/no\/verktoy\/applikation-no\/hjornestifting\/120370\/#breadcrumb\"},\"inLanguage\":\"nb-NO\",\"potentialAction\":[{\"@type\":\"ReadAction\",\"target\":[\"https:\/\/kihlberg.com\/no\/verktoy\/applikation-no\/hjornestifting\/120370\/\"]}]},{\"@type\":\"ImageObject\",\"inLanguage\":\"nb-NO\",\"@id\":\"https:\/\/kihlberg.com\/no\/verktoy\/applikation-no\/hjornestifting\/120370\/#primaryimage\",\"url\":\"https:\/\/kihlberg.com\/wp-content\/uploads\/2018\/08\/120370.png\",\"contentUrl\":\"https:\/\/kihlberg.com\/wp-content\/uploads\/2018\/08\/120370.png\",\"width\":720,\"height\":720},{\"@type\":\"BreadcrumbList\",\"@id\":\"https:\/\/kihlberg.com\/no\/verktoy\/applikation-no\/hjornestifting\/120370\/#breadcrumb\",\"itemListElement\":[{\"@type\":\"ListItem\",\"position\":1,\"name\":\"Home\",\"item\":\"https:\/\/kihlberg.com\/no\/\"},{\"@type\":\"ListItem\",\"position\":2,\"name\":\"Shop\",\"item\":\"https:\/\/kihlberg.com\/shop\/\"},{\"@type\":\"ListItem\",\"position\":3,\"name\":\"Verkt\u00f8y\",\"item\":\"https:\/\/kihlberg.com\/no\/verktoy\/\"},{\"@type\":\"ListItem\",\"position\":4,\"name\":\"Applikation\",\"item\":\"https:\/\/kihlberg.com\/no\/verktoy\/applikation-no\/\"},{\"@type\":\"ListItem\",\"position\":5,\"name\":\"Hj\u00f6rnestifting\",\"item\":\"https:\/\/kihlberg.com\/no\/verktoy\/applikation-no\/hjornestifting\/\"},{\"@type\":\"ListItem\",\"position\":6,\"name\":\"Hj\u00f6rnestifter F561\"}]},{\"@type\":\"WebSite\",\"@id\":\"https:\/\/kihlberg.com\/no\/#website\",\"url\":\"https:\/\/kihlberg.com\/no\/\",\"name\":\"Josef kihlberg\",\"description\":\"Made in Sweden. System manufacturer of premium staples &amp; tools that sets the standard. Legendary.\",\"publisher\":{\"@id\":\"https:\/\/kihlberg.com\/no\/#organization\"},\"potentialAction\":[{\"@type\":\"SearchAction\",\"target\":{\"@type\":\"EntryPoint\",\"urlTemplate\":\"https:\/\/kihlberg.com\/no\/?s={search_term_string}\"},\"query-input\":{\"@type\":\"PropertyValueSpecification\",\"valueRequired\":true,\"valueName\":\"search_term_string\"}}],\"inLanguage\":\"nb-NO\"},{\"@type\":\"Organization\",\"@id\":\"https:\/\/kihlberg.com\/no\/#organization\",\"name\":\"Josef Kihlberg\",\"url\":\"https:\/\/kihlberg.com\/no\/\",\"logo\":{\"@type\":\"ImageObject\",\"inLanguage\":\"nb-NO\",\"@id\":\"https:\/\/kihlberg.com\/no\/#\/schema\/logo\/image\/\",\"url\":\"https:\/\/kihlberg.com\/wp-content\/uploads\/2019\/01\/logo.jpg\",\"contentUrl\":\"https:\/\/kihlberg.com\/wp-content\/uploads\/2019\/01\/logo.jpg\",\"width\":850,\"height\":850,\"caption\":\"Josef Kihlberg\"},\"image\":{\"@id\":\"https:\/\/kihlberg.com\/no\/#\/schema\/logo\/image\/\"}}]}<\/script>\n<meta property=\"product:price:amount\" content=\"932\" \/>\n<meta property=\"product:price:currency\" content=\"EUR\" \/>\n<meta property=\"og:availability\" content=\"instock\" \/>\n<meta property=\"product:availability\" content=\"instock\" \/>\n<meta property=\"product:retailer_item_id\" content=\"120370\" \/>\n<meta property=\"product:condition\" content=\"new\" \/>\n<!-- \/ Yoast SEO plugin. -->","yoast_head_json":{"title":"Industrial stapler F561","robots":{"index":"index","follow":"follow","max-snippet":"max-snippet:-1","max-image-preview":"max-image-preview:large","max-video-preview":"max-video-preview:-1"},"canonical":"https:\/\/kihlberg.com\/no\/verktoy\/applikation-no\/hjornestifting\/120370\/","og_locale":"nb_NO","og_type":"article","og_title":"Industrial stapler F561","og_description":"Denne typen F manuell industriell stiftemaskin er produsert i Sverige, er utformet for bruk av JK561 stifter, og s\u00f8rger for at stifting av for eksempel klaffer, hj\u00f8rner og kanter kan skje i en effektiv prosess. Hj\u00f6rnestifter F561 er ogs\u00e5 godt egnet for annen industriell stifting av ulike materialer som tekstiler, l\u00e6r, og lignende. Industristiftemaskinen er romslig, ergonomisk og har stor lastekapasitet. Dette profesjonelle verkt\u00f8yet er egnet for kontinuerlig bruk i pakkeavdelinger og i industrien.","og_url":"https:\/\/kihlberg.com\/no\/verktoy\/applikation-no\/hjornestifting\/120370\/","og_site_name":"Josef kihlberg","article_modified_time":"2019-09-07T06:10:03+00:00","og_image":[{"width":720,"height":720,"url":"https:\/\/kihlberg.com\/wp-content\/uploads\/2018\/08\/120370.png","type":"image\/png"}],"twitter_card":"summary_large_image","twitter_misc":{"Pris":"&euro;932","Tilgjengelighet":"P\u00e5 lager"},"schema":{"@context":"https:\/\/schema.org","@graph":[{"@type":"WebPage","@id":"https:\/\/kihlberg.com\/no\/verktoy\/applikation-no\/hjornestifting\/120370\/","url":"https:\/\/kihlberg.com\/no\/verktoy\/applikation-no\/hjornestifting\/120370\/","name":"Industrial stapler F561","isPartOf":{"@id":"https:\/\/kihlberg.com\/no\/#website"},"primaryImageOfPage":{"@id":"https:\/\/kihlberg.com\/no\/verktoy\/applikation-no\/hjornestifting\/120370\/#primaryimage"},"image":{"@id":"https:\/\/kihlberg.com\/no\/verktoy\/applikation-no\/hjornestifting\/120370\/#primaryimage"},"thumbnailUrl":"https:\/\/kihlberg.com\/wp-content\/uploads\/2018\/08\/120370.png","datePublished":"2018-09-21T10:33:04+00:00","dateModified":"2019-09-07T06:10:03+00:00","breadcrumb":{"@id":"https:\/\/kihlberg.com\/no\/verktoy\/applikation-no\/hjornestifting\/120370\/#breadcrumb"},"inLanguage":"nb-NO","potentialAction":[{"@type":"ReadAction","target":["https:\/\/kihlberg.com\/no\/verktoy\/applikation-no\/hjornestifting\/120370\/"]}]},{"@type":"ImageObject","inLanguage":"nb-NO","@id":"https:\/\/kihlberg.com\/no\/verktoy\/applikation-no\/hjornestifting\/120370\/#primaryimage","url":"https:\/\/kihlberg.com\/wp-content\/uploads\/2018\/08\/120370.png","contentUrl":"https:\/\/kihlberg.com\/wp-content\/uploads\/2018\/08\/120370.png","width":720,"height":720},{"@type":"BreadcrumbList","@id":"https:\/\/kihlberg.com\/no\/verktoy\/applikation-no\/hjornestifting\/120370\/#breadcrumb","itemListElement":[{"@type":"ListItem","position":1,"name":"Home","item":"https:\/\/kihlberg.com\/no\/"},{"@type":"ListItem","position":2,"name":"Shop","item":"https:\/\/kihlberg.com\/shop\/"},{"@type":"ListItem","position":3,"name":"Verkt\u00f8y","item":"https:\/\/kihlberg.com\/no\/verktoy\/"},{"@type":"ListItem","position":4,"name":"Applikation","item":"https:\/\/kihlberg.com\/no\/verktoy\/applikation-no\/"},{"@type":"ListItem","position":5,"name":"Hj\u00f6rnestifting","item":"https:\/\/kihlberg.com\/no\/verktoy\/applikation-no\/hjornestifting\/"},{"@type":"ListItem","position":6,"name":"Hj\u00f6rnestifter F561"}]},{"@type":"WebSite","@id":"https:\/\/kihlberg.com\/no\/#website","url":"https:\/\/kihlberg.com\/no\/","name":"Josef kihlberg","description":"Made in Sweden. System manufacturer of premium staples &amp; tools that sets the standard. Legendary.","publisher":{"@id":"https:\/\/kihlberg.com\/no\/#organization"},"potentialAction":[{"@type":"SearchAction","target":{"@type":"EntryPoint","urlTemplate":"https:\/\/kihlberg.com\/no\/?s={search_term_string}"},"query-input":{"@type":"PropertyValueSpecification","valueRequired":true,"valueName":"search_term_string"}}],"inLanguage":"nb-NO"},{"@type":"Organization","@id":"https:\/\/kihlberg.com\/no\/#organization","name":"Josef Kihlberg","url":"https:\/\/kihlberg.com\/no\/","logo":{"@type":"ImageObject","inLanguage":"nb-NO","@id":"https:\/\/kihlberg.com\/no\/#\/schema\/logo\/image\/","url":"https:\/\/kihlberg.com\/wp-content\/uploads\/2019\/01\/logo.jpg","contentUrl":"https:\/\/kihlberg.com\/wp-content\/uploads\/2019\/01\/logo.jpg","width":850,"height":850,"caption":"Josef Kihlberg"},"image":{"@id":"https:\/\/kihlberg.com\/no\/#\/schema\/logo\/image\/"}}]},"product_price_amount":"932","product_price_currency":"EUR","og_availability":"instock","product_availability":"instock","product_retailer_item_id":"120370","product_condition":"new"},"_links":{"self":[{"href":"https:\/\/kihlberg.com\/no\/wp-json\/wp\/v2\/product\/87980","targetHints":{"allow":["GET"]}}],"collection":[{"href":"https:\/\/kihlberg.com\/no\/wp-json\/wp\/v2\/product"}],"about":[{"href":"https:\/\/kihlberg.com\/no\/wp-json\/wp\/v2\/types\/product"}],"wp:featuredmedia":[{"embeddable":true,"href":"https:\/\/kihlberg.com\/no\/wp-json\/wp\/v2\/media\/87981"}],"wp:attachment":[{"href":"https:\/\/kihlberg.com\/no\/wp-json\/wp\/v2\/media?parent=87980"}],"wp:term":[{"taxonomy":"product_brand","embeddable":true,"href":"https:\/\/kihlberg.com\/no\/wp-json\/wp\/v2\/product_brand?post=87980"},{"taxonomy":"product_cat","embeddable":true,"href":"https:\/\/kihlberg.com\/no\/wp-json\/wp\/v2\/product_cat?post=87980"}],"curies":[{"name":"wp","href":"https:\/\/api.w.org\/{rel}","templated":true}]}}