{"id":87989,"date":"2018-09-21T10:32:47","date_gmt":"2018-09-21T10:32:47","guid":{"rendered":"https:\/\/kihlberg.com\/product\/126167\/"},"modified":"2019-09-07T06:10:01","modified_gmt":"2019-09-07T06:10:01","slug":"126167","status":"publish","type":"product","link":"https:\/\/kihlberg.com\/no\/verktoy\/applikation-no\/vinduer-og-dorer\/126167\/","title":{"rendered":"Krampepistol JK24-690"},"content":{"rendered":"","protected":false},"excerpt":{"rendered":"<p>Krampepistol JK24-690 er et pneumatisk, svenskprodusert profesjonelt og meget effektivt verkt\u00f8y for m\u00f8belindustrien. Dette enkeltskuddsverkt\u00f8yet er egnet til \u00e5 stifte brett p\u00e5 ryggen av kabinettm\u00f8bler, bokhyller og skuffebunner. Stifting av glideskinner er et annet bruksomr\u00e5de. Krampepistol JK24-690 har en neglisjerbar rekyl, lav vekt og god balanse. Magasinet lastes fra toppen og hindrer utilsiktet avfyring i retning av operat\u00f8rens ansikt under lasting. Utformingen av nesen muliggj\u00f8r stifting med h\u00f8y presisjon. Den lange nesen har en bevegelig d\u00f8r som enkelt kan \u00e5pnes n\u00e5r rengj\u00f8ring er n\u00f8dvendig. Utformingen av nesen tillater stifting i trange rom, i slisser og spor. Stiftemaskinen har et lavt st\u00f8yniv\u00e5, takket v\u00e6re en effektiv lyddemper. Hvis et verkt\u00f8y for kortere benlengder er p\u00e5krevd, anbefaler vi JK20-690.<\/p>\n","protected":false},"featured_media":87990,"template":"","meta":{"_acf_changed":false,"_genesis_hide_title":false,"_genesis_hide_breadcrumbs":false,"_genesis_hide_singular_image":false,"_genesis_hide_footer_widgets":false,"_genesis_custom_body_class":"","_genesis_custom_post_class":"","_genesis_layout":""},"product_brand":[],"product_cat":[1587,1585,1567,1589],"class_list":{"0":"post-87989","1":"product","2":"type-product","3":"status-publish","4":"has-post-thumbnail","6":"product_cat-industri-no","7":"product_cat-sengeproduksjon","8":"product_cat-verktoy","9":"product_cat-vinduer-og-dorer","10":"pa_leg-length-230-no","11":"pa_lubrication-ja-no","12":"pa_magazine-capacity-125-no-2","13":"pa_max-pressure-7-no-3","14":"pa_nose-length-20-no-2","15":"pa_staple-leg-length-12-19-mm-1-2-3-4-in-no-2","16":"entry","18":"first","19":"instock","20":"taxable","21":"shipping-taxable","22":"purchasable","23":"product-type-simple"},"acf":[],"yoast_head":"<!-- This site is optimized with the Yoast SEO plugin v26.1.1 - https:\/\/yoast.com\/wordpress\/plugins\/seo\/ -->\n<title>Stapler JK24-690<\/title>\n<meta name=\"robots\" content=\"index, follow, max-snippet:-1, max-image-preview:large, max-video-preview:-1\" \/>\n<link rel=\"canonical\" href=\"https:\/\/kihlberg.com\/no\/verktoy\/applikation-no\/vinduer-og-dorer\/126167\/\" \/>\n<meta property=\"og:locale\" content=\"nb_NO\" \/>\n<meta property=\"og:type\" content=\"article\" \/>\n<meta property=\"og:title\" content=\"Stapler JK24-690\" \/>\n<meta property=\"og:description\" content=\"Krampepistol JK24-690 er et pneumatisk, svenskprodusert profesjonelt og meget effektivt verkt\u00f8y for m\u00f8belindustrien. Dette enkeltskuddsverkt\u00f8yet er egnet til \u00e5 stifte brett p\u00e5 ryggen av kabinettm\u00f8bler, bokhyller og skuffebunner. Stifting av glideskinner er et annet bruksomr\u00e5de. Krampepistol JK24-690 har en neglisjerbar rekyl, lav vekt og god balanse. Magasinet lastes fra toppen og hindrer utilsiktet avfyring i retning av operat\u00f8rens ansikt under lasting. Utformingen av nesen muliggj\u00f8r stifting med h\u00f8y presisjon. Den lange nesen har en bevegelig d\u00f8r som enkelt kan \u00e5pnes n\u00e5r rengj\u00f8ring er n\u00f8dvendig. Utformingen av nesen tillater stifting i trange rom, i slisser og spor. Stiftemaskinen har et lavt st\u00f8yniv\u00e5, takket v\u00e6re en effektiv lyddemper. Hvis et verkt\u00f8y for kortere benlengder er p\u00e5krevd, anbefaler vi JK20-690.\" \/>\n<meta property=\"og:url\" content=\"https:\/\/kihlberg.com\/no\/verktoy\/applikation-no\/vinduer-og-dorer\/126167\/\" \/>\n<meta property=\"og:site_name\" content=\"Josef kihlberg\" \/>\n<meta property=\"article:modified_time\" content=\"2019-09-07T06:10:01+00:00\" \/>\n<meta property=\"og:image\" content=\"https:\/\/kihlberg.com\/wp-content\/uploads\/2018\/08\/126167.png\" \/>\n\t<meta property=\"og:image:width\" content=\"720\" \/>\n\t<meta property=\"og:image:height\" content=\"720\" \/>\n\t<meta property=\"og:image:type\" content=\"image\/png\" \/>\n<meta name=\"twitter:card\" content=\"summary_large_image\" \/>\n<meta name=\"twitter:label1\" content=\"Pris\" \/>\n\t<meta name=\"twitter:data1\" content=\"&euro;560\" \/>\n\t<meta name=\"twitter:label2\" content=\"Tilgjengelighet\" \/>\n\t<meta name=\"twitter:data2\" content=\"P\u00e5 lager\" \/>\n<script type=\"application\/ld+json\" class=\"yoast-schema-graph\">{\"@context\":\"https:\/\/schema.org\",\"@graph\":[{\"@type\":\"WebPage\",\"@id\":\"https:\/\/kihlberg.com\/no\/verktoy\/applikation-no\/vinduer-og-dorer\/126167\/\",\"url\":\"https:\/\/kihlberg.com\/no\/verktoy\/applikation-no\/vinduer-og-dorer\/126167\/\",\"name\":\"Stapler JK24-690\",\"isPartOf\":{\"@id\":\"https:\/\/kihlberg.com\/no\/#website\"},\"primaryImageOfPage\":{\"@id\":\"https:\/\/kihlberg.com\/no\/verktoy\/applikation-no\/vinduer-og-dorer\/126167\/#primaryimage\"},\"image\":{\"@id\":\"https:\/\/kihlberg.com\/no\/verktoy\/applikation-no\/vinduer-og-dorer\/126167\/#primaryimage\"},\"thumbnailUrl\":\"https:\/\/kihlberg.com\/wp-content\/uploads\/2018\/08\/126167.png\",\"datePublished\":\"2018-09-21T10:32:47+00:00\",\"dateModified\":\"2019-09-07T06:10:01+00:00\",\"breadcrumb\":{\"@id\":\"https:\/\/kihlberg.com\/no\/verktoy\/applikation-no\/vinduer-og-dorer\/126167\/#breadcrumb\"},\"inLanguage\":\"nb-NO\",\"potentialAction\":[{\"@type\":\"ReadAction\",\"target\":[\"https:\/\/kihlberg.com\/no\/verktoy\/applikation-no\/vinduer-og-dorer\/126167\/\"]}]},{\"@type\":\"ImageObject\",\"inLanguage\":\"nb-NO\",\"@id\":\"https:\/\/kihlberg.com\/no\/verktoy\/applikation-no\/vinduer-og-dorer\/126167\/#primaryimage\",\"url\":\"https:\/\/kihlberg.com\/wp-content\/uploads\/2018\/08\/126167.png\",\"contentUrl\":\"https:\/\/kihlberg.com\/wp-content\/uploads\/2018\/08\/126167.png\",\"width\":720,\"height\":720},{\"@type\":\"BreadcrumbList\",\"@id\":\"https:\/\/kihlberg.com\/no\/verktoy\/applikation-no\/vinduer-og-dorer\/126167\/#breadcrumb\",\"itemListElement\":[{\"@type\":\"ListItem\",\"position\":1,\"name\":\"Home\",\"item\":\"https:\/\/kihlberg.com\/no\/\"},{\"@type\":\"ListItem\",\"position\":2,\"name\":\"Shop\",\"item\":\"https:\/\/kihlberg.com\/shop\/\"},{\"@type\":\"ListItem\",\"position\":3,\"name\":\"Verkt\u00f8y\",\"item\":\"https:\/\/kihlberg.com\/no\/verktoy\/\"},{\"@type\":\"ListItem\",\"position\":4,\"name\":\"Applikation\",\"item\":\"https:\/\/kihlberg.com\/no\/verktoy\/applikation-no\/\"},{\"@type\":\"ListItem\",\"position\":5,\"name\":\"Sengeproduksjon\",\"item\":\"https:\/\/kihlberg.com\/no\/verktoy\/applikation-no\/sengeproduksjon\/\"},{\"@type\":\"ListItem\",\"position\":6,\"name\":\"Krampepistol JK24-690\"}]},{\"@type\":\"WebSite\",\"@id\":\"https:\/\/kihlberg.com\/no\/#website\",\"url\":\"https:\/\/kihlberg.com\/no\/\",\"name\":\"Josef kihlberg\",\"description\":\"Made in Sweden. System manufacturer of premium staples &amp; tools that sets the standard. Legendary.\",\"publisher\":{\"@id\":\"https:\/\/kihlberg.com\/no\/#organization\"},\"potentialAction\":[{\"@type\":\"SearchAction\",\"target\":{\"@type\":\"EntryPoint\",\"urlTemplate\":\"https:\/\/kihlberg.com\/no\/?s={search_term_string}\"},\"query-input\":{\"@type\":\"PropertyValueSpecification\",\"valueRequired\":true,\"valueName\":\"search_term_string\"}}],\"inLanguage\":\"nb-NO\"},{\"@type\":\"Organization\",\"@id\":\"https:\/\/kihlberg.com\/no\/#organization\",\"name\":\"Josef Kihlberg\",\"url\":\"https:\/\/kihlberg.com\/no\/\",\"logo\":{\"@type\":\"ImageObject\",\"inLanguage\":\"nb-NO\",\"@id\":\"https:\/\/kihlberg.com\/no\/#\/schema\/logo\/image\/\",\"url\":\"https:\/\/kihlberg.com\/wp-content\/uploads\/2019\/01\/logo.jpg\",\"contentUrl\":\"https:\/\/kihlberg.com\/wp-content\/uploads\/2019\/01\/logo.jpg\",\"width\":850,\"height\":850,\"caption\":\"Josef Kihlberg\"},\"image\":{\"@id\":\"https:\/\/kihlberg.com\/no\/#\/schema\/logo\/image\/\"}}]}<\/script>\n<meta property=\"product:price:amount\" content=\"560\" \/>\n<meta property=\"product:price:currency\" content=\"EUR\" \/>\n<meta property=\"og:availability\" content=\"instock\" \/>\n<meta property=\"product:availability\" content=\"instock\" \/>\n<meta property=\"product:retailer_item_id\" content=\"126167\" \/>\n<meta property=\"product:condition\" content=\"new\" \/>\n<!-- \/ Yoast SEO plugin. -->","yoast_head_json":{"title":"Stapler JK24-690","robots":{"index":"index","follow":"follow","max-snippet":"max-snippet:-1","max-image-preview":"max-image-preview:large","max-video-preview":"max-video-preview:-1"},"canonical":"https:\/\/kihlberg.com\/no\/verktoy\/applikation-no\/vinduer-og-dorer\/126167\/","og_locale":"nb_NO","og_type":"article","og_title":"Stapler JK24-690","og_description":"Krampepistol JK24-690 er et pneumatisk, svenskprodusert profesjonelt og meget effektivt verkt\u00f8y for m\u00f8belindustrien. Dette enkeltskuddsverkt\u00f8yet er egnet til \u00e5 stifte brett p\u00e5 ryggen av kabinettm\u00f8bler, bokhyller og skuffebunner. Stifting av glideskinner er et annet bruksomr\u00e5de. Krampepistol JK24-690 har en neglisjerbar rekyl, lav vekt og god balanse. Magasinet lastes fra toppen og hindrer utilsiktet avfyring i retning av operat\u00f8rens ansikt under lasting. Utformingen av nesen muliggj\u00f8r stifting med h\u00f8y presisjon. Den lange nesen har en bevegelig d\u00f8r som enkelt kan \u00e5pnes n\u00e5r rengj\u00f8ring er n\u00f8dvendig. Utformingen av nesen tillater stifting i trange rom, i slisser og spor. Stiftemaskinen har et lavt st\u00f8yniv\u00e5, takket v\u00e6re en effektiv lyddemper. Hvis et verkt\u00f8y for kortere benlengder er p\u00e5krevd, anbefaler vi JK20-690.","og_url":"https:\/\/kihlberg.com\/no\/verktoy\/applikation-no\/vinduer-og-dorer\/126167\/","og_site_name":"Josef kihlberg","article_modified_time":"2019-09-07T06:10:01+00:00","og_image":[{"width":720,"height":720,"url":"https:\/\/kihlberg.com\/wp-content\/uploads\/2018\/08\/126167.png","type":"image\/png"}],"twitter_card":"summary_large_image","twitter_misc":{"Pris":"&euro;560","Tilgjengelighet":"P\u00e5 lager"},"schema":{"@context":"https:\/\/schema.org","@graph":[{"@type":"WebPage","@id":"https:\/\/kihlberg.com\/no\/verktoy\/applikation-no\/vinduer-og-dorer\/126167\/","url":"https:\/\/kihlberg.com\/no\/verktoy\/applikation-no\/vinduer-og-dorer\/126167\/","name":"Stapler JK24-690","isPartOf":{"@id":"https:\/\/kihlberg.com\/no\/#website"},"primaryImageOfPage":{"@id":"https:\/\/kihlberg.com\/no\/verktoy\/applikation-no\/vinduer-og-dorer\/126167\/#primaryimage"},"image":{"@id":"https:\/\/kihlberg.com\/no\/verktoy\/applikation-no\/vinduer-og-dorer\/126167\/#primaryimage"},"thumbnailUrl":"https:\/\/kihlberg.com\/wp-content\/uploads\/2018\/08\/126167.png","datePublished":"2018-09-21T10:32:47+00:00","dateModified":"2019-09-07T06:10:01+00:00","breadcrumb":{"@id":"https:\/\/kihlberg.com\/no\/verktoy\/applikation-no\/vinduer-og-dorer\/126167\/#breadcrumb"},"inLanguage":"nb-NO","potentialAction":[{"@type":"ReadAction","target":["https:\/\/kihlberg.com\/no\/verktoy\/applikation-no\/vinduer-og-dorer\/126167\/"]}]},{"@type":"ImageObject","inLanguage":"nb-NO","@id":"https:\/\/kihlberg.com\/no\/verktoy\/applikation-no\/vinduer-og-dorer\/126167\/#primaryimage","url":"https:\/\/kihlberg.com\/wp-content\/uploads\/2018\/08\/126167.png","contentUrl":"https:\/\/kihlberg.com\/wp-content\/uploads\/2018\/08\/126167.png","width":720,"height":720},{"@type":"BreadcrumbList","@id":"https:\/\/kihlberg.com\/no\/verktoy\/applikation-no\/vinduer-og-dorer\/126167\/#breadcrumb","itemListElement":[{"@type":"ListItem","position":1,"name":"Home","item":"https:\/\/kihlberg.com\/no\/"},{"@type":"ListItem","position":2,"name":"Shop","item":"https:\/\/kihlberg.com\/shop\/"},{"@type":"ListItem","position":3,"name":"Verkt\u00f8y","item":"https:\/\/kihlberg.com\/no\/verktoy\/"},{"@type":"ListItem","position":4,"name":"Applikation","item":"https:\/\/kihlberg.com\/no\/verktoy\/applikation-no\/"},{"@type":"ListItem","position":5,"name":"Sengeproduksjon","item":"https:\/\/kihlberg.com\/no\/verktoy\/applikation-no\/sengeproduksjon\/"},{"@type":"ListItem","position":6,"name":"Krampepistol JK24-690"}]},{"@type":"WebSite","@id":"https:\/\/kihlberg.com\/no\/#website","url":"https:\/\/kihlberg.com\/no\/","name":"Josef kihlberg","description":"Made in Sweden. System manufacturer of premium staples &amp; tools that sets the standard. Legendary.","publisher":{"@id":"https:\/\/kihlberg.com\/no\/#organization"},"potentialAction":[{"@type":"SearchAction","target":{"@type":"EntryPoint","urlTemplate":"https:\/\/kihlberg.com\/no\/?s={search_term_string}"},"query-input":{"@type":"PropertyValueSpecification","valueRequired":true,"valueName":"search_term_string"}}],"inLanguage":"nb-NO"},{"@type":"Organization","@id":"https:\/\/kihlberg.com\/no\/#organization","name":"Josef Kihlberg","url":"https:\/\/kihlberg.com\/no\/","logo":{"@type":"ImageObject","inLanguage":"nb-NO","@id":"https:\/\/kihlberg.com\/no\/#\/schema\/logo\/image\/","url":"https:\/\/kihlberg.com\/wp-content\/uploads\/2019\/01\/logo.jpg","contentUrl":"https:\/\/kihlberg.com\/wp-content\/uploads\/2019\/01\/logo.jpg","width":850,"height":850,"caption":"Josef Kihlberg"},"image":{"@id":"https:\/\/kihlberg.com\/no\/#\/schema\/logo\/image\/"}}]},"product_price_amount":"560","product_price_currency":"EUR","og_availability":"instock","product_availability":"instock","product_retailer_item_id":"126167","product_condition":"new"},"_links":{"self":[{"href":"https:\/\/kihlberg.com\/no\/wp-json\/wp\/v2\/product\/87989","targetHints":{"allow":["GET"]}}],"collection":[{"href":"https:\/\/kihlberg.com\/no\/wp-json\/wp\/v2\/product"}],"about":[{"href":"https:\/\/kihlberg.com\/no\/wp-json\/wp\/v2\/types\/product"}],"wp:featuredmedia":[{"embeddable":true,"href":"https:\/\/kihlberg.com\/no\/wp-json\/wp\/v2\/media\/87990"}],"wp:attachment":[{"href":"https:\/\/kihlberg.com\/no\/wp-json\/wp\/v2\/media?parent=87989"}],"wp:term":[{"taxonomy":"product_brand","embeddable":true,"href":"https:\/\/kihlberg.com\/no\/wp-json\/wp\/v2\/product_brand?post=87989"},{"taxonomy":"product_cat","embeddable":true,"href":"https:\/\/kihlberg.com\/no\/wp-json\/wp\/v2\/product_cat?post=87989"}],"curies":[{"name":"wp","href":"https:\/\/api.w.org\/{rel}","templated":true}]}}