{"id":88013,"date":"2018-09-21T10:32:00","date_gmt":"2018-09-21T10:32:00","guid":{"rendered":"https:\/\/kihlberg.com\/product\/126289\/"},"modified":"2019-09-07T06:09:55","modified_gmt":"2019-09-07T06:09:55","slug":"126289","status":"publish","type":"product","link":"https:\/\/kihlberg.com\/no\/verktoy\/126289\/","title":{"rendered":"Stiftetang JK35T590"},"content":{"rendered":"","protected":false},"excerpt":{"rendered":"<p>V\u00e5r profesjonelle svenskproduserte JK35T590 pneumatiske tangstiftemaskin er egnet for tetting av store b\u00f8lgepappemballasjer, stifting av tykkere papp, kantbeskyttelse, tetting av endestykker, og lignende. Stiftetang JK35T590 har en fast tunge som tillater rask sideveis bevegelse. Tangstiftemaskinen benytter JK590 brede emballasjestifter med benlengder fra 19 mm til 32 mm. Ved hjelp av avstandsplater, kan stiftegapet lett justeres for forskjellige tykkelser fra 12 mm til maksimalt 27 mm. Avstandsplater p\u00e5 3 mm og 6 mm leveres som standard med tengene. Den unike kombinasjonen av en kraftig tang og brede stifter gir mange nye l\u00f8sninger p\u00e5 emballasjeproblemer som er vanskelige \u00e5 l\u00f8se. JK35T590 er et slitesterkt og stabilt verkt\u00f8y med f\u00e5 bevegelige deler.<br \/>\nStiftemaskinene JK35T590 og JK35-590 sammen med JK590 stifter gir deg en komplett og kostnadseffektiv l\u00f8sning.<\/p>\n","protected":false},"featured_media":88014,"template":"","meta":{"_acf_changed":false,"_genesis_hide_title":false,"_genesis_hide_breadcrumbs":false,"_genesis_hide_singular_image":false,"_genesis_hide_footer_widgets":false,"_genesis_custom_body_class":"","_genesis_custom_post_class":"","_genesis_layout":""},"product_brand":[],"product_cat":[1566,1567],"class_list":{"0":"post-88013","1":"product","2":"type-product","3":"status-publish","4":"has-post-thumbnail","6":"product_cat-emballering","7":"product_cat-verktoy","8":"pa_lubrication-ja-no","9":"pa_magazine-capacity-100-no","10":"pa_max-pressure-7-no-3","11":"pa_staple-leg-length-19-32-mm-5-8-1-1-4-in-no-2","12":"entry","14":"first","15":"instock","16":"taxable","17":"shipping-taxable","18":"purchasable","19":"product-type-simple"},"acf":[],"yoast_head":"<!-- This site is optimized with the Yoast SEO plugin v26.1.1 - https:\/\/yoast.com\/wordpress\/plugins\/seo\/ -->\n<title>Plier stapler JK35T590<\/title>\n<meta name=\"robots\" content=\"index, follow, max-snippet:-1, max-image-preview:large, max-video-preview:-1\" \/>\n<link rel=\"canonical\" href=\"https:\/\/kihlberg.com\/no\/verktoy\/126289\/\" \/>\n<meta property=\"og:locale\" content=\"nb_NO\" \/>\n<meta property=\"og:type\" content=\"article\" \/>\n<meta property=\"og:title\" content=\"Plier stapler JK35T590\" \/>\n<meta property=\"og:description\" content=\"V\u00e5r profesjonelle svenskproduserte JK35T590 pneumatiske tangstiftemaskin er egnet for tetting av store b\u00f8lgepappemballasjer, stifting av tykkere papp, kantbeskyttelse, tetting av endestykker, og lignende. Stiftetang JK35T590 har en fast tunge som tillater rask sideveis bevegelse. Tangstiftemaskinen benytter JK590 brede emballasjestifter med benlengder fra 19 mm til 32 mm. Ved hjelp av avstandsplater, kan stiftegapet lett justeres for forskjellige tykkelser fra 12 mm til maksimalt 27 mm. Avstandsplater p\u00e5 3 mm og 6 mm leveres som standard med tengene. Den unike kombinasjonen av en kraftig tang og brede stifter gir mange nye l\u00f8sninger p\u00e5 emballasjeproblemer som er vanskelige \u00e5 l\u00f8se. JK35T590 er et slitesterkt og stabilt verkt\u00f8y med f\u00e5 bevegelige deler. Stiftemaskinene JK35T590 og JK35-590 sammen med JK590 stifter gir deg en komplett og kostnadseffektiv l\u00f8sning.\" \/>\n<meta property=\"og:url\" content=\"https:\/\/kihlberg.com\/no\/verktoy\/126289\/\" \/>\n<meta property=\"og:site_name\" content=\"Josef kihlberg\" \/>\n<meta property=\"article:modified_time\" content=\"2019-09-07T06:09:55+00:00\" \/>\n<meta property=\"og:image\" content=\"https:\/\/kihlberg.com\/wp-content\/uploads\/2018\/08\/126289.png\" \/>\n\t<meta property=\"og:image:width\" content=\"720\" \/>\n\t<meta property=\"og:image:height\" content=\"720\" \/>\n\t<meta property=\"og:image:type\" content=\"image\/png\" \/>\n<meta name=\"twitter:card\" content=\"summary_large_image\" \/>\n<meta name=\"twitter:label1\" content=\"Pris\" \/>\n\t<meta name=\"twitter:data1\" content=\"&euro;932\" \/>\n\t<meta name=\"twitter:label2\" content=\"Tilgjengelighet\" \/>\n\t<meta name=\"twitter:data2\" content=\"P\u00e5 lager\" \/>\n<script type=\"application\/ld+json\" class=\"yoast-schema-graph\">{\"@context\":\"https:\/\/schema.org\",\"@graph\":[{\"@type\":\"WebPage\",\"@id\":\"https:\/\/kihlberg.com\/no\/verktoy\/126289\/\",\"url\":\"https:\/\/kihlberg.com\/no\/verktoy\/126289\/\",\"name\":\"Plier stapler JK35T590\",\"isPartOf\":{\"@id\":\"https:\/\/kihlberg.com\/no\/#website\"},\"primaryImageOfPage\":{\"@id\":\"https:\/\/kihlberg.com\/no\/verktoy\/126289\/#primaryimage\"},\"image\":{\"@id\":\"https:\/\/kihlberg.com\/no\/verktoy\/126289\/#primaryimage\"},\"thumbnailUrl\":\"https:\/\/kihlberg.com\/wp-content\/uploads\/2018\/08\/126289.png\",\"datePublished\":\"2018-09-21T10:32:00+00:00\",\"dateModified\":\"2019-09-07T06:09:55+00:00\",\"breadcrumb\":{\"@id\":\"https:\/\/kihlberg.com\/no\/verktoy\/126289\/#breadcrumb\"},\"inLanguage\":\"nb-NO\",\"potentialAction\":[{\"@type\":\"ReadAction\",\"target\":[\"https:\/\/kihlberg.com\/no\/verktoy\/126289\/\"]}]},{\"@type\":\"ImageObject\",\"inLanguage\":\"nb-NO\",\"@id\":\"https:\/\/kihlberg.com\/no\/verktoy\/126289\/#primaryimage\",\"url\":\"https:\/\/kihlberg.com\/wp-content\/uploads\/2018\/08\/126289.png\",\"contentUrl\":\"https:\/\/kihlberg.com\/wp-content\/uploads\/2018\/08\/126289.png\",\"width\":720,\"height\":720},{\"@type\":\"BreadcrumbList\",\"@id\":\"https:\/\/kihlberg.com\/no\/verktoy\/126289\/#breadcrumb\",\"itemListElement\":[{\"@type\":\"ListItem\",\"position\":1,\"name\":\"Home\",\"item\":\"https:\/\/kihlberg.com\/no\/\"},{\"@type\":\"ListItem\",\"position\":2,\"name\":\"Shop\",\"item\":\"https:\/\/kihlberg.com\/shop\/\"},{\"@type\":\"ListItem\",\"position\":3,\"name\":\"Verkt\u00f8y\",\"item\":\"https:\/\/kihlberg.com\/no\/verktoy\/\"},{\"@type\":\"ListItem\",\"position\":4,\"name\":\"Emballering\",\"item\":\"https:\/\/kihlberg.com\/no\/verktoy\/emballering\/\"},{\"@type\":\"ListItem\",\"position\":5,\"name\":\"Stiftetang JK35T590\"}]},{\"@type\":\"WebSite\",\"@id\":\"https:\/\/kihlberg.com\/no\/#website\",\"url\":\"https:\/\/kihlberg.com\/no\/\",\"name\":\"Josef kihlberg\",\"description\":\"Made in Sweden. System manufacturer of premium staples &amp; tools that sets the standard. Legendary.\",\"publisher\":{\"@id\":\"https:\/\/kihlberg.com\/no\/#organization\"},\"potentialAction\":[{\"@type\":\"SearchAction\",\"target\":{\"@type\":\"EntryPoint\",\"urlTemplate\":\"https:\/\/kihlberg.com\/no\/?s={search_term_string}\"},\"query-input\":{\"@type\":\"PropertyValueSpecification\",\"valueRequired\":true,\"valueName\":\"search_term_string\"}}],\"inLanguage\":\"nb-NO\"},{\"@type\":\"Organization\",\"@id\":\"https:\/\/kihlberg.com\/no\/#organization\",\"name\":\"Josef Kihlberg\",\"url\":\"https:\/\/kihlberg.com\/no\/\",\"logo\":{\"@type\":\"ImageObject\",\"inLanguage\":\"nb-NO\",\"@id\":\"https:\/\/kihlberg.com\/no\/#\/schema\/logo\/image\/\",\"url\":\"https:\/\/kihlberg.com\/wp-content\/uploads\/2019\/01\/logo.jpg\",\"contentUrl\":\"https:\/\/kihlberg.com\/wp-content\/uploads\/2019\/01\/logo.jpg\",\"width\":850,\"height\":850,\"caption\":\"Josef Kihlberg\"},\"image\":{\"@id\":\"https:\/\/kihlberg.com\/no\/#\/schema\/logo\/image\/\"}}]}<\/script>\n<meta property=\"product:price:amount\" content=\"932\" \/>\n<meta property=\"product:price:currency\" content=\"EUR\" \/>\n<meta property=\"og:availability\" content=\"instock\" \/>\n<meta property=\"product:availability\" content=\"instock\" \/>\n<meta property=\"product:retailer_item_id\" content=\"126289\" \/>\n<meta property=\"product:condition\" content=\"new\" \/>\n<!-- \/ Yoast SEO plugin. -->","yoast_head_json":{"title":"Plier stapler JK35T590","robots":{"index":"index","follow":"follow","max-snippet":"max-snippet:-1","max-image-preview":"max-image-preview:large","max-video-preview":"max-video-preview:-1"},"canonical":"https:\/\/kihlberg.com\/no\/verktoy\/126289\/","og_locale":"nb_NO","og_type":"article","og_title":"Plier stapler JK35T590","og_description":"V\u00e5r profesjonelle svenskproduserte JK35T590 pneumatiske tangstiftemaskin er egnet for tetting av store b\u00f8lgepappemballasjer, stifting av tykkere papp, kantbeskyttelse, tetting av endestykker, og lignende. Stiftetang JK35T590 har en fast tunge som tillater rask sideveis bevegelse. Tangstiftemaskinen benytter JK590 brede emballasjestifter med benlengder fra 19 mm til 32 mm. Ved hjelp av avstandsplater, kan stiftegapet lett justeres for forskjellige tykkelser fra 12 mm til maksimalt 27 mm. Avstandsplater p\u00e5 3 mm og 6 mm leveres som standard med tengene. Den unike kombinasjonen av en kraftig tang og brede stifter gir mange nye l\u00f8sninger p\u00e5 emballasjeproblemer som er vanskelige \u00e5 l\u00f8se. JK35T590 er et slitesterkt og stabilt verkt\u00f8y med f\u00e5 bevegelige deler. Stiftemaskinene JK35T590 og JK35-590 sammen med JK590 stifter gir deg en komplett og kostnadseffektiv l\u00f8sning.","og_url":"https:\/\/kihlberg.com\/no\/verktoy\/126289\/","og_site_name":"Josef kihlberg","article_modified_time":"2019-09-07T06:09:55+00:00","og_image":[{"width":720,"height":720,"url":"https:\/\/kihlberg.com\/wp-content\/uploads\/2018\/08\/126289.png","type":"image\/png"}],"twitter_card":"summary_large_image","twitter_misc":{"Pris":"&euro;932","Tilgjengelighet":"P\u00e5 lager"},"schema":{"@context":"https:\/\/schema.org","@graph":[{"@type":"WebPage","@id":"https:\/\/kihlberg.com\/no\/verktoy\/126289\/","url":"https:\/\/kihlberg.com\/no\/verktoy\/126289\/","name":"Plier stapler JK35T590","isPartOf":{"@id":"https:\/\/kihlberg.com\/no\/#website"},"primaryImageOfPage":{"@id":"https:\/\/kihlberg.com\/no\/verktoy\/126289\/#primaryimage"},"image":{"@id":"https:\/\/kihlberg.com\/no\/verktoy\/126289\/#primaryimage"},"thumbnailUrl":"https:\/\/kihlberg.com\/wp-content\/uploads\/2018\/08\/126289.png","datePublished":"2018-09-21T10:32:00+00:00","dateModified":"2019-09-07T06:09:55+00:00","breadcrumb":{"@id":"https:\/\/kihlberg.com\/no\/verktoy\/126289\/#breadcrumb"},"inLanguage":"nb-NO","potentialAction":[{"@type":"ReadAction","target":["https:\/\/kihlberg.com\/no\/verktoy\/126289\/"]}]},{"@type":"ImageObject","inLanguage":"nb-NO","@id":"https:\/\/kihlberg.com\/no\/verktoy\/126289\/#primaryimage","url":"https:\/\/kihlberg.com\/wp-content\/uploads\/2018\/08\/126289.png","contentUrl":"https:\/\/kihlberg.com\/wp-content\/uploads\/2018\/08\/126289.png","width":720,"height":720},{"@type":"BreadcrumbList","@id":"https:\/\/kihlberg.com\/no\/verktoy\/126289\/#breadcrumb","itemListElement":[{"@type":"ListItem","position":1,"name":"Home","item":"https:\/\/kihlberg.com\/no\/"},{"@type":"ListItem","position":2,"name":"Shop","item":"https:\/\/kihlberg.com\/shop\/"},{"@type":"ListItem","position":3,"name":"Verkt\u00f8y","item":"https:\/\/kihlberg.com\/no\/verktoy\/"},{"@type":"ListItem","position":4,"name":"Emballering","item":"https:\/\/kihlberg.com\/no\/verktoy\/emballering\/"},{"@type":"ListItem","position":5,"name":"Stiftetang JK35T590"}]},{"@type":"WebSite","@id":"https:\/\/kihlberg.com\/no\/#website","url":"https:\/\/kihlberg.com\/no\/","name":"Josef kihlberg","description":"Made in Sweden. System manufacturer of premium staples &amp; tools that sets the standard. Legendary.","publisher":{"@id":"https:\/\/kihlberg.com\/no\/#organization"},"potentialAction":[{"@type":"SearchAction","target":{"@type":"EntryPoint","urlTemplate":"https:\/\/kihlberg.com\/no\/?s={search_term_string}"},"query-input":{"@type":"PropertyValueSpecification","valueRequired":true,"valueName":"search_term_string"}}],"inLanguage":"nb-NO"},{"@type":"Organization","@id":"https:\/\/kihlberg.com\/no\/#organization","name":"Josef Kihlberg","url":"https:\/\/kihlberg.com\/no\/","logo":{"@type":"ImageObject","inLanguage":"nb-NO","@id":"https:\/\/kihlberg.com\/no\/#\/schema\/logo\/image\/","url":"https:\/\/kihlberg.com\/wp-content\/uploads\/2019\/01\/logo.jpg","contentUrl":"https:\/\/kihlberg.com\/wp-content\/uploads\/2019\/01\/logo.jpg","width":850,"height":850,"caption":"Josef Kihlberg"},"image":{"@id":"https:\/\/kihlberg.com\/no\/#\/schema\/logo\/image\/"}}]},"product_price_amount":"932","product_price_currency":"EUR","og_availability":"instock","product_availability":"instock","product_retailer_item_id":"126289","product_condition":"new"},"_links":{"self":[{"href":"https:\/\/kihlberg.com\/no\/wp-json\/wp\/v2\/product\/88013","targetHints":{"allow":["GET"]}}],"collection":[{"href":"https:\/\/kihlberg.com\/no\/wp-json\/wp\/v2\/product"}],"about":[{"href":"https:\/\/kihlberg.com\/no\/wp-json\/wp\/v2\/types\/product"}],"wp:featuredmedia":[{"embeddable":true,"href":"https:\/\/kihlberg.com\/no\/wp-json\/wp\/v2\/media\/88014"}],"wp:attachment":[{"href":"https:\/\/kihlberg.com\/no\/wp-json\/wp\/v2\/media?parent=88013"}],"wp:term":[{"taxonomy":"product_brand","embeddable":true,"href":"https:\/\/kihlberg.com\/no\/wp-json\/wp\/v2\/product_brand?post=88013"},{"taxonomy":"product_cat","embeddable":true,"href":"https:\/\/kihlberg.com\/no\/wp-json\/wp\/v2\/product_cat?post=88013"}],"curies":[{"name":"wp","href":"https:\/\/api.w.org\/{rel}","templated":true}]}}