{"id":83401,"date":"2018-11-04T14:11:33","date_gmt":"2018-11-04T14:11:33","guid":{"rendered":"https:\/\/kihlberg.com\/om-oss\/"},"modified":"2018-11-06T04:59:52","modified_gmt":"2018-11-06T04:59:52","slug":"om-oss","status":"publish","type":"page","link":"https:\/\/kihlberg.com\/sv\/om-oss\/","title":{"rendered":"Om oss"},"content":{"rendered":"\n<div class=\"wp-block-cover has-background-dim is-layout-flow wp-block-cover-is-layout-flow\" style=\"background-image:url(https:\/\/kihlberg.com\/wp-content\/uploads\/2018\/10\/Sandtorget-da\u0308r-allt-starade-1841-min.jpg)\"><p class=\"wp-block-cover-text\">Allt b\u00f6rjade \u00e5r 1841.<\/p><\/div>\n\n\n\n<h2 class=\"wp-block-heading\">Aff\u00e4rsid\u00e9<\/h2>\n\n\n\n<p>Josef Kihlberg tillverkar klammerverktyg och klammer, f\u00f6r professionella anv\u00e4ndare, som marknadsf\u00f6rs via distribut\u00f6rer \u00f6ver hela v\u00e4rlden.<\/p>\n\n\n\n<p>Josef Kihlbergs h\u00f6ga kvalit\u00e9 och l\u00e5nglivade produkter \u00e4r baserade p\u00e5 l\u00e5ng erfarenhet och god kunskap.<br><\/p>\n\n\n\n<h2 class=\"wp-block-heading\">Company history<\/h2>\n\n\n\n<p>Josef Kihlberg AB ing\u00e5r sedan 1 maj 2014 i Signode Industrial Group, en grupp med stark internationell pr\u00e4gel.&nbsp;<br><\/p>\n\n\n\n<figure class=\"wp-block-image\"><a href=\"http:\/\/www.sigpse.com\/\"><img decoding=\"async\" src=\"https:\/\/kihlberg.com\/wp-content\/uploads\/2017\/04\/SIGPSE-logo.png\" alt=\"SIGPSE logo\" class=\"wp-image-2435\"\/><\/a><\/figure>\n\n\n\n<p>I f\u00f6retaget, som har anor sedan 1800-talet, arbetar idag 35 personer. Vi utvecklar, tillverkar och marknadsf\u00f6r v\u00e4rldsledande verktyg och klammer f\u00f6r industriell h\u00e4ftning och transportf\u00f6rpackning.<\/p>\n\n\n\n<p>En viktig del i Josef Kihlbergs strategi \u00e4r att i egen regi vara delaktig i hela processen det vill s\u00e4ga utveckling, tillverkning och marknadsf\u00f6ring av v\u00e5ra produkter.<\/p>\n\n\n\n<p>F\u00f6retagshistoria:<br>Det b\u00f6rjade 1841 n\u00e4r r\u00e5dman Emil Synnergren startade sin j\u00e4rnhandel vid Sandtorget i Hjo.<br>1907: Namnet \u00e4ndrades till Kihlberg&amp;K\u00e4llmark J\u00e4rnhandel.<br>1918: Josef Kihlberg \u00f6vertog r\u00f6relsen.<br>1943: Egen tillverkning av klammer och h\u00e4ftapparater startade.<br>1968: J\u00e4rnhandeln i Hjo lades ner.<br>1970: Josef Kihlberg AB startade eget s\u00e4ljbolag i Finland.<br>1976: Josef Kihlbergs dotterson Ove Larsson blev<br>f\u00f6retagets \u00e4gare.<br>1981: Sj\u00f6tofta Tr\u00e5ddrageri ink\u00f6ptes.<br>1984: Egna s\u00e4ljbolag etablerades i USA och Norge.<br>1985: Haubold-Airfix GmbH f\u00f6rv\u00e4rvades och namnet \u00e4ndrades till Haubold-Kihlberg GmbH.<br>1992: Ett f\u00f6rs\u00e4ljningsbolag i Schweiz startades, Haubold-Embrag AG.<br>1997: Air-Hammer s.r.o.i Tjeckien f\u00f6rv\u00e4rvades.<br>1998: Josef Kihlberg k\u00f6pte British Ind. Fastening, Liverpool. Verkar sedan 2000 under namnet Josef Kihlberg Ltd.<br>2006: Fr\u00e5n och med oktober 2006 ing\u00e5r Josef Kihlberg AB med dotterbolag i ITW (Illinois Tool Works Inc.) USA.<br>2014: The Carlyle Group k\u00f6pte ITW Packaging Group 1 maj och arbetar nu under namnet Signode Industrial Group.<br><\/p>\n","protected":false},"excerpt":{"rendered":"<p>Aff\u00e4rsid\u00e9 Josef Kihlberg tillverkar klammerverktyg och klammer, f\u00f6r professionella anv\u00e4ndare, som marknadsf\u00f6rs via distribut\u00f6rer \u00f6ver hela v\u00e4rlden. Josef Kihlbergs h\u00f6ga kvalit\u00e9 och l\u00e5nglivade produkter \u00e4r baserade p\u00e5 l\u00e5ng erfarenhet och god kunskap. Company history Josef Kihlberg AB ing\u00e5r sedan 1 maj 2014 i Signode Industrial Group, en grupp med stark internationell pr\u00e4gel.&nbsp; I f\u00f6retaget, som [&hellip;]<\/p>\n","protected":false},"author":1,"featured_media":0,"parent":0,"menu_order":0,"comment_status":"closed","ping_status":"closed","template":"","meta":{"_acf_changed":false,"_genesis_hide_title":false,"_genesis_hide_breadcrumbs":false,"_genesis_hide_singular_image":false,"_genesis_hide_footer_widgets":false,"_genesis_custom_body_class":"","_genesis_custom_post_class":"","_genesis_layout":"","footnotes":""},"class_list":{"0":"post-83401","1":"page","2":"type-page","3":"status-publish","5":"entry"},"acf":[],"yoast_head":"<!-- This site is optimized with the Yoast SEO plugin v26.1.1 - https:\/\/yoast.com\/wordpress\/plugins\/seo\/ -->\n<title>Om oss &#8226; Josef kihlberg<\/title>\n<meta name=\"robots\" content=\"index, follow, max-snippet:-1, max-image-preview:large, max-video-preview:-1\" \/>\n<link rel=\"canonical\" href=\"https:\/\/kihlberg.com\/sv\/om-oss\/\" \/>\n<meta property=\"og:locale\" content=\"sv_SE\" \/>\n<meta property=\"og:type\" content=\"article\" \/>\n<meta property=\"og:title\" content=\"Om oss &#8226; Josef kihlberg\" \/>\n<meta property=\"og:description\" content=\"Aff\u00e4rsid\u00e9 Josef Kihlberg tillverkar klammerverktyg och klammer, f\u00f6r professionella anv\u00e4ndare, som marknadsf\u00f6rs via distribut\u00f6rer \u00f6ver hela v\u00e4rlden. Josef Kihlbergs h\u00f6ga kvalit\u00e9 och l\u00e5nglivade produkter \u00e4r baserade p\u00e5 l\u00e5ng erfarenhet och god kunskap. Company history Josef Kihlberg AB ing\u00e5r sedan 1 maj 2014 i Signode Industrial Group, en grupp med stark internationell pr\u00e4gel.&nbsp; I f\u00f6retaget, som [&hellip;]\" \/>\n<meta property=\"og:url\" content=\"https:\/\/kihlberg.com\/sv\/om-oss\/\" \/>\n<meta property=\"og:site_name\" content=\"Josef kihlberg\" \/>\n<meta property=\"article:modified_time\" content=\"2018-11-06T04:59:52+00:00\" \/>\n<meta property=\"og:image\" content=\"https:\/\/kihlberg.com\/wp-content\/uploads\/2017\/04\/SIGPSE-logo.png\" \/>\n<meta name=\"twitter:card\" content=\"summary_large_image\" \/>\n<meta name=\"twitter:label1\" content=\"Ber\u00e4knad l\u00e4stid\" \/>\n\t<meta name=\"twitter:data1\" content=\"1 minut\" \/>\n<script type=\"application\/ld+json\" class=\"yoast-schema-graph\">{\"@context\":\"https:\/\/schema.org\",\"@graph\":[{\"@type\":\"WebPage\",\"@id\":\"https:\/\/kihlberg.com\/sv\/om-oss\/\",\"url\":\"https:\/\/kihlberg.com\/sv\/om-oss\/\",\"name\":\"Om oss &#8226; Josef kihlberg\",\"isPartOf\":{\"@id\":\"https:\/\/kihlberg.com\/sv\/#website\"},\"primaryImageOfPage\":{\"@id\":\"https:\/\/kihlberg.com\/sv\/om-oss\/#primaryimage\"},\"image\":{\"@id\":\"https:\/\/kihlberg.com\/sv\/om-oss\/#primaryimage\"},\"thumbnailUrl\":\"https:\/\/kihlberg.com\/wp-content\/uploads\/2017\/04\/SIGPSE-logo.png\",\"datePublished\":\"2018-11-04T14:11:33+00:00\",\"dateModified\":\"2018-11-06T04:59:52+00:00\",\"breadcrumb\":{\"@id\":\"https:\/\/kihlberg.com\/sv\/om-oss\/#breadcrumb\"},\"inLanguage\":\"sv-SE\",\"potentialAction\":[{\"@type\":\"ReadAction\",\"target\":[\"https:\/\/kihlberg.com\/sv\/om-oss\/\"]}]},{\"@type\":\"ImageObject\",\"inLanguage\":\"sv-SE\",\"@id\":\"https:\/\/kihlberg.com\/sv\/om-oss\/#primaryimage\",\"url\":\"https:\/\/kihlberg.com\/wp-content\/uploads\/2017\/04\/SIGPSE-logo.png\",\"contentUrl\":\"https:\/\/kihlberg.com\/wp-content\/uploads\/2017\/04\/SIGPSE-logo.png\"},{\"@type\":\"BreadcrumbList\",\"@id\":\"https:\/\/kihlberg.com\/sv\/om-oss\/#breadcrumb\",\"itemListElement\":[{\"@type\":\"ListItem\",\"position\":1,\"name\":\"Home\",\"item\":\"https:\/\/kihlberg.com\/sv\/\"},{\"@type\":\"ListItem\",\"position\":2,\"name\":\"Om oss\"}]},{\"@type\":\"WebSite\",\"@id\":\"https:\/\/kihlberg.com\/sv\/#website\",\"url\":\"https:\/\/kihlberg.com\/sv\/\",\"name\":\"Josef kihlberg\",\"description\":\"Made in Sweden. System manufacturer of premium staples &amp; tools that sets the standard. Legendary.\",\"publisher\":{\"@id\":\"https:\/\/kihlberg.com\/sv\/#organization\"},\"potentialAction\":[{\"@type\":\"SearchAction\",\"target\":{\"@type\":\"EntryPoint\",\"urlTemplate\":\"https:\/\/kihlberg.com\/sv\/?s={search_term_string}\"},\"query-input\":{\"@type\":\"PropertyValueSpecification\",\"valueRequired\":true,\"valueName\":\"search_term_string\"}}],\"inLanguage\":\"sv-SE\"},{\"@type\":\"Organization\",\"@id\":\"https:\/\/kihlberg.com\/sv\/#organization\",\"name\":\"Josef Kihlberg\",\"url\":\"https:\/\/kihlberg.com\/sv\/\",\"logo\":{\"@type\":\"ImageObject\",\"inLanguage\":\"sv-SE\",\"@id\":\"https:\/\/kihlberg.com\/sv\/#\/schema\/logo\/image\/\",\"url\":\"https:\/\/kihlberg.com\/wp-content\/uploads\/2019\/01\/logo.jpg\",\"contentUrl\":\"https:\/\/kihlberg.com\/wp-content\/uploads\/2019\/01\/logo.jpg\",\"width\":850,\"height\":850,\"caption\":\"Josef Kihlberg\"},\"image\":{\"@id\":\"https:\/\/kihlberg.com\/sv\/#\/schema\/logo\/image\/\"}}]}<\/script>\n<!-- \/ Yoast SEO plugin. -->","yoast_head_json":{"title":"Om oss &#8226; Josef kihlberg","robots":{"index":"index","follow":"follow","max-snippet":"max-snippet:-1","max-image-preview":"max-image-preview:large","max-video-preview":"max-video-preview:-1"},"canonical":"https:\/\/kihlberg.com\/sv\/om-oss\/","og_locale":"sv_SE","og_type":"article","og_title":"Om oss &#8226; Josef kihlberg","og_description":"Aff\u00e4rsid\u00e9 Josef Kihlberg tillverkar klammerverktyg och klammer, f\u00f6r professionella anv\u00e4ndare, som marknadsf\u00f6rs via distribut\u00f6rer \u00f6ver hela v\u00e4rlden. Josef Kihlbergs h\u00f6ga kvalit\u00e9 och l\u00e5nglivade produkter \u00e4r baserade p\u00e5 l\u00e5ng erfarenhet och god kunskap. Company history Josef Kihlberg AB ing\u00e5r sedan 1 maj 2014 i Signode Industrial Group, en grupp med stark internationell pr\u00e4gel.&nbsp; I f\u00f6retaget, som [&hellip;]","og_url":"https:\/\/kihlberg.com\/sv\/om-oss\/","og_site_name":"Josef kihlberg","article_modified_time":"2018-11-06T04:59:52+00:00","og_image":[{"url":"https:\/\/kihlberg.com\/wp-content\/uploads\/2017\/04\/SIGPSE-logo.png","type":"","width":"","height":""}],"twitter_card":"summary_large_image","twitter_misc":{"Ber\u00e4knad l\u00e4stid":"1 minut"},"schema":{"@context":"https:\/\/schema.org","@graph":[{"@type":"WebPage","@id":"https:\/\/kihlberg.com\/sv\/om-oss\/","url":"https:\/\/kihlberg.com\/sv\/om-oss\/","name":"Om oss &#8226; Josef kihlberg","isPartOf":{"@id":"https:\/\/kihlberg.com\/sv\/#website"},"primaryImageOfPage":{"@id":"https:\/\/kihlberg.com\/sv\/om-oss\/#primaryimage"},"image":{"@id":"https:\/\/kihlberg.com\/sv\/om-oss\/#primaryimage"},"thumbnailUrl":"https:\/\/kihlberg.com\/wp-content\/uploads\/2017\/04\/SIGPSE-logo.png","datePublished":"2018-11-04T14:11:33+00:00","dateModified":"2018-11-06T04:59:52+00:00","breadcrumb":{"@id":"https:\/\/kihlberg.com\/sv\/om-oss\/#breadcrumb"},"inLanguage":"sv-SE","potentialAction":[{"@type":"ReadAction","target":["https:\/\/kihlberg.com\/sv\/om-oss\/"]}]},{"@type":"ImageObject","inLanguage":"sv-SE","@id":"https:\/\/kihlberg.com\/sv\/om-oss\/#primaryimage","url":"https:\/\/kihlberg.com\/wp-content\/uploads\/2017\/04\/SIGPSE-logo.png","contentUrl":"https:\/\/kihlberg.com\/wp-content\/uploads\/2017\/04\/SIGPSE-logo.png"},{"@type":"BreadcrumbList","@id":"https:\/\/kihlberg.com\/sv\/om-oss\/#breadcrumb","itemListElement":[{"@type":"ListItem","position":1,"name":"Home","item":"https:\/\/kihlberg.com\/sv\/"},{"@type":"ListItem","position":2,"name":"Om oss"}]},{"@type":"WebSite","@id":"https:\/\/kihlberg.com\/sv\/#website","url":"https:\/\/kihlberg.com\/sv\/","name":"Josef kihlberg","description":"Made in Sweden. System manufacturer of premium staples &amp; tools that sets the standard. Legendary.","publisher":{"@id":"https:\/\/kihlberg.com\/sv\/#organization"},"potentialAction":[{"@type":"SearchAction","target":{"@type":"EntryPoint","urlTemplate":"https:\/\/kihlberg.com\/sv\/?s={search_term_string}"},"query-input":{"@type":"PropertyValueSpecification","valueRequired":true,"valueName":"search_term_string"}}],"inLanguage":"sv-SE"},{"@type":"Organization","@id":"https:\/\/kihlberg.com\/sv\/#organization","name":"Josef Kihlberg","url":"https:\/\/kihlberg.com\/sv\/","logo":{"@type":"ImageObject","inLanguage":"sv-SE","@id":"https:\/\/kihlberg.com\/sv\/#\/schema\/logo\/image\/","url":"https:\/\/kihlberg.com\/wp-content\/uploads\/2019\/01\/logo.jpg","contentUrl":"https:\/\/kihlberg.com\/wp-content\/uploads\/2019\/01\/logo.jpg","width":850,"height":850,"caption":"Josef Kihlberg"},"image":{"@id":"https:\/\/kihlberg.com\/sv\/#\/schema\/logo\/image\/"}}]}},"_links":{"self":[{"href":"https:\/\/kihlberg.com\/sv\/wp-json\/wp\/v2\/pages\/83401","targetHints":{"allow":["GET"]}}],"collection":[{"href":"https:\/\/kihlberg.com\/sv\/wp-json\/wp\/v2\/pages"}],"about":[{"href":"https:\/\/kihlberg.com\/sv\/wp-json\/wp\/v2\/types\/page"}],"author":[{"embeddable":true,"href":"https:\/\/kihlberg.com\/sv\/wp-json\/wp\/v2\/users\/1"}],"replies":[{"embeddable":true,"href":"https:\/\/kihlberg.com\/sv\/wp-json\/wp\/v2\/comments?post=83401"}],"version-history":[{"count":0,"href":"https:\/\/kihlberg.com\/sv\/wp-json\/wp\/v2\/pages\/83401\/revisions"}],"wp:attachment":[{"href":"https:\/\/kihlberg.com\/sv\/wp-json\/wp\/v2\/media?parent=83401"}],"curies":[{"name":"wp","href":"https:\/\/api.w.org\/{rel}","templated":true}]}}