{"id":103109,"date":"2019-04-23T12:34:15","date_gmt":"2019-04-23T13:13:18","guid":{"rendered":"https:\/\/kihlberg.com\/?post_type=product&#038;p=103109"},"modified":"2022-05-31T21:18:48","modified_gmt":"2022-05-31T19:18:48","slug":"126511","status":"publish","type":"product","link":"https:\/\/kihlberg.com\/sv\/automation\/126511\/","title":{"rendered":"Klammerverktyg Automation A1H680"},"content":{"rendered":"","protected":false},"excerpt":{"rendered":"<p>JK A-Fast A1H680 klammerverktyg f\u00f6r automation \u00e4r konstruerat f\u00f6r dygnet runt drift med funktionalitet f\u00f6r b\u00e4sta upptid. Modellen H har ett h\u00f6gt magasin med en h\u00f6g avfyrningsgrad som n\u00e5r upp till 750 skott per minut s\u00e5 du kan producera mer p\u00e5 samma med b\u00e4ttre kvalitet. Enheten \u00e4r utrustad med en kontinuerlig laddningscylinder f\u00f6r b\u00e4sta prestanda, en magasinsensor f\u00f6r full kontroll av laddningsstatus (n\u00e4r det \u00e4r dags att fylla p\u00e5 klammer) och en matningskontroll som meddelar n\u00e4r enheten inte f\u00f6rbrukar n\u00e5gra klammer. JK A-Fast A1H680 finns b\u00e5de i elektrisk och pneumatisk utformning. S\u00e5 den enkelt kan integreras efter dina produktionsbehov. A1H670 har enda elektrisk kontakt f\u00f6r alla funktioner som g\u00f6r det enkelt och smidigt vid underh\u00e5ll eller service demontering. Enheten har en slitstark design och \u00e4r tillverkad av kvalitetskomponenter som \u00e4r konstruerade f\u00f6r att uppn\u00e5 optimal prestanda med l\u00e5gt ljudutsl\u00e4pp. Detta g\u00f6r JK A-Fast A1H680 ett idealiskt h\u00e4ftsystem f\u00f6r alla tillverkningsuppgifter.<\/p>\n","protected":false},"featured_media":102971,"template":"","meta":{"_acf_changed":false,"_genesis_hide_title":false,"_genesis_hide_breadcrumbs":false,"_genesis_hide_singular_image":false,"_genesis_hide_footer_widgets":false,"_genesis_custom_body_class":"","_genesis_custom_post_class":"","_genesis_layout":""},"product_brand":[],"product_cat":[418,3101],"class_list":{"0":"post-103109","1":"product","2":"type-product","3":"status-publish","4":"has-post-thumbnail","6":"product_cat-automation","7":"product_cat-klammerverktyg-for-automation-med-hogt-magasin","8":"pa_magazine-capacity-2860-6578-sv","9":"pa_max-pressure-7-sv-sv","10":"pa_nose-length-21-5-sv","11":"entry","13":"first","14":"instock","15":"taxable","16":"shipping-taxable","17":"purchasable","18":"product-type-simple"},"acf":[],"yoast_head":"<!-- This site is optimized with the Yoast SEO plugin v26.1.1 - https:\/\/yoast.com\/wordpress\/plugins\/seo\/ -->\n<title>Klammerverktyg Automation A1H680 &#8226; Josef kihlberg<\/title>\n<meta name=\"robots\" content=\"index, follow, max-snippet:-1, max-image-preview:large, max-video-preview:-1\" \/>\n<link rel=\"canonical\" href=\"https:\/\/kihlberg.com\/sv\/automation\/126511\/\" \/>\n<meta property=\"og:locale\" content=\"sv_SE\" \/>\n<meta property=\"og:type\" content=\"article\" \/>\n<meta property=\"og:title\" content=\"Klammerverktyg Automation A1H680 &#8226; Josef kihlberg\" \/>\n<meta property=\"og:description\" content=\"JK A-Fast A1H680 klammerverktyg f\u00f6r automation \u00e4r konstruerat f\u00f6r dygnet runt drift med funktionalitet f\u00f6r b\u00e4sta upptid. Modellen H har ett h\u00f6gt magasin med en h\u00f6g avfyrningsgrad som n\u00e5r upp till 750 skott per minut s\u00e5 du kan producera mer p\u00e5 samma med b\u00e4ttre kvalitet. Enheten \u00e4r utrustad med en kontinuerlig laddningscylinder f\u00f6r b\u00e4sta prestanda, en magasinsensor f\u00f6r full kontroll av laddningsstatus (n\u00e4r det \u00e4r dags att fylla p\u00e5 klammer) och en matningskontroll som meddelar n\u00e4r enheten inte f\u00f6rbrukar n\u00e5gra klammer. JK A-Fast A1H680 finns b\u00e5de i elektrisk och pneumatisk utformning. S\u00e5 den enkelt kan integreras efter dina produktionsbehov. A1H670 har enda elektrisk kontakt f\u00f6r alla funktioner som g\u00f6r det enkelt och smidigt vid underh\u00e5ll eller service demontering. Enheten har en slitstark design och \u00e4r tillverkad av kvalitetskomponenter som \u00e4r konstruerade f\u00f6r att uppn\u00e5 optimal prestanda med l\u00e5gt ljudutsl\u00e4pp. Detta g\u00f6r JK A-Fast A1H680 ett idealiskt h\u00e4ftsystem f\u00f6r alla tillverkningsuppgifter.\" \/>\n<meta property=\"og:url\" content=\"https:\/\/kihlberg.com\/sv\/automation\/126511\/\" \/>\n<meta property=\"og:site_name\" content=\"Josef kihlberg\" \/>\n<meta property=\"article:modified_time\" content=\"2022-05-31T19:18:48+00:00\" \/>\n<meta property=\"og:image\" content=\"https:\/\/kihlberg.com\/wp-content\/uploads\/2019\/04\/126511.jpg\" \/>\n\t<meta property=\"og:image:width\" content=\"720\" \/>\n\t<meta property=\"og:image:height\" content=\"720\" \/>\n\t<meta property=\"og:image:type\" content=\"image\/jpeg\" \/>\n<meta name=\"twitter:card\" content=\"summary_large_image\" \/>\n<meta name=\"twitter:label1\" content=\"Pris\" \/>\n\t<meta name=\"twitter:data1\" content=\"&euro;0\" \/>\n\t<meta name=\"twitter:label2\" content=\"Tillg\u00e4nglig\" \/>\n\t<meta name=\"twitter:data2\" content=\"I lager\" \/>\n<script type=\"application\/ld+json\" class=\"yoast-schema-graph\">{\"@context\":\"https:\/\/schema.org\",\"@graph\":[{\"@type\":\"WebPage\",\"@id\":\"https:\/\/kihlberg.com\/sv\/automation\/126511\/\",\"url\":\"https:\/\/kihlberg.com\/sv\/automation\/126511\/\",\"name\":\"Klammerverktyg Automation A1H680 &#8226; Josef kihlberg\",\"isPartOf\":{\"@id\":\"https:\/\/kihlberg.com\/sv\/#website\"},\"primaryImageOfPage\":{\"@id\":\"https:\/\/kihlberg.com\/sv\/automation\/126511\/#primaryimage\"},\"image\":{\"@id\":\"https:\/\/kihlberg.com\/sv\/automation\/126511\/#primaryimage\"},\"thumbnailUrl\":\"https:\/\/kihlberg.com\/wp-content\/uploads\/2019\/04\/126511.jpg\",\"datePublished\":\"2019-04-23T13:13:18+00:00\",\"dateModified\":\"2022-05-31T19:18:48+00:00\",\"breadcrumb\":{\"@id\":\"https:\/\/kihlberg.com\/sv\/automation\/126511\/#breadcrumb\"},\"inLanguage\":\"sv-SE\",\"potentialAction\":[{\"@type\":\"ReadAction\",\"target\":[\"https:\/\/kihlberg.com\/sv\/automation\/126511\/\"]}]},{\"@type\":\"ImageObject\",\"inLanguage\":\"sv-SE\",\"@id\":\"https:\/\/kihlberg.com\/sv\/automation\/126511\/#primaryimage\",\"url\":\"https:\/\/kihlberg.com\/wp-content\/uploads\/2019\/04\/126511.jpg\",\"contentUrl\":\"https:\/\/kihlberg.com\/wp-content\/uploads\/2019\/04\/126511.jpg\",\"width\":720,\"height\":720,\"caption\":\"Automated stapling unit\"},{\"@type\":\"BreadcrumbList\",\"@id\":\"https:\/\/kihlberg.com\/sv\/automation\/126511\/#breadcrumb\",\"itemListElement\":[{\"@type\":\"ListItem\",\"position\":1,\"name\":\"Home\",\"item\":\"https:\/\/kihlberg.com\/sv\/\"},{\"@type\":\"ListItem\",\"position\":2,\"name\":\"Shop\",\"item\":\"https:\/\/kihlberg.com\/shop\/\"},{\"@type\":\"ListItem\",\"position\":3,\"name\":\"Automation\",\"item\":\"https:\/\/kihlberg.com\/sv\/automation\/\"},{\"@type\":\"ListItem\",\"position\":4,\"name\":\"Klammerverktyg Automation A1H680\"}]},{\"@type\":\"WebSite\",\"@id\":\"https:\/\/kihlberg.com\/sv\/#website\",\"url\":\"https:\/\/kihlberg.com\/sv\/\",\"name\":\"Josef kihlberg\",\"description\":\"Made in Sweden. System manufacturer of premium staples &amp; tools that sets the standard. Legendary.\",\"publisher\":{\"@id\":\"https:\/\/kihlberg.com\/sv\/#organization\"},\"potentialAction\":[{\"@type\":\"SearchAction\",\"target\":{\"@type\":\"EntryPoint\",\"urlTemplate\":\"https:\/\/kihlberg.com\/sv\/?s={search_term_string}\"},\"query-input\":{\"@type\":\"PropertyValueSpecification\",\"valueRequired\":true,\"valueName\":\"search_term_string\"}}],\"inLanguage\":\"sv-SE\"},{\"@type\":\"Organization\",\"@id\":\"https:\/\/kihlberg.com\/sv\/#organization\",\"name\":\"Josef Kihlberg\",\"url\":\"https:\/\/kihlberg.com\/sv\/\",\"logo\":{\"@type\":\"ImageObject\",\"inLanguage\":\"sv-SE\",\"@id\":\"https:\/\/kihlberg.com\/sv\/#\/schema\/logo\/image\/\",\"url\":\"https:\/\/kihlberg.com\/wp-content\/uploads\/2019\/01\/logo.jpg\",\"contentUrl\":\"https:\/\/kihlberg.com\/wp-content\/uploads\/2019\/01\/logo.jpg\",\"width\":850,\"height\":850,\"caption\":\"Josef Kihlberg\"},\"image\":{\"@id\":\"https:\/\/kihlberg.com\/sv\/#\/schema\/logo\/image\/\"}}]}<\/script>\n<meta property=\"product:price:amount\" content=\"0\" \/>\n<meta property=\"product:price:currency\" content=\"EUR\" \/>\n<meta property=\"og:availability\" content=\"instock\" \/>\n<meta property=\"product:availability\" content=\"instock\" \/>\n<meta property=\"product:retailer_item_id\" content=\"126511\" \/>\n<meta property=\"product:condition\" content=\"new\" \/>\n<!-- \/ Yoast SEO plugin. -->","yoast_head_json":{"title":"Klammerverktyg Automation A1H680 &#8226; Josef kihlberg","robots":{"index":"index","follow":"follow","max-snippet":"max-snippet:-1","max-image-preview":"max-image-preview:large","max-video-preview":"max-video-preview:-1"},"canonical":"https:\/\/kihlberg.com\/sv\/automation\/126511\/","og_locale":"sv_SE","og_type":"article","og_title":"Klammerverktyg Automation A1H680 &#8226; Josef kihlberg","og_description":"JK A-Fast A1H680 klammerverktyg f\u00f6r automation \u00e4r konstruerat f\u00f6r dygnet runt drift med funktionalitet f\u00f6r b\u00e4sta upptid. Modellen H har ett h\u00f6gt magasin med en h\u00f6g avfyrningsgrad som n\u00e5r upp till 750 skott per minut s\u00e5 du kan producera mer p\u00e5 samma med b\u00e4ttre kvalitet. Enheten \u00e4r utrustad med en kontinuerlig laddningscylinder f\u00f6r b\u00e4sta prestanda, en magasinsensor f\u00f6r full kontroll av laddningsstatus (n\u00e4r det \u00e4r dags att fylla p\u00e5 klammer) och en matningskontroll som meddelar n\u00e4r enheten inte f\u00f6rbrukar n\u00e5gra klammer. JK A-Fast A1H680 finns b\u00e5de i elektrisk och pneumatisk utformning. S\u00e5 den enkelt kan integreras efter dina produktionsbehov. A1H670 har enda elektrisk kontakt f\u00f6r alla funktioner som g\u00f6r det enkelt och smidigt vid underh\u00e5ll eller service demontering. Enheten har en slitstark design och \u00e4r tillverkad av kvalitetskomponenter som \u00e4r konstruerade f\u00f6r att uppn\u00e5 optimal prestanda med l\u00e5gt ljudutsl\u00e4pp. Detta g\u00f6r JK A-Fast A1H680 ett idealiskt h\u00e4ftsystem f\u00f6r alla tillverkningsuppgifter.","og_url":"https:\/\/kihlberg.com\/sv\/automation\/126511\/","og_site_name":"Josef kihlberg","article_modified_time":"2022-05-31T19:18:48+00:00","og_image":[{"width":720,"height":720,"url":"https:\/\/kihlberg.com\/wp-content\/uploads\/2019\/04\/126511.jpg","type":"image\/jpeg"}],"twitter_card":"summary_large_image","twitter_misc":{"Pris":"&euro;0","Tillg\u00e4nglig":"I lager"},"schema":{"@context":"https:\/\/schema.org","@graph":[{"@type":"WebPage","@id":"https:\/\/kihlberg.com\/sv\/automation\/126511\/","url":"https:\/\/kihlberg.com\/sv\/automation\/126511\/","name":"Klammerverktyg Automation A1H680 &#8226; Josef kihlberg","isPartOf":{"@id":"https:\/\/kihlberg.com\/sv\/#website"},"primaryImageOfPage":{"@id":"https:\/\/kihlberg.com\/sv\/automation\/126511\/#primaryimage"},"image":{"@id":"https:\/\/kihlberg.com\/sv\/automation\/126511\/#primaryimage"},"thumbnailUrl":"https:\/\/kihlberg.com\/wp-content\/uploads\/2019\/04\/126511.jpg","datePublished":"2019-04-23T13:13:18+00:00","dateModified":"2022-05-31T19:18:48+00:00","breadcrumb":{"@id":"https:\/\/kihlberg.com\/sv\/automation\/126511\/#breadcrumb"},"inLanguage":"sv-SE","potentialAction":[{"@type":"ReadAction","target":["https:\/\/kihlberg.com\/sv\/automation\/126511\/"]}]},{"@type":"ImageObject","inLanguage":"sv-SE","@id":"https:\/\/kihlberg.com\/sv\/automation\/126511\/#primaryimage","url":"https:\/\/kihlberg.com\/wp-content\/uploads\/2019\/04\/126511.jpg","contentUrl":"https:\/\/kihlberg.com\/wp-content\/uploads\/2019\/04\/126511.jpg","width":720,"height":720,"caption":"Automated stapling unit"},{"@type":"BreadcrumbList","@id":"https:\/\/kihlberg.com\/sv\/automation\/126511\/#breadcrumb","itemListElement":[{"@type":"ListItem","position":1,"name":"Home","item":"https:\/\/kihlberg.com\/sv\/"},{"@type":"ListItem","position":2,"name":"Shop","item":"https:\/\/kihlberg.com\/shop\/"},{"@type":"ListItem","position":3,"name":"Automation","item":"https:\/\/kihlberg.com\/sv\/automation\/"},{"@type":"ListItem","position":4,"name":"Klammerverktyg Automation A1H680"}]},{"@type":"WebSite","@id":"https:\/\/kihlberg.com\/sv\/#website","url":"https:\/\/kihlberg.com\/sv\/","name":"Josef kihlberg","description":"Made in Sweden. System manufacturer of premium staples &amp; tools that sets the standard. Legendary.","publisher":{"@id":"https:\/\/kihlberg.com\/sv\/#organization"},"potentialAction":[{"@type":"SearchAction","target":{"@type":"EntryPoint","urlTemplate":"https:\/\/kihlberg.com\/sv\/?s={search_term_string}"},"query-input":{"@type":"PropertyValueSpecification","valueRequired":true,"valueName":"search_term_string"}}],"inLanguage":"sv-SE"},{"@type":"Organization","@id":"https:\/\/kihlberg.com\/sv\/#organization","name":"Josef Kihlberg","url":"https:\/\/kihlberg.com\/sv\/","logo":{"@type":"ImageObject","inLanguage":"sv-SE","@id":"https:\/\/kihlberg.com\/sv\/#\/schema\/logo\/image\/","url":"https:\/\/kihlberg.com\/wp-content\/uploads\/2019\/01\/logo.jpg","contentUrl":"https:\/\/kihlberg.com\/wp-content\/uploads\/2019\/01\/logo.jpg","width":850,"height":850,"caption":"Josef Kihlberg"},"image":{"@id":"https:\/\/kihlberg.com\/sv\/#\/schema\/logo\/image\/"}}]},"product_price_currency":"EUR","og_availability":"instock","product_availability":"instock","product_retailer_item_id":"126511","product_condition":"new"},"_links":{"self":[{"href":"https:\/\/kihlberg.com\/sv\/wp-json\/wp\/v2\/product\/103109","targetHints":{"allow":["GET"]}}],"collection":[{"href":"https:\/\/kihlberg.com\/sv\/wp-json\/wp\/v2\/product"}],"about":[{"href":"https:\/\/kihlberg.com\/sv\/wp-json\/wp\/v2\/types\/product"}],"wp:featuredmedia":[{"embeddable":true,"href":"https:\/\/kihlberg.com\/sv\/wp-json\/wp\/v2\/media\/102971"}],"wp:attachment":[{"href":"https:\/\/kihlberg.com\/sv\/wp-json\/wp\/v2\/media?parent=103109"}],"wp:term":[{"taxonomy":"product_brand","embeddable":true,"href":"https:\/\/kihlberg.com\/sv\/wp-json\/wp\/v2\/product_brand?post=103109"},{"taxonomy":"product_cat","embeddable":true,"href":"https:\/\/kihlberg.com\/sv\/wp-json\/wp\/v2\/product_cat?post=103109"}],"curies":[{"name":"wp","href":"https:\/\/api.w.org\/{rel}","templated":true}]}}