{"id":103117,"date":"2019-04-23T12:36:31","date_gmt":"2019-04-23T13:11:09","guid":{"rendered":"https:\/\/kihlberg.com\/?post_type=product&#038;p=103117"},"modified":"2022-05-31T21:07:08","modified_gmt":"2022-05-31T19:07:08","slug":"126560","status":"publish","type":"product","link":"https:\/\/kihlberg.com\/sv\/automation\/klammerverktyg-for-automation-med-langt-magasin\/126560\/","title":{"rendered":"Klammerverktyg Automation A3L653"},"content":{"rendered":"","protected":false},"excerpt":{"rendered":"<p>JK A-Fast A3L653 klammersystem f\u00f6r automation \u00e4r konstruerat f\u00f6r dygnet runt drift med funktionalitet f\u00f6r b\u00e4sta upptid. Modellen L med l\u00e5ngt magasin har en h\u00f6g avfyrningsgrad (500 skott per minut) s\u00e5 du kan producera mer p\u00e5 samma tid med b\u00e4ttre kvalitet. Enheten \u00e4r utrustad med en magasinsensor f\u00f6r full kontroll av laddningsstatus (n\u00e4r det \u00e4r dags att fylla p\u00e5 klammer) och en matningskontroll som meddelar n\u00e4r enheten inte f\u00f6rbrukar n\u00e5gra klammer. A3L653 finns b\u00e5de i elektrisk och pneumatisk utformning. S\u00e5 den enkelt kan integreras efter dina produktionsbehov. Enheten har en enda elektrisk kontakt f\u00f6r alla funktioner som g\u00f6r det enkelt och smidigt vid underh\u00e5ll eller service. A3L653 har slitstark design och \u00e4r tillverkad av kvalitetskomponenter som \u00e4r konstruerade f\u00f6r att uppn\u00e5 optimal prestanda med l\u00e5gt ljudutsl\u00e4pp. A3L653 ett idealiskt automationssystem f\u00f6r alla tillverkningsuppgifter.<\/p>\n","protected":false},"featured_media":102978,"template":"","meta":{"_acf_changed":false,"_genesis_hide_title":false,"_genesis_hide_breadcrumbs":false,"_genesis_hide_singular_image":false,"_genesis_hide_footer_widgets":false,"_genesis_custom_body_class":"","_genesis_custom_post_class":"","_genesis_layout":""},"product_brand":[],"product_cat":[418,3078],"class_list":{"0":"post-103117","1":"product","2":"type-product","3":"status-publish","4":"has-post-thumbnail","6":"product_cat-automation","7":"product_cat-klammerverktyg-for-automation-med-langt-magasin","8":"pa_magazine-capacity-225-sv","9":"pa_max-pressure-7-sv-4","10":"pa_nose-length-21-sv-2","11":"pa_staple-leg-length-25-50-mm-1-2-in-sv","12":"entry","14":"first","15":"instock","16":"taxable","17":"shipping-taxable","18":"purchasable","19":"product-type-simple"},"acf":[],"yoast_head":"<!-- This site is optimized with the Yoast SEO plugin v26.1.1 - https:\/\/yoast.com\/wordpress\/plugins\/seo\/ -->\n<title>Klammerverktyg Automation A3L653 &#8226; Josef kihlberg<\/title>\n<meta name=\"robots\" content=\"index, follow, max-snippet:-1, max-image-preview:large, max-video-preview:-1\" \/>\n<link rel=\"canonical\" href=\"https:\/\/kihlberg.com\/sv\/automation\/klammerverktyg-for-automation-med-langt-magasin\/126560\/\" \/>\n<meta property=\"og:locale\" content=\"sv_SE\" \/>\n<meta property=\"og:type\" content=\"article\" \/>\n<meta property=\"og:title\" content=\"Klammerverktyg Automation A3L653 &#8226; Josef kihlberg\" \/>\n<meta property=\"og:description\" content=\"JK A-Fast A3L653 klammersystem f\u00f6r automation \u00e4r konstruerat f\u00f6r dygnet runt drift med funktionalitet f\u00f6r b\u00e4sta upptid. Modellen L med l\u00e5ngt magasin har en h\u00f6g avfyrningsgrad (500 skott per minut) s\u00e5 du kan producera mer p\u00e5 samma tid med b\u00e4ttre kvalitet. Enheten \u00e4r utrustad med en magasinsensor f\u00f6r full kontroll av laddningsstatus (n\u00e4r det \u00e4r dags att fylla p\u00e5 klammer) och en matningskontroll som meddelar n\u00e4r enheten inte f\u00f6rbrukar n\u00e5gra klammer. A3L653 finns b\u00e5de i elektrisk och pneumatisk utformning. S\u00e5 den enkelt kan integreras efter dina produktionsbehov. Enheten har en enda elektrisk kontakt f\u00f6r alla funktioner som g\u00f6r det enkelt och smidigt vid underh\u00e5ll eller service. A3L653 har slitstark design och \u00e4r tillverkad av kvalitetskomponenter som \u00e4r konstruerade f\u00f6r att uppn\u00e5 optimal prestanda med l\u00e5gt ljudutsl\u00e4pp. A3L653 ett idealiskt automationssystem f\u00f6r alla tillverkningsuppgifter.\" \/>\n<meta property=\"og:url\" content=\"https:\/\/kihlberg.com\/sv\/automation\/klammerverktyg-for-automation-med-langt-magasin\/126560\/\" \/>\n<meta property=\"og:site_name\" content=\"Josef kihlberg\" \/>\n<meta property=\"article:modified_time\" content=\"2022-05-31T19:07:08+00:00\" \/>\n<meta property=\"og:image\" content=\"https:\/\/kihlberg.com\/wp-content\/uploads\/2019\/04\/126560.jpg\" \/>\n\t<meta property=\"og:image:width\" content=\"720\" \/>\n\t<meta property=\"og:image:height\" content=\"720\" \/>\n\t<meta property=\"og:image:type\" content=\"image\/jpeg\" \/>\n<meta name=\"twitter:card\" content=\"summary_large_image\" \/>\n<meta name=\"twitter:label1\" content=\"Pris\" \/>\n\t<meta name=\"twitter:data1\" content=\"&euro;0\" \/>\n\t<meta name=\"twitter:label2\" content=\"Tillg\u00e4nglig\" \/>\n\t<meta name=\"twitter:data2\" content=\"I lager\" \/>\n<script type=\"application\/ld+json\" class=\"yoast-schema-graph\">{\"@context\":\"https:\/\/schema.org\",\"@graph\":[{\"@type\":\"WebPage\",\"@id\":\"https:\/\/kihlberg.com\/sv\/automation\/klammerverktyg-for-automation-med-langt-magasin\/126560\/\",\"url\":\"https:\/\/kihlberg.com\/sv\/automation\/klammerverktyg-for-automation-med-langt-magasin\/126560\/\",\"name\":\"Klammerverktyg Automation A3L653 &#8226; Josef kihlberg\",\"isPartOf\":{\"@id\":\"https:\/\/kihlberg.com\/sv\/#website\"},\"primaryImageOfPage\":{\"@id\":\"https:\/\/kihlberg.com\/sv\/automation\/klammerverktyg-for-automation-med-langt-magasin\/126560\/#primaryimage\"},\"image\":{\"@id\":\"https:\/\/kihlberg.com\/sv\/automation\/klammerverktyg-for-automation-med-langt-magasin\/126560\/#primaryimage\"},\"thumbnailUrl\":\"https:\/\/kihlberg.com\/wp-content\/uploads\/2019\/04\/126560.jpg\",\"datePublished\":\"2019-04-23T13:11:09+00:00\",\"dateModified\":\"2022-05-31T19:07:08+00:00\",\"breadcrumb\":{\"@id\":\"https:\/\/kihlberg.com\/sv\/automation\/klammerverktyg-for-automation-med-langt-magasin\/126560\/#breadcrumb\"},\"inLanguage\":\"sv-SE\",\"potentialAction\":[{\"@type\":\"ReadAction\",\"target\":[\"https:\/\/kihlberg.com\/sv\/automation\/klammerverktyg-for-automation-med-langt-magasin\/126560\/\"]}]},{\"@type\":\"ImageObject\",\"inLanguage\":\"sv-SE\",\"@id\":\"https:\/\/kihlberg.com\/sv\/automation\/klammerverktyg-for-automation-med-langt-magasin\/126560\/#primaryimage\",\"url\":\"https:\/\/kihlberg.com\/wp-content\/uploads\/2019\/04\/126560.jpg\",\"contentUrl\":\"https:\/\/kihlberg.com\/wp-content\/uploads\/2019\/04\/126560.jpg\",\"width\":720,\"height\":720,\"caption\":\"Automation stapling unit\"},{\"@type\":\"BreadcrumbList\",\"@id\":\"https:\/\/kihlberg.com\/sv\/automation\/klammerverktyg-for-automation-med-langt-magasin\/126560\/#breadcrumb\",\"itemListElement\":[{\"@type\":\"ListItem\",\"position\":1,\"name\":\"Home\",\"item\":\"https:\/\/kihlberg.com\/sv\/\"},{\"@type\":\"ListItem\",\"position\":2,\"name\":\"Shop\",\"item\":\"https:\/\/kihlberg.com\/shop\/\"},{\"@type\":\"ListItem\",\"position\":3,\"name\":\"Automation\",\"item\":\"https:\/\/kihlberg.com\/sv\/automation\/\"},{\"@type\":\"ListItem\",\"position\":4,\"name\":\"Klammerverktyg f\u00f6r automation med l\u00e5ngt magasin\",\"item\":\"https:\/\/kihlberg.com\/sv\/automation\/klammerverktyg-for-automation-med-langt-magasin\/\"},{\"@type\":\"ListItem\",\"position\":5,\"name\":\"Klammerverktyg Automation A3L653\"}]},{\"@type\":\"WebSite\",\"@id\":\"https:\/\/kihlberg.com\/sv\/#website\",\"url\":\"https:\/\/kihlberg.com\/sv\/\",\"name\":\"Josef kihlberg\",\"description\":\"Made in Sweden. System manufacturer of premium staples &amp; tools that sets the standard. Legendary.\",\"publisher\":{\"@id\":\"https:\/\/kihlberg.com\/sv\/#organization\"},\"potentialAction\":[{\"@type\":\"SearchAction\",\"target\":{\"@type\":\"EntryPoint\",\"urlTemplate\":\"https:\/\/kihlberg.com\/sv\/?s={search_term_string}\"},\"query-input\":{\"@type\":\"PropertyValueSpecification\",\"valueRequired\":true,\"valueName\":\"search_term_string\"}}],\"inLanguage\":\"sv-SE\"},{\"@type\":\"Organization\",\"@id\":\"https:\/\/kihlberg.com\/sv\/#organization\",\"name\":\"Josef Kihlberg\",\"url\":\"https:\/\/kihlberg.com\/sv\/\",\"logo\":{\"@type\":\"ImageObject\",\"inLanguage\":\"sv-SE\",\"@id\":\"https:\/\/kihlberg.com\/sv\/#\/schema\/logo\/image\/\",\"url\":\"https:\/\/kihlberg.com\/wp-content\/uploads\/2019\/01\/logo.jpg\",\"contentUrl\":\"https:\/\/kihlberg.com\/wp-content\/uploads\/2019\/01\/logo.jpg\",\"width\":850,\"height\":850,\"caption\":\"Josef Kihlberg\"},\"image\":{\"@id\":\"https:\/\/kihlberg.com\/sv\/#\/schema\/logo\/image\/\"}}]}<\/script>\n<meta property=\"product:price:amount\" content=\"0\" \/>\n<meta property=\"product:price:currency\" content=\"EUR\" \/>\n<meta property=\"og:availability\" content=\"instock\" \/>\n<meta property=\"product:availability\" content=\"instock\" \/>\n<meta property=\"product:retailer_item_id\" content=\"126560\" \/>\n<meta property=\"product:condition\" content=\"new\" \/>\n<!-- \/ Yoast SEO plugin. -->","yoast_head_json":{"title":"Klammerverktyg Automation A3L653 &#8226; Josef kihlberg","robots":{"index":"index","follow":"follow","max-snippet":"max-snippet:-1","max-image-preview":"max-image-preview:large","max-video-preview":"max-video-preview:-1"},"canonical":"https:\/\/kihlberg.com\/sv\/automation\/klammerverktyg-for-automation-med-langt-magasin\/126560\/","og_locale":"sv_SE","og_type":"article","og_title":"Klammerverktyg Automation A3L653 &#8226; Josef kihlberg","og_description":"JK A-Fast A3L653 klammersystem f\u00f6r automation \u00e4r konstruerat f\u00f6r dygnet runt drift med funktionalitet f\u00f6r b\u00e4sta upptid. Modellen L med l\u00e5ngt magasin har en h\u00f6g avfyrningsgrad (500 skott per minut) s\u00e5 du kan producera mer p\u00e5 samma tid med b\u00e4ttre kvalitet. Enheten \u00e4r utrustad med en magasinsensor f\u00f6r full kontroll av laddningsstatus (n\u00e4r det \u00e4r dags att fylla p\u00e5 klammer) och en matningskontroll som meddelar n\u00e4r enheten inte f\u00f6rbrukar n\u00e5gra klammer. A3L653 finns b\u00e5de i elektrisk och pneumatisk utformning. S\u00e5 den enkelt kan integreras efter dina produktionsbehov. Enheten har en enda elektrisk kontakt f\u00f6r alla funktioner som g\u00f6r det enkelt och smidigt vid underh\u00e5ll eller service. A3L653 har slitstark design och \u00e4r tillverkad av kvalitetskomponenter som \u00e4r konstruerade f\u00f6r att uppn\u00e5 optimal prestanda med l\u00e5gt ljudutsl\u00e4pp. A3L653 ett idealiskt automationssystem f\u00f6r alla tillverkningsuppgifter.","og_url":"https:\/\/kihlberg.com\/sv\/automation\/klammerverktyg-for-automation-med-langt-magasin\/126560\/","og_site_name":"Josef kihlberg","article_modified_time":"2022-05-31T19:07:08+00:00","og_image":[{"width":720,"height":720,"url":"https:\/\/kihlberg.com\/wp-content\/uploads\/2019\/04\/126560.jpg","type":"image\/jpeg"}],"twitter_card":"summary_large_image","twitter_misc":{"Pris":"&euro;0","Tillg\u00e4nglig":"I lager"},"schema":{"@context":"https:\/\/schema.org","@graph":[{"@type":"WebPage","@id":"https:\/\/kihlberg.com\/sv\/automation\/klammerverktyg-for-automation-med-langt-magasin\/126560\/","url":"https:\/\/kihlberg.com\/sv\/automation\/klammerverktyg-for-automation-med-langt-magasin\/126560\/","name":"Klammerverktyg Automation A3L653 &#8226; Josef kihlberg","isPartOf":{"@id":"https:\/\/kihlberg.com\/sv\/#website"},"primaryImageOfPage":{"@id":"https:\/\/kihlberg.com\/sv\/automation\/klammerverktyg-for-automation-med-langt-magasin\/126560\/#primaryimage"},"image":{"@id":"https:\/\/kihlberg.com\/sv\/automation\/klammerverktyg-for-automation-med-langt-magasin\/126560\/#primaryimage"},"thumbnailUrl":"https:\/\/kihlberg.com\/wp-content\/uploads\/2019\/04\/126560.jpg","datePublished":"2019-04-23T13:11:09+00:00","dateModified":"2022-05-31T19:07:08+00:00","breadcrumb":{"@id":"https:\/\/kihlberg.com\/sv\/automation\/klammerverktyg-for-automation-med-langt-magasin\/126560\/#breadcrumb"},"inLanguage":"sv-SE","potentialAction":[{"@type":"ReadAction","target":["https:\/\/kihlberg.com\/sv\/automation\/klammerverktyg-for-automation-med-langt-magasin\/126560\/"]}]},{"@type":"ImageObject","inLanguage":"sv-SE","@id":"https:\/\/kihlberg.com\/sv\/automation\/klammerverktyg-for-automation-med-langt-magasin\/126560\/#primaryimage","url":"https:\/\/kihlberg.com\/wp-content\/uploads\/2019\/04\/126560.jpg","contentUrl":"https:\/\/kihlberg.com\/wp-content\/uploads\/2019\/04\/126560.jpg","width":720,"height":720,"caption":"Automation stapling unit"},{"@type":"BreadcrumbList","@id":"https:\/\/kihlberg.com\/sv\/automation\/klammerverktyg-for-automation-med-langt-magasin\/126560\/#breadcrumb","itemListElement":[{"@type":"ListItem","position":1,"name":"Home","item":"https:\/\/kihlberg.com\/sv\/"},{"@type":"ListItem","position":2,"name":"Shop","item":"https:\/\/kihlberg.com\/shop\/"},{"@type":"ListItem","position":3,"name":"Automation","item":"https:\/\/kihlberg.com\/sv\/automation\/"},{"@type":"ListItem","position":4,"name":"Klammerverktyg f\u00f6r automation med l\u00e5ngt magasin","item":"https:\/\/kihlberg.com\/sv\/automation\/klammerverktyg-for-automation-med-langt-magasin\/"},{"@type":"ListItem","position":5,"name":"Klammerverktyg Automation A3L653"}]},{"@type":"WebSite","@id":"https:\/\/kihlberg.com\/sv\/#website","url":"https:\/\/kihlberg.com\/sv\/","name":"Josef kihlberg","description":"Made in Sweden. System manufacturer of premium staples &amp; tools that sets the standard. Legendary.","publisher":{"@id":"https:\/\/kihlberg.com\/sv\/#organization"},"potentialAction":[{"@type":"SearchAction","target":{"@type":"EntryPoint","urlTemplate":"https:\/\/kihlberg.com\/sv\/?s={search_term_string}"},"query-input":{"@type":"PropertyValueSpecification","valueRequired":true,"valueName":"search_term_string"}}],"inLanguage":"sv-SE"},{"@type":"Organization","@id":"https:\/\/kihlberg.com\/sv\/#organization","name":"Josef Kihlberg","url":"https:\/\/kihlberg.com\/sv\/","logo":{"@type":"ImageObject","inLanguage":"sv-SE","@id":"https:\/\/kihlberg.com\/sv\/#\/schema\/logo\/image\/","url":"https:\/\/kihlberg.com\/wp-content\/uploads\/2019\/01\/logo.jpg","contentUrl":"https:\/\/kihlberg.com\/wp-content\/uploads\/2019\/01\/logo.jpg","width":850,"height":850,"caption":"Josef Kihlberg"},"image":{"@id":"https:\/\/kihlberg.com\/sv\/#\/schema\/logo\/image\/"}}]},"product_price_currency":"EUR","og_availability":"instock","product_availability":"instock","product_retailer_item_id":"126560","product_condition":"new"},"_links":{"self":[{"href":"https:\/\/kihlberg.com\/sv\/wp-json\/wp\/v2\/product\/103117","targetHints":{"allow":["GET"]}}],"collection":[{"href":"https:\/\/kihlberg.com\/sv\/wp-json\/wp\/v2\/product"}],"about":[{"href":"https:\/\/kihlberg.com\/sv\/wp-json\/wp\/v2\/types\/product"}],"wp:featuredmedia":[{"embeddable":true,"href":"https:\/\/kihlberg.com\/sv\/wp-json\/wp\/v2\/media\/102978"}],"wp:attachment":[{"href":"https:\/\/kihlberg.com\/sv\/wp-json\/wp\/v2\/media?parent=103117"}],"wp:term":[{"taxonomy":"product_brand","embeddable":true,"href":"https:\/\/kihlberg.com\/sv\/wp-json\/wp\/v2\/product_brand?post=103117"},{"taxonomy":"product_cat","embeddable":true,"href":"https:\/\/kihlberg.com\/sv\/wp-json\/wp\/v2\/product_cat?post=103117"}],"curies":[{"name":"wp","href":"https:\/\/api.w.org\/{rel}","templated":true}]}}