{"id":105545,"date":"2019-06-04T13:53:09","date_gmt":"2019-06-04T14:24:22","guid":{"rendered":"https:\/\/kihlberg.com\/?post_type=product&#038;p=105545"},"modified":"2019-11-25T08:10:22","modified_gmt":"2019-11-25T08:10:22","slug":"128201","status":"publish","type":"product","link":"https:\/\/kihlberg.com\/sv\/batteriverktyg\/128201\/","title":{"rendered":"Batteridriven lockh\u00e4ftare c.561B22CL"},"content":{"rendered":"","protected":false},"excerpt":{"rendered":"<p><strong>Modell med Korslaser<\/strong><\/p>\n<p>V\u00e5r batteridrivna lockh\u00e4ftare tar din f\u00f6rpackningsf\u00f6rslutning till n\u00e4sta niv\u00e5. Den \u00e4r ergonomisk, l\u00e4ttanv\u00e4nd, ekonomisk och snabb. Lockh\u00e4ftaren \u00e4r designad f\u00f6r anv\u00e4ndaren, den \u00e4r l\u00e4tt att b\u00e4ra och har ett ergonomiskt handtag. Vid anv\u00e4ndandet producerar verktyget ett l\u00e5gt ljud, allt f\u00f6r b\u00e4sta arbetsmilj\u00f6. Verktyget \u00e4r enkelt att anv\u00e4nda med sitt digitala interface och LED status indikator vilket ger anv\u00e4ndaren full kontroll under hela processen. Du kan k\u00e4nna dig trygg n\u00e4r du anv\u00e4nder verktyget, v\u00e5r s\u00e4kerhetssp\u00e4rr, kartongdetektor och avtryckardetektor ser till att du alltid har maximal s\u00e4kerhet. \u00c4ven vid underh\u00e5ll kan vara s\u00e4ker p\u00e5 att verktyget \u00e4r p\u00e5litligt, den har en s\u00e4kerhetssp\u00e4rr som l\u00e5ser verktyget n\u00e4r magasinet \u00e4r avmonterat vilket f\u00f6rhindrar avfyrning av misstag.<\/p>\n<p>Med v\u00e5rt batteriverktyg har du total frihet och mobilitet tack vare dess konstruktion och top of the line Li-Ion batteri . Det g\u00f6r att verktyget kan avfyra upp till 8000 klammer per laddning och kan avfyra 5 klammer per sekund, hastigheten du beh\u00f6ver f\u00f6r att vara effektiv. Verktyget kommer med 3 olika avfyrningsinst\u00e4llningar manuell, semi-automatisk och automatiskt som kan anv\u00e4ndas beroende p\u00e5 vilken typ av kartong som beh\u00f6ver f\u00f6rslutas.<\/p>\n<p>F\u00f6r b\u00e4sta kartongf\u00f6rslutning har modellen en korslaser som g\u00f6r det enklare och snabbare att positionera verktyget, vilket ger en b\u00e4ttre och mer professionell klamring p\u00e5 varje kartong.<\/p>\n","protected":false},"featured_media":107131,"template":"","meta":{"_acf_changed":false,"_genesis_hide_title":false,"_genesis_hide_breadcrumbs":false,"_genesis_hide_singular_image":false,"_genesis_hide_footer_widgets":false,"_genesis_custom_body_class":"","_genesis_custom_post_class":"","_genesis_layout":""},"product_brand":[],"product_cat":[2813,3051],"class_list":{"0":"post-105545","1":"product","2":"type-product","3":"status-publish","4":"has-post-thumbnail","6":"product_cat-batteriverktyg","7":"product_cat-korslaser","8":"entry","10":"first","11":"instock","12":"taxable","13":"shipping-taxable","14":"purchasable","15":"product-type-simple"},"acf":[],"yoast_head":"<!-- This site is optimized with the Yoast SEO plugin v26.1.1 - https:\/\/yoast.com\/wordpress\/plugins\/seo\/ -->\n<title>Batteridriven lockh\u00e4ftare c.561B22CL &#8226; Josef kihlberg<\/title>\n<meta name=\"description\" content=\"N\u00e4sta generations sladdl\u00f6sa kartongf\u00f6rslutare. Upp till 6000 klammer per laddning. Den ergonomisk, kostnadseffektiv och enkel att anv\u00e4nda. Missa inte!\" \/>\n<meta name=\"robots\" content=\"index, follow, max-snippet:-1, max-image-preview:large, max-video-preview:-1\" \/>\n<link rel=\"canonical\" href=\"https:\/\/kihlberg.com\/sv\/batteriverktyg\/128201\/\" \/>\n<meta property=\"og:locale\" content=\"sv_SE\" \/>\n<meta property=\"og:type\" content=\"article\" \/>\n<meta property=\"og:title\" content=\"Batteridriven lockh\u00e4ftare c.561B22CL &#8226; Josef kihlberg\" \/>\n<meta property=\"og:description\" content=\"N\u00e4sta generations sladdl\u00f6sa kartongf\u00f6rslutare. Upp till 6000 klammer per laddning. Den ergonomisk, kostnadseffektiv och enkel att anv\u00e4nda. Missa inte!\" \/>\n<meta property=\"og:url\" content=\"https:\/\/kihlberg.com\/sv\/batteriverktyg\/128201\/\" \/>\n<meta property=\"og:site_name\" content=\"Josef kihlberg\" \/>\n<meta property=\"article:modified_time\" content=\"2019-11-25T08:10:22+00:00\" \/>\n<meta property=\"og:image\" content=\"https:\/\/kihlberg.com\/wp-content\/uploads\/2019\/06\/cordless-carton-closer-top-stapler-cross-laser-c561B-a560B.png\" \/>\n\t<meta property=\"og:image:width\" content=\"750\" \/>\n\t<meta property=\"og:image:height\" content=\"750\" \/>\n\t<meta property=\"og:image:type\" content=\"image\/png\" \/>\n<meta name=\"twitter:card\" content=\"summary_large_image\" \/>\n<meta name=\"twitter:label1\" content=\"Pris\" \/>\n\t<meta name=\"twitter:data1\" content=\"&euro;1 595\" \/>\n\t<meta name=\"twitter:label2\" content=\"Tillg\u00e4nglig\" \/>\n\t<meta name=\"twitter:data2\" content=\"I lager\" \/>\n<script type=\"application\/ld+json\" class=\"yoast-schema-graph\">{\"@context\":\"https:\/\/schema.org\",\"@graph\":[{\"@type\":\"WebPage\",\"@id\":\"https:\/\/kihlberg.com\/sv\/batteriverktyg\/128201\/\",\"url\":\"https:\/\/kihlberg.com\/sv\/batteriverktyg\/128201\/\",\"name\":\"Batteridriven lockh\u00e4ftare c.561B22CL &#8226; Josef kihlberg\",\"isPartOf\":{\"@id\":\"https:\/\/kihlberg.com\/sv\/#website\"},\"primaryImageOfPage\":{\"@id\":\"https:\/\/kihlberg.com\/sv\/batteriverktyg\/128201\/#primaryimage\"},\"image\":{\"@id\":\"https:\/\/kihlberg.com\/sv\/batteriverktyg\/128201\/#primaryimage\"},\"thumbnailUrl\":\"https:\/\/kihlberg.com\/wp-content\/uploads\/2019\/06\/cordless-carton-closer-top-stapler-cross-laser-c561B-a560B.png\",\"datePublished\":\"2019-06-04T14:24:22+00:00\",\"dateModified\":\"2019-11-25T08:10:22+00:00\",\"description\":\"N\u00e4sta generations sladdl\u00f6sa kartongf\u00f6rslutare. Upp till 6000 klammer per laddning. Den ergonomisk, kostnadseffektiv och enkel att anv\u00e4nda. Missa inte!\",\"breadcrumb\":{\"@id\":\"https:\/\/kihlberg.com\/sv\/batteriverktyg\/128201\/#breadcrumb\"},\"inLanguage\":\"sv-SE\",\"potentialAction\":[{\"@type\":\"ReadAction\",\"target\":[\"https:\/\/kihlberg.com\/sv\/batteriverktyg\/128201\/\"]}]},{\"@type\":\"ImageObject\",\"inLanguage\":\"sv-SE\",\"@id\":\"https:\/\/kihlberg.com\/sv\/batteriverktyg\/128201\/#primaryimage\",\"url\":\"https:\/\/kihlberg.com\/wp-content\/uploads\/2019\/06\/cordless-carton-closer-top-stapler-cross-laser-c561B-a560B.png\",\"contentUrl\":\"https:\/\/kihlberg.com\/wp-content\/uploads\/2019\/06\/cordless-carton-closer-top-stapler-cross-laser-c561B-a560B.png\",\"width\":750,\"height\":750,\"caption\":\"cordless carton closer top stapler cross laser\"},{\"@type\":\"BreadcrumbList\",\"@id\":\"https:\/\/kihlberg.com\/sv\/batteriverktyg\/128201\/#breadcrumb\",\"itemListElement\":[{\"@type\":\"ListItem\",\"position\":1,\"name\":\"Home\",\"item\":\"https:\/\/kihlberg.com\/sv\/\"},{\"@type\":\"ListItem\",\"position\":2,\"name\":\"Shop\",\"item\":\"https:\/\/kihlberg.com\/shop\/\"},{\"@type\":\"ListItem\",\"position\":3,\"name\":\"Batteriverktyg\",\"item\":\"https:\/\/kihlberg.com\/sv\/batteriverktyg\/\"},{\"@type\":\"ListItem\",\"position\":4,\"name\":\"Batteridriven lockh\u00e4ftare c.561B22CL\"}]},{\"@type\":\"WebSite\",\"@id\":\"https:\/\/kihlberg.com\/sv\/#website\",\"url\":\"https:\/\/kihlberg.com\/sv\/\",\"name\":\"Josef kihlberg\",\"description\":\"Made in Sweden. System manufacturer of premium staples &amp; tools that sets the standard. Legendary.\",\"publisher\":{\"@id\":\"https:\/\/kihlberg.com\/sv\/#organization\"},\"potentialAction\":[{\"@type\":\"SearchAction\",\"target\":{\"@type\":\"EntryPoint\",\"urlTemplate\":\"https:\/\/kihlberg.com\/sv\/?s={search_term_string}\"},\"query-input\":{\"@type\":\"PropertyValueSpecification\",\"valueRequired\":true,\"valueName\":\"search_term_string\"}}],\"inLanguage\":\"sv-SE\"},{\"@type\":\"Organization\",\"@id\":\"https:\/\/kihlberg.com\/sv\/#organization\",\"name\":\"Josef Kihlberg\",\"url\":\"https:\/\/kihlberg.com\/sv\/\",\"logo\":{\"@type\":\"ImageObject\",\"inLanguage\":\"sv-SE\",\"@id\":\"https:\/\/kihlberg.com\/sv\/#\/schema\/logo\/image\/\",\"url\":\"https:\/\/kihlberg.com\/wp-content\/uploads\/2019\/01\/logo.jpg\",\"contentUrl\":\"https:\/\/kihlberg.com\/wp-content\/uploads\/2019\/01\/logo.jpg\",\"width\":850,\"height\":850,\"caption\":\"Josef Kihlberg\"},\"image\":{\"@id\":\"https:\/\/kihlberg.com\/sv\/#\/schema\/logo\/image\/\"}}]}<\/script>\n<meta property=\"product:price:amount\" content=\"1595\" \/>\n<meta property=\"product:price:currency\" content=\"EUR\" \/>\n<meta property=\"og:availability\" content=\"instock\" \/>\n<meta property=\"product:availability\" content=\"instock\" \/>\n<meta property=\"product:retailer_item_id\" content=\"128201\" \/>\n<meta property=\"product:condition\" content=\"new\" \/>\n<!-- \/ Yoast SEO plugin. -->","yoast_head_json":{"title":"Batteridriven lockh\u00e4ftare c.561B22CL &#8226; Josef kihlberg","description":"N\u00e4sta generations sladdl\u00f6sa kartongf\u00f6rslutare. Upp till 6000 klammer per laddning. Den ergonomisk, kostnadseffektiv och enkel att anv\u00e4nda. Missa inte!","robots":{"index":"index","follow":"follow","max-snippet":"max-snippet:-1","max-image-preview":"max-image-preview:large","max-video-preview":"max-video-preview:-1"},"canonical":"https:\/\/kihlberg.com\/sv\/batteriverktyg\/128201\/","og_locale":"sv_SE","og_type":"article","og_title":"Batteridriven lockh\u00e4ftare c.561B22CL &#8226; Josef kihlberg","og_description":"N\u00e4sta generations sladdl\u00f6sa kartongf\u00f6rslutare. Upp till 6000 klammer per laddning. Den ergonomisk, kostnadseffektiv och enkel att anv\u00e4nda. Missa inte!","og_url":"https:\/\/kihlberg.com\/sv\/batteriverktyg\/128201\/","og_site_name":"Josef kihlberg","article_modified_time":"2019-11-25T08:10:22+00:00","og_image":[{"width":750,"height":750,"url":"https:\/\/kihlberg.com\/wp-content\/uploads\/2019\/06\/cordless-carton-closer-top-stapler-cross-laser-c561B-a560B.png","type":"image\/png"}],"twitter_card":"summary_large_image","twitter_misc":{"Pris":"&euro;1 595","Tillg\u00e4nglig":"I lager"},"schema":{"@context":"https:\/\/schema.org","@graph":[{"@type":"WebPage","@id":"https:\/\/kihlberg.com\/sv\/batteriverktyg\/128201\/","url":"https:\/\/kihlberg.com\/sv\/batteriverktyg\/128201\/","name":"Batteridriven lockh\u00e4ftare c.561B22CL &#8226; Josef kihlberg","isPartOf":{"@id":"https:\/\/kihlberg.com\/sv\/#website"},"primaryImageOfPage":{"@id":"https:\/\/kihlberg.com\/sv\/batteriverktyg\/128201\/#primaryimage"},"image":{"@id":"https:\/\/kihlberg.com\/sv\/batteriverktyg\/128201\/#primaryimage"},"thumbnailUrl":"https:\/\/kihlberg.com\/wp-content\/uploads\/2019\/06\/cordless-carton-closer-top-stapler-cross-laser-c561B-a560B.png","datePublished":"2019-06-04T14:24:22+00:00","dateModified":"2019-11-25T08:10:22+00:00","description":"N\u00e4sta generations sladdl\u00f6sa kartongf\u00f6rslutare. Upp till 6000 klammer per laddning. Den ergonomisk, kostnadseffektiv och enkel att anv\u00e4nda. Missa inte!","breadcrumb":{"@id":"https:\/\/kihlberg.com\/sv\/batteriverktyg\/128201\/#breadcrumb"},"inLanguage":"sv-SE","potentialAction":[{"@type":"ReadAction","target":["https:\/\/kihlberg.com\/sv\/batteriverktyg\/128201\/"]}]},{"@type":"ImageObject","inLanguage":"sv-SE","@id":"https:\/\/kihlberg.com\/sv\/batteriverktyg\/128201\/#primaryimage","url":"https:\/\/kihlberg.com\/wp-content\/uploads\/2019\/06\/cordless-carton-closer-top-stapler-cross-laser-c561B-a560B.png","contentUrl":"https:\/\/kihlberg.com\/wp-content\/uploads\/2019\/06\/cordless-carton-closer-top-stapler-cross-laser-c561B-a560B.png","width":750,"height":750,"caption":"cordless carton closer top stapler cross laser"},{"@type":"BreadcrumbList","@id":"https:\/\/kihlberg.com\/sv\/batteriverktyg\/128201\/#breadcrumb","itemListElement":[{"@type":"ListItem","position":1,"name":"Home","item":"https:\/\/kihlberg.com\/sv\/"},{"@type":"ListItem","position":2,"name":"Shop","item":"https:\/\/kihlberg.com\/shop\/"},{"@type":"ListItem","position":3,"name":"Batteriverktyg","item":"https:\/\/kihlberg.com\/sv\/batteriverktyg\/"},{"@type":"ListItem","position":4,"name":"Batteridriven lockh\u00e4ftare c.561B22CL"}]},{"@type":"WebSite","@id":"https:\/\/kihlberg.com\/sv\/#website","url":"https:\/\/kihlberg.com\/sv\/","name":"Josef kihlberg","description":"Made in Sweden. System manufacturer of premium staples &amp; tools that sets the standard. Legendary.","publisher":{"@id":"https:\/\/kihlberg.com\/sv\/#organization"},"potentialAction":[{"@type":"SearchAction","target":{"@type":"EntryPoint","urlTemplate":"https:\/\/kihlberg.com\/sv\/?s={search_term_string}"},"query-input":{"@type":"PropertyValueSpecification","valueRequired":true,"valueName":"search_term_string"}}],"inLanguage":"sv-SE"},{"@type":"Organization","@id":"https:\/\/kihlberg.com\/sv\/#organization","name":"Josef Kihlberg","url":"https:\/\/kihlberg.com\/sv\/","logo":{"@type":"ImageObject","inLanguage":"sv-SE","@id":"https:\/\/kihlberg.com\/sv\/#\/schema\/logo\/image\/","url":"https:\/\/kihlberg.com\/wp-content\/uploads\/2019\/01\/logo.jpg","contentUrl":"https:\/\/kihlberg.com\/wp-content\/uploads\/2019\/01\/logo.jpg","width":850,"height":850,"caption":"Josef Kihlberg"},"image":{"@id":"https:\/\/kihlberg.com\/sv\/#\/schema\/logo\/image\/"}}]},"product_price_amount":"1595","product_price_currency":"EUR","og_availability":"instock","product_availability":"instock","product_retailer_item_id":"128201","product_condition":"new"},"_links":{"self":[{"href":"https:\/\/kihlberg.com\/sv\/wp-json\/wp\/v2\/product\/105545","targetHints":{"allow":["GET"]}}],"collection":[{"href":"https:\/\/kihlberg.com\/sv\/wp-json\/wp\/v2\/product"}],"about":[{"href":"https:\/\/kihlberg.com\/sv\/wp-json\/wp\/v2\/types\/product"}],"wp:featuredmedia":[{"embeddable":true,"href":"https:\/\/kihlberg.com\/sv\/wp-json\/wp\/v2\/media\/107131"}],"wp:attachment":[{"href":"https:\/\/kihlberg.com\/sv\/wp-json\/wp\/v2\/media?parent=105545"}],"wp:term":[{"taxonomy":"product_brand","embeddable":true,"href":"https:\/\/kihlberg.com\/sv\/wp-json\/wp\/v2\/product_brand?post=105545"},{"taxonomy":"product_cat","embeddable":true,"href":"https:\/\/kihlberg.com\/sv\/wp-json\/wp\/v2\/product_cat?post=105545"}],"curies":[{"name":"wp","href":"https:\/\/api.w.org\/{rel}","templated":true}]}}