{"id":137550,"date":"2022-09-30T08:45:54","date_gmt":"2022-09-30T06:48:21","guid":{"rendered":"https:\/\/kihlberg.com\/?post_type=product&#038;p=137550"},"modified":"2022-10-21T14:23:58","modified_gmt":"2022-10-21T12:23:58","slug":"185500","status":"publish","type":"product","link":"https:\/\/kihlberg.com\/sv\/mezger\/185500\/","title":{"rendered":"TOP SP P"},"content":{"rendered":"","protected":false},"excerpt":{"rendered":"<p>Pneumatisk lockh\u00e4ftare som h\u00e4ftar utan klor. St\u00e4ngning av fyllda vikkartonger av enkel och\/eller dubbel wellpapp med \u00f6verlappande flikar.<\/p>\n<p>Med klamring utan klor riskeras kartongens inneh\u00e5ll aldrig att skadas.<br \/>\nDet kommer inte heller att finns n\u00e5gra ytterligare h\u00e5l bredvid h\u00e4ftklammern.<\/p>\n<p>Med en POGOSTICK TOP SP P f\u00f6rsl\u00e4ngningshandtag kan du \u00e4ven h\u00e4fta botten av riktigt stora kartonger.<\/p>\n","protected":false},"featured_media":137228,"template":"","meta":{"_acf_changed":false,"_genesis_hide_title":false,"_genesis_hide_breadcrumbs":false,"_genesis_hide_singular_image":false,"_genesis_hide_footer_widgets":false,"_genesis_custom_body_class":"","_genesis_custom_post_class":"","_genesis_layout":""},"product_brand":[],"product_cat":[3122],"class_list":{"0":"post-137550","1":"product","2":"type-product","3":"status-publish","4":"has-post-thumbnail","6":"product_cat-mezger","7":"entry","9":"first","10":"instock","11":"taxable","12":"shipping-taxable","13":"purchasable","14":"product-type-simple"},"acf":[],"yoast_head":"<!-- This site is optimized with the Yoast SEO plugin v26.1.1 - https:\/\/yoast.com\/wordpress\/plugins\/seo\/ -->\n<title>TOP SP P &#8226; Josef kihlberg<\/title>\n<meta name=\"robots\" content=\"index, follow, max-snippet:-1, max-image-preview:large, max-video-preview:-1\" \/>\n<link rel=\"canonical\" href=\"https:\/\/kihlberg.com\/sv\/mezger\/185500\/\" \/>\n<meta property=\"og:locale\" content=\"sv_SE\" \/>\n<meta property=\"og:type\" content=\"article\" \/>\n<meta property=\"og:title\" content=\"TOP SP P &#8226; Josef kihlberg\" \/>\n<meta property=\"og:description\" content=\"Pneumatisk lockh\u00e4ftare som h\u00e4ftar utan klor. St\u00e4ngning av fyllda vikkartonger av enkel och\/eller dubbel wellpapp med \u00f6verlappande flikar.  Med klamring utan klor riskeras kartongens inneh\u00e5ll aldrig att skadas. Det kommer inte heller att finns n\u00e5gra ytterligare h\u00e5l bredvid h\u00e4ftklammern.  Med en POGOSTICK TOP SP P f\u00f6rsl\u00e4ngningshandtag kan du \u00e4ven h\u00e4fta botten av riktigt stora kartonger.\" \/>\n<meta property=\"og:url\" content=\"https:\/\/kihlberg.com\/sv\/mezger\/185500\/\" \/>\n<meta property=\"og:site_name\" content=\"Josef kihlberg\" \/>\n<meta property=\"article:modified_time\" content=\"2022-10-21T12:23:58+00:00\" \/>\n<meta property=\"og:image\" content=\"https:\/\/kihlberg.com\/wp-content\/uploads\/2022\/09\/185500.jpg\" \/>\n\t<meta property=\"og:image:width\" content=\"720\" \/>\n\t<meta property=\"og:image:height\" content=\"720\" \/>\n\t<meta property=\"og:image:type\" content=\"image\/jpeg\" \/>\n<meta name=\"twitter:card\" content=\"summary_large_image\" \/>\n<meta name=\"twitter:label1\" content=\"Pris\" \/>\n\t<meta name=\"twitter:data1\" content=\"&euro;998\" \/>\n\t<meta name=\"twitter:label2\" content=\"Tillg\u00e4nglig\" \/>\n\t<meta name=\"twitter:data2\" content=\"I lager\" \/>\n<script type=\"application\/ld+json\" class=\"yoast-schema-graph\">{\"@context\":\"https:\/\/schema.org\",\"@graph\":[{\"@type\":\"WebPage\",\"@id\":\"https:\/\/kihlberg.com\/sv\/mezger\/185500\/\",\"url\":\"https:\/\/kihlberg.com\/sv\/mezger\/185500\/\",\"name\":\"TOP SP P &#8226; Josef kihlberg\",\"isPartOf\":{\"@id\":\"https:\/\/kihlberg.com\/sv\/#website\"},\"primaryImageOfPage\":{\"@id\":\"https:\/\/kihlberg.com\/sv\/mezger\/185500\/#primaryimage\"},\"image\":{\"@id\":\"https:\/\/kihlberg.com\/sv\/mezger\/185500\/#primaryimage\"},\"thumbnailUrl\":\"https:\/\/kihlberg.com\/wp-content\/uploads\/2022\/09\/185500.jpg\",\"datePublished\":\"2022-09-30T06:48:21+00:00\",\"dateModified\":\"2022-10-21T12:23:58+00:00\",\"breadcrumb\":{\"@id\":\"https:\/\/kihlberg.com\/sv\/mezger\/185500\/#breadcrumb\"},\"inLanguage\":\"sv-SE\",\"potentialAction\":[{\"@type\":\"ReadAction\",\"target\":[\"https:\/\/kihlberg.com\/sv\/mezger\/185500\/\"]}]},{\"@type\":\"ImageObject\",\"inLanguage\":\"sv-SE\",\"@id\":\"https:\/\/kihlberg.com\/sv\/mezger\/185500\/#primaryimage\",\"url\":\"https:\/\/kihlberg.com\/wp-content\/uploads\/2022\/09\/185500.jpg\",\"contentUrl\":\"https:\/\/kihlberg.com\/wp-content\/uploads\/2022\/09\/185500.jpg\",\"width\":720,\"height\":720},{\"@type\":\"BreadcrumbList\",\"@id\":\"https:\/\/kihlberg.com\/sv\/mezger\/185500\/#breadcrumb\",\"itemListElement\":[{\"@type\":\"ListItem\",\"position\":1,\"name\":\"Home\",\"item\":\"https:\/\/kihlberg.com\/sv\/\"},{\"@type\":\"ListItem\",\"position\":2,\"name\":\"Shop\",\"item\":\"https:\/\/kihlberg.com\/shop\/\"},{\"@type\":\"ListItem\",\"position\":3,\"name\":\"MEZGER\",\"item\":\"https:\/\/kihlberg.com\/sv\/mezger\/\"},{\"@type\":\"ListItem\",\"position\":4,\"name\":\"TOP SP P\"}]},{\"@type\":\"WebSite\",\"@id\":\"https:\/\/kihlberg.com\/sv\/#website\",\"url\":\"https:\/\/kihlberg.com\/sv\/\",\"name\":\"Josef kihlberg\",\"description\":\"Made in Sweden. System manufacturer of premium staples &amp; tools that sets the standard. Legendary.\",\"publisher\":{\"@id\":\"https:\/\/kihlberg.com\/sv\/#organization\"},\"potentialAction\":[{\"@type\":\"SearchAction\",\"target\":{\"@type\":\"EntryPoint\",\"urlTemplate\":\"https:\/\/kihlberg.com\/sv\/?s={search_term_string}\"},\"query-input\":{\"@type\":\"PropertyValueSpecification\",\"valueRequired\":true,\"valueName\":\"search_term_string\"}}],\"inLanguage\":\"sv-SE\"},{\"@type\":\"Organization\",\"@id\":\"https:\/\/kihlberg.com\/sv\/#organization\",\"name\":\"Josef Kihlberg\",\"url\":\"https:\/\/kihlberg.com\/sv\/\",\"logo\":{\"@type\":\"ImageObject\",\"inLanguage\":\"sv-SE\",\"@id\":\"https:\/\/kihlberg.com\/sv\/#\/schema\/logo\/image\/\",\"url\":\"https:\/\/kihlberg.com\/wp-content\/uploads\/2019\/01\/logo.jpg\",\"contentUrl\":\"https:\/\/kihlberg.com\/wp-content\/uploads\/2019\/01\/logo.jpg\",\"width\":850,\"height\":850,\"caption\":\"Josef Kihlberg\"},\"image\":{\"@id\":\"https:\/\/kihlberg.com\/sv\/#\/schema\/logo\/image\/\"}}]}<\/script>\n<meta property=\"product:price:amount\" content=\"998\" \/>\n<meta property=\"product:price:currency\" content=\"EUR\" \/>\n<meta property=\"og:availability\" content=\"instock\" \/>\n<meta property=\"product:availability\" content=\"instock\" \/>\n<meta property=\"product:retailer_item_id\" content=\"185500\" \/>\n<meta property=\"product:condition\" content=\"new\" \/>\n<!-- \/ Yoast SEO plugin. -->","yoast_head_json":{"title":"TOP SP P &#8226; Josef kihlberg","robots":{"index":"index","follow":"follow","max-snippet":"max-snippet:-1","max-image-preview":"max-image-preview:large","max-video-preview":"max-video-preview:-1"},"canonical":"https:\/\/kihlberg.com\/sv\/mezger\/185500\/","og_locale":"sv_SE","og_type":"article","og_title":"TOP SP P &#8226; Josef kihlberg","og_description":"Pneumatisk lockh\u00e4ftare som h\u00e4ftar utan klor. St\u00e4ngning av fyllda vikkartonger av enkel och\/eller dubbel wellpapp med \u00f6verlappande flikar.  Med klamring utan klor riskeras kartongens inneh\u00e5ll aldrig att skadas. Det kommer inte heller att finns n\u00e5gra ytterligare h\u00e5l bredvid h\u00e4ftklammern.  Med en POGOSTICK TOP SP P f\u00f6rsl\u00e4ngningshandtag kan du \u00e4ven h\u00e4fta botten av riktigt stora kartonger.","og_url":"https:\/\/kihlberg.com\/sv\/mezger\/185500\/","og_site_name":"Josef kihlberg","article_modified_time":"2022-10-21T12:23:58+00:00","og_image":[{"width":720,"height":720,"url":"https:\/\/kihlberg.com\/wp-content\/uploads\/2022\/09\/185500.jpg","type":"image\/jpeg"}],"twitter_card":"summary_large_image","twitter_misc":{"Pris":"&euro;998","Tillg\u00e4nglig":"I lager"},"schema":{"@context":"https:\/\/schema.org","@graph":[{"@type":"WebPage","@id":"https:\/\/kihlberg.com\/sv\/mezger\/185500\/","url":"https:\/\/kihlberg.com\/sv\/mezger\/185500\/","name":"TOP SP P &#8226; Josef kihlberg","isPartOf":{"@id":"https:\/\/kihlberg.com\/sv\/#website"},"primaryImageOfPage":{"@id":"https:\/\/kihlberg.com\/sv\/mezger\/185500\/#primaryimage"},"image":{"@id":"https:\/\/kihlberg.com\/sv\/mezger\/185500\/#primaryimage"},"thumbnailUrl":"https:\/\/kihlberg.com\/wp-content\/uploads\/2022\/09\/185500.jpg","datePublished":"2022-09-30T06:48:21+00:00","dateModified":"2022-10-21T12:23:58+00:00","breadcrumb":{"@id":"https:\/\/kihlberg.com\/sv\/mezger\/185500\/#breadcrumb"},"inLanguage":"sv-SE","potentialAction":[{"@type":"ReadAction","target":["https:\/\/kihlberg.com\/sv\/mezger\/185500\/"]}]},{"@type":"ImageObject","inLanguage":"sv-SE","@id":"https:\/\/kihlberg.com\/sv\/mezger\/185500\/#primaryimage","url":"https:\/\/kihlberg.com\/wp-content\/uploads\/2022\/09\/185500.jpg","contentUrl":"https:\/\/kihlberg.com\/wp-content\/uploads\/2022\/09\/185500.jpg","width":720,"height":720},{"@type":"BreadcrumbList","@id":"https:\/\/kihlberg.com\/sv\/mezger\/185500\/#breadcrumb","itemListElement":[{"@type":"ListItem","position":1,"name":"Home","item":"https:\/\/kihlberg.com\/sv\/"},{"@type":"ListItem","position":2,"name":"Shop","item":"https:\/\/kihlberg.com\/shop\/"},{"@type":"ListItem","position":3,"name":"MEZGER","item":"https:\/\/kihlberg.com\/sv\/mezger\/"},{"@type":"ListItem","position":4,"name":"TOP SP P"}]},{"@type":"WebSite","@id":"https:\/\/kihlberg.com\/sv\/#website","url":"https:\/\/kihlberg.com\/sv\/","name":"Josef kihlberg","description":"Made in Sweden. System manufacturer of premium staples &amp; tools that sets the standard. Legendary.","publisher":{"@id":"https:\/\/kihlberg.com\/sv\/#organization"},"potentialAction":[{"@type":"SearchAction","target":{"@type":"EntryPoint","urlTemplate":"https:\/\/kihlberg.com\/sv\/?s={search_term_string}"},"query-input":{"@type":"PropertyValueSpecification","valueRequired":true,"valueName":"search_term_string"}}],"inLanguage":"sv-SE"},{"@type":"Organization","@id":"https:\/\/kihlberg.com\/sv\/#organization","name":"Josef Kihlberg","url":"https:\/\/kihlberg.com\/sv\/","logo":{"@type":"ImageObject","inLanguage":"sv-SE","@id":"https:\/\/kihlberg.com\/sv\/#\/schema\/logo\/image\/","url":"https:\/\/kihlberg.com\/wp-content\/uploads\/2019\/01\/logo.jpg","contentUrl":"https:\/\/kihlberg.com\/wp-content\/uploads\/2019\/01\/logo.jpg","width":850,"height":850,"caption":"Josef Kihlberg"},"image":{"@id":"https:\/\/kihlberg.com\/sv\/#\/schema\/logo\/image\/"}}]},"product_price_amount":"998","product_price_currency":"EUR","og_availability":"instock","product_availability":"instock","product_retailer_item_id":"185500","product_condition":"new"},"_links":{"self":[{"href":"https:\/\/kihlberg.com\/sv\/wp-json\/wp\/v2\/product\/137550","targetHints":{"allow":["GET"]}}],"collection":[{"href":"https:\/\/kihlberg.com\/sv\/wp-json\/wp\/v2\/product"}],"about":[{"href":"https:\/\/kihlberg.com\/sv\/wp-json\/wp\/v2\/types\/product"}],"wp:featuredmedia":[{"embeddable":true,"href":"https:\/\/kihlberg.com\/sv\/wp-json\/wp\/v2\/media\/137228"}],"wp:attachment":[{"href":"https:\/\/kihlberg.com\/sv\/wp-json\/wp\/v2\/media?parent=137550"}],"wp:term":[{"taxonomy":"product_brand","embeddable":true,"href":"https:\/\/kihlberg.com\/sv\/wp-json\/wp\/v2\/product_brand?post=137550"},{"taxonomy":"product_cat","embeddable":true,"href":"https:\/\/kihlberg.com\/sv\/wp-json\/wp\/v2\/product_cat?post=137550"}],"curies":[{"name":"wp","href":"https:\/\/api.w.org\/{rel}","templated":true}]}}