{"id":137551,"date":"2022-09-30T08:45:54","date_gmt":"2022-09-30T06:48:21","guid":{"rendered":"https:\/\/kihlberg.com\/?post_type=product&#038;p=137551"},"modified":"2022-10-21T14:24:13","modified_gmt":"2022-10-21T12:24:13","slug":"185503","status":"publish","type":"product","link":"https:\/\/kihlberg.com\/sv\/mezger\/185503\/","title":{"rendered":"TOP SP EH"},"content":{"rendered":"","protected":false},"excerpt":{"rendered":"<p>Manuell lockh\u00e4ftare som h\u00e4ftar utan klor. St\u00e4nger fyllda kartonger av enkel och dubbelwell.<br \/>\nMed klamring utan klor riskeras kartongens inneh\u00e5ll aldrig att skadas.<\/p>\n<p>Det kommer inte heller att finns n\u00e5gra ytterligare h\u00e5l bredvid h\u00e4ftklammern.<\/p>\n<p>Denna lockh\u00e4ftare kan ocks\u00e5 h\u00e4fta botten p\u00e5 tomma kartonger genom att h\u00e4fta fr\u00e5n insidan.<\/p>\n","protected":false},"featured_media":137235,"template":"","meta":{"_acf_changed":false,"_genesis_hide_title":false,"_genesis_hide_breadcrumbs":false,"_genesis_hide_singular_image":false,"_genesis_hide_footer_widgets":false,"_genesis_custom_body_class":"","_genesis_custom_post_class":"","_genesis_layout":""},"product_brand":[],"product_cat":[3122],"class_list":{"0":"post-137551","1":"product","2":"type-product","3":"status-publish","4":"has-post-thumbnail","6":"product_cat-mezger","7":"entry","9":"first","10":"instock","11":"taxable","12":"shipping-taxable","13":"purchasable","14":"product-type-simple"},"acf":[],"yoast_head":"<!-- This site is optimized with the Yoast SEO plugin v26.1.1 - https:\/\/yoast.com\/wordpress\/plugins\/seo\/ -->\n<title>TOP SP EH &#8226; Josef kihlberg<\/title>\n<meta name=\"robots\" content=\"index, follow, max-snippet:-1, max-image-preview:large, max-video-preview:-1\" \/>\n<link rel=\"canonical\" href=\"https:\/\/kihlberg.com\/sv\/mezger\/185503\/\" \/>\n<meta property=\"og:locale\" content=\"sv_SE\" \/>\n<meta property=\"og:type\" content=\"article\" \/>\n<meta property=\"og:title\" content=\"TOP SP EH &#8226; Josef kihlberg\" \/>\n<meta property=\"og:description\" content=\"Manuell lockh\u00e4ftare som h\u00e4ftar utan klor. St\u00e4nger fyllda kartonger av enkel och dubbelwell. Med klamring utan klor riskeras kartongens inneh\u00e5ll aldrig att skadas.  Det kommer inte heller att finns n\u00e5gra ytterligare h\u00e5l bredvid h\u00e4ftklammern.  Denna lockh\u00e4ftare kan ocks\u00e5 h\u00e4fta botten p\u00e5 tomma kartonger genom att h\u00e4fta fr\u00e5n insidan.\" \/>\n<meta property=\"og:url\" content=\"https:\/\/kihlberg.com\/sv\/mezger\/185503\/\" \/>\n<meta property=\"og:site_name\" content=\"Josef kihlberg\" \/>\n<meta property=\"article:modified_time\" content=\"2022-10-21T12:24:13+00:00\" \/>\n<meta property=\"og:image\" content=\"https:\/\/kihlberg.com\/wp-content\/uploads\/2022\/09\/185503.jpg\" \/>\n\t<meta property=\"og:image:width\" content=\"720\" \/>\n\t<meta property=\"og:image:height\" content=\"720\" \/>\n\t<meta property=\"og:image:type\" content=\"image\/jpeg\" \/>\n<meta name=\"twitter:card\" content=\"summary_large_image\" \/>\n<meta name=\"twitter:label1\" content=\"Pris\" \/>\n\t<meta name=\"twitter:data1\" content=\"&euro;678\" \/>\n\t<meta name=\"twitter:label2\" content=\"Tillg\u00e4nglig\" \/>\n\t<meta name=\"twitter:data2\" content=\"I lager\" \/>\n<script type=\"application\/ld+json\" class=\"yoast-schema-graph\">{\"@context\":\"https:\/\/schema.org\",\"@graph\":[{\"@type\":\"WebPage\",\"@id\":\"https:\/\/kihlberg.com\/sv\/mezger\/185503\/\",\"url\":\"https:\/\/kihlberg.com\/sv\/mezger\/185503\/\",\"name\":\"TOP SP EH &#8226; Josef kihlberg\",\"isPartOf\":{\"@id\":\"https:\/\/kihlberg.com\/sv\/#website\"},\"primaryImageOfPage\":{\"@id\":\"https:\/\/kihlberg.com\/sv\/mezger\/185503\/#primaryimage\"},\"image\":{\"@id\":\"https:\/\/kihlberg.com\/sv\/mezger\/185503\/#primaryimage\"},\"thumbnailUrl\":\"https:\/\/kihlberg.com\/wp-content\/uploads\/2022\/09\/185503.jpg\",\"datePublished\":\"2022-09-30T06:48:21+00:00\",\"dateModified\":\"2022-10-21T12:24:13+00:00\",\"breadcrumb\":{\"@id\":\"https:\/\/kihlberg.com\/sv\/mezger\/185503\/#breadcrumb\"},\"inLanguage\":\"sv-SE\",\"potentialAction\":[{\"@type\":\"ReadAction\",\"target\":[\"https:\/\/kihlberg.com\/sv\/mezger\/185503\/\"]}]},{\"@type\":\"ImageObject\",\"inLanguage\":\"sv-SE\",\"@id\":\"https:\/\/kihlberg.com\/sv\/mezger\/185503\/#primaryimage\",\"url\":\"https:\/\/kihlberg.com\/wp-content\/uploads\/2022\/09\/185503.jpg\",\"contentUrl\":\"https:\/\/kihlberg.com\/wp-content\/uploads\/2022\/09\/185503.jpg\",\"width\":720,\"height\":720},{\"@type\":\"BreadcrumbList\",\"@id\":\"https:\/\/kihlberg.com\/sv\/mezger\/185503\/#breadcrumb\",\"itemListElement\":[{\"@type\":\"ListItem\",\"position\":1,\"name\":\"Home\",\"item\":\"https:\/\/kihlberg.com\/sv\/\"},{\"@type\":\"ListItem\",\"position\":2,\"name\":\"Shop\",\"item\":\"https:\/\/kihlberg.com\/shop\/\"},{\"@type\":\"ListItem\",\"position\":3,\"name\":\"MEZGER\",\"item\":\"https:\/\/kihlberg.com\/sv\/mezger\/\"},{\"@type\":\"ListItem\",\"position\":4,\"name\":\"TOP SP EH\"}]},{\"@type\":\"WebSite\",\"@id\":\"https:\/\/kihlberg.com\/sv\/#website\",\"url\":\"https:\/\/kihlberg.com\/sv\/\",\"name\":\"Josef kihlberg\",\"description\":\"Made in Sweden. System manufacturer of premium staples &amp; tools that sets the standard. Legendary.\",\"publisher\":{\"@id\":\"https:\/\/kihlberg.com\/sv\/#organization\"},\"potentialAction\":[{\"@type\":\"SearchAction\",\"target\":{\"@type\":\"EntryPoint\",\"urlTemplate\":\"https:\/\/kihlberg.com\/sv\/?s={search_term_string}\"},\"query-input\":{\"@type\":\"PropertyValueSpecification\",\"valueRequired\":true,\"valueName\":\"search_term_string\"}}],\"inLanguage\":\"sv-SE\"},{\"@type\":\"Organization\",\"@id\":\"https:\/\/kihlberg.com\/sv\/#organization\",\"name\":\"Josef Kihlberg\",\"url\":\"https:\/\/kihlberg.com\/sv\/\",\"logo\":{\"@type\":\"ImageObject\",\"inLanguage\":\"sv-SE\",\"@id\":\"https:\/\/kihlberg.com\/sv\/#\/schema\/logo\/image\/\",\"url\":\"https:\/\/kihlberg.com\/wp-content\/uploads\/2019\/01\/logo.jpg\",\"contentUrl\":\"https:\/\/kihlberg.com\/wp-content\/uploads\/2019\/01\/logo.jpg\",\"width\":850,\"height\":850,\"caption\":\"Josef Kihlberg\"},\"image\":{\"@id\":\"https:\/\/kihlberg.com\/sv\/#\/schema\/logo\/image\/\"}}]}<\/script>\n<meta property=\"product:price:amount\" content=\"678\" \/>\n<meta property=\"product:price:currency\" content=\"EUR\" \/>\n<meta property=\"og:availability\" content=\"instock\" \/>\n<meta property=\"product:availability\" content=\"instock\" \/>\n<meta property=\"product:retailer_item_id\" content=\"185503\" \/>\n<meta property=\"product:condition\" content=\"new\" \/>\n<!-- \/ Yoast SEO plugin. -->","yoast_head_json":{"title":"TOP SP EH &#8226; Josef kihlberg","robots":{"index":"index","follow":"follow","max-snippet":"max-snippet:-1","max-image-preview":"max-image-preview:large","max-video-preview":"max-video-preview:-1"},"canonical":"https:\/\/kihlberg.com\/sv\/mezger\/185503\/","og_locale":"sv_SE","og_type":"article","og_title":"TOP SP EH &#8226; Josef kihlberg","og_description":"Manuell lockh\u00e4ftare som h\u00e4ftar utan klor. St\u00e4nger fyllda kartonger av enkel och dubbelwell. Med klamring utan klor riskeras kartongens inneh\u00e5ll aldrig att skadas.  Det kommer inte heller att finns n\u00e5gra ytterligare h\u00e5l bredvid h\u00e4ftklammern.  Denna lockh\u00e4ftare kan ocks\u00e5 h\u00e4fta botten p\u00e5 tomma kartonger genom att h\u00e4fta fr\u00e5n insidan.","og_url":"https:\/\/kihlberg.com\/sv\/mezger\/185503\/","og_site_name":"Josef kihlberg","article_modified_time":"2022-10-21T12:24:13+00:00","og_image":[{"width":720,"height":720,"url":"https:\/\/kihlberg.com\/wp-content\/uploads\/2022\/09\/185503.jpg","type":"image\/jpeg"}],"twitter_card":"summary_large_image","twitter_misc":{"Pris":"&euro;678","Tillg\u00e4nglig":"I lager"},"schema":{"@context":"https:\/\/schema.org","@graph":[{"@type":"WebPage","@id":"https:\/\/kihlberg.com\/sv\/mezger\/185503\/","url":"https:\/\/kihlberg.com\/sv\/mezger\/185503\/","name":"TOP SP EH &#8226; Josef kihlberg","isPartOf":{"@id":"https:\/\/kihlberg.com\/sv\/#website"},"primaryImageOfPage":{"@id":"https:\/\/kihlberg.com\/sv\/mezger\/185503\/#primaryimage"},"image":{"@id":"https:\/\/kihlberg.com\/sv\/mezger\/185503\/#primaryimage"},"thumbnailUrl":"https:\/\/kihlberg.com\/wp-content\/uploads\/2022\/09\/185503.jpg","datePublished":"2022-09-30T06:48:21+00:00","dateModified":"2022-10-21T12:24:13+00:00","breadcrumb":{"@id":"https:\/\/kihlberg.com\/sv\/mezger\/185503\/#breadcrumb"},"inLanguage":"sv-SE","potentialAction":[{"@type":"ReadAction","target":["https:\/\/kihlberg.com\/sv\/mezger\/185503\/"]}]},{"@type":"ImageObject","inLanguage":"sv-SE","@id":"https:\/\/kihlberg.com\/sv\/mezger\/185503\/#primaryimage","url":"https:\/\/kihlberg.com\/wp-content\/uploads\/2022\/09\/185503.jpg","contentUrl":"https:\/\/kihlberg.com\/wp-content\/uploads\/2022\/09\/185503.jpg","width":720,"height":720},{"@type":"BreadcrumbList","@id":"https:\/\/kihlberg.com\/sv\/mezger\/185503\/#breadcrumb","itemListElement":[{"@type":"ListItem","position":1,"name":"Home","item":"https:\/\/kihlberg.com\/sv\/"},{"@type":"ListItem","position":2,"name":"Shop","item":"https:\/\/kihlberg.com\/shop\/"},{"@type":"ListItem","position":3,"name":"MEZGER","item":"https:\/\/kihlberg.com\/sv\/mezger\/"},{"@type":"ListItem","position":4,"name":"TOP SP EH"}]},{"@type":"WebSite","@id":"https:\/\/kihlberg.com\/sv\/#website","url":"https:\/\/kihlberg.com\/sv\/","name":"Josef kihlberg","description":"Made in Sweden. System manufacturer of premium staples &amp; tools that sets the standard. Legendary.","publisher":{"@id":"https:\/\/kihlberg.com\/sv\/#organization"},"potentialAction":[{"@type":"SearchAction","target":{"@type":"EntryPoint","urlTemplate":"https:\/\/kihlberg.com\/sv\/?s={search_term_string}"},"query-input":{"@type":"PropertyValueSpecification","valueRequired":true,"valueName":"search_term_string"}}],"inLanguage":"sv-SE"},{"@type":"Organization","@id":"https:\/\/kihlberg.com\/sv\/#organization","name":"Josef Kihlberg","url":"https:\/\/kihlberg.com\/sv\/","logo":{"@type":"ImageObject","inLanguage":"sv-SE","@id":"https:\/\/kihlberg.com\/sv\/#\/schema\/logo\/image\/","url":"https:\/\/kihlberg.com\/wp-content\/uploads\/2019\/01\/logo.jpg","contentUrl":"https:\/\/kihlberg.com\/wp-content\/uploads\/2019\/01\/logo.jpg","width":850,"height":850,"caption":"Josef Kihlberg"},"image":{"@id":"https:\/\/kihlberg.com\/sv\/#\/schema\/logo\/image\/"}}]},"product_price_amount":"678","product_price_currency":"EUR","og_availability":"instock","product_availability":"instock","product_retailer_item_id":"185503","product_condition":"new"},"_links":{"self":[{"href":"https:\/\/kihlberg.com\/sv\/wp-json\/wp\/v2\/product\/137551","targetHints":{"allow":["GET"]}}],"collection":[{"href":"https:\/\/kihlberg.com\/sv\/wp-json\/wp\/v2\/product"}],"about":[{"href":"https:\/\/kihlberg.com\/sv\/wp-json\/wp\/v2\/types\/product"}],"wp:featuredmedia":[{"embeddable":true,"href":"https:\/\/kihlberg.com\/sv\/wp-json\/wp\/v2\/media\/137235"}],"wp:attachment":[{"href":"https:\/\/kihlberg.com\/sv\/wp-json\/wp\/v2\/media?parent=137551"}],"wp:term":[{"taxonomy":"product_brand","embeddable":true,"href":"https:\/\/kihlberg.com\/sv\/wp-json\/wp\/v2\/product_brand?post=137551"},{"taxonomy":"product_cat","embeddable":true,"href":"https:\/\/kihlberg.com\/sv\/wp-json\/wp\/v2\/product_cat?post=137551"}],"curies":[{"name":"wp","href":"https:\/\/api.w.org\/{rel}","templated":true}]}}