{"id":30065,"date":"2018-09-21T10:31:13","date_gmt":"2018-10-24T06:40:30","guid":{"rendered":"https:\/\/kihlberg.com\/product\/125105\/"},"modified":"2019-09-07T04:54:02","modified_gmt":"2019-09-07T04:54:02","slug":"125105","status":"publish","type":"product","link":"https:\/\/kihlberg.com\/sv\/verktyg\/forpackning\/125105\/","title":{"rendered":"Lockh\u00e4ftare a.560PN22"},"content":{"rendered":"","protected":false},"excerpt":{"rendered":"<p>En svensktillverkad tryckluftsdriven lockh\u00e4ftare f\u00f6r professionell anv\u00e4ndning. Lockh\u00e4ftare a.560PN22 \u00e4r f\u00f6rsett med t\u00e4ckk\u00e5por i konstruktionsplast vilket ger extremt l\u00e5g vikt, slitagedelarna \u00e4r av metall. JK560-22 klammer anv\u00e4nds i a.560PN22. Verktyget \u00e4r enkelt att justera f\u00f6r olika h\u00e4ftdjup och har exakt (repeterbar) h\u00e4ftning samt full h\u00e4ftcykel. Lockh\u00e4ftarklammer ger en s\u00e4ker och samtidigt prydlig f\u00f6rslutning, som minskar st\u00f6ldriskerna. Du uppn\u00e5r b\u00e4sta resultat avseende s\u00e4ker f\u00f6rslutning.<\/p>\n","protected":false},"featured_media":30050,"template":"","meta":{"_acf_changed":false,"_genesis_hide_title":false,"_genesis_hide_breadcrumbs":false,"_genesis_hide_singular_image":false,"_genesis_hide_footer_widgets":false,"_genesis_custom_body_class":"","_genesis_custom_post_class":"","_genesis_layout":""},"product_brand":[],"product_cat":[420,398,402,148],"class_list":{"0":"post-30065","1":"product","2":"type-product","3":"status-publish","4":"has-post-thumbnail","6":"product_cat-forpackning","7":"product_cat-lockhaftning","8":"product_cat-transportforpackningar","9":"product_cat-verktyg","10":"pa_leg-length-404-sv-2","11":"pa_lubrication-ja","12":"pa_magazine-capacity-100-sv-2","13":"pa_max-pressure-8-sv-3","14":"pa_staple-leg-length-22-mm-7-8-in-sv","15":"entry","17":"first","18":"instock","19":"taxable","20":"shipping-taxable","21":"purchasable","22":"product-type-simple"},"acf":[],"yoast_head":"<!-- This site is optimized with the Yoast SEO plugin v26.1.1 - https:\/\/yoast.com\/wordpress\/plugins\/seo\/ -->\n<title>Lockh\u00e4ftare a.560PN22<\/title>\n<meta name=\"description\" content=\"a.560PN22 | Made in Sweden | Tool of the highest quality for carton closing. Provides a secure and professional seal. Discover more!\" \/>\n<meta name=\"robots\" content=\"index, follow, max-snippet:-1, max-image-preview:large, max-video-preview:-1\" \/>\n<link rel=\"canonical\" href=\"https:\/\/kihlberg.com\/sv\/verktyg\/forpackning\/125105\/\" \/>\n<meta property=\"og:locale\" content=\"sv_SE\" \/>\n<meta property=\"og:type\" content=\"article\" \/>\n<meta property=\"og:title\" content=\"Lockh\u00e4ftare a.560PN22\" \/>\n<meta property=\"og:description\" content=\"a.560PN22 | Made in Sweden | Tool of the highest quality for carton closing. Provides a secure and professional seal. Discover more!\" \/>\n<meta property=\"og:url\" content=\"https:\/\/kihlberg.com\/sv\/verktyg\/forpackning\/125105\/\" \/>\n<meta property=\"og:site_name\" content=\"Josef kihlberg\" \/>\n<meta property=\"article:modified_time\" content=\"2019-09-07T04:54:02+00:00\" \/>\n<meta property=\"og:image\" content=\"https:\/\/kihlberg.com\/wp-content\/uploads\/2018\/09\/top-stapler-560-561-1.jpg\" \/>\n\t<meta property=\"og:image:width\" content=\"720\" \/>\n\t<meta property=\"og:image:height\" content=\"720\" \/>\n\t<meta property=\"og:image:type\" content=\"image\/jpeg\" \/>\n<meta name=\"twitter:card\" content=\"summary_large_image\" \/>\n<meta name=\"twitter:label1\" content=\"Pris\" \/>\n\t<meta name=\"twitter:data1\" content=\"&euro;609\" \/>\n\t<meta name=\"twitter:label2\" content=\"Tillg\u00e4nglig\" \/>\n\t<meta name=\"twitter:data2\" content=\"I lager\" \/>\n<script type=\"application\/ld+json\" class=\"yoast-schema-graph\">{\"@context\":\"https:\/\/schema.org\",\"@graph\":[{\"@type\":\"WebPage\",\"@id\":\"https:\/\/kihlberg.com\/sv\/verktyg\/forpackning\/125105\/\",\"url\":\"https:\/\/kihlberg.com\/sv\/verktyg\/forpackning\/125105\/\",\"name\":\"Lockh\u00e4ftare a.560PN22\",\"isPartOf\":{\"@id\":\"https:\/\/kihlberg.com\/sv\/#website\"},\"primaryImageOfPage\":{\"@id\":\"https:\/\/kihlberg.com\/sv\/verktyg\/forpackning\/125105\/#primaryimage\"},\"image\":{\"@id\":\"https:\/\/kihlberg.com\/sv\/verktyg\/forpackning\/125105\/#primaryimage\"},\"thumbnailUrl\":\"https:\/\/kihlberg.com\/wp-content\/uploads\/2018\/09\/top-stapler-560-561-1.jpg\",\"datePublished\":\"2018-10-24T06:40:30+00:00\",\"dateModified\":\"2019-09-07T04:54:02+00:00\",\"description\":\"a.560PN22 | Made in Sweden | Tool of the highest quality for carton closing. Provides a secure and professional seal. Discover more!\",\"breadcrumb\":{\"@id\":\"https:\/\/kihlberg.com\/sv\/verktyg\/forpackning\/125105\/#breadcrumb\"},\"inLanguage\":\"sv-SE\",\"potentialAction\":[{\"@type\":\"ReadAction\",\"target\":[\"https:\/\/kihlberg.com\/sv\/verktyg\/forpackning\/125105\/\"]}]},{\"@type\":\"ImageObject\",\"inLanguage\":\"sv-SE\",\"@id\":\"https:\/\/kihlberg.com\/sv\/verktyg\/forpackning\/125105\/#primaryimage\",\"url\":\"https:\/\/kihlberg.com\/wp-content\/uploads\/2018\/09\/top-stapler-560-561-1.jpg\",\"contentUrl\":\"https:\/\/kihlberg.com\/wp-content\/uploads\/2018\/09\/top-stapler-560-561-1.jpg\",\"width\":720,\"height\":720},{\"@type\":\"BreadcrumbList\",\"@id\":\"https:\/\/kihlberg.com\/sv\/verktyg\/forpackning\/125105\/#breadcrumb\",\"itemListElement\":[{\"@type\":\"ListItem\",\"position\":1,\"name\":\"Home\",\"item\":\"https:\/\/kihlberg.com\/sv\/\"},{\"@type\":\"ListItem\",\"position\":2,\"name\":\"Shop\",\"item\":\"https:\/\/kihlberg.com\/shop\/\"},{\"@type\":\"ListItem\",\"position\":3,\"name\":\"Verktyg\",\"item\":\"https:\/\/kihlberg.com\/sv\/verktyg\/\"},{\"@type\":\"ListItem\",\"position\":4,\"name\":\"applikation\",\"item\":\"https:\/\/kihlberg.com\/sv\/verktyg\/applikation\/\"},{\"@type\":\"ListItem\",\"position\":5,\"name\":\"Lockh\u00e4ftning\",\"item\":\"https:\/\/kihlberg.com\/sv\/verktyg\/applikation\/lockhaftning\/\"},{\"@type\":\"ListItem\",\"position\":6,\"name\":\"Lockh\u00e4ftare a.560PN22\"}]},{\"@type\":\"WebSite\",\"@id\":\"https:\/\/kihlberg.com\/sv\/#website\",\"url\":\"https:\/\/kihlberg.com\/sv\/\",\"name\":\"Josef kihlberg\",\"description\":\"Made in Sweden. System manufacturer of premium staples &amp; tools that sets the standard. Legendary.\",\"publisher\":{\"@id\":\"https:\/\/kihlberg.com\/sv\/#organization\"},\"potentialAction\":[{\"@type\":\"SearchAction\",\"target\":{\"@type\":\"EntryPoint\",\"urlTemplate\":\"https:\/\/kihlberg.com\/sv\/?s={search_term_string}\"},\"query-input\":{\"@type\":\"PropertyValueSpecification\",\"valueRequired\":true,\"valueName\":\"search_term_string\"}}],\"inLanguage\":\"sv-SE\"},{\"@type\":\"Organization\",\"@id\":\"https:\/\/kihlberg.com\/sv\/#organization\",\"name\":\"Josef Kihlberg\",\"url\":\"https:\/\/kihlberg.com\/sv\/\",\"logo\":{\"@type\":\"ImageObject\",\"inLanguage\":\"sv-SE\",\"@id\":\"https:\/\/kihlberg.com\/sv\/#\/schema\/logo\/image\/\",\"url\":\"https:\/\/kihlberg.com\/wp-content\/uploads\/2019\/01\/logo.jpg\",\"contentUrl\":\"https:\/\/kihlberg.com\/wp-content\/uploads\/2019\/01\/logo.jpg\",\"width\":850,\"height\":850,\"caption\":\"Josef Kihlberg\"},\"image\":{\"@id\":\"https:\/\/kihlberg.com\/sv\/#\/schema\/logo\/image\/\"}}]}<\/script>\n<meta property=\"product:price:amount\" content=\"609\" \/>\n<meta property=\"product:price:currency\" content=\"EUR\" \/>\n<meta property=\"og:availability\" content=\"instock\" \/>\n<meta property=\"product:availability\" content=\"instock\" \/>\n<meta property=\"product:retailer_item_id\" content=\"125105\" \/>\n<meta property=\"product:condition\" content=\"new\" \/>\n<!-- \/ Yoast SEO plugin. -->","yoast_head_json":{"title":"Lockh\u00e4ftare a.560PN22","description":"a.560PN22 | Made in Sweden | Tool of the highest quality for carton closing. Provides a secure and professional seal. Discover more!","robots":{"index":"index","follow":"follow","max-snippet":"max-snippet:-1","max-image-preview":"max-image-preview:large","max-video-preview":"max-video-preview:-1"},"canonical":"https:\/\/kihlberg.com\/sv\/verktyg\/forpackning\/125105\/","og_locale":"sv_SE","og_type":"article","og_title":"Lockh\u00e4ftare a.560PN22","og_description":"a.560PN22 | Made in Sweden | Tool of the highest quality for carton closing. Provides a secure and professional seal. Discover more!","og_url":"https:\/\/kihlberg.com\/sv\/verktyg\/forpackning\/125105\/","og_site_name":"Josef kihlberg","article_modified_time":"2019-09-07T04:54:02+00:00","og_image":[{"width":720,"height":720,"url":"https:\/\/kihlberg.com\/wp-content\/uploads\/2018\/09\/top-stapler-560-561-1.jpg","type":"image\/jpeg"}],"twitter_card":"summary_large_image","twitter_misc":{"Pris":"&euro;609","Tillg\u00e4nglig":"I lager"},"schema":{"@context":"https:\/\/schema.org","@graph":[{"@type":"WebPage","@id":"https:\/\/kihlberg.com\/sv\/verktyg\/forpackning\/125105\/","url":"https:\/\/kihlberg.com\/sv\/verktyg\/forpackning\/125105\/","name":"Lockh\u00e4ftare a.560PN22","isPartOf":{"@id":"https:\/\/kihlberg.com\/sv\/#website"},"primaryImageOfPage":{"@id":"https:\/\/kihlberg.com\/sv\/verktyg\/forpackning\/125105\/#primaryimage"},"image":{"@id":"https:\/\/kihlberg.com\/sv\/verktyg\/forpackning\/125105\/#primaryimage"},"thumbnailUrl":"https:\/\/kihlberg.com\/wp-content\/uploads\/2018\/09\/top-stapler-560-561-1.jpg","datePublished":"2018-10-24T06:40:30+00:00","dateModified":"2019-09-07T04:54:02+00:00","description":"a.560PN22 | Made in Sweden | Tool of the highest quality for carton closing. Provides a secure and professional seal. Discover more!","breadcrumb":{"@id":"https:\/\/kihlberg.com\/sv\/verktyg\/forpackning\/125105\/#breadcrumb"},"inLanguage":"sv-SE","potentialAction":[{"@type":"ReadAction","target":["https:\/\/kihlberg.com\/sv\/verktyg\/forpackning\/125105\/"]}]},{"@type":"ImageObject","inLanguage":"sv-SE","@id":"https:\/\/kihlberg.com\/sv\/verktyg\/forpackning\/125105\/#primaryimage","url":"https:\/\/kihlberg.com\/wp-content\/uploads\/2018\/09\/top-stapler-560-561-1.jpg","contentUrl":"https:\/\/kihlberg.com\/wp-content\/uploads\/2018\/09\/top-stapler-560-561-1.jpg","width":720,"height":720},{"@type":"BreadcrumbList","@id":"https:\/\/kihlberg.com\/sv\/verktyg\/forpackning\/125105\/#breadcrumb","itemListElement":[{"@type":"ListItem","position":1,"name":"Home","item":"https:\/\/kihlberg.com\/sv\/"},{"@type":"ListItem","position":2,"name":"Shop","item":"https:\/\/kihlberg.com\/shop\/"},{"@type":"ListItem","position":3,"name":"Verktyg","item":"https:\/\/kihlberg.com\/sv\/verktyg\/"},{"@type":"ListItem","position":4,"name":"applikation","item":"https:\/\/kihlberg.com\/sv\/verktyg\/applikation\/"},{"@type":"ListItem","position":5,"name":"Lockh\u00e4ftning","item":"https:\/\/kihlberg.com\/sv\/verktyg\/applikation\/lockhaftning\/"},{"@type":"ListItem","position":6,"name":"Lockh\u00e4ftare a.560PN22"}]},{"@type":"WebSite","@id":"https:\/\/kihlberg.com\/sv\/#website","url":"https:\/\/kihlberg.com\/sv\/","name":"Josef kihlberg","description":"Made in Sweden. System manufacturer of premium staples &amp; tools that sets the standard. Legendary.","publisher":{"@id":"https:\/\/kihlberg.com\/sv\/#organization"},"potentialAction":[{"@type":"SearchAction","target":{"@type":"EntryPoint","urlTemplate":"https:\/\/kihlberg.com\/sv\/?s={search_term_string}"},"query-input":{"@type":"PropertyValueSpecification","valueRequired":true,"valueName":"search_term_string"}}],"inLanguage":"sv-SE"},{"@type":"Organization","@id":"https:\/\/kihlberg.com\/sv\/#organization","name":"Josef Kihlberg","url":"https:\/\/kihlberg.com\/sv\/","logo":{"@type":"ImageObject","inLanguage":"sv-SE","@id":"https:\/\/kihlberg.com\/sv\/#\/schema\/logo\/image\/","url":"https:\/\/kihlberg.com\/wp-content\/uploads\/2019\/01\/logo.jpg","contentUrl":"https:\/\/kihlberg.com\/wp-content\/uploads\/2019\/01\/logo.jpg","width":850,"height":850,"caption":"Josef Kihlberg"},"image":{"@id":"https:\/\/kihlberg.com\/sv\/#\/schema\/logo\/image\/"}}]},"product_price_amount":"609","product_price_currency":"EUR","og_availability":"instock","product_availability":"instock","product_retailer_item_id":"125105","product_condition":"new"},"_links":{"self":[{"href":"https:\/\/kihlberg.com\/sv\/wp-json\/wp\/v2\/product\/30065","targetHints":{"allow":["GET"]}}],"collection":[{"href":"https:\/\/kihlberg.com\/sv\/wp-json\/wp\/v2\/product"}],"about":[{"href":"https:\/\/kihlberg.com\/sv\/wp-json\/wp\/v2\/types\/product"}],"wp:featuredmedia":[{"embeddable":true,"href":"https:\/\/kihlberg.com\/sv\/wp-json\/wp\/v2\/media\/30050"}],"wp:attachment":[{"href":"https:\/\/kihlberg.com\/sv\/wp-json\/wp\/v2\/media?parent=30065"}],"wp:term":[{"taxonomy":"product_brand","embeddable":true,"href":"https:\/\/kihlberg.com\/sv\/wp-json\/wp\/v2\/product_brand?post=30065"},{"taxonomy":"product_cat","embeddable":true,"href":"https:\/\/kihlberg.com\/sv\/wp-json\/wp\/v2\/product_cat?post=30065"}],"curies":[{"name":"wp","href":"https:\/\/api.w.org\/{rel}","templated":true}]}}