{"id":30072,"date":"2018-09-21T10:31:48","date_gmt":"2018-10-24T06:40:30","guid":{"rendered":"https:\/\/kihlberg.com\/product\/120564\/"},"modified":"2019-09-07T04:54:05","modified_gmt":"2019-09-07T04:54:05","slug":"120564","status":"publish","type":"product","link":"https:\/\/kihlberg.com\/sv\/verktyg\/forpackning\/120564\/","title":{"rendered":"Bottenh\u00e4ftare B53PN"},"content":{"rendered":"","protected":false},"excerpt":{"rendered":"<p>Om du vill uppn\u00e5 en av de starkaste och s\u00e4kraste f\u00f6rslutningar av kartonger s\u00e5 \u00e4r v\u00e5r svensktillverkade bottenh\u00e4ftare B53PN ett sj\u00e4lvklart val. Den \u00e4r rymlig, ergonomisk och har en stor laddningskapacitet. Med JK53 klammer, j\u00e4mf\u00f6rt med JK560 och JK561, f\u00e5r du en mindre synlig klamring. Detta proffsverktyg \u00e4r l\u00e4mpat f\u00f6r kontinuerlig anv\u00e4ndning p\u00e5 packningsavdelningar och i industrin.<\/p>\n","protected":false},"featured_media":9962,"template":"","meta":{"_acf_changed":false,"_genesis_hide_title":false,"_genesis_hide_breadcrumbs":false,"_genesis_hide_singular_image":false,"_genesis_hide_footer_widgets":false,"_genesis_custom_body_class":"","_genesis_custom_post_class":"","_genesis_layout":""},"product_brand":[],"product_cat":[384,420,402,148],"class_list":{"0":"post-30072","1":"product","2":"type-product","3":"status-publish","4":"has-post-thumbnail","6":"product_cat-bottenhaftning","7":"product_cat-forpackning","8":"product_cat-transportforpackningar","9":"product_cat-verktyg","10":"pa_free-anvil-height-1000-sv-3","11":"pa_leg-length-920-sv-2","12":"pa_lubrication-nej","13":"pa_magazine-capacity-312-sv-2","14":"pa_max-pressure-7-sv-4","15":"pa_staple-leg-length-9-15-mm-3-8-5-8-in-sv-2","16":"pa_throat-depth-95-sv-3","17":"entry","19":"first","20":"instock","21":"taxable","22":"shipping-taxable","23":"purchasable","24":"product-type-simple"},"acf":[],"yoast_head":"<!-- This site is optimized with the Yoast SEO plugin v26.1.1 - https:\/\/yoast.com\/wordpress\/plugins\/seo\/ -->\n<title>Bottenh\u00e4ftare B53PN<\/title>\n<meta name=\"description\" content=\"B53PN is a Swedish manufactured pneumatic bottom stapler of the highest quality. It is spacious, ergonomic with excellent loading capacity. Discover more!\" \/>\n<meta name=\"robots\" content=\"index, follow, max-snippet:-1, max-image-preview:large, max-video-preview:-1\" \/>\n<link rel=\"canonical\" href=\"https:\/\/kihlberg.com\/sv\/verktyg\/forpackning\/120564\/\" \/>\n<meta property=\"og:locale\" content=\"sv_SE\" \/>\n<meta property=\"og:type\" content=\"article\" \/>\n<meta property=\"og:title\" content=\"Bottenh\u00e4ftare B53PN\" \/>\n<meta property=\"og:description\" content=\"B53PN is a Swedish manufactured pneumatic bottom stapler of the highest quality. It is spacious, ergonomic with excellent loading capacity. Discover more!\" \/>\n<meta property=\"og:url\" content=\"https:\/\/kihlberg.com\/sv\/verktyg\/forpackning\/120564\/\" \/>\n<meta property=\"og:site_name\" content=\"Josef kihlberg\" \/>\n<meta property=\"article:modified_time\" content=\"2019-09-07T04:54:05+00:00\" \/>\n<meta property=\"og:image\" content=\"https:\/\/kihlberg.com\/wp-content\/uploads\/2018\/08\/120564.png\" \/>\n\t<meta property=\"og:image:width\" content=\"720\" \/>\n\t<meta property=\"og:image:height\" content=\"720\" \/>\n\t<meta property=\"og:image:type\" content=\"image\/png\" \/>\n<meta name=\"twitter:card\" content=\"summary_large_image\" \/>\n<meta name=\"twitter:label1\" content=\"Pris\" \/>\n\t<meta name=\"twitter:data1\" content=\"&euro;1 853\" \/>\n\t<meta name=\"twitter:label2\" content=\"Tillg\u00e4nglig\" \/>\n\t<meta name=\"twitter:data2\" content=\"I lager\" \/>\n<script type=\"application\/ld+json\" class=\"yoast-schema-graph\">{\"@context\":\"https:\/\/schema.org\",\"@graph\":[{\"@type\":\"WebPage\",\"@id\":\"https:\/\/kihlberg.com\/sv\/verktyg\/forpackning\/120564\/\",\"url\":\"https:\/\/kihlberg.com\/sv\/verktyg\/forpackning\/120564\/\",\"name\":\"Bottenh\u00e4ftare B53PN\",\"isPartOf\":{\"@id\":\"https:\/\/kihlberg.com\/sv\/#website\"},\"primaryImageOfPage\":{\"@id\":\"https:\/\/kihlberg.com\/sv\/verktyg\/forpackning\/120564\/#primaryimage\"},\"image\":{\"@id\":\"https:\/\/kihlberg.com\/sv\/verktyg\/forpackning\/120564\/#primaryimage\"},\"thumbnailUrl\":\"https:\/\/kihlberg.com\/wp-content\/uploads\/2018\/08\/120564.png\",\"datePublished\":\"2018-10-24T06:40:30+00:00\",\"dateModified\":\"2019-09-07T04:54:05+00:00\",\"description\":\"B53PN is a Swedish manufactured pneumatic bottom stapler of the highest quality. It is spacious, ergonomic with excellent loading capacity. Discover more!\",\"breadcrumb\":{\"@id\":\"https:\/\/kihlberg.com\/sv\/verktyg\/forpackning\/120564\/#breadcrumb\"},\"inLanguage\":\"sv-SE\",\"potentialAction\":[{\"@type\":\"ReadAction\",\"target\":[\"https:\/\/kihlberg.com\/sv\/verktyg\/forpackning\/120564\/\"]}]},{\"@type\":\"ImageObject\",\"inLanguage\":\"sv-SE\",\"@id\":\"https:\/\/kihlberg.com\/sv\/verktyg\/forpackning\/120564\/#primaryimage\",\"url\":\"https:\/\/kihlberg.com\/wp-content\/uploads\/2018\/08\/120564.png\",\"contentUrl\":\"https:\/\/kihlberg.com\/wp-content\/uploads\/2018\/08\/120564.png\",\"width\":720,\"height\":720},{\"@type\":\"BreadcrumbList\",\"@id\":\"https:\/\/kihlberg.com\/sv\/verktyg\/forpackning\/120564\/#breadcrumb\",\"itemListElement\":[{\"@type\":\"ListItem\",\"position\":1,\"name\":\"Home\",\"item\":\"https:\/\/kihlberg.com\/sv\/\"},{\"@type\":\"ListItem\",\"position\":2,\"name\":\"Shop\",\"item\":\"https:\/\/kihlberg.com\/shop\/\"},{\"@type\":\"ListItem\",\"position\":3,\"name\":\"Verktyg\",\"item\":\"https:\/\/kihlberg.com\/sv\/verktyg\/\"},{\"@type\":\"ListItem\",\"position\":4,\"name\":\"applikation\",\"item\":\"https:\/\/kihlberg.com\/sv\/verktyg\/applikation\/\"},{\"@type\":\"ListItem\",\"position\":5,\"name\":\"Bottenh\u00e4ftning\",\"item\":\"https:\/\/kihlberg.com\/sv\/verktyg\/applikation\/bottenhaftning\/\"},{\"@type\":\"ListItem\",\"position\":6,\"name\":\"Bottenh\u00e4ftare B53PN\"}]},{\"@type\":\"WebSite\",\"@id\":\"https:\/\/kihlberg.com\/sv\/#website\",\"url\":\"https:\/\/kihlberg.com\/sv\/\",\"name\":\"Josef kihlberg\",\"description\":\"Made in Sweden. System manufacturer of premium staples &amp; tools that sets the standard. Legendary.\",\"publisher\":{\"@id\":\"https:\/\/kihlberg.com\/sv\/#organization\"},\"potentialAction\":[{\"@type\":\"SearchAction\",\"target\":{\"@type\":\"EntryPoint\",\"urlTemplate\":\"https:\/\/kihlberg.com\/sv\/?s={search_term_string}\"},\"query-input\":{\"@type\":\"PropertyValueSpecification\",\"valueRequired\":true,\"valueName\":\"search_term_string\"}}],\"inLanguage\":\"sv-SE\"},{\"@type\":\"Organization\",\"@id\":\"https:\/\/kihlberg.com\/sv\/#organization\",\"name\":\"Josef Kihlberg\",\"url\":\"https:\/\/kihlberg.com\/sv\/\",\"logo\":{\"@type\":\"ImageObject\",\"inLanguage\":\"sv-SE\",\"@id\":\"https:\/\/kihlberg.com\/sv\/#\/schema\/logo\/image\/\",\"url\":\"https:\/\/kihlberg.com\/wp-content\/uploads\/2019\/01\/logo.jpg\",\"contentUrl\":\"https:\/\/kihlberg.com\/wp-content\/uploads\/2019\/01\/logo.jpg\",\"width\":850,\"height\":850,\"caption\":\"Josef Kihlberg\"},\"image\":{\"@id\":\"https:\/\/kihlberg.com\/sv\/#\/schema\/logo\/image\/\"}}]}<\/script>\n<meta property=\"product:price:amount\" content=\"1853\" \/>\n<meta property=\"product:price:currency\" content=\"EUR\" \/>\n<meta property=\"og:availability\" content=\"instock\" \/>\n<meta property=\"product:availability\" content=\"instock\" \/>\n<meta property=\"product:retailer_item_id\" content=\"120564\" \/>\n<meta property=\"product:condition\" content=\"new\" \/>\n<!-- \/ Yoast SEO plugin. -->","yoast_head_json":{"title":"Bottenh\u00e4ftare B53PN","description":"B53PN is a Swedish manufactured pneumatic bottom stapler of the highest quality. It is spacious, ergonomic with excellent loading capacity. Discover more!","robots":{"index":"index","follow":"follow","max-snippet":"max-snippet:-1","max-image-preview":"max-image-preview:large","max-video-preview":"max-video-preview:-1"},"canonical":"https:\/\/kihlberg.com\/sv\/verktyg\/forpackning\/120564\/","og_locale":"sv_SE","og_type":"article","og_title":"Bottenh\u00e4ftare B53PN","og_description":"B53PN is a Swedish manufactured pneumatic bottom stapler of the highest quality. It is spacious, ergonomic with excellent loading capacity. Discover more!","og_url":"https:\/\/kihlberg.com\/sv\/verktyg\/forpackning\/120564\/","og_site_name":"Josef kihlberg","article_modified_time":"2019-09-07T04:54:05+00:00","og_image":[{"width":720,"height":720,"url":"https:\/\/kihlberg.com\/wp-content\/uploads\/2018\/08\/120564.png","type":"image\/png"}],"twitter_card":"summary_large_image","twitter_misc":{"Pris":"&euro;1 853","Tillg\u00e4nglig":"I lager"},"schema":{"@context":"https:\/\/schema.org","@graph":[{"@type":"WebPage","@id":"https:\/\/kihlberg.com\/sv\/verktyg\/forpackning\/120564\/","url":"https:\/\/kihlberg.com\/sv\/verktyg\/forpackning\/120564\/","name":"Bottenh\u00e4ftare B53PN","isPartOf":{"@id":"https:\/\/kihlberg.com\/sv\/#website"},"primaryImageOfPage":{"@id":"https:\/\/kihlberg.com\/sv\/verktyg\/forpackning\/120564\/#primaryimage"},"image":{"@id":"https:\/\/kihlberg.com\/sv\/verktyg\/forpackning\/120564\/#primaryimage"},"thumbnailUrl":"https:\/\/kihlberg.com\/wp-content\/uploads\/2018\/08\/120564.png","datePublished":"2018-10-24T06:40:30+00:00","dateModified":"2019-09-07T04:54:05+00:00","description":"B53PN is a Swedish manufactured pneumatic bottom stapler of the highest quality. It is spacious, ergonomic with excellent loading capacity. Discover more!","breadcrumb":{"@id":"https:\/\/kihlberg.com\/sv\/verktyg\/forpackning\/120564\/#breadcrumb"},"inLanguage":"sv-SE","potentialAction":[{"@type":"ReadAction","target":["https:\/\/kihlberg.com\/sv\/verktyg\/forpackning\/120564\/"]}]},{"@type":"ImageObject","inLanguage":"sv-SE","@id":"https:\/\/kihlberg.com\/sv\/verktyg\/forpackning\/120564\/#primaryimage","url":"https:\/\/kihlberg.com\/wp-content\/uploads\/2018\/08\/120564.png","contentUrl":"https:\/\/kihlberg.com\/wp-content\/uploads\/2018\/08\/120564.png","width":720,"height":720},{"@type":"BreadcrumbList","@id":"https:\/\/kihlberg.com\/sv\/verktyg\/forpackning\/120564\/#breadcrumb","itemListElement":[{"@type":"ListItem","position":1,"name":"Home","item":"https:\/\/kihlberg.com\/sv\/"},{"@type":"ListItem","position":2,"name":"Shop","item":"https:\/\/kihlberg.com\/shop\/"},{"@type":"ListItem","position":3,"name":"Verktyg","item":"https:\/\/kihlberg.com\/sv\/verktyg\/"},{"@type":"ListItem","position":4,"name":"applikation","item":"https:\/\/kihlberg.com\/sv\/verktyg\/applikation\/"},{"@type":"ListItem","position":5,"name":"Bottenh\u00e4ftning","item":"https:\/\/kihlberg.com\/sv\/verktyg\/applikation\/bottenhaftning\/"},{"@type":"ListItem","position":6,"name":"Bottenh\u00e4ftare B53PN"}]},{"@type":"WebSite","@id":"https:\/\/kihlberg.com\/sv\/#website","url":"https:\/\/kihlberg.com\/sv\/","name":"Josef kihlberg","description":"Made in Sweden. System manufacturer of premium staples &amp; tools that sets the standard. Legendary.","publisher":{"@id":"https:\/\/kihlberg.com\/sv\/#organization"},"potentialAction":[{"@type":"SearchAction","target":{"@type":"EntryPoint","urlTemplate":"https:\/\/kihlberg.com\/sv\/?s={search_term_string}"},"query-input":{"@type":"PropertyValueSpecification","valueRequired":true,"valueName":"search_term_string"}}],"inLanguage":"sv-SE"},{"@type":"Organization","@id":"https:\/\/kihlberg.com\/sv\/#organization","name":"Josef Kihlberg","url":"https:\/\/kihlberg.com\/sv\/","logo":{"@type":"ImageObject","inLanguage":"sv-SE","@id":"https:\/\/kihlberg.com\/sv\/#\/schema\/logo\/image\/","url":"https:\/\/kihlberg.com\/wp-content\/uploads\/2019\/01\/logo.jpg","contentUrl":"https:\/\/kihlberg.com\/wp-content\/uploads\/2019\/01\/logo.jpg","width":850,"height":850,"caption":"Josef Kihlberg"},"image":{"@id":"https:\/\/kihlberg.com\/sv\/#\/schema\/logo\/image\/"}}]},"product_price_amount":"1853","product_price_currency":"EUR","og_availability":"instock","product_availability":"instock","product_retailer_item_id":"120564","product_condition":"new"},"_links":{"self":[{"href":"https:\/\/kihlberg.com\/sv\/wp-json\/wp\/v2\/product\/30072","targetHints":{"allow":["GET"]}}],"collection":[{"href":"https:\/\/kihlberg.com\/sv\/wp-json\/wp\/v2\/product"}],"about":[{"href":"https:\/\/kihlberg.com\/sv\/wp-json\/wp\/v2\/types\/product"}],"wp:featuredmedia":[{"embeddable":true,"href":"https:\/\/kihlberg.com\/sv\/wp-json\/wp\/v2\/media\/9962"}],"wp:attachment":[{"href":"https:\/\/kihlberg.com\/sv\/wp-json\/wp\/v2\/media?parent=30072"}],"wp:term":[{"taxonomy":"product_brand","embeddable":true,"href":"https:\/\/kihlberg.com\/sv\/wp-json\/wp\/v2\/product_brand?post=30072"},{"taxonomy":"product_cat","embeddable":true,"href":"https:\/\/kihlberg.com\/sv\/wp-json\/wp\/v2\/product_cat?post=30072"}],"curies":[{"name":"wp","href":"https:\/\/api.w.org\/{rel}","templated":true}]}}